{"id":173,"date":"2015-10-20T14:53:21","date_gmt":"2015-10-20T14:53:21","guid":{"rendered":"http:\/\/ailettes-et-carbus.fr\/V2\/?page_id=173"},"modified":"2025-01-22T17:35:51","modified_gmt":"2025-01-22T16:35:51","slug":"mentions-legales","status":"publish","type":"page","link":"https:\/\/les-routes-buissonnieres.fr\/boutik\/mentions-legales\/","title":{"rendered":"mentions l\u00e9gales"},"content":{"rendered":"<h4><strong><em>Mentions l\u00e9gales<\/em><\/strong><\/h4>\n<p>SARL\u00a0Ailettes &amp; Carbus<br \/>\n29300 Baye<br \/>\nsiret : 53377223200021<br \/>\nAPE : 4531Z<br \/>\nLes sites https:\/\/les-routes-buissonnieres.fr\/boutik sont la propri\u00e9t\u00e9 exclusive d\u2019Ailettes &amp; Carbus SARL.<br \/>\nToute reproduction, m\u00eame partielle est interdite sans l\u2019autorisation d\u2019Ailettes &amp; Carbus.<br \/>\n06 03 06 32 23<\/p>\n<h4>Responsable de publication :<\/h4>\n<p>A. Brodelle &#8211; A. Bourgeot &#8211; S. Clerici<\/p>\n<h4><em><strong>H\u00e9bergement :<\/strong><\/em><\/h4>\n<p><strong>OVH<\/strong><\/p>\n<p>SAS au capital de 10\u00a0059\u00a0500\u00a0\u20ac<br \/>\nRCS Lille M\u00e9tropole 424 761 419 00045<br \/>\nCode APE 6202A<br \/>\nN\u00b0 TVA : FR 22 424 761 419<br \/>\nSi\u00e8ge social : 2 rue Kellermann &#8211; 59100 Roubaix &#8211; France.<br \/>\nDirecteur de la publication : Octave KLABA<\/p>\n<h4>D\u00e9veloppement :<\/h4>\n<p><a href=\"http:\/\/webekom.fr\">WEBEKOM<\/a> &#8211; communication, web &amp; conseil<br \/>\n<em>Cr\u00e9ation de sites internet et boutique en ligne\u00a0<\/em><br \/>\n<em>Conseil en communication num\u00e9rique et digitalisation des entreprises<br \/>\n<\/em><a href=\"phone:+33660640950\">0660640950<\/a><\/p>\n<p>&nbsp;<\/p>\n<h4><em><strong>Droits d\u2019images<\/strong><\/em><\/h4>\n<p>&nbsp;<\/p>\n<p>\u00a9 Toutes les images et illustrations de ce site sont la propri\u00e9t\u00e9 exclusive de la SARL Ailettes &amp; Carbus<\/p>\n<hr \/>\n<h4><em><strong>Cookies <\/strong><\/em><\/h4>\n<p>Nous souhaitons implanter un cookie dans votre ordinateur. Un cookie ne nous permet pas de vous identifier; en revanche, il enregistre des informations relatives \u00e0 la navigation de votre ordinateur sur notre site (les pages que vous avez consult\u00e9es, la date et l\u2019heure de la consultation, etc.) que nous pourrons lire lors de vos visites ult\u00e9rieures. La dur\u00e9e de conservation de ces informations dans votre ordinateur n\u2019exc\u00e8de pas un an.<br \/>\nNous vous informons que vous pouvez vous opposer \u00e0 l\u2019enregistrement de \u00ab\u00a0cookies\u00a0\u00bb en param\u00e9trant votre navigateur.<\/p>\n<hr \/>\n<h4>Donn\u00e9es nominatives :<\/h4>\n<p>En application de la Loi n\u00b0 78-17 du 6 janvier 1978 relative \u00e0 l\u2019Informatique, aux Fichiers et aux Libert\u00e9s, vous disposez des droits d\u2019opposition (art. 26 de la loi), d\u2019acc\u00e8s (art.34 \u00e0 38 de la loi) et de rectification (art. 36 de la loi) des donn\u00e9es vous concernant. Ainsi, vous pouvez nous contacter pour que soient rectifi\u00e9es, compl\u00e9t\u00e9es, mises \u00e0 jour ou effac\u00e9es les informations vous concernant qui sont inexactes, incompl\u00e8tes, \u00e9quivoques, p\u00e9rim\u00e9es ou dont la collecte ou l\u2019utilisation, la communication ou la conservation est interdite. Les informations qui vous concernent sont uniquement destin\u00e9es \u00e0 Ailettes-et-carbus. Nous ne transmettons ces informations \u00e0 aucun tiers (partenaires commerciaux, etc).<\/p>\n","protected":false},"excerpt":{"rendered":"<p>Mentions l\u00e9gales SARL\u00a0Ailettes &amp; Carbus 29300 Baye siret : 53377223200021 APE : 4531Z Les sites https:\/\/les-routes-buissonnieres.fr\/boutik sont la propri\u00e9t\u00e9 exclusive d\u2019Ailettes &amp; Carbus SARL. Toute reproduction, m\u00eame partielle est interdite sans l\u2019autorisation d\u2019Ailettes &amp; Carbus. 06 03 06 32 23 &hellip; <a class=\"kt-excerpt-readmore\" href=\"https:\/\/les-routes-buissonnieres.fr\/boutik\/mentions-legales\/\" aria-label=\"mentions l\u00e9gales\">Lire la suite<\/a><\/p>\n","protected":false},"author":1,"featured_media":0,"parent":0,"menu_order":0,"comment_status":"closed","ping_status":"closed","template":"page-fullwidth.php","meta":{"footnotes":""},"folder":[],"class_list":["post-173","page","type-page","status-publish","hentry"],"yoast_head":"<!-- This site is optimized with the Yoast SEO plugin v27.4 - https:\/\/yoast.com\/product\/yoast-seo-wordpress\/ -->\n<title>Ailettes &amp; Carbus : mentions l\u00e9gales<\/title>\n<meta name=\"description\" content=\"SARL Ailettes &amp; Carbus Cleun Nizon siret : 53377223200021 | APE : 4531Z ZA de Kergazuel 29930 Pont-Aven\" \/>\n<meta name=\"robots\" content=\"index, follow, max-snippet:-1, max-image-preview:large, max-video-preview:-1\" \/>\n<link rel=\"canonical\" href=\"https:\/\/les-routes-buissonnieres.fr\/boutik\/mentions-legales\/\" \/>\n<meta property=\"og:locale\" content=\"fr_FR\" \/>\n<meta property=\"og:type\" content=\"article\" \/>\n<meta property=\"og:title\" content=\"Ailettes &amp; Carbus : mentions l\u00e9gales\" \/>\n<meta property=\"og:description\" content=\"SARL Ailettes &amp; Carbus Cleun Nizon siret : 53377223200021 | APE : 4531Z ZA de Kergazuel 29930 Pont-Aven\" \/>\n<meta property=\"og:url\" content=\"https:\/\/les-routes-buissonnieres.fr\/boutik\/mentions-legales\/\" \/>\n<meta property=\"og:site_name\" content=\"La boutique LRB\" \/>\n<meta property=\"article:modified_time\" content=\"2025-01-22T16:35:51+00:00\" \/>\n<meta name=\"twitter:card\" content=\"summary_large_image\" \/>\n<meta name=\"twitter:label1\" content=\"Dur\u00e9e de lecture estim\u00e9e\" \/>\n\t<meta name=\"twitter:data1\" content=\"2 minutes\" \/>\n<script type=\"application\/ld+json\" class=\"yoast-schema-graph\">{\"@context\":\"https:\\\/\\\/schema.org\",\"@graph\":[{\"@type\":\"WebPage\",\"@id\":\"https:\\\/\\\/les-routes-buissonnieres.fr\\\/boutik\\\/mentions-legales\\\/\",\"url\":\"https:\\\/\\\/les-routes-buissonnieres.fr\\\/boutik\\\/mentions-legales\\\/\",\"name\":\"Ailettes & Carbus : mentions l\u00e9gales\",\"isPartOf\":{\"@id\":\"https:\\\/\\\/les-routes-buissonnieres.fr\\\/boutik\\\/#website\"},\"datePublished\":\"2015-10-20T14:53:21+00:00\",\"dateModified\":\"2025-01-22T16:35:51+00:00\",\"description\":\"SARL Ailettes & Carbus Cleun Nizon siret : 53377223200021 | APE : 4531Z ZA de Kergazuel 29930 Pont-Aven\",\"breadcrumb\":{\"@id\":\"https:\\\/\\\/les-routes-buissonnieres.fr\\\/boutik\\\/mentions-legales\\\/#breadcrumb\"},\"inLanguage\":\"fr-FR\",\"potentialAction\":[{\"@type\":\"ReadAction\",\"target\":[\"https:\\\/\\\/les-routes-buissonnieres.fr\\\/boutik\\\/mentions-legales\\\/\"]}]},{\"@type\":\"BreadcrumbList\",\"@id\":\"https:\\\/\\\/les-routes-buissonnieres.fr\\\/boutik\\\/mentions-legales\\\/#breadcrumb\",\"itemListElement\":[{\"@type\":\"ListItem\",\"position\":1,\"name\":\"Accueil\",\"item\":\"https:\\\/\\\/les-routes-buissonnieres.fr\\\/boutik\\\/\"},{\"@type\":\"ListItem\",\"position\":2,\"name\":\"mentions l\u00e9gales\"}]},{\"@type\":\"WebSite\",\"@id\":\"https:\\\/\\\/les-routes-buissonnieres.fr\\\/boutik\\\/#website\",\"url\":\"https:\\\/\\\/les-routes-buissonnieres.fr\\\/boutik\\\/\",\"name\":\"La boutique LRB\",\"description\":\"Pi\u00e8ces d\u00e9tach\u00e9es Citro\u00ebn - VW refroidies par air\",\"publisher\":{\"@id\":\"https:\\\/\\\/les-routes-buissonnieres.fr\\\/boutik\\\/#organization\"},\"potentialAction\":[{\"@type\":\"SearchAction\",\"target\":{\"@type\":\"EntryPoint\",\"urlTemplate\":\"https:\\\/\\\/les-routes-buissonnieres.fr\\\/boutik\\\/?s={search_term_string}\"},\"query-input\":{\"@type\":\"PropertyValueSpecification\",\"valueRequired\":true,\"valueName\":\"search_term_string\"}}],\"inLanguage\":\"fr-FR\"},{\"@type\":\"Organization\",\"@id\":\"https:\\\/\\\/les-routes-buissonnieres.fr\\\/boutik\\\/#organization\",\"name\":\"La boutique LRB\",\"url\":\"https:\\\/\\\/les-routes-buissonnieres.fr\\\/boutik\\\/\",\"logo\":{\"@type\":\"ImageObject\",\"inLanguage\":\"fr-FR\",\"@id\":\"https:\\\/\\\/les-routes-buissonnieres.fr\\\/boutik\\\/#\\\/schema\\\/logo\\\/image\\\/\",\"url\":\"https:\\\/\\\/les-routes-buissonnieres.fr\\\/boutik\\\/wp-content\\\/uploads\\\/2023\\\/11\\\/cropped-logo-a-et-c-2023-orange.png\",\"contentUrl\":\"https:\\\/\\\/les-routes-buissonnieres.fr\\\/boutik\\\/wp-content\\\/uploads\\\/2023\\\/11\\\/cropped-logo-a-et-c-2023-orange.png\",\"width\":300,\"height\":176,\"caption\":\"La boutique LRB\"},\"image\":{\"@id\":\"https:\\\/\\\/les-routes-buissonnieres.fr\\\/boutik\\\/#\\\/schema\\\/logo\\\/image\\\/\"}}]}<\/script>\n<!-- \/ Yoast SEO plugin. -->","yoast_head_json":{"title":"Ailettes & Carbus : mentions l\u00e9gales","description":"SARL Ailettes & Carbus Cleun Nizon siret : 53377223200021 | APE : 4531Z ZA de Kergazuel 29930 Pont-Aven","robots":{"index":"index","follow":"follow","max-snippet":"max-snippet:-1","max-image-preview":"max-image-preview:large","max-video-preview":"max-video-preview:-1"},"canonical":"https:\/\/les-routes-buissonnieres.fr\/boutik\/mentions-legales\/","og_locale":"fr_FR","og_type":"article","og_title":"Ailettes & Carbus : mentions l\u00e9gales","og_description":"SARL Ailettes & Carbus Cleun Nizon siret : 53377223200021 | APE : 4531Z ZA de Kergazuel 29930 Pont-Aven","og_url":"https:\/\/les-routes-buissonnieres.fr\/boutik\/mentions-legales\/","og_site_name":"La boutique LRB","article_modified_time":"2025-01-22T16:35:51+00:00","twitter_card":"summary_large_image","twitter_misc":{"Dur\u00e9e de lecture estim\u00e9e":"2 minutes"},"schema":{"@context":"https:\/\/schema.org","@graph":[{"@type":"WebPage","@id":"https:\/\/les-routes-buissonnieres.fr\/boutik\/mentions-legales\/","url":"https:\/\/les-routes-buissonnieres.fr\/boutik\/mentions-legales\/","name":"Ailettes & Carbus : mentions l\u00e9gales","isPartOf":{"@id":"https:\/\/les-routes-buissonnieres.fr\/boutik\/#website"},"datePublished":"2015-10-20T14:53:21+00:00","dateModified":"2025-01-22T16:35:51+00:00","description":"SARL Ailettes & Carbus Cleun Nizon siret : 53377223200021 | APE : 4531Z ZA de Kergazuel 29930 Pont-Aven","breadcrumb":{"@id":"https:\/\/les-routes-buissonnieres.fr\/boutik\/mentions-legales\/#breadcrumb"},"inLanguage":"fr-FR","potentialAction":[{"@type":"ReadAction","target":["https:\/\/les-routes-buissonnieres.fr\/boutik\/mentions-legales\/"]}]},{"@type":"BreadcrumbList","@id":"https:\/\/les-routes-buissonnieres.fr\/boutik\/mentions-legales\/#breadcrumb","itemListElement":[{"@type":"ListItem","position":1,"name":"Accueil","item":"https:\/\/les-routes-buissonnieres.fr\/boutik\/"},{"@type":"ListItem","position":2,"name":"mentions l\u00e9gales"}]},{"@type":"WebSite","@id":"https:\/\/les-routes-buissonnieres.fr\/boutik\/#website","url":"https:\/\/les-routes-buissonnieres.fr\/boutik\/","name":"La boutique LRB","description":"Pi\u00e8ces d\u00e9tach\u00e9es Citro\u00ebn - VW refroidies par air","publisher":{"@id":"https:\/\/les-routes-buissonnieres.fr\/boutik\/#organization"},"potentialAction":[{"@type":"SearchAction","target":{"@type":"EntryPoint","urlTemplate":"https:\/\/les-routes-buissonnieres.fr\/boutik\/?s={search_term_string}"},"query-input":{"@type":"PropertyValueSpecification","valueRequired":true,"valueName":"search_term_string"}}],"inLanguage":"fr-FR"},{"@type":"Organization","@id":"https:\/\/les-routes-buissonnieres.fr\/boutik\/#organization","name":"La boutique LRB","url":"https:\/\/les-routes-buissonnieres.fr\/boutik\/","logo":{"@type":"ImageObject","inLanguage":"fr-FR","@id":"https:\/\/les-routes-buissonnieres.fr\/boutik\/#\/schema\/logo\/image\/","url":"https:\/\/les-routes-buissonnieres.fr\/boutik\/wp-content\/uploads\/2023\/11\/cropped-logo-a-et-c-2023-orange.png","contentUrl":"https:\/\/les-routes-buissonnieres.fr\/boutik\/wp-content\/uploads\/2023\/11\/cropped-logo-a-et-c-2023-orange.png","width":300,"height":176,"caption":"La boutique LRB"},"image":{"@id":"https:\/\/les-routes-buissonnieres.fr\/boutik\/#\/schema\/logo\/image\/"}}]}},"_links":{"self":[{"href":"https:\/\/les-routes-buissonnieres.fr\/boutik\/wp-json\/wp\/v2\/pages\/173","targetHints":{"allow":["GET"]}}],"collection":[{"href":"https:\/\/les-routes-buissonnieres.fr\/boutik\/wp-json\/wp\/v2\/pages"}],"about":[{"href":"https:\/\/les-routes-buissonnieres.fr\/boutik\/wp-json\/wp\/v2\/types\/page"}],"author":[{"embeddable":true,"href":"https:\/\/les-routes-buissonnieres.fr\/boutik\/wp-json\/wp\/v2\/users\/1"}],"replies":[{"embeddable":true,"href":"https:\/\/les-routes-buissonnieres.fr\/boutik\/wp-json\/wp\/v2\/comments?post=173"}],"version-history":[{"count":3,"href":"https:\/\/les-routes-buissonnieres.fr\/boutik\/wp-json\/wp\/v2\/pages\/173\/revisions"}],"predecessor-version":[{"id":65012,"href":"https:\/\/les-routes-buissonnieres.fr\/boutik\/wp-json\/wp\/v2\/pages\/173\/revisions\/65012"}],"wp:attachment":[{"href":"https:\/\/les-routes-buissonnieres.fr\/boutik\/wp-json\/wp\/v2\/media?parent=173"}],"wp:term":[{"taxonomy":"folder","embeddable":true,"href":"https:\/\/les-routes-buissonnieres.fr\/boutik\/wp-json\/wp\/v2\/folder?post=173"}],"curies":[{"name":"wp","href":"https:\/\/api.w.org\/{rel}","templated":true}]}}