{"id":4239,"date":"2016-01-21T11:05:27","date_gmt":"2016-01-21T10:05:27","guid":{"rendered":"http:\/\/ailettes-et-carbus.fr\/?page_id=4239"},"modified":"2019-11-26T14:28:38","modified_gmt":"2019-11-26T13:28:38","slug":"cgv-conditions-generales-de-vente","status":"publish","type":"page","link":"https:\/\/les-routes-buissonnieres.fr\/boutik\/cgv-conditions-generales-de-vente\/","title":{"rendered":"CGV &#8211; Conditions g\u00e9n\u00e9rales de vente"},"content":{"rendered":"<p>&nbsp;<\/p>\n<h2 style=\"margin-bottom: 0.0001pt;\"><strong><i><span style=\"font-size: 8.5pt; font-family: Verdana, sans-serif;\">Conditions g\u00e9n\u00e9rales de vente applicables aux particuliers sur le site ailettes-et-carbus.fr \u00e0 compter du 25 juillet 2011<\/span><\/i><\/strong><\/h2>\n<p style=\"margin-bottom: 0.0001pt;\"><strong><span style=\"font-size: 8.5pt; font-family: Verdana, sans-serif;\">Pr\u00e9ambule<\/span><\/strong><span style=\"font-size: 8.5pt; font-family: Verdana, sans-serif;\"><br \/>\nLes pr\u00e9sentes conditions de vente visent \u00e0 d\u00e9finir les conditions applicables \u00e0 tout achat effectu\u00e9 par le biais du site marchand www.ailettes-et-carbus.fr, et les relations contractuelles entre la soci\u00e9t\u00e9 Ailettes &amp; Carbus, et toute personne physique ou morale, professionnel ou consommateur souhaitant proc\u00e9der \u00e0 un achat via ledit site.<\/span><\/p>\n<p style=\"margin-bottom: 0.0001pt;\"><span style=\"font-size: 8.5pt; font-family: Verdana, sans-serif;\">Ailettes &amp; Carbus se r\u00e9serve le droit de modifier ses Conditions g\u00e9n\u00e9rales de vente \u00e0 tout moment et sans pr\u00e9avis, les modifications \u00e9tant alors applicables \u00e0 toute commande post\u00e9rieure.<\/span><\/p>\n<p style=\"margin-bottom: 0.0001pt;\"><strong><span style=\"font-size: 8.5pt; font-family: Verdana, sans-serif;\">1. Caract\u00e9ristiques des produits propos\u00e9s<\/span><\/strong><\/p>\n<p style=\"margin-bottom: 0.0001pt;\"><span style=\"font-size: 8.5pt; font-family: Verdana, sans-serif;\">Les produits et services offerts sont ceux publi\u00e9s sur le site www.ailettes-et-carbus.fr, ils le sont dans la limite des stocks disponibles. Les photographies sont les plus fid\u00e8les possibles, mais ne peuvent assurer une similitude parfaite, notamment en ce qui concerne les couleurs.<\/span><\/p>\n<p style=\"margin-bottom: 0.0001pt;\"><strong><span style=\"font-size: 8.5pt; font-family: Verdana, sans-serif;\">2. Limite de responsabilit\u00e9 &#8211; Homologation<\/span><\/strong><\/p>\n<p style=\"margin-bottom: 0.0001pt;\"><span style=\"font-size: 8.5pt; font-family: Verdana, sans-serif;\">Ailettes &amp; Carbus ne saurait \u00eatre tenue pour responsable de la non-ex\u00e9cution du contrat de vente en cas de force majeure, en cas de faute du client ou du fait impr\u00e9visible et insurmontable d&rsquo;un tiers au contrat.<br \/>\nDe plus, dans le processus de vente en ligne, elle n&rsquo;est tenue que par une obligation de moyens ; sa responsabilit\u00e9 ne pourra \u00eatre engag\u00e9e pour un dommage r\u00e9sultant de l&rsquo;utilisation du r\u00e9seau Internet tel que perte de donn\u00e9es, intrusion, virus, rupture du service, ou autres probl\u00e8mes involontaires. Elle ne saurait non plus \u00eatre tenue pour responsable des cons\u00e9quences r\u00e9sultant de la mauvaise utilisation de ses produits ou d&rsquo;un mauvais montage, quelles que soient ces cons\u00e9quences. Dans certains cas, le produit vendu peut ne pas \u00eatre homologu\u00e9 pour une utilisation sur route ouverte. Cela sera alors clairement sp\u00e9cifi\u00e9 dans les informations de la page produit.<\/span><\/p>\n<p style=\"margin-bottom: 0.0001pt;\"><strong><span style=\"font-size: 8.5pt; font-family: Verdana, sans-serif;\">3. Tarifs<\/span><\/strong><\/p>\n<p style=\"margin-bottom: 0.0001pt;\"><span style=\"font-size: 8.5pt; font-family: Verdana, sans-serif;\">Les prix affich\u00e9s s&rsquo;entendent toutes taxes comprises, en euros, tenant compte de la TVA applicable au jour de la commande. Ailettes &amp; Carbus se r\u00e9serve de modifier ses prix \u00e0 tout moment, cependant le prix applicable \u00e0 l&rsquo;acheteur sera celui affich\u00e9 au moment de la commande. Les prix indiqu\u00e9s ne comprennent pas les frais de transport et de livraison.<\/span><\/p>\n<p style=\"margin-bottom: 0.0001pt;\"><strong><span style=\"font-size: 8.5pt; font-family: Verdana, sans-serif;\">4. Commandes<\/span><\/strong><\/p>\n<p style=\"margin-bottom: 0.0001pt;\"><span style=\"font-size: 8.5pt; font-family: Verdana, sans-serif;\">L&rsquo;acheteur, qui souhaite acheter un produit ou un service doit obligatoirement :\u00a0<\/span><\/p>\n<ul>\n<li><span style=\"font-size: 8.5pt; font-family: Verdana, sans-serif;\">remplir la fiche d&rsquo;identification sur laquelle il indiquera toutes les coordonn\u00e9es demand\u00e9es ou s&rsquo;identifier avec son nom d&rsquo;utilisateur et son mot de passe s&rsquo;il s&rsquo;est d\u00e9j\u00e0 inscrit ;<\/span><\/li>\n<li><span style=\"font-size: 8.5pt; font-family: Verdana, sans-serif;\">remplir le bon de commande en ligne en donnant toutes les r\u00e9f\u00e9rences des produits ou services choisis;<\/span><\/li>\n<li><span style=\"font-size: 8.5pt; font-family: Verdana, sans-serif;\">valider sa commande apr\u00e8s l&rsquo;avoir v\u00e9rifi\u00e9e;\u00a0<\/span><\/li>\n<li><span style=\"font-size: 8.5pt; font-family: Verdana, sans-serif;\">effectuer le paiement dans les conditions pr\u00e9vues;\u00a0<\/span><\/li>\n<li><span style=\"font-size: 8.5pt; font-family: Verdana, sans-serif;\">confirmer sa commande et son r\u00e8glement.\u00a0<\/span><\/li>\n<\/ul>\n<p style=\"margin-bottom: 0.0001pt;\"><span style=\"font-size: 8.5pt; font-family: Verdana, sans-serif;\">La confirmation de la commande entra\u00eene acceptation des pr\u00e9sentes conditions de vente, la reconnaissance d&rsquo;en avoir parfaite connaissance et la renonciation \u00e0 se pr\u00e9valoir de ses propres conditions d&rsquo;achat ou d&rsquo;autres conditions.\u00a0L&rsquo;ensemble des donn\u00e9es fournies et la confirmation enregistr\u00e9e vaudront preuve de la transaction. La confirmation vaudra signature et acceptation des op\u00e9rations effectu\u00e9es.\u00a0Le vendeur communiquera par courrier \u00e9lectronique confirmation de la commande enregistr\u00e9e. Tout acompte vers\u00e9 restera acquis au vendeur.<\/span><\/p>\n<p style=\"margin-bottom: 0.0001pt;\"><strong><span style=\"font-size: 8.5pt; font-family: Verdana, sans-serif;\">5. R\u00e9tractation<\/span><\/strong><\/p>\n<p style=\"margin-bottom: 0.0001pt;\"><span style=\"font-size: 8.5pt; font-family: Verdana, sans-serif;\">Les acheteurs, personnes physiques non professionnelles, b\u00e9n\u00e9ficient d&rsquo;un d\u00e9lai de r\u00e9tractation de sept jours \u00e0 compter de la livraison de leur commande pour faire retour du produit au vendeur pour \u00e9change ou remboursement sans p\u00e9nalit\u00e9, \u00e0 l&rsquo;exception des frais de retour.\u00a0<\/span><\/p>\n<p style=\"margin-bottom: 0.0001pt;\"><strong><span style=\"font-size: 8.5pt; font-family: Verdana, sans-serif;\">6. Modalit\u00e9s de paiement<\/span><\/strong><\/p>\n<p style=\"margin-bottom: 0.0001pt;\"><span style=\"font-size: 8.5pt; font-family: Verdana, sans-serif;\">Le prix est exigible \u00e0 la commande.\u00a0Les paiements seront effectu\u00e9s par le biais du syst\u00e8me s\u00e9curis\u00e9 PAYPAL.<br \/>\nLe paiement par ch\u00e8que (\u00e0 l&rsquo;ordre de SARL Ailettes &amp; Carbus \u2013 Cleun Nizon \u2013 29930 Pont Aven) est toutefois possible, dans ce cas l&rsquo;exp\u00e9dition n&rsquo;aura lieu qu&rsquo;\u00e0 encaissement de celui-ci.<br \/>\nLe compte de l&rsquo;acheteur ne sera d\u00e9bit\u00e9 que lors de l&rsquo;exp\u00e9dition des produits ou des services disponibles et que du montant des produits envoy\u00e9s ou t\u00e9l\u00e9charg\u00e9s.\u00a0\u00c0 la demande de l&rsquo;acheteur, il lui sera adress\u00e9e une facture sur papier faisant ressortir la TVA.<\/span><\/p>\n<p style=\"margin-bottom: 0.0001pt;\"><span style=\"font-size: 8.5pt; font-family: Verdana, sans-serif;\"><br \/>\n<strong>7. Livraisons<\/strong><\/span><\/p>\n<p style=\"margin-bottom: 0.0001pt;\"><span style=\"font-size: 8.5pt; font-family: Verdana, sans-serif;\">Les livraisons sont faites \u00e0 l&rsquo;adresse indiqu\u00e9e dans le bon de commande.<br \/>\nPour une livraison hors France m\u00e9tropolitaine, merci de nous contacter au pr\u00e9alable pour conna\u00eetre le montant et les conditions du port.<\/span><\/p>\n<p style=\"margin-bottom: 0.0001pt;\"><span style=\"font-size: 8.5pt; font-family: Verdana, sans-serif;\">Les risques sont \u00e0 la charge de l&rsquo;acqu\u00e9reur \u00e0 compter du moment o\u00f9 les produits ont quitt\u00e9 nos locaux. En cas de dommage pendant le transport, la protestation motiv\u00e9e doit \u00eatre formul\u00e9e aupr\u00e8s du livreur au moment de la remise du colis.<\/span><\/p>\n<p style=\"margin-bottom: 0.0001pt;\"><span style=\"font-size: 8.5pt; font-family: Verdana, sans-serif;\">Les d\u00e9lais de livraison ne sont donn\u00e9s qu&rsquo;\u00e0 titre indicatif; si ceux-ci d\u00e9passent trente jours \u00e0 compter de la commande, le contrat de vente pourra \u00eatre r\u00e9sili\u00e9 et l&rsquo;acheteur rembours\u00e9.\u00a0<\/span><\/p>\n<p style=\"margin-bottom: 0.0001pt;\"><strong><span style=\"font-size: 8.5pt; font-family: Verdana, sans-serif;\">8. Garantie<\/span><\/strong><\/p>\n<p style=\"margin-bottom: 0.0001pt;\"><span style=\"font-size: 8.5pt; font-family: Verdana, sans-serif;\">Tous les produits fournis par Ailettes &amp; Carbus b\u00e9n\u00e9ficient de la garantie l\u00e9gale pr\u00e9vue par les articles 1641 et suivants du Code civil. En cas de non conformit\u00e9 d&rsquo;un produit vendu, ou d&rsquo;erreur de notre part, il pourra nous \u00eatre retourn\u00e9, apr\u00e8s nous en avoir inform\u00e9s par t\u00e9l\u00e9phone ou email, pour reprise, \u00e9change ou remboursement. Toutes les r\u00e9clamations, demandes d&rsquo;\u00e9change ou de remboursement doivent s&rsquo;effectuer dans le d\u00e9lai de trente jours apr\u00e8s la livraison.<\/span><\/p>\n<p style=\"margin-bottom: 0.0001pt;\"><strong><span style=\"font-size: 8.5pt; font-family: Verdana, sans-serif;\">9. Propri\u00e9t\u00e9 intellectuelle<\/span><\/strong><\/p>\n<p style=\"margin-bottom: 0.0001pt;\"><span style=\"font-size: 8.5pt; font-family: Verdana, sans-serif;\">Tout lien simple ou par hypertexte est autoris\u00e9, \u00e0 condition qu&rsquo;il ne nuise pas \u00e0 notre image ou \u00e0 celle de l&rsquo;\u00e9diteur du site.<\/span><\/p>\n<p style=\"margin-bottom: 0.0001pt;\"><span style=\"text-decoration: underline;\"><span style=\"font-size: 8.5pt; font-family: Verdana, sans-serif;\">Donn\u00e9es \u00e0 caract\u00e8re personnel :<\/span><\/span><\/p>\n<p style=\"margin-bottom: 0.0001pt;\"><span style=\"font-size: 8.5pt; font-family: Verdana, sans-serif;\">Conform\u00e9ment \u00e0 la loi relative \u00e0 l&rsquo;informatique, aux fichiers et aux libert\u00e9s du 6 janvier 1978, les informations \u00e0 caract\u00e8re nominatif relatives aux acheteurs pourront faire l&rsquo;objet d&rsquo;un traitement automatis\u00e9. Nous nous r\u00e9servons le droit de collecter des informations sur les acheteurs y compris en utilisant des cookies.\u00a0Les acheteurs peuvent s&rsquo;opposer \u00e0 la divulgation de leurs coordonn\u00e9es en nous le signalant. De m\u00eame, les utilisateurs disposent d&rsquo;un droit d&rsquo;acc\u00e8s et de rectification des donn\u00e9es les concernant, conform\u00e9ment \u00e0 la loi du 6 janvier 1978.<\/span><\/p>\n<p style=\"margin-bottom: 0.0001pt;\"><strong><span style=\"font-size: 8.5pt; font-family: Verdana, sans-serif;\">10. Archivage &#8211; Preuve<\/span><\/strong><\/p>\n<p style=\"margin-bottom: 0.0001pt;\"><span style=\"font-size: 8.5pt; font-family: Verdana, sans-serif;\">Ailettes &amp; Carbus archivera les bons de commandes et les factures sur un support fiable et durable constituant une copie fid\u00e8le conform\u00e9ment aux dispositions de l&rsquo;article 1348 du Code civil.\u00a0Les registres informatis\u00e9s d&rsquo;Ailettes &amp; Carbus seront consid\u00e9r\u00e9s par les parties comme preuve des communications, commandes, paiements et transactions intervenus entre les parties.\u00a0<\/span><\/p>\n<p style=\"margin-bottom: 0.0001pt;\"><strong><span style=\"font-size: 8.5pt; font-family: Verdana, sans-serif;\">11. R\u00e8glement des litiges<\/span><\/strong><\/p>\n<p style=\"margin-bottom: 0.0001pt;\"><span style=\"font-size: 8.5pt; font-family: Verdana, sans-serif;\">Les pr\u00e9sentes conditions de vente en ligne sont soumises \u00e0 la loi fran\u00e7aise.\u00a0En cas de litige, comp\u00e9tence est attribu\u00e9e au tribunal de Commerce de Quimper, nonobstant pluralit\u00e9 de d\u00e9fendeurs ou appel en garantie.<\/span><\/p>\n<p style=\"margin-bottom: 0.0001pt;\"><strong><span style=\"font-size: 8.5pt; font-family: Verdana, sans-serif;\">12. Transfert de propri\u00e9t\u00e9 &#8211; Garantie<\/span><\/strong><\/p>\n<p style=\"margin-bottom: 0.0001pt;\"><span style=\"font-size: 8.5pt; font-family: Verdana, sans-serif;\">Le vendeur se r\u00e9serve la propri\u00e9t\u00e9 des marchandises livr\u00e9es jusqu&rsquo;\u00e0 leur complet paiement par l&rsquo;acheteur.\u00a0Aucune r\u00e9clamation sur l&rsquo;\u00e9tat des marchandises ne pourra \u00eatre faite si aucune r\u00e9serve n&rsquo;a \u00e9t\u00e9 signal\u00e9e sur le bon de livraison.<\/span><\/p>\n<p style=\"margin-bottom: 0.0001pt;\"><span style=\"font-size: 8.5pt; font-family: Verdana, sans-serif;\">Dans la plupart des cas, les produits b\u00e9n\u00e9ficient \u00e9galement d&rsquo;une garantie de la part de leurs fabricants. Cependant, aucune reprise ne sera effectu\u00e9e si la pi\u00e8ce a \u00e9t\u00e9 mont\u00e9e, si elle n&rsquo;est pas retourn\u00e9e dans son emballage d&rsquo;origine en bon \u00e9tat et accompagn\u00e9e d&rsquo;une copie de la facture.<\/span><\/p>\n<p><i>Les mots Volkswagen, Citro\u00ebn, Panhard, VW, Coccinelle, Combi, 2cv, Dyane, PL17, etc, sont uniquement utilis\u00e9s pour identifier des marques automobiles et leurs mod\u00e8les, et n&rsquo;indique ni n&rsquo;implique aucune affiliation avec les constructeurs et leurs r\u00e9seaux.<\/i><\/p>\n<p>&nbsp;<\/p>\n","protected":false},"excerpt":{"rendered":"<p>&nbsp; Conditions g\u00e9n\u00e9rales de vente applicables aux particuliers sur le site ailettes-et-carbus.fr \u00e0 compter du 25 juillet 2011 Pr\u00e9ambule Les pr\u00e9sentes conditions de vente visent \u00e0 d\u00e9finir les conditions applicables \u00e0 tout achat effectu\u00e9 par le biais du site marchand &hellip; <a class=\"kt-excerpt-readmore\" href=\"https:\/\/les-routes-buissonnieres.fr\/boutik\/cgv-conditions-generales-de-vente\/\" aria-label=\"CGV &#8211; Conditions g\u00e9n\u00e9rales de vente\">Lire la suite<\/a><\/p>\n","protected":false},"author":1,"featured_media":0,"parent":0,"menu_order":0,"comment_status":"closed","ping_status":"closed","template":"page-fullwidth.php","meta":{"footnotes":""},"folder":[],"class_list":["post-4239","page","type-page","status-publish","hentry"],"yoast_head":"<!-- This site is optimized with the Yoast SEO plugin v27.4 - https:\/\/yoast.com\/product\/yoast-seo-wordpress\/ -->\n<title>CGV - Ailettes &amp; Carbus<\/title>\n<meta name=\"description\" content=\"Retrouvez les CGV de notre boutique de pi\u00e8ces de qualit\u00e9 pour v\u00e9hicules refroidis par air\" \/>\n<meta name=\"robots\" content=\"index, follow, max-snippet:-1, max-image-preview:large, max-video-preview:-1\" \/>\n<link rel=\"canonical\" href=\"https:\/\/les-routes-buissonnieres.fr\/boutik\/cgv-conditions-generales-de-vente\/\" \/>\n<meta property=\"og:locale\" content=\"fr_FR\" \/>\n<meta property=\"og:type\" content=\"article\" \/>\n<meta property=\"og:title\" content=\"CGV - Ailettes &amp; Carbus\" \/>\n<meta property=\"og:description\" content=\"Retrouvez les CGV de notre boutique de pi\u00e8ces de qualit\u00e9 pour v\u00e9hicules refroidis par air\" \/>\n<meta property=\"og:url\" content=\"https:\/\/les-routes-buissonnieres.fr\/boutik\/cgv-conditions-generales-de-vente\/\" \/>\n<meta property=\"og:site_name\" content=\"La boutique LRB\" \/>\n<meta property=\"article:modified_time\" content=\"2019-11-26T13:28:38+00:00\" \/>\n<meta name=\"twitter:card\" content=\"summary_large_image\" \/>\n<meta name=\"twitter:label1\" content=\"Dur\u00e9e de lecture estim\u00e9e\" \/>\n\t<meta name=\"twitter:data1\" content=\"6 minutes\" \/>\n<script type=\"application\/ld+json\" class=\"yoast-schema-graph\">{\"@context\":\"https:\\\/\\\/schema.org\",\"@graph\":[{\"@type\":\"WebPage\",\"@id\":\"https:\\\/\\\/les-routes-buissonnieres.fr\\\/boutik\\\/cgv-conditions-generales-de-vente\\\/\",\"url\":\"https:\\\/\\\/les-routes-buissonnieres.fr\\\/boutik\\\/cgv-conditions-generales-de-vente\\\/\",\"name\":\"CGV - Ailettes & Carbus\",\"isPartOf\":{\"@id\":\"https:\\\/\\\/les-routes-buissonnieres.fr\\\/boutik\\\/#website\"},\"datePublished\":\"2016-01-21T10:05:27+00:00\",\"dateModified\":\"2019-11-26T13:28:38+00:00\",\"description\":\"Retrouvez les CGV de notre boutique de pi\u00e8ces de qualit\u00e9 pour v\u00e9hicules refroidis par air\",\"breadcrumb\":{\"@id\":\"https:\\\/\\\/les-routes-buissonnieres.fr\\\/boutik\\\/cgv-conditions-generales-de-vente\\\/#breadcrumb\"},\"inLanguage\":\"fr-FR\",\"potentialAction\":[{\"@type\":\"ReadAction\",\"target\":[\"https:\\\/\\\/les-routes-buissonnieres.fr\\\/boutik\\\/cgv-conditions-generales-de-vente\\\/\"]}]},{\"@type\":\"BreadcrumbList\",\"@id\":\"https:\\\/\\\/les-routes-buissonnieres.fr\\\/boutik\\\/cgv-conditions-generales-de-vente\\\/#breadcrumb\",\"itemListElement\":[{\"@type\":\"ListItem\",\"position\":1,\"name\":\"Accueil\",\"item\":\"https:\\\/\\\/les-routes-buissonnieres.fr\\\/boutik\\\/\"},{\"@type\":\"ListItem\",\"position\":2,\"name\":\"CGV &#8211; Conditions g\u00e9n\u00e9rales de vente\"}]},{\"@type\":\"WebSite\",\"@id\":\"https:\\\/\\\/les-routes-buissonnieres.fr\\\/boutik\\\/#website\",\"url\":\"https:\\\/\\\/les-routes-buissonnieres.fr\\\/boutik\\\/\",\"name\":\"La boutique LRB\",\"description\":\"Pi\u00e8ces d\u00e9tach\u00e9es Citro\u00ebn - VW refroidies par air\",\"publisher\":{\"@id\":\"https:\\\/\\\/les-routes-buissonnieres.fr\\\/boutik\\\/#organization\"},\"potentialAction\":[{\"@type\":\"SearchAction\",\"target\":{\"@type\":\"EntryPoint\",\"urlTemplate\":\"https:\\\/\\\/les-routes-buissonnieres.fr\\\/boutik\\\/?s={search_term_string}\"},\"query-input\":{\"@type\":\"PropertyValueSpecification\",\"valueRequired\":true,\"valueName\":\"search_term_string\"}}],\"inLanguage\":\"fr-FR\"},{\"@type\":\"Organization\",\"@id\":\"https:\\\/\\\/les-routes-buissonnieres.fr\\\/boutik\\\/#organization\",\"name\":\"La boutique LRB\",\"url\":\"https:\\\/\\\/les-routes-buissonnieres.fr\\\/boutik\\\/\",\"logo\":{\"@type\":\"ImageObject\",\"inLanguage\":\"fr-FR\",\"@id\":\"https:\\\/\\\/les-routes-buissonnieres.fr\\\/boutik\\\/#\\\/schema\\\/logo\\\/image\\\/\",\"url\":\"https:\\\/\\\/les-routes-buissonnieres.fr\\\/boutik\\\/wp-content\\\/uploads\\\/2023\\\/11\\\/cropped-logo-a-et-c-2023-orange.png\",\"contentUrl\":\"https:\\\/\\\/les-routes-buissonnieres.fr\\\/boutik\\\/wp-content\\\/uploads\\\/2023\\\/11\\\/cropped-logo-a-et-c-2023-orange.png\",\"width\":300,\"height\":176,\"caption\":\"La boutique LRB\"},\"image\":{\"@id\":\"https:\\\/\\\/les-routes-buissonnieres.fr\\\/boutik\\\/#\\\/schema\\\/logo\\\/image\\\/\"}}]}<\/script>\n<!-- \/ Yoast SEO plugin. -->","yoast_head_json":{"title":"CGV - Ailettes & Carbus","description":"Retrouvez les CGV de notre boutique de pi\u00e8ces de qualit\u00e9 pour v\u00e9hicules refroidis par air","robots":{"index":"index","follow":"follow","max-snippet":"max-snippet:-1","max-image-preview":"max-image-preview:large","max-video-preview":"max-video-preview:-1"},"canonical":"https:\/\/les-routes-buissonnieres.fr\/boutik\/cgv-conditions-generales-de-vente\/","og_locale":"fr_FR","og_type":"article","og_title":"CGV - Ailettes & Carbus","og_description":"Retrouvez les CGV de notre boutique de pi\u00e8ces de qualit\u00e9 pour v\u00e9hicules refroidis par air","og_url":"https:\/\/les-routes-buissonnieres.fr\/boutik\/cgv-conditions-generales-de-vente\/","og_site_name":"La boutique LRB","article_modified_time":"2019-11-26T13:28:38+00:00","twitter_card":"summary_large_image","twitter_misc":{"Dur\u00e9e de lecture estim\u00e9e":"6 minutes"},"schema":{"@context":"https:\/\/schema.org","@graph":[{"@type":"WebPage","@id":"https:\/\/les-routes-buissonnieres.fr\/boutik\/cgv-conditions-generales-de-vente\/","url":"https:\/\/les-routes-buissonnieres.fr\/boutik\/cgv-conditions-generales-de-vente\/","name":"CGV - Ailettes & Carbus","isPartOf":{"@id":"https:\/\/les-routes-buissonnieres.fr\/boutik\/#website"},"datePublished":"2016-01-21T10:05:27+00:00","dateModified":"2019-11-26T13:28:38+00:00","description":"Retrouvez les CGV de notre boutique de pi\u00e8ces de qualit\u00e9 pour v\u00e9hicules refroidis par air","breadcrumb":{"@id":"https:\/\/les-routes-buissonnieres.fr\/boutik\/cgv-conditions-generales-de-vente\/#breadcrumb"},"inLanguage":"fr-FR","potentialAction":[{"@type":"ReadAction","target":["https:\/\/les-routes-buissonnieres.fr\/boutik\/cgv-conditions-generales-de-vente\/"]}]},{"@type":"BreadcrumbList","@id":"https:\/\/les-routes-buissonnieres.fr\/boutik\/cgv-conditions-generales-de-vente\/#breadcrumb","itemListElement":[{"@type":"ListItem","position":1,"name":"Accueil","item":"https:\/\/les-routes-buissonnieres.fr\/boutik\/"},{"@type":"ListItem","position":2,"name":"CGV &#8211; Conditions g\u00e9n\u00e9rales de vente"}]},{"@type":"WebSite","@id":"https:\/\/les-routes-buissonnieres.fr\/boutik\/#website","url":"https:\/\/les-routes-buissonnieres.fr\/boutik\/","name":"La boutique LRB","description":"Pi\u00e8ces d\u00e9tach\u00e9es Citro\u00ebn - VW refroidies par air","publisher":{"@id":"https:\/\/les-routes-buissonnieres.fr\/boutik\/#organization"},"potentialAction":[{"@type":"SearchAction","target":{"@type":"EntryPoint","urlTemplate":"https:\/\/les-routes-buissonnieres.fr\/boutik\/?s={search_term_string}"},"query-input":{"@type":"PropertyValueSpecification","valueRequired":true,"valueName":"search_term_string"}}],"inLanguage":"fr-FR"},{"@type":"Organization","@id":"https:\/\/les-routes-buissonnieres.fr\/boutik\/#organization","name":"La boutique LRB","url":"https:\/\/les-routes-buissonnieres.fr\/boutik\/","logo":{"@type":"ImageObject","inLanguage":"fr-FR","@id":"https:\/\/les-routes-buissonnieres.fr\/boutik\/#\/schema\/logo\/image\/","url":"https:\/\/les-routes-buissonnieres.fr\/boutik\/wp-content\/uploads\/2023\/11\/cropped-logo-a-et-c-2023-orange.png","contentUrl":"https:\/\/les-routes-buissonnieres.fr\/boutik\/wp-content\/uploads\/2023\/11\/cropped-logo-a-et-c-2023-orange.png","width":300,"height":176,"caption":"La boutique LRB"},"image":{"@id":"https:\/\/les-routes-buissonnieres.fr\/boutik\/#\/schema\/logo\/image\/"}}]}},"_links":{"self":[{"href":"https:\/\/les-routes-buissonnieres.fr\/boutik\/wp-json\/wp\/v2\/pages\/4239","targetHints":{"allow":["GET"]}}],"collection":[{"href":"https:\/\/les-routes-buissonnieres.fr\/boutik\/wp-json\/wp\/v2\/pages"}],"about":[{"href":"https:\/\/les-routes-buissonnieres.fr\/boutik\/wp-json\/wp\/v2\/types\/page"}],"author":[{"embeddable":true,"href":"https:\/\/les-routes-buissonnieres.fr\/boutik\/wp-json\/wp\/v2\/users\/1"}],"replies":[{"embeddable":true,"href":"https:\/\/les-routes-buissonnieres.fr\/boutik\/wp-json\/wp\/v2\/comments?post=4239"}],"version-history":[{"count":0,"href":"https:\/\/les-routes-buissonnieres.fr\/boutik\/wp-json\/wp\/v2\/pages\/4239\/revisions"}],"wp:attachment":[{"href":"https:\/\/les-routes-buissonnieres.fr\/boutik\/wp-json\/wp\/v2\/media?parent=4239"}],"wp:term":[{"taxonomy":"folder","embeddable":true,"href":"https:\/\/les-routes-buissonnieres.fr\/boutik\/wp-json\/wp\/v2\/folder?post=4239"}],"curies":[{"name":"wp","href":"https:\/\/api.w.org\/{rel}","templated":true}]}}