{"id":1071,"date":"2011-12-07T16:44:38","date_gmt":"2011-12-07T15:44:38","guid":{"rendered":"http:\/\/ailettes-et-carbus.fr\/?product=fermeture-de-vitre-exterieure-caoutchouc-pour-ancienne"},"modified":"2025-10-20T11:24:02","modified_gmt":"2025-10-20T10:24:02","slug":"clip-blocage-vitre-mobile-2cv-ancienne","status":"publish","type":"product","link":"https:\/\/les-routes-buissonnieres.fr\/boutik\/produit\/clip-blocage-vitre-mobile-2cv-ancienne\/","title":{"rendered":"CLIP BLOCAGE VITRE MOBILE 2CV ANCIENNE Q+"},"content":{"rendered":"<p>Clip blocage vitre mobile 2cv ancienne Q+.<\/p>\n<p>Ce clip vous permet de maintenir les vitres avant en position ouverte. Qualit\u00e9 de fabrication sup\u00e9rieure pour une utilisation optimale.<br \/>\nSert \u00e9galement sur certain capot avant comme blocage de la b\u00e9quille.<\/p>\n<p>Deux par v\u00e9hicule sont n\u00e9cessaires.<\/p>\n","protected":false},"excerpt":{"rendered":"<p>Clip blocage vitre mobile 2cv ancienne Q+. Besoin de 2 par voiture.<\/p>\n","protected":false},"featured_media":41819,"template":"","meta":[],"product_brand":[],"product_cat":[109,580,108,29,111],"product_tag":[216,1539,1371,860,238,1860,1859],"class_list":{"0":"post-1071","1":"product","2":"type-product","3":"status-publish","4":"has-post-thumbnail","6":"product_cat-cv144-accessoires-exterieurs","7":"product_cat-bonnes-affaires","8":"product_cat-cv143-carrosserie","9":"product_cat-pieces-citroen-2-cv","10":"product_cat-cv146-quincaillerie-et-divers","11":"product_tag-2cv","12":"product_tag-2cv-camionnette","13":"product_tag-accessoires-exterieur","14":"product_tag-carrosserie","15":"product_tag-citroen","16":"product_tag-clip-de-vitre","17":"product_tag-verrouillage-de-vitre","19":"first","20":"instock","21":"sale","22":"taxable","23":"shipping-taxable","24":"purchasable","25":"product-type-simple"},"yoast_head":"<!-- This site is optimized with the Yoast SEO plugin v27.4 - https:\/\/yoast.com\/product\/yoast-seo-wordpress\/ -->\n<title>CLIP BLOCAGE VITRE MOBILE 2CV ANCIENNE Q+ - La boutique LRB<\/title>\n<meta name=\"description\" content=\"Clip blocage vitre 2cv ancienne Q+. Ce clip vous permet de maintenir les vitres ouverte. Qualit\u00e9 de fabrication sup\u00e9rieure pour une utilisation optimale.\" \/>\n<meta name=\"robots\" content=\"index, follow, max-snippet:-1, max-image-preview:large, max-video-preview:-1\" \/>\n<link rel=\"canonical\" href=\"https:\/\/les-routes-buissonnieres.fr\/boutik\/produit\/clip-blocage-vitre-mobile-2cv-ancienne\/\" \/>\n<meta property=\"og:locale\" content=\"fr_FR\" \/>\n<meta property=\"og:type\" content=\"article\" \/>\n<meta property=\"og:title\" content=\"CLIP BLOCAGE VITRE MOBILE 2CV ANCIENNE Q+ - La boutique LRB\" \/>\n<meta property=\"og:description\" content=\"Clip blocage vitre 2cv ancienne Q+. Ce clip vous permet de maintenir les vitres ouverte. Qualit\u00e9 de fabrication sup\u00e9rieure pour une utilisation optimale.\" \/>\n<meta property=\"og:url\" content=\"https:\/\/les-routes-buissonnieres.fr\/boutik\/produit\/clip-blocage-vitre-mobile-2cv-ancienne\/\" \/>\n<meta property=\"og:site_name\" content=\"La boutique LRB\" \/>\n<meta property=\"article:modified_time\" content=\"2025-10-20T10:24:02+00:00\" \/>\n<meta property=\"og:image\" content=\"https:\/\/les-routes-buissonnieres.fr\/boutik\/wp-content\/uploads\/2017\/10\/NCIL016-ailettes-et-carbus.jpg\" \/>\n\t<meta property=\"og:image:width\" content=\"600\" \/>\n\t<meta property=\"og:image:height\" content=\"600\" \/>\n\t<meta property=\"og:image:type\" content=\"image\/jpeg\" \/>\n<meta name=\"twitter:card\" content=\"summary_large_image\" \/>\n<meta name=\"twitter:label1\" content=\"Dur\u00e9e de lecture estim\u00e9e\" \/>\n\t<meta name=\"twitter:data1\" content=\"1 minute\" \/>\n<script type=\"application\/ld+json\" class=\"yoast-schema-graph\">{\"@context\":\"https:\\\/\\\/schema.org\",\"@graph\":[{\"@type\":\"WebPage\",\"@id\":\"https:\\\/\\\/les-routes-buissonnieres.fr\\\/boutik\\\/produit\\\/clip-blocage-vitre-mobile-2cv-ancienne\\\/\",\"url\":\"https:\\\/\\\/les-routes-buissonnieres.fr\\\/boutik\\\/produit\\\/clip-blocage-vitre-mobile-2cv-ancienne\\\/\",\"name\":\"CLIP BLOCAGE VITRE MOBILE 2CV ANCIENNE Q+ - La boutique LRB\",\"isPartOf\":{\"@id\":\"https:\\\/\\\/les-routes-buissonnieres.fr\\\/boutik\\\/#website\"},\"primaryImageOfPage\":{\"@id\":\"https:\\\/\\\/les-routes-buissonnieres.fr\\\/boutik\\\/produit\\\/clip-blocage-vitre-mobile-2cv-ancienne\\\/#primaryimage\"},\"image\":{\"@id\":\"https:\\\/\\\/les-routes-buissonnieres.fr\\\/boutik\\\/produit\\\/clip-blocage-vitre-mobile-2cv-ancienne\\\/#primaryimage\"},\"thumbnailUrl\":\"https:\\\/\\\/les-routes-buissonnieres.fr\\\/boutik\\\/wp-content\\\/uploads\\\/2017\\\/10\\\/NCIL016-ailettes-et-carbus.jpg\",\"datePublished\":\"2011-12-07T15:44:38+00:00\",\"dateModified\":\"2025-10-20T10:24:02+00:00\",\"description\":\"Clip blocage vitre 2cv ancienne Q+. Ce clip vous permet de maintenir les vitres ouverte. Qualit\u00e9 de fabrication sup\u00e9rieure pour une utilisation optimale.\",\"breadcrumb\":{\"@id\":\"https:\\\/\\\/les-routes-buissonnieres.fr\\\/boutik\\\/produit\\\/clip-blocage-vitre-mobile-2cv-ancienne\\\/#breadcrumb\"},\"inLanguage\":\"fr-FR\",\"potentialAction\":[{\"@type\":\"ReadAction\",\"target\":[\"https:\\\/\\\/les-routes-buissonnieres.fr\\\/boutik\\\/produit\\\/clip-blocage-vitre-mobile-2cv-ancienne\\\/\"]}]},{\"@type\":\"ImageObject\",\"inLanguage\":\"fr-FR\",\"@id\":\"https:\\\/\\\/les-routes-buissonnieres.fr\\\/boutik\\\/produit\\\/clip-blocage-vitre-mobile-2cv-ancienne\\\/#primaryimage\",\"url\":\"https:\\\/\\\/les-routes-buissonnieres.fr\\\/boutik\\\/wp-content\\\/uploads\\\/2017\\\/10\\\/NCIL016-ailettes-et-carbus.jpg\",\"contentUrl\":\"https:\\\/\\\/les-routes-buissonnieres.fr\\\/boutik\\\/wp-content\\\/uploads\\\/2017\\\/10\\\/NCIL016-ailettes-et-carbus.jpg\",\"width\":600,\"height\":600,\"caption\":\"Clip blocage vitre 2cv ancienne\"},{\"@type\":\"BreadcrumbList\",\"@id\":\"https:\\\/\\\/les-routes-buissonnieres.fr\\\/boutik\\\/produit\\\/clip-blocage-vitre-mobile-2cv-ancienne\\\/#breadcrumb\",\"itemListElement\":[{\"@type\":\"ListItem\",\"position\":1,\"name\":\"Accueil\",\"item\":\"https:\\\/\\\/les-routes-buissonnieres.fr\\\/boutik\\\/\"},{\"@type\":\"ListItem\",\"position\":2,\"name\":\"Boutique\",\"item\":\"https:\\\/\\\/les-routes-buissonnieres.fr\\\/boutik\\\/\"},{\"@type\":\"ListItem\",\"position\":3,\"name\":\"CLIP BLOCAGE VITRE MOBILE 2CV ANCIENNE Q+\"}]},{\"@type\":\"WebSite\",\"@id\":\"https:\\\/\\\/les-routes-buissonnieres.fr\\\/boutik\\\/#website\",\"url\":\"https:\\\/\\\/les-routes-buissonnieres.fr\\\/boutik\\\/\",\"name\":\"La boutique LRB\",\"description\":\"Pi\u00e8ces d\u00e9tach\u00e9es Citro\u00ebn - VW refroidies par air\",\"publisher\":{\"@id\":\"https:\\\/\\\/les-routes-buissonnieres.fr\\\/boutik\\\/#organization\"},\"potentialAction\":[{\"@type\":\"SearchAction\",\"target\":{\"@type\":\"EntryPoint\",\"urlTemplate\":\"https:\\\/\\\/les-routes-buissonnieres.fr\\\/boutik\\\/?s={search_term_string}\"},\"query-input\":{\"@type\":\"PropertyValueSpecification\",\"valueRequired\":true,\"valueName\":\"search_term_string\"}}],\"inLanguage\":\"fr-FR\"},{\"@type\":\"Organization\",\"@id\":\"https:\\\/\\\/les-routes-buissonnieres.fr\\\/boutik\\\/#organization\",\"name\":\"La boutique LRB\",\"url\":\"https:\\\/\\\/les-routes-buissonnieres.fr\\\/boutik\\\/\",\"logo\":{\"@type\":\"ImageObject\",\"inLanguage\":\"fr-FR\",\"@id\":\"https:\\\/\\\/les-routes-buissonnieres.fr\\\/boutik\\\/#\\\/schema\\\/logo\\\/image\\\/\",\"url\":\"https:\\\/\\\/les-routes-buissonnieres.fr\\\/boutik\\\/wp-content\\\/uploads\\\/2023\\\/11\\\/cropped-logo-a-et-c-2023-orange.png\",\"contentUrl\":\"https:\\\/\\\/les-routes-buissonnieres.fr\\\/boutik\\\/wp-content\\\/uploads\\\/2023\\\/11\\\/cropped-logo-a-et-c-2023-orange.png\",\"width\":300,\"height\":176,\"caption\":\"La boutique LRB\"},\"image\":{\"@id\":\"https:\\\/\\\/les-routes-buissonnieres.fr\\\/boutik\\\/#\\\/schema\\\/logo\\\/image\\\/\"}}]}<\/script>\n<!-- \/ Yoast SEO plugin. -->","yoast_head_json":{"title":"CLIP BLOCAGE VITRE MOBILE 2CV ANCIENNE Q+ - La boutique LRB","description":"Clip blocage vitre 2cv ancienne Q+. Ce clip vous permet de maintenir les vitres ouverte. Qualit\u00e9 de fabrication sup\u00e9rieure pour une utilisation optimale.","robots":{"index":"index","follow":"follow","max-snippet":"max-snippet:-1","max-image-preview":"max-image-preview:large","max-video-preview":"max-video-preview:-1"},"canonical":"https:\/\/les-routes-buissonnieres.fr\/boutik\/produit\/clip-blocage-vitre-mobile-2cv-ancienne\/","og_locale":"fr_FR","og_type":"article","og_title":"CLIP BLOCAGE VITRE MOBILE 2CV ANCIENNE Q+ - La boutique LRB","og_description":"Clip blocage vitre 2cv ancienne Q+. Ce clip vous permet de maintenir les vitres ouverte. Qualit\u00e9 de fabrication sup\u00e9rieure pour une utilisation optimale.","og_url":"https:\/\/les-routes-buissonnieres.fr\/boutik\/produit\/clip-blocage-vitre-mobile-2cv-ancienne\/","og_site_name":"La boutique LRB","article_modified_time":"2025-10-20T10:24:02+00:00","og_image":[{"width":600,"height":600,"url":"https:\/\/les-routes-buissonnieres.fr\/boutik\/wp-content\/uploads\/2017\/10\/NCIL016-ailettes-et-carbus.jpg","type":"image\/jpeg"}],"twitter_card":"summary_large_image","twitter_misc":{"Dur\u00e9e de lecture estim\u00e9e":"1 minute"},"schema":{"@context":"https:\/\/schema.org","@graph":[{"@type":"WebPage","@id":"https:\/\/les-routes-buissonnieres.fr\/boutik\/produit\/clip-blocage-vitre-mobile-2cv-ancienne\/","url":"https:\/\/les-routes-buissonnieres.fr\/boutik\/produit\/clip-blocage-vitre-mobile-2cv-ancienne\/","name":"CLIP BLOCAGE VITRE MOBILE 2CV ANCIENNE Q+ - La boutique LRB","isPartOf":{"@id":"https:\/\/les-routes-buissonnieres.fr\/boutik\/#website"},"primaryImageOfPage":{"@id":"https:\/\/les-routes-buissonnieres.fr\/boutik\/produit\/clip-blocage-vitre-mobile-2cv-ancienne\/#primaryimage"},"image":{"@id":"https:\/\/les-routes-buissonnieres.fr\/boutik\/produit\/clip-blocage-vitre-mobile-2cv-ancienne\/#primaryimage"},"thumbnailUrl":"https:\/\/les-routes-buissonnieres.fr\/boutik\/wp-content\/uploads\/2017\/10\/NCIL016-ailettes-et-carbus.jpg","datePublished":"2011-12-07T15:44:38+00:00","dateModified":"2025-10-20T10:24:02+00:00","description":"Clip blocage vitre 2cv ancienne Q+. Ce clip vous permet de maintenir les vitres ouverte. Qualit\u00e9 de fabrication sup\u00e9rieure pour une utilisation optimale.","breadcrumb":{"@id":"https:\/\/les-routes-buissonnieres.fr\/boutik\/produit\/clip-blocage-vitre-mobile-2cv-ancienne\/#breadcrumb"},"inLanguage":"fr-FR","potentialAction":[{"@type":"ReadAction","target":["https:\/\/les-routes-buissonnieres.fr\/boutik\/produit\/clip-blocage-vitre-mobile-2cv-ancienne\/"]}]},{"@type":"ImageObject","inLanguage":"fr-FR","@id":"https:\/\/les-routes-buissonnieres.fr\/boutik\/produit\/clip-blocage-vitre-mobile-2cv-ancienne\/#primaryimage","url":"https:\/\/les-routes-buissonnieres.fr\/boutik\/wp-content\/uploads\/2017\/10\/NCIL016-ailettes-et-carbus.jpg","contentUrl":"https:\/\/les-routes-buissonnieres.fr\/boutik\/wp-content\/uploads\/2017\/10\/NCIL016-ailettes-et-carbus.jpg","width":600,"height":600,"caption":"Clip blocage vitre 2cv ancienne"},{"@type":"BreadcrumbList","@id":"https:\/\/les-routes-buissonnieres.fr\/boutik\/produit\/clip-blocage-vitre-mobile-2cv-ancienne\/#breadcrumb","itemListElement":[{"@type":"ListItem","position":1,"name":"Accueil","item":"https:\/\/les-routes-buissonnieres.fr\/boutik\/"},{"@type":"ListItem","position":2,"name":"Boutique","item":"https:\/\/les-routes-buissonnieres.fr\/boutik\/"},{"@type":"ListItem","position":3,"name":"CLIP BLOCAGE VITRE MOBILE 2CV ANCIENNE Q+"}]},{"@type":"WebSite","@id":"https:\/\/les-routes-buissonnieres.fr\/boutik\/#website","url":"https:\/\/les-routes-buissonnieres.fr\/boutik\/","name":"La boutique LRB","description":"Pi\u00e8ces d\u00e9tach\u00e9es Citro\u00ebn - VW refroidies par air","publisher":{"@id":"https:\/\/les-routes-buissonnieres.fr\/boutik\/#organization"},"potentialAction":[{"@type":"SearchAction","target":{"@type":"EntryPoint","urlTemplate":"https:\/\/les-routes-buissonnieres.fr\/boutik\/?s={search_term_string}"},"query-input":{"@type":"PropertyValueSpecification","valueRequired":true,"valueName":"search_term_string"}}],"inLanguage":"fr-FR"},{"@type":"Organization","@id":"https:\/\/les-routes-buissonnieres.fr\/boutik\/#organization","name":"La boutique LRB","url":"https:\/\/les-routes-buissonnieres.fr\/boutik\/","logo":{"@type":"ImageObject","inLanguage":"fr-FR","@id":"https:\/\/les-routes-buissonnieres.fr\/boutik\/#\/schema\/logo\/image\/","url":"https:\/\/les-routes-buissonnieres.fr\/boutik\/wp-content\/uploads\/2023\/11\/cropped-logo-a-et-c-2023-orange.png","contentUrl":"https:\/\/les-routes-buissonnieres.fr\/boutik\/wp-content\/uploads\/2023\/11\/cropped-logo-a-et-c-2023-orange.png","width":300,"height":176,"caption":"La boutique LRB"},"image":{"@id":"https:\/\/les-routes-buissonnieres.fr\/boutik\/#\/schema\/logo\/image\/"}}]}},"_links":{"self":[{"href":"https:\/\/les-routes-buissonnieres.fr\/boutik\/wp-json\/wp\/v2\/product\/1071","targetHints":{"allow":["GET"]}}],"collection":[{"href":"https:\/\/les-routes-buissonnieres.fr\/boutik\/wp-json\/wp\/v2\/product"}],"about":[{"href":"https:\/\/les-routes-buissonnieres.fr\/boutik\/wp-json\/wp\/v2\/types\/product"}],"wp:featuredmedia":[{"embeddable":true,"href":"https:\/\/les-routes-buissonnieres.fr\/boutik\/wp-json\/wp\/v2\/media\/41819"}],"wp:attachment":[{"href":"https:\/\/les-routes-buissonnieres.fr\/boutik\/wp-json\/wp\/v2\/media?parent=1071"}],"wp:term":[{"taxonomy":"product_brand","embeddable":true,"href":"https:\/\/les-routes-buissonnieres.fr\/boutik\/wp-json\/wp\/v2\/product_brand?post=1071"},{"taxonomy":"product_cat","embeddable":true,"href":"https:\/\/les-routes-buissonnieres.fr\/boutik\/wp-json\/wp\/v2\/product_cat?post=1071"},{"taxonomy":"product_tag","embeddable":true,"href":"https:\/\/les-routes-buissonnieres.fr\/boutik\/wp-json\/wp\/v2\/product_tag?post=1071"}],"curies":[{"name":"wp","href":"https:\/\/api.w.org\/{rel}","templated":true}]}}