{"id":1232,"date":"2012-02-06T18:26:05","date_gmt":"2012-02-06T17:26:05","guid":{"rendered":"http:\/\/ailettes-et-carbus.fr\/?product=kit-de-montage-echappement-pour-cox-combi-et-1600-ct"},"modified":"2026-01-29T12:17:20","modified_gmt":"2026-01-29T11:17:20","slug":"joints-echappement-cox-combi","status":"publish","type":"product","link":"https:\/\/les-routes-buissonnieres.fr\/boutik\/produit\/joints-echappement-cox-combi\/","title":{"rendered":"KIT JOINTS \u00c9CHAPPEMENT COX COMBI 1600CT"},"content":{"rendered":"<p>Kit joints \u00e9chappement cox combi 1600CT<\/p>\n<p>Bonne qualit\u00e9 de fabrication. Production <a href=\"https:\/\/www.bbt4vw.com\/fr\/catalogue\/5-moteur\/echappement-pieces\/fixations-joints\/kit-montage-d-chappement-type-1-2-08-59-p-type-25-ct\/\">BBT<\/a>. Ce kit est pr\u00e9vu \u00e0 l&rsquo;origine pour la fixation du silencieux d&rsquo;\u00e9chappement des coccinelles, mais il s&rsquo;av\u00e8re beaucoup pratique et plus fiable que le kit sp\u00e9cifique pour combi VW.<\/p>\n<p>C&rsquo;est pourquoi nous utilisons ce kit joints \u00e9chappement cox combi sur les <a href=\"https:\/\/les-routes-buissonnieres.fr\/boutik\/produit\/silencieux-vw-combi\/\">T2<\/a> et T3 1600 CT depuis longtemps \u00e0 l&rsquo;atelier.<\/p>\n<p>Nous vous le proposons \u00e9galement sur notre boutique.<\/p>\n<p>Il comprend:<\/p>\n<p>&#8211; 2 joints d&rsquo;\u00e9chappement sur culasses<br \/>\n&#8211; 2 joints simple r\u00e9chauffage de pipe d&rsquo;admission<br \/>\n&#8211; 2 colliers &amp; joints pour boites de chauffage<br \/>\n&#8211; toute la visserie de fixation<\/p>\n<p>&nbsp;<\/p>\n<p>Convient aux VW:<\/p>\n<ul>\n<li>Coccinelle<\/li>\n<li>Combi Split Europe et Br\u00e9sil<\/li>\n<li>Combi Bay Window<\/li>\n<li>Combi Clipper Br\u00e9silien<\/li>\n<li>Transporter T25\/T3 1600CT<\/li>\n<\/ul>\n<p>&nbsp;<\/p>\n","protected":false},"excerpt":{"rendered":"<p>Kit joints \u00e9chappement cox combi 1600CT. Bonne qualit\u00e9, fabrication BBT.<\/p>\n","protected":false},"featured_media":65425,"template":"","meta":[],"product_brand":[],"product_cat":[83,2141,94,56,77,25,26,1988,27,28],"product_tag":[432,224,219,1060,220,671,218,1063,856,925,1064,916,1057,235,223],"class_list":{"0":"post-1232","1":"product","2":"type-product","3":"status-publish","4":"has-post-thumbnail","6":"product_cat-cv111-echappement","7":"product_cat-echappement-clipper","8":"product_cat-cv85-echappement","9":"product_cat-cv97-echappement","10":"product_cat-cv125-echappement","11":"product_cat-pieces-vw-coccinelle-type-1","12":"product_cat-pieces-vw-combi-bay-window-type-2","13":"product_cat-pieces-vw-combi-bresilien-split-clipper","14":"product_cat-piece-vw-combi-split-type-2","15":"product_cat-pieces-vw-transporter-t3-type-25-ct-cu","16":"product_tag-1600ct","17":"product_tag-bay-window","18":"product_tag-coccinelle","19":"product_tag-colliers-dechappement","20":"product_tag-combi","21":"product_tag-combi-split","22":"product_tag-cox","23":"product_tag-double-rechauffage","24":"product_tag-echappement","25":"product_tag-haute-qualite","26":"product_tag-kit-de-montage-dechappement","27":"product_tag-origine","28":"product_tag-silencieux-dechappement","29":"product_tag-transporter","30":"product_tag-vw","32":"first","33":"instock","34":"featured","35":"taxable","36":"shipping-taxable","37":"purchasable","38":"product-type-simple"},"yoast_head":"<!-- This site is optimized with the Yoast SEO plugin v27.4 - https:\/\/yoast.com\/product\/yoast-seo-wordpress\/ -->\n<title>KIT JOINTS \u00c9CHAPPEMENT COX COMBI 1600CT - La boutique LRB<\/title>\n<meta name=\"description\" content=\"Kit joints \u00e9chappement cox combi 1600CT. Bonne qualit\u00e9 de fabrication de chez BBT. Convient aux coccinelles, combi split, bay window, clipper et T3 1600ct.\" \/>\n<meta name=\"robots\" content=\"index, follow, max-snippet:-1, max-image-preview:large, max-video-preview:-1\" \/>\n<link rel=\"canonical\" href=\"https:\/\/les-routes-buissonnieres.fr\/boutik\/produit\/joints-echappement-cox-combi\/\" \/>\n<meta property=\"og:locale\" content=\"fr_FR\" \/>\n<meta property=\"og:type\" content=\"article\" \/>\n<meta property=\"og:title\" content=\"KIT JOINTS \u00c9CHAPPEMENT COX COMBI 1600CT - La boutique LRB\" \/>\n<meta property=\"og:description\" content=\"Kit joints \u00e9chappement cox combi 1600CT. Bonne qualit\u00e9 de fabrication de chez BBT. Convient aux coccinelles, combi split, bay window, clipper et T3 1600ct.\" \/>\n<meta property=\"og:url\" content=\"https:\/\/les-routes-buissonnieres.fr\/boutik\/produit\/joints-echappement-cox-combi\/\" \/>\n<meta property=\"og:site_name\" content=\"La boutique LRB\" \/>\n<meta property=\"article:modified_time\" content=\"2026-01-29T11:17:20+00:00\" \/>\n<meta property=\"og:image\" content=\"https:\/\/les-routes-buissonnieres.fr\/boutik\/wp-content\/uploads\/2012\/02\/11433.21cce939.jpg\" \/>\n\t<meta property=\"og:image:width\" content=\"800\" \/>\n\t<meta property=\"og:image:height\" content=\"800\" \/>\n\t<meta property=\"og:image:type\" content=\"image\/jpeg\" \/>\n<meta name=\"twitter:card\" content=\"summary_large_image\" \/>\n<meta name=\"twitter:label1\" content=\"Dur\u00e9e de lecture estim\u00e9e\" \/>\n\t<meta name=\"twitter:data1\" content=\"1 minute\" \/>\n<script type=\"application\/ld+json\" class=\"yoast-schema-graph\">{\"@context\":\"https:\\\/\\\/schema.org\",\"@graph\":[{\"@type\":\"WebPage\",\"@id\":\"https:\\\/\\\/les-routes-buissonnieres.fr\\\/boutik\\\/produit\\\/joints-echappement-cox-combi\\\/\",\"url\":\"https:\\\/\\\/les-routes-buissonnieres.fr\\\/boutik\\\/produit\\\/joints-echappement-cox-combi\\\/\",\"name\":\"KIT JOINTS \u00c9CHAPPEMENT COX COMBI 1600CT - La boutique LRB\",\"isPartOf\":{\"@id\":\"https:\\\/\\\/les-routes-buissonnieres.fr\\\/boutik\\\/#website\"},\"primaryImageOfPage\":{\"@id\":\"https:\\\/\\\/les-routes-buissonnieres.fr\\\/boutik\\\/produit\\\/joints-echappement-cox-combi\\\/#primaryimage\"},\"image\":{\"@id\":\"https:\\\/\\\/les-routes-buissonnieres.fr\\\/boutik\\\/produit\\\/joints-echappement-cox-combi\\\/#primaryimage\"},\"thumbnailUrl\":\"https:\\\/\\\/les-routes-buissonnieres.fr\\\/boutik\\\/wp-content\\\/uploads\\\/2012\\\/02\\\/11433.21cce939.jpg\",\"datePublished\":\"2012-02-06T17:26:05+00:00\",\"dateModified\":\"2026-01-29T11:17:20+00:00\",\"description\":\"Kit joints \u00e9chappement cox combi 1600CT. Bonne qualit\u00e9 de fabrication de chez BBT. Convient aux coccinelles, combi split, bay window, clipper et T3 1600ct.\",\"breadcrumb\":{\"@id\":\"https:\\\/\\\/les-routes-buissonnieres.fr\\\/boutik\\\/produit\\\/joints-echappement-cox-combi\\\/#breadcrumb\"},\"inLanguage\":\"fr-FR\",\"potentialAction\":[{\"@type\":\"ReadAction\",\"target\":[\"https:\\\/\\\/les-routes-buissonnieres.fr\\\/boutik\\\/produit\\\/joints-echappement-cox-combi\\\/\"]}]},{\"@type\":\"ImageObject\",\"inLanguage\":\"fr-FR\",\"@id\":\"https:\\\/\\\/les-routes-buissonnieres.fr\\\/boutik\\\/produit\\\/joints-echappement-cox-combi\\\/#primaryimage\",\"url\":\"https:\\\/\\\/les-routes-buissonnieres.fr\\\/boutik\\\/wp-content\\\/uploads\\\/2012\\\/02\\\/11433.21cce939.jpg\",\"contentUrl\":\"https:\\\/\\\/les-routes-buissonnieres.fr\\\/boutik\\\/wp-content\\\/uploads\\\/2012\\\/02\\\/11433.21cce939.jpg\",\"width\":800,\"height\":800,\"caption\":\"joints \u00e9chappement cox combi\"},{\"@type\":\"BreadcrumbList\",\"@id\":\"https:\\\/\\\/les-routes-buissonnieres.fr\\\/boutik\\\/produit\\\/joints-echappement-cox-combi\\\/#breadcrumb\",\"itemListElement\":[{\"@type\":\"ListItem\",\"position\":1,\"name\":\"Accueil\",\"item\":\"https:\\\/\\\/les-routes-buissonnieres.fr\\\/boutik\\\/\"},{\"@type\":\"ListItem\",\"position\":2,\"name\":\"Boutique\",\"item\":\"https:\\\/\\\/les-routes-buissonnieres.fr\\\/boutik\\\/\"},{\"@type\":\"ListItem\",\"position\":3,\"name\":\"KIT JOINTS \u00c9CHAPPEMENT COX COMBI 1600CT\"}]},{\"@type\":\"WebSite\",\"@id\":\"https:\\\/\\\/les-routes-buissonnieres.fr\\\/boutik\\\/#website\",\"url\":\"https:\\\/\\\/les-routes-buissonnieres.fr\\\/boutik\\\/\",\"name\":\"La boutique LRB\",\"description\":\"Pi\u00e8ces d\u00e9tach\u00e9es Citro\u00ebn - VW refroidies par air\",\"publisher\":{\"@id\":\"https:\\\/\\\/les-routes-buissonnieres.fr\\\/boutik\\\/#organization\"},\"potentialAction\":[{\"@type\":\"SearchAction\",\"target\":{\"@type\":\"EntryPoint\",\"urlTemplate\":\"https:\\\/\\\/les-routes-buissonnieres.fr\\\/boutik\\\/?s={search_term_string}\"},\"query-input\":{\"@type\":\"PropertyValueSpecification\",\"valueRequired\":true,\"valueName\":\"search_term_string\"}}],\"inLanguage\":\"fr-FR\"},{\"@type\":\"Organization\",\"@id\":\"https:\\\/\\\/les-routes-buissonnieres.fr\\\/boutik\\\/#organization\",\"name\":\"La boutique LRB\",\"url\":\"https:\\\/\\\/les-routes-buissonnieres.fr\\\/boutik\\\/\",\"logo\":{\"@type\":\"ImageObject\",\"inLanguage\":\"fr-FR\",\"@id\":\"https:\\\/\\\/les-routes-buissonnieres.fr\\\/boutik\\\/#\\\/schema\\\/logo\\\/image\\\/\",\"url\":\"https:\\\/\\\/les-routes-buissonnieres.fr\\\/boutik\\\/wp-content\\\/uploads\\\/2023\\\/11\\\/cropped-logo-a-et-c-2023-orange.png\",\"contentUrl\":\"https:\\\/\\\/les-routes-buissonnieres.fr\\\/boutik\\\/wp-content\\\/uploads\\\/2023\\\/11\\\/cropped-logo-a-et-c-2023-orange.png\",\"width\":300,\"height\":176,\"caption\":\"La boutique LRB\"},\"image\":{\"@id\":\"https:\\\/\\\/les-routes-buissonnieres.fr\\\/boutik\\\/#\\\/schema\\\/logo\\\/image\\\/\"}}]}<\/script>\n<!-- \/ Yoast SEO plugin. -->","yoast_head_json":{"title":"KIT JOINTS \u00c9CHAPPEMENT COX COMBI 1600CT - La boutique LRB","description":"Kit joints \u00e9chappement cox combi 1600CT. Bonne qualit\u00e9 de fabrication de chez BBT. Convient aux coccinelles, combi split, bay window, clipper et T3 1600ct.","robots":{"index":"index","follow":"follow","max-snippet":"max-snippet:-1","max-image-preview":"max-image-preview:large","max-video-preview":"max-video-preview:-1"},"canonical":"https:\/\/les-routes-buissonnieres.fr\/boutik\/produit\/joints-echappement-cox-combi\/","og_locale":"fr_FR","og_type":"article","og_title":"KIT JOINTS \u00c9CHAPPEMENT COX COMBI 1600CT - La boutique LRB","og_description":"Kit joints \u00e9chappement cox combi 1600CT. Bonne qualit\u00e9 de fabrication de chez BBT. Convient aux coccinelles, combi split, bay window, clipper et T3 1600ct.","og_url":"https:\/\/les-routes-buissonnieres.fr\/boutik\/produit\/joints-echappement-cox-combi\/","og_site_name":"La boutique LRB","article_modified_time":"2026-01-29T11:17:20+00:00","og_image":[{"width":800,"height":800,"url":"https:\/\/les-routes-buissonnieres.fr\/boutik\/wp-content\/uploads\/2012\/02\/11433.21cce939.jpg","type":"image\/jpeg"}],"twitter_card":"summary_large_image","twitter_misc":{"Dur\u00e9e de lecture estim\u00e9e":"1 minute"},"schema":{"@context":"https:\/\/schema.org","@graph":[{"@type":"WebPage","@id":"https:\/\/les-routes-buissonnieres.fr\/boutik\/produit\/joints-echappement-cox-combi\/","url":"https:\/\/les-routes-buissonnieres.fr\/boutik\/produit\/joints-echappement-cox-combi\/","name":"KIT JOINTS \u00c9CHAPPEMENT COX COMBI 1600CT - La boutique LRB","isPartOf":{"@id":"https:\/\/les-routes-buissonnieres.fr\/boutik\/#website"},"primaryImageOfPage":{"@id":"https:\/\/les-routes-buissonnieres.fr\/boutik\/produit\/joints-echappement-cox-combi\/#primaryimage"},"image":{"@id":"https:\/\/les-routes-buissonnieres.fr\/boutik\/produit\/joints-echappement-cox-combi\/#primaryimage"},"thumbnailUrl":"https:\/\/les-routes-buissonnieres.fr\/boutik\/wp-content\/uploads\/2012\/02\/11433.21cce939.jpg","datePublished":"2012-02-06T17:26:05+00:00","dateModified":"2026-01-29T11:17:20+00:00","description":"Kit joints \u00e9chappement cox combi 1600CT. Bonne qualit\u00e9 de fabrication de chez BBT. Convient aux coccinelles, combi split, bay window, clipper et T3 1600ct.","breadcrumb":{"@id":"https:\/\/les-routes-buissonnieres.fr\/boutik\/produit\/joints-echappement-cox-combi\/#breadcrumb"},"inLanguage":"fr-FR","potentialAction":[{"@type":"ReadAction","target":["https:\/\/les-routes-buissonnieres.fr\/boutik\/produit\/joints-echappement-cox-combi\/"]}]},{"@type":"ImageObject","inLanguage":"fr-FR","@id":"https:\/\/les-routes-buissonnieres.fr\/boutik\/produit\/joints-echappement-cox-combi\/#primaryimage","url":"https:\/\/les-routes-buissonnieres.fr\/boutik\/wp-content\/uploads\/2012\/02\/11433.21cce939.jpg","contentUrl":"https:\/\/les-routes-buissonnieres.fr\/boutik\/wp-content\/uploads\/2012\/02\/11433.21cce939.jpg","width":800,"height":800,"caption":"joints \u00e9chappement cox combi"},{"@type":"BreadcrumbList","@id":"https:\/\/les-routes-buissonnieres.fr\/boutik\/produit\/joints-echappement-cox-combi\/#breadcrumb","itemListElement":[{"@type":"ListItem","position":1,"name":"Accueil","item":"https:\/\/les-routes-buissonnieres.fr\/boutik\/"},{"@type":"ListItem","position":2,"name":"Boutique","item":"https:\/\/les-routes-buissonnieres.fr\/boutik\/"},{"@type":"ListItem","position":3,"name":"KIT JOINTS \u00c9CHAPPEMENT COX COMBI 1600CT"}]},{"@type":"WebSite","@id":"https:\/\/les-routes-buissonnieres.fr\/boutik\/#website","url":"https:\/\/les-routes-buissonnieres.fr\/boutik\/","name":"La boutique LRB","description":"Pi\u00e8ces d\u00e9tach\u00e9es Citro\u00ebn - VW refroidies par air","publisher":{"@id":"https:\/\/les-routes-buissonnieres.fr\/boutik\/#organization"},"potentialAction":[{"@type":"SearchAction","target":{"@type":"EntryPoint","urlTemplate":"https:\/\/les-routes-buissonnieres.fr\/boutik\/?s={search_term_string}"},"query-input":{"@type":"PropertyValueSpecification","valueRequired":true,"valueName":"search_term_string"}}],"inLanguage":"fr-FR"},{"@type":"Organization","@id":"https:\/\/les-routes-buissonnieres.fr\/boutik\/#organization","name":"La boutique LRB","url":"https:\/\/les-routes-buissonnieres.fr\/boutik\/","logo":{"@type":"ImageObject","inLanguage":"fr-FR","@id":"https:\/\/les-routes-buissonnieres.fr\/boutik\/#\/schema\/logo\/image\/","url":"https:\/\/les-routes-buissonnieres.fr\/boutik\/wp-content\/uploads\/2023\/11\/cropped-logo-a-et-c-2023-orange.png","contentUrl":"https:\/\/les-routes-buissonnieres.fr\/boutik\/wp-content\/uploads\/2023\/11\/cropped-logo-a-et-c-2023-orange.png","width":300,"height":176,"caption":"La boutique LRB"},"image":{"@id":"https:\/\/les-routes-buissonnieres.fr\/boutik\/#\/schema\/logo\/image\/"}}]}},"_links":{"self":[{"href":"https:\/\/les-routes-buissonnieres.fr\/boutik\/wp-json\/wp\/v2\/product\/1232","targetHints":{"allow":["GET"]}}],"collection":[{"href":"https:\/\/les-routes-buissonnieres.fr\/boutik\/wp-json\/wp\/v2\/product"}],"about":[{"href":"https:\/\/les-routes-buissonnieres.fr\/boutik\/wp-json\/wp\/v2\/types\/product"}],"wp:featuredmedia":[{"embeddable":true,"href":"https:\/\/les-routes-buissonnieres.fr\/boutik\/wp-json\/wp\/v2\/media\/65425"}],"wp:attachment":[{"href":"https:\/\/les-routes-buissonnieres.fr\/boutik\/wp-json\/wp\/v2\/media?parent=1232"}],"wp:term":[{"taxonomy":"product_brand","embeddable":true,"href":"https:\/\/les-routes-buissonnieres.fr\/boutik\/wp-json\/wp\/v2\/product_brand?post=1232"},{"taxonomy":"product_cat","embeddable":true,"href":"https:\/\/les-routes-buissonnieres.fr\/boutik\/wp-json\/wp\/v2\/product_cat?post=1232"},{"taxonomy":"product_tag","embeddable":true,"href":"https:\/\/les-routes-buissonnieres.fr\/boutik\/wp-json\/wp\/v2\/product_tag?post=1232"}],"curies":[{"name":"wp","href":"https:\/\/api.w.org\/{rel}","templated":true}]}}