{"id":1254,"date":"2012-02-09T11:50:34","date_gmt":"2012-02-09T10:50:34","guid":{"rendered":"http:\/\/ailettes-et-carbus.fr\/?product=feu-de-recul-chrome-hella"},"modified":"2025-10-07T14:46:15","modified_gmt":"2025-10-07T13:46:15","slug":"feu-recul-cox-combi-universel-chrome-hella","status":"publish","type":"product","link":"https:\/\/les-routes-buissonnieres.fr\/boutik\/produit\/feu-recul-cox-combi-universel-chrome-hella\/","title":{"rendered":"FEU RECUL COX COMBI UNIVERSEL CHROM\u00c9 HELLA"},"content":{"rendered":"<p>Feu de recul chrom\u00e9 Hella.<\/p>\n<p>Tr\u00e8s bel accessoire d&rsquo;\u00e9poque aux chromes profonds.<\/p>\n<p>Ce feu de recul de marque Hella se monte sur ou sous le pare choc arri\u00e8re de votre v\u00e9hicule.<\/p>\n<p>Option d&rsquo;\u00e9poque sur les Volkswagen Coccinelle, Combi Split, combi Bay Window, il se retrouve sur bon nombre d&rsquo;ancienne.<\/p>\n<p>Convient tout \u00e0 fait \u00e0 votre 2cv dyane, ami6, ami8 ou Panhard Dyna et PL17.<\/p>\n<p>Qualit\u00e9 monte d&rsquo;origine.<\/p>\n","protected":false},"excerpt":{"rendered":"<p>Feu de recul chrom\u00e9 Hella. Tr\u00e8s belle qualit\u00e9 de fabrication.<\/p>\n","protected":false},"featured_media":1253,"template":"","meta":[],"product_brand":[],"product_cat":[109,137,49,2146,97,123,61,580,29,32,31,107,135,81,2144,75,121,59,25,26,1988,27],"product_tag":[685,216,1367,252,255,219,220,671,218,247,1264,1388,1234,1389],"class_list":{"0":"post-1254","1":"product","2":"type-product","3":"status-publish","4":"has-post-thumbnail","6":"product_cat-cv144-accessoires-exterieurs","7":"product_cat-cv172-accessoires-exterieurs","8":"product_cat-cv116-accessoires-exterieurs","9":"product_cat-accessoires-exterieurs-clipper","10":"product_cat-cv88-accessoires-exterieurs","11":"product_cat-cv158-accessoires-exterieurs","12":"product_cat-cv102-accessoires-exterieurs","13":"product_cat-bonnes-affaires","14":"product_cat-pieces-citroen-2-cv","15":"product_cat-pieces-citroen-ami","16":"product_cat-pieces-citroen-dyane","17":"product_cat-cv142-electricite","18":"product_cat-cv170-electricite","19":"product_cat-cv114-electricite","20":"product_cat-electricite-clipper","21":"product_cat-cv63-electricite","22":"product_cat-cv156-electricite","23":"product_cat-cv100-electricite","24":"product_cat-pieces-vw-coccinelle-type-1","25":"product_cat-pieces-vw-combi-bay-window-type-2","26":"product_cat-pieces-vw-combi-bresilien-split-clipper","27":"product_cat-piece-vw-combi-split-type-2","28":"product_tag-12v","29":"product_tag-2cv","30":"product_tag-accessoires-exterieurs","31":"product_tag-ami6","32":"product_tag-ami8","33":"product_tag-coccinelle","34":"product_tag-combi","35":"product_tag-combi-split","36":"product_tag-cox","37":"product_tag-dyane","38":"product_tag-feu-de-recul","39":"product_tag-feu-de-recul-chrome","40":"product_tag-hella","41":"product_tag-universel","43":"first","44":"instock","45":"sale","46":"featured","47":"taxable","48":"shipping-taxable","49":"purchasable","50":"product-type-simple"},"yoast_head":"<!-- This site is optimized with the Yoast SEO plugin v27.4 - https:\/\/yoast.com\/product\/yoast-seo-wordpress\/ -->\n<title>FEU RECUL COX COMBI UNIVERSEL CHROM\u00c9 HELLA - La boutique LRB<\/title>\n<meta name=\"robots\" content=\"index, follow, max-snippet:-1, max-image-preview:large, max-video-preview:-1\" \/>\n<link rel=\"canonical\" href=\"https:\/\/les-routes-buissonnieres.fr\/boutik\/produit\/feu-recul-cox-combi-universel-chrome-hella\/\" \/>\n<meta property=\"og:locale\" content=\"fr_FR\" \/>\n<meta property=\"og:type\" content=\"article\" \/>\n<meta property=\"og:title\" content=\"FEU RECUL COX COMBI UNIVERSEL CHROM\u00c9 HELLA - La boutique LRB\" \/>\n<meta property=\"og:description\" content=\"Feu de recul chrom\u00e9 Hella. Tr\u00e8s belle qualit\u00e9 de fabrication.\" \/>\n<meta property=\"og:url\" content=\"https:\/\/les-routes-buissonnieres.fr\/boutik\/produit\/feu-recul-cox-combi-universel-chrome-hella\/\" \/>\n<meta property=\"og:site_name\" content=\"La boutique LRB\" \/>\n<meta property=\"article:modified_time\" content=\"2025-10-07T13:46:15+00:00\" \/>\n<meta property=\"og:image\" content=\"https:\/\/les-routes-buissonnieres.fr\/boutik\/wp-content\/uploads\/2012\/02\/FEU_DE_RECUL_CHR_564e36faa5a6a.jpg\" \/>\n\t<meta property=\"og:image:width\" content=\"709\" \/>\n\t<meta property=\"og:image:height\" content=\"707\" \/>\n\t<meta property=\"og:image:type\" content=\"image\/jpeg\" \/>\n<meta name=\"twitter:card\" content=\"summary_large_image\" \/>\n<script type=\"application\/ld+json\" class=\"yoast-schema-graph\">{\"@context\":\"https:\\\/\\\/schema.org\",\"@graph\":[{\"@type\":\"WebPage\",\"@id\":\"https:\\\/\\\/les-routes-buissonnieres.fr\\\/boutik\\\/produit\\\/feu-recul-cox-combi-universel-chrome-hella\\\/\",\"url\":\"https:\\\/\\\/les-routes-buissonnieres.fr\\\/boutik\\\/produit\\\/feu-recul-cox-combi-universel-chrome-hella\\\/\",\"name\":\"FEU RECUL COX COMBI UNIVERSEL CHROM\u00c9 HELLA - La boutique LRB\",\"isPartOf\":{\"@id\":\"https:\\\/\\\/les-routes-buissonnieres.fr\\\/boutik\\\/#website\"},\"primaryImageOfPage\":{\"@id\":\"https:\\\/\\\/les-routes-buissonnieres.fr\\\/boutik\\\/produit\\\/feu-recul-cox-combi-universel-chrome-hella\\\/#primaryimage\"},\"image\":{\"@id\":\"https:\\\/\\\/les-routes-buissonnieres.fr\\\/boutik\\\/produit\\\/feu-recul-cox-combi-universel-chrome-hella\\\/#primaryimage\"},\"thumbnailUrl\":\"https:\\\/\\\/les-routes-buissonnieres.fr\\\/boutik\\\/wp-content\\\/uploads\\\/2012\\\/02\\\/FEU_DE_RECUL_CHR_564e36faa5a6a.jpg\",\"datePublished\":\"2012-02-09T10:50:34+00:00\",\"dateModified\":\"2025-10-07T13:46:15+00:00\",\"breadcrumb\":{\"@id\":\"https:\\\/\\\/les-routes-buissonnieres.fr\\\/boutik\\\/produit\\\/feu-recul-cox-combi-universel-chrome-hella\\\/#breadcrumb\"},\"inLanguage\":\"fr-FR\",\"potentialAction\":[{\"@type\":\"ReadAction\",\"target\":[\"https:\\\/\\\/les-routes-buissonnieres.fr\\\/boutik\\\/produit\\\/feu-recul-cox-combi-universel-chrome-hella\\\/\"]}]},{\"@type\":\"ImageObject\",\"inLanguage\":\"fr-FR\",\"@id\":\"https:\\\/\\\/les-routes-buissonnieres.fr\\\/boutik\\\/produit\\\/feu-recul-cox-combi-universel-chrome-hella\\\/#primaryimage\",\"url\":\"https:\\\/\\\/les-routes-buissonnieres.fr\\\/boutik\\\/wp-content\\\/uploads\\\/2012\\\/02\\\/FEU_DE_RECUL_CHR_564e36faa5a6a.jpg\",\"contentUrl\":\"https:\\\/\\\/les-routes-buissonnieres.fr\\\/boutik\\\/wp-content\\\/uploads\\\/2012\\\/02\\\/FEU_DE_RECUL_CHR_564e36faa5a6a.jpg\",\"width\":709,\"height\":707},{\"@type\":\"BreadcrumbList\",\"@id\":\"https:\\\/\\\/les-routes-buissonnieres.fr\\\/boutik\\\/produit\\\/feu-recul-cox-combi-universel-chrome-hella\\\/#breadcrumb\",\"itemListElement\":[{\"@type\":\"ListItem\",\"position\":1,\"name\":\"Accueil\",\"item\":\"https:\\\/\\\/les-routes-buissonnieres.fr\\\/boutik\\\/\"},{\"@type\":\"ListItem\",\"position\":2,\"name\":\"Boutique\",\"item\":\"https:\\\/\\\/les-routes-buissonnieres.fr\\\/boutik\\\/\"},{\"@type\":\"ListItem\",\"position\":3,\"name\":\"FEU RECUL COX COMBI UNIVERSEL CHROM\u00c9 HELLA\"}]},{\"@type\":\"WebSite\",\"@id\":\"https:\\\/\\\/les-routes-buissonnieres.fr\\\/boutik\\\/#website\",\"url\":\"https:\\\/\\\/les-routes-buissonnieres.fr\\\/boutik\\\/\",\"name\":\"La boutique LRB\",\"description\":\"Pi\u00e8ces d\u00e9tach\u00e9es Citro\u00ebn - VW refroidies par air\",\"publisher\":{\"@id\":\"https:\\\/\\\/les-routes-buissonnieres.fr\\\/boutik\\\/#organization\"},\"potentialAction\":[{\"@type\":\"SearchAction\",\"target\":{\"@type\":\"EntryPoint\",\"urlTemplate\":\"https:\\\/\\\/les-routes-buissonnieres.fr\\\/boutik\\\/?s={search_term_string}\"},\"query-input\":{\"@type\":\"PropertyValueSpecification\",\"valueRequired\":true,\"valueName\":\"search_term_string\"}}],\"inLanguage\":\"fr-FR\"},{\"@type\":\"Organization\",\"@id\":\"https:\\\/\\\/les-routes-buissonnieres.fr\\\/boutik\\\/#organization\",\"name\":\"La boutique LRB\",\"url\":\"https:\\\/\\\/les-routes-buissonnieres.fr\\\/boutik\\\/\",\"logo\":{\"@type\":\"ImageObject\",\"inLanguage\":\"fr-FR\",\"@id\":\"https:\\\/\\\/les-routes-buissonnieres.fr\\\/boutik\\\/#\\\/schema\\\/logo\\\/image\\\/\",\"url\":\"https:\\\/\\\/les-routes-buissonnieres.fr\\\/boutik\\\/wp-content\\\/uploads\\\/2023\\\/11\\\/cropped-logo-a-et-c-2023-orange.png\",\"contentUrl\":\"https:\\\/\\\/les-routes-buissonnieres.fr\\\/boutik\\\/wp-content\\\/uploads\\\/2023\\\/11\\\/cropped-logo-a-et-c-2023-orange.png\",\"width\":300,\"height\":176,\"caption\":\"La boutique LRB\"},\"image\":{\"@id\":\"https:\\\/\\\/les-routes-buissonnieres.fr\\\/boutik\\\/#\\\/schema\\\/logo\\\/image\\\/\"}}]}<\/script>\n<!-- \/ Yoast SEO plugin. -->","yoast_head_json":{"title":"FEU RECUL COX COMBI UNIVERSEL CHROM\u00c9 HELLA - La boutique LRB","robots":{"index":"index","follow":"follow","max-snippet":"max-snippet:-1","max-image-preview":"max-image-preview:large","max-video-preview":"max-video-preview:-1"},"canonical":"https:\/\/les-routes-buissonnieres.fr\/boutik\/produit\/feu-recul-cox-combi-universel-chrome-hella\/","og_locale":"fr_FR","og_type":"article","og_title":"FEU RECUL COX COMBI UNIVERSEL CHROM\u00c9 HELLA - La boutique LRB","og_description":"Feu de recul chrom\u00e9 Hella. Tr\u00e8s belle qualit\u00e9 de fabrication.","og_url":"https:\/\/les-routes-buissonnieres.fr\/boutik\/produit\/feu-recul-cox-combi-universel-chrome-hella\/","og_site_name":"La boutique LRB","article_modified_time":"2025-10-07T13:46:15+00:00","og_image":[{"width":709,"height":707,"url":"https:\/\/les-routes-buissonnieres.fr\/boutik\/wp-content\/uploads\/2012\/02\/FEU_DE_RECUL_CHR_564e36faa5a6a.jpg","type":"image\/jpeg"}],"twitter_card":"summary_large_image","schema":{"@context":"https:\/\/schema.org","@graph":[{"@type":"WebPage","@id":"https:\/\/les-routes-buissonnieres.fr\/boutik\/produit\/feu-recul-cox-combi-universel-chrome-hella\/","url":"https:\/\/les-routes-buissonnieres.fr\/boutik\/produit\/feu-recul-cox-combi-universel-chrome-hella\/","name":"FEU RECUL COX COMBI UNIVERSEL CHROM\u00c9 HELLA - La boutique LRB","isPartOf":{"@id":"https:\/\/les-routes-buissonnieres.fr\/boutik\/#website"},"primaryImageOfPage":{"@id":"https:\/\/les-routes-buissonnieres.fr\/boutik\/produit\/feu-recul-cox-combi-universel-chrome-hella\/#primaryimage"},"image":{"@id":"https:\/\/les-routes-buissonnieres.fr\/boutik\/produit\/feu-recul-cox-combi-universel-chrome-hella\/#primaryimage"},"thumbnailUrl":"https:\/\/les-routes-buissonnieres.fr\/boutik\/wp-content\/uploads\/2012\/02\/FEU_DE_RECUL_CHR_564e36faa5a6a.jpg","datePublished":"2012-02-09T10:50:34+00:00","dateModified":"2025-10-07T13:46:15+00:00","breadcrumb":{"@id":"https:\/\/les-routes-buissonnieres.fr\/boutik\/produit\/feu-recul-cox-combi-universel-chrome-hella\/#breadcrumb"},"inLanguage":"fr-FR","potentialAction":[{"@type":"ReadAction","target":["https:\/\/les-routes-buissonnieres.fr\/boutik\/produit\/feu-recul-cox-combi-universel-chrome-hella\/"]}]},{"@type":"ImageObject","inLanguage":"fr-FR","@id":"https:\/\/les-routes-buissonnieres.fr\/boutik\/produit\/feu-recul-cox-combi-universel-chrome-hella\/#primaryimage","url":"https:\/\/les-routes-buissonnieres.fr\/boutik\/wp-content\/uploads\/2012\/02\/FEU_DE_RECUL_CHR_564e36faa5a6a.jpg","contentUrl":"https:\/\/les-routes-buissonnieres.fr\/boutik\/wp-content\/uploads\/2012\/02\/FEU_DE_RECUL_CHR_564e36faa5a6a.jpg","width":709,"height":707},{"@type":"BreadcrumbList","@id":"https:\/\/les-routes-buissonnieres.fr\/boutik\/produit\/feu-recul-cox-combi-universel-chrome-hella\/#breadcrumb","itemListElement":[{"@type":"ListItem","position":1,"name":"Accueil","item":"https:\/\/les-routes-buissonnieres.fr\/boutik\/"},{"@type":"ListItem","position":2,"name":"Boutique","item":"https:\/\/les-routes-buissonnieres.fr\/boutik\/"},{"@type":"ListItem","position":3,"name":"FEU RECUL COX COMBI UNIVERSEL CHROM\u00c9 HELLA"}]},{"@type":"WebSite","@id":"https:\/\/les-routes-buissonnieres.fr\/boutik\/#website","url":"https:\/\/les-routes-buissonnieres.fr\/boutik\/","name":"La boutique LRB","description":"Pi\u00e8ces d\u00e9tach\u00e9es Citro\u00ebn - VW refroidies par air","publisher":{"@id":"https:\/\/les-routes-buissonnieres.fr\/boutik\/#organization"},"potentialAction":[{"@type":"SearchAction","target":{"@type":"EntryPoint","urlTemplate":"https:\/\/les-routes-buissonnieres.fr\/boutik\/?s={search_term_string}"},"query-input":{"@type":"PropertyValueSpecification","valueRequired":true,"valueName":"search_term_string"}}],"inLanguage":"fr-FR"},{"@type":"Organization","@id":"https:\/\/les-routes-buissonnieres.fr\/boutik\/#organization","name":"La boutique LRB","url":"https:\/\/les-routes-buissonnieres.fr\/boutik\/","logo":{"@type":"ImageObject","inLanguage":"fr-FR","@id":"https:\/\/les-routes-buissonnieres.fr\/boutik\/#\/schema\/logo\/image\/","url":"https:\/\/les-routes-buissonnieres.fr\/boutik\/wp-content\/uploads\/2023\/11\/cropped-logo-a-et-c-2023-orange.png","contentUrl":"https:\/\/les-routes-buissonnieres.fr\/boutik\/wp-content\/uploads\/2023\/11\/cropped-logo-a-et-c-2023-orange.png","width":300,"height":176,"caption":"La boutique LRB"},"image":{"@id":"https:\/\/les-routes-buissonnieres.fr\/boutik\/#\/schema\/logo\/image\/"}}]}},"_links":{"self":[{"href":"https:\/\/les-routes-buissonnieres.fr\/boutik\/wp-json\/wp\/v2\/product\/1254","targetHints":{"allow":["GET"]}}],"collection":[{"href":"https:\/\/les-routes-buissonnieres.fr\/boutik\/wp-json\/wp\/v2\/product"}],"about":[{"href":"https:\/\/les-routes-buissonnieres.fr\/boutik\/wp-json\/wp\/v2\/types\/product"}],"wp:featuredmedia":[{"embeddable":true,"href":"https:\/\/les-routes-buissonnieres.fr\/boutik\/wp-json\/wp\/v2\/media\/1253"}],"wp:attachment":[{"href":"https:\/\/les-routes-buissonnieres.fr\/boutik\/wp-json\/wp\/v2\/media?parent=1254"}],"wp:term":[{"taxonomy":"product_brand","embeddable":true,"href":"https:\/\/les-routes-buissonnieres.fr\/boutik\/wp-json\/wp\/v2\/product_brand?post=1254"},{"taxonomy":"product_cat","embeddable":true,"href":"https:\/\/les-routes-buissonnieres.fr\/boutik\/wp-json\/wp\/v2\/product_cat?post=1254"},{"taxonomy":"product_tag","embeddable":true,"href":"https:\/\/les-routes-buissonnieres.fr\/boutik\/wp-json\/wp\/v2\/product_tag?post=1254"}],"curies":[{"name":"wp","href":"https:\/\/api.w.org\/{rel}","templated":true}]}}