{"id":14834,"date":"2016-10-24T08:25:28","date_gmt":"2016-10-24T07:25:28","guid":{"rendered":"http:\/\/ailettes-et-carbus.fr\/?post_type=product&#038;p=14834"},"modified":"2025-01-30T17:11:37","modified_gmt":"2025-01-30T16:11:37","slug":"raccord-essence-en-t-6mm","status":"publish","type":"product","link":"https:\/\/les-routes-buissonnieres.fr\/boutik\/produit\/raccord-essence-en-t-6mm\/","title":{"rendered":"RACCORD ESSENCE EN T 6MM"},"content":{"rendered":"<h2>RACCORD ESSENCE EN T 6MM<\/h2>\n<p>Raccord essence en T 6mm.<\/p>\n<p>Utilisation universelle. Raccord m\u00e9tallique en \u00ab\u00a0T\u00a0\u00bb pour <a href=\"https:\/\/fr.wikipedia.org\/wiki\/Durit\" target=\"_blank\" rel=\"noopener noreferrer\">durit <\/a>d&rsquo;essence en diam\u00e8tre 6 mm. S\u00e9curit\u00e9 accrue en comparaison des mod\u00e8les en plastique qui peuvent casser.<\/p>\n<p>Utilisez des colliers pour s\u00e9curiser les raccords.<\/p>\n<p>&nbsp;<\/p>\n","protected":false},"excerpt":{"rendered":"<p>Raccord essence en T 6mm. Utilisation universelle.<\/p>\n","protected":false},"featured_media":14866,"template":"","meta":[],"product_brand":[],"product_cat":[45,127,65,91,113,74,79,29,32,31,1959,25,26,27,28],"product_tag":[319,320,216,226,246,245,287,249,254,253,215,251,250,256,252,255,213,225,212,211,214,221,224,238,219,220,218,286,247,240,241,248,239,318,236,222,233,232,235,228,243,229,230,231,257,223],"class_list":{"0":"post-14834","1":"product","2":"type-product","3":"status-publish","4":"has-post-thumbnail","6":"product_cat-cv134-alimentation-carburant","7":"product_cat-cv162-alimentation-carburant","8":"product_cat-cv106-alimentation-carburant","9":"product_cat-cv82-alimentation-carburant","10":"product_cat-cv148-alimentation-carburant","11":"product_cat-cv92-alimentation-carburant","12":"product_cat-cv120-alimentation-carburant","13":"product_cat-pieces-citroen-2-cv","14":"product_cat-pieces-citroen-ami","15":"product_cat-pieces-citroen-dyane","16":"product_cat-cv231-entretien","17":"product_cat-pieces-vw-coccinelle-type-1","18":"product_cat-pieces-vw-combi-bay-window-type-2","19":"product_cat-piece-vw-combi-split-type-2","20":"product_cat-pieces-vw-transporter-t3-type-25-ct-cu","21":"product_tag-24bt","22":"product_tag-24ct","23":"product_tag-2cv","24":"product_tag-2cv-az","25":"product_tag-2cv-azka","26":"product_tag-2cv-fourgonette","27":"product_tag-2lcu","28":"product_tag-acadiane","29":"product_tag-ak-350","30":"product_tag-ak350","31":"product_tag-akl","32":"product_tag-ami","33":"product_tag-ami-6","34":"product_tag-ami-8","35":"product_tag-ami6","36":"product_tag-ami8","37":"product_tag-au","38":"product_tag-az","39":"product_tag-azam","40":"product_tag-azl","41":"product_tag-azu","42":"product_tag-bay","43":"product_tag-bay-window","44":"product_tag-citroen","45":"product_tag-coccinelle","46":"product_tag-combi","47":"product_tag-cox","48":"product_tag-cu","49":"product_tag-dyane","50":"product_tag-gs","51":"product_tag-gsa","52":"product_tag-mehari","53":"product_tag-panhard","54":"product_tag-pl17","55":"product_tag-popo","56":"product_tag-split","57":"product_tag-t25","58":"product_tag-t3","59":"product_tag-transporter","60":"product_tag-type-1","61":"product_tag-type-14","62":"product_tag-type-2","63":"product_tag-type-3","64":"product_tag-type-4","65":"product_tag-type25","66":"product_tag-vw","68":"first","69":"instock","70":"taxable","71":"shipping-taxable","72":"purchasable","73":"product-type-simple"},"yoast_head":"<!-- This site is optimized with the Yoast SEO plugin v27.4 - https:\/\/yoast.com\/product\/yoast-seo-wordpress\/ -->\n<title>RACCORD ESSENCE EN T 6MM - La boutique LRB<\/title>\n<meta name=\"description\" content=\"Raccord essence en T 6mm. Utilisation universelle. S\u00e9curit\u00e9 accrue en comparaison des mod\u00e8les en plastique qui peuvent casser.\" \/>\n<meta name=\"robots\" content=\"index, follow, max-snippet:-1, max-image-preview:large, max-video-preview:-1\" \/>\n<link rel=\"canonical\" href=\"https:\/\/les-routes-buissonnieres.fr\/boutik\/produit\/raccord-essence-en-t-6mm\/\" \/>\n<meta property=\"og:locale\" content=\"fr_FR\" \/>\n<meta property=\"og:type\" content=\"article\" \/>\n<meta property=\"og:title\" content=\"RACCORD ESSENCE EN T 6MM - La boutique LRB\" \/>\n<meta property=\"og:description\" content=\"Raccord essence en T 6mm. Utilisation universelle. S\u00e9curit\u00e9 accrue en comparaison des mod\u00e8les en plastique qui peuvent casser.\" \/>\n<meta property=\"og:url\" content=\"https:\/\/les-routes-buissonnieres.fr\/boutik\/produit\/raccord-essence-en-t-6mm\/\" \/>\n<meta property=\"og:site_name\" content=\"La boutique LRB\" \/>\n<meta property=\"article:modified_time\" content=\"2025-01-30T16:11:37+00:00\" \/>\n<meta property=\"og:image\" content=\"https:\/\/les-routes-buissonnieres.fr\/boutik\/wp-content\/uploads\/2016\/10\/raccord-essence-en-t-6mm-NVWB102-ailettes-et-carbus.jpg\" \/>\n\t<meta property=\"og:image:width\" content=\"1080\" \/>\n\t<meta property=\"og:image:height\" content=\"1080\" \/>\n\t<meta property=\"og:image:type\" content=\"image\/jpeg\" \/>\n<meta name=\"twitter:card\" content=\"summary_large_image\" \/>\n<script type=\"application\/ld+json\" class=\"yoast-schema-graph\">{\"@context\":\"https:\\\/\\\/schema.org\",\"@graph\":[{\"@type\":\"WebPage\",\"@id\":\"https:\\\/\\\/les-routes-buissonnieres.fr\\\/boutik\\\/produit\\\/raccord-essence-en-t-6mm\\\/\",\"url\":\"https:\\\/\\\/les-routes-buissonnieres.fr\\\/boutik\\\/produit\\\/raccord-essence-en-t-6mm\\\/\",\"name\":\"RACCORD ESSENCE EN T 6MM - La boutique LRB\",\"isPartOf\":{\"@id\":\"https:\\\/\\\/les-routes-buissonnieres.fr\\\/boutik\\\/#website\"},\"primaryImageOfPage\":{\"@id\":\"https:\\\/\\\/les-routes-buissonnieres.fr\\\/boutik\\\/produit\\\/raccord-essence-en-t-6mm\\\/#primaryimage\"},\"image\":{\"@id\":\"https:\\\/\\\/les-routes-buissonnieres.fr\\\/boutik\\\/produit\\\/raccord-essence-en-t-6mm\\\/#primaryimage\"},\"thumbnailUrl\":\"https:\\\/\\\/les-routes-buissonnieres.fr\\\/boutik\\\/wp-content\\\/uploads\\\/2016\\\/10\\\/raccord-essence-en-t-6mm-NVWB102-ailettes-et-carbus.jpg\",\"datePublished\":\"2016-10-24T07:25:28+00:00\",\"dateModified\":\"2025-01-30T16:11:37+00:00\",\"description\":\"Raccord essence en T 6mm. Utilisation universelle. S\u00e9curit\u00e9 accrue en comparaison des mod\u00e8les en plastique qui peuvent casser.\",\"breadcrumb\":{\"@id\":\"https:\\\/\\\/les-routes-buissonnieres.fr\\\/boutik\\\/produit\\\/raccord-essence-en-t-6mm\\\/#breadcrumb\"},\"inLanguage\":\"fr-FR\",\"potentialAction\":[{\"@type\":\"ReadAction\",\"target\":[\"https:\\\/\\\/les-routes-buissonnieres.fr\\\/boutik\\\/produit\\\/raccord-essence-en-t-6mm\\\/\"]}]},{\"@type\":\"ImageObject\",\"inLanguage\":\"fr-FR\",\"@id\":\"https:\\\/\\\/les-routes-buissonnieres.fr\\\/boutik\\\/produit\\\/raccord-essence-en-t-6mm\\\/#primaryimage\",\"url\":\"https:\\\/\\\/les-routes-buissonnieres.fr\\\/boutik\\\/wp-content\\\/uploads\\\/2016\\\/10\\\/raccord-essence-en-t-6mm-NVWB102-ailettes-et-carbus.jpg\",\"contentUrl\":\"https:\\\/\\\/les-routes-buissonnieres.fr\\\/boutik\\\/wp-content\\\/uploads\\\/2016\\\/10\\\/raccord-essence-en-t-6mm-NVWB102-ailettes-et-carbus.jpg\",\"width\":1080,\"height\":1080,\"caption\":\"Raccord essence en T 6mm\"},{\"@type\":\"BreadcrumbList\",\"@id\":\"https:\\\/\\\/les-routes-buissonnieres.fr\\\/boutik\\\/produit\\\/raccord-essence-en-t-6mm\\\/#breadcrumb\",\"itemListElement\":[{\"@type\":\"ListItem\",\"position\":1,\"name\":\"Accueil\",\"item\":\"https:\\\/\\\/les-routes-buissonnieres.fr\\\/boutik\\\/\"},{\"@type\":\"ListItem\",\"position\":2,\"name\":\"Boutique\",\"item\":\"https:\\\/\\\/les-routes-buissonnieres.fr\\\/boutik\\\/\"},{\"@type\":\"ListItem\",\"position\":3,\"name\":\"RACCORD ESSENCE EN T 6MM\"}]},{\"@type\":\"WebSite\",\"@id\":\"https:\\\/\\\/les-routes-buissonnieres.fr\\\/boutik\\\/#website\",\"url\":\"https:\\\/\\\/les-routes-buissonnieres.fr\\\/boutik\\\/\",\"name\":\"La boutique LRB\",\"description\":\"Pi\u00e8ces d\u00e9tach\u00e9es Citro\u00ebn - VW refroidies par air\",\"publisher\":{\"@id\":\"https:\\\/\\\/les-routes-buissonnieres.fr\\\/boutik\\\/#organization\"},\"potentialAction\":[{\"@type\":\"SearchAction\",\"target\":{\"@type\":\"EntryPoint\",\"urlTemplate\":\"https:\\\/\\\/les-routes-buissonnieres.fr\\\/boutik\\\/?s={search_term_string}\"},\"query-input\":{\"@type\":\"PropertyValueSpecification\",\"valueRequired\":true,\"valueName\":\"search_term_string\"}}],\"inLanguage\":\"fr-FR\"},{\"@type\":\"Organization\",\"@id\":\"https:\\\/\\\/les-routes-buissonnieres.fr\\\/boutik\\\/#organization\",\"name\":\"La boutique LRB\",\"url\":\"https:\\\/\\\/les-routes-buissonnieres.fr\\\/boutik\\\/\",\"logo\":{\"@type\":\"ImageObject\",\"inLanguage\":\"fr-FR\",\"@id\":\"https:\\\/\\\/les-routes-buissonnieres.fr\\\/boutik\\\/#\\\/schema\\\/logo\\\/image\\\/\",\"url\":\"https:\\\/\\\/les-routes-buissonnieres.fr\\\/boutik\\\/wp-content\\\/uploads\\\/2023\\\/11\\\/cropped-logo-a-et-c-2023-orange.png\",\"contentUrl\":\"https:\\\/\\\/les-routes-buissonnieres.fr\\\/boutik\\\/wp-content\\\/uploads\\\/2023\\\/11\\\/cropped-logo-a-et-c-2023-orange.png\",\"width\":300,\"height\":176,\"caption\":\"La boutique LRB\"},\"image\":{\"@id\":\"https:\\\/\\\/les-routes-buissonnieres.fr\\\/boutik\\\/#\\\/schema\\\/logo\\\/image\\\/\"}}]}<\/script>\n<!-- \/ Yoast SEO plugin. -->","yoast_head_json":{"title":"RACCORD ESSENCE EN T 6MM - La boutique LRB","description":"Raccord essence en T 6mm. Utilisation universelle. S\u00e9curit\u00e9 accrue en comparaison des mod\u00e8les en plastique qui peuvent casser.","robots":{"index":"index","follow":"follow","max-snippet":"max-snippet:-1","max-image-preview":"max-image-preview:large","max-video-preview":"max-video-preview:-1"},"canonical":"https:\/\/les-routes-buissonnieres.fr\/boutik\/produit\/raccord-essence-en-t-6mm\/","og_locale":"fr_FR","og_type":"article","og_title":"RACCORD ESSENCE EN T 6MM - La boutique LRB","og_description":"Raccord essence en T 6mm. Utilisation universelle. S\u00e9curit\u00e9 accrue en comparaison des mod\u00e8les en plastique qui peuvent casser.","og_url":"https:\/\/les-routes-buissonnieres.fr\/boutik\/produit\/raccord-essence-en-t-6mm\/","og_site_name":"La boutique LRB","article_modified_time":"2025-01-30T16:11:37+00:00","og_image":[{"width":1080,"height":1080,"url":"https:\/\/les-routes-buissonnieres.fr\/boutik\/wp-content\/uploads\/2016\/10\/raccord-essence-en-t-6mm-NVWB102-ailettes-et-carbus.jpg","type":"image\/jpeg"}],"twitter_card":"summary_large_image","schema":{"@context":"https:\/\/schema.org","@graph":[{"@type":"WebPage","@id":"https:\/\/les-routes-buissonnieres.fr\/boutik\/produit\/raccord-essence-en-t-6mm\/","url":"https:\/\/les-routes-buissonnieres.fr\/boutik\/produit\/raccord-essence-en-t-6mm\/","name":"RACCORD ESSENCE EN T 6MM - La boutique LRB","isPartOf":{"@id":"https:\/\/les-routes-buissonnieres.fr\/boutik\/#website"},"primaryImageOfPage":{"@id":"https:\/\/les-routes-buissonnieres.fr\/boutik\/produit\/raccord-essence-en-t-6mm\/#primaryimage"},"image":{"@id":"https:\/\/les-routes-buissonnieres.fr\/boutik\/produit\/raccord-essence-en-t-6mm\/#primaryimage"},"thumbnailUrl":"https:\/\/les-routes-buissonnieres.fr\/boutik\/wp-content\/uploads\/2016\/10\/raccord-essence-en-t-6mm-NVWB102-ailettes-et-carbus.jpg","datePublished":"2016-10-24T07:25:28+00:00","dateModified":"2025-01-30T16:11:37+00:00","description":"Raccord essence en T 6mm. Utilisation universelle. S\u00e9curit\u00e9 accrue en comparaison des mod\u00e8les en plastique qui peuvent casser.","breadcrumb":{"@id":"https:\/\/les-routes-buissonnieres.fr\/boutik\/produit\/raccord-essence-en-t-6mm\/#breadcrumb"},"inLanguage":"fr-FR","potentialAction":[{"@type":"ReadAction","target":["https:\/\/les-routes-buissonnieres.fr\/boutik\/produit\/raccord-essence-en-t-6mm\/"]}]},{"@type":"ImageObject","inLanguage":"fr-FR","@id":"https:\/\/les-routes-buissonnieres.fr\/boutik\/produit\/raccord-essence-en-t-6mm\/#primaryimage","url":"https:\/\/les-routes-buissonnieres.fr\/boutik\/wp-content\/uploads\/2016\/10\/raccord-essence-en-t-6mm-NVWB102-ailettes-et-carbus.jpg","contentUrl":"https:\/\/les-routes-buissonnieres.fr\/boutik\/wp-content\/uploads\/2016\/10\/raccord-essence-en-t-6mm-NVWB102-ailettes-et-carbus.jpg","width":1080,"height":1080,"caption":"Raccord essence en T 6mm"},{"@type":"BreadcrumbList","@id":"https:\/\/les-routes-buissonnieres.fr\/boutik\/produit\/raccord-essence-en-t-6mm\/#breadcrumb","itemListElement":[{"@type":"ListItem","position":1,"name":"Accueil","item":"https:\/\/les-routes-buissonnieres.fr\/boutik\/"},{"@type":"ListItem","position":2,"name":"Boutique","item":"https:\/\/les-routes-buissonnieres.fr\/boutik\/"},{"@type":"ListItem","position":3,"name":"RACCORD ESSENCE EN T 6MM"}]},{"@type":"WebSite","@id":"https:\/\/les-routes-buissonnieres.fr\/boutik\/#website","url":"https:\/\/les-routes-buissonnieres.fr\/boutik\/","name":"La boutique LRB","description":"Pi\u00e8ces d\u00e9tach\u00e9es Citro\u00ebn - VW refroidies par air","publisher":{"@id":"https:\/\/les-routes-buissonnieres.fr\/boutik\/#organization"},"potentialAction":[{"@type":"SearchAction","target":{"@type":"EntryPoint","urlTemplate":"https:\/\/les-routes-buissonnieres.fr\/boutik\/?s={search_term_string}"},"query-input":{"@type":"PropertyValueSpecification","valueRequired":true,"valueName":"search_term_string"}}],"inLanguage":"fr-FR"},{"@type":"Organization","@id":"https:\/\/les-routes-buissonnieres.fr\/boutik\/#organization","name":"La boutique LRB","url":"https:\/\/les-routes-buissonnieres.fr\/boutik\/","logo":{"@type":"ImageObject","inLanguage":"fr-FR","@id":"https:\/\/les-routes-buissonnieres.fr\/boutik\/#\/schema\/logo\/image\/","url":"https:\/\/les-routes-buissonnieres.fr\/boutik\/wp-content\/uploads\/2023\/11\/cropped-logo-a-et-c-2023-orange.png","contentUrl":"https:\/\/les-routes-buissonnieres.fr\/boutik\/wp-content\/uploads\/2023\/11\/cropped-logo-a-et-c-2023-orange.png","width":300,"height":176,"caption":"La boutique LRB"},"image":{"@id":"https:\/\/les-routes-buissonnieres.fr\/boutik\/#\/schema\/logo\/image\/"}}]}},"_links":{"self":[{"href":"https:\/\/les-routes-buissonnieres.fr\/boutik\/wp-json\/wp\/v2\/product\/14834","targetHints":{"allow":["GET"]}}],"collection":[{"href":"https:\/\/les-routes-buissonnieres.fr\/boutik\/wp-json\/wp\/v2\/product"}],"about":[{"href":"https:\/\/les-routes-buissonnieres.fr\/boutik\/wp-json\/wp\/v2\/types\/product"}],"wp:featuredmedia":[{"embeddable":true,"href":"https:\/\/les-routes-buissonnieres.fr\/boutik\/wp-json\/wp\/v2\/media\/14866"}],"wp:attachment":[{"href":"https:\/\/les-routes-buissonnieres.fr\/boutik\/wp-json\/wp\/v2\/media?parent=14834"}],"wp:term":[{"taxonomy":"product_brand","embeddable":true,"href":"https:\/\/les-routes-buissonnieres.fr\/boutik\/wp-json\/wp\/v2\/product_brand?post=14834"},{"taxonomy":"product_cat","embeddable":true,"href":"https:\/\/les-routes-buissonnieres.fr\/boutik\/wp-json\/wp\/v2\/product_cat?post=14834"},{"taxonomy":"product_tag","embeddable":true,"href":"https:\/\/les-routes-buissonnieres.fr\/boutik\/wp-json\/wp\/v2\/product_tag?post=14834"}],"curies":[{"name":"wp","href":"https:\/\/api.w.org\/{rel}","templated":true}]}}