{"id":15367,"date":"2016-11-26T17:03:51","date_gmt":"2016-11-26T16:03:51","guid":{"rendered":"http:\/\/ailettes-et-carbus.fr\/?post_type=product&#038;p=15367"},"modified":"2020-05-13T10:54:14","modified_gmt":"2020-05-13T09:54:14","slug":"clip-panneau-westfalia-vw-t3-beige","status":"publish","type":"product","link":"https:\/\/les-routes-buissonnieres.fr\/boutik\/produit\/clip-panneau-westfalia-vw-t3-beige\/","title":{"rendered":"CLIP PANNEAU  WESTFALIA VW T3 BEIGE"},"content":{"rendered":"<h2>CLIP PANNEAU \u00a0WESTFALIA VW T3 BEIGE<\/h2>\n<p>Clip panneau Westfalia VW T3 beige.<\/p>\n<p>Tr\u00e8s belle refabrication comme \u00e0 l&rsquo;origine. Ces clips sp\u00e9cifiques aux am\u00e9nagements Westfalia des VW Transporter T3 sont maintenant refabriqu\u00e9s.<\/p>\n<p>Ils s&rsquo;utilisent pour les panneaux de porte lat\u00e9rale et de hayon.<\/p>\n<p>A remplacer pour une finition impeccable lors d&rsquo;une restauration ou tout simplement pour remplacer vos clips cass\u00e9s.<\/p>\n<p>Convient aux VW Transporter T25\/T3 toutes ann\u00e9es.<\/p>\n","protected":false},"excerpt":{"rendered":"<p>Clip panneau Westfalia VW T3 beige. Excellente refabrication.<\/p>\n","protected":false},"featured_media":15394,"template":"","meta":[],"product_brand":[],"product_cat":[86,28],"product_tag":[869,1443,1407,1441,233,232,1444,223,329],"class_list":{"0":"post-15367","1":"product","2":"type-product","3":"status-publish","4":"has-post-thumbnail","6":"product_cat-cv131-interieur-du-vehicule","7":"product_cat-pieces-vw-transporter-t3-type-25-ct-cu","8":"product_tag-clip","9":"product_tag-clip-de-panneau-de-porte","10":"product_tag-interieur-du-vehicule","11":"product_tag-panneau-de-porte","12":"product_tag-t25","13":"product_tag-t3","14":"product_tag-tansporter","15":"product_tag-vw","16":"product_tag-westfalia","18":"first","19":"instock","20":"taxable","21":"shipping-taxable","22":"purchasable","23":"product-type-simple"},"yoast_head":"<!-- This site is optimized with the Yoast SEO plugin v27.4 - https:\/\/yoast.com\/product\/yoast-seo-wordpress\/ -->\n<title>CLIP PANNEAU WESTFALIA VW T3 BEIGE - La boutique LRB<\/title>\n<meta name=\"description\" content=\"Clip panneau Westfalia VW T3 beige. Ces clips sp\u00e9cifiques aux am\u00e9nagements Westfalia des VW Transporter T3 sont maintenant refabriqu\u00e9s\" \/>\n<meta name=\"robots\" content=\"index, follow, max-snippet:-1, max-image-preview:large, max-video-preview:-1\" \/>\n<link rel=\"canonical\" href=\"https:\/\/les-routes-buissonnieres.fr\/boutik\/produit\/clip-panneau-westfalia-vw-t3-beige\/\" \/>\n<meta property=\"og:locale\" content=\"fr_FR\" \/>\n<meta property=\"og:type\" content=\"article\" \/>\n<meta property=\"og:title\" content=\"CLIP PANNEAU WESTFALIA VW T3 BEIGE - La boutique LRB\" \/>\n<meta property=\"og:description\" content=\"Clip panneau Westfalia VW T3 beige. Ces clips sp\u00e9cifiques aux am\u00e9nagements Westfalia des VW Transporter T3 sont maintenant refabriqu\u00e9s\" \/>\n<meta property=\"og:url\" content=\"https:\/\/les-routes-buissonnieres.fr\/boutik\/produit\/clip-panneau-westfalia-vw-t3-beige\/\" \/>\n<meta property=\"og:site_name\" content=\"La boutique LRB\" \/>\n<meta property=\"article:modified_time\" content=\"2020-05-13T09:54:14+00:00\" \/>\n<meta property=\"og:image\" content=\"https:\/\/les-routes-buissonnieres.fr\/boutik\/wp-content\/uploads\/2016\/11\/clip-panneau-westfalia-vw-t3-beige-NVWM050-ailettes-et-carbus.jpg\" \/>\n\t<meta property=\"og:image:width\" content=\"200\" \/>\n\t<meta property=\"og:image:height\" content=\"200\" \/>\n\t<meta property=\"og:image:type\" content=\"image\/jpeg\" \/>\n<meta name=\"twitter:card\" content=\"summary_large_image\" \/>\n<script type=\"application\/ld+json\" class=\"yoast-schema-graph\">{\"@context\":\"https:\\\/\\\/schema.org\",\"@graph\":[{\"@type\":\"WebPage\",\"@id\":\"https:\\\/\\\/les-routes-buissonnieres.fr\\\/boutik\\\/produit\\\/clip-panneau-westfalia-vw-t3-beige\\\/\",\"url\":\"https:\\\/\\\/les-routes-buissonnieres.fr\\\/boutik\\\/produit\\\/clip-panneau-westfalia-vw-t3-beige\\\/\",\"name\":\"CLIP PANNEAU WESTFALIA VW T3 BEIGE - La boutique LRB\",\"isPartOf\":{\"@id\":\"https:\\\/\\\/les-routes-buissonnieres.fr\\\/boutik\\\/#website\"},\"primaryImageOfPage\":{\"@id\":\"https:\\\/\\\/les-routes-buissonnieres.fr\\\/boutik\\\/produit\\\/clip-panneau-westfalia-vw-t3-beige\\\/#primaryimage\"},\"image\":{\"@id\":\"https:\\\/\\\/les-routes-buissonnieres.fr\\\/boutik\\\/produit\\\/clip-panneau-westfalia-vw-t3-beige\\\/#primaryimage\"},\"thumbnailUrl\":\"https:\\\/\\\/les-routes-buissonnieres.fr\\\/boutik\\\/wp-content\\\/uploads\\\/2016\\\/11\\\/clip-panneau-westfalia-vw-t3-beige-NVWM050-ailettes-et-carbus.jpg\",\"datePublished\":\"2016-11-26T16:03:51+00:00\",\"dateModified\":\"2020-05-13T09:54:14+00:00\",\"description\":\"Clip panneau Westfalia VW T3 beige. Ces clips sp\u00e9cifiques aux am\u00e9nagements Westfalia des VW Transporter T3 sont maintenant refabriqu\u00e9s\",\"breadcrumb\":{\"@id\":\"https:\\\/\\\/les-routes-buissonnieres.fr\\\/boutik\\\/produit\\\/clip-panneau-westfalia-vw-t3-beige\\\/#breadcrumb\"},\"inLanguage\":\"fr-FR\",\"potentialAction\":[{\"@type\":\"ReadAction\",\"target\":[\"https:\\\/\\\/les-routes-buissonnieres.fr\\\/boutik\\\/produit\\\/clip-panneau-westfalia-vw-t3-beige\\\/\"]}]},{\"@type\":\"ImageObject\",\"inLanguage\":\"fr-FR\",\"@id\":\"https:\\\/\\\/les-routes-buissonnieres.fr\\\/boutik\\\/produit\\\/clip-panneau-westfalia-vw-t3-beige\\\/#primaryimage\",\"url\":\"https:\\\/\\\/les-routes-buissonnieres.fr\\\/boutik\\\/wp-content\\\/uploads\\\/2016\\\/11\\\/clip-panneau-westfalia-vw-t3-beige-NVWM050-ailettes-et-carbus.jpg\",\"contentUrl\":\"https:\\\/\\\/les-routes-buissonnieres.fr\\\/boutik\\\/wp-content\\\/uploads\\\/2016\\\/11\\\/clip-panneau-westfalia-vw-t3-beige-NVWM050-ailettes-et-carbus.jpg\",\"width\":200,\"height\":200,\"caption\":\"Clip panneau Westfalia VW T3 beige\"},{\"@type\":\"BreadcrumbList\",\"@id\":\"https:\\\/\\\/les-routes-buissonnieres.fr\\\/boutik\\\/produit\\\/clip-panneau-westfalia-vw-t3-beige\\\/#breadcrumb\",\"itemListElement\":[{\"@type\":\"ListItem\",\"position\":1,\"name\":\"Accueil\",\"item\":\"https:\\\/\\\/les-routes-buissonnieres.fr\\\/boutik\\\/\"},{\"@type\":\"ListItem\",\"position\":2,\"name\":\"Boutique\",\"item\":\"https:\\\/\\\/les-routes-buissonnieres.fr\\\/boutik\\\/\"},{\"@type\":\"ListItem\",\"position\":3,\"name\":\"CLIP PANNEAU WESTFALIA VW T3 BEIGE\"}]},{\"@type\":\"WebSite\",\"@id\":\"https:\\\/\\\/les-routes-buissonnieres.fr\\\/boutik\\\/#website\",\"url\":\"https:\\\/\\\/les-routes-buissonnieres.fr\\\/boutik\\\/\",\"name\":\"La boutique LRB\",\"description\":\"Pi\u00e8ces d\u00e9tach\u00e9es Citro\u00ebn - VW refroidies par air\",\"publisher\":{\"@id\":\"https:\\\/\\\/les-routes-buissonnieres.fr\\\/boutik\\\/#organization\"},\"potentialAction\":[{\"@type\":\"SearchAction\",\"target\":{\"@type\":\"EntryPoint\",\"urlTemplate\":\"https:\\\/\\\/les-routes-buissonnieres.fr\\\/boutik\\\/?s={search_term_string}\"},\"query-input\":{\"@type\":\"PropertyValueSpecification\",\"valueRequired\":true,\"valueName\":\"search_term_string\"}}],\"inLanguage\":\"fr-FR\"},{\"@type\":\"Organization\",\"@id\":\"https:\\\/\\\/les-routes-buissonnieres.fr\\\/boutik\\\/#organization\",\"name\":\"La boutique LRB\",\"url\":\"https:\\\/\\\/les-routes-buissonnieres.fr\\\/boutik\\\/\",\"logo\":{\"@type\":\"ImageObject\",\"inLanguage\":\"fr-FR\",\"@id\":\"https:\\\/\\\/les-routes-buissonnieres.fr\\\/boutik\\\/#\\\/schema\\\/logo\\\/image\\\/\",\"url\":\"https:\\\/\\\/les-routes-buissonnieres.fr\\\/boutik\\\/wp-content\\\/uploads\\\/2023\\\/11\\\/cropped-logo-a-et-c-2023-orange.png\",\"contentUrl\":\"https:\\\/\\\/les-routes-buissonnieres.fr\\\/boutik\\\/wp-content\\\/uploads\\\/2023\\\/11\\\/cropped-logo-a-et-c-2023-orange.png\",\"width\":300,\"height\":176,\"caption\":\"La boutique LRB\"},\"image\":{\"@id\":\"https:\\\/\\\/les-routes-buissonnieres.fr\\\/boutik\\\/#\\\/schema\\\/logo\\\/image\\\/\"}}]}<\/script>\n<!-- \/ Yoast SEO plugin. -->","yoast_head_json":{"title":"CLIP PANNEAU WESTFALIA VW T3 BEIGE - La boutique LRB","description":"Clip panneau Westfalia VW T3 beige. Ces clips sp\u00e9cifiques aux am\u00e9nagements Westfalia des VW Transporter T3 sont maintenant refabriqu\u00e9s","robots":{"index":"index","follow":"follow","max-snippet":"max-snippet:-1","max-image-preview":"max-image-preview:large","max-video-preview":"max-video-preview:-1"},"canonical":"https:\/\/les-routes-buissonnieres.fr\/boutik\/produit\/clip-panneau-westfalia-vw-t3-beige\/","og_locale":"fr_FR","og_type":"article","og_title":"CLIP PANNEAU WESTFALIA VW T3 BEIGE - La boutique LRB","og_description":"Clip panneau Westfalia VW T3 beige. Ces clips sp\u00e9cifiques aux am\u00e9nagements Westfalia des VW Transporter T3 sont maintenant refabriqu\u00e9s","og_url":"https:\/\/les-routes-buissonnieres.fr\/boutik\/produit\/clip-panneau-westfalia-vw-t3-beige\/","og_site_name":"La boutique LRB","article_modified_time":"2020-05-13T09:54:14+00:00","og_image":[{"width":200,"height":200,"url":"https:\/\/les-routes-buissonnieres.fr\/boutik\/wp-content\/uploads\/2016\/11\/clip-panneau-westfalia-vw-t3-beige-NVWM050-ailettes-et-carbus.jpg","type":"image\/jpeg"}],"twitter_card":"summary_large_image","schema":{"@context":"https:\/\/schema.org","@graph":[{"@type":"WebPage","@id":"https:\/\/les-routes-buissonnieres.fr\/boutik\/produit\/clip-panneau-westfalia-vw-t3-beige\/","url":"https:\/\/les-routes-buissonnieres.fr\/boutik\/produit\/clip-panneau-westfalia-vw-t3-beige\/","name":"CLIP PANNEAU WESTFALIA VW T3 BEIGE - La boutique LRB","isPartOf":{"@id":"https:\/\/les-routes-buissonnieres.fr\/boutik\/#website"},"primaryImageOfPage":{"@id":"https:\/\/les-routes-buissonnieres.fr\/boutik\/produit\/clip-panneau-westfalia-vw-t3-beige\/#primaryimage"},"image":{"@id":"https:\/\/les-routes-buissonnieres.fr\/boutik\/produit\/clip-panneau-westfalia-vw-t3-beige\/#primaryimage"},"thumbnailUrl":"https:\/\/les-routes-buissonnieres.fr\/boutik\/wp-content\/uploads\/2016\/11\/clip-panneau-westfalia-vw-t3-beige-NVWM050-ailettes-et-carbus.jpg","datePublished":"2016-11-26T16:03:51+00:00","dateModified":"2020-05-13T09:54:14+00:00","description":"Clip panneau Westfalia VW T3 beige. Ces clips sp\u00e9cifiques aux am\u00e9nagements Westfalia des VW Transporter T3 sont maintenant refabriqu\u00e9s","breadcrumb":{"@id":"https:\/\/les-routes-buissonnieres.fr\/boutik\/produit\/clip-panneau-westfalia-vw-t3-beige\/#breadcrumb"},"inLanguage":"fr-FR","potentialAction":[{"@type":"ReadAction","target":["https:\/\/les-routes-buissonnieres.fr\/boutik\/produit\/clip-panneau-westfalia-vw-t3-beige\/"]}]},{"@type":"ImageObject","inLanguage":"fr-FR","@id":"https:\/\/les-routes-buissonnieres.fr\/boutik\/produit\/clip-panneau-westfalia-vw-t3-beige\/#primaryimage","url":"https:\/\/les-routes-buissonnieres.fr\/boutik\/wp-content\/uploads\/2016\/11\/clip-panneau-westfalia-vw-t3-beige-NVWM050-ailettes-et-carbus.jpg","contentUrl":"https:\/\/les-routes-buissonnieres.fr\/boutik\/wp-content\/uploads\/2016\/11\/clip-panneau-westfalia-vw-t3-beige-NVWM050-ailettes-et-carbus.jpg","width":200,"height":200,"caption":"Clip panneau Westfalia VW T3 beige"},{"@type":"BreadcrumbList","@id":"https:\/\/les-routes-buissonnieres.fr\/boutik\/produit\/clip-panneau-westfalia-vw-t3-beige\/#breadcrumb","itemListElement":[{"@type":"ListItem","position":1,"name":"Accueil","item":"https:\/\/les-routes-buissonnieres.fr\/boutik\/"},{"@type":"ListItem","position":2,"name":"Boutique","item":"https:\/\/les-routes-buissonnieres.fr\/boutik\/"},{"@type":"ListItem","position":3,"name":"CLIP PANNEAU WESTFALIA VW T3 BEIGE"}]},{"@type":"WebSite","@id":"https:\/\/les-routes-buissonnieres.fr\/boutik\/#website","url":"https:\/\/les-routes-buissonnieres.fr\/boutik\/","name":"La boutique LRB","description":"Pi\u00e8ces d\u00e9tach\u00e9es Citro\u00ebn - VW refroidies par air","publisher":{"@id":"https:\/\/les-routes-buissonnieres.fr\/boutik\/#organization"},"potentialAction":[{"@type":"SearchAction","target":{"@type":"EntryPoint","urlTemplate":"https:\/\/les-routes-buissonnieres.fr\/boutik\/?s={search_term_string}"},"query-input":{"@type":"PropertyValueSpecification","valueRequired":true,"valueName":"search_term_string"}}],"inLanguage":"fr-FR"},{"@type":"Organization","@id":"https:\/\/les-routes-buissonnieres.fr\/boutik\/#organization","name":"La boutique LRB","url":"https:\/\/les-routes-buissonnieres.fr\/boutik\/","logo":{"@type":"ImageObject","inLanguage":"fr-FR","@id":"https:\/\/les-routes-buissonnieres.fr\/boutik\/#\/schema\/logo\/image\/","url":"https:\/\/les-routes-buissonnieres.fr\/boutik\/wp-content\/uploads\/2023\/11\/cropped-logo-a-et-c-2023-orange.png","contentUrl":"https:\/\/les-routes-buissonnieres.fr\/boutik\/wp-content\/uploads\/2023\/11\/cropped-logo-a-et-c-2023-orange.png","width":300,"height":176,"caption":"La boutique LRB"},"image":{"@id":"https:\/\/les-routes-buissonnieres.fr\/boutik\/#\/schema\/logo\/image\/"}}]}},"_links":{"self":[{"href":"https:\/\/les-routes-buissonnieres.fr\/boutik\/wp-json\/wp\/v2\/product\/15367","targetHints":{"allow":["GET"]}}],"collection":[{"href":"https:\/\/les-routes-buissonnieres.fr\/boutik\/wp-json\/wp\/v2\/product"}],"about":[{"href":"https:\/\/les-routes-buissonnieres.fr\/boutik\/wp-json\/wp\/v2\/types\/product"}],"wp:featuredmedia":[{"embeddable":true,"href":"https:\/\/les-routes-buissonnieres.fr\/boutik\/wp-json\/wp\/v2\/media\/15394"}],"wp:attachment":[{"href":"https:\/\/les-routes-buissonnieres.fr\/boutik\/wp-json\/wp\/v2\/media?parent=15367"}],"wp:term":[{"taxonomy":"product_brand","embeddable":true,"href":"https:\/\/les-routes-buissonnieres.fr\/boutik\/wp-json\/wp\/v2\/product_brand?post=15367"},{"taxonomy":"product_cat","embeddable":true,"href":"https:\/\/les-routes-buissonnieres.fr\/boutik\/wp-json\/wp\/v2\/product_cat?post=15367"},{"taxonomy":"product_tag","embeddable":true,"href":"https:\/\/les-routes-buissonnieres.fr\/boutik\/wp-json\/wp\/v2\/product_tag?post=15367"}],"curies":[{"name":"wp","href":"https:\/\/api.w.org\/{rel}","templated":true}]}}