{"id":15610,"date":"2016-12-08T13:38:38","date_gmt":"2016-12-08T12:38:38","guid":{"rendered":"http:\/\/ailettes-et-carbus.fr\/?post_type=product&#038;p=15610"},"modified":"2025-10-06T10:11:45","modified_gmt":"2025-10-06T09:11:45","slug":"segments-2cv-dyane-ami-602cm3","status":"publish","type":"product","link":"https:\/\/les-routes-buissonnieres.fr\/boutik\/produit\/segments-2cv-dyane-ami-602cm3\/","title":{"rendered":"SEGMENTS 2CV DYANE AMI 602CM3 76- Q+"},"content":{"rendered":"<h2>SEGMENTS 2CV DYANE AMI 602CM3 76- Q+<\/h2>\n<p>Segments 2cv Dyane Ami 602cm3 76- Q+.<\/p>\n<p>Jeu de segments de qualit\u00e9 sup\u00e9rieure pour moteur 602cm3 \u00e0 partir de 1976. Tr\u00e8s bonne qualit\u00e9 de fabrication.<\/p>\n<p>segments 1.75-2-4 mm.<\/p>\n<p>Convient au Citro\u00ebn 2cv, <a href=\"http:\/\/lautomobileancienne.com\/citroen-acadiane-1985\/\" target=\"_blank\" rel=\"noopener noreferrer\">Dyane<\/a>, Ami6, Ami8 \u00e0 partir de 1976.<\/p>\n","protected":false},"excerpt":{"rendered":"<div>\n<p>Segments 2cv Dyane Ami 602cm3 76- Q+. Excellente qualit\u00e9 de fabrication.<\/p>\n<\/div>\n","protected":false},"featured_media":15747,"template":"","meta":[],"product_brand":[],"product_cat":[29,32,31,102,130,116],"product_tag":[216,245,1487,249,251,250,256,252,255,212,238,247,248,1651,1652],"class_list":{"0":"post-15610","1":"product","2":"type-product","3":"status-publish","4":"has-post-thumbnail","6":"product_cat-pieces-citroen-2-cv","7":"product_cat-pieces-citroen-ami","8":"product_cat-pieces-citroen-dyane","9":"product_cat-cv137-moteur-autres-pieces-de-rechange","10":"product_cat-cv165-moteur-autres-pieces-de-rechange","11":"product_cat-cv151-moteur-autres-pieces-de-rechange","12":"product_tag-2cv","13":"product_tag-2cv-fourgonette","14":"product_tag-602cm3","15":"product_tag-acadiane","16":"product_tag-ami","17":"product_tag-ami-6","18":"product_tag-ami-8","19":"product_tag-ami6","20":"product_tag-ami8","21":"product_tag-azam","22":"product_tag-citroen","23":"product_tag-dyane","24":"product_tag-mehari","25":"product_tag-segmentation","26":"product_tag-segments","28":"first","29":"instock","30":"sale","31":"taxable","32":"shipping-taxable","33":"purchasable","34":"product-type-simple"},"yoast_head":"<!-- This site is optimized with the Yoast SEO plugin v27.4 - https:\/\/yoast.com\/product\/yoast-seo-wordpress\/ -->\n<title>SEGMENTS 2CV DYANE AMI 602CM3 76- Q+ - La boutique LRB<\/title>\n<meta name=\"description\" content=\"Segments 2cv Dyane Ami 602cm3 76- Q+. Jeu de segments de qualit\u00e9 sup\u00e9rieure pour moteur 602cm3 \u00e0 partir de 1976. Tr\u00e8s bonne qualit\u00e9 de fabricatio\" \/>\n<meta name=\"robots\" content=\"index, follow, max-snippet:-1, max-image-preview:large, max-video-preview:-1\" \/>\n<link rel=\"canonical\" href=\"https:\/\/les-routes-buissonnieres.fr\/boutik\/produit\/segments-2cv-dyane-ami-602cm3\/\" \/>\n<meta property=\"og:locale\" content=\"fr_FR\" \/>\n<meta property=\"og:type\" content=\"article\" \/>\n<meta property=\"og:title\" content=\"SEGMENTS 2CV DYANE AMI 602CM3 76- Q+ - La boutique LRB\" \/>\n<meta property=\"og:description\" content=\"Segments 2cv Dyane Ami 602cm3 76- Q+. Jeu de segments de qualit\u00e9 sup\u00e9rieure pour moteur 602cm3 \u00e0 partir de 1976. Tr\u00e8s bonne qualit\u00e9 de fabricatio\" \/>\n<meta property=\"og:url\" content=\"https:\/\/les-routes-buissonnieres.fr\/boutik\/produit\/segments-2cv-dyane-ami-602cm3\/\" \/>\n<meta property=\"og:site_name\" content=\"La boutique LRB\" \/>\n<meta property=\"article:modified_time\" content=\"2025-10-06T09:11:45+00:00\" \/>\n<meta property=\"og:image\" content=\"https:\/\/les-routes-buissonnieres.fr\/boutik\/wp-content\/uploads\/2016\/12\/ailettes-et-carbus-NCIE060.jpg\" \/>\n\t<meta property=\"og:image:width\" content=\"600\" \/>\n\t<meta property=\"og:image:height\" content=\"600\" \/>\n\t<meta property=\"og:image:type\" content=\"image\/jpeg\" \/>\n<meta name=\"twitter:card\" content=\"summary_large_image\" \/>\n<script type=\"application\/ld+json\" class=\"yoast-schema-graph\">{\"@context\":\"https:\\\/\\\/schema.org\",\"@graph\":[{\"@type\":\"WebPage\",\"@id\":\"https:\\\/\\\/les-routes-buissonnieres.fr\\\/boutik\\\/produit\\\/segments-2cv-dyane-ami-602cm3\\\/\",\"url\":\"https:\\\/\\\/les-routes-buissonnieres.fr\\\/boutik\\\/produit\\\/segments-2cv-dyane-ami-602cm3\\\/\",\"name\":\"SEGMENTS 2CV DYANE AMI 602CM3 76- Q+ - La boutique LRB\",\"isPartOf\":{\"@id\":\"https:\\\/\\\/les-routes-buissonnieres.fr\\\/boutik\\\/#website\"},\"primaryImageOfPage\":{\"@id\":\"https:\\\/\\\/les-routes-buissonnieres.fr\\\/boutik\\\/produit\\\/segments-2cv-dyane-ami-602cm3\\\/#primaryimage\"},\"image\":{\"@id\":\"https:\\\/\\\/les-routes-buissonnieres.fr\\\/boutik\\\/produit\\\/segments-2cv-dyane-ami-602cm3\\\/#primaryimage\"},\"thumbnailUrl\":\"https:\\\/\\\/les-routes-buissonnieres.fr\\\/boutik\\\/wp-content\\\/uploads\\\/2016\\\/12\\\/ailettes-et-carbus-NCIE060.jpg\",\"datePublished\":\"2016-12-08T12:38:38+00:00\",\"dateModified\":\"2025-10-06T09:11:45+00:00\",\"description\":\"Segments 2cv Dyane Ami 602cm3 76- Q+. Jeu de segments de qualit\u00e9 sup\u00e9rieure pour moteur 602cm3 \u00e0 partir de 1976. Tr\u00e8s bonne qualit\u00e9 de fabricatio\",\"breadcrumb\":{\"@id\":\"https:\\\/\\\/les-routes-buissonnieres.fr\\\/boutik\\\/produit\\\/segments-2cv-dyane-ami-602cm3\\\/#breadcrumb\"},\"inLanguage\":\"fr-FR\",\"potentialAction\":[{\"@type\":\"ReadAction\",\"target\":[\"https:\\\/\\\/les-routes-buissonnieres.fr\\\/boutik\\\/produit\\\/segments-2cv-dyane-ami-602cm3\\\/\"]}]},{\"@type\":\"ImageObject\",\"inLanguage\":\"fr-FR\",\"@id\":\"https:\\\/\\\/les-routes-buissonnieres.fr\\\/boutik\\\/produit\\\/segments-2cv-dyane-ami-602cm3\\\/#primaryimage\",\"url\":\"https:\\\/\\\/les-routes-buissonnieres.fr\\\/boutik\\\/wp-content\\\/uploads\\\/2016\\\/12\\\/ailettes-et-carbus-NCIE060.jpg\",\"contentUrl\":\"https:\\\/\\\/les-routes-buissonnieres.fr\\\/boutik\\\/wp-content\\\/uploads\\\/2016\\\/12\\\/ailettes-et-carbus-NCIE060.jpg\",\"width\":600,\"height\":600,\"caption\":\"Segments 2cv Dyane Ami 602cm3 76- Q\"},{\"@type\":\"BreadcrumbList\",\"@id\":\"https:\\\/\\\/les-routes-buissonnieres.fr\\\/boutik\\\/produit\\\/segments-2cv-dyane-ami-602cm3\\\/#breadcrumb\",\"itemListElement\":[{\"@type\":\"ListItem\",\"position\":1,\"name\":\"Accueil\",\"item\":\"https:\\\/\\\/les-routes-buissonnieres.fr\\\/boutik\\\/\"},{\"@type\":\"ListItem\",\"position\":2,\"name\":\"Boutique\",\"item\":\"https:\\\/\\\/les-routes-buissonnieres.fr\\\/boutik\\\/\"},{\"@type\":\"ListItem\",\"position\":3,\"name\":\"SEGMENTS 2CV DYANE AMI 602CM3 76- Q+\"}]},{\"@type\":\"WebSite\",\"@id\":\"https:\\\/\\\/les-routes-buissonnieres.fr\\\/boutik\\\/#website\",\"url\":\"https:\\\/\\\/les-routes-buissonnieres.fr\\\/boutik\\\/\",\"name\":\"La boutique LRB\",\"description\":\"Pi\u00e8ces d\u00e9tach\u00e9es Citro\u00ebn - VW refroidies par air\",\"publisher\":{\"@id\":\"https:\\\/\\\/les-routes-buissonnieres.fr\\\/boutik\\\/#organization\"},\"potentialAction\":[{\"@type\":\"SearchAction\",\"target\":{\"@type\":\"EntryPoint\",\"urlTemplate\":\"https:\\\/\\\/les-routes-buissonnieres.fr\\\/boutik\\\/?s={search_term_string}\"},\"query-input\":{\"@type\":\"PropertyValueSpecification\",\"valueRequired\":true,\"valueName\":\"search_term_string\"}}],\"inLanguage\":\"fr-FR\"},{\"@type\":\"Organization\",\"@id\":\"https:\\\/\\\/les-routes-buissonnieres.fr\\\/boutik\\\/#organization\",\"name\":\"La boutique LRB\",\"url\":\"https:\\\/\\\/les-routes-buissonnieres.fr\\\/boutik\\\/\",\"logo\":{\"@type\":\"ImageObject\",\"inLanguage\":\"fr-FR\",\"@id\":\"https:\\\/\\\/les-routes-buissonnieres.fr\\\/boutik\\\/#\\\/schema\\\/logo\\\/image\\\/\",\"url\":\"https:\\\/\\\/les-routes-buissonnieres.fr\\\/boutik\\\/wp-content\\\/uploads\\\/2023\\\/11\\\/cropped-logo-a-et-c-2023-orange.png\",\"contentUrl\":\"https:\\\/\\\/les-routes-buissonnieres.fr\\\/boutik\\\/wp-content\\\/uploads\\\/2023\\\/11\\\/cropped-logo-a-et-c-2023-orange.png\",\"width\":300,\"height\":176,\"caption\":\"La boutique LRB\"},\"image\":{\"@id\":\"https:\\\/\\\/les-routes-buissonnieres.fr\\\/boutik\\\/#\\\/schema\\\/logo\\\/image\\\/\"}}]}<\/script>\n<!-- \/ Yoast SEO plugin. -->","yoast_head_json":{"title":"SEGMENTS 2CV DYANE AMI 602CM3 76- Q+ - La boutique LRB","description":"Segments 2cv Dyane Ami 602cm3 76- Q+. Jeu de segments de qualit\u00e9 sup\u00e9rieure pour moteur 602cm3 \u00e0 partir de 1976. Tr\u00e8s bonne qualit\u00e9 de fabricatio","robots":{"index":"index","follow":"follow","max-snippet":"max-snippet:-1","max-image-preview":"max-image-preview:large","max-video-preview":"max-video-preview:-1"},"canonical":"https:\/\/les-routes-buissonnieres.fr\/boutik\/produit\/segments-2cv-dyane-ami-602cm3\/","og_locale":"fr_FR","og_type":"article","og_title":"SEGMENTS 2CV DYANE AMI 602CM3 76- Q+ - La boutique LRB","og_description":"Segments 2cv Dyane Ami 602cm3 76- Q+. Jeu de segments de qualit\u00e9 sup\u00e9rieure pour moteur 602cm3 \u00e0 partir de 1976. Tr\u00e8s bonne qualit\u00e9 de fabricatio","og_url":"https:\/\/les-routes-buissonnieres.fr\/boutik\/produit\/segments-2cv-dyane-ami-602cm3\/","og_site_name":"La boutique LRB","article_modified_time":"2025-10-06T09:11:45+00:00","og_image":[{"width":600,"height":600,"url":"https:\/\/les-routes-buissonnieres.fr\/boutik\/wp-content\/uploads\/2016\/12\/ailettes-et-carbus-NCIE060.jpg","type":"image\/jpeg"}],"twitter_card":"summary_large_image","schema":{"@context":"https:\/\/schema.org","@graph":[{"@type":"WebPage","@id":"https:\/\/les-routes-buissonnieres.fr\/boutik\/produit\/segments-2cv-dyane-ami-602cm3\/","url":"https:\/\/les-routes-buissonnieres.fr\/boutik\/produit\/segments-2cv-dyane-ami-602cm3\/","name":"SEGMENTS 2CV DYANE AMI 602CM3 76- Q+ - La boutique LRB","isPartOf":{"@id":"https:\/\/les-routes-buissonnieres.fr\/boutik\/#website"},"primaryImageOfPage":{"@id":"https:\/\/les-routes-buissonnieres.fr\/boutik\/produit\/segments-2cv-dyane-ami-602cm3\/#primaryimage"},"image":{"@id":"https:\/\/les-routes-buissonnieres.fr\/boutik\/produit\/segments-2cv-dyane-ami-602cm3\/#primaryimage"},"thumbnailUrl":"https:\/\/les-routes-buissonnieres.fr\/boutik\/wp-content\/uploads\/2016\/12\/ailettes-et-carbus-NCIE060.jpg","datePublished":"2016-12-08T12:38:38+00:00","dateModified":"2025-10-06T09:11:45+00:00","description":"Segments 2cv Dyane Ami 602cm3 76- Q+. Jeu de segments de qualit\u00e9 sup\u00e9rieure pour moteur 602cm3 \u00e0 partir de 1976. Tr\u00e8s bonne qualit\u00e9 de fabricatio","breadcrumb":{"@id":"https:\/\/les-routes-buissonnieres.fr\/boutik\/produit\/segments-2cv-dyane-ami-602cm3\/#breadcrumb"},"inLanguage":"fr-FR","potentialAction":[{"@type":"ReadAction","target":["https:\/\/les-routes-buissonnieres.fr\/boutik\/produit\/segments-2cv-dyane-ami-602cm3\/"]}]},{"@type":"ImageObject","inLanguage":"fr-FR","@id":"https:\/\/les-routes-buissonnieres.fr\/boutik\/produit\/segments-2cv-dyane-ami-602cm3\/#primaryimage","url":"https:\/\/les-routes-buissonnieres.fr\/boutik\/wp-content\/uploads\/2016\/12\/ailettes-et-carbus-NCIE060.jpg","contentUrl":"https:\/\/les-routes-buissonnieres.fr\/boutik\/wp-content\/uploads\/2016\/12\/ailettes-et-carbus-NCIE060.jpg","width":600,"height":600,"caption":"Segments 2cv Dyane Ami 602cm3 76- Q"},{"@type":"BreadcrumbList","@id":"https:\/\/les-routes-buissonnieres.fr\/boutik\/produit\/segments-2cv-dyane-ami-602cm3\/#breadcrumb","itemListElement":[{"@type":"ListItem","position":1,"name":"Accueil","item":"https:\/\/les-routes-buissonnieres.fr\/boutik\/"},{"@type":"ListItem","position":2,"name":"Boutique","item":"https:\/\/les-routes-buissonnieres.fr\/boutik\/"},{"@type":"ListItem","position":3,"name":"SEGMENTS 2CV DYANE AMI 602CM3 76- Q+"}]},{"@type":"WebSite","@id":"https:\/\/les-routes-buissonnieres.fr\/boutik\/#website","url":"https:\/\/les-routes-buissonnieres.fr\/boutik\/","name":"La boutique LRB","description":"Pi\u00e8ces d\u00e9tach\u00e9es Citro\u00ebn - VW refroidies par air","publisher":{"@id":"https:\/\/les-routes-buissonnieres.fr\/boutik\/#organization"},"potentialAction":[{"@type":"SearchAction","target":{"@type":"EntryPoint","urlTemplate":"https:\/\/les-routes-buissonnieres.fr\/boutik\/?s={search_term_string}"},"query-input":{"@type":"PropertyValueSpecification","valueRequired":true,"valueName":"search_term_string"}}],"inLanguage":"fr-FR"},{"@type":"Organization","@id":"https:\/\/les-routes-buissonnieres.fr\/boutik\/#organization","name":"La boutique LRB","url":"https:\/\/les-routes-buissonnieres.fr\/boutik\/","logo":{"@type":"ImageObject","inLanguage":"fr-FR","@id":"https:\/\/les-routes-buissonnieres.fr\/boutik\/#\/schema\/logo\/image\/","url":"https:\/\/les-routes-buissonnieres.fr\/boutik\/wp-content\/uploads\/2023\/11\/cropped-logo-a-et-c-2023-orange.png","contentUrl":"https:\/\/les-routes-buissonnieres.fr\/boutik\/wp-content\/uploads\/2023\/11\/cropped-logo-a-et-c-2023-orange.png","width":300,"height":176,"caption":"La boutique LRB"},"image":{"@id":"https:\/\/les-routes-buissonnieres.fr\/boutik\/#\/schema\/logo\/image\/"}}]}},"_links":{"self":[{"href":"https:\/\/les-routes-buissonnieres.fr\/boutik\/wp-json\/wp\/v2\/product\/15610","targetHints":{"allow":["GET"]}}],"collection":[{"href":"https:\/\/les-routes-buissonnieres.fr\/boutik\/wp-json\/wp\/v2\/product"}],"about":[{"href":"https:\/\/les-routes-buissonnieres.fr\/boutik\/wp-json\/wp\/v2\/types\/product"}],"wp:featuredmedia":[{"embeddable":true,"href":"https:\/\/les-routes-buissonnieres.fr\/boutik\/wp-json\/wp\/v2\/media\/15747"}],"wp:attachment":[{"href":"https:\/\/les-routes-buissonnieres.fr\/boutik\/wp-json\/wp\/v2\/media?parent=15610"}],"wp:term":[{"taxonomy":"product_brand","embeddable":true,"href":"https:\/\/les-routes-buissonnieres.fr\/boutik\/wp-json\/wp\/v2\/product_brand?post=15610"},{"taxonomy":"product_cat","embeddable":true,"href":"https:\/\/les-routes-buissonnieres.fr\/boutik\/wp-json\/wp\/v2\/product_cat?post=15610"},{"taxonomy":"product_tag","embeddable":true,"href":"https:\/\/les-routes-buissonnieres.fr\/boutik\/wp-json\/wp\/v2\/product_tag?post=15610"}],"curies":[{"name":"wp","href":"https:\/\/api.w.org\/{rel}","templated":true}]}}