{"id":15817,"date":"2017-01-02T11:50:27","date_gmt":"2017-01-02T10:50:27","guid":{"rendered":"http:\/\/ailettes-et-carbus.fr\/?post_type=product&#038;p=15817"},"modified":"2023-05-22T09:35:27","modified_gmt":"2023-05-22T08:35:27","slug":"clip-axe-piston-2cv-dyane-ami","status":"publish","type":"product","link":"https:\/\/les-routes-buissonnieres.fr\/boutik\/produit\/clip-axe-piston-2cv-dyane-ami\/","title":{"rendered":"CLIP AXE PISTON 2CV DYANE AMI"},"content":{"rendered":"<h2>CLIP AXE PISTON 2CV DYANE AMI<\/h2>\n<p>Clip axe piston 2cv Dyane Ami.<\/p>\n<p>Il est pr\u00e9f\u00e9rable de remplacer les clips lors de la d\u00e9pose des pistons. Ce mod\u00e8le est comme \u00e0 l&rsquo;origine.<\/p>\n<p>Convient aux Citro\u00ebn <a href=\"http:\/\/www.asso2cvclubsfrance.org\/dernieres-nouvelles.html\" target=\"_blank\" rel=\"noopener noreferrer\">2cv<\/a>, Dyane, Acadiane, M\u00e9hari, Ami6, Ami8.<\/p>\n","protected":false},"excerpt":{"rendered":"<p>Clip axe piston 2cv Dyane Ami. Comme \u00e0 l&rsquo;origine.<\/p>\n","protected":false},"featured_media":16115,"template":"","meta":[],"product_brand":[],"product_cat":[29,32,31,102,130,116],"product_tag":[216,252,255,1638,1639,247,1637],"class_list":{"0":"post-15817","1":"product","2":"type-product","3":"status-publish","4":"has-post-thumbnail","6":"product_cat-pieces-citroen-2-cv","7":"product_cat-pieces-citroen-ami","8":"product_cat-pieces-citroen-dyane","9":"product_cat-cv137-moteur-autres-pieces-de-rechange","10":"product_cat-cv165-moteur-autres-pieces-de-rechange","11":"product_cat-cv151-moteur-autres-pieces-de-rechange","12":"product_tag-2cv","13":"product_tag-ami6","14":"product_tag-ami8","15":"product_tag-axe-de-piston","16":"product_tag-clip-daxe-piston","17":"product_tag-dyane","18":"product_tag-piston","20":"first","21":"instock","22":"taxable","23":"shipping-taxable","24":"purchasable","25":"product-type-simple"},"yoast_head":"<!-- This site is optimized with the Yoast SEO plugin v27.4 - https:\/\/yoast.com\/product\/yoast-seo-wordpress\/ -->\n<title>CLIP AXE PISTON 2CV DYANE AMI - La boutique LRB<\/title>\n<meta name=\"description\" content=\"Clip axe piston 2cv Dyane Ami. Ce mod\u00e8le est comme \u00e0 l&#039;origine. Convient aux Citro\u00ebn 2cv, Dyane, Acadiane, M\u00e9hari, Ami6, Ami8.\" \/>\n<meta name=\"robots\" content=\"index, follow, max-snippet:-1, max-image-preview:large, max-video-preview:-1\" \/>\n<link rel=\"canonical\" href=\"https:\/\/les-routes-buissonnieres.fr\/boutik\/produit\/clip-axe-piston-2cv-dyane-ami\/\" \/>\n<meta property=\"og:locale\" content=\"fr_FR\" \/>\n<meta property=\"og:type\" content=\"article\" \/>\n<meta property=\"og:title\" content=\"CLIP AXE PISTON 2CV DYANE AMI - La boutique LRB\" \/>\n<meta property=\"og:description\" content=\"Clip axe piston 2cv Dyane Ami. Ce mod\u00e8le est comme \u00e0 l&#039;origine. Convient aux Citro\u00ebn 2cv, Dyane, Acadiane, M\u00e9hari, Ami6, Ami8.\" \/>\n<meta property=\"og:url\" content=\"https:\/\/les-routes-buissonnieres.fr\/boutik\/produit\/clip-axe-piston-2cv-dyane-ami\/\" \/>\n<meta property=\"og:site_name\" content=\"La boutique LRB\" \/>\n<meta property=\"article:modified_time\" content=\"2023-05-22T08:35:27+00:00\" \/>\n<meta property=\"og:image\" content=\"https:\/\/les-routes-buissonnieres.fr\/boutik\/wp-content\/uploads\/2017\/01\/clip-axe-piston-2cv-dyane-ami-NCIE008-ailettes-et-carbus.jpg\" \/>\n\t<meta property=\"og:image:width\" content=\"600\" \/>\n\t<meta property=\"og:image:height\" content=\"600\" \/>\n\t<meta property=\"og:image:type\" content=\"image\/jpeg\" \/>\n<meta name=\"twitter:card\" content=\"summary_large_image\" \/>\n<meta name=\"twitter:label1\" content=\"Dur\u00e9e de lecture estim\u00e9e\" \/>\n\t<meta name=\"twitter:data1\" content=\"1 minute\" \/>\n<script type=\"application\/ld+json\" class=\"yoast-schema-graph\">{\"@context\":\"https:\\\/\\\/schema.org\",\"@graph\":[{\"@type\":\"WebPage\",\"@id\":\"https:\\\/\\\/les-routes-buissonnieres.fr\\\/boutik\\\/produit\\\/clip-axe-piston-2cv-dyane-ami\\\/\",\"url\":\"https:\\\/\\\/les-routes-buissonnieres.fr\\\/boutik\\\/produit\\\/clip-axe-piston-2cv-dyane-ami\\\/\",\"name\":\"CLIP AXE PISTON 2CV DYANE AMI - La boutique LRB\",\"isPartOf\":{\"@id\":\"https:\\\/\\\/les-routes-buissonnieres.fr\\\/boutik\\\/#website\"},\"primaryImageOfPage\":{\"@id\":\"https:\\\/\\\/les-routes-buissonnieres.fr\\\/boutik\\\/produit\\\/clip-axe-piston-2cv-dyane-ami\\\/#primaryimage\"},\"image\":{\"@id\":\"https:\\\/\\\/les-routes-buissonnieres.fr\\\/boutik\\\/produit\\\/clip-axe-piston-2cv-dyane-ami\\\/#primaryimage\"},\"thumbnailUrl\":\"https:\\\/\\\/les-routes-buissonnieres.fr\\\/boutik\\\/wp-content\\\/uploads\\\/2017\\\/01\\\/clip-axe-piston-2cv-dyane-ami-NCIE008-ailettes-et-carbus.jpg\",\"datePublished\":\"2017-01-02T10:50:27+00:00\",\"dateModified\":\"2023-05-22T08:35:27+00:00\",\"description\":\"Clip axe piston 2cv Dyane Ami. Ce mod\u00e8le est comme \u00e0 l'origine. Convient aux Citro\u00ebn 2cv, Dyane, Acadiane, M\u00e9hari, Ami6, Ami8.\",\"breadcrumb\":{\"@id\":\"https:\\\/\\\/les-routes-buissonnieres.fr\\\/boutik\\\/produit\\\/clip-axe-piston-2cv-dyane-ami\\\/#breadcrumb\"},\"inLanguage\":\"fr-FR\",\"potentialAction\":[{\"@type\":\"ReadAction\",\"target\":[\"https:\\\/\\\/les-routes-buissonnieres.fr\\\/boutik\\\/produit\\\/clip-axe-piston-2cv-dyane-ami\\\/\"]}]},{\"@type\":\"ImageObject\",\"inLanguage\":\"fr-FR\",\"@id\":\"https:\\\/\\\/les-routes-buissonnieres.fr\\\/boutik\\\/produit\\\/clip-axe-piston-2cv-dyane-ami\\\/#primaryimage\",\"url\":\"https:\\\/\\\/les-routes-buissonnieres.fr\\\/boutik\\\/wp-content\\\/uploads\\\/2017\\\/01\\\/clip-axe-piston-2cv-dyane-ami-NCIE008-ailettes-et-carbus.jpg\",\"contentUrl\":\"https:\\\/\\\/les-routes-buissonnieres.fr\\\/boutik\\\/wp-content\\\/uploads\\\/2017\\\/01\\\/clip-axe-piston-2cv-dyane-ami-NCIE008-ailettes-et-carbus.jpg\",\"width\":600,\"height\":600,\"caption\":\"Clip axe piston 2cv Dyane Ami\"},{\"@type\":\"BreadcrumbList\",\"@id\":\"https:\\\/\\\/les-routes-buissonnieres.fr\\\/boutik\\\/produit\\\/clip-axe-piston-2cv-dyane-ami\\\/#breadcrumb\",\"itemListElement\":[{\"@type\":\"ListItem\",\"position\":1,\"name\":\"Accueil\",\"item\":\"https:\\\/\\\/les-routes-buissonnieres.fr\\\/boutik\\\/\"},{\"@type\":\"ListItem\",\"position\":2,\"name\":\"Boutique\",\"item\":\"https:\\\/\\\/les-routes-buissonnieres.fr\\\/boutik\\\/\"},{\"@type\":\"ListItem\",\"position\":3,\"name\":\"CLIP AXE PISTON 2CV DYANE AMI\"}]},{\"@type\":\"WebSite\",\"@id\":\"https:\\\/\\\/les-routes-buissonnieres.fr\\\/boutik\\\/#website\",\"url\":\"https:\\\/\\\/les-routes-buissonnieres.fr\\\/boutik\\\/\",\"name\":\"La boutique LRB\",\"description\":\"Pi\u00e8ces d\u00e9tach\u00e9es Citro\u00ebn - VW refroidies par air\",\"publisher\":{\"@id\":\"https:\\\/\\\/les-routes-buissonnieres.fr\\\/boutik\\\/#organization\"},\"potentialAction\":[{\"@type\":\"SearchAction\",\"target\":{\"@type\":\"EntryPoint\",\"urlTemplate\":\"https:\\\/\\\/les-routes-buissonnieres.fr\\\/boutik\\\/?s={search_term_string}\"},\"query-input\":{\"@type\":\"PropertyValueSpecification\",\"valueRequired\":true,\"valueName\":\"search_term_string\"}}],\"inLanguage\":\"fr-FR\"},{\"@type\":\"Organization\",\"@id\":\"https:\\\/\\\/les-routes-buissonnieres.fr\\\/boutik\\\/#organization\",\"name\":\"La boutique LRB\",\"url\":\"https:\\\/\\\/les-routes-buissonnieres.fr\\\/boutik\\\/\",\"logo\":{\"@type\":\"ImageObject\",\"inLanguage\":\"fr-FR\",\"@id\":\"https:\\\/\\\/les-routes-buissonnieres.fr\\\/boutik\\\/#\\\/schema\\\/logo\\\/image\\\/\",\"url\":\"https:\\\/\\\/les-routes-buissonnieres.fr\\\/boutik\\\/wp-content\\\/uploads\\\/2023\\\/11\\\/cropped-logo-a-et-c-2023-orange.png\",\"contentUrl\":\"https:\\\/\\\/les-routes-buissonnieres.fr\\\/boutik\\\/wp-content\\\/uploads\\\/2023\\\/11\\\/cropped-logo-a-et-c-2023-orange.png\",\"width\":300,\"height\":176,\"caption\":\"La boutique LRB\"},\"image\":{\"@id\":\"https:\\\/\\\/les-routes-buissonnieres.fr\\\/boutik\\\/#\\\/schema\\\/logo\\\/image\\\/\"}}]}<\/script>\n<!-- \/ Yoast SEO plugin. -->","yoast_head_json":{"title":"CLIP AXE PISTON 2CV DYANE AMI - La boutique LRB","description":"Clip axe piston 2cv Dyane Ami. Ce mod\u00e8le est comme \u00e0 l'origine. Convient aux Citro\u00ebn 2cv, Dyane, Acadiane, M\u00e9hari, Ami6, Ami8.","robots":{"index":"index","follow":"follow","max-snippet":"max-snippet:-1","max-image-preview":"max-image-preview:large","max-video-preview":"max-video-preview:-1"},"canonical":"https:\/\/les-routes-buissonnieres.fr\/boutik\/produit\/clip-axe-piston-2cv-dyane-ami\/","og_locale":"fr_FR","og_type":"article","og_title":"CLIP AXE PISTON 2CV DYANE AMI - La boutique LRB","og_description":"Clip axe piston 2cv Dyane Ami. Ce mod\u00e8le est comme \u00e0 l'origine. Convient aux Citro\u00ebn 2cv, Dyane, Acadiane, M\u00e9hari, Ami6, Ami8.","og_url":"https:\/\/les-routes-buissonnieres.fr\/boutik\/produit\/clip-axe-piston-2cv-dyane-ami\/","og_site_name":"La boutique LRB","article_modified_time":"2023-05-22T08:35:27+00:00","og_image":[{"width":600,"height":600,"url":"https:\/\/les-routes-buissonnieres.fr\/boutik\/wp-content\/uploads\/2017\/01\/clip-axe-piston-2cv-dyane-ami-NCIE008-ailettes-et-carbus.jpg","type":"image\/jpeg"}],"twitter_card":"summary_large_image","twitter_misc":{"Dur\u00e9e de lecture estim\u00e9e":"1 minute"},"schema":{"@context":"https:\/\/schema.org","@graph":[{"@type":"WebPage","@id":"https:\/\/les-routes-buissonnieres.fr\/boutik\/produit\/clip-axe-piston-2cv-dyane-ami\/","url":"https:\/\/les-routes-buissonnieres.fr\/boutik\/produit\/clip-axe-piston-2cv-dyane-ami\/","name":"CLIP AXE PISTON 2CV DYANE AMI - La boutique LRB","isPartOf":{"@id":"https:\/\/les-routes-buissonnieres.fr\/boutik\/#website"},"primaryImageOfPage":{"@id":"https:\/\/les-routes-buissonnieres.fr\/boutik\/produit\/clip-axe-piston-2cv-dyane-ami\/#primaryimage"},"image":{"@id":"https:\/\/les-routes-buissonnieres.fr\/boutik\/produit\/clip-axe-piston-2cv-dyane-ami\/#primaryimage"},"thumbnailUrl":"https:\/\/les-routes-buissonnieres.fr\/boutik\/wp-content\/uploads\/2017\/01\/clip-axe-piston-2cv-dyane-ami-NCIE008-ailettes-et-carbus.jpg","datePublished":"2017-01-02T10:50:27+00:00","dateModified":"2023-05-22T08:35:27+00:00","description":"Clip axe piston 2cv Dyane Ami. Ce mod\u00e8le est comme \u00e0 l'origine. Convient aux Citro\u00ebn 2cv, Dyane, Acadiane, M\u00e9hari, Ami6, Ami8.","breadcrumb":{"@id":"https:\/\/les-routes-buissonnieres.fr\/boutik\/produit\/clip-axe-piston-2cv-dyane-ami\/#breadcrumb"},"inLanguage":"fr-FR","potentialAction":[{"@type":"ReadAction","target":["https:\/\/les-routes-buissonnieres.fr\/boutik\/produit\/clip-axe-piston-2cv-dyane-ami\/"]}]},{"@type":"ImageObject","inLanguage":"fr-FR","@id":"https:\/\/les-routes-buissonnieres.fr\/boutik\/produit\/clip-axe-piston-2cv-dyane-ami\/#primaryimage","url":"https:\/\/les-routes-buissonnieres.fr\/boutik\/wp-content\/uploads\/2017\/01\/clip-axe-piston-2cv-dyane-ami-NCIE008-ailettes-et-carbus.jpg","contentUrl":"https:\/\/les-routes-buissonnieres.fr\/boutik\/wp-content\/uploads\/2017\/01\/clip-axe-piston-2cv-dyane-ami-NCIE008-ailettes-et-carbus.jpg","width":600,"height":600,"caption":"Clip axe piston 2cv Dyane Ami"},{"@type":"BreadcrumbList","@id":"https:\/\/les-routes-buissonnieres.fr\/boutik\/produit\/clip-axe-piston-2cv-dyane-ami\/#breadcrumb","itemListElement":[{"@type":"ListItem","position":1,"name":"Accueil","item":"https:\/\/les-routes-buissonnieres.fr\/boutik\/"},{"@type":"ListItem","position":2,"name":"Boutique","item":"https:\/\/les-routes-buissonnieres.fr\/boutik\/"},{"@type":"ListItem","position":3,"name":"CLIP AXE PISTON 2CV DYANE AMI"}]},{"@type":"WebSite","@id":"https:\/\/les-routes-buissonnieres.fr\/boutik\/#website","url":"https:\/\/les-routes-buissonnieres.fr\/boutik\/","name":"La boutique LRB","description":"Pi\u00e8ces d\u00e9tach\u00e9es Citro\u00ebn - VW refroidies par air","publisher":{"@id":"https:\/\/les-routes-buissonnieres.fr\/boutik\/#organization"},"potentialAction":[{"@type":"SearchAction","target":{"@type":"EntryPoint","urlTemplate":"https:\/\/les-routes-buissonnieres.fr\/boutik\/?s={search_term_string}"},"query-input":{"@type":"PropertyValueSpecification","valueRequired":true,"valueName":"search_term_string"}}],"inLanguage":"fr-FR"},{"@type":"Organization","@id":"https:\/\/les-routes-buissonnieres.fr\/boutik\/#organization","name":"La boutique LRB","url":"https:\/\/les-routes-buissonnieres.fr\/boutik\/","logo":{"@type":"ImageObject","inLanguage":"fr-FR","@id":"https:\/\/les-routes-buissonnieres.fr\/boutik\/#\/schema\/logo\/image\/","url":"https:\/\/les-routes-buissonnieres.fr\/boutik\/wp-content\/uploads\/2023\/11\/cropped-logo-a-et-c-2023-orange.png","contentUrl":"https:\/\/les-routes-buissonnieres.fr\/boutik\/wp-content\/uploads\/2023\/11\/cropped-logo-a-et-c-2023-orange.png","width":300,"height":176,"caption":"La boutique LRB"},"image":{"@id":"https:\/\/les-routes-buissonnieres.fr\/boutik\/#\/schema\/logo\/image\/"}}]}},"_links":{"self":[{"href":"https:\/\/les-routes-buissonnieres.fr\/boutik\/wp-json\/wp\/v2\/product\/15817","targetHints":{"allow":["GET"]}}],"collection":[{"href":"https:\/\/les-routes-buissonnieres.fr\/boutik\/wp-json\/wp\/v2\/product"}],"about":[{"href":"https:\/\/les-routes-buissonnieres.fr\/boutik\/wp-json\/wp\/v2\/types\/product"}],"wp:featuredmedia":[{"embeddable":true,"href":"https:\/\/les-routes-buissonnieres.fr\/boutik\/wp-json\/wp\/v2\/media\/16115"}],"wp:attachment":[{"href":"https:\/\/les-routes-buissonnieres.fr\/boutik\/wp-json\/wp\/v2\/media?parent=15817"}],"wp:term":[{"taxonomy":"product_brand","embeddable":true,"href":"https:\/\/les-routes-buissonnieres.fr\/boutik\/wp-json\/wp\/v2\/product_brand?post=15817"},{"taxonomy":"product_cat","embeddable":true,"href":"https:\/\/les-routes-buissonnieres.fr\/boutik\/wp-json\/wp\/v2\/product_cat?post=15817"},{"taxonomy":"product_tag","embeddable":true,"href":"https:\/\/les-routes-buissonnieres.fr\/boutik\/wp-json\/wp\/v2\/product_tag?post=15817"}],"curies":[{"name":"wp","href":"https:\/\/api.w.org\/{rel}","templated":true}]}}