{"id":1669,"date":"2012-11-21T17:32:25","date_gmt":"2012-11-21T16:32:25","guid":{"rendered":"http:\/\/ailettes-et-carbus.fr\/?product=pompe-a-essence-a-partir-de-08-73-pierburg"},"modified":"2026-01-27T11:40:23","modified_gmt":"2026-01-27T10:40:23","slug":"pomp-essence-cox-combi","status":"publish","type":"product","link":"https:\/\/les-routes-buissonnieres.fr\/boutik\/produit\/pomp-essence-cox-combi\/","title":{"rendered":"POMPE ESSENCE COX COMBI Q+"},"content":{"rendered":"<p>Pompe essence cox combi q+<\/p>\n<p>Vous recherchez une pompe \u00e0 essence m\u00e9canique fiable pour votre <a href=\"https:\/\/fr.wikipedia.org\/wiki\/Volkswagen_Coccinelle\">VW coccinelle <\/a>ou votre <a href=\"https:\/\/www.volkswagen.fr\/fr\/magazine\/gammes\/75-ans-combi-volkswagen-legende-dans-le-retro.html\">combi VW<\/a>?<\/p>\n<p>&nbsp;<\/p>\n<p>Voici la meilleure fabrication actuelle! De fabrication Italienne, elle est enti\u00e8rement d\u00e9montable. Simple \u00e0 entretenir et \u00e0 nettoyer.<\/p>\n<p>C&rsquo;est notre s\u00e9lection et c&rsquo;est celle que nous montons \u00e0 l&rsquo;atelier depuis de nombreuses ann\u00e9es maintenant.<\/p>\n<p>Nous avons test\u00e9 cette pompe sur nos diff\u00e9rents v\u00e9hicules et apr\u00e8s plusieurs dizaine de milliers de kilom\u00e8tre, elle n&rsquo;est jamais tomb\u00e9e en panne!<\/p>\n<p>Pour une fois, le prix est bien synonyme de qualit\u00e9. Oubliez les pompes bas de gamme! Bien sur elles co\u00fbtent moins cher \u00e0 l&rsquo;achat, mais elles ne durent pas dans le temps et ne sont pas d\u00e9montables pour la plupart.<\/p>\n<p>&nbsp;<\/p>\n<p>Cette pompe pour votre VW aircooled est solide et durera longtemps. En plus, la tige de pouss\u00e9e est fournie.<\/p>\n<p>Vous pouvez monter cette pompe essence cox combi sans vous soucier de la pr\u00e9sence d&rsquo;un alternateur ou d&rsquo;une dynamo sur votre moteur. Montez l&rsquo;ensemble pompe et tige fournies et le tour est jou\u00e9.<\/p>\n<p>Dans le but d&rsquo;assurer un montage impeccable et un fonctionnement sans probl\u00e8me, appliquez un peu de <a href=\"https:\/\/les-routes-buissonnieres.fr\/boutik\/produit\/cartouche-graisse-calcium-universelle-minerva\/\"><strong>graisse\u00a0<\/strong><\/a>au niveau de la came. V\u00e9rifiez bien l&rsquo;\u00e9tat de votre bak\u00e9lite sous pompe \u00e9galement. En cas de d\u00e9formation ou de fissures, remplacez l\u00e0 par notre <a href=\"https:\/\/les-routes-buissonnieres.fr\/boutik\/produit\/bakelite-sous-pompe-a-essence-vw-2\/\"><strong>mod\u00e8le neuf<\/strong><\/a>.<\/p>\n<p style=\"margin-top: 12px; margin-bottom: 12px; font-family: Tahoma, Arial, Helvetica, sans-serif; font-size: 14px;\">Lors de l&rsquo;installation, vous devrez peut-\u00eatre tourner le chapeau de la pompe afin que les tuyaux d&rsquo;entr\u00e9e et de sortie se retrouvent dans le bon axe. rien de plus simple : d\u00e9vissez le chapeau, mettez-le dans la position qui convient et revisser le tout.<\/p>\n<p>Convient aux VW Coccinelle, Combi Split, Combi Bay Window \u00e0 moteur type 1. Ne convient pas aux pieds moul\u00e9s.<\/p>\n","protected":false},"excerpt":{"rendered":"<p>Pompe essence cox combi Q+. Excellente qualit\u00e9 de fabrication.<\/p>\n","protected":false},"featured_media":65390,"template":"","meta":[],"product_brand":[],"product_cat":[65,91,74,25,26,27],"product_tag":[2020,2025,2019],"class_list":{"0":"post-1669","1":"product","2":"type-product","3":"status-publish","4":"has-post-thumbnail","6":"product_cat-cv106-alimentation-carburant","7":"product_cat-cv82-alimentation-carburant","8":"product_cat-cv92-alimentation-carburant","9":"product_cat-pieces-vw-coccinelle-type-1","10":"product_cat-pieces-vw-combi-bay-window-type-2","11":"product_cat-piece-vw-combi-split-type-2","12":"product_tag-pompe-a-essence-combi","13":"product_tag-pompe-a-essence-combi-bresilien","14":"product_tag-pompe-a-essence-cox","16":"first","17":"instock","18":"featured","19":"taxable","20":"shipping-taxable","21":"purchasable","22":"product-type-simple"},"yoast_head":"<!-- This site is optimized with the Yoast SEO plugin v27.4 - https:\/\/yoast.com\/product\/yoast-seo-wordpress\/ -->\n<title>POMPE ESSENCE COX COMBI Q+ - La boutique LRB<\/title>\n<meta name=\"description\" content=\"Pompe \u00e0 essence cox combi VW Q+. Fabrication Italienne, enti\u00e8rement d\u00e9montable. Livr\u00e9e avec sa tige de pouss\u00e9e. Pour tous moteurs type 1 sauf pied moul\u00e9\" \/>\n<meta name=\"robots\" content=\"index, follow, max-snippet:-1, max-image-preview:large, max-video-preview:-1\" \/>\n<link rel=\"canonical\" href=\"https:\/\/les-routes-buissonnieres.fr\/boutik\/produit\/pomp-essence-cox-combi\/\" \/>\n<meta property=\"og:locale\" content=\"fr_FR\" \/>\n<meta property=\"og:type\" content=\"article\" \/>\n<meta property=\"og:title\" content=\"POMPE ESSENCE COX COMBI Q+ - La boutique LRB\" \/>\n<meta property=\"og:description\" content=\"Pompe \u00e0 essence cox combi VW Q+. Fabrication Italienne, enti\u00e8rement d\u00e9montable. Livr\u00e9e avec sa tige de pouss\u00e9e. Pour tous moteurs type 1 sauf pied moul\u00e9\" \/>\n<meta property=\"og:url\" content=\"https:\/\/les-routes-buissonnieres.fr\/boutik\/produit\/pomp-essence-cox-combi\/\" \/>\n<meta property=\"og:site_name\" content=\"La boutique LRB\" \/>\n<meta property=\"article:modified_time\" content=\"2026-01-27T10:40:23+00:00\" \/>\n<meta property=\"og:image\" content=\"https:\/\/les-routes-buissonnieres.fr\/boutik\/wp-content\/uploads\/2012\/11\/pompeessencetype1.jpg\" \/>\n\t<meta property=\"og:image:width\" content=\"488\" \/>\n\t<meta property=\"og:image:height\" content=\"500\" \/>\n\t<meta property=\"og:image:type\" content=\"image\/jpeg\" \/>\n<meta name=\"twitter:card\" content=\"summary_large_image\" \/>\n<meta name=\"twitter:label1\" content=\"Dur\u00e9e de lecture estim\u00e9e\" \/>\n\t<meta name=\"twitter:data1\" content=\"2 minutes\" \/>\n<script type=\"application\/ld+json\" class=\"yoast-schema-graph\">{\"@context\":\"https:\\\/\\\/schema.org\",\"@graph\":[{\"@type\":\"WebPage\",\"@id\":\"https:\\\/\\\/les-routes-buissonnieres.fr\\\/boutik\\\/produit\\\/pomp-essence-cox-combi\\\/\",\"url\":\"https:\\\/\\\/les-routes-buissonnieres.fr\\\/boutik\\\/produit\\\/pomp-essence-cox-combi\\\/\",\"name\":\"POMPE ESSENCE COX COMBI Q+ - La boutique LRB\",\"isPartOf\":{\"@id\":\"https:\\\/\\\/les-routes-buissonnieres.fr\\\/boutik\\\/#website\"},\"primaryImageOfPage\":{\"@id\":\"https:\\\/\\\/les-routes-buissonnieres.fr\\\/boutik\\\/produit\\\/pomp-essence-cox-combi\\\/#primaryimage\"},\"image\":{\"@id\":\"https:\\\/\\\/les-routes-buissonnieres.fr\\\/boutik\\\/produit\\\/pomp-essence-cox-combi\\\/#primaryimage\"},\"thumbnailUrl\":\"https:\\\/\\\/les-routes-buissonnieres.fr\\\/boutik\\\/wp-content\\\/uploads\\\/2012\\\/11\\\/pompeessencetype1.jpg\",\"datePublished\":\"2012-11-21T16:32:25+00:00\",\"dateModified\":\"2026-01-27T10:40:23+00:00\",\"description\":\"Pompe \u00e0 essence cox combi VW Q+. Fabrication Italienne, enti\u00e8rement d\u00e9montable. Livr\u00e9e avec sa tige de pouss\u00e9e. Pour tous moteurs type 1 sauf pied moul\u00e9\",\"breadcrumb\":{\"@id\":\"https:\\\/\\\/les-routes-buissonnieres.fr\\\/boutik\\\/produit\\\/pomp-essence-cox-combi\\\/#breadcrumb\"},\"inLanguage\":\"fr-FR\",\"potentialAction\":[{\"@type\":\"ReadAction\",\"target\":[\"https:\\\/\\\/les-routes-buissonnieres.fr\\\/boutik\\\/produit\\\/pomp-essence-cox-combi\\\/\"]}]},{\"@type\":\"ImageObject\",\"inLanguage\":\"fr-FR\",\"@id\":\"https:\\\/\\\/les-routes-buissonnieres.fr\\\/boutik\\\/produit\\\/pomp-essence-cox-combi\\\/#primaryimage\",\"url\":\"https:\\\/\\\/les-routes-buissonnieres.fr\\\/boutik\\\/wp-content\\\/uploads\\\/2012\\\/11\\\/pompeessencetype1.jpg\",\"contentUrl\":\"https:\\\/\\\/les-routes-buissonnieres.fr\\\/boutik\\\/wp-content\\\/uploads\\\/2012\\\/11\\\/pompeessencetype1.jpg\",\"width\":488,\"height\":500,\"caption\":\"pompe essence cox combi\"},{\"@type\":\"BreadcrumbList\",\"@id\":\"https:\\\/\\\/les-routes-buissonnieres.fr\\\/boutik\\\/produit\\\/pomp-essence-cox-combi\\\/#breadcrumb\",\"itemListElement\":[{\"@type\":\"ListItem\",\"position\":1,\"name\":\"Accueil\",\"item\":\"https:\\\/\\\/les-routes-buissonnieres.fr\\\/boutik\\\/\"},{\"@type\":\"ListItem\",\"position\":2,\"name\":\"Boutique\",\"item\":\"https:\\\/\\\/les-routes-buissonnieres.fr\\\/boutik\\\/\"},{\"@type\":\"ListItem\",\"position\":3,\"name\":\"POMPE ESSENCE COX COMBI Q+\"}]},{\"@type\":\"WebSite\",\"@id\":\"https:\\\/\\\/les-routes-buissonnieres.fr\\\/boutik\\\/#website\",\"url\":\"https:\\\/\\\/les-routes-buissonnieres.fr\\\/boutik\\\/\",\"name\":\"La boutique LRB\",\"description\":\"Pi\u00e8ces d\u00e9tach\u00e9es Citro\u00ebn - VW refroidies par air\",\"publisher\":{\"@id\":\"https:\\\/\\\/les-routes-buissonnieres.fr\\\/boutik\\\/#organization\"},\"potentialAction\":[{\"@type\":\"SearchAction\",\"target\":{\"@type\":\"EntryPoint\",\"urlTemplate\":\"https:\\\/\\\/les-routes-buissonnieres.fr\\\/boutik\\\/?s={search_term_string}\"},\"query-input\":{\"@type\":\"PropertyValueSpecification\",\"valueRequired\":true,\"valueName\":\"search_term_string\"}}],\"inLanguage\":\"fr-FR\"},{\"@type\":\"Organization\",\"@id\":\"https:\\\/\\\/les-routes-buissonnieres.fr\\\/boutik\\\/#organization\",\"name\":\"La boutique LRB\",\"url\":\"https:\\\/\\\/les-routes-buissonnieres.fr\\\/boutik\\\/\",\"logo\":{\"@type\":\"ImageObject\",\"inLanguage\":\"fr-FR\",\"@id\":\"https:\\\/\\\/les-routes-buissonnieres.fr\\\/boutik\\\/#\\\/schema\\\/logo\\\/image\\\/\",\"url\":\"https:\\\/\\\/les-routes-buissonnieres.fr\\\/boutik\\\/wp-content\\\/uploads\\\/2023\\\/11\\\/cropped-logo-a-et-c-2023-orange.png\",\"contentUrl\":\"https:\\\/\\\/les-routes-buissonnieres.fr\\\/boutik\\\/wp-content\\\/uploads\\\/2023\\\/11\\\/cropped-logo-a-et-c-2023-orange.png\",\"width\":300,\"height\":176,\"caption\":\"La boutique LRB\"},\"image\":{\"@id\":\"https:\\\/\\\/les-routes-buissonnieres.fr\\\/boutik\\\/#\\\/schema\\\/logo\\\/image\\\/\"}}]}<\/script>\n<!-- \/ Yoast SEO plugin. -->","yoast_head_json":{"title":"POMPE ESSENCE COX COMBI Q+ - La boutique LRB","description":"Pompe \u00e0 essence cox combi VW Q+. Fabrication Italienne, enti\u00e8rement d\u00e9montable. Livr\u00e9e avec sa tige de pouss\u00e9e. Pour tous moteurs type 1 sauf pied moul\u00e9","robots":{"index":"index","follow":"follow","max-snippet":"max-snippet:-1","max-image-preview":"max-image-preview:large","max-video-preview":"max-video-preview:-1"},"canonical":"https:\/\/les-routes-buissonnieres.fr\/boutik\/produit\/pomp-essence-cox-combi\/","og_locale":"fr_FR","og_type":"article","og_title":"POMPE ESSENCE COX COMBI Q+ - La boutique LRB","og_description":"Pompe \u00e0 essence cox combi VW Q+. Fabrication Italienne, enti\u00e8rement d\u00e9montable. Livr\u00e9e avec sa tige de pouss\u00e9e. Pour tous moteurs type 1 sauf pied moul\u00e9","og_url":"https:\/\/les-routes-buissonnieres.fr\/boutik\/produit\/pomp-essence-cox-combi\/","og_site_name":"La boutique LRB","article_modified_time":"2026-01-27T10:40:23+00:00","og_image":[{"width":488,"height":500,"url":"https:\/\/les-routes-buissonnieres.fr\/boutik\/wp-content\/uploads\/2012\/11\/pompeessencetype1.jpg","type":"image\/jpeg"}],"twitter_card":"summary_large_image","twitter_misc":{"Dur\u00e9e de lecture estim\u00e9e":"2 minutes"},"schema":{"@context":"https:\/\/schema.org","@graph":[{"@type":"WebPage","@id":"https:\/\/les-routes-buissonnieres.fr\/boutik\/produit\/pomp-essence-cox-combi\/","url":"https:\/\/les-routes-buissonnieres.fr\/boutik\/produit\/pomp-essence-cox-combi\/","name":"POMPE ESSENCE COX COMBI Q+ - La boutique LRB","isPartOf":{"@id":"https:\/\/les-routes-buissonnieres.fr\/boutik\/#website"},"primaryImageOfPage":{"@id":"https:\/\/les-routes-buissonnieres.fr\/boutik\/produit\/pomp-essence-cox-combi\/#primaryimage"},"image":{"@id":"https:\/\/les-routes-buissonnieres.fr\/boutik\/produit\/pomp-essence-cox-combi\/#primaryimage"},"thumbnailUrl":"https:\/\/les-routes-buissonnieres.fr\/boutik\/wp-content\/uploads\/2012\/11\/pompeessencetype1.jpg","datePublished":"2012-11-21T16:32:25+00:00","dateModified":"2026-01-27T10:40:23+00:00","description":"Pompe \u00e0 essence cox combi VW Q+. Fabrication Italienne, enti\u00e8rement d\u00e9montable. Livr\u00e9e avec sa tige de pouss\u00e9e. Pour tous moteurs type 1 sauf pied moul\u00e9","breadcrumb":{"@id":"https:\/\/les-routes-buissonnieres.fr\/boutik\/produit\/pomp-essence-cox-combi\/#breadcrumb"},"inLanguage":"fr-FR","potentialAction":[{"@type":"ReadAction","target":["https:\/\/les-routes-buissonnieres.fr\/boutik\/produit\/pomp-essence-cox-combi\/"]}]},{"@type":"ImageObject","inLanguage":"fr-FR","@id":"https:\/\/les-routes-buissonnieres.fr\/boutik\/produit\/pomp-essence-cox-combi\/#primaryimage","url":"https:\/\/les-routes-buissonnieres.fr\/boutik\/wp-content\/uploads\/2012\/11\/pompeessencetype1.jpg","contentUrl":"https:\/\/les-routes-buissonnieres.fr\/boutik\/wp-content\/uploads\/2012\/11\/pompeessencetype1.jpg","width":488,"height":500,"caption":"pompe essence cox combi"},{"@type":"BreadcrumbList","@id":"https:\/\/les-routes-buissonnieres.fr\/boutik\/produit\/pomp-essence-cox-combi\/#breadcrumb","itemListElement":[{"@type":"ListItem","position":1,"name":"Accueil","item":"https:\/\/les-routes-buissonnieres.fr\/boutik\/"},{"@type":"ListItem","position":2,"name":"Boutique","item":"https:\/\/les-routes-buissonnieres.fr\/boutik\/"},{"@type":"ListItem","position":3,"name":"POMPE ESSENCE COX COMBI Q+"}]},{"@type":"WebSite","@id":"https:\/\/les-routes-buissonnieres.fr\/boutik\/#website","url":"https:\/\/les-routes-buissonnieres.fr\/boutik\/","name":"La boutique LRB","description":"Pi\u00e8ces d\u00e9tach\u00e9es Citro\u00ebn - VW refroidies par air","publisher":{"@id":"https:\/\/les-routes-buissonnieres.fr\/boutik\/#organization"},"potentialAction":[{"@type":"SearchAction","target":{"@type":"EntryPoint","urlTemplate":"https:\/\/les-routes-buissonnieres.fr\/boutik\/?s={search_term_string}"},"query-input":{"@type":"PropertyValueSpecification","valueRequired":true,"valueName":"search_term_string"}}],"inLanguage":"fr-FR"},{"@type":"Organization","@id":"https:\/\/les-routes-buissonnieres.fr\/boutik\/#organization","name":"La boutique LRB","url":"https:\/\/les-routes-buissonnieres.fr\/boutik\/","logo":{"@type":"ImageObject","inLanguage":"fr-FR","@id":"https:\/\/les-routes-buissonnieres.fr\/boutik\/#\/schema\/logo\/image\/","url":"https:\/\/les-routes-buissonnieres.fr\/boutik\/wp-content\/uploads\/2023\/11\/cropped-logo-a-et-c-2023-orange.png","contentUrl":"https:\/\/les-routes-buissonnieres.fr\/boutik\/wp-content\/uploads\/2023\/11\/cropped-logo-a-et-c-2023-orange.png","width":300,"height":176,"caption":"La boutique LRB"},"image":{"@id":"https:\/\/les-routes-buissonnieres.fr\/boutik\/#\/schema\/logo\/image\/"}}]}},"_links":{"self":[{"href":"https:\/\/les-routes-buissonnieres.fr\/boutik\/wp-json\/wp\/v2\/product\/1669","targetHints":{"allow":["GET"]}}],"collection":[{"href":"https:\/\/les-routes-buissonnieres.fr\/boutik\/wp-json\/wp\/v2\/product"}],"about":[{"href":"https:\/\/les-routes-buissonnieres.fr\/boutik\/wp-json\/wp\/v2\/types\/product"}],"wp:featuredmedia":[{"embeddable":true,"href":"https:\/\/les-routes-buissonnieres.fr\/boutik\/wp-json\/wp\/v2\/media\/65390"}],"wp:attachment":[{"href":"https:\/\/les-routes-buissonnieres.fr\/boutik\/wp-json\/wp\/v2\/media?parent=1669"}],"wp:term":[{"taxonomy":"product_brand","embeddable":true,"href":"https:\/\/les-routes-buissonnieres.fr\/boutik\/wp-json\/wp\/v2\/product_brand?post=1669"},{"taxonomy":"product_cat","embeddable":true,"href":"https:\/\/les-routes-buissonnieres.fr\/boutik\/wp-json\/wp\/v2\/product_cat?post=1669"},{"taxonomy":"product_tag","embeddable":true,"href":"https:\/\/les-routes-buissonnieres.fr\/boutik\/wp-json\/wp\/v2\/product_tag?post=1669"}],"curies":[{"name":"wp","href":"https:\/\/api.w.org\/{rel}","templated":true}]}}