{"id":18805,"date":"2017-03-20T21:50:12","date_gmt":"2017-03-20T20:50:12","guid":{"rendered":"http:\/\/ailettes-et-carbus.fr\/?post_type=product&#038;p=18805"},"modified":"2025-10-20T10:47:54","modified_gmt":"2025-10-20T09:47:54","slug":"bouchon-chassi-2cv-dyane-mehari","status":"publish","type":"product","link":"https:\/\/les-routes-buissonnieres.fr\/boutik\/produit\/bouchon-chassi-2cv-dyane-mehari\/","title":{"rendered":"BOUCHON TROU CH\u00c2SSIS DIAM.40 2CV DYANE MEHARI"},"content":{"rendered":"<h2><\/h2>\n<p>Bouchon trou ch\u00e2ssis diam.40 2cv Dyane Mehari.<\/p>\n<p>Pour obturation des trous de ch\u00e2ssis.<\/p>\n<p>Diam\u00e8tre 40mm.<\/p>\n<p>Convient aux Citro\u00ebn <a href=\"https:\/\/fr.wikipedia.org\/wiki\/Citro%C3%ABn_2_CV\" target=\"_blank\" rel=\"noopener\">2cv<\/a>, Dyane, M\u00e9hari.<\/p>\n","protected":false},"excerpt":{"rendered":"<p>Bouchon trou ch\u00e2ssis diam.40 2cv Dyane Mehari. La pi\u00e8ce.<\/p>\n","protected":false},"featured_media":64849,"template":"","meta":[],"product_brand":[],"product_cat":[580,108,136,122,29,32,31,111,139,125],"product_tag":[216,1808,1805,1318,238,247,248,1806,1807],"class_list":{"0":"post-18805","1":"product","2":"type-product","3":"status-publish","4":"has-post-thumbnail","6":"product_cat-bonnes-affaires","7":"product_cat-cv143-carrosserie","8":"product_cat-cv171-carrosserie","9":"product_cat-cv157-carrosserie","10":"product_cat-pieces-citroen-2-cv","11":"product_cat-pieces-citroen-ami","12":"product_cat-pieces-citroen-dyane","13":"product_cat-cv146-quincaillerie-et-divers","14":"product_cat-cv174-quincaillerie-et-divers","15":"product_cat-cv160-quincaillerie-et-divers","16":"product_tag-2cv","17":"product_tag-bouchon-de-chassis","18":"product_tag-carroserie","19":"product_tag-chassis","20":"product_tag-citroen","21":"product_tag-dyane","22":"product_tag-mehari","23":"product_tag-plateforme","24":"product_tag-trous-de-chassis","26":"first","27":"instock","28":"sale","29":"taxable","30":"shipping-taxable","31":"purchasable","32":"product-type-simple"},"yoast_head":"<!-- This site is optimized with the Yoast SEO plugin v27.4 - https:\/\/yoast.com\/product\/yoast-seo-wordpress\/ -->\n<title>BOUCHON TROU CH\u00c2SSIS DIAM.40 2CV DYANE MEHARI - La boutique LRB<\/title>\n<meta name=\"description\" content=\"Bouchons trous ch\u00e2ssis diam.40 2cv Dyane Mehari. Lot de 9 bouchons obturateurs de trous de ch\u00e2ssis. Diam\u00e8tre 40mm. Convient aux Citro\u00ebn 2cv, Dyane, M\u00e9hari.\" \/>\n<meta name=\"robots\" content=\"index, follow, max-snippet:-1, max-image-preview:large, max-video-preview:-1\" \/>\n<link rel=\"canonical\" href=\"https:\/\/les-routes-buissonnieres.fr\/boutik\/produit\/bouchon-chassi-2cv-dyane-mehari\/\" \/>\n<meta property=\"og:locale\" content=\"fr_FR\" \/>\n<meta property=\"og:type\" content=\"article\" \/>\n<meta property=\"og:title\" content=\"BOUCHON TROU CH\u00c2SSIS DIAM.40 2CV DYANE MEHARI - La boutique LRB\" \/>\n<meta property=\"og:description\" content=\"Bouchons trous ch\u00e2ssis diam.40 2cv Dyane Mehari. Lot de 9 bouchons obturateurs de trous de ch\u00e2ssis. Diam\u00e8tre 40mm. Convient aux Citro\u00ebn 2cv, Dyane, M\u00e9hari.\" \/>\n<meta property=\"og:url\" content=\"https:\/\/les-routes-buissonnieres.fr\/boutik\/produit\/bouchon-chassi-2cv-dyane-mehari\/\" \/>\n<meta property=\"og:site_name\" content=\"La boutique LRB\" \/>\n<meta property=\"article:modified_time\" content=\"2025-10-20T09:47:54+00:00\" \/>\n<meta property=\"og:image\" content=\"https:\/\/les-routes-buissonnieres.fr\/boutik\/wp-content\/uploads\/2017\/03\/40mm.webp\" \/>\n\t<meta property=\"og:image:width\" content=\"800\" \/>\n\t<meta property=\"og:image:height\" content=\"800\" \/>\n\t<meta property=\"og:image:type\" content=\"image\/webp\" \/>\n<meta name=\"twitter:card\" content=\"summary_large_image\" \/>\n<meta name=\"twitter:label1\" content=\"Dur\u00e9e de lecture estim\u00e9e\" \/>\n\t<meta name=\"twitter:data1\" content=\"1 minute\" \/>\n<script type=\"application\/ld+json\" class=\"yoast-schema-graph\">{\"@context\":\"https:\\\/\\\/schema.org\",\"@graph\":[{\"@type\":\"WebPage\",\"@id\":\"https:\\\/\\\/les-routes-buissonnieres.fr\\\/boutik\\\/produit\\\/bouchon-chassi-2cv-dyane-mehari\\\/\",\"url\":\"https:\\\/\\\/les-routes-buissonnieres.fr\\\/boutik\\\/produit\\\/bouchon-chassi-2cv-dyane-mehari\\\/\",\"name\":\"BOUCHON TROU CH\u00c2SSIS DIAM.40 2CV DYANE MEHARI - La boutique LRB\",\"isPartOf\":{\"@id\":\"https:\\\/\\\/les-routes-buissonnieres.fr\\\/boutik\\\/#website\"},\"primaryImageOfPage\":{\"@id\":\"https:\\\/\\\/les-routes-buissonnieres.fr\\\/boutik\\\/produit\\\/bouchon-chassi-2cv-dyane-mehari\\\/#primaryimage\"},\"image\":{\"@id\":\"https:\\\/\\\/les-routes-buissonnieres.fr\\\/boutik\\\/produit\\\/bouchon-chassi-2cv-dyane-mehari\\\/#primaryimage\"},\"thumbnailUrl\":\"https:\\\/\\\/les-routes-buissonnieres.fr\\\/boutik\\\/wp-content\\\/uploads\\\/2017\\\/03\\\/40mm.webp\",\"datePublished\":\"2017-03-20T20:50:12+00:00\",\"dateModified\":\"2025-10-20T09:47:54+00:00\",\"description\":\"Bouchons trous ch\u00e2ssis diam.40 2cv Dyane Mehari. Lot de 9 bouchons obturateurs de trous de ch\u00e2ssis. Diam\u00e8tre 40mm. Convient aux Citro\u00ebn 2cv, Dyane, M\u00e9hari.\",\"breadcrumb\":{\"@id\":\"https:\\\/\\\/les-routes-buissonnieres.fr\\\/boutik\\\/produit\\\/bouchon-chassi-2cv-dyane-mehari\\\/#breadcrumb\"},\"inLanguage\":\"fr-FR\",\"potentialAction\":[{\"@type\":\"ReadAction\",\"target\":[\"https:\\\/\\\/les-routes-buissonnieres.fr\\\/boutik\\\/produit\\\/bouchon-chassi-2cv-dyane-mehari\\\/\"]}]},{\"@type\":\"ImageObject\",\"inLanguage\":\"fr-FR\",\"@id\":\"https:\\\/\\\/les-routes-buissonnieres.fr\\\/boutik\\\/produit\\\/bouchon-chassi-2cv-dyane-mehari\\\/#primaryimage\",\"url\":\"https:\\\/\\\/les-routes-buissonnieres.fr\\\/boutik\\\/wp-content\\\/uploads\\\/2017\\\/03\\\/40mm.webp\",\"contentUrl\":\"https:\\\/\\\/les-routes-buissonnieres.fr\\\/boutik\\\/wp-content\\\/uploads\\\/2017\\\/03\\\/40mm.webp\",\"width\":800,\"height\":800},{\"@type\":\"BreadcrumbList\",\"@id\":\"https:\\\/\\\/les-routes-buissonnieres.fr\\\/boutik\\\/produit\\\/bouchon-chassi-2cv-dyane-mehari\\\/#breadcrumb\",\"itemListElement\":[{\"@type\":\"ListItem\",\"position\":1,\"name\":\"Accueil\",\"item\":\"https:\\\/\\\/les-routes-buissonnieres.fr\\\/boutik\\\/\"},{\"@type\":\"ListItem\",\"position\":2,\"name\":\"Boutique\",\"item\":\"https:\\\/\\\/les-routes-buissonnieres.fr\\\/boutik\\\/\"},{\"@type\":\"ListItem\",\"position\":3,\"name\":\"BOUCHON TROU CH\u00c2SSIS DIAM.40 2CV DYANE MEHARI\"}]},{\"@type\":\"WebSite\",\"@id\":\"https:\\\/\\\/les-routes-buissonnieres.fr\\\/boutik\\\/#website\",\"url\":\"https:\\\/\\\/les-routes-buissonnieres.fr\\\/boutik\\\/\",\"name\":\"La boutique LRB\",\"description\":\"Pi\u00e8ces d\u00e9tach\u00e9es Citro\u00ebn - VW refroidies par air\",\"publisher\":{\"@id\":\"https:\\\/\\\/les-routes-buissonnieres.fr\\\/boutik\\\/#organization\"},\"potentialAction\":[{\"@type\":\"SearchAction\",\"target\":{\"@type\":\"EntryPoint\",\"urlTemplate\":\"https:\\\/\\\/les-routes-buissonnieres.fr\\\/boutik\\\/?s={search_term_string}\"},\"query-input\":{\"@type\":\"PropertyValueSpecification\",\"valueRequired\":true,\"valueName\":\"search_term_string\"}}],\"inLanguage\":\"fr-FR\"},{\"@type\":\"Organization\",\"@id\":\"https:\\\/\\\/les-routes-buissonnieres.fr\\\/boutik\\\/#organization\",\"name\":\"La boutique LRB\",\"url\":\"https:\\\/\\\/les-routes-buissonnieres.fr\\\/boutik\\\/\",\"logo\":{\"@type\":\"ImageObject\",\"inLanguage\":\"fr-FR\",\"@id\":\"https:\\\/\\\/les-routes-buissonnieres.fr\\\/boutik\\\/#\\\/schema\\\/logo\\\/image\\\/\",\"url\":\"https:\\\/\\\/les-routes-buissonnieres.fr\\\/boutik\\\/wp-content\\\/uploads\\\/2023\\\/11\\\/cropped-logo-a-et-c-2023-orange.png\",\"contentUrl\":\"https:\\\/\\\/les-routes-buissonnieres.fr\\\/boutik\\\/wp-content\\\/uploads\\\/2023\\\/11\\\/cropped-logo-a-et-c-2023-orange.png\",\"width\":300,\"height\":176,\"caption\":\"La boutique LRB\"},\"image\":{\"@id\":\"https:\\\/\\\/les-routes-buissonnieres.fr\\\/boutik\\\/#\\\/schema\\\/logo\\\/image\\\/\"}}]}<\/script>\n<!-- \/ Yoast SEO plugin. -->","yoast_head_json":{"title":"BOUCHON TROU CH\u00c2SSIS DIAM.40 2CV DYANE MEHARI - La boutique LRB","description":"Bouchons trous ch\u00e2ssis diam.40 2cv Dyane Mehari. Lot de 9 bouchons obturateurs de trous de ch\u00e2ssis. Diam\u00e8tre 40mm. Convient aux Citro\u00ebn 2cv, Dyane, M\u00e9hari.","robots":{"index":"index","follow":"follow","max-snippet":"max-snippet:-1","max-image-preview":"max-image-preview:large","max-video-preview":"max-video-preview:-1"},"canonical":"https:\/\/les-routes-buissonnieres.fr\/boutik\/produit\/bouchon-chassi-2cv-dyane-mehari\/","og_locale":"fr_FR","og_type":"article","og_title":"BOUCHON TROU CH\u00c2SSIS DIAM.40 2CV DYANE MEHARI - La boutique LRB","og_description":"Bouchons trous ch\u00e2ssis diam.40 2cv Dyane Mehari. Lot de 9 bouchons obturateurs de trous de ch\u00e2ssis. Diam\u00e8tre 40mm. Convient aux Citro\u00ebn 2cv, Dyane, M\u00e9hari.","og_url":"https:\/\/les-routes-buissonnieres.fr\/boutik\/produit\/bouchon-chassi-2cv-dyane-mehari\/","og_site_name":"La boutique LRB","article_modified_time":"2025-10-20T09:47:54+00:00","og_image":[{"width":800,"height":800,"url":"https:\/\/les-routes-buissonnieres.fr\/boutik\/wp-content\/uploads\/2017\/03\/40mm.webp","type":"image\/webp"}],"twitter_card":"summary_large_image","twitter_misc":{"Dur\u00e9e de lecture estim\u00e9e":"1 minute"},"schema":{"@context":"https:\/\/schema.org","@graph":[{"@type":"WebPage","@id":"https:\/\/les-routes-buissonnieres.fr\/boutik\/produit\/bouchon-chassi-2cv-dyane-mehari\/","url":"https:\/\/les-routes-buissonnieres.fr\/boutik\/produit\/bouchon-chassi-2cv-dyane-mehari\/","name":"BOUCHON TROU CH\u00c2SSIS DIAM.40 2CV DYANE MEHARI - La boutique LRB","isPartOf":{"@id":"https:\/\/les-routes-buissonnieres.fr\/boutik\/#website"},"primaryImageOfPage":{"@id":"https:\/\/les-routes-buissonnieres.fr\/boutik\/produit\/bouchon-chassi-2cv-dyane-mehari\/#primaryimage"},"image":{"@id":"https:\/\/les-routes-buissonnieres.fr\/boutik\/produit\/bouchon-chassi-2cv-dyane-mehari\/#primaryimage"},"thumbnailUrl":"https:\/\/les-routes-buissonnieres.fr\/boutik\/wp-content\/uploads\/2017\/03\/40mm.webp","datePublished":"2017-03-20T20:50:12+00:00","dateModified":"2025-10-20T09:47:54+00:00","description":"Bouchons trous ch\u00e2ssis diam.40 2cv Dyane Mehari. Lot de 9 bouchons obturateurs de trous de ch\u00e2ssis. Diam\u00e8tre 40mm. Convient aux Citro\u00ebn 2cv, Dyane, M\u00e9hari.","breadcrumb":{"@id":"https:\/\/les-routes-buissonnieres.fr\/boutik\/produit\/bouchon-chassi-2cv-dyane-mehari\/#breadcrumb"},"inLanguage":"fr-FR","potentialAction":[{"@type":"ReadAction","target":["https:\/\/les-routes-buissonnieres.fr\/boutik\/produit\/bouchon-chassi-2cv-dyane-mehari\/"]}]},{"@type":"ImageObject","inLanguage":"fr-FR","@id":"https:\/\/les-routes-buissonnieres.fr\/boutik\/produit\/bouchon-chassi-2cv-dyane-mehari\/#primaryimage","url":"https:\/\/les-routes-buissonnieres.fr\/boutik\/wp-content\/uploads\/2017\/03\/40mm.webp","contentUrl":"https:\/\/les-routes-buissonnieres.fr\/boutik\/wp-content\/uploads\/2017\/03\/40mm.webp","width":800,"height":800},{"@type":"BreadcrumbList","@id":"https:\/\/les-routes-buissonnieres.fr\/boutik\/produit\/bouchon-chassi-2cv-dyane-mehari\/#breadcrumb","itemListElement":[{"@type":"ListItem","position":1,"name":"Accueil","item":"https:\/\/les-routes-buissonnieres.fr\/boutik\/"},{"@type":"ListItem","position":2,"name":"Boutique","item":"https:\/\/les-routes-buissonnieres.fr\/boutik\/"},{"@type":"ListItem","position":3,"name":"BOUCHON TROU CH\u00c2SSIS DIAM.40 2CV DYANE MEHARI"}]},{"@type":"WebSite","@id":"https:\/\/les-routes-buissonnieres.fr\/boutik\/#website","url":"https:\/\/les-routes-buissonnieres.fr\/boutik\/","name":"La boutique LRB","description":"Pi\u00e8ces d\u00e9tach\u00e9es Citro\u00ebn - VW refroidies par air","publisher":{"@id":"https:\/\/les-routes-buissonnieres.fr\/boutik\/#organization"},"potentialAction":[{"@type":"SearchAction","target":{"@type":"EntryPoint","urlTemplate":"https:\/\/les-routes-buissonnieres.fr\/boutik\/?s={search_term_string}"},"query-input":{"@type":"PropertyValueSpecification","valueRequired":true,"valueName":"search_term_string"}}],"inLanguage":"fr-FR"},{"@type":"Organization","@id":"https:\/\/les-routes-buissonnieres.fr\/boutik\/#organization","name":"La boutique LRB","url":"https:\/\/les-routes-buissonnieres.fr\/boutik\/","logo":{"@type":"ImageObject","inLanguage":"fr-FR","@id":"https:\/\/les-routes-buissonnieres.fr\/boutik\/#\/schema\/logo\/image\/","url":"https:\/\/les-routes-buissonnieres.fr\/boutik\/wp-content\/uploads\/2023\/11\/cropped-logo-a-et-c-2023-orange.png","contentUrl":"https:\/\/les-routes-buissonnieres.fr\/boutik\/wp-content\/uploads\/2023\/11\/cropped-logo-a-et-c-2023-orange.png","width":300,"height":176,"caption":"La boutique LRB"},"image":{"@id":"https:\/\/les-routes-buissonnieres.fr\/boutik\/#\/schema\/logo\/image\/"}}]}},"_links":{"self":[{"href":"https:\/\/les-routes-buissonnieres.fr\/boutik\/wp-json\/wp\/v2\/product\/18805","targetHints":{"allow":["GET"]}}],"collection":[{"href":"https:\/\/les-routes-buissonnieres.fr\/boutik\/wp-json\/wp\/v2\/product"}],"about":[{"href":"https:\/\/les-routes-buissonnieres.fr\/boutik\/wp-json\/wp\/v2\/types\/product"}],"wp:featuredmedia":[{"embeddable":true,"href":"https:\/\/les-routes-buissonnieres.fr\/boutik\/wp-json\/wp\/v2\/media\/64849"}],"wp:attachment":[{"href":"https:\/\/les-routes-buissonnieres.fr\/boutik\/wp-json\/wp\/v2\/media?parent=18805"}],"wp:term":[{"taxonomy":"product_brand","embeddable":true,"href":"https:\/\/les-routes-buissonnieres.fr\/boutik\/wp-json\/wp\/v2\/product_brand?post=18805"},{"taxonomy":"product_cat","embeddable":true,"href":"https:\/\/les-routes-buissonnieres.fr\/boutik\/wp-json\/wp\/v2\/product_cat?post=18805"},{"taxonomy":"product_tag","embeddable":true,"href":"https:\/\/les-routes-buissonnieres.fr\/boutik\/wp-json\/wp\/v2\/product_tag?post=18805"}],"curies":[{"name":"wp","href":"https:\/\/api.w.org\/{rel}","templated":true}]}}