{"id":2114,"date":"2013-01-08T18:21:30","date_gmt":"2013-01-08T17:21:30","guid":{"rendered":"http:\/\/ailettes-et-carbus.fr\/produit\/attache-tube-dalimentation-sur-chassis\/"},"modified":"2023-10-26T09:53:42","modified_gmt":"2023-10-26T08:53:42","slug":"clip-tuyau-frein-essence-2cv-dyane-ami","status":"publish","type":"product","link":"https:\/\/les-routes-buissonnieres.fr\/boutik\/produit\/clip-tuyau-frein-essence-2cv-dyane-ami\/","title":{"rendered":"CLIP TUYAU FREIN ESSENCE 2CV DYANE AMI"},"content":{"rendered":"<p>Clip tuyau frein essence 2cv dyane ami.<\/p>\n<p>Bonne qualit\u00e9 de fabrication proche de l&rsquo;origine.<\/p>\n<p>Ce clip se fixe le long du ch\u00e2ssis et permet de maintenir le tuyau de frein et le tuyau d&rsquo;essence.<\/p>\n","protected":false},"excerpt":{"rendered":"<p>Clip tuyau frein essence 2cv dyane ami. Bonne qualit\u00e9 de fabrication.<\/p>\n","protected":false},"featured_media":64509,"template":"","meta":[],"product_brand":[],"product_cat":[45,127,113,108,136,122,29,32,31,106,134,120,111,139,125],"product_tag":[216,1508,252,255,1318,238,1520,1228,247],"class_list":{"0":"post-2114","1":"product","2":"type-product","3":"status-publish","4":"has-post-thumbnail","6":"product_cat-cv134-alimentation-carburant","7":"product_cat-cv162-alimentation-carburant","8":"product_cat-cv148-alimentation-carburant","9":"product_cat-cv143-carrosserie","10":"product_cat-cv171-carrosserie","11":"product_cat-cv157-carrosserie","12":"product_cat-pieces-citroen-2-cv","13":"product_cat-pieces-citroen-ami","14":"product_cat-pieces-citroen-dyane","15":"product_cat-cv141-freinage","16":"product_cat-cv169-freinage","17":"product_cat-cv155-freinage","18":"product_cat-cv146-quincaillerie-et-divers","19":"product_cat-cv174-quincaillerie-et-divers","20":"product_cat-cv160-quincaillerie-et-divers","21":"product_tag-2cv","22":"product_tag-alimentation-carburant","23":"product_tag-ami6","24":"product_tag-ami8","25":"product_tag-chassis","26":"product_tag-citroen","27":"product_tag-clip-de-maintien-de-tuyau-dessence","28":"product_tag-clip-de-maintien-de-tuyau-de-frein","29":"product_tag-dyane","31":"first","32":"instock","33":"featured","34":"taxable","35":"shipping-taxable","36":"purchasable","37":"product-type-simple"},"yoast_head":"<!-- This site is optimized with the Yoast SEO plugin v27.4 - https:\/\/yoast.com\/product\/yoast-seo-wordpress\/ -->\n<title>CLIP TUYAU FREIN ESSENCE 2CV DYANE AMI - La boutique LRB<\/title>\n<meta name=\"robots\" content=\"index, follow, max-snippet:-1, max-image-preview:large, max-video-preview:-1\" \/>\n<link rel=\"canonical\" href=\"https:\/\/les-routes-buissonnieres.fr\/boutik\/produit\/clip-tuyau-frein-essence-2cv-dyane-ami\/\" \/>\n<meta property=\"og:locale\" content=\"fr_FR\" \/>\n<meta property=\"og:type\" content=\"article\" \/>\n<meta property=\"og:title\" content=\"CLIP TUYAU FREIN ESSENCE 2CV DYANE AMI - La boutique LRB\" \/>\n<meta property=\"og:description\" content=\"Clip tuyau frein essence 2cv dyane ami. Bonne qualit\u00e9 de fabrication.\" \/>\n<meta property=\"og:url\" content=\"https:\/\/les-routes-buissonnieres.fr\/boutik\/produit\/clip-tuyau-frein-essence-2cv-dyane-ami\/\" \/>\n<meta property=\"og:site_name\" content=\"La boutique LRB\" \/>\n<meta property=\"article:modified_time\" content=\"2023-10-26T08:53:42+00:00\" \/>\n<meta property=\"og:image\" content=\"https:\/\/les-routes-buissonnieres.fr\/boutik\/wp-content\/uploads\/2013\/01\/attache-des-tubes-de-freins-essence.webp\" \/>\n\t<meta property=\"og:image:width\" content=\"800\" \/>\n\t<meta property=\"og:image:height\" content=\"800\" \/>\n\t<meta property=\"og:image:type\" content=\"image\/webp\" \/>\n<meta name=\"twitter:card\" content=\"summary_large_image\" \/>\n<meta name=\"twitter:label1\" content=\"Dur\u00e9e de lecture estim\u00e9e\" \/>\n\t<meta name=\"twitter:data1\" content=\"1 minute\" \/>\n<script type=\"application\/ld+json\" class=\"yoast-schema-graph\">{\"@context\":\"https:\\\/\\\/schema.org\",\"@graph\":[{\"@type\":\"WebPage\",\"@id\":\"https:\\\/\\\/les-routes-buissonnieres.fr\\\/boutik\\\/produit\\\/clip-tuyau-frein-essence-2cv-dyane-ami\\\/\",\"url\":\"https:\\\/\\\/les-routes-buissonnieres.fr\\\/boutik\\\/produit\\\/clip-tuyau-frein-essence-2cv-dyane-ami\\\/\",\"name\":\"CLIP TUYAU FREIN ESSENCE 2CV DYANE AMI - La boutique LRB\",\"isPartOf\":{\"@id\":\"https:\\\/\\\/les-routes-buissonnieres.fr\\\/boutik\\\/#website\"},\"primaryImageOfPage\":{\"@id\":\"https:\\\/\\\/les-routes-buissonnieres.fr\\\/boutik\\\/produit\\\/clip-tuyau-frein-essence-2cv-dyane-ami\\\/#primaryimage\"},\"image\":{\"@id\":\"https:\\\/\\\/les-routes-buissonnieres.fr\\\/boutik\\\/produit\\\/clip-tuyau-frein-essence-2cv-dyane-ami\\\/#primaryimage\"},\"thumbnailUrl\":\"https:\\\/\\\/les-routes-buissonnieres.fr\\\/boutik\\\/wp-content\\\/uploads\\\/2013\\\/01\\\/attache-des-tubes-de-freins-essence.webp\",\"datePublished\":\"2013-01-08T17:21:30+00:00\",\"dateModified\":\"2023-10-26T08:53:42+00:00\",\"breadcrumb\":{\"@id\":\"https:\\\/\\\/les-routes-buissonnieres.fr\\\/boutik\\\/produit\\\/clip-tuyau-frein-essence-2cv-dyane-ami\\\/#breadcrumb\"},\"inLanguage\":\"fr-FR\",\"potentialAction\":[{\"@type\":\"ReadAction\",\"target\":[\"https:\\\/\\\/les-routes-buissonnieres.fr\\\/boutik\\\/produit\\\/clip-tuyau-frein-essence-2cv-dyane-ami\\\/\"]}]},{\"@type\":\"ImageObject\",\"inLanguage\":\"fr-FR\",\"@id\":\"https:\\\/\\\/les-routes-buissonnieres.fr\\\/boutik\\\/produit\\\/clip-tuyau-frein-essence-2cv-dyane-ami\\\/#primaryimage\",\"url\":\"https:\\\/\\\/les-routes-buissonnieres.fr\\\/boutik\\\/wp-content\\\/uploads\\\/2013\\\/01\\\/attache-des-tubes-de-freins-essence.webp\",\"contentUrl\":\"https:\\\/\\\/les-routes-buissonnieres.fr\\\/boutik\\\/wp-content\\\/uploads\\\/2013\\\/01\\\/attache-des-tubes-de-freins-essence.webp\",\"width\":800,\"height\":800},{\"@type\":\"BreadcrumbList\",\"@id\":\"https:\\\/\\\/les-routes-buissonnieres.fr\\\/boutik\\\/produit\\\/clip-tuyau-frein-essence-2cv-dyane-ami\\\/#breadcrumb\",\"itemListElement\":[{\"@type\":\"ListItem\",\"position\":1,\"name\":\"Accueil\",\"item\":\"https:\\\/\\\/les-routes-buissonnieres.fr\\\/boutik\\\/\"},{\"@type\":\"ListItem\",\"position\":2,\"name\":\"Boutique\",\"item\":\"https:\\\/\\\/les-routes-buissonnieres.fr\\\/boutik\\\/\"},{\"@type\":\"ListItem\",\"position\":3,\"name\":\"CLIP TUYAU FREIN ESSENCE 2CV DYANE AMI\"}]},{\"@type\":\"WebSite\",\"@id\":\"https:\\\/\\\/les-routes-buissonnieres.fr\\\/boutik\\\/#website\",\"url\":\"https:\\\/\\\/les-routes-buissonnieres.fr\\\/boutik\\\/\",\"name\":\"La boutique LRB\",\"description\":\"Pi\u00e8ces d\u00e9tach\u00e9es Citro\u00ebn - VW refroidies par air\",\"publisher\":{\"@id\":\"https:\\\/\\\/les-routes-buissonnieres.fr\\\/boutik\\\/#organization\"},\"potentialAction\":[{\"@type\":\"SearchAction\",\"target\":{\"@type\":\"EntryPoint\",\"urlTemplate\":\"https:\\\/\\\/les-routes-buissonnieres.fr\\\/boutik\\\/?s={search_term_string}\"},\"query-input\":{\"@type\":\"PropertyValueSpecification\",\"valueRequired\":true,\"valueName\":\"search_term_string\"}}],\"inLanguage\":\"fr-FR\"},{\"@type\":\"Organization\",\"@id\":\"https:\\\/\\\/les-routes-buissonnieres.fr\\\/boutik\\\/#organization\",\"name\":\"La boutique LRB\",\"url\":\"https:\\\/\\\/les-routes-buissonnieres.fr\\\/boutik\\\/\",\"logo\":{\"@type\":\"ImageObject\",\"inLanguage\":\"fr-FR\",\"@id\":\"https:\\\/\\\/les-routes-buissonnieres.fr\\\/boutik\\\/#\\\/schema\\\/logo\\\/image\\\/\",\"url\":\"https:\\\/\\\/les-routes-buissonnieres.fr\\\/boutik\\\/wp-content\\\/uploads\\\/2023\\\/11\\\/cropped-logo-a-et-c-2023-orange.png\",\"contentUrl\":\"https:\\\/\\\/les-routes-buissonnieres.fr\\\/boutik\\\/wp-content\\\/uploads\\\/2023\\\/11\\\/cropped-logo-a-et-c-2023-orange.png\",\"width\":300,\"height\":176,\"caption\":\"La boutique LRB\"},\"image\":{\"@id\":\"https:\\\/\\\/les-routes-buissonnieres.fr\\\/boutik\\\/#\\\/schema\\\/logo\\\/image\\\/\"}}]}<\/script>\n<!-- \/ Yoast SEO plugin. -->","yoast_head_json":{"title":"CLIP TUYAU FREIN ESSENCE 2CV DYANE AMI - La boutique LRB","robots":{"index":"index","follow":"follow","max-snippet":"max-snippet:-1","max-image-preview":"max-image-preview:large","max-video-preview":"max-video-preview:-1"},"canonical":"https:\/\/les-routes-buissonnieres.fr\/boutik\/produit\/clip-tuyau-frein-essence-2cv-dyane-ami\/","og_locale":"fr_FR","og_type":"article","og_title":"CLIP TUYAU FREIN ESSENCE 2CV DYANE AMI - La boutique LRB","og_description":"Clip tuyau frein essence 2cv dyane ami. Bonne qualit\u00e9 de fabrication.","og_url":"https:\/\/les-routes-buissonnieres.fr\/boutik\/produit\/clip-tuyau-frein-essence-2cv-dyane-ami\/","og_site_name":"La boutique LRB","article_modified_time":"2023-10-26T08:53:42+00:00","og_image":[{"width":800,"height":800,"url":"https:\/\/les-routes-buissonnieres.fr\/boutik\/wp-content\/uploads\/2013\/01\/attache-des-tubes-de-freins-essence.webp","type":"image\/webp"}],"twitter_card":"summary_large_image","twitter_misc":{"Dur\u00e9e de lecture estim\u00e9e":"1 minute"},"schema":{"@context":"https:\/\/schema.org","@graph":[{"@type":"WebPage","@id":"https:\/\/les-routes-buissonnieres.fr\/boutik\/produit\/clip-tuyau-frein-essence-2cv-dyane-ami\/","url":"https:\/\/les-routes-buissonnieres.fr\/boutik\/produit\/clip-tuyau-frein-essence-2cv-dyane-ami\/","name":"CLIP TUYAU FREIN ESSENCE 2CV DYANE AMI - La boutique LRB","isPartOf":{"@id":"https:\/\/les-routes-buissonnieres.fr\/boutik\/#website"},"primaryImageOfPage":{"@id":"https:\/\/les-routes-buissonnieres.fr\/boutik\/produit\/clip-tuyau-frein-essence-2cv-dyane-ami\/#primaryimage"},"image":{"@id":"https:\/\/les-routes-buissonnieres.fr\/boutik\/produit\/clip-tuyau-frein-essence-2cv-dyane-ami\/#primaryimage"},"thumbnailUrl":"https:\/\/les-routes-buissonnieres.fr\/boutik\/wp-content\/uploads\/2013\/01\/attache-des-tubes-de-freins-essence.webp","datePublished":"2013-01-08T17:21:30+00:00","dateModified":"2023-10-26T08:53:42+00:00","breadcrumb":{"@id":"https:\/\/les-routes-buissonnieres.fr\/boutik\/produit\/clip-tuyau-frein-essence-2cv-dyane-ami\/#breadcrumb"},"inLanguage":"fr-FR","potentialAction":[{"@type":"ReadAction","target":["https:\/\/les-routes-buissonnieres.fr\/boutik\/produit\/clip-tuyau-frein-essence-2cv-dyane-ami\/"]}]},{"@type":"ImageObject","inLanguage":"fr-FR","@id":"https:\/\/les-routes-buissonnieres.fr\/boutik\/produit\/clip-tuyau-frein-essence-2cv-dyane-ami\/#primaryimage","url":"https:\/\/les-routes-buissonnieres.fr\/boutik\/wp-content\/uploads\/2013\/01\/attache-des-tubes-de-freins-essence.webp","contentUrl":"https:\/\/les-routes-buissonnieres.fr\/boutik\/wp-content\/uploads\/2013\/01\/attache-des-tubes-de-freins-essence.webp","width":800,"height":800},{"@type":"BreadcrumbList","@id":"https:\/\/les-routes-buissonnieres.fr\/boutik\/produit\/clip-tuyau-frein-essence-2cv-dyane-ami\/#breadcrumb","itemListElement":[{"@type":"ListItem","position":1,"name":"Accueil","item":"https:\/\/les-routes-buissonnieres.fr\/boutik\/"},{"@type":"ListItem","position":2,"name":"Boutique","item":"https:\/\/les-routes-buissonnieres.fr\/boutik\/"},{"@type":"ListItem","position":3,"name":"CLIP TUYAU FREIN ESSENCE 2CV DYANE AMI"}]},{"@type":"WebSite","@id":"https:\/\/les-routes-buissonnieres.fr\/boutik\/#website","url":"https:\/\/les-routes-buissonnieres.fr\/boutik\/","name":"La boutique LRB","description":"Pi\u00e8ces d\u00e9tach\u00e9es Citro\u00ebn - VW refroidies par air","publisher":{"@id":"https:\/\/les-routes-buissonnieres.fr\/boutik\/#organization"},"potentialAction":[{"@type":"SearchAction","target":{"@type":"EntryPoint","urlTemplate":"https:\/\/les-routes-buissonnieres.fr\/boutik\/?s={search_term_string}"},"query-input":{"@type":"PropertyValueSpecification","valueRequired":true,"valueName":"search_term_string"}}],"inLanguage":"fr-FR"},{"@type":"Organization","@id":"https:\/\/les-routes-buissonnieres.fr\/boutik\/#organization","name":"La boutique LRB","url":"https:\/\/les-routes-buissonnieres.fr\/boutik\/","logo":{"@type":"ImageObject","inLanguage":"fr-FR","@id":"https:\/\/les-routes-buissonnieres.fr\/boutik\/#\/schema\/logo\/image\/","url":"https:\/\/les-routes-buissonnieres.fr\/boutik\/wp-content\/uploads\/2023\/11\/cropped-logo-a-et-c-2023-orange.png","contentUrl":"https:\/\/les-routes-buissonnieres.fr\/boutik\/wp-content\/uploads\/2023\/11\/cropped-logo-a-et-c-2023-orange.png","width":300,"height":176,"caption":"La boutique LRB"},"image":{"@id":"https:\/\/les-routes-buissonnieres.fr\/boutik\/#\/schema\/logo\/image\/"}}]}},"_links":{"self":[{"href":"https:\/\/les-routes-buissonnieres.fr\/boutik\/wp-json\/wp\/v2\/product\/2114","targetHints":{"allow":["GET"]}}],"collection":[{"href":"https:\/\/les-routes-buissonnieres.fr\/boutik\/wp-json\/wp\/v2\/product"}],"about":[{"href":"https:\/\/les-routes-buissonnieres.fr\/boutik\/wp-json\/wp\/v2\/types\/product"}],"wp:featuredmedia":[{"embeddable":true,"href":"https:\/\/les-routes-buissonnieres.fr\/boutik\/wp-json\/wp\/v2\/media\/64509"}],"wp:attachment":[{"href":"https:\/\/les-routes-buissonnieres.fr\/boutik\/wp-json\/wp\/v2\/media?parent=2114"}],"wp:term":[{"taxonomy":"product_brand","embeddable":true,"href":"https:\/\/les-routes-buissonnieres.fr\/boutik\/wp-json\/wp\/v2\/product_brand?post=2114"},{"taxonomy":"product_cat","embeddable":true,"href":"https:\/\/les-routes-buissonnieres.fr\/boutik\/wp-json\/wp\/v2\/product_cat?post=2114"},{"taxonomy":"product_tag","embeddable":true,"href":"https:\/\/les-routes-buissonnieres.fr\/boutik\/wp-json\/wp\/v2\/product_tag?post=2114"}],"curies":[{"name":"wp","href":"https:\/\/api.w.org\/{rel}","templated":true}]}}