{"id":2258,"date":"2013-10-18T08:39:31","date_gmt":"2013-10-18T07:39:31","guid":{"rendered":"http:\/\/ailettes-et-carbus.fr\/?product=chargeur-12v-electronique-autopulse-2"},"modified":"2020-10-21T11:29:13","modified_gmt":"2020-10-21T10:29:13","slug":"chargeur-12v-electronique-autopulse-2","status":"publish","type":"product","link":"https:\/\/les-routes-buissonnieres.fr\/boutik\/produit\/chargeur-12v-electronique-autopulse-2\/","title":{"rendered":"Chargeur 12V electronique autopulse"},"content":{"rendered":"<p><strong><em>\u00a0<\/em><\/strong><\/p>\n<p>Ce chargeur tr\u00e8s simple d&rsquo;utilisation est utilisable pour les batteries 12v (classiques, gel ou AGM). Il poss\u00e8de 5 fonctions automatiques:<br \/>\n&#8211; Diagnostic automatique, r\u00e9cup\u00e9ration avant sulfatation<br \/>\n&#8211; Charge de masse<br \/>\n&#8211; Absorption<br \/>\n&#8211; Charge lente<br \/>\n&#8211; Charge de maintien<\/p>\n<p>&nbsp;<\/p>\n<p>FICHE TECHNIQE :<br \/>\n&#8211; Alimentation: 220V<br \/>\n&#8211; Frequence 50\/60Hz<br \/>\n&#8211; Tension sortie: 12V<br \/>\n&#8211; maintenance: 1.2 \u00e0 120Ah<br \/>\n&#8211; charge: 1.2 \u00e0 60Ah<br \/>\n&#8211; Courant de charge 0.8 \u00e0 3.8A<br \/>\n&#8211; Tension de charge: 14.4-14.7V<br \/>\n&#8211; Type batterie: plomb\/acide\/gel<\/p>\n<p>&nbsp;<\/p>\n<p>&nbsp;<\/p>\n","protected":false},"excerpt":{"rendered":"<p>\u00a0 Ce chargeur tr\u00e8s simple d&rsquo;utilisation est utilisable pour les batteries 12v (classiques, gel ou AGM). Il poss\u00e8de 5 fonctions automatiques: &#8211; Diagnostic automatique, r\u00e9cup\u00e9ration avant sulfatation &#8211; Charge de masse &#8211; Absorption &#8211; Charge lente &#8211; Charge de maintien &hellip; <a class=\"kt-excerpt-readmore\" href=\"https:\/\/les-routes-buissonnieres.fr\/boutik\/produit\/chargeur-12v-electronique-autopulse-2\/\" aria-label=\"Chargeur 12V electronique autopulse\">Lire la suite<\/a><\/p>\n","protected":false},"featured_media":2255,"template":"","meta":[],"product_brand":[],"product_cat":[29,32,31,107,135,81,75,121,59,87,25,26,27,28],"product_tag":[],"class_list":{"0":"post-2258","1":"product","2":"type-product","3":"status-publish","4":"has-post-thumbnail","6":"product_cat-pieces-citroen-2-cv","7":"product_cat-pieces-citroen-ami","8":"product_cat-pieces-citroen-dyane","9":"product_cat-cv142-electricite","10":"product_cat-cv170-electricite","11":"product_cat-cv114-electricite","12":"product_cat-cv63-electricite","13":"product_cat-cv156-electricite","14":"product_cat-cv100-electricite","15":"product_cat-cv128-electricite","16":"product_cat-pieces-vw-coccinelle-type-1","17":"product_cat-pieces-vw-combi-bay-window-type-2","18":"product_cat-piece-vw-combi-split-type-2","19":"product_cat-pieces-vw-transporter-t3-type-25-ct-cu","21":"first","22":"outofstock","23":"featured","24":"taxable","25":"shipping-taxable","26":"purchasable","27":"product-type-simple"},"yoast_head":"<!-- This site is optimized with the Yoast SEO plugin v27.4 - https:\/\/yoast.com\/product\/yoast-seo-wordpress\/ -->\n<title>Chargeur 12V electronique autopulse - La boutique LRB<\/title>\n<meta name=\"robots\" content=\"index, follow, max-snippet:-1, max-image-preview:large, max-video-preview:-1\" \/>\n<link rel=\"canonical\" href=\"https:\/\/les-routes-buissonnieres.fr\/boutik\/produit\/chargeur-12v-electronique-autopulse-2\/\" \/>\n<meta property=\"og:locale\" content=\"fr_FR\" \/>\n<meta property=\"og:type\" content=\"article\" \/>\n<meta property=\"og:title\" content=\"Chargeur 12V electronique autopulse - La boutique LRB\" \/>\n<meta property=\"og:description\" content=\"\u00a0 Ce chargeur tr\u00e8s simple d&rsquo;utilisation est utilisable pour les batteries 12v (classiques, gel ou AGM). Il poss\u00e8de 5 fonctions automatiques: &#8211; Diagnostic automatique, r\u00e9cup\u00e9ration avant sulfatation &#8211; Charge de masse &#8211; Absorption &#8211; Charge lente &#8211; Charge de maintien &hellip; Lire la suite\" \/>\n<meta property=\"og:url\" content=\"https:\/\/les-routes-buissonnieres.fr\/boutik\/produit\/chargeur-12v-electronique-autopulse-2\/\" \/>\n<meta property=\"og:site_name\" content=\"La boutique LRB\" \/>\n<meta property=\"article:modified_time\" content=\"2020-10-21T10:29:13+00:00\" \/>\n<meta property=\"og:image\" content=\"https:\/\/les-routes-buissonnieres.fr\/boutik\/wp-content\/uploads\/2013\/10\/Chargeur_12V_ele_5260f4e2c7ca6.jpg\" \/>\n\t<meta property=\"og:image:width\" content=\"600\" \/>\n\t<meta property=\"og:image:height\" content=\"600\" \/>\n\t<meta property=\"og:image:type\" content=\"image\/jpeg\" \/>\n<meta name=\"twitter:card\" content=\"summary_large_image\" \/>\n<script type=\"application\/ld+json\" class=\"yoast-schema-graph\">{\"@context\":\"https:\\\/\\\/schema.org\",\"@graph\":[{\"@type\":\"WebPage\",\"@id\":\"https:\\\/\\\/les-routes-buissonnieres.fr\\\/boutik\\\/produit\\\/chargeur-12v-electronique-autopulse-2\\\/\",\"url\":\"https:\\\/\\\/les-routes-buissonnieres.fr\\\/boutik\\\/produit\\\/chargeur-12v-electronique-autopulse-2\\\/\",\"name\":\"Chargeur 12V electronique autopulse - La boutique LRB\",\"isPartOf\":{\"@id\":\"https:\\\/\\\/les-routes-buissonnieres.fr\\\/boutik\\\/#website\"},\"primaryImageOfPage\":{\"@id\":\"https:\\\/\\\/les-routes-buissonnieres.fr\\\/boutik\\\/produit\\\/chargeur-12v-electronique-autopulse-2\\\/#primaryimage\"},\"image\":{\"@id\":\"https:\\\/\\\/les-routes-buissonnieres.fr\\\/boutik\\\/produit\\\/chargeur-12v-electronique-autopulse-2\\\/#primaryimage\"},\"thumbnailUrl\":\"https:\\\/\\\/les-routes-buissonnieres.fr\\\/boutik\\\/wp-content\\\/uploads\\\/2013\\\/10\\\/Chargeur_12V_ele_5260f4e2c7ca6.jpg\",\"datePublished\":\"2013-10-18T07:39:31+00:00\",\"dateModified\":\"2020-10-21T10:29:13+00:00\",\"breadcrumb\":{\"@id\":\"https:\\\/\\\/les-routes-buissonnieres.fr\\\/boutik\\\/produit\\\/chargeur-12v-electronique-autopulse-2\\\/#breadcrumb\"},\"inLanguage\":\"fr-FR\",\"potentialAction\":[{\"@type\":\"ReadAction\",\"target\":[\"https:\\\/\\\/les-routes-buissonnieres.fr\\\/boutik\\\/produit\\\/chargeur-12v-electronique-autopulse-2\\\/\"]}]},{\"@type\":\"ImageObject\",\"inLanguage\":\"fr-FR\",\"@id\":\"https:\\\/\\\/les-routes-buissonnieres.fr\\\/boutik\\\/produit\\\/chargeur-12v-electronique-autopulse-2\\\/#primaryimage\",\"url\":\"https:\\\/\\\/les-routes-buissonnieres.fr\\\/boutik\\\/wp-content\\\/uploads\\\/2013\\\/10\\\/Chargeur_12V_ele_5260f4e2c7ca6.jpg\",\"contentUrl\":\"https:\\\/\\\/les-routes-buissonnieres.fr\\\/boutik\\\/wp-content\\\/uploads\\\/2013\\\/10\\\/Chargeur_12V_ele_5260f4e2c7ca6.jpg\",\"width\":600,\"height\":600},{\"@type\":\"BreadcrumbList\",\"@id\":\"https:\\\/\\\/les-routes-buissonnieres.fr\\\/boutik\\\/produit\\\/chargeur-12v-electronique-autopulse-2\\\/#breadcrumb\",\"itemListElement\":[{\"@type\":\"ListItem\",\"position\":1,\"name\":\"Accueil\",\"item\":\"https:\\\/\\\/les-routes-buissonnieres.fr\\\/boutik\\\/\"},{\"@type\":\"ListItem\",\"position\":2,\"name\":\"Boutique\",\"item\":\"https:\\\/\\\/les-routes-buissonnieres.fr\\\/boutik\\\/\"},{\"@type\":\"ListItem\",\"position\":3,\"name\":\"Chargeur 12V electronique autopulse\"}]},{\"@type\":\"WebSite\",\"@id\":\"https:\\\/\\\/les-routes-buissonnieres.fr\\\/boutik\\\/#website\",\"url\":\"https:\\\/\\\/les-routes-buissonnieres.fr\\\/boutik\\\/\",\"name\":\"La boutique LRB\",\"description\":\"Pi\u00e8ces d\u00e9tach\u00e9es Citro\u00ebn - VW refroidies par air\",\"publisher\":{\"@id\":\"https:\\\/\\\/les-routes-buissonnieres.fr\\\/boutik\\\/#organization\"},\"potentialAction\":[{\"@type\":\"SearchAction\",\"target\":{\"@type\":\"EntryPoint\",\"urlTemplate\":\"https:\\\/\\\/les-routes-buissonnieres.fr\\\/boutik\\\/?s={search_term_string}\"},\"query-input\":{\"@type\":\"PropertyValueSpecification\",\"valueRequired\":true,\"valueName\":\"search_term_string\"}}],\"inLanguage\":\"fr-FR\"},{\"@type\":\"Organization\",\"@id\":\"https:\\\/\\\/les-routes-buissonnieres.fr\\\/boutik\\\/#organization\",\"name\":\"La boutique LRB\",\"url\":\"https:\\\/\\\/les-routes-buissonnieres.fr\\\/boutik\\\/\",\"logo\":{\"@type\":\"ImageObject\",\"inLanguage\":\"fr-FR\",\"@id\":\"https:\\\/\\\/les-routes-buissonnieres.fr\\\/boutik\\\/#\\\/schema\\\/logo\\\/image\\\/\",\"url\":\"https:\\\/\\\/les-routes-buissonnieres.fr\\\/boutik\\\/wp-content\\\/uploads\\\/2023\\\/11\\\/cropped-logo-a-et-c-2023-orange.png\",\"contentUrl\":\"https:\\\/\\\/les-routes-buissonnieres.fr\\\/boutik\\\/wp-content\\\/uploads\\\/2023\\\/11\\\/cropped-logo-a-et-c-2023-orange.png\",\"width\":300,\"height\":176,\"caption\":\"La boutique LRB\"},\"image\":{\"@id\":\"https:\\\/\\\/les-routes-buissonnieres.fr\\\/boutik\\\/#\\\/schema\\\/logo\\\/image\\\/\"}}]}<\/script>\n<!-- \/ Yoast SEO plugin. -->","yoast_head_json":{"title":"Chargeur 12V electronique autopulse - La boutique LRB","robots":{"index":"index","follow":"follow","max-snippet":"max-snippet:-1","max-image-preview":"max-image-preview:large","max-video-preview":"max-video-preview:-1"},"canonical":"https:\/\/les-routes-buissonnieres.fr\/boutik\/produit\/chargeur-12v-electronique-autopulse-2\/","og_locale":"fr_FR","og_type":"article","og_title":"Chargeur 12V electronique autopulse - La boutique LRB","og_description":"\u00a0 Ce chargeur tr\u00e8s simple d&rsquo;utilisation est utilisable pour les batteries 12v (classiques, gel ou AGM). Il poss\u00e8de 5 fonctions automatiques: &#8211; Diagnostic automatique, r\u00e9cup\u00e9ration avant sulfatation &#8211; Charge de masse &#8211; Absorption &#8211; Charge lente &#8211; Charge de maintien &hellip; Lire la suite","og_url":"https:\/\/les-routes-buissonnieres.fr\/boutik\/produit\/chargeur-12v-electronique-autopulse-2\/","og_site_name":"La boutique LRB","article_modified_time":"2020-10-21T10:29:13+00:00","og_image":[{"width":600,"height":600,"url":"https:\/\/les-routes-buissonnieres.fr\/boutik\/wp-content\/uploads\/2013\/10\/Chargeur_12V_ele_5260f4e2c7ca6.jpg","type":"image\/jpeg"}],"twitter_card":"summary_large_image","schema":{"@context":"https:\/\/schema.org","@graph":[{"@type":"WebPage","@id":"https:\/\/les-routes-buissonnieres.fr\/boutik\/produit\/chargeur-12v-electronique-autopulse-2\/","url":"https:\/\/les-routes-buissonnieres.fr\/boutik\/produit\/chargeur-12v-electronique-autopulse-2\/","name":"Chargeur 12V electronique autopulse - La boutique LRB","isPartOf":{"@id":"https:\/\/les-routes-buissonnieres.fr\/boutik\/#website"},"primaryImageOfPage":{"@id":"https:\/\/les-routes-buissonnieres.fr\/boutik\/produit\/chargeur-12v-electronique-autopulse-2\/#primaryimage"},"image":{"@id":"https:\/\/les-routes-buissonnieres.fr\/boutik\/produit\/chargeur-12v-electronique-autopulse-2\/#primaryimage"},"thumbnailUrl":"https:\/\/les-routes-buissonnieres.fr\/boutik\/wp-content\/uploads\/2013\/10\/Chargeur_12V_ele_5260f4e2c7ca6.jpg","datePublished":"2013-10-18T07:39:31+00:00","dateModified":"2020-10-21T10:29:13+00:00","breadcrumb":{"@id":"https:\/\/les-routes-buissonnieres.fr\/boutik\/produit\/chargeur-12v-electronique-autopulse-2\/#breadcrumb"},"inLanguage":"fr-FR","potentialAction":[{"@type":"ReadAction","target":["https:\/\/les-routes-buissonnieres.fr\/boutik\/produit\/chargeur-12v-electronique-autopulse-2\/"]}]},{"@type":"ImageObject","inLanguage":"fr-FR","@id":"https:\/\/les-routes-buissonnieres.fr\/boutik\/produit\/chargeur-12v-electronique-autopulse-2\/#primaryimage","url":"https:\/\/les-routes-buissonnieres.fr\/boutik\/wp-content\/uploads\/2013\/10\/Chargeur_12V_ele_5260f4e2c7ca6.jpg","contentUrl":"https:\/\/les-routes-buissonnieres.fr\/boutik\/wp-content\/uploads\/2013\/10\/Chargeur_12V_ele_5260f4e2c7ca6.jpg","width":600,"height":600},{"@type":"BreadcrumbList","@id":"https:\/\/les-routes-buissonnieres.fr\/boutik\/produit\/chargeur-12v-electronique-autopulse-2\/#breadcrumb","itemListElement":[{"@type":"ListItem","position":1,"name":"Accueil","item":"https:\/\/les-routes-buissonnieres.fr\/boutik\/"},{"@type":"ListItem","position":2,"name":"Boutique","item":"https:\/\/les-routes-buissonnieres.fr\/boutik\/"},{"@type":"ListItem","position":3,"name":"Chargeur 12V electronique autopulse"}]},{"@type":"WebSite","@id":"https:\/\/les-routes-buissonnieres.fr\/boutik\/#website","url":"https:\/\/les-routes-buissonnieres.fr\/boutik\/","name":"La boutique LRB","description":"Pi\u00e8ces d\u00e9tach\u00e9es Citro\u00ebn - VW refroidies par air","publisher":{"@id":"https:\/\/les-routes-buissonnieres.fr\/boutik\/#organization"},"potentialAction":[{"@type":"SearchAction","target":{"@type":"EntryPoint","urlTemplate":"https:\/\/les-routes-buissonnieres.fr\/boutik\/?s={search_term_string}"},"query-input":{"@type":"PropertyValueSpecification","valueRequired":true,"valueName":"search_term_string"}}],"inLanguage":"fr-FR"},{"@type":"Organization","@id":"https:\/\/les-routes-buissonnieres.fr\/boutik\/#organization","name":"La boutique LRB","url":"https:\/\/les-routes-buissonnieres.fr\/boutik\/","logo":{"@type":"ImageObject","inLanguage":"fr-FR","@id":"https:\/\/les-routes-buissonnieres.fr\/boutik\/#\/schema\/logo\/image\/","url":"https:\/\/les-routes-buissonnieres.fr\/boutik\/wp-content\/uploads\/2023\/11\/cropped-logo-a-et-c-2023-orange.png","contentUrl":"https:\/\/les-routes-buissonnieres.fr\/boutik\/wp-content\/uploads\/2023\/11\/cropped-logo-a-et-c-2023-orange.png","width":300,"height":176,"caption":"La boutique LRB"},"image":{"@id":"https:\/\/les-routes-buissonnieres.fr\/boutik\/#\/schema\/logo\/image\/"}}]}},"_links":{"self":[{"href":"https:\/\/les-routes-buissonnieres.fr\/boutik\/wp-json\/wp\/v2\/product\/2258","targetHints":{"allow":["GET"]}}],"collection":[{"href":"https:\/\/les-routes-buissonnieres.fr\/boutik\/wp-json\/wp\/v2\/product"}],"about":[{"href":"https:\/\/les-routes-buissonnieres.fr\/boutik\/wp-json\/wp\/v2\/types\/product"}],"wp:featuredmedia":[{"embeddable":true,"href":"https:\/\/les-routes-buissonnieres.fr\/boutik\/wp-json\/wp\/v2\/media\/2255"}],"wp:attachment":[{"href":"https:\/\/les-routes-buissonnieres.fr\/boutik\/wp-json\/wp\/v2\/media?parent=2258"}],"wp:term":[{"taxonomy":"product_brand","embeddable":true,"href":"https:\/\/les-routes-buissonnieres.fr\/boutik\/wp-json\/wp\/v2\/product_brand?post=2258"},{"taxonomy":"product_cat","embeddable":true,"href":"https:\/\/les-routes-buissonnieres.fr\/boutik\/wp-json\/wp\/v2\/product_cat?post=2258"},{"taxonomy":"product_tag","embeddable":true,"href":"https:\/\/les-routes-buissonnieres.fr\/boutik\/wp-json\/wp\/v2\/product_tag?post=2258"}],"curies":[{"name":"wp","href":"https:\/\/api.w.org\/{rel}","templated":true}]}}