{"id":2458,"date":"2013-11-14T11:32:28","date_gmt":"2013-11-14T10:32:28","guid":{"rendered":"http:\/\/ailettes-et-carbus.fr\/produit\/caoutchouc-de-biellette-de-commande\/"},"modified":"2025-10-20T13:59:19","modified_gmt":"2025-10-20T12:59:19","slug":"silent-bloc-levier-vitesses-malle-arriere-2cv-dyane-ami","status":"publish","type":"product","link":"https:\/\/les-routes-buissonnieres.fr\/boutik\/produit\/silent-bloc-levier-vitesses-malle-arriere-2cv-dyane-ami\/","title":{"rendered":"SILENT BLOC LEVIER VITESSES &#038; MALLE ARRI\u00c8RE 2CV DYANE AMI"},"content":{"rendered":"<p>Silent bloc levier vitesses malle arri\u00e8re 2cv dyane ami.<\/p>\n<p>A remplacer si votre s\u00e9lection de vitesses devient impr\u00e9cise mais que votre biellette est compl\u00e8te et en bon \u00e9tat.<\/p>\n<p>S&rsquo;utilise \u00e9galement comme silent bloc de b\u00e9quille de malle arri\u00e8re.<\/p>\n<p>Besoin de 2 pour r\u00e9nover la biellette de commande de vitesses.<br \/>\nBesoin d&rsquo;un pour pour la b\u00e9quille de malle.<\/p>\n","protected":false},"excerpt":{"rendered":"<p>Silent bloc levier vitesses malle arri\u00e8re 2cv dyane ami.<\/p>\n","protected":false},"featured_media":2456,"template":"","meta":[],"product_brand":[],"product_cat":[103,131,117,108,122,29,32,31,110,124,111,139,125],"product_tag":[216,251,1680,1681,238,247,1678],"class_list":{"0":"post-2458","1":"product","2":"type-product","3":"status-publish","4":"has-post-thumbnail","6":"product_cat-cv138-boite-de-vitesse-et-embrayage","7":"product_cat-cv166-boite-de-vitesse-et-embrayage","8":"product_cat-cv152-boite-de-vitesse-et-embrayage","9":"product_cat-cv143-carrosserie","10":"product_cat-cv157-carrosserie","11":"product_cat-pieces-citroen-2-cv","12":"product_cat-pieces-citroen-ami","13":"product_cat-pieces-citroen-dyane","14":"product_cat-cv145-interieur-du-vehicule","15":"product_cat-cv159-interieur-du-vehicule","16":"product_cat-cv146-quincaillerie-et-divers","17":"product_cat-cv174-quincaillerie-et-divers","18":"product_cat-cv160-quincaillerie-et-divers","19":"product_tag-2cv","20":"product_tag-ami","21":"product_tag-biellette-de-levier-de-vitesses","22":"product_tag-caoutchouc-de-biellette","23":"product_tag-citroen","24":"product_tag-dyane","25":"product_tag-levier-de-vitesses","27":"first","28":"instock","29":"featured","30":"taxable","31":"shipping-taxable","32":"purchasable","33":"product-type-simple"},"yoast_head":"<!-- This site is optimized with the Yoast SEO plugin v27.4 - https:\/\/yoast.com\/product\/yoast-seo-wordpress\/ -->\n<title>SILENT BLOC LEVIER VITESSES &amp; MALLE ARRI\u00c8RE 2CV DYANE AMI - La boutique LRB<\/title>\n<meta name=\"robots\" content=\"index, follow, max-snippet:-1, max-image-preview:large, max-video-preview:-1\" \/>\n<link rel=\"canonical\" href=\"https:\/\/les-routes-buissonnieres.fr\/boutik\/produit\/silent-bloc-levier-vitesses-malle-arriere-2cv-dyane-ami\/\" \/>\n<meta property=\"og:locale\" content=\"fr_FR\" \/>\n<meta property=\"og:type\" content=\"article\" \/>\n<meta property=\"og:title\" content=\"SILENT BLOC LEVIER VITESSES &amp; MALLE ARRI\u00c8RE 2CV DYANE AMI - La boutique LRB\" \/>\n<meta property=\"og:description\" content=\"Silent bloc levier vitesses malle arri\u00e8re 2cv dyane ami.\" \/>\n<meta property=\"og:url\" content=\"https:\/\/les-routes-buissonnieres.fr\/boutik\/produit\/silent-bloc-levier-vitesses-malle-arriere-2cv-dyane-ami\/\" \/>\n<meta property=\"og:site_name\" content=\"La boutique LRB\" \/>\n<meta property=\"article:modified_time\" content=\"2025-10-20T12:59:19+00:00\" \/>\n<meta property=\"og:image\" content=\"https:\/\/les-routes-buissonnieres.fr\/boutik\/wp-content\/uploads\/2013\/11\/CAOUTCHOUC_DE_BI_528b6ad765a78.jpg\" \/>\n\t<meta property=\"og:image:width\" content=\"457\" \/>\n\t<meta property=\"og:image:height\" content=\"480\" \/>\n\t<meta property=\"og:image:type\" content=\"image\/jpeg\" \/>\n<meta name=\"twitter:card\" content=\"summary_large_image\" \/>\n<meta name=\"twitter:label1\" content=\"Dur\u00e9e de lecture estim\u00e9e\" \/>\n\t<meta name=\"twitter:data1\" content=\"1 minute\" \/>\n<script type=\"application\/ld+json\" class=\"yoast-schema-graph\">{\"@context\":\"https:\\\/\\\/schema.org\",\"@graph\":[{\"@type\":\"WebPage\",\"@id\":\"https:\\\/\\\/les-routes-buissonnieres.fr\\\/boutik\\\/produit\\\/silent-bloc-levier-vitesses-malle-arriere-2cv-dyane-ami\\\/\",\"url\":\"https:\\\/\\\/les-routes-buissonnieres.fr\\\/boutik\\\/produit\\\/silent-bloc-levier-vitesses-malle-arriere-2cv-dyane-ami\\\/\",\"name\":\"SILENT BLOC LEVIER VITESSES & MALLE ARRI\u00c8RE 2CV DYANE AMI - La boutique LRB\",\"isPartOf\":{\"@id\":\"https:\\\/\\\/les-routes-buissonnieres.fr\\\/boutik\\\/#website\"},\"primaryImageOfPage\":{\"@id\":\"https:\\\/\\\/les-routes-buissonnieres.fr\\\/boutik\\\/produit\\\/silent-bloc-levier-vitesses-malle-arriere-2cv-dyane-ami\\\/#primaryimage\"},\"image\":{\"@id\":\"https:\\\/\\\/les-routes-buissonnieres.fr\\\/boutik\\\/produit\\\/silent-bloc-levier-vitesses-malle-arriere-2cv-dyane-ami\\\/#primaryimage\"},\"thumbnailUrl\":\"https:\\\/\\\/les-routes-buissonnieres.fr\\\/boutik\\\/wp-content\\\/uploads\\\/2013\\\/11\\\/CAOUTCHOUC_DE_BI_528b6ad765a78.jpg\",\"datePublished\":\"2013-11-14T10:32:28+00:00\",\"dateModified\":\"2025-10-20T12:59:19+00:00\",\"breadcrumb\":{\"@id\":\"https:\\\/\\\/les-routes-buissonnieres.fr\\\/boutik\\\/produit\\\/silent-bloc-levier-vitesses-malle-arriere-2cv-dyane-ami\\\/#breadcrumb\"},\"inLanguage\":\"fr-FR\",\"potentialAction\":[{\"@type\":\"ReadAction\",\"target\":[\"https:\\\/\\\/les-routes-buissonnieres.fr\\\/boutik\\\/produit\\\/silent-bloc-levier-vitesses-malle-arriere-2cv-dyane-ami\\\/\"]}]},{\"@type\":\"ImageObject\",\"inLanguage\":\"fr-FR\",\"@id\":\"https:\\\/\\\/les-routes-buissonnieres.fr\\\/boutik\\\/produit\\\/silent-bloc-levier-vitesses-malle-arriere-2cv-dyane-ami\\\/#primaryimage\",\"url\":\"https:\\\/\\\/les-routes-buissonnieres.fr\\\/boutik\\\/wp-content\\\/uploads\\\/2013\\\/11\\\/CAOUTCHOUC_DE_BI_528b6ad765a78.jpg\",\"contentUrl\":\"https:\\\/\\\/les-routes-buissonnieres.fr\\\/boutik\\\/wp-content\\\/uploads\\\/2013\\\/11\\\/CAOUTCHOUC_DE_BI_528b6ad765a78.jpg\",\"width\":457,\"height\":480},{\"@type\":\"BreadcrumbList\",\"@id\":\"https:\\\/\\\/les-routes-buissonnieres.fr\\\/boutik\\\/produit\\\/silent-bloc-levier-vitesses-malle-arriere-2cv-dyane-ami\\\/#breadcrumb\",\"itemListElement\":[{\"@type\":\"ListItem\",\"position\":1,\"name\":\"Accueil\",\"item\":\"https:\\\/\\\/les-routes-buissonnieres.fr\\\/boutik\\\/\"},{\"@type\":\"ListItem\",\"position\":2,\"name\":\"Boutique\",\"item\":\"https:\\\/\\\/les-routes-buissonnieres.fr\\\/boutik\\\/\"},{\"@type\":\"ListItem\",\"position\":3,\"name\":\"SILENT BLOC LEVIER VITESSES &#038; MALLE ARRI\u00c8RE 2CV DYANE AMI\"}]},{\"@type\":\"WebSite\",\"@id\":\"https:\\\/\\\/les-routes-buissonnieres.fr\\\/boutik\\\/#website\",\"url\":\"https:\\\/\\\/les-routes-buissonnieres.fr\\\/boutik\\\/\",\"name\":\"La boutique LRB\",\"description\":\"Pi\u00e8ces d\u00e9tach\u00e9es Citro\u00ebn - VW refroidies par air\",\"publisher\":{\"@id\":\"https:\\\/\\\/les-routes-buissonnieres.fr\\\/boutik\\\/#organization\"},\"potentialAction\":[{\"@type\":\"SearchAction\",\"target\":{\"@type\":\"EntryPoint\",\"urlTemplate\":\"https:\\\/\\\/les-routes-buissonnieres.fr\\\/boutik\\\/?s={search_term_string}\"},\"query-input\":{\"@type\":\"PropertyValueSpecification\",\"valueRequired\":true,\"valueName\":\"search_term_string\"}}],\"inLanguage\":\"fr-FR\"},{\"@type\":\"Organization\",\"@id\":\"https:\\\/\\\/les-routes-buissonnieres.fr\\\/boutik\\\/#organization\",\"name\":\"La boutique LRB\",\"url\":\"https:\\\/\\\/les-routes-buissonnieres.fr\\\/boutik\\\/\",\"logo\":{\"@type\":\"ImageObject\",\"inLanguage\":\"fr-FR\",\"@id\":\"https:\\\/\\\/les-routes-buissonnieres.fr\\\/boutik\\\/#\\\/schema\\\/logo\\\/image\\\/\",\"url\":\"https:\\\/\\\/les-routes-buissonnieres.fr\\\/boutik\\\/wp-content\\\/uploads\\\/2023\\\/11\\\/cropped-logo-a-et-c-2023-orange.png\",\"contentUrl\":\"https:\\\/\\\/les-routes-buissonnieres.fr\\\/boutik\\\/wp-content\\\/uploads\\\/2023\\\/11\\\/cropped-logo-a-et-c-2023-orange.png\",\"width\":300,\"height\":176,\"caption\":\"La boutique LRB\"},\"image\":{\"@id\":\"https:\\\/\\\/les-routes-buissonnieres.fr\\\/boutik\\\/#\\\/schema\\\/logo\\\/image\\\/\"}}]}<\/script>\n<!-- \/ Yoast SEO plugin. -->","yoast_head_json":{"title":"SILENT BLOC LEVIER VITESSES & MALLE ARRI\u00c8RE 2CV DYANE AMI - La boutique LRB","robots":{"index":"index","follow":"follow","max-snippet":"max-snippet:-1","max-image-preview":"max-image-preview:large","max-video-preview":"max-video-preview:-1"},"canonical":"https:\/\/les-routes-buissonnieres.fr\/boutik\/produit\/silent-bloc-levier-vitesses-malle-arriere-2cv-dyane-ami\/","og_locale":"fr_FR","og_type":"article","og_title":"SILENT BLOC LEVIER VITESSES & MALLE ARRI\u00c8RE 2CV DYANE AMI - La boutique LRB","og_description":"Silent bloc levier vitesses malle arri\u00e8re 2cv dyane ami.","og_url":"https:\/\/les-routes-buissonnieres.fr\/boutik\/produit\/silent-bloc-levier-vitesses-malle-arriere-2cv-dyane-ami\/","og_site_name":"La boutique LRB","article_modified_time":"2025-10-20T12:59:19+00:00","og_image":[{"width":457,"height":480,"url":"https:\/\/les-routes-buissonnieres.fr\/boutik\/wp-content\/uploads\/2013\/11\/CAOUTCHOUC_DE_BI_528b6ad765a78.jpg","type":"image\/jpeg"}],"twitter_card":"summary_large_image","twitter_misc":{"Dur\u00e9e de lecture estim\u00e9e":"1 minute"},"schema":{"@context":"https:\/\/schema.org","@graph":[{"@type":"WebPage","@id":"https:\/\/les-routes-buissonnieres.fr\/boutik\/produit\/silent-bloc-levier-vitesses-malle-arriere-2cv-dyane-ami\/","url":"https:\/\/les-routes-buissonnieres.fr\/boutik\/produit\/silent-bloc-levier-vitesses-malle-arriere-2cv-dyane-ami\/","name":"SILENT BLOC LEVIER VITESSES & MALLE ARRI\u00c8RE 2CV DYANE AMI - La boutique LRB","isPartOf":{"@id":"https:\/\/les-routes-buissonnieres.fr\/boutik\/#website"},"primaryImageOfPage":{"@id":"https:\/\/les-routes-buissonnieres.fr\/boutik\/produit\/silent-bloc-levier-vitesses-malle-arriere-2cv-dyane-ami\/#primaryimage"},"image":{"@id":"https:\/\/les-routes-buissonnieres.fr\/boutik\/produit\/silent-bloc-levier-vitesses-malle-arriere-2cv-dyane-ami\/#primaryimage"},"thumbnailUrl":"https:\/\/les-routes-buissonnieres.fr\/boutik\/wp-content\/uploads\/2013\/11\/CAOUTCHOUC_DE_BI_528b6ad765a78.jpg","datePublished":"2013-11-14T10:32:28+00:00","dateModified":"2025-10-20T12:59:19+00:00","breadcrumb":{"@id":"https:\/\/les-routes-buissonnieres.fr\/boutik\/produit\/silent-bloc-levier-vitesses-malle-arriere-2cv-dyane-ami\/#breadcrumb"},"inLanguage":"fr-FR","potentialAction":[{"@type":"ReadAction","target":["https:\/\/les-routes-buissonnieres.fr\/boutik\/produit\/silent-bloc-levier-vitesses-malle-arriere-2cv-dyane-ami\/"]}]},{"@type":"ImageObject","inLanguage":"fr-FR","@id":"https:\/\/les-routes-buissonnieres.fr\/boutik\/produit\/silent-bloc-levier-vitesses-malle-arriere-2cv-dyane-ami\/#primaryimage","url":"https:\/\/les-routes-buissonnieres.fr\/boutik\/wp-content\/uploads\/2013\/11\/CAOUTCHOUC_DE_BI_528b6ad765a78.jpg","contentUrl":"https:\/\/les-routes-buissonnieres.fr\/boutik\/wp-content\/uploads\/2013\/11\/CAOUTCHOUC_DE_BI_528b6ad765a78.jpg","width":457,"height":480},{"@type":"BreadcrumbList","@id":"https:\/\/les-routes-buissonnieres.fr\/boutik\/produit\/silent-bloc-levier-vitesses-malle-arriere-2cv-dyane-ami\/#breadcrumb","itemListElement":[{"@type":"ListItem","position":1,"name":"Accueil","item":"https:\/\/les-routes-buissonnieres.fr\/boutik\/"},{"@type":"ListItem","position":2,"name":"Boutique","item":"https:\/\/les-routes-buissonnieres.fr\/boutik\/"},{"@type":"ListItem","position":3,"name":"SILENT BLOC LEVIER VITESSES &#038; MALLE ARRI\u00c8RE 2CV DYANE AMI"}]},{"@type":"WebSite","@id":"https:\/\/les-routes-buissonnieres.fr\/boutik\/#website","url":"https:\/\/les-routes-buissonnieres.fr\/boutik\/","name":"La boutique LRB","description":"Pi\u00e8ces d\u00e9tach\u00e9es Citro\u00ebn - VW refroidies par air","publisher":{"@id":"https:\/\/les-routes-buissonnieres.fr\/boutik\/#organization"},"potentialAction":[{"@type":"SearchAction","target":{"@type":"EntryPoint","urlTemplate":"https:\/\/les-routes-buissonnieres.fr\/boutik\/?s={search_term_string}"},"query-input":{"@type":"PropertyValueSpecification","valueRequired":true,"valueName":"search_term_string"}}],"inLanguage":"fr-FR"},{"@type":"Organization","@id":"https:\/\/les-routes-buissonnieres.fr\/boutik\/#organization","name":"La boutique LRB","url":"https:\/\/les-routes-buissonnieres.fr\/boutik\/","logo":{"@type":"ImageObject","inLanguage":"fr-FR","@id":"https:\/\/les-routes-buissonnieres.fr\/boutik\/#\/schema\/logo\/image\/","url":"https:\/\/les-routes-buissonnieres.fr\/boutik\/wp-content\/uploads\/2023\/11\/cropped-logo-a-et-c-2023-orange.png","contentUrl":"https:\/\/les-routes-buissonnieres.fr\/boutik\/wp-content\/uploads\/2023\/11\/cropped-logo-a-et-c-2023-orange.png","width":300,"height":176,"caption":"La boutique LRB"},"image":{"@id":"https:\/\/les-routes-buissonnieres.fr\/boutik\/#\/schema\/logo\/image\/"}}]}},"_links":{"self":[{"href":"https:\/\/les-routes-buissonnieres.fr\/boutik\/wp-json\/wp\/v2\/product\/2458","targetHints":{"allow":["GET"]}}],"collection":[{"href":"https:\/\/les-routes-buissonnieres.fr\/boutik\/wp-json\/wp\/v2\/product"}],"about":[{"href":"https:\/\/les-routes-buissonnieres.fr\/boutik\/wp-json\/wp\/v2\/types\/product"}],"wp:featuredmedia":[{"embeddable":true,"href":"https:\/\/les-routes-buissonnieres.fr\/boutik\/wp-json\/wp\/v2\/media\/2456"}],"wp:attachment":[{"href":"https:\/\/les-routes-buissonnieres.fr\/boutik\/wp-json\/wp\/v2\/media?parent=2458"}],"wp:term":[{"taxonomy":"product_brand","embeddable":true,"href":"https:\/\/les-routes-buissonnieres.fr\/boutik\/wp-json\/wp\/v2\/product_brand?post=2458"},{"taxonomy":"product_cat","embeddable":true,"href":"https:\/\/les-routes-buissonnieres.fr\/boutik\/wp-json\/wp\/v2\/product_cat?post=2458"},{"taxonomy":"product_tag","embeddable":true,"href":"https:\/\/les-routes-buissonnieres.fr\/boutik\/wp-json\/wp\/v2\/product_tag?post=2458"}],"curies":[{"name":"wp","href":"https:\/\/api.w.org\/{rel}","templated":true}]}}