{"id":2752,"date":"2014-10-15T15:30:21","date_gmt":"2014-10-15T14:30:21","guid":{"rendered":"http:\/\/ailettes-et-carbus.fr\/?product=jeu-de-plaquettes-de-freins-avt-trw-2"},"modified":"2024-02-08T15:52:27","modified_gmt":"2024-02-08T14:52:27","slug":"plaquettes-freins-avt-ami-gs-gsa-trw","status":"publish","type":"product","link":"https:\/\/les-routes-buissonnieres.fr\/boutik\/produit\/plaquettes-freins-avt-ami-gs-gsa-trw\/","title":{"rendered":"PLAQUETTES FREINS AVT CITRO\u00caN AMI GS GSA"},"content":{"rendered":"<p>Plaquettes freins avt Citro\u00ebn Ami GS GSA.<\/p>\n<p>Jeu de plaquettes pour Ami Super, GS et GSA avec contact de t\u00e9moin d&rsquo;usure.<\/p>\n<p>Tr\u00e8s bon rapport qualit\u00e9-prix.<\/p>\n<p>&nbsp;<\/p>\n","protected":false},"excerpt":{"rendered":"<p>Plaquettes freins avt Citro\u00ebn Ami GS GSA. \u00c0 partir de 1973.<\/p>\n","protected":false},"featured_media":2750,"template":"","meta":[],"product_brand":[],"product_cat":[32,1989,134,2157],"product_tag":[343,238,1158,1143,1137,240,241,1745],"class_list":{"0":"post-2752","1":"product","2":"type-product","3":"status-publish","4":"has-post-thumbnail","6":"product_cat-pieces-citroen-ami","7":"product_cat-citroen-gs-a","8":"product_cat-cv169-freinage","9":"product_cat-freinage-gs-gsa","10":"product_tag-ami-super","11":"product_tag-citroen","12":"product_tag-frein","13":"product_tag-frein-avant","14":"product_tag-freinage","15":"product_tag-gs","16":"product_tag-gsa","17":"product_tag-plaquettes-de-frein","19":"first","20":"instock","21":"taxable","22":"shipping-taxable","23":"purchasable","24":"product-type-simple"},"yoast_head":"<!-- This site is optimized with the Yoast SEO plugin v27.4 - https:\/\/yoast.com\/product\/yoast-seo-wordpress\/ -->\n<title>PLAQUETTES FREINS AVT CITRO\u00caN AMI GS GSA - La boutique LRB<\/title>\n<meta name=\"robots\" content=\"index, follow, max-snippet:-1, max-image-preview:large, max-video-preview:-1\" \/>\n<link rel=\"canonical\" href=\"https:\/\/les-routes-buissonnieres.fr\/boutik\/produit\/plaquettes-freins-avt-ami-gs-gsa-trw\/\" \/>\n<meta property=\"og:locale\" content=\"fr_FR\" \/>\n<meta property=\"og:type\" content=\"article\" \/>\n<meta property=\"og:title\" content=\"PLAQUETTES FREINS AVT CITRO\u00caN AMI GS GSA - La boutique LRB\" \/>\n<meta property=\"og:description\" content=\"Plaquettes freins avt Citro\u00ebn Ami GS GSA. \u00c0 partir de 1973.\" \/>\n<meta property=\"og:url\" content=\"https:\/\/les-routes-buissonnieres.fr\/boutik\/produit\/plaquettes-freins-avt-ami-gs-gsa-trw\/\" \/>\n<meta property=\"og:site_name\" content=\"La boutique LRB\" \/>\n<meta property=\"article:modified_time\" content=\"2024-02-08T14:52:27+00:00\" \/>\n<meta property=\"og:image\" content=\"https:\/\/les-routes-buissonnieres.fr\/boutik\/wp-content\/uploads\/2014\/10\/JEU_DE_PLAQUETTE_543e930da7e18.jpg\" \/>\n\t<meta property=\"og:image:width\" content=\"326\" \/>\n\t<meta property=\"og:image:height\" content=\"291\" \/>\n\t<meta property=\"og:image:type\" content=\"image\/jpeg\" \/>\n<meta name=\"twitter:card\" content=\"summary_large_image\" \/>\n<meta name=\"twitter:label1\" content=\"Dur\u00e9e de lecture estim\u00e9e\" \/>\n\t<meta name=\"twitter:data1\" content=\"1 minute\" \/>\n<script type=\"application\/ld+json\" class=\"yoast-schema-graph\">{\"@context\":\"https:\\\/\\\/schema.org\",\"@graph\":[{\"@type\":\"WebPage\",\"@id\":\"https:\\\/\\\/les-routes-buissonnieres.fr\\\/boutik\\\/produit\\\/plaquettes-freins-avt-ami-gs-gsa-trw\\\/\",\"url\":\"https:\\\/\\\/les-routes-buissonnieres.fr\\\/boutik\\\/produit\\\/plaquettes-freins-avt-ami-gs-gsa-trw\\\/\",\"name\":\"PLAQUETTES FREINS AVT CITRO\u00caN AMI GS GSA - La boutique LRB\",\"isPartOf\":{\"@id\":\"https:\\\/\\\/les-routes-buissonnieres.fr\\\/boutik\\\/#website\"},\"primaryImageOfPage\":{\"@id\":\"https:\\\/\\\/les-routes-buissonnieres.fr\\\/boutik\\\/produit\\\/plaquettes-freins-avt-ami-gs-gsa-trw\\\/#primaryimage\"},\"image\":{\"@id\":\"https:\\\/\\\/les-routes-buissonnieres.fr\\\/boutik\\\/produit\\\/plaquettes-freins-avt-ami-gs-gsa-trw\\\/#primaryimage\"},\"thumbnailUrl\":\"https:\\\/\\\/les-routes-buissonnieres.fr\\\/boutik\\\/wp-content\\\/uploads\\\/2014\\\/10\\\/JEU_DE_PLAQUETTE_543e930da7e18.jpg\",\"datePublished\":\"2014-10-15T14:30:21+00:00\",\"dateModified\":\"2024-02-08T14:52:27+00:00\",\"breadcrumb\":{\"@id\":\"https:\\\/\\\/les-routes-buissonnieres.fr\\\/boutik\\\/produit\\\/plaquettes-freins-avt-ami-gs-gsa-trw\\\/#breadcrumb\"},\"inLanguage\":\"fr-FR\",\"potentialAction\":[{\"@type\":\"ReadAction\",\"target\":[\"https:\\\/\\\/les-routes-buissonnieres.fr\\\/boutik\\\/produit\\\/plaquettes-freins-avt-ami-gs-gsa-trw\\\/\"]}]},{\"@type\":\"ImageObject\",\"inLanguage\":\"fr-FR\",\"@id\":\"https:\\\/\\\/les-routes-buissonnieres.fr\\\/boutik\\\/produit\\\/plaquettes-freins-avt-ami-gs-gsa-trw\\\/#primaryimage\",\"url\":\"https:\\\/\\\/les-routes-buissonnieres.fr\\\/boutik\\\/wp-content\\\/uploads\\\/2014\\\/10\\\/JEU_DE_PLAQUETTE_543e930da7e18.jpg\",\"contentUrl\":\"https:\\\/\\\/les-routes-buissonnieres.fr\\\/boutik\\\/wp-content\\\/uploads\\\/2014\\\/10\\\/JEU_DE_PLAQUETTE_543e930da7e18.jpg\",\"width\":326,\"height\":291},{\"@type\":\"BreadcrumbList\",\"@id\":\"https:\\\/\\\/les-routes-buissonnieres.fr\\\/boutik\\\/produit\\\/plaquettes-freins-avt-ami-gs-gsa-trw\\\/#breadcrumb\",\"itemListElement\":[{\"@type\":\"ListItem\",\"position\":1,\"name\":\"Accueil\",\"item\":\"https:\\\/\\\/les-routes-buissonnieres.fr\\\/boutik\\\/\"},{\"@type\":\"ListItem\",\"position\":2,\"name\":\"Boutique\",\"item\":\"https:\\\/\\\/les-routes-buissonnieres.fr\\\/boutik\\\/\"},{\"@type\":\"ListItem\",\"position\":3,\"name\":\"PLAQUETTES FREINS AVT CITRO\u00caN AMI GS GSA\"}]},{\"@type\":\"WebSite\",\"@id\":\"https:\\\/\\\/les-routes-buissonnieres.fr\\\/boutik\\\/#website\",\"url\":\"https:\\\/\\\/les-routes-buissonnieres.fr\\\/boutik\\\/\",\"name\":\"La boutique LRB\",\"description\":\"Pi\u00e8ces d\u00e9tach\u00e9es Citro\u00ebn - VW refroidies par air\",\"publisher\":{\"@id\":\"https:\\\/\\\/les-routes-buissonnieres.fr\\\/boutik\\\/#organization\"},\"potentialAction\":[{\"@type\":\"SearchAction\",\"target\":{\"@type\":\"EntryPoint\",\"urlTemplate\":\"https:\\\/\\\/les-routes-buissonnieres.fr\\\/boutik\\\/?s={search_term_string}\"},\"query-input\":{\"@type\":\"PropertyValueSpecification\",\"valueRequired\":true,\"valueName\":\"search_term_string\"}}],\"inLanguage\":\"fr-FR\"},{\"@type\":\"Organization\",\"@id\":\"https:\\\/\\\/les-routes-buissonnieres.fr\\\/boutik\\\/#organization\",\"name\":\"La boutique LRB\",\"url\":\"https:\\\/\\\/les-routes-buissonnieres.fr\\\/boutik\\\/\",\"logo\":{\"@type\":\"ImageObject\",\"inLanguage\":\"fr-FR\",\"@id\":\"https:\\\/\\\/les-routes-buissonnieres.fr\\\/boutik\\\/#\\\/schema\\\/logo\\\/image\\\/\",\"url\":\"https:\\\/\\\/les-routes-buissonnieres.fr\\\/boutik\\\/wp-content\\\/uploads\\\/2023\\\/11\\\/cropped-logo-a-et-c-2023-orange.png\",\"contentUrl\":\"https:\\\/\\\/les-routes-buissonnieres.fr\\\/boutik\\\/wp-content\\\/uploads\\\/2023\\\/11\\\/cropped-logo-a-et-c-2023-orange.png\",\"width\":300,\"height\":176,\"caption\":\"La boutique LRB\"},\"image\":{\"@id\":\"https:\\\/\\\/les-routes-buissonnieres.fr\\\/boutik\\\/#\\\/schema\\\/logo\\\/image\\\/\"}}]}<\/script>\n<!-- \/ Yoast SEO plugin. -->","yoast_head_json":{"title":"PLAQUETTES FREINS AVT CITRO\u00caN AMI GS GSA - La boutique LRB","robots":{"index":"index","follow":"follow","max-snippet":"max-snippet:-1","max-image-preview":"max-image-preview:large","max-video-preview":"max-video-preview:-1"},"canonical":"https:\/\/les-routes-buissonnieres.fr\/boutik\/produit\/plaquettes-freins-avt-ami-gs-gsa-trw\/","og_locale":"fr_FR","og_type":"article","og_title":"PLAQUETTES FREINS AVT CITRO\u00caN AMI GS GSA - La boutique LRB","og_description":"Plaquettes freins avt Citro\u00ebn Ami GS GSA. \u00c0 partir de 1973.","og_url":"https:\/\/les-routes-buissonnieres.fr\/boutik\/produit\/plaquettes-freins-avt-ami-gs-gsa-trw\/","og_site_name":"La boutique LRB","article_modified_time":"2024-02-08T14:52:27+00:00","og_image":[{"width":326,"height":291,"url":"https:\/\/les-routes-buissonnieres.fr\/boutik\/wp-content\/uploads\/2014\/10\/JEU_DE_PLAQUETTE_543e930da7e18.jpg","type":"image\/jpeg"}],"twitter_card":"summary_large_image","twitter_misc":{"Dur\u00e9e de lecture estim\u00e9e":"1 minute"},"schema":{"@context":"https:\/\/schema.org","@graph":[{"@type":"WebPage","@id":"https:\/\/les-routes-buissonnieres.fr\/boutik\/produit\/plaquettes-freins-avt-ami-gs-gsa-trw\/","url":"https:\/\/les-routes-buissonnieres.fr\/boutik\/produit\/plaquettes-freins-avt-ami-gs-gsa-trw\/","name":"PLAQUETTES FREINS AVT CITRO\u00caN AMI GS GSA - La boutique LRB","isPartOf":{"@id":"https:\/\/les-routes-buissonnieres.fr\/boutik\/#website"},"primaryImageOfPage":{"@id":"https:\/\/les-routes-buissonnieres.fr\/boutik\/produit\/plaquettes-freins-avt-ami-gs-gsa-trw\/#primaryimage"},"image":{"@id":"https:\/\/les-routes-buissonnieres.fr\/boutik\/produit\/plaquettes-freins-avt-ami-gs-gsa-trw\/#primaryimage"},"thumbnailUrl":"https:\/\/les-routes-buissonnieres.fr\/boutik\/wp-content\/uploads\/2014\/10\/JEU_DE_PLAQUETTE_543e930da7e18.jpg","datePublished":"2014-10-15T14:30:21+00:00","dateModified":"2024-02-08T14:52:27+00:00","breadcrumb":{"@id":"https:\/\/les-routes-buissonnieres.fr\/boutik\/produit\/plaquettes-freins-avt-ami-gs-gsa-trw\/#breadcrumb"},"inLanguage":"fr-FR","potentialAction":[{"@type":"ReadAction","target":["https:\/\/les-routes-buissonnieres.fr\/boutik\/produit\/plaquettes-freins-avt-ami-gs-gsa-trw\/"]}]},{"@type":"ImageObject","inLanguage":"fr-FR","@id":"https:\/\/les-routes-buissonnieres.fr\/boutik\/produit\/plaquettes-freins-avt-ami-gs-gsa-trw\/#primaryimage","url":"https:\/\/les-routes-buissonnieres.fr\/boutik\/wp-content\/uploads\/2014\/10\/JEU_DE_PLAQUETTE_543e930da7e18.jpg","contentUrl":"https:\/\/les-routes-buissonnieres.fr\/boutik\/wp-content\/uploads\/2014\/10\/JEU_DE_PLAQUETTE_543e930da7e18.jpg","width":326,"height":291},{"@type":"BreadcrumbList","@id":"https:\/\/les-routes-buissonnieres.fr\/boutik\/produit\/plaquettes-freins-avt-ami-gs-gsa-trw\/#breadcrumb","itemListElement":[{"@type":"ListItem","position":1,"name":"Accueil","item":"https:\/\/les-routes-buissonnieres.fr\/boutik\/"},{"@type":"ListItem","position":2,"name":"Boutique","item":"https:\/\/les-routes-buissonnieres.fr\/boutik\/"},{"@type":"ListItem","position":3,"name":"PLAQUETTES FREINS AVT CITRO\u00caN AMI GS GSA"}]},{"@type":"WebSite","@id":"https:\/\/les-routes-buissonnieres.fr\/boutik\/#website","url":"https:\/\/les-routes-buissonnieres.fr\/boutik\/","name":"La boutique LRB","description":"Pi\u00e8ces d\u00e9tach\u00e9es Citro\u00ebn - VW refroidies par air","publisher":{"@id":"https:\/\/les-routes-buissonnieres.fr\/boutik\/#organization"},"potentialAction":[{"@type":"SearchAction","target":{"@type":"EntryPoint","urlTemplate":"https:\/\/les-routes-buissonnieres.fr\/boutik\/?s={search_term_string}"},"query-input":{"@type":"PropertyValueSpecification","valueRequired":true,"valueName":"search_term_string"}}],"inLanguage":"fr-FR"},{"@type":"Organization","@id":"https:\/\/les-routes-buissonnieres.fr\/boutik\/#organization","name":"La boutique LRB","url":"https:\/\/les-routes-buissonnieres.fr\/boutik\/","logo":{"@type":"ImageObject","inLanguage":"fr-FR","@id":"https:\/\/les-routes-buissonnieres.fr\/boutik\/#\/schema\/logo\/image\/","url":"https:\/\/les-routes-buissonnieres.fr\/boutik\/wp-content\/uploads\/2023\/11\/cropped-logo-a-et-c-2023-orange.png","contentUrl":"https:\/\/les-routes-buissonnieres.fr\/boutik\/wp-content\/uploads\/2023\/11\/cropped-logo-a-et-c-2023-orange.png","width":300,"height":176,"caption":"La boutique LRB"},"image":{"@id":"https:\/\/les-routes-buissonnieres.fr\/boutik\/#\/schema\/logo\/image\/"}}]}},"_links":{"self":[{"href":"https:\/\/les-routes-buissonnieres.fr\/boutik\/wp-json\/wp\/v2\/product\/2752","targetHints":{"allow":["GET"]}}],"collection":[{"href":"https:\/\/les-routes-buissonnieres.fr\/boutik\/wp-json\/wp\/v2\/product"}],"about":[{"href":"https:\/\/les-routes-buissonnieres.fr\/boutik\/wp-json\/wp\/v2\/types\/product"}],"wp:featuredmedia":[{"embeddable":true,"href":"https:\/\/les-routes-buissonnieres.fr\/boutik\/wp-json\/wp\/v2\/media\/2750"}],"wp:attachment":[{"href":"https:\/\/les-routes-buissonnieres.fr\/boutik\/wp-json\/wp\/v2\/media?parent=2752"}],"wp:term":[{"taxonomy":"product_brand","embeddable":true,"href":"https:\/\/les-routes-buissonnieres.fr\/boutik\/wp-json\/wp\/v2\/product_brand?post=2752"},{"taxonomy":"product_cat","embeddable":true,"href":"https:\/\/les-routes-buissonnieres.fr\/boutik\/wp-json\/wp\/v2\/product_cat?post=2752"},{"taxonomy":"product_tag","embeddable":true,"href":"https:\/\/les-routes-buissonnieres.fr\/boutik\/wp-json\/wp\/v2\/product_tag?post=2752"}],"curies":[{"name":"wp","href":"https:\/\/api.w.org\/{rel}","templated":true}]}}