{"id":2829,"date":"2014-11-06T10:51:57","date_gmt":"2014-11-06T09:51:57","guid":{"rendered":"http:\/\/ailettes-et-carbus.fr\/?product=echappement-de-0876-a-0479"},"modified":"2026-01-29T12:15:28","modified_gmt":"2026-01-29T11:15:28","slug":"silencieux-vw-combi","status":"publish","type":"product","link":"https:\/\/les-routes-buissonnieres.fr\/boutik\/produit\/silencieux-vw-combi\/","title":{"rendered":"SILENCIEUX VW COMBI 72-79 Q+"},"content":{"rendered":"<p>Silencieux VW combi 72-79 Q+.<\/p>\n<p>Nous avons s\u00e9lectionn\u00e9 ce silencieux d&rsquo;\u00e9chappement pour <a href=\"https:\/\/www.becombi.com\/histoire-du-vw-combi\/\">VW combi<\/a> pour son bon rapport qualit\u00e9-prix.<\/p>\n<p>Les pi\u00e8ces d&rsquo;origine sont indisponibles depuis de nombreuses ann\u00e9es. Il est parfois difficile de s&rsquo;y retrouver parmi les nombreuses re-fabrications qu&rsquo;on trouve un peu partout.<\/p>\n<p>C&rsquo;est pourquoi, apr\u00e8s de nombreux tests, nous avons choisi de vous proposer ce silencieux .<\/p>\n<p>C&rsquo;est \u00e0 notre avis la meilleure reproduction du mod\u00e8le d&rsquo;\u00e9poque. \u00c9videmment il n&rsquo;est pas \u00ab\u00a0parfait\u00a0\u00bb, mais il est bien construit et demande beaucoup moins d&rsquo;ajustages que certains mod\u00e8les vraiment bas de gamme.<\/p>\n<p>C&rsquo;est ce m\u00eame mod\u00e8le que nous montons \u00e0 l&rsquo;atelier sur les v\u00e9hicules de nos clients et sur nos v\u00e9hicules personnels.<\/p>\n<p>Il convient aux VW combi T2 de 08\/71 \u00e0 07\/79. Utilisez notre <a href=\"https:\/\/les-routes-buissonnieres.fr\/boutik\/produit\/sortie-echappement-combi-vw\/\"><strong>sortie en une pi\u00e8ce<\/strong><\/a> pour le compl\u00e9ter au besoin.<\/p>\n<p>Dans tous les cas v\u00e9rifiez bien le montage pr\u00e9sent sur votre v\u00e9hicule avant de commander.<\/p>\n<p>Peut se monter sur combi Clipper avant 1990 mais n\u00e9cessite parfois quelques ajustages. La plupart des combi Br\u00e9siliens ne poss\u00e8dent pas de syst\u00e8me de chauffage. Les boules de raccords de boites de chauffage sur ce silencieux ne serviront pas.<\/p>\n<p>Vous pouvez soit les laisser sur l&rsquo;\u00e9chappement soit les retirer.<\/p>\n<p>&nbsp;<\/p>\n","protected":false},"excerpt":{"rendered":"<p>Silencieux VW combi 72-79 Q+. Bon rapport qualit\u00e9-prix.<\/p>\n","protected":false},"featured_media":65421,"template":"","meta":[],"product_brand":[],"product_cat":[83,2141,26,1988],"product_tag":[224,220,856,1057,333,223],"class_list":{"0":"post-2829","1":"product","2":"type-product","3":"status-publish","4":"has-post-thumbnail","6":"product_cat-cv111-echappement","7":"product_cat-echappement-clipper","8":"product_cat-pieces-vw-combi-bay-window-type-2","9":"product_cat-pieces-vw-combi-bresilien-split-clipper","10":"product_tag-bay-window","11":"product_tag-combi","12":"product_tag-echappement","13":"product_tag-silencieux-dechappement","14":"product_tag-type1","15":"product_tag-vw","17":"first","18":"instock","19":"featured","20":"taxable","21":"shipping-taxable","22":"purchasable","23":"product-type-simple"},"yoast_head":"<!-- This site is optimized with the Yoast SEO plugin v27.4 - https:\/\/yoast.com\/product\/yoast-seo-wordpress\/ -->\n<title>SILENCIEUX VW COMBI 72-79 Q+ - La boutique LRB<\/title>\n<meta name=\"description\" content=\"Silencieux VW combi 72-79 Q+. Re-fabrication de bonne qualit\u00e9. \u00c0 monter avec sortie en une seule pi\u00e8ce. Pour VW T2 de 08\/71 \u00e0 07\/79.\" \/>\n<meta name=\"robots\" content=\"index, follow, max-snippet:-1, max-image-preview:large, max-video-preview:-1\" \/>\n<link rel=\"canonical\" href=\"https:\/\/les-routes-buissonnieres.fr\/boutik\/produit\/silencieux-vw-combi\/\" \/>\n<meta property=\"og:locale\" content=\"fr_FR\" \/>\n<meta property=\"og:type\" content=\"article\" \/>\n<meta property=\"og:title\" content=\"SILENCIEUX VW COMBI 72-79 Q+ - La boutique LRB\" \/>\n<meta property=\"og:description\" content=\"Silencieux VW combi 72-79 Q+. Re-fabrication de bonne qualit\u00e9. \u00c0 monter avec sortie en une seule pi\u00e8ce. Pour VW T2 de 08\/71 \u00e0 07\/79.\" \/>\n<meta property=\"og:url\" content=\"https:\/\/les-routes-buissonnieres.fr\/boutik\/produit\/silencieux-vw-combi\/\" \/>\n<meta property=\"og:site_name\" content=\"La boutique LRB\" \/>\n<meta property=\"article:modified_time\" content=\"2026-01-29T11:15:28+00:00\" \/>\n<meta property=\"og:image\" content=\"https:\/\/les-routes-buissonnieres.fr\/boutik\/wp-content\/uploads\/2014\/11\/211251051lt_1_1-1.webp\" \/>\n\t<meta property=\"og:image:width\" content=\"700\" \/>\n\t<meta property=\"og:image:height\" content=\"700\" \/>\n\t<meta property=\"og:image:type\" content=\"image\/webp\" \/>\n<meta name=\"twitter:card\" content=\"summary_large_image\" \/>\n<meta name=\"twitter:label1\" content=\"Dur\u00e9e de lecture estim\u00e9e\" \/>\n\t<meta name=\"twitter:data1\" content=\"2 minutes\" \/>\n<script type=\"application\/ld+json\" class=\"yoast-schema-graph\">{\"@context\":\"https:\\\/\\\/schema.org\",\"@graph\":[{\"@type\":\"WebPage\",\"@id\":\"https:\\\/\\\/les-routes-buissonnieres.fr\\\/boutik\\\/produit\\\/silencieux-vw-combi\\\/\",\"url\":\"https:\\\/\\\/les-routes-buissonnieres.fr\\\/boutik\\\/produit\\\/silencieux-vw-combi\\\/\",\"name\":\"SILENCIEUX VW COMBI 72-79 Q+ - La boutique LRB\",\"isPartOf\":{\"@id\":\"https:\\\/\\\/les-routes-buissonnieres.fr\\\/boutik\\\/#website\"},\"primaryImageOfPage\":{\"@id\":\"https:\\\/\\\/les-routes-buissonnieres.fr\\\/boutik\\\/produit\\\/silencieux-vw-combi\\\/#primaryimage\"},\"image\":{\"@id\":\"https:\\\/\\\/les-routes-buissonnieres.fr\\\/boutik\\\/produit\\\/silencieux-vw-combi\\\/#primaryimage\"},\"thumbnailUrl\":\"https:\\\/\\\/les-routes-buissonnieres.fr\\\/boutik\\\/wp-content\\\/uploads\\\/2014\\\/11\\\/211251051lt_1_1-1.webp\",\"datePublished\":\"2014-11-06T09:51:57+00:00\",\"dateModified\":\"2026-01-29T11:15:28+00:00\",\"description\":\"Silencieux VW combi 72-79 Q+. Re-fabrication de bonne qualit\u00e9. \u00c0 monter avec sortie en une seule pi\u00e8ce. Pour VW T2 de 08\\\/71 \u00e0 07\\\/79.\",\"breadcrumb\":{\"@id\":\"https:\\\/\\\/les-routes-buissonnieres.fr\\\/boutik\\\/produit\\\/silencieux-vw-combi\\\/#breadcrumb\"},\"inLanguage\":\"fr-FR\",\"potentialAction\":[{\"@type\":\"ReadAction\",\"target\":[\"https:\\\/\\\/les-routes-buissonnieres.fr\\\/boutik\\\/produit\\\/silencieux-vw-combi\\\/\"]}]},{\"@type\":\"ImageObject\",\"inLanguage\":\"fr-FR\",\"@id\":\"https:\\\/\\\/les-routes-buissonnieres.fr\\\/boutik\\\/produit\\\/silencieux-vw-combi\\\/#primaryimage\",\"url\":\"https:\\\/\\\/les-routes-buissonnieres.fr\\\/boutik\\\/wp-content\\\/uploads\\\/2014\\\/11\\\/211251051lt_1_1-1.webp\",\"contentUrl\":\"https:\\\/\\\/les-routes-buissonnieres.fr\\\/boutik\\\/wp-content\\\/uploads\\\/2014\\\/11\\\/211251051lt_1_1-1.webp\",\"width\":700,\"height\":700,\"caption\":\"Silencieux VW combi 72-79\"},{\"@type\":\"BreadcrumbList\",\"@id\":\"https:\\\/\\\/les-routes-buissonnieres.fr\\\/boutik\\\/produit\\\/silencieux-vw-combi\\\/#breadcrumb\",\"itemListElement\":[{\"@type\":\"ListItem\",\"position\":1,\"name\":\"Accueil\",\"item\":\"https:\\\/\\\/les-routes-buissonnieres.fr\\\/boutik\\\/\"},{\"@type\":\"ListItem\",\"position\":2,\"name\":\"Boutique\",\"item\":\"https:\\\/\\\/les-routes-buissonnieres.fr\\\/boutik\\\/\"},{\"@type\":\"ListItem\",\"position\":3,\"name\":\"SILENCIEUX VW COMBI 72-79 Q+\"}]},{\"@type\":\"WebSite\",\"@id\":\"https:\\\/\\\/les-routes-buissonnieres.fr\\\/boutik\\\/#website\",\"url\":\"https:\\\/\\\/les-routes-buissonnieres.fr\\\/boutik\\\/\",\"name\":\"La boutique LRB\",\"description\":\"Pi\u00e8ces d\u00e9tach\u00e9es Citro\u00ebn - VW refroidies par air\",\"publisher\":{\"@id\":\"https:\\\/\\\/les-routes-buissonnieres.fr\\\/boutik\\\/#organization\"},\"potentialAction\":[{\"@type\":\"SearchAction\",\"target\":{\"@type\":\"EntryPoint\",\"urlTemplate\":\"https:\\\/\\\/les-routes-buissonnieres.fr\\\/boutik\\\/?s={search_term_string}\"},\"query-input\":{\"@type\":\"PropertyValueSpecification\",\"valueRequired\":true,\"valueName\":\"search_term_string\"}}],\"inLanguage\":\"fr-FR\"},{\"@type\":\"Organization\",\"@id\":\"https:\\\/\\\/les-routes-buissonnieres.fr\\\/boutik\\\/#organization\",\"name\":\"La boutique LRB\",\"url\":\"https:\\\/\\\/les-routes-buissonnieres.fr\\\/boutik\\\/\",\"logo\":{\"@type\":\"ImageObject\",\"inLanguage\":\"fr-FR\",\"@id\":\"https:\\\/\\\/les-routes-buissonnieres.fr\\\/boutik\\\/#\\\/schema\\\/logo\\\/image\\\/\",\"url\":\"https:\\\/\\\/les-routes-buissonnieres.fr\\\/boutik\\\/wp-content\\\/uploads\\\/2023\\\/11\\\/cropped-logo-a-et-c-2023-orange.png\",\"contentUrl\":\"https:\\\/\\\/les-routes-buissonnieres.fr\\\/boutik\\\/wp-content\\\/uploads\\\/2023\\\/11\\\/cropped-logo-a-et-c-2023-orange.png\",\"width\":300,\"height\":176,\"caption\":\"La boutique LRB\"},\"image\":{\"@id\":\"https:\\\/\\\/les-routes-buissonnieres.fr\\\/boutik\\\/#\\\/schema\\\/logo\\\/image\\\/\"}}]}<\/script>\n<!-- \/ Yoast SEO plugin. -->","yoast_head_json":{"title":"SILENCIEUX VW COMBI 72-79 Q+ - La boutique LRB","description":"Silencieux VW combi 72-79 Q+. Re-fabrication de bonne qualit\u00e9. \u00c0 monter avec sortie en une seule pi\u00e8ce. Pour VW T2 de 08\/71 \u00e0 07\/79.","robots":{"index":"index","follow":"follow","max-snippet":"max-snippet:-1","max-image-preview":"max-image-preview:large","max-video-preview":"max-video-preview:-1"},"canonical":"https:\/\/les-routes-buissonnieres.fr\/boutik\/produit\/silencieux-vw-combi\/","og_locale":"fr_FR","og_type":"article","og_title":"SILENCIEUX VW COMBI 72-79 Q+ - La boutique LRB","og_description":"Silencieux VW combi 72-79 Q+. Re-fabrication de bonne qualit\u00e9. \u00c0 monter avec sortie en une seule pi\u00e8ce. Pour VW T2 de 08\/71 \u00e0 07\/79.","og_url":"https:\/\/les-routes-buissonnieres.fr\/boutik\/produit\/silencieux-vw-combi\/","og_site_name":"La boutique LRB","article_modified_time":"2026-01-29T11:15:28+00:00","og_image":[{"width":700,"height":700,"url":"https:\/\/les-routes-buissonnieres.fr\/boutik\/wp-content\/uploads\/2014\/11\/211251051lt_1_1-1.webp","type":"image\/webp"}],"twitter_card":"summary_large_image","twitter_misc":{"Dur\u00e9e de lecture estim\u00e9e":"2 minutes"},"schema":{"@context":"https:\/\/schema.org","@graph":[{"@type":"WebPage","@id":"https:\/\/les-routes-buissonnieres.fr\/boutik\/produit\/silencieux-vw-combi\/","url":"https:\/\/les-routes-buissonnieres.fr\/boutik\/produit\/silencieux-vw-combi\/","name":"SILENCIEUX VW COMBI 72-79 Q+ - La boutique LRB","isPartOf":{"@id":"https:\/\/les-routes-buissonnieres.fr\/boutik\/#website"},"primaryImageOfPage":{"@id":"https:\/\/les-routes-buissonnieres.fr\/boutik\/produit\/silencieux-vw-combi\/#primaryimage"},"image":{"@id":"https:\/\/les-routes-buissonnieres.fr\/boutik\/produit\/silencieux-vw-combi\/#primaryimage"},"thumbnailUrl":"https:\/\/les-routes-buissonnieres.fr\/boutik\/wp-content\/uploads\/2014\/11\/211251051lt_1_1-1.webp","datePublished":"2014-11-06T09:51:57+00:00","dateModified":"2026-01-29T11:15:28+00:00","description":"Silencieux VW combi 72-79 Q+. Re-fabrication de bonne qualit\u00e9. \u00c0 monter avec sortie en une seule pi\u00e8ce. Pour VW T2 de 08\/71 \u00e0 07\/79.","breadcrumb":{"@id":"https:\/\/les-routes-buissonnieres.fr\/boutik\/produit\/silencieux-vw-combi\/#breadcrumb"},"inLanguage":"fr-FR","potentialAction":[{"@type":"ReadAction","target":["https:\/\/les-routes-buissonnieres.fr\/boutik\/produit\/silencieux-vw-combi\/"]}]},{"@type":"ImageObject","inLanguage":"fr-FR","@id":"https:\/\/les-routes-buissonnieres.fr\/boutik\/produit\/silencieux-vw-combi\/#primaryimage","url":"https:\/\/les-routes-buissonnieres.fr\/boutik\/wp-content\/uploads\/2014\/11\/211251051lt_1_1-1.webp","contentUrl":"https:\/\/les-routes-buissonnieres.fr\/boutik\/wp-content\/uploads\/2014\/11\/211251051lt_1_1-1.webp","width":700,"height":700,"caption":"Silencieux VW combi 72-79"},{"@type":"BreadcrumbList","@id":"https:\/\/les-routes-buissonnieres.fr\/boutik\/produit\/silencieux-vw-combi\/#breadcrumb","itemListElement":[{"@type":"ListItem","position":1,"name":"Accueil","item":"https:\/\/les-routes-buissonnieres.fr\/boutik\/"},{"@type":"ListItem","position":2,"name":"Boutique","item":"https:\/\/les-routes-buissonnieres.fr\/boutik\/"},{"@type":"ListItem","position":3,"name":"SILENCIEUX VW COMBI 72-79 Q+"}]},{"@type":"WebSite","@id":"https:\/\/les-routes-buissonnieres.fr\/boutik\/#website","url":"https:\/\/les-routes-buissonnieres.fr\/boutik\/","name":"La boutique LRB","description":"Pi\u00e8ces d\u00e9tach\u00e9es Citro\u00ebn - VW refroidies par air","publisher":{"@id":"https:\/\/les-routes-buissonnieres.fr\/boutik\/#organization"},"potentialAction":[{"@type":"SearchAction","target":{"@type":"EntryPoint","urlTemplate":"https:\/\/les-routes-buissonnieres.fr\/boutik\/?s={search_term_string}"},"query-input":{"@type":"PropertyValueSpecification","valueRequired":true,"valueName":"search_term_string"}}],"inLanguage":"fr-FR"},{"@type":"Organization","@id":"https:\/\/les-routes-buissonnieres.fr\/boutik\/#organization","name":"La boutique LRB","url":"https:\/\/les-routes-buissonnieres.fr\/boutik\/","logo":{"@type":"ImageObject","inLanguage":"fr-FR","@id":"https:\/\/les-routes-buissonnieres.fr\/boutik\/#\/schema\/logo\/image\/","url":"https:\/\/les-routes-buissonnieres.fr\/boutik\/wp-content\/uploads\/2023\/11\/cropped-logo-a-et-c-2023-orange.png","contentUrl":"https:\/\/les-routes-buissonnieres.fr\/boutik\/wp-content\/uploads\/2023\/11\/cropped-logo-a-et-c-2023-orange.png","width":300,"height":176,"caption":"La boutique LRB"},"image":{"@id":"https:\/\/les-routes-buissonnieres.fr\/boutik\/#\/schema\/logo\/image\/"}}]}},"_links":{"self":[{"href":"https:\/\/les-routes-buissonnieres.fr\/boutik\/wp-json\/wp\/v2\/product\/2829","targetHints":{"allow":["GET"]}}],"collection":[{"href":"https:\/\/les-routes-buissonnieres.fr\/boutik\/wp-json\/wp\/v2\/product"}],"about":[{"href":"https:\/\/les-routes-buissonnieres.fr\/boutik\/wp-json\/wp\/v2\/types\/product"}],"wp:featuredmedia":[{"embeddable":true,"href":"https:\/\/les-routes-buissonnieres.fr\/boutik\/wp-json\/wp\/v2\/media\/65421"}],"wp:attachment":[{"href":"https:\/\/les-routes-buissonnieres.fr\/boutik\/wp-json\/wp\/v2\/media?parent=2829"}],"wp:term":[{"taxonomy":"product_brand","embeddable":true,"href":"https:\/\/les-routes-buissonnieres.fr\/boutik\/wp-json\/wp\/v2\/product_brand?post=2829"},{"taxonomy":"product_cat","embeddable":true,"href":"https:\/\/les-routes-buissonnieres.fr\/boutik\/wp-json\/wp\/v2\/product_cat?post=2829"},{"taxonomy":"product_tag","embeddable":true,"href":"https:\/\/les-routes-buissonnieres.fr\/boutik\/wp-json\/wp\/v2\/product_tag?post=2829"}],"curies":[{"name":"wp","href":"https:\/\/api.w.org\/{rel}","templated":true}]}}