{"id":2832,"date":"2014-11-06T10:53:59","date_gmt":"2014-11-06T09:53:59","guid":{"rendered":"http:\/\/ailettes-et-carbus.fr\/?product=sortie-dechappement-de-0876-0-0479"},"modified":"2026-01-29T11:48:08","modified_gmt":"2026-01-29T10:48:08","slug":"sortie-echappement-combi-vw","status":"publish","type":"product","link":"https:\/\/les-routes-buissonnieres.fr\/boutik\/produit\/sortie-echappement-combi-vw\/","title":{"rendered":"SORTIE \u00c9CHAPPEMENT COMBI VW 72-79"},"content":{"rendered":"<p>Sortie \u00e9chappement combi VW 72-79.<\/p>\n<p>Refabrication d&rsquo;un bon rapport qualit\u00e9-prix. En acier. Comme nos silencieux d&rsquo;\u00e9chappement, ce tuyau de sortie d&rsquo;\u00e9chappement est recouvert d&rsquo;un appr\u00eat de stockage.<\/p>\n<p>Pour une finition durable et plus esth\u00e9tique, vous pouvez appliquer une peinture haute temp\u00e9rature apr\u00e8s avoir ponc\u00e9 l\u00e9g\u00e8rement.<\/p>\n<p>&nbsp;<\/p>\n<p>Cette sortie \u00e9chappement combi 72-79 s&rsquo;utilise avec notre <a href=\"https:\/\/les-routes-buissonnieres.fr\/boutik\/produit\/silencieux-vw-combi\/\"><strong>\u00e9chappement NVWG001<\/strong><\/a>.<\/p>\n<p>Convient aux <a href=\"https:\/\/www.flat4ever.com\/category\/modeles\/combis\/\">VW combi<\/a> de 08\/71 \u00e0 07\/79. Pensez \u00e0 v\u00e9rifier tout de m\u00eame votre montage avant de commander.<\/p>\n<p>Peut se monter sur combi Clipper avant 1990 mais n\u00e9cessite parfois quelques ajustages.<\/p>\n","protected":false},"excerpt":{"rendered":"<p>Sortie \u00e9chappement combi VW 72-79. Re-fabrication de bonne qualit\u00e9.<\/p>\n","protected":false},"featured_media":65038,"template":"","meta":[],"product_brand":[],"product_cat":[83,2141,26,1988],"product_tag":[224,220,856,1057,1058,333,223],"class_list":{"0":"post-2832","1":"product","2":"type-product","3":"status-publish","4":"has-post-thumbnail","6":"product_cat-cv111-echappement","7":"product_cat-echappement-clipper","8":"product_cat-pieces-vw-combi-bay-window-type-2","9":"product_cat-pieces-vw-combi-bresilien-split-clipper","10":"product_tag-bay-window","11":"product_tag-combi","12":"product_tag-echappement","13":"product_tag-silencieux-dechappement","14":"product_tag-sortie-dechappement","15":"product_tag-type1","16":"product_tag-vw","18":"first","19":"instock","20":"featured","21":"taxable","22":"shipping-taxable","23":"purchasable","24":"product-type-simple"},"yoast_head":"<!-- This site is optimized with the Yoast SEO plugin v27.4 - https:\/\/yoast.com\/product\/yoast-seo-wordpress\/ -->\n<title>SORTIE \u00c9CHAPPEMENT COMBI VW 72-79 - La boutique LRB<\/title>\n<meta name=\"description\" content=\"Sortie \u00e9chappement combi VW 72-79. Re-fabrication de bonne qualit\u00e9 en acier. Livr\u00e9e en appr\u00eat de stockage. Pour combi VW de 1972 \u00e0 1979.\" \/>\n<meta name=\"robots\" content=\"index, follow, max-snippet:-1, max-image-preview:large, max-video-preview:-1\" \/>\n<link rel=\"canonical\" href=\"https:\/\/les-routes-buissonnieres.fr\/boutik\/produit\/sortie-echappement-combi-vw\/\" \/>\n<meta property=\"og:locale\" content=\"fr_FR\" \/>\n<meta property=\"og:type\" content=\"article\" \/>\n<meta property=\"og:title\" content=\"SORTIE \u00c9CHAPPEMENT COMBI VW 72-79 - La boutique LRB\" \/>\n<meta property=\"og:description\" content=\"Sortie \u00e9chappement combi VW 72-79. Re-fabrication de bonne qualit\u00e9 en acier. Livr\u00e9e en appr\u00eat de stockage. Pour combi VW de 1972 \u00e0 1979.\" \/>\n<meta property=\"og:url\" content=\"https:\/\/les-routes-buissonnieres.fr\/boutik\/produit\/sortie-echappement-combi-vw\/\" \/>\n<meta property=\"og:site_name\" content=\"La boutique LRB\" \/>\n<meta property=\"article:modified_time\" content=\"2026-01-29T10:48:08+00:00\" \/>\n<meta property=\"og:image\" content=\"https:\/\/les-routes-buissonnieres.fr\/boutik\/wp-content\/uploads\/2014\/11\/NVWG002.jpg\" \/>\n\t<meta property=\"og:image:width\" content=\"800\" \/>\n\t<meta property=\"og:image:height\" content=\"800\" \/>\n\t<meta property=\"og:image:type\" content=\"image\/jpeg\" \/>\n<meta name=\"twitter:card\" content=\"summary_large_image\" \/>\n<meta name=\"twitter:label1\" content=\"Dur\u00e9e de lecture estim\u00e9e\" \/>\n\t<meta name=\"twitter:data1\" content=\"1 minute\" \/>\n<script type=\"application\/ld+json\" class=\"yoast-schema-graph\">{\"@context\":\"https:\\\/\\\/schema.org\",\"@graph\":[{\"@type\":\"WebPage\",\"@id\":\"https:\\\/\\\/les-routes-buissonnieres.fr\\\/boutik\\\/produit\\\/sortie-echappement-combi-vw\\\/\",\"url\":\"https:\\\/\\\/les-routes-buissonnieres.fr\\\/boutik\\\/produit\\\/sortie-echappement-combi-vw\\\/\",\"name\":\"SORTIE \u00c9CHAPPEMENT COMBI VW 72-79 - La boutique LRB\",\"isPartOf\":{\"@id\":\"https:\\\/\\\/les-routes-buissonnieres.fr\\\/boutik\\\/#website\"},\"primaryImageOfPage\":{\"@id\":\"https:\\\/\\\/les-routes-buissonnieres.fr\\\/boutik\\\/produit\\\/sortie-echappement-combi-vw\\\/#primaryimage\"},\"image\":{\"@id\":\"https:\\\/\\\/les-routes-buissonnieres.fr\\\/boutik\\\/produit\\\/sortie-echappement-combi-vw\\\/#primaryimage\"},\"thumbnailUrl\":\"https:\\\/\\\/les-routes-buissonnieres.fr\\\/boutik\\\/wp-content\\\/uploads\\\/2014\\\/11\\\/NVWG002.jpg\",\"datePublished\":\"2014-11-06T09:53:59+00:00\",\"dateModified\":\"2026-01-29T10:48:08+00:00\",\"description\":\"Sortie \u00e9chappement combi VW 72-79. Re-fabrication de bonne qualit\u00e9 en acier. Livr\u00e9e en appr\u00eat de stockage. Pour combi VW de 1972 \u00e0 1979.\",\"breadcrumb\":{\"@id\":\"https:\\\/\\\/les-routes-buissonnieres.fr\\\/boutik\\\/produit\\\/sortie-echappement-combi-vw\\\/#breadcrumb\"},\"inLanguage\":\"fr-FR\",\"potentialAction\":[{\"@type\":\"ReadAction\",\"target\":[\"https:\\\/\\\/les-routes-buissonnieres.fr\\\/boutik\\\/produit\\\/sortie-echappement-combi-vw\\\/\"]}]},{\"@type\":\"ImageObject\",\"inLanguage\":\"fr-FR\",\"@id\":\"https:\\\/\\\/les-routes-buissonnieres.fr\\\/boutik\\\/produit\\\/sortie-echappement-combi-vw\\\/#primaryimage\",\"url\":\"https:\\\/\\\/les-routes-buissonnieres.fr\\\/boutik\\\/wp-content\\\/uploads\\\/2014\\\/11\\\/NVWG002.jpg\",\"contentUrl\":\"https:\\\/\\\/les-routes-buissonnieres.fr\\\/boutik\\\/wp-content\\\/uploads\\\/2014\\\/11\\\/NVWG002.jpg\",\"width\":800,\"height\":800,\"caption\":\"Sortie \u00e9chappement combi VW\"},{\"@type\":\"BreadcrumbList\",\"@id\":\"https:\\\/\\\/les-routes-buissonnieres.fr\\\/boutik\\\/produit\\\/sortie-echappement-combi-vw\\\/#breadcrumb\",\"itemListElement\":[{\"@type\":\"ListItem\",\"position\":1,\"name\":\"Accueil\",\"item\":\"https:\\\/\\\/les-routes-buissonnieres.fr\\\/boutik\\\/\"},{\"@type\":\"ListItem\",\"position\":2,\"name\":\"Boutique\",\"item\":\"https:\\\/\\\/les-routes-buissonnieres.fr\\\/boutik\\\/\"},{\"@type\":\"ListItem\",\"position\":3,\"name\":\"SORTIE \u00c9CHAPPEMENT COMBI VW 72-79\"}]},{\"@type\":\"WebSite\",\"@id\":\"https:\\\/\\\/les-routes-buissonnieres.fr\\\/boutik\\\/#website\",\"url\":\"https:\\\/\\\/les-routes-buissonnieres.fr\\\/boutik\\\/\",\"name\":\"La boutique LRB\",\"description\":\"Pi\u00e8ces d\u00e9tach\u00e9es Citro\u00ebn - VW refroidies par air\",\"publisher\":{\"@id\":\"https:\\\/\\\/les-routes-buissonnieres.fr\\\/boutik\\\/#organization\"},\"potentialAction\":[{\"@type\":\"SearchAction\",\"target\":{\"@type\":\"EntryPoint\",\"urlTemplate\":\"https:\\\/\\\/les-routes-buissonnieres.fr\\\/boutik\\\/?s={search_term_string}\"},\"query-input\":{\"@type\":\"PropertyValueSpecification\",\"valueRequired\":true,\"valueName\":\"search_term_string\"}}],\"inLanguage\":\"fr-FR\"},{\"@type\":\"Organization\",\"@id\":\"https:\\\/\\\/les-routes-buissonnieres.fr\\\/boutik\\\/#organization\",\"name\":\"La boutique LRB\",\"url\":\"https:\\\/\\\/les-routes-buissonnieres.fr\\\/boutik\\\/\",\"logo\":{\"@type\":\"ImageObject\",\"inLanguage\":\"fr-FR\",\"@id\":\"https:\\\/\\\/les-routes-buissonnieres.fr\\\/boutik\\\/#\\\/schema\\\/logo\\\/image\\\/\",\"url\":\"https:\\\/\\\/les-routes-buissonnieres.fr\\\/boutik\\\/wp-content\\\/uploads\\\/2023\\\/11\\\/cropped-logo-a-et-c-2023-orange.png\",\"contentUrl\":\"https:\\\/\\\/les-routes-buissonnieres.fr\\\/boutik\\\/wp-content\\\/uploads\\\/2023\\\/11\\\/cropped-logo-a-et-c-2023-orange.png\",\"width\":300,\"height\":176,\"caption\":\"La boutique LRB\"},\"image\":{\"@id\":\"https:\\\/\\\/les-routes-buissonnieres.fr\\\/boutik\\\/#\\\/schema\\\/logo\\\/image\\\/\"}}]}<\/script>\n<!-- \/ Yoast SEO plugin. -->","yoast_head_json":{"title":"SORTIE \u00c9CHAPPEMENT COMBI VW 72-79 - La boutique LRB","description":"Sortie \u00e9chappement combi VW 72-79. Re-fabrication de bonne qualit\u00e9 en acier. Livr\u00e9e en appr\u00eat de stockage. Pour combi VW de 1972 \u00e0 1979.","robots":{"index":"index","follow":"follow","max-snippet":"max-snippet:-1","max-image-preview":"max-image-preview:large","max-video-preview":"max-video-preview:-1"},"canonical":"https:\/\/les-routes-buissonnieres.fr\/boutik\/produit\/sortie-echappement-combi-vw\/","og_locale":"fr_FR","og_type":"article","og_title":"SORTIE \u00c9CHAPPEMENT COMBI VW 72-79 - La boutique LRB","og_description":"Sortie \u00e9chappement combi VW 72-79. Re-fabrication de bonne qualit\u00e9 en acier. Livr\u00e9e en appr\u00eat de stockage. Pour combi VW de 1972 \u00e0 1979.","og_url":"https:\/\/les-routes-buissonnieres.fr\/boutik\/produit\/sortie-echappement-combi-vw\/","og_site_name":"La boutique LRB","article_modified_time":"2026-01-29T10:48:08+00:00","og_image":[{"width":800,"height":800,"url":"https:\/\/les-routes-buissonnieres.fr\/boutik\/wp-content\/uploads\/2014\/11\/NVWG002.jpg","type":"image\/jpeg"}],"twitter_card":"summary_large_image","twitter_misc":{"Dur\u00e9e de lecture estim\u00e9e":"1 minute"},"schema":{"@context":"https:\/\/schema.org","@graph":[{"@type":"WebPage","@id":"https:\/\/les-routes-buissonnieres.fr\/boutik\/produit\/sortie-echappement-combi-vw\/","url":"https:\/\/les-routes-buissonnieres.fr\/boutik\/produit\/sortie-echappement-combi-vw\/","name":"SORTIE \u00c9CHAPPEMENT COMBI VW 72-79 - La boutique LRB","isPartOf":{"@id":"https:\/\/les-routes-buissonnieres.fr\/boutik\/#website"},"primaryImageOfPage":{"@id":"https:\/\/les-routes-buissonnieres.fr\/boutik\/produit\/sortie-echappement-combi-vw\/#primaryimage"},"image":{"@id":"https:\/\/les-routes-buissonnieres.fr\/boutik\/produit\/sortie-echappement-combi-vw\/#primaryimage"},"thumbnailUrl":"https:\/\/les-routes-buissonnieres.fr\/boutik\/wp-content\/uploads\/2014\/11\/NVWG002.jpg","datePublished":"2014-11-06T09:53:59+00:00","dateModified":"2026-01-29T10:48:08+00:00","description":"Sortie \u00e9chappement combi VW 72-79. Re-fabrication de bonne qualit\u00e9 en acier. Livr\u00e9e en appr\u00eat de stockage. Pour combi VW de 1972 \u00e0 1979.","breadcrumb":{"@id":"https:\/\/les-routes-buissonnieres.fr\/boutik\/produit\/sortie-echappement-combi-vw\/#breadcrumb"},"inLanguage":"fr-FR","potentialAction":[{"@type":"ReadAction","target":["https:\/\/les-routes-buissonnieres.fr\/boutik\/produit\/sortie-echappement-combi-vw\/"]}]},{"@type":"ImageObject","inLanguage":"fr-FR","@id":"https:\/\/les-routes-buissonnieres.fr\/boutik\/produit\/sortie-echappement-combi-vw\/#primaryimage","url":"https:\/\/les-routes-buissonnieres.fr\/boutik\/wp-content\/uploads\/2014\/11\/NVWG002.jpg","contentUrl":"https:\/\/les-routes-buissonnieres.fr\/boutik\/wp-content\/uploads\/2014\/11\/NVWG002.jpg","width":800,"height":800,"caption":"Sortie \u00e9chappement combi VW"},{"@type":"BreadcrumbList","@id":"https:\/\/les-routes-buissonnieres.fr\/boutik\/produit\/sortie-echappement-combi-vw\/#breadcrumb","itemListElement":[{"@type":"ListItem","position":1,"name":"Accueil","item":"https:\/\/les-routes-buissonnieres.fr\/boutik\/"},{"@type":"ListItem","position":2,"name":"Boutique","item":"https:\/\/les-routes-buissonnieres.fr\/boutik\/"},{"@type":"ListItem","position":3,"name":"SORTIE \u00c9CHAPPEMENT COMBI VW 72-79"}]},{"@type":"WebSite","@id":"https:\/\/les-routes-buissonnieres.fr\/boutik\/#website","url":"https:\/\/les-routes-buissonnieres.fr\/boutik\/","name":"La boutique LRB","description":"Pi\u00e8ces d\u00e9tach\u00e9es Citro\u00ebn - VW refroidies par air","publisher":{"@id":"https:\/\/les-routes-buissonnieres.fr\/boutik\/#organization"},"potentialAction":[{"@type":"SearchAction","target":{"@type":"EntryPoint","urlTemplate":"https:\/\/les-routes-buissonnieres.fr\/boutik\/?s={search_term_string}"},"query-input":{"@type":"PropertyValueSpecification","valueRequired":true,"valueName":"search_term_string"}}],"inLanguage":"fr-FR"},{"@type":"Organization","@id":"https:\/\/les-routes-buissonnieres.fr\/boutik\/#organization","name":"La boutique LRB","url":"https:\/\/les-routes-buissonnieres.fr\/boutik\/","logo":{"@type":"ImageObject","inLanguage":"fr-FR","@id":"https:\/\/les-routes-buissonnieres.fr\/boutik\/#\/schema\/logo\/image\/","url":"https:\/\/les-routes-buissonnieres.fr\/boutik\/wp-content\/uploads\/2023\/11\/cropped-logo-a-et-c-2023-orange.png","contentUrl":"https:\/\/les-routes-buissonnieres.fr\/boutik\/wp-content\/uploads\/2023\/11\/cropped-logo-a-et-c-2023-orange.png","width":300,"height":176,"caption":"La boutique LRB"},"image":{"@id":"https:\/\/les-routes-buissonnieres.fr\/boutik\/#\/schema\/logo\/image\/"}}]}},"_links":{"self":[{"href":"https:\/\/les-routes-buissonnieres.fr\/boutik\/wp-json\/wp\/v2\/product\/2832","targetHints":{"allow":["GET"]}}],"collection":[{"href":"https:\/\/les-routes-buissonnieres.fr\/boutik\/wp-json\/wp\/v2\/product"}],"about":[{"href":"https:\/\/les-routes-buissonnieres.fr\/boutik\/wp-json\/wp\/v2\/types\/product"}],"wp:featuredmedia":[{"embeddable":true,"href":"https:\/\/les-routes-buissonnieres.fr\/boutik\/wp-json\/wp\/v2\/media\/65038"}],"wp:attachment":[{"href":"https:\/\/les-routes-buissonnieres.fr\/boutik\/wp-json\/wp\/v2\/media?parent=2832"}],"wp:term":[{"taxonomy":"product_brand","embeddable":true,"href":"https:\/\/les-routes-buissonnieres.fr\/boutik\/wp-json\/wp\/v2\/product_brand?post=2832"},{"taxonomy":"product_cat","embeddable":true,"href":"https:\/\/les-routes-buissonnieres.fr\/boutik\/wp-json\/wp\/v2\/product_cat?post=2832"},{"taxonomy":"product_tag","embeddable":true,"href":"https:\/\/les-routes-buissonnieres.fr\/boutik\/wp-json\/wp\/v2\/product_tag?post=2832"}],"curies":[{"name":"wp","href":"https:\/\/api.w.org\/{rel}","templated":true}]}}