{"id":3193,"date":"2015-01-19T15:00:32","date_gmt":"2015-01-19T14:00:32","guid":{"rendered":"http:\/\/ailettes-et-carbus.fr\/produit\/joint-de-pompe-a-essence-inferieur-type-1-2\/"},"modified":"2026-01-27T11:01:35","modified_gmt":"2026-01-27T10:01:35","slug":"joint-de-pompe-a-essence-inferieur-type-1-2","status":"publish","type":"product","link":"https:\/\/les-routes-buissonnieres.fr\/boutik\/produit\/joint-de-pompe-a-essence-inferieur-type-1-2\/","title":{"rendered":"JOINT DE POMPE \u00c0 ESSENCE INF\u00c9RIEUR TYPE 1"},"content":{"rendered":"<p>S&rsquo;utilise entre la bak\u00e9lite et le bloc.<\/p>\n<p>&nbsp;<\/p>\n<p>Il vous faut donc deux joints pour une \u00e9tanch\u00e9it\u00e9 impeccable.<\/p>\n","protected":false},"excerpt":{"rendered":"<p>S&rsquo;utilise entre la bak\u00e9lite et le bloc. &nbsp; Il vous faut donc deux joints pour une \u00e9tanch\u00e9it\u00e9 impeccable.<\/p>\n","protected":false},"featured_media":3191,"template":"","meta":[],"product_brand":[],"product_cat":[65,91,74,79,25,26,27,28],"product_tag":[],"class_list":{"0":"post-3193","1":"product","2":"type-product","3":"status-publish","4":"has-post-thumbnail","6":"product_cat-cv106-alimentation-carburant","7":"product_cat-cv82-alimentation-carburant","8":"product_cat-cv92-alimentation-carburant","9":"product_cat-cv120-alimentation-carburant","10":"product_cat-pieces-vw-coccinelle-type-1","11":"product_cat-pieces-vw-combi-bay-window-type-2","12":"product_cat-piece-vw-combi-split-type-2","13":"product_cat-pieces-vw-transporter-t3-type-25-ct-cu","15":"first","16":"instock","17":"featured","18":"taxable","19":"shipping-taxable","20":"purchasable","21":"product-type-simple"},"yoast_head":"<!-- This site is optimized with the Yoast SEO plugin v27.4 - https:\/\/yoast.com\/product\/yoast-seo-wordpress\/ -->\n<title>JOINT DE POMPE \u00c0 ESSENCE INF\u00c9RIEUR TYPE 1 - La boutique LRB<\/title>\n<meta name=\"robots\" content=\"index, follow, max-snippet:-1, max-image-preview:large, max-video-preview:-1\" \/>\n<link rel=\"canonical\" href=\"https:\/\/les-routes-buissonnieres.fr\/boutik\/produit\/joint-de-pompe-a-essence-inferieur-type-1-2\/\" \/>\n<meta property=\"og:locale\" content=\"fr_FR\" \/>\n<meta property=\"og:type\" content=\"article\" \/>\n<meta property=\"og:title\" content=\"JOINT DE POMPE \u00c0 ESSENCE INF\u00c9RIEUR TYPE 1 - La boutique LRB\" \/>\n<meta property=\"og:description\" content=\"S&rsquo;utilise entre la bak\u00e9lite et le bloc. &nbsp; Il vous faut donc deux joints pour une \u00e9tanch\u00e9it\u00e9 impeccable.\" \/>\n<meta property=\"og:url\" content=\"https:\/\/les-routes-buissonnieres.fr\/boutik\/produit\/joint-de-pompe-a-essence-inferieur-type-1-2\/\" \/>\n<meta property=\"og:site_name\" content=\"La boutique LRB\" \/>\n<meta property=\"article:modified_time\" content=\"2026-01-27T10:01:35+00:00\" \/>\n<meta property=\"og:image\" content=\"https:\/\/les-routes-buissonnieres.fr\/boutik\/wp-content\/uploads\/2015\/01\/JOINT_DE_BAK__LI_54bd1c101ce32.jpg\" \/>\n\t<meta property=\"og:image:width\" content=\"500\" \/>\n\t<meta property=\"og:image:height\" content=\"500\" \/>\n\t<meta property=\"og:image:type\" content=\"image\/jpeg\" \/>\n<meta name=\"twitter:card\" content=\"summary_large_image\" \/>\n<meta name=\"twitter:label1\" content=\"Dur\u00e9e de lecture estim\u00e9e\" \/>\n\t<meta name=\"twitter:data1\" content=\"1 minute\" \/>\n<script type=\"application\/ld+json\" class=\"yoast-schema-graph\">{\"@context\":\"https:\\\/\\\/schema.org\",\"@graph\":[{\"@type\":\"WebPage\",\"@id\":\"https:\\\/\\\/les-routes-buissonnieres.fr\\\/boutik\\\/produit\\\/joint-de-pompe-a-essence-inferieur-type-1-2\\\/\",\"url\":\"https:\\\/\\\/les-routes-buissonnieres.fr\\\/boutik\\\/produit\\\/joint-de-pompe-a-essence-inferieur-type-1-2\\\/\",\"name\":\"JOINT DE POMPE \u00c0 ESSENCE INF\u00c9RIEUR TYPE 1 - La boutique LRB\",\"isPartOf\":{\"@id\":\"https:\\\/\\\/les-routes-buissonnieres.fr\\\/boutik\\\/#website\"},\"primaryImageOfPage\":{\"@id\":\"https:\\\/\\\/les-routes-buissonnieres.fr\\\/boutik\\\/produit\\\/joint-de-pompe-a-essence-inferieur-type-1-2\\\/#primaryimage\"},\"image\":{\"@id\":\"https:\\\/\\\/les-routes-buissonnieres.fr\\\/boutik\\\/produit\\\/joint-de-pompe-a-essence-inferieur-type-1-2\\\/#primaryimage\"},\"thumbnailUrl\":\"https:\\\/\\\/les-routes-buissonnieres.fr\\\/boutik\\\/wp-content\\\/uploads\\\/2015\\\/01\\\/JOINT_DE_BAK__LI_54bd1c101ce32.jpg\",\"datePublished\":\"2015-01-19T14:00:32+00:00\",\"dateModified\":\"2026-01-27T10:01:35+00:00\",\"breadcrumb\":{\"@id\":\"https:\\\/\\\/les-routes-buissonnieres.fr\\\/boutik\\\/produit\\\/joint-de-pompe-a-essence-inferieur-type-1-2\\\/#breadcrumb\"},\"inLanguage\":\"fr-FR\",\"potentialAction\":[{\"@type\":\"ReadAction\",\"target\":[\"https:\\\/\\\/les-routes-buissonnieres.fr\\\/boutik\\\/produit\\\/joint-de-pompe-a-essence-inferieur-type-1-2\\\/\"]}]},{\"@type\":\"ImageObject\",\"inLanguage\":\"fr-FR\",\"@id\":\"https:\\\/\\\/les-routes-buissonnieres.fr\\\/boutik\\\/produit\\\/joint-de-pompe-a-essence-inferieur-type-1-2\\\/#primaryimage\",\"url\":\"https:\\\/\\\/les-routes-buissonnieres.fr\\\/boutik\\\/wp-content\\\/uploads\\\/2015\\\/01\\\/JOINT_DE_BAK__LI_54bd1c101ce32.jpg\",\"contentUrl\":\"https:\\\/\\\/les-routes-buissonnieres.fr\\\/boutik\\\/wp-content\\\/uploads\\\/2015\\\/01\\\/JOINT_DE_BAK__LI_54bd1c101ce32.jpg\",\"width\":500,\"height\":500},{\"@type\":\"BreadcrumbList\",\"@id\":\"https:\\\/\\\/les-routes-buissonnieres.fr\\\/boutik\\\/produit\\\/joint-de-pompe-a-essence-inferieur-type-1-2\\\/#breadcrumb\",\"itemListElement\":[{\"@type\":\"ListItem\",\"position\":1,\"name\":\"Accueil\",\"item\":\"https:\\\/\\\/les-routes-buissonnieres.fr\\\/boutik\\\/\"},{\"@type\":\"ListItem\",\"position\":2,\"name\":\"Boutique\",\"item\":\"https:\\\/\\\/les-routes-buissonnieres.fr\\\/boutik\\\/\"},{\"@type\":\"ListItem\",\"position\":3,\"name\":\"JOINT DE POMPE \u00c0 ESSENCE INF\u00c9RIEUR TYPE 1\"}]},{\"@type\":\"WebSite\",\"@id\":\"https:\\\/\\\/les-routes-buissonnieres.fr\\\/boutik\\\/#website\",\"url\":\"https:\\\/\\\/les-routes-buissonnieres.fr\\\/boutik\\\/\",\"name\":\"La boutique LRB\",\"description\":\"Pi\u00e8ces d\u00e9tach\u00e9es Citro\u00ebn - VW refroidies par air\",\"publisher\":{\"@id\":\"https:\\\/\\\/les-routes-buissonnieres.fr\\\/boutik\\\/#organization\"},\"potentialAction\":[{\"@type\":\"SearchAction\",\"target\":{\"@type\":\"EntryPoint\",\"urlTemplate\":\"https:\\\/\\\/les-routes-buissonnieres.fr\\\/boutik\\\/?s={search_term_string}\"},\"query-input\":{\"@type\":\"PropertyValueSpecification\",\"valueRequired\":true,\"valueName\":\"search_term_string\"}}],\"inLanguage\":\"fr-FR\"},{\"@type\":\"Organization\",\"@id\":\"https:\\\/\\\/les-routes-buissonnieres.fr\\\/boutik\\\/#organization\",\"name\":\"La boutique LRB\",\"url\":\"https:\\\/\\\/les-routes-buissonnieres.fr\\\/boutik\\\/\",\"logo\":{\"@type\":\"ImageObject\",\"inLanguage\":\"fr-FR\",\"@id\":\"https:\\\/\\\/les-routes-buissonnieres.fr\\\/boutik\\\/#\\\/schema\\\/logo\\\/image\\\/\",\"url\":\"https:\\\/\\\/les-routes-buissonnieres.fr\\\/boutik\\\/wp-content\\\/uploads\\\/2023\\\/11\\\/cropped-logo-a-et-c-2023-orange.png\",\"contentUrl\":\"https:\\\/\\\/les-routes-buissonnieres.fr\\\/boutik\\\/wp-content\\\/uploads\\\/2023\\\/11\\\/cropped-logo-a-et-c-2023-orange.png\",\"width\":300,\"height\":176,\"caption\":\"La boutique LRB\"},\"image\":{\"@id\":\"https:\\\/\\\/les-routes-buissonnieres.fr\\\/boutik\\\/#\\\/schema\\\/logo\\\/image\\\/\"}}]}<\/script>\n<!-- \/ Yoast SEO plugin. -->","yoast_head_json":{"title":"JOINT DE POMPE \u00c0 ESSENCE INF\u00c9RIEUR TYPE 1 - La boutique LRB","robots":{"index":"index","follow":"follow","max-snippet":"max-snippet:-1","max-image-preview":"max-image-preview:large","max-video-preview":"max-video-preview:-1"},"canonical":"https:\/\/les-routes-buissonnieres.fr\/boutik\/produit\/joint-de-pompe-a-essence-inferieur-type-1-2\/","og_locale":"fr_FR","og_type":"article","og_title":"JOINT DE POMPE \u00c0 ESSENCE INF\u00c9RIEUR TYPE 1 - La boutique LRB","og_description":"S&rsquo;utilise entre la bak\u00e9lite et le bloc. &nbsp; Il vous faut donc deux joints pour une \u00e9tanch\u00e9it\u00e9 impeccable.","og_url":"https:\/\/les-routes-buissonnieres.fr\/boutik\/produit\/joint-de-pompe-a-essence-inferieur-type-1-2\/","og_site_name":"La boutique LRB","article_modified_time":"2026-01-27T10:01:35+00:00","og_image":[{"width":500,"height":500,"url":"https:\/\/les-routes-buissonnieres.fr\/boutik\/wp-content\/uploads\/2015\/01\/JOINT_DE_BAK__LI_54bd1c101ce32.jpg","type":"image\/jpeg"}],"twitter_card":"summary_large_image","twitter_misc":{"Dur\u00e9e de lecture estim\u00e9e":"1 minute"},"schema":{"@context":"https:\/\/schema.org","@graph":[{"@type":"WebPage","@id":"https:\/\/les-routes-buissonnieres.fr\/boutik\/produit\/joint-de-pompe-a-essence-inferieur-type-1-2\/","url":"https:\/\/les-routes-buissonnieres.fr\/boutik\/produit\/joint-de-pompe-a-essence-inferieur-type-1-2\/","name":"JOINT DE POMPE \u00c0 ESSENCE INF\u00c9RIEUR TYPE 1 - La boutique LRB","isPartOf":{"@id":"https:\/\/les-routes-buissonnieres.fr\/boutik\/#website"},"primaryImageOfPage":{"@id":"https:\/\/les-routes-buissonnieres.fr\/boutik\/produit\/joint-de-pompe-a-essence-inferieur-type-1-2\/#primaryimage"},"image":{"@id":"https:\/\/les-routes-buissonnieres.fr\/boutik\/produit\/joint-de-pompe-a-essence-inferieur-type-1-2\/#primaryimage"},"thumbnailUrl":"https:\/\/les-routes-buissonnieres.fr\/boutik\/wp-content\/uploads\/2015\/01\/JOINT_DE_BAK__LI_54bd1c101ce32.jpg","datePublished":"2015-01-19T14:00:32+00:00","dateModified":"2026-01-27T10:01:35+00:00","breadcrumb":{"@id":"https:\/\/les-routes-buissonnieres.fr\/boutik\/produit\/joint-de-pompe-a-essence-inferieur-type-1-2\/#breadcrumb"},"inLanguage":"fr-FR","potentialAction":[{"@type":"ReadAction","target":["https:\/\/les-routes-buissonnieres.fr\/boutik\/produit\/joint-de-pompe-a-essence-inferieur-type-1-2\/"]}]},{"@type":"ImageObject","inLanguage":"fr-FR","@id":"https:\/\/les-routes-buissonnieres.fr\/boutik\/produit\/joint-de-pompe-a-essence-inferieur-type-1-2\/#primaryimage","url":"https:\/\/les-routes-buissonnieres.fr\/boutik\/wp-content\/uploads\/2015\/01\/JOINT_DE_BAK__LI_54bd1c101ce32.jpg","contentUrl":"https:\/\/les-routes-buissonnieres.fr\/boutik\/wp-content\/uploads\/2015\/01\/JOINT_DE_BAK__LI_54bd1c101ce32.jpg","width":500,"height":500},{"@type":"BreadcrumbList","@id":"https:\/\/les-routes-buissonnieres.fr\/boutik\/produit\/joint-de-pompe-a-essence-inferieur-type-1-2\/#breadcrumb","itemListElement":[{"@type":"ListItem","position":1,"name":"Accueil","item":"https:\/\/les-routes-buissonnieres.fr\/boutik\/"},{"@type":"ListItem","position":2,"name":"Boutique","item":"https:\/\/les-routes-buissonnieres.fr\/boutik\/"},{"@type":"ListItem","position":3,"name":"JOINT DE POMPE \u00c0 ESSENCE INF\u00c9RIEUR TYPE 1"}]},{"@type":"WebSite","@id":"https:\/\/les-routes-buissonnieres.fr\/boutik\/#website","url":"https:\/\/les-routes-buissonnieres.fr\/boutik\/","name":"La boutique LRB","description":"Pi\u00e8ces d\u00e9tach\u00e9es Citro\u00ebn - VW refroidies par air","publisher":{"@id":"https:\/\/les-routes-buissonnieres.fr\/boutik\/#organization"},"potentialAction":[{"@type":"SearchAction","target":{"@type":"EntryPoint","urlTemplate":"https:\/\/les-routes-buissonnieres.fr\/boutik\/?s={search_term_string}"},"query-input":{"@type":"PropertyValueSpecification","valueRequired":true,"valueName":"search_term_string"}}],"inLanguage":"fr-FR"},{"@type":"Organization","@id":"https:\/\/les-routes-buissonnieres.fr\/boutik\/#organization","name":"La boutique LRB","url":"https:\/\/les-routes-buissonnieres.fr\/boutik\/","logo":{"@type":"ImageObject","inLanguage":"fr-FR","@id":"https:\/\/les-routes-buissonnieres.fr\/boutik\/#\/schema\/logo\/image\/","url":"https:\/\/les-routes-buissonnieres.fr\/boutik\/wp-content\/uploads\/2023\/11\/cropped-logo-a-et-c-2023-orange.png","contentUrl":"https:\/\/les-routes-buissonnieres.fr\/boutik\/wp-content\/uploads\/2023\/11\/cropped-logo-a-et-c-2023-orange.png","width":300,"height":176,"caption":"La boutique LRB"},"image":{"@id":"https:\/\/les-routes-buissonnieres.fr\/boutik\/#\/schema\/logo\/image\/"}}]}},"_links":{"self":[{"href":"https:\/\/les-routes-buissonnieres.fr\/boutik\/wp-json\/wp\/v2\/product\/3193","targetHints":{"allow":["GET"]}}],"collection":[{"href":"https:\/\/les-routes-buissonnieres.fr\/boutik\/wp-json\/wp\/v2\/product"}],"about":[{"href":"https:\/\/les-routes-buissonnieres.fr\/boutik\/wp-json\/wp\/v2\/types\/product"}],"wp:featuredmedia":[{"embeddable":true,"href":"https:\/\/les-routes-buissonnieres.fr\/boutik\/wp-json\/wp\/v2\/media\/3191"}],"wp:attachment":[{"href":"https:\/\/les-routes-buissonnieres.fr\/boutik\/wp-json\/wp\/v2\/media?parent=3193"}],"wp:term":[{"taxonomy":"product_brand","embeddable":true,"href":"https:\/\/les-routes-buissonnieres.fr\/boutik\/wp-json\/wp\/v2\/product_brand?post=3193"},{"taxonomy":"product_cat","embeddable":true,"href":"https:\/\/les-routes-buissonnieres.fr\/boutik\/wp-json\/wp\/v2\/product_cat?post=3193"},{"taxonomy":"product_tag","embeddable":true,"href":"https:\/\/les-routes-buissonnieres.fr\/boutik\/wp-json\/wp\/v2\/product_tag?post=3193"}],"curies":[{"name":"wp","href":"https:\/\/api.w.org\/{rel}","templated":true}]}}