{"id":3235,"date":"2015-01-22T21:13:16","date_gmt":"2015-01-22T20:13:16","guid":{"rendered":"http:\/\/ailettes-et-carbus.fr\/?product=bobine-dallumage-12v-electronique"},"modified":"2025-10-21T14:22:53","modified_gmt":"2025-10-21T13:22:53","slug":"bobine-allumage-electronique-vw-t3","status":"publish","type":"product","link":"https:\/\/les-routes-buissonnieres.fr\/boutik\/produit\/bobine-allumage-electronique-vw-t3\/","title":{"rendered":"BOBINE  ALLUMAGE \u00c9LECTRONIQUE VW T3 VALEO"},"content":{"rendered":"<p>Bobine allumage \u00e9lectronique VW T3 Val\u00e9o.<\/p>\n<p>L&rsquo;approvisionnement en bobines d&rsquo;allumage est de plus en plus difficile.<\/p>\n<p>Nous avons s\u00e9lectionn\u00e9 cette bobine \u00e0 bain d&rsquo;huile sp\u00e9cialement con\u00e7u pour l&rsquo;allumage \u00e9lectronique Bosch type TSZ.<\/p>\n<p>&nbsp;<\/p>\n<p>Bobine \u00e0 embout creux type DIN pour moteur <a href=\"http:\/\/t3zone.com\" target=\"_blank\" rel=\"noopener noreferrer\">1600CT <\/a>et 2L CU. Convient aussi aux VW T3 \u00e0 refroidissement liquide jusqu&rsquo;\u00e0 1984.<\/p>\n<p>Elle peut \u00e9galement \u00eatre utilis\u00e9e avec un allumeur \u00e9lectronique 123 ignition.<\/p>\n<p>Noir ou alu suivant arrivage.<\/p>\n","protected":false},"excerpt":{"rendered":"<p>Bobine allumage \u00e9lectronique VW T3 Val\u00e9o. Pour allumage \u00e9lectronique TSZ d&rsquo;origine.<\/p>\n","protected":false},"featured_media":64326,"template":"","meta":[],"product_brand":[],"product_cat":[42,28],"product_tag":[432,431,287,1458,1481,1946,1482,1483,430,286,235,1940,433,1941,223],"class_list":{"0":"post-3235","1":"product","2":"type-product","3":"status-publish","4":"has-post-thumbnail","6":"product_cat-cv119-allumage","7":"product_cat-pieces-vw-transporter-t3-type-25-ct-cu","8":"product_tag-1600ct","9":"product_tag-2-0-cu","10":"product_tag-2lcu","11":"product_tag-allumage","12":"product_tag-allumage-electronique","13":"product_tag-bobine-12v","14":"product_tag-bobine-dallumage","15":"product_tag-bobine-electronique","16":"product_tag-bosch","17":"product_tag-cu","18":"product_tag-transporter","19":"product_tag-tsz","20":"product_tag-type2","21":"product_tag-tzh","22":"product_tag-vw","24":"first","25":"instock","26":"featured","27":"taxable","28":"shipping-taxable","29":"purchasable","30":"product-type-simple"},"yoast_head":"<!-- This site is optimized with the Yoast SEO plugin v27.4 - https:\/\/yoast.com\/product\/yoast-seo-wordpress\/ -->\n<title>BOBINE ALLUMAGE \u00c9LECTRONIQUE VW T3 VALEO - La boutique LRB<\/title>\n<meta name=\"description\" content=\"Bobine allumage 12v \u00e9lectronique VW T3 . Qualit\u00e9 monte d&#039;origine, allumage \u00e9lectronique Bosch type TSZ. Bobine \u00e0 embout creux pour moteur 1600CT et 2LCU.\" \/>\n<meta name=\"robots\" content=\"index, follow, max-snippet:-1, max-image-preview:large, max-video-preview:-1\" \/>\n<link rel=\"canonical\" href=\"https:\/\/les-routes-buissonnieres.fr\/boutik\/produit\/bobine-allumage-electronique-vw-t3\/\" \/>\n<meta property=\"og:locale\" content=\"fr_FR\" \/>\n<meta property=\"og:type\" content=\"article\" \/>\n<meta property=\"og:title\" content=\"BOBINE ALLUMAGE \u00c9LECTRONIQUE VW T3 VALEO - La boutique LRB\" \/>\n<meta property=\"og:description\" content=\"Bobine allumage 12v \u00e9lectronique VW T3 . Qualit\u00e9 monte d&#039;origine, allumage \u00e9lectronique Bosch type TSZ. Bobine \u00e0 embout creux pour moteur 1600CT et 2LCU.\" \/>\n<meta property=\"og:url\" content=\"https:\/\/les-routes-buissonnieres.fr\/boutik\/produit\/bobine-allumage-electronique-vw-t3\/\" \/>\n<meta property=\"og:site_name\" content=\"La boutique LRB\" \/>\n<meta property=\"article:modified_time\" content=\"2025-10-21T13:22:53+00:00\" \/>\n<meta property=\"og:image\" content=\"https:\/\/les-routes-buissonnieres.fr\/boutik\/wp-content\/uploads\/2015\/01\/bobelec.jpg\" \/>\n\t<meta property=\"og:image:width\" content=\"800\" \/>\n\t<meta property=\"og:image:height\" content=\"800\" \/>\n\t<meta property=\"og:image:type\" content=\"image\/jpeg\" \/>\n<meta name=\"twitter:card\" content=\"summary_large_image\" \/>\n<meta name=\"twitter:label1\" content=\"Dur\u00e9e de lecture estim\u00e9e\" \/>\n\t<meta name=\"twitter:data1\" content=\"1 minute\" \/>\n<script type=\"application\/ld+json\" class=\"yoast-schema-graph\">{\"@context\":\"https:\\\/\\\/schema.org\",\"@graph\":[{\"@type\":\"WebPage\",\"@id\":\"https:\\\/\\\/les-routes-buissonnieres.fr\\\/boutik\\\/produit\\\/bobine-allumage-electronique-vw-t3\\\/\",\"url\":\"https:\\\/\\\/les-routes-buissonnieres.fr\\\/boutik\\\/produit\\\/bobine-allumage-electronique-vw-t3\\\/\",\"name\":\"BOBINE ALLUMAGE \u00c9LECTRONIQUE VW T3 VALEO - La boutique LRB\",\"isPartOf\":{\"@id\":\"https:\\\/\\\/les-routes-buissonnieres.fr\\\/boutik\\\/#website\"},\"primaryImageOfPage\":{\"@id\":\"https:\\\/\\\/les-routes-buissonnieres.fr\\\/boutik\\\/produit\\\/bobine-allumage-electronique-vw-t3\\\/#primaryimage\"},\"image\":{\"@id\":\"https:\\\/\\\/les-routes-buissonnieres.fr\\\/boutik\\\/produit\\\/bobine-allumage-electronique-vw-t3\\\/#primaryimage\"},\"thumbnailUrl\":\"https:\\\/\\\/les-routes-buissonnieres.fr\\\/boutik\\\/wp-content\\\/uploads\\\/2015\\\/01\\\/bobelec.jpg\",\"datePublished\":\"2015-01-22T20:13:16+00:00\",\"dateModified\":\"2025-10-21T13:22:53+00:00\",\"description\":\"Bobine allumage 12v \u00e9lectronique VW T3 . Qualit\u00e9 monte d'origine, allumage \u00e9lectronique Bosch type TSZ. Bobine \u00e0 embout creux pour moteur 1600CT et 2LCU.\",\"breadcrumb\":{\"@id\":\"https:\\\/\\\/les-routes-buissonnieres.fr\\\/boutik\\\/produit\\\/bobine-allumage-electronique-vw-t3\\\/#breadcrumb\"},\"inLanguage\":\"fr-FR\",\"potentialAction\":[{\"@type\":\"ReadAction\",\"target\":[\"https:\\\/\\\/les-routes-buissonnieres.fr\\\/boutik\\\/produit\\\/bobine-allumage-electronique-vw-t3\\\/\"]}]},{\"@type\":\"ImageObject\",\"inLanguage\":\"fr-FR\",\"@id\":\"https:\\\/\\\/les-routes-buissonnieres.fr\\\/boutik\\\/produit\\\/bobine-allumage-electronique-vw-t3\\\/#primaryimage\",\"url\":\"https:\\\/\\\/les-routes-buissonnieres.fr\\\/boutik\\\/wp-content\\\/uploads\\\/2015\\\/01\\\/bobelec.jpg\",\"contentUrl\":\"https:\\\/\\\/les-routes-buissonnieres.fr\\\/boutik\\\/wp-content\\\/uploads\\\/2015\\\/01\\\/bobelec.jpg\",\"width\":800,\"height\":800},{\"@type\":\"BreadcrumbList\",\"@id\":\"https:\\\/\\\/les-routes-buissonnieres.fr\\\/boutik\\\/produit\\\/bobine-allumage-electronique-vw-t3\\\/#breadcrumb\",\"itemListElement\":[{\"@type\":\"ListItem\",\"position\":1,\"name\":\"Accueil\",\"item\":\"https:\\\/\\\/les-routes-buissonnieres.fr\\\/boutik\\\/\"},{\"@type\":\"ListItem\",\"position\":2,\"name\":\"Boutique\",\"item\":\"https:\\\/\\\/les-routes-buissonnieres.fr\\\/boutik\\\/\"},{\"@type\":\"ListItem\",\"position\":3,\"name\":\"BOBINE ALLUMAGE \u00c9LECTRONIQUE VW T3 VALEO\"}]},{\"@type\":\"WebSite\",\"@id\":\"https:\\\/\\\/les-routes-buissonnieres.fr\\\/boutik\\\/#website\",\"url\":\"https:\\\/\\\/les-routes-buissonnieres.fr\\\/boutik\\\/\",\"name\":\"La boutique LRB\",\"description\":\"Pi\u00e8ces d\u00e9tach\u00e9es Citro\u00ebn - VW refroidies par air\",\"publisher\":{\"@id\":\"https:\\\/\\\/les-routes-buissonnieres.fr\\\/boutik\\\/#organization\"},\"potentialAction\":[{\"@type\":\"SearchAction\",\"target\":{\"@type\":\"EntryPoint\",\"urlTemplate\":\"https:\\\/\\\/les-routes-buissonnieres.fr\\\/boutik\\\/?s={search_term_string}\"},\"query-input\":{\"@type\":\"PropertyValueSpecification\",\"valueRequired\":true,\"valueName\":\"search_term_string\"}}],\"inLanguage\":\"fr-FR\"},{\"@type\":\"Organization\",\"@id\":\"https:\\\/\\\/les-routes-buissonnieres.fr\\\/boutik\\\/#organization\",\"name\":\"La boutique LRB\",\"url\":\"https:\\\/\\\/les-routes-buissonnieres.fr\\\/boutik\\\/\",\"logo\":{\"@type\":\"ImageObject\",\"inLanguage\":\"fr-FR\",\"@id\":\"https:\\\/\\\/les-routes-buissonnieres.fr\\\/boutik\\\/#\\\/schema\\\/logo\\\/image\\\/\",\"url\":\"https:\\\/\\\/les-routes-buissonnieres.fr\\\/boutik\\\/wp-content\\\/uploads\\\/2023\\\/11\\\/cropped-logo-a-et-c-2023-orange.png\",\"contentUrl\":\"https:\\\/\\\/les-routes-buissonnieres.fr\\\/boutik\\\/wp-content\\\/uploads\\\/2023\\\/11\\\/cropped-logo-a-et-c-2023-orange.png\",\"width\":300,\"height\":176,\"caption\":\"La boutique LRB\"},\"image\":{\"@id\":\"https:\\\/\\\/les-routes-buissonnieres.fr\\\/boutik\\\/#\\\/schema\\\/logo\\\/image\\\/\"}}]}<\/script>\n<!-- \/ Yoast SEO plugin. -->","yoast_head_json":{"title":"BOBINE ALLUMAGE \u00c9LECTRONIQUE VW T3 VALEO - La boutique LRB","description":"Bobine allumage 12v \u00e9lectronique VW T3 . Qualit\u00e9 monte d'origine, allumage \u00e9lectronique Bosch type TSZ. Bobine \u00e0 embout creux pour moteur 1600CT et 2LCU.","robots":{"index":"index","follow":"follow","max-snippet":"max-snippet:-1","max-image-preview":"max-image-preview:large","max-video-preview":"max-video-preview:-1"},"canonical":"https:\/\/les-routes-buissonnieres.fr\/boutik\/produit\/bobine-allumage-electronique-vw-t3\/","og_locale":"fr_FR","og_type":"article","og_title":"BOBINE ALLUMAGE \u00c9LECTRONIQUE VW T3 VALEO - La boutique LRB","og_description":"Bobine allumage 12v \u00e9lectronique VW T3 . Qualit\u00e9 monte d'origine, allumage \u00e9lectronique Bosch type TSZ. Bobine \u00e0 embout creux pour moteur 1600CT et 2LCU.","og_url":"https:\/\/les-routes-buissonnieres.fr\/boutik\/produit\/bobine-allumage-electronique-vw-t3\/","og_site_name":"La boutique LRB","article_modified_time":"2025-10-21T13:22:53+00:00","og_image":[{"width":800,"height":800,"url":"https:\/\/les-routes-buissonnieres.fr\/boutik\/wp-content\/uploads\/2015\/01\/bobelec.jpg","type":"image\/jpeg"}],"twitter_card":"summary_large_image","twitter_misc":{"Dur\u00e9e de lecture estim\u00e9e":"1 minute"},"schema":{"@context":"https:\/\/schema.org","@graph":[{"@type":"WebPage","@id":"https:\/\/les-routes-buissonnieres.fr\/boutik\/produit\/bobine-allumage-electronique-vw-t3\/","url":"https:\/\/les-routes-buissonnieres.fr\/boutik\/produit\/bobine-allumage-electronique-vw-t3\/","name":"BOBINE ALLUMAGE \u00c9LECTRONIQUE VW T3 VALEO - La boutique LRB","isPartOf":{"@id":"https:\/\/les-routes-buissonnieres.fr\/boutik\/#website"},"primaryImageOfPage":{"@id":"https:\/\/les-routes-buissonnieres.fr\/boutik\/produit\/bobine-allumage-electronique-vw-t3\/#primaryimage"},"image":{"@id":"https:\/\/les-routes-buissonnieres.fr\/boutik\/produit\/bobine-allumage-electronique-vw-t3\/#primaryimage"},"thumbnailUrl":"https:\/\/les-routes-buissonnieres.fr\/boutik\/wp-content\/uploads\/2015\/01\/bobelec.jpg","datePublished":"2015-01-22T20:13:16+00:00","dateModified":"2025-10-21T13:22:53+00:00","description":"Bobine allumage 12v \u00e9lectronique VW T3 . Qualit\u00e9 monte d'origine, allumage \u00e9lectronique Bosch type TSZ. Bobine \u00e0 embout creux pour moteur 1600CT et 2LCU.","breadcrumb":{"@id":"https:\/\/les-routes-buissonnieres.fr\/boutik\/produit\/bobine-allumage-electronique-vw-t3\/#breadcrumb"},"inLanguage":"fr-FR","potentialAction":[{"@type":"ReadAction","target":["https:\/\/les-routes-buissonnieres.fr\/boutik\/produit\/bobine-allumage-electronique-vw-t3\/"]}]},{"@type":"ImageObject","inLanguage":"fr-FR","@id":"https:\/\/les-routes-buissonnieres.fr\/boutik\/produit\/bobine-allumage-electronique-vw-t3\/#primaryimage","url":"https:\/\/les-routes-buissonnieres.fr\/boutik\/wp-content\/uploads\/2015\/01\/bobelec.jpg","contentUrl":"https:\/\/les-routes-buissonnieres.fr\/boutik\/wp-content\/uploads\/2015\/01\/bobelec.jpg","width":800,"height":800},{"@type":"BreadcrumbList","@id":"https:\/\/les-routes-buissonnieres.fr\/boutik\/produit\/bobine-allumage-electronique-vw-t3\/#breadcrumb","itemListElement":[{"@type":"ListItem","position":1,"name":"Accueil","item":"https:\/\/les-routes-buissonnieres.fr\/boutik\/"},{"@type":"ListItem","position":2,"name":"Boutique","item":"https:\/\/les-routes-buissonnieres.fr\/boutik\/"},{"@type":"ListItem","position":3,"name":"BOBINE ALLUMAGE \u00c9LECTRONIQUE VW T3 VALEO"}]},{"@type":"WebSite","@id":"https:\/\/les-routes-buissonnieres.fr\/boutik\/#website","url":"https:\/\/les-routes-buissonnieres.fr\/boutik\/","name":"La boutique LRB","description":"Pi\u00e8ces d\u00e9tach\u00e9es Citro\u00ebn - VW refroidies par air","publisher":{"@id":"https:\/\/les-routes-buissonnieres.fr\/boutik\/#organization"},"potentialAction":[{"@type":"SearchAction","target":{"@type":"EntryPoint","urlTemplate":"https:\/\/les-routes-buissonnieres.fr\/boutik\/?s={search_term_string}"},"query-input":{"@type":"PropertyValueSpecification","valueRequired":true,"valueName":"search_term_string"}}],"inLanguage":"fr-FR"},{"@type":"Organization","@id":"https:\/\/les-routes-buissonnieres.fr\/boutik\/#organization","name":"La boutique LRB","url":"https:\/\/les-routes-buissonnieres.fr\/boutik\/","logo":{"@type":"ImageObject","inLanguage":"fr-FR","@id":"https:\/\/les-routes-buissonnieres.fr\/boutik\/#\/schema\/logo\/image\/","url":"https:\/\/les-routes-buissonnieres.fr\/boutik\/wp-content\/uploads\/2023\/11\/cropped-logo-a-et-c-2023-orange.png","contentUrl":"https:\/\/les-routes-buissonnieres.fr\/boutik\/wp-content\/uploads\/2023\/11\/cropped-logo-a-et-c-2023-orange.png","width":300,"height":176,"caption":"La boutique LRB"},"image":{"@id":"https:\/\/les-routes-buissonnieres.fr\/boutik\/#\/schema\/logo\/image\/"}}]}},"_links":{"self":[{"href":"https:\/\/les-routes-buissonnieres.fr\/boutik\/wp-json\/wp\/v2\/product\/3235","targetHints":{"allow":["GET"]}}],"collection":[{"href":"https:\/\/les-routes-buissonnieres.fr\/boutik\/wp-json\/wp\/v2\/product"}],"about":[{"href":"https:\/\/les-routes-buissonnieres.fr\/boutik\/wp-json\/wp\/v2\/types\/product"}],"wp:featuredmedia":[{"embeddable":true,"href":"https:\/\/les-routes-buissonnieres.fr\/boutik\/wp-json\/wp\/v2\/media\/64326"}],"wp:attachment":[{"href":"https:\/\/les-routes-buissonnieres.fr\/boutik\/wp-json\/wp\/v2\/media?parent=3235"}],"wp:term":[{"taxonomy":"product_brand","embeddable":true,"href":"https:\/\/les-routes-buissonnieres.fr\/boutik\/wp-json\/wp\/v2\/product_brand?post=3235"},{"taxonomy":"product_cat","embeddable":true,"href":"https:\/\/les-routes-buissonnieres.fr\/boutik\/wp-json\/wp\/v2\/product_cat?post=3235"},{"taxonomy":"product_tag","embeddable":true,"href":"https:\/\/les-routes-buissonnieres.fr\/boutik\/wp-json\/wp\/v2\/product_tag?post=3235"}],"curies":[{"name":"wp","href":"https:\/\/api.w.org\/{rel}","templated":true}]}}