{"id":3554,"date":"2015-03-15T16:59:55","date_gmt":"2015-03-15T15:59:55","guid":{"rendered":"http:\/\/ailettes-et-carbus.fr\/produit\/kit-embrayage-200mm-guide-valeo\/"},"modified":"2026-01-27T15:08:40","modified_gmt":"2026-01-27T14:08:40","slug":"kit-embrayage-cox-combi","status":"publish","type":"product","link":"https:\/\/les-routes-buissonnieres.fr\/boutik\/produit\/kit-embrayage-cox-combi\/","title":{"rendered":"KIT EMBRAYAGE COX COMBI GUID\u00c9 200MM Q+"},"content":{"rendered":"<p>Kit embrayage guid\u00e9 cox combi 200mm Q+.<\/p>\n<p>L&rsquo;approvisionnement en pi\u00e8ces de qualit\u00e9 devient de plus en plus compliqu\u00e9. Les fournisseurs d&rsquo;\u00e9poque arr\u00eatent petit \u00e0 petit la production de certaines r\u00e9f\u00e9rences, et pour celles qui restent encore au catalogue, les prix s&rsquo;envolent!<\/p>\n<p>C&rsquo;est pourquoi nous avons d\u00e9cid\u00e9 de cr\u00e9er notre propre kit. En \u00e9pluchant les offres de nos fournisseurs et partenaires, nous avons trouv\u00e9 de quoi vous proposer un kit embrayage complet de bonne qualit\u00e9.<\/p>\n<p>&nbsp;<\/p>\n<p>Ce kit est un assemblage de diverses pi\u00e8ces que nous avons s\u00e9lectionn\u00e9. Le disque d&#8217;embrayage ainsi que le m\u00e9canisme sont de provenance <a href=\"https:\/\/www.bbt4vw.com\/\">BBT<\/a> et sont de fabrication <a href=\"https:\/\/aftermarket.zf.com\/fr\/portail-aftermarket\/nos-marques\/sachs\/\">SACHS<\/a>.<\/p>\n<p>Concernant la but\u00e9e, elle est en provenance de <a href=\"https:\/\/www.febi.com\/fr\/\">Febi Bilstein<\/a>.<\/p>\n<p>Un ensemble d&rsquo;un tr\u00e8s bon rapport qualit\u00e9-prix. Si vous recherchez un kit kit embrayage cox combi fiable sans vous ruiner, optez pour celui-ci.<\/p>\n<p>But\u00e9e : guid\u00e9e<br \/>\nDiam\u00e8tre : 200 mm<\/p>\n<p>Convient aux VW:<\/p>\n<ul>\n<li>coccinelle 1200 (moteur D 1 455 271 et apr\u00e8s)<\/li>\n<li>Coccinelle 1500 et 1600<\/li>\n<li>Combi \u00e0 partir de\u00a0 1975<\/li>\n<li>type 3 \u00e0 partir de 8.1970<\/li>\n<\/ul>\n<p>Dans tous les cas, v\u00e9rifiez bien votre montage actuel avant de passer commande. Nous conseillons de d\u00e9monter votre embrayage \u00e0 remplacer avant de passer commande.<\/p>\n<p>En effet, de nombreux v\u00e9hicules ne sont plus conforme \u00e0 leur sortie d&rsquo;usine. De ce fait il est tr\u00e8s fr\u00e9quent de trouver un mod\u00e8le diff\u00e9rent de celui qui logiquement doit \u00e9quiper votre cox ou votre combi.<\/p>\n<p>Petit conseil : profitez de la d\u00e9pose de votre embrayage pour v\u00e9rifier l&rsquo;\u00e9tat <a href=\"https:\/\/les-routes-buissonnieres.fr\/boutik\/produit\/joint-spi-vilebrequin-cox-combi-t3\/\"><strong>du joint spi de vilebrequin<\/strong><\/a> et \u00e9galement celui du <a href=\"https:\/\/les-routes-buissonnieres.fr\/boutik\/produit\/joint-torique-volant-moteur-cox-combi-t3\/\"><strong>joint torique de volant moteur.<\/strong><\/a><\/p>\n<p>Dans le m\u00eame ordre d&rsquo;id\u00e9e, n&rsquo;h\u00e9sitez pas \u00e0 v\u00e9rifier \u00e9galement le bon \u00e9tat du <a href=\"https:\/\/les-routes-buissonnieres.fr\/boutik\/produit\/joint-spi-arbre-primaire-cox-combi-t3\/\"><strong>joint spi d&rsquo;arbre primaire<\/strong> <\/a>c\u00f4t\u00e9 boite de vitesses.<\/p>\n<p>Ce serait dommage de remonter un embrayage neuf avec des fuites potentiels \u00e0 ces endroits.<\/p>\n<p>D&rsquo;autant plus, que le remplacement de ces petites pi\u00e8ces oblige \u00e0 d\u00e9poser le moteur, il est donc plus prudent d&rsquo;effectuer tout ces contr\u00f4les lors du remplacement de l&#8217;embrayage.<\/p>\n","protected":false},"excerpt":{"rendered":"<p>Kit embrayage guid\u00e9 cox combi 200mm Q+. Tr\u00e8s bon rapport qualit\u00e9-prix.<\/p>\n","protected":false},"featured_media":64806,"template":"","meta":[],"product_brand":[],"product_cat":[82,84,55,2140,25,26,1988,27],"product_tag":[],"class_list":{"0":"post-3554","1":"product","2":"type-product","3":"status-publish","4":"has-post-thumbnail","6":"product_cat-cv110-boite-de-vitesse-et-embrayage","7":"product_cat-cv75-boite-de-vitesse-et-embrayage","8":"product_cat-cv96-boite-de-vitesse-et-embrayage","9":"product_cat-boite-de-vitesses-et-embrayage-clipper","10":"product_cat-pieces-vw-coccinelle-type-1","11":"product_cat-pieces-vw-combi-bay-window-type-2","12":"product_cat-pieces-vw-combi-bresilien-split-clipper","13":"product_cat-piece-vw-combi-split-type-2","15":"first","16":"instock","17":"featured","18":"taxable","19":"shipping-taxable","20":"purchasable","21":"product-type-simple"},"yoast_head":"<!-- This site is optimized with the Yoast SEO plugin v27.4 - https:\/\/yoast.com\/product\/yoast-seo-wordpress\/ -->\n<title>KIT EMBRAYAGE COX COMBI GUID\u00c9 200MM Q+ - La boutique LRB<\/title>\n<meta name=\"description\" content=\"Kit embrayage cox combi guid\u00e9 200mm. Bon rapport qualit\u00e9-prix. Disque et m\u00e9canisme fabrication SACHS pour BBT. But\u00e9e FEBI BILSTEIN.\" \/>\n<meta name=\"robots\" content=\"index, follow, max-snippet:-1, max-image-preview:large, max-video-preview:-1\" \/>\n<link rel=\"canonical\" href=\"https:\/\/les-routes-buissonnieres.fr\/boutik\/produit\/kit-embrayage-cox-combi\/\" \/>\n<meta property=\"og:locale\" content=\"fr_FR\" \/>\n<meta property=\"og:type\" content=\"article\" \/>\n<meta property=\"og:title\" content=\"KIT EMBRAYAGE COX COMBI GUID\u00c9 200MM Q+ - La boutique LRB\" \/>\n<meta property=\"og:description\" content=\"Kit embrayage cox combi guid\u00e9 200mm. Bon rapport qualit\u00e9-prix. Disque et m\u00e9canisme fabrication SACHS pour BBT. But\u00e9e FEBI BILSTEIN.\" \/>\n<meta property=\"og:url\" content=\"https:\/\/les-routes-buissonnieres.fr\/boutik\/produit\/kit-embrayage-cox-combi\/\" \/>\n<meta property=\"og:site_name\" content=\"La boutique LRB\" \/>\n<meta property=\"article:modified_time\" content=\"2026-01-27T14:08:40+00:00\" \/>\n<meta property=\"og:image\" content=\"https:\/\/les-routes-buissonnieres.fr\/boutik\/wp-content\/uploads\/2015\/03\/8.jpg\" \/>\n\t<meta property=\"og:image:width\" content=\"800\" \/>\n\t<meta property=\"og:image:height\" content=\"800\" \/>\n\t<meta property=\"og:image:type\" content=\"image\/jpeg\" \/>\n<meta name=\"twitter:card\" content=\"summary_large_image\" \/>\n<meta name=\"twitter:label1\" content=\"Dur\u00e9e de lecture estim\u00e9e\" \/>\n\t<meta name=\"twitter:data1\" content=\"2 minutes\" \/>\n<script type=\"application\/ld+json\" class=\"yoast-schema-graph\">{\"@context\":\"https:\\\/\\\/schema.org\",\"@graph\":[{\"@type\":\"WebPage\",\"@id\":\"https:\\\/\\\/les-routes-buissonnieres.fr\\\/boutik\\\/produit\\\/kit-embrayage-cox-combi\\\/\",\"url\":\"https:\\\/\\\/les-routes-buissonnieres.fr\\\/boutik\\\/produit\\\/kit-embrayage-cox-combi\\\/\",\"name\":\"KIT EMBRAYAGE COX COMBI GUID\u00c9 200MM Q+ - La boutique LRB\",\"isPartOf\":{\"@id\":\"https:\\\/\\\/les-routes-buissonnieres.fr\\\/boutik\\\/#website\"},\"primaryImageOfPage\":{\"@id\":\"https:\\\/\\\/les-routes-buissonnieres.fr\\\/boutik\\\/produit\\\/kit-embrayage-cox-combi\\\/#primaryimage\"},\"image\":{\"@id\":\"https:\\\/\\\/les-routes-buissonnieres.fr\\\/boutik\\\/produit\\\/kit-embrayage-cox-combi\\\/#primaryimage\"},\"thumbnailUrl\":\"https:\\\/\\\/les-routes-buissonnieres.fr\\\/boutik\\\/wp-content\\\/uploads\\\/2015\\\/03\\\/8.jpg\",\"datePublished\":\"2015-03-15T15:59:55+00:00\",\"dateModified\":\"2026-01-27T14:08:40+00:00\",\"description\":\"Kit embrayage cox combi guid\u00e9 200mm. Bon rapport qualit\u00e9-prix. Disque et m\u00e9canisme fabrication SACHS pour BBT. But\u00e9e FEBI BILSTEIN.\",\"breadcrumb\":{\"@id\":\"https:\\\/\\\/les-routes-buissonnieres.fr\\\/boutik\\\/produit\\\/kit-embrayage-cox-combi\\\/#breadcrumb\"},\"inLanguage\":\"fr-FR\",\"potentialAction\":[{\"@type\":\"ReadAction\",\"target\":[\"https:\\\/\\\/les-routes-buissonnieres.fr\\\/boutik\\\/produit\\\/kit-embrayage-cox-combi\\\/\"]}]},{\"@type\":\"ImageObject\",\"inLanguage\":\"fr-FR\",\"@id\":\"https:\\\/\\\/les-routes-buissonnieres.fr\\\/boutik\\\/produit\\\/kit-embrayage-cox-combi\\\/#primaryimage\",\"url\":\"https:\\\/\\\/les-routes-buissonnieres.fr\\\/boutik\\\/wp-content\\\/uploads\\\/2015\\\/03\\\/8.jpg\",\"contentUrl\":\"https:\\\/\\\/les-routes-buissonnieres.fr\\\/boutik\\\/wp-content\\\/uploads\\\/2015\\\/03\\\/8.jpg\",\"width\":800,\"height\":800,\"caption\":\"kit embrayage cox combi\"},{\"@type\":\"BreadcrumbList\",\"@id\":\"https:\\\/\\\/les-routes-buissonnieres.fr\\\/boutik\\\/produit\\\/kit-embrayage-cox-combi\\\/#breadcrumb\",\"itemListElement\":[{\"@type\":\"ListItem\",\"position\":1,\"name\":\"Accueil\",\"item\":\"https:\\\/\\\/les-routes-buissonnieres.fr\\\/boutik\\\/\"},{\"@type\":\"ListItem\",\"position\":2,\"name\":\"Boutique\",\"item\":\"https:\\\/\\\/les-routes-buissonnieres.fr\\\/boutik\\\/\"},{\"@type\":\"ListItem\",\"position\":3,\"name\":\"KIT EMBRAYAGE COX COMBI GUID\u00c9 200MM Q+\"}]},{\"@type\":\"WebSite\",\"@id\":\"https:\\\/\\\/les-routes-buissonnieres.fr\\\/boutik\\\/#website\",\"url\":\"https:\\\/\\\/les-routes-buissonnieres.fr\\\/boutik\\\/\",\"name\":\"La boutique LRB\",\"description\":\"Pi\u00e8ces d\u00e9tach\u00e9es Citro\u00ebn - VW refroidies par air\",\"publisher\":{\"@id\":\"https:\\\/\\\/les-routes-buissonnieres.fr\\\/boutik\\\/#organization\"},\"potentialAction\":[{\"@type\":\"SearchAction\",\"target\":{\"@type\":\"EntryPoint\",\"urlTemplate\":\"https:\\\/\\\/les-routes-buissonnieres.fr\\\/boutik\\\/?s={search_term_string}\"},\"query-input\":{\"@type\":\"PropertyValueSpecification\",\"valueRequired\":true,\"valueName\":\"search_term_string\"}}],\"inLanguage\":\"fr-FR\"},{\"@type\":\"Organization\",\"@id\":\"https:\\\/\\\/les-routes-buissonnieres.fr\\\/boutik\\\/#organization\",\"name\":\"La boutique LRB\",\"url\":\"https:\\\/\\\/les-routes-buissonnieres.fr\\\/boutik\\\/\",\"logo\":{\"@type\":\"ImageObject\",\"inLanguage\":\"fr-FR\",\"@id\":\"https:\\\/\\\/les-routes-buissonnieres.fr\\\/boutik\\\/#\\\/schema\\\/logo\\\/image\\\/\",\"url\":\"https:\\\/\\\/les-routes-buissonnieres.fr\\\/boutik\\\/wp-content\\\/uploads\\\/2023\\\/11\\\/cropped-logo-a-et-c-2023-orange.png\",\"contentUrl\":\"https:\\\/\\\/les-routes-buissonnieres.fr\\\/boutik\\\/wp-content\\\/uploads\\\/2023\\\/11\\\/cropped-logo-a-et-c-2023-orange.png\",\"width\":300,\"height\":176,\"caption\":\"La boutique LRB\"},\"image\":{\"@id\":\"https:\\\/\\\/les-routes-buissonnieres.fr\\\/boutik\\\/#\\\/schema\\\/logo\\\/image\\\/\"}}]}<\/script>\n<!-- \/ Yoast SEO plugin. -->","yoast_head_json":{"title":"KIT EMBRAYAGE COX COMBI GUID\u00c9 200MM Q+ - La boutique LRB","description":"Kit embrayage cox combi guid\u00e9 200mm. Bon rapport qualit\u00e9-prix. Disque et m\u00e9canisme fabrication SACHS pour BBT. But\u00e9e FEBI BILSTEIN.","robots":{"index":"index","follow":"follow","max-snippet":"max-snippet:-1","max-image-preview":"max-image-preview:large","max-video-preview":"max-video-preview:-1"},"canonical":"https:\/\/les-routes-buissonnieres.fr\/boutik\/produit\/kit-embrayage-cox-combi\/","og_locale":"fr_FR","og_type":"article","og_title":"KIT EMBRAYAGE COX COMBI GUID\u00c9 200MM Q+ - La boutique LRB","og_description":"Kit embrayage cox combi guid\u00e9 200mm. Bon rapport qualit\u00e9-prix. Disque et m\u00e9canisme fabrication SACHS pour BBT. But\u00e9e FEBI BILSTEIN.","og_url":"https:\/\/les-routes-buissonnieres.fr\/boutik\/produit\/kit-embrayage-cox-combi\/","og_site_name":"La boutique LRB","article_modified_time":"2026-01-27T14:08:40+00:00","og_image":[{"width":800,"height":800,"url":"https:\/\/les-routes-buissonnieres.fr\/boutik\/wp-content\/uploads\/2015\/03\/8.jpg","type":"image\/jpeg"}],"twitter_card":"summary_large_image","twitter_misc":{"Dur\u00e9e de lecture estim\u00e9e":"2 minutes"},"schema":{"@context":"https:\/\/schema.org","@graph":[{"@type":"WebPage","@id":"https:\/\/les-routes-buissonnieres.fr\/boutik\/produit\/kit-embrayage-cox-combi\/","url":"https:\/\/les-routes-buissonnieres.fr\/boutik\/produit\/kit-embrayage-cox-combi\/","name":"KIT EMBRAYAGE COX COMBI GUID\u00c9 200MM Q+ - La boutique LRB","isPartOf":{"@id":"https:\/\/les-routes-buissonnieres.fr\/boutik\/#website"},"primaryImageOfPage":{"@id":"https:\/\/les-routes-buissonnieres.fr\/boutik\/produit\/kit-embrayage-cox-combi\/#primaryimage"},"image":{"@id":"https:\/\/les-routes-buissonnieres.fr\/boutik\/produit\/kit-embrayage-cox-combi\/#primaryimage"},"thumbnailUrl":"https:\/\/les-routes-buissonnieres.fr\/boutik\/wp-content\/uploads\/2015\/03\/8.jpg","datePublished":"2015-03-15T15:59:55+00:00","dateModified":"2026-01-27T14:08:40+00:00","description":"Kit embrayage cox combi guid\u00e9 200mm. Bon rapport qualit\u00e9-prix. Disque et m\u00e9canisme fabrication SACHS pour BBT. But\u00e9e FEBI BILSTEIN.","breadcrumb":{"@id":"https:\/\/les-routes-buissonnieres.fr\/boutik\/produit\/kit-embrayage-cox-combi\/#breadcrumb"},"inLanguage":"fr-FR","potentialAction":[{"@type":"ReadAction","target":["https:\/\/les-routes-buissonnieres.fr\/boutik\/produit\/kit-embrayage-cox-combi\/"]}]},{"@type":"ImageObject","inLanguage":"fr-FR","@id":"https:\/\/les-routes-buissonnieres.fr\/boutik\/produit\/kit-embrayage-cox-combi\/#primaryimage","url":"https:\/\/les-routes-buissonnieres.fr\/boutik\/wp-content\/uploads\/2015\/03\/8.jpg","contentUrl":"https:\/\/les-routes-buissonnieres.fr\/boutik\/wp-content\/uploads\/2015\/03\/8.jpg","width":800,"height":800,"caption":"kit embrayage cox combi"},{"@type":"BreadcrumbList","@id":"https:\/\/les-routes-buissonnieres.fr\/boutik\/produit\/kit-embrayage-cox-combi\/#breadcrumb","itemListElement":[{"@type":"ListItem","position":1,"name":"Accueil","item":"https:\/\/les-routes-buissonnieres.fr\/boutik\/"},{"@type":"ListItem","position":2,"name":"Boutique","item":"https:\/\/les-routes-buissonnieres.fr\/boutik\/"},{"@type":"ListItem","position":3,"name":"KIT EMBRAYAGE COX COMBI GUID\u00c9 200MM Q+"}]},{"@type":"WebSite","@id":"https:\/\/les-routes-buissonnieres.fr\/boutik\/#website","url":"https:\/\/les-routes-buissonnieres.fr\/boutik\/","name":"La boutique LRB","description":"Pi\u00e8ces d\u00e9tach\u00e9es Citro\u00ebn - VW refroidies par air","publisher":{"@id":"https:\/\/les-routes-buissonnieres.fr\/boutik\/#organization"},"potentialAction":[{"@type":"SearchAction","target":{"@type":"EntryPoint","urlTemplate":"https:\/\/les-routes-buissonnieres.fr\/boutik\/?s={search_term_string}"},"query-input":{"@type":"PropertyValueSpecification","valueRequired":true,"valueName":"search_term_string"}}],"inLanguage":"fr-FR"},{"@type":"Organization","@id":"https:\/\/les-routes-buissonnieres.fr\/boutik\/#organization","name":"La boutique LRB","url":"https:\/\/les-routes-buissonnieres.fr\/boutik\/","logo":{"@type":"ImageObject","inLanguage":"fr-FR","@id":"https:\/\/les-routes-buissonnieres.fr\/boutik\/#\/schema\/logo\/image\/","url":"https:\/\/les-routes-buissonnieres.fr\/boutik\/wp-content\/uploads\/2023\/11\/cropped-logo-a-et-c-2023-orange.png","contentUrl":"https:\/\/les-routes-buissonnieres.fr\/boutik\/wp-content\/uploads\/2023\/11\/cropped-logo-a-et-c-2023-orange.png","width":300,"height":176,"caption":"La boutique LRB"},"image":{"@id":"https:\/\/les-routes-buissonnieres.fr\/boutik\/#\/schema\/logo\/image\/"}}]}},"_links":{"self":[{"href":"https:\/\/les-routes-buissonnieres.fr\/boutik\/wp-json\/wp\/v2\/product\/3554","targetHints":{"allow":["GET"]}}],"collection":[{"href":"https:\/\/les-routes-buissonnieres.fr\/boutik\/wp-json\/wp\/v2\/product"}],"about":[{"href":"https:\/\/les-routes-buissonnieres.fr\/boutik\/wp-json\/wp\/v2\/types\/product"}],"wp:featuredmedia":[{"embeddable":true,"href":"https:\/\/les-routes-buissonnieres.fr\/boutik\/wp-json\/wp\/v2\/media\/64806"}],"wp:attachment":[{"href":"https:\/\/les-routes-buissonnieres.fr\/boutik\/wp-json\/wp\/v2\/media?parent=3554"}],"wp:term":[{"taxonomy":"product_brand","embeddable":true,"href":"https:\/\/les-routes-buissonnieres.fr\/boutik\/wp-json\/wp\/v2\/product_brand?post=3554"},{"taxonomy":"product_cat","embeddable":true,"href":"https:\/\/les-routes-buissonnieres.fr\/boutik\/wp-json\/wp\/v2\/product_cat?post=3554"},{"taxonomy":"product_tag","embeddable":true,"href":"https:\/\/les-routes-buissonnieres.fr\/boutik\/wp-json\/wp\/v2\/product_tag?post=3554"}],"curies":[{"name":"wp","href":"https:\/\/api.w.org\/{rel}","templated":true}]}}