{"id":3574,"date":"2015-02-09T15:39:59","date_gmt":"2015-02-09T14:39:59","guid":{"rendered":"http:\/\/ailettes-et-carbus.fr\/?product=joint-pour-manchon-de-boite-de-chauffage-3"},"modified":"2025-10-07T13:03:40","modified_gmt":"2025-10-07T12:03:40","slug":"joint-manchon-boite-chauffage-cox-combi-t3","status":"publish","type":"product","link":"https:\/\/les-routes-buissonnieres.fr\/boutik\/produit\/joint-manchon-boite-chauffage-cox-combi-t3\/","title":{"rendered":"JOINT MANCHON BOITE CHAUFFAGE COX COMBI Q+"},"content":{"rendered":"<p>Joint de montage du manchon de chaffage.<\/p>\n<p>Il vous en faut deux par c\u00f4t\u00e9. Un entre la boite de chauffage et le machon, un entre le manchon et la caisse ou bak\u00e9lite.<\/p>\n<p>Ne s&rsquo;utilise pas avec les manchons type Mexico.<\/p>\n","protected":false},"excerpt":{"rendered":"<p>Joint de montage du manchon de chaffage. Il vous en faut deux par c\u00f4t\u00e9. Un entre la boite de chauffage et le machon, un entre le manchon et la caisse ou bak\u00e9lite. Ne s&rsquo;utilise pas avec les manchons type Mexico.<\/p>\n","protected":false},"featured_media":3428,"template":"","meta":[],"product_brand":[],"product_cat":[580,67,93,53,25,26,27],"product_tag":[582,224,946,949,951,220,218,947,223],"class_list":{"0":"post-3574","1":"product","2":"type-product","3":"status-publish","4":"has-post-thumbnail","6":"product_cat-bonnes-affaires","7":"product_cat-cv108-refroidissement-et-chauffage","8":"product_cat-cv84-refroidissement-et-chauffage","9":"product_cat-cv94-refroidissement-et-chauffage","10":"product_cat-pieces-vw-coccinelle-type-1","11":"product_cat-pieces-vw-combi-bay-window-type-2","12":"product_cat-piece-vw-combi-split-type-2","13":"product_tag-aircooled","14":"product_tag-bay-window","15":"product_tag-boite-de-chauffage","16":"product_tag-chauffage","17":"product_tag-cocinelle","18":"product_tag-combi","19":"product_tag-cox","20":"product_tag-manchon-de-chauffage","21":"product_tag-vw","23":"first","24":"instock","25":"sale","26":"featured","27":"taxable","28":"shipping-taxable","29":"purchasable","30":"product-type-simple"},"yoast_head":"<!-- This site is optimized with the Yoast SEO plugin v27.4 - https:\/\/yoast.com\/product\/yoast-seo-wordpress\/ -->\n<title>JOINT MANCHON BOITE CHAUFFAGE COX COMBI Q+ - La boutique LRB<\/title>\n<meta name=\"robots\" content=\"index, follow, max-snippet:-1, max-image-preview:large, max-video-preview:-1\" \/>\n<link rel=\"canonical\" href=\"https:\/\/les-routes-buissonnieres.fr\/boutik\/produit\/joint-manchon-boite-chauffage-cox-combi-t3\/\" \/>\n<meta property=\"og:locale\" content=\"fr_FR\" \/>\n<meta property=\"og:type\" content=\"article\" \/>\n<meta property=\"og:title\" content=\"JOINT MANCHON BOITE CHAUFFAGE COX COMBI Q+ - La boutique LRB\" \/>\n<meta property=\"og:description\" content=\"Joint de montage du manchon de chaffage. Il vous en faut deux par c\u00f4t\u00e9. Un entre la boite de chauffage et le machon, un entre le manchon et la caisse ou bak\u00e9lite. Ne s&rsquo;utilise pas avec les manchons type Mexico.\" \/>\n<meta property=\"og:url\" content=\"https:\/\/les-routes-buissonnieres.fr\/boutik\/produit\/joint-manchon-boite-chauffage-cox-combi-t3\/\" \/>\n<meta property=\"og:site_name\" content=\"La boutique LRB\" \/>\n<meta property=\"article:modified_time\" content=\"2025-10-07T12:03:40+00:00\" \/>\n<meta property=\"og:image\" content=\"https:\/\/les-routes-buissonnieres.fr\/boutik\/wp-content\/uploads\/2015\/02\/JOINT_POUR_MANCH_54d8d4cf7153b.jpg\" \/>\n\t<meta property=\"og:image:width\" content=\"709\" \/>\n\t<meta property=\"og:image:height\" content=\"531\" \/>\n\t<meta property=\"og:image:type\" content=\"image\/jpeg\" \/>\n<meta name=\"twitter:card\" content=\"summary_large_image\" \/>\n<script type=\"application\/ld+json\" class=\"yoast-schema-graph\">{\"@context\":\"https:\\\/\\\/schema.org\",\"@graph\":[{\"@type\":\"WebPage\",\"@id\":\"https:\\\/\\\/les-routes-buissonnieres.fr\\\/boutik\\\/produit\\\/joint-manchon-boite-chauffage-cox-combi-t3\\\/\",\"url\":\"https:\\\/\\\/les-routes-buissonnieres.fr\\\/boutik\\\/produit\\\/joint-manchon-boite-chauffage-cox-combi-t3\\\/\",\"name\":\"JOINT MANCHON BOITE CHAUFFAGE COX COMBI Q+ - La boutique LRB\",\"isPartOf\":{\"@id\":\"https:\\\/\\\/les-routes-buissonnieres.fr\\\/boutik\\\/#website\"},\"primaryImageOfPage\":{\"@id\":\"https:\\\/\\\/les-routes-buissonnieres.fr\\\/boutik\\\/produit\\\/joint-manchon-boite-chauffage-cox-combi-t3\\\/#primaryimage\"},\"image\":{\"@id\":\"https:\\\/\\\/les-routes-buissonnieres.fr\\\/boutik\\\/produit\\\/joint-manchon-boite-chauffage-cox-combi-t3\\\/#primaryimage\"},\"thumbnailUrl\":\"https:\\\/\\\/les-routes-buissonnieres.fr\\\/boutik\\\/wp-content\\\/uploads\\\/2015\\\/02\\\/JOINT_POUR_MANCH_54d8d4cf7153b.jpg\",\"datePublished\":\"2015-02-09T14:39:59+00:00\",\"dateModified\":\"2025-10-07T12:03:40+00:00\",\"breadcrumb\":{\"@id\":\"https:\\\/\\\/les-routes-buissonnieres.fr\\\/boutik\\\/produit\\\/joint-manchon-boite-chauffage-cox-combi-t3\\\/#breadcrumb\"},\"inLanguage\":\"fr-FR\",\"potentialAction\":[{\"@type\":\"ReadAction\",\"target\":[\"https:\\\/\\\/les-routes-buissonnieres.fr\\\/boutik\\\/produit\\\/joint-manchon-boite-chauffage-cox-combi-t3\\\/\"]}]},{\"@type\":\"ImageObject\",\"inLanguage\":\"fr-FR\",\"@id\":\"https:\\\/\\\/les-routes-buissonnieres.fr\\\/boutik\\\/produit\\\/joint-manchon-boite-chauffage-cox-combi-t3\\\/#primaryimage\",\"url\":\"https:\\\/\\\/les-routes-buissonnieres.fr\\\/boutik\\\/wp-content\\\/uploads\\\/2015\\\/02\\\/JOINT_POUR_MANCH_54d8d4cf7153b.jpg\",\"contentUrl\":\"https:\\\/\\\/les-routes-buissonnieres.fr\\\/boutik\\\/wp-content\\\/uploads\\\/2015\\\/02\\\/JOINT_POUR_MANCH_54d8d4cf7153b.jpg\",\"width\":709,\"height\":531},{\"@type\":\"BreadcrumbList\",\"@id\":\"https:\\\/\\\/les-routes-buissonnieres.fr\\\/boutik\\\/produit\\\/joint-manchon-boite-chauffage-cox-combi-t3\\\/#breadcrumb\",\"itemListElement\":[{\"@type\":\"ListItem\",\"position\":1,\"name\":\"Accueil\",\"item\":\"https:\\\/\\\/les-routes-buissonnieres.fr\\\/boutik\\\/\"},{\"@type\":\"ListItem\",\"position\":2,\"name\":\"Boutique\",\"item\":\"https:\\\/\\\/les-routes-buissonnieres.fr\\\/boutik\\\/\"},{\"@type\":\"ListItem\",\"position\":3,\"name\":\"JOINT MANCHON BOITE CHAUFFAGE COX COMBI Q+\"}]},{\"@type\":\"WebSite\",\"@id\":\"https:\\\/\\\/les-routes-buissonnieres.fr\\\/boutik\\\/#website\",\"url\":\"https:\\\/\\\/les-routes-buissonnieres.fr\\\/boutik\\\/\",\"name\":\"La boutique LRB\",\"description\":\"Pi\u00e8ces d\u00e9tach\u00e9es Citro\u00ebn - VW refroidies par air\",\"publisher\":{\"@id\":\"https:\\\/\\\/les-routes-buissonnieres.fr\\\/boutik\\\/#organization\"},\"potentialAction\":[{\"@type\":\"SearchAction\",\"target\":{\"@type\":\"EntryPoint\",\"urlTemplate\":\"https:\\\/\\\/les-routes-buissonnieres.fr\\\/boutik\\\/?s={search_term_string}\"},\"query-input\":{\"@type\":\"PropertyValueSpecification\",\"valueRequired\":true,\"valueName\":\"search_term_string\"}}],\"inLanguage\":\"fr-FR\"},{\"@type\":\"Organization\",\"@id\":\"https:\\\/\\\/les-routes-buissonnieres.fr\\\/boutik\\\/#organization\",\"name\":\"La boutique LRB\",\"url\":\"https:\\\/\\\/les-routes-buissonnieres.fr\\\/boutik\\\/\",\"logo\":{\"@type\":\"ImageObject\",\"inLanguage\":\"fr-FR\",\"@id\":\"https:\\\/\\\/les-routes-buissonnieres.fr\\\/boutik\\\/#\\\/schema\\\/logo\\\/image\\\/\",\"url\":\"https:\\\/\\\/les-routes-buissonnieres.fr\\\/boutik\\\/wp-content\\\/uploads\\\/2023\\\/11\\\/cropped-logo-a-et-c-2023-orange.png\",\"contentUrl\":\"https:\\\/\\\/les-routes-buissonnieres.fr\\\/boutik\\\/wp-content\\\/uploads\\\/2023\\\/11\\\/cropped-logo-a-et-c-2023-orange.png\",\"width\":300,\"height\":176,\"caption\":\"La boutique LRB\"},\"image\":{\"@id\":\"https:\\\/\\\/les-routes-buissonnieres.fr\\\/boutik\\\/#\\\/schema\\\/logo\\\/image\\\/\"}}]}<\/script>\n<!-- \/ Yoast SEO plugin. -->","yoast_head_json":{"title":"JOINT MANCHON BOITE CHAUFFAGE COX COMBI Q+ - La boutique LRB","robots":{"index":"index","follow":"follow","max-snippet":"max-snippet:-1","max-image-preview":"max-image-preview:large","max-video-preview":"max-video-preview:-1"},"canonical":"https:\/\/les-routes-buissonnieres.fr\/boutik\/produit\/joint-manchon-boite-chauffage-cox-combi-t3\/","og_locale":"fr_FR","og_type":"article","og_title":"JOINT MANCHON BOITE CHAUFFAGE COX COMBI Q+ - La boutique LRB","og_description":"Joint de montage du manchon de chaffage. Il vous en faut deux par c\u00f4t\u00e9. Un entre la boite de chauffage et le machon, un entre le manchon et la caisse ou bak\u00e9lite. Ne s&rsquo;utilise pas avec les manchons type Mexico.","og_url":"https:\/\/les-routes-buissonnieres.fr\/boutik\/produit\/joint-manchon-boite-chauffage-cox-combi-t3\/","og_site_name":"La boutique LRB","article_modified_time":"2025-10-07T12:03:40+00:00","og_image":[{"width":709,"height":531,"url":"https:\/\/les-routes-buissonnieres.fr\/boutik\/wp-content\/uploads\/2015\/02\/JOINT_POUR_MANCH_54d8d4cf7153b.jpg","type":"image\/jpeg"}],"twitter_card":"summary_large_image","schema":{"@context":"https:\/\/schema.org","@graph":[{"@type":"WebPage","@id":"https:\/\/les-routes-buissonnieres.fr\/boutik\/produit\/joint-manchon-boite-chauffage-cox-combi-t3\/","url":"https:\/\/les-routes-buissonnieres.fr\/boutik\/produit\/joint-manchon-boite-chauffage-cox-combi-t3\/","name":"JOINT MANCHON BOITE CHAUFFAGE COX COMBI Q+ - La boutique LRB","isPartOf":{"@id":"https:\/\/les-routes-buissonnieres.fr\/boutik\/#website"},"primaryImageOfPage":{"@id":"https:\/\/les-routes-buissonnieres.fr\/boutik\/produit\/joint-manchon-boite-chauffage-cox-combi-t3\/#primaryimage"},"image":{"@id":"https:\/\/les-routes-buissonnieres.fr\/boutik\/produit\/joint-manchon-boite-chauffage-cox-combi-t3\/#primaryimage"},"thumbnailUrl":"https:\/\/les-routes-buissonnieres.fr\/boutik\/wp-content\/uploads\/2015\/02\/JOINT_POUR_MANCH_54d8d4cf7153b.jpg","datePublished":"2015-02-09T14:39:59+00:00","dateModified":"2025-10-07T12:03:40+00:00","breadcrumb":{"@id":"https:\/\/les-routes-buissonnieres.fr\/boutik\/produit\/joint-manchon-boite-chauffage-cox-combi-t3\/#breadcrumb"},"inLanguage":"fr-FR","potentialAction":[{"@type":"ReadAction","target":["https:\/\/les-routes-buissonnieres.fr\/boutik\/produit\/joint-manchon-boite-chauffage-cox-combi-t3\/"]}]},{"@type":"ImageObject","inLanguage":"fr-FR","@id":"https:\/\/les-routes-buissonnieres.fr\/boutik\/produit\/joint-manchon-boite-chauffage-cox-combi-t3\/#primaryimage","url":"https:\/\/les-routes-buissonnieres.fr\/boutik\/wp-content\/uploads\/2015\/02\/JOINT_POUR_MANCH_54d8d4cf7153b.jpg","contentUrl":"https:\/\/les-routes-buissonnieres.fr\/boutik\/wp-content\/uploads\/2015\/02\/JOINT_POUR_MANCH_54d8d4cf7153b.jpg","width":709,"height":531},{"@type":"BreadcrumbList","@id":"https:\/\/les-routes-buissonnieres.fr\/boutik\/produit\/joint-manchon-boite-chauffage-cox-combi-t3\/#breadcrumb","itemListElement":[{"@type":"ListItem","position":1,"name":"Accueil","item":"https:\/\/les-routes-buissonnieres.fr\/boutik\/"},{"@type":"ListItem","position":2,"name":"Boutique","item":"https:\/\/les-routes-buissonnieres.fr\/boutik\/"},{"@type":"ListItem","position":3,"name":"JOINT MANCHON BOITE CHAUFFAGE COX COMBI Q+"}]},{"@type":"WebSite","@id":"https:\/\/les-routes-buissonnieres.fr\/boutik\/#website","url":"https:\/\/les-routes-buissonnieres.fr\/boutik\/","name":"La boutique LRB","description":"Pi\u00e8ces d\u00e9tach\u00e9es Citro\u00ebn - VW refroidies par air","publisher":{"@id":"https:\/\/les-routes-buissonnieres.fr\/boutik\/#organization"},"potentialAction":[{"@type":"SearchAction","target":{"@type":"EntryPoint","urlTemplate":"https:\/\/les-routes-buissonnieres.fr\/boutik\/?s={search_term_string}"},"query-input":{"@type":"PropertyValueSpecification","valueRequired":true,"valueName":"search_term_string"}}],"inLanguage":"fr-FR"},{"@type":"Organization","@id":"https:\/\/les-routes-buissonnieres.fr\/boutik\/#organization","name":"La boutique LRB","url":"https:\/\/les-routes-buissonnieres.fr\/boutik\/","logo":{"@type":"ImageObject","inLanguage":"fr-FR","@id":"https:\/\/les-routes-buissonnieres.fr\/boutik\/#\/schema\/logo\/image\/","url":"https:\/\/les-routes-buissonnieres.fr\/boutik\/wp-content\/uploads\/2023\/11\/cropped-logo-a-et-c-2023-orange.png","contentUrl":"https:\/\/les-routes-buissonnieres.fr\/boutik\/wp-content\/uploads\/2023\/11\/cropped-logo-a-et-c-2023-orange.png","width":300,"height":176,"caption":"La boutique LRB"},"image":{"@id":"https:\/\/les-routes-buissonnieres.fr\/boutik\/#\/schema\/logo\/image\/"}}]}},"_links":{"self":[{"href":"https:\/\/les-routes-buissonnieres.fr\/boutik\/wp-json\/wp\/v2\/product\/3574","targetHints":{"allow":["GET"]}}],"collection":[{"href":"https:\/\/les-routes-buissonnieres.fr\/boutik\/wp-json\/wp\/v2\/product"}],"about":[{"href":"https:\/\/les-routes-buissonnieres.fr\/boutik\/wp-json\/wp\/v2\/types\/product"}],"wp:featuredmedia":[{"embeddable":true,"href":"https:\/\/les-routes-buissonnieres.fr\/boutik\/wp-json\/wp\/v2\/media\/3428"}],"wp:attachment":[{"href":"https:\/\/les-routes-buissonnieres.fr\/boutik\/wp-json\/wp\/v2\/media?parent=3574"}],"wp:term":[{"taxonomy":"product_brand","embeddable":true,"href":"https:\/\/les-routes-buissonnieres.fr\/boutik\/wp-json\/wp\/v2\/product_brand?post=3574"},{"taxonomy":"product_cat","embeddable":true,"href":"https:\/\/les-routes-buissonnieres.fr\/boutik\/wp-json\/wp\/v2\/product_cat?post=3574"},{"taxonomy":"product_tag","embeddable":true,"href":"https:\/\/les-routes-buissonnieres.fr\/boutik\/wp-json\/wp\/v2\/product_tag?post=3574"}],"curies":[{"name":"wp","href":"https:\/\/api.w.org\/{rel}","templated":true}]}}