{"id":3730,"date":"2015-03-07T17:10:03","date_gmt":"2015-03-07T16:10:03","guid":{"rendered":"http:\/\/ailettes-et-carbus.fr\/?product=kit-embrayage-180mm-non-guide-qualite-superieure-2"},"modified":"2026-01-28T11:40:59","modified_gmt":"2026-01-28T10:40:59","slug":"kit-embrayage-combi-cox","status":"publish","type":"product","link":"https:\/\/les-routes-buissonnieres.fr\/boutik\/produit\/kit-embrayage-combi-cox\/","title":{"rendered":"KIT EMBRAYAGE COMBI COX NON GUID\u00c9 180MM Q+"},"content":{"rendered":"<div>\n<p>Kit embrayage combi cox non guid\u00e9 180mm Q+.<\/p>\n<p>L\u2019approvisionnement en pi\u00e8ces de qualit\u00e9 devient de plus en plus compliqu\u00e9. Les fournisseurs d\u2019\u00e9poque arr\u00eatent petit \u00e0 petit la production de certaines r\u00e9f\u00e9rences, et pour celles qui restent encore au catalogue, les prix s\u2019envolent!<\/p>\n<p>C\u2019est pourquoi nous avons d\u00e9cid\u00e9 de cr\u00e9er nos propres kits. En \u00e9pluchant les offres de nos fournisseurs et partenaires, nous avons trouv\u00e9 de quoi vous proposer un kit embrayage non guid\u00e9 cox combi complet de bonne qualit\u00e9.<\/p>\n<p>Ce kit est un assemblage de diverses pi\u00e8ces que nous avons s\u00e9lectionn\u00e9. Le disque d\u2019embrayage est de provenance <a href=\"https:\/\/www.bbt4vw.com\/\">BBT<\/a> et fabriqu\u00e9 par <a href=\"https:\/\/aftermarket.zf.com\/fr\/portail-aftermarket\/nos-marques\/sachs\/\">SACHS<\/a>.<\/p>\n<p>Par contre le m\u00e9canisme est un produit de refabrication standard (pas d&rsquo;alternative actuellement), mais il reste l&rsquo;un des moins mauvais.<\/p>\n<\/div>\n<p>Concernant la but\u00e9e, elle est en provenance de\u00a0<a href=\"https:\/\/www.febi.com\/fr\/\">Febi Bilstein<\/a>. Nous avons en plus ajout\u00e9 2 clips de but\u00e9e renforc\u00e9s car ceux livr\u00e9s avec la but\u00e9e ne nous ont pas donn\u00e9 enti\u00e8re satisfaction.<\/p>\n<p>Un ensemble d\u2019un tr\u00e8s bon rapport qualit\u00e9-prix. Si vous recherchez un kit kit embrayage cox combi fiable sans vous ruiner, optez pour celui-ci.<\/p>\n<p>But\u00e9e : non guid\u00e9e<br \/>\nDiam\u00e8tre : 180 mm<\/p>\n<p>Dans tous les cas, v\u00e9rifiez bien votre montage actuel avant de passer commande. Nous conseillons de d\u00e9monter votre embrayage \u00e0 remplacer avant de passer commande.<\/p>\n<p>En effet, de nombreux v\u00e9hicules ne sont plus conformes \u00e0 leur sortie d\u2019usine. De ce fait il est tr\u00e8s fr\u00e9quent de trouver un mod\u00e8le diff\u00e9rent de celui qui logiquement doit \u00e9quiper votre cox ou votre combi.<\/p>\n<p>Petit conseil : profitez de la d\u00e9pose de votre embrayage pour v\u00e9rifier l\u2019\u00e9tat\u00a0<strong><a href=\"https:\/\/les-routes-buissonnieres.fr\/boutik\/produit\/joint-spi-vilebrequin-cox-combi-t3\/\">du joint spi de vilebrequin<\/a><\/strong>\u00a0et \u00e9galement celui du\u00a0<strong><a href=\"https:\/\/les-routes-buissonnieres.fr\/boutik\/produit\/joint-torique-volant-moteur-cox-combi-t3\/\">joint torique de volant moteur.<\/a><\/strong><\/p>\n<p>Dans le m\u00eame ordre d\u2019id\u00e9e, n\u2019h\u00e9sitez pas \u00e0 v\u00e9rifier \u00e9galement le bon \u00e9tat du\u00a0<a href=\"https:\/\/les-routes-buissonnieres.fr\/boutik\/produit\/joint-spi-arbre-primaire-cox-combi-t3\/\"><strong>joint spi d\u2019arbre primaire<\/strong>\u00a0<\/a>c\u00f4t\u00e9 boite de vitesses.<\/p>\n<p>Ce serait dommage de remonter un embrayage neuf avec des fuites potentiels \u00e0 ces endroits.<\/p>\n<p>D\u2019autant plus, que le remplacement de ces petites pi\u00e8ces oblige \u00e0 d\u00e9poser le moteur, il est donc plus prudent d\u2019effectuer tout ces contr\u00f4les lors du remplacement de l\u2019embrayage.<\/p>\n<p><em><strong>Approvisionnement difficile, petit stock. Il est possible qu&rsquo;un d\u00e9lai d&rsquo;une \u00e0 deux semaines soit n\u00e9cessaire. Nous vous pr\u00e9viendrons personnellement dans ce cas, mais pensez \u00e0 anticiper votre commande si vous le pouvez.<\/strong><\/em><\/p>\n","protected":false},"excerpt":{"rendered":"<p>Kit embrayage combi cox non guid\u00e9 180mm Q+. Meilleur rapport qualit\u00e9-prix actuel.<\/p>\n","protected":false},"featured_media":65406,"template":"","meta":[],"product_brand":[],"product_cat":[82,84,55,2140,25,26,1988,27],"product_tag":[1010,219,220,1008,1009,1011,1007],"class_list":{"0":"post-3730","1":"product","2":"type-product","3":"status-publish","4":"has-post-thumbnail","6":"product_cat-cv110-boite-de-vitesse-et-embrayage","7":"product_cat-cv75-boite-de-vitesse-et-embrayage","8":"product_cat-cv96-boite-de-vitesse-et-embrayage","9":"product_cat-boite-de-vitesses-et-embrayage-clipper","10":"product_cat-pieces-vw-coccinelle-type-1","11":"product_cat-pieces-vw-combi-bay-window-type-2","12":"product_cat-pieces-vw-combi-bresilien-split-clipper","13":"product_cat-piece-vw-combi-split-type-2","14":"product_tag-180mm","15":"product_tag-coccinelle","16":"product_tag-combi","17":"product_tag-embrayage","18":"product_tag-kit-embrayage","19":"product_tag-non-guide","20":"product_tag-vw-cox","22":"first","23":"instock","24":"featured","25":"taxable","26":"shipping-taxable","27":"purchasable","28":"product-type-simple"},"yoast_head":"<!-- This site is optimized with the Yoast SEO plugin v27.4 - https:\/\/yoast.com\/product\/yoast-seo-wordpress\/ -->\n<title>KIT EMBRAYAGE COMBI COX NON GUID\u00c9 180MM Q+ - La boutique LRB<\/title>\n<meta name=\"description\" content=\"Kit embrayage combi cox. M\u00e9canisme de refabrication (pas d&#039;alternative actuellement), disque BBT fabriqu\u00e9 pars SACHS, but\u00e9e FEBI + clips renforc\u00e9s.\" \/>\n<meta name=\"robots\" content=\"index, follow, max-snippet:-1, max-image-preview:large, max-video-preview:-1\" \/>\n<link rel=\"canonical\" href=\"https:\/\/les-routes-buissonnieres.fr\/boutik\/produit\/kit-embrayage-combi-cox\/\" \/>\n<meta property=\"og:locale\" content=\"fr_FR\" \/>\n<meta property=\"og:type\" content=\"article\" \/>\n<meta property=\"og:title\" content=\"KIT EMBRAYAGE COMBI COX NON GUID\u00c9 180MM Q+ - La boutique LRB\" \/>\n<meta property=\"og:description\" content=\"Kit embrayage combi cox. M\u00e9canisme de refabrication (pas d&#039;alternative actuellement), disque BBT fabriqu\u00e9 pars SACHS, but\u00e9e FEBI + clips renforc\u00e9s.\" \/>\n<meta property=\"og:url\" content=\"https:\/\/les-routes-buissonnieres.fr\/boutik\/produit\/kit-embrayage-combi-cox\/\" \/>\n<meta property=\"og:site_name\" content=\"La boutique LRB\" \/>\n<meta property=\"article:modified_time\" content=\"2026-01-28T10:40:59+00:00\" \/>\n<meta property=\"og:image\" content=\"https:\/\/les-routes-buissonnieres.fr\/boutik\/wp-content\/uploads\/2015\/03\/44450_8.jpg\" \/>\n\t<meta property=\"og:image:width\" content=\"800\" \/>\n\t<meta property=\"og:image:height\" content=\"800\" \/>\n\t<meta property=\"og:image:type\" content=\"image\/jpeg\" \/>\n<meta name=\"twitter:card\" content=\"summary_large_image\" \/>\n<meta name=\"twitter:label1\" content=\"Dur\u00e9e de lecture estim\u00e9e\" \/>\n\t<meta name=\"twitter:data1\" content=\"3 minutes\" \/>\n<script type=\"application\/ld+json\" class=\"yoast-schema-graph\">{\"@context\":\"https:\\\/\\\/schema.org\",\"@graph\":[{\"@type\":\"WebPage\",\"@id\":\"https:\\\/\\\/les-routes-buissonnieres.fr\\\/boutik\\\/produit\\\/kit-embrayage-combi-cox\\\/\",\"url\":\"https:\\\/\\\/les-routes-buissonnieres.fr\\\/boutik\\\/produit\\\/kit-embrayage-combi-cox\\\/\",\"name\":\"KIT EMBRAYAGE COMBI COX NON GUID\u00c9 180MM Q+ - La boutique LRB\",\"isPartOf\":{\"@id\":\"https:\\\/\\\/les-routes-buissonnieres.fr\\\/boutik\\\/#website\"},\"primaryImageOfPage\":{\"@id\":\"https:\\\/\\\/les-routes-buissonnieres.fr\\\/boutik\\\/produit\\\/kit-embrayage-combi-cox\\\/#primaryimage\"},\"image\":{\"@id\":\"https:\\\/\\\/les-routes-buissonnieres.fr\\\/boutik\\\/produit\\\/kit-embrayage-combi-cox\\\/#primaryimage\"},\"thumbnailUrl\":\"https:\\\/\\\/les-routes-buissonnieres.fr\\\/boutik\\\/wp-content\\\/uploads\\\/2015\\\/03\\\/44450_8.jpg\",\"datePublished\":\"2015-03-07T16:10:03+00:00\",\"dateModified\":\"2026-01-28T10:40:59+00:00\",\"description\":\"Kit embrayage combi cox. M\u00e9canisme de refabrication (pas d'alternative actuellement), disque BBT fabriqu\u00e9 pars SACHS, but\u00e9e FEBI + clips renforc\u00e9s.\",\"breadcrumb\":{\"@id\":\"https:\\\/\\\/les-routes-buissonnieres.fr\\\/boutik\\\/produit\\\/kit-embrayage-combi-cox\\\/#breadcrumb\"},\"inLanguage\":\"fr-FR\",\"potentialAction\":[{\"@type\":\"ReadAction\",\"target\":[\"https:\\\/\\\/les-routes-buissonnieres.fr\\\/boutik\\\/produit\\\/kit-embrayage-combi-cox\\\/\"]}]},{\"@type\":\"ImageObject\",\"inLanguage\":\"fr-FR\",\"@id\":\"https:\\\/\\\/les-routes-buissonnieres.fr\\\/boutik\\\/produit\\\/kit-embrayage-combi-cox\\\/#primaryimage\",\"url\":\"https:\\\/\\\/les-routes-buissonnieres.fr\\\/boutik\\\/wp-content\\\/uploads\\\/2015\\\/03\\\/44450_8.jpg\",\"contentUrl\":\"https:\\\/\\\/les-routes-buissonnieres.fr\\\/boutik\\\/wp-content\\\/uploads\\\/2015\\\/03\\\/44450_8.jpg\",\"width\":800,\"height\":800,\"caption\":\"kit embrayage combi cox non guid\u00e9 180mm\"},{\"@type\":\"BreadcrumbList\",\"@id\":\"https:\\\/\\\/les-routes-buissonnieres.fr\\\/boutik\\\/produit\\\/kit-embrayage-combi-cox\\\/#breadcrumb\",\"itemListElement\":[{\"@type\":\"ListItem\",\"position\":1,\"name\":\"Accueil\",\"item\":\"https:\\\/\\\/les-routes-buissonnieres.fr\\\/boutik\\\/\"},{\"@type\":\"ListItem\",\"position\":2,\"name\":\"Boutique\",\"item\":\"https:\\\/\\\/les-routes-buissonnieres.fr\\\/boutik\\\/\"},{\"@type\":\"ListItem\",\"position\":3,\"name\":\"KIT EMBRAYAGE COMBI COX NON GUID\u00c9 180MM Q+\"}]},{\"@type\":\"WebSite\",\"@id\":\"https:\\\/\\\/les-routes-buissonnieres.fr\\\/boutik\\\/#website\",\"url\":\"https:\\\/\\\/les-routes-buissonnieres.fr\\\/boutik\\\/\",\"name\":\"La boutique LRB\",\"description\":\"Pi\u00e8ces d\u00e9tach\u00e9es Citro\u00ebn - VW refroidies par air\",\"publisher\":{\"@id\":\"https:\\\/\\\/les-routes-buissonnieres.fr\\\/boutik\\\/#organization\"},\"potentialAction\":[{\"@type\":\"SearchAction\",\"target\":{\"@type\":\"EntryPoint\",\"urlTemplate\":\"https:\\\/\\\/les-routes-buissonnieres.fr\\\/boutik\\\/?s={search_term_string}\"},\"query-input\":{\"@type\":\"PropertyValueSpecification\",\"valueRequired\":true,\"valueName\":\"search_term_string\"}}],\"inLanguage\":\"fr-FR\"},{\"@type\":\"Organization\",\"@id\":\"https:\\\/\\\/les-routes-buissonnieres.fr\\\/boutik\\\/#organization\",\"name\":\"La boutique LRB\",\"url\":\"https:\\\/\\\/les-routes-buissonnieres.fr\\\/boutik\\\/\",\"logo\":{\"@type\":\"ImageObject\",\"inLanguage\":\"fr-FR\",\"@id\":\"https:\\\/\\\/les-routes-buissonnieres.fr\\\/boutik\\\/#\\\/schema\\\/logo\\\/image\\\/\",\"url\":\"https:\\\/\\\/les-routes-buissonnieres.fr\\\/boutik\\\/wp-content\\\/uploads\\\/2023\\\/11\\\/cropped-logo-a-et-c-2023-orange.png\",\"contentUrl\":\"https:\\\/\\\/les-routes-buissonnieres.fr\\\/boutik\\\/wp-content\\\/uploads\\\/2023\\\/11\\\/cropped-logo-a-et-c-2023-orange.png\",\"width\":300,\"height\":176,\"caption\":\"La boutique LRB\"},\"image\":{\"@id\":\"https:\\\/\\\/les-routes-buissonnieres.fr\\\/boutik\\\/#\\\/schema\\\/logo\\\/image\\\/\"}}]}<\/script>\n<!-- \/ Yoast SEO plugin. -->","yoast_head_json":{"title":"KIT EMBRAYAGE COMBI COX NON GUID\u00c9 180MM Q+ - La boutique LRB","description":"Kit embrayage combi cox. M\u00e9canisme de refabrication (pas d'alternative actuellement), disque BBT fabriqu\u00e9 pars SACHS, but\u00e9e FEBI + clips renforc\u00e9s.","robots":{"index":"index","follow":"follow","max-snippet":"max-snippet:-1","max-image-preview":"max-image-preview:large","max-video-preview":"max-video-preview:-1"},"canonical":"https:\/\/les-routes-buissonnieres.fr\/boutik\/produit\/kit-embrayage-combi-cox\/","og_locale":"fr_FR","og_type":"article","og_title":"KIT EMBRAYAGE COMBI COX NON GUID\u00c9 180MM Q+ - La boutique LRB","og_description":"Kit embrayage combi cox. M\u00e9canisme de refabrication (pas d'alternative actuellement), disque BBT fabriqu\u00e9 pars SACHS, but\u00e9e FEBI + clips renforc\u00e9s.","og_url":"https:\/\/les-routes-buissonnieres.fr\/boutik\/produit\/kit-embrayage-combi-cox\/","og_site_name":"La boutique LRB","article_modified_time":"2026-01-28T10:40:59+00:00","og_image":[{"width":800,"height":800,"url":"https:\/\/les-routes-buissonnieres.fr\/boutik\/wp-content\/uploads\/2015\/03\/44450_8.jpg","type":"image\/jpeg"}],"twitter_card":"summary_large_image","twitter_misc":{"Dur\u00e9e de lecture estim\u00e9e":"3 minutes"},"schema":{"@context":"https:\/\/schema.org","@graph":[{"@type":"WebPage","@id":"https:\/\/les-routes-buissonnieres.fr\/boutik\/produit\/kit-embrayage-combi-cox\/","url":"https:\/\/les-routes-buissonnieres.fr\/boutik\/produit\/kit-embrayage-combi-cox\/","name":"KIT EMBRAYAGE COMBI COX NON GUID\u00c9 180MM Q+ - La boutique LRB","isPartOf":{"@id":"https:\/\/les-routes-buissonnieres.fr\/boutik\/#website"},"primaryImageOfPage":{"@id":"https:\/\/les-routes-buissonnieres.fr\/boutik\/produit\/kit-embrayage-combi-cox\/#primaryimage"},"image":{"@id":"https:\/\/les-routes-buissonnieres.fr\/boutik\/produit\/kit-embrayage-combi-cox\/#primaryimage"},"thumbnailUrl":"https:\/\/les-routes-buissonnieres.fr\/boutik\/wp-content\/uploads\/2015\/03\/44450_8.jpg","datePublished":"2015-03-07T16:10:03+00:00","dateModified":"2026-01-28T10:40:59+00:00","description":"Kit embrayage combi cox. M\u00e9canisme de refabrication (pas d'alternative actuellement), disque BBT fabriqu\u00e9 pars SACHS, but\u00e9e FEBI + clips renforc\u00e9s.","breadcrumb":{"@id":"https:\/\/les-routes-buissonnieres.fr\/boutik\/produit\/kit-embrayage-combi-cox\/#breadcrumb"},"inLanguage":"fr-FR","potentialAction":[{"@type":"ReadAction","target":["https:\/\/les-routes-buissonnieres.fr\/boutik\/produit\/kit-embrayage-combi-cox\/"]}]},{"@type":"ImageObject","inLanguage":"fr-FR","@id":"https:\/\/les-routes-buissonnieres.fr\/boutik\/produit\/kit-embrayage-combi-cox\/#primaryimage","url":"https:\/\/les-routes-buissonnieres.fr\/boutik\/wp-content\/uploads\/2015\/03\/44450_8.jpg","contentUrl":"https:\/\/les-routes-buissonnieres.fr\/boutik\/wp-content\/uploads\/2015\/03\/44450_8.jpg","width":800,"height":800,"caption":"kit embrayage combi cox non guid\u00e9 180mm"},{"@type":"BreadcrumbList","@id":"https:\/\/les-routes-buissonnieres.fr\/boutik\/produit\/kit-embrayage-combi-cox\/#breadcrumb","itemListElement":[{"@type":"ListItem","position":1,"name":"Accueil","item":"https:\/\/les-routes-buissonnieres.fr\/boutik\/"},{"@type":"ListItem","position":2,"name":"Boutique","item":"https:\/\/les-routes-buissonnieres.fr\/boutik\/"},{"@type":"ListItem","position":3,"name":"KIT EMBRAYAGE COMBI COX NON GUID\u00c9 180MM Q+"}]},{"@type":"WebSite","@id":"https:\/\/les-routes-buissonnieres.fr\/boutik\/#website","url":"https:\/\/les-routes-buissonnieres.fr\/boutik\/","name":"La boutique LRB","description":"Pi\u00e8ces d\u00e9tach\u00e9es Citro\u00ebn - VW refroidies par air","publisher":{"@id":"https:\/\/les-routes-buissonnieres.fr\/boutik\/#organization"},"potentialAction":[{"@type":"SearchAction","target":{"@type":"EntryPoint","urlTemplate":"https:\/\/les-routes-buissonnieres.fr\/boutik\/?s={search_term_string}"},"query-input":{"@type":"PropertyValueSpecification","valueRequired":true,"valueName":"search_term_string"}}],"inLanguage":"fr-FR"},{"@type":"Organization","@id":"https:\/\/les-routes-buissonnieres.fr\/boutik\/#organization","name":"La boutique LRB","url":"https:\/\/les-routes-buissonnieres.fr\/boutik\/","logo":{"@type":"ImageObject","inLanguage":"fr-FR","@id":"https:\/\/les-routes-buissonnieres.fr\/boutik\/#\/schema\/logo\/image\/","url":"https:\/\/les-routes-buissonnieres.fr\/boutik\/wp-content\/uploads\/2023\/11\/cropped-logo-a-et-c-2023-orange.png","contentUrl":"https:\/\/les-routes-buissonnieres.fr\/boutik\/wp-content\/uploads\/2023\/11\/cropped-logo-a-et-c-2023-orange.png","width":300,"height":176,"caption":"La boutique LRB"},"image":{"@id":"https:\/\/les-routes-buissonnieres.fr\/boutik\/#\/schema\/logo\/image\/"}}]}},"_links":{"self":[{"href":"https:\/\/les-routes-buissonnieres.fr\/boutik\/wp-json\/wp\/v2\/product\/3730","targetHints":{"allow":["GET"]}}],"collection":[{"href":"https:\/\/les-routes-buissonnieres.fr\/boutik\/wp-json\/wp\/v2\/product"}],"about":[{"href":"https:\/\/les-routes-buissonnieres.fr\/boutik\/wp-json\/wp\/v2\/types\/product"}],"wp:featuredmedia":[{"embeddable":true,"href":"https:\/\/les-routes-buissonnieres.fr\/boutik\/wp-json\/wp\/v2\/media\/65406"}],"wp:attachment":[{"href":"https:\/\/les-routes-buissonnieres.fr\/boutik\/wp-json\/wp\/v2\/media?parent=3730"}],"wp:term":[{"taxonomy":"product_brand","embeddable":true,"href":"https:\/\/les-routes-buissonnieres.fr\/boutik\/wp-json\/wp\/v2\/product_brand?post=3730"},{"taxonomy":"product_cat","embeddable":true,"href":"https:\/\/les-routes-buissonnieres.fr\/boutik\/wp-json\/wp\/v2\/product_cat?post=3730"},{"taxonomy":"product_tag","embeddable":true,"href":"https:\/\/les-routes-buissonnieres.fr\/boutik\/wp-json\/wp\/v2\/product_tag?post=3730"}],"curies":[{"name":"wp","href":"https:\/\/api.w.org\/{rel}","templated":true}]}}