{"id":3946,"date":"2015-04-15T19:20:25","date_gmt":"2015-04-15T18:20:25","guid":{"rendered":"http:\/\/ailettes-et-carbus.fr\/?product=graisse-multi-services-cartouche-410-gr-2"},"modified":"2025-10-20T14:57:21","modified_gmt":"2025-10-20T13:57:21","slug":"cartouche-graisse-calcium-universelle-minerva","status":"publish","type":"product","link":"https:\/\/les-routes-buissonnieres.fr\/boutik\/produit\/cartouche-graisse-calcium-universelle-minerva\/","title":{"rendered":"CARTOUCHE GRAISSE CALCIUM UNIVERSELLE MINERVA"},"content":{"rendered":"<p>Cartouche graisse calcium universelle Minerva.<\/p>\n<p>Fabrication Fan\u00e7aise.<\/p>\n<p>Point de goutte : 150\u00b0C<\/p>\n<p>Excellente adh\u00e9rence, tr\u00e8s bon pouvoir lubrifiant. Id\u00e9al pour les graissages de trains, roulements, moyeux et de nombreuses autres applications.<br \/>\nInsoluble \u00e0 l&rsquo;eau, protection anti-rouille.<\/p>\n<p>C&rsquo;est celle que nous utilisons \u00e0 l&rsquo;atelier et sur nos v\u00e9hicules personnels depuis de nombreuses ann\u00e9es.<\/p>\n<p>Cartouche de 400gr, \u00e0 utiliser avec une pompe \u00e0 graisse manuelle ou \u00e9lectrique.<\/p>\n","protected":false},"excerpt":{"rendered":"<p>Cartouche graisse calcium universelle Minerva. Id\u00e9ale pour graissage des trains, moyeux etc&#8230; Fabrication Fran\u00e7aise.<\/p>\n","protected":false},"featured_media":65306,"template":"","meta":[],"product_brand":[],"product_cat":[29,32,31,1989,2142,105,133,51,95,119,57,78,2154,1959,2161,111,139,85,2148,99,125,63,25,26,1988,27,28],"product_tag":[2256,2255,2253,2254],"class_list":{"0":"post-3946","1":"product","2":"type-product","3":"status-publish","4":"has-post-thumbnail","6":"product_cat-pieces-citroen-2-cv","7":"product_cat-pieces-citroen-ami","8":"product_cat-pieces-citroen-dyane","9":"product_cat-citroen-gs-a","10":"product_cat-direction-supensions-et-trains-roulants-clipper","11":"product_cat-cv140-direction-suspensions-et-trains-roulants","12":"product_cat-cv168-direction-suspensions-et-trains-roulants","13":"product_cat-cv112-direction-suspensions-et-trains-roulants","14":"product_cat-cv86-direction-suspensions-et-trains-roulants","15":"product_cat-cv154-direction-suspensions-et-trains-roulants","16":"product_cat-cv98-direction-suspensions-et-trains-roulants","17":"product_cat-cv126-direction-suspensions-et-trains-roulants","18":"product_cat-directions-suspensions-et-trains-roulants-gs-gsa","19":"product_cat-cv231-entretien","20":"product_cat-quicaillerie-et-divers-gs-gsa","21":"product_cat-cv146-quincaillerie-et-divers","22":"product_cat-cv174-quincaillerie-et-divers","23":"product_cat-cv118-quincaillerie-et-divers","24":"product_cat-quincaillerie-et-divers-clipper","25":"product_cat-cv90-quincaillerie-et-divers","26":"product_cat-cv160-quincaillerie-et-divers","27":"product_cat-cv104-quincaillerie-et-divers","28":"product_cat-pieces-vw-coccinelle-type-1","29":"product_cat-pieces-vw-combi-bay-window-type-2","30":"product_cat-pieces-vw-combi-bresilien-split-clipper","31":"product_cat-piece-vw-combi-split-type-2","32":"product_cat-pieces-vw-transporter-t3-type-25-ct-cu","33":"product_tag-cartouche-de-graisse","34":"product_tag-graissage-de-train","35":"product_tag-graisse-blonde","36":"product_tag-graisse-universelle","38":"first","39":"instock","40":"featured","41":"taxable","42":"shipping-taxable","43":"purchasable","44":"product-type-simple"},"yoast_head":"<!-- This site is optimized with the Yoast SEO plugin v27.4 - https:\/\/yoast.com\/product\/yoast-seo-wordpress\/ -->\n<title>CARTOUCHE GRAISSE CALCIUM UNIVERSELLE MINERVA - La boutique LRB<\/title>\n<meta name=\"robots\" content=\"index, follow, max-snippet:-1, max-image-preview:large, max-video-preview:-1\" \/>\n<link rel=\"canonical\" href=\"https:\/\/les-routes-buissonnieres.fr\/boutik\/produit\/cartouche-graisse-calcium-universelle-minerva\/\" \/>\n<meta property=\"og:locale\" content=\"fr_FR\" \/>\n<meta property=\"og:type\" content=\"article\" \/>\n<meta property=\"og:title\" content=\"CARTOUCHE GRAISSE CALCIUM UNIVERSELLE MINERVA - La boutique LRB\" \/>\n<meta property=\"og:description\" content=\"Cartouche graisse calcium universelle Minerva. Id\u00e9ale pour graissage des trains, moyeux etc... Fabrication Fran\u00e7aise.\" \/>\n<meta property=\"og:url\" content=\"https:\/\/les-routes-buissonnieres.fr\/boutik\/produit\/cartouche-graisse-calcium-universelle-minerva\/\" \/>\n<meta property=\"og:site_name\" content=\"La boutique LRB\" \/>\n<meta property=\"article:modified_time\" content=\"2025-10-20T13:57:21+00:00\" \/>\n<meta property=\"og:image\" content=\"https:\/\/les-routes-buissonnieres.fr\/boutik\/wp-content\/uploads\/2015\/04\/cartouche-graisse-au-lithium-multiservices-universel-minerva-pour-pompe-a-graisse-3324960000304-minerva-oil.jpg\" \/>\n\t<meta property=\"og:image:width\" content=\"500\" \/>\n\t<meta property=\"og:image:height\" content=\"500\" \/>\n\t<meta property=\"og:image:type\" content=\"image\/jpeg\" \/>\n<meta name=\"twitter:card\" content=\"summary_large_image\" \/>\n<meta name=\"twitter:label1\" content=\"Dur\u00e9e de lecture estim\u00e9e\" \/>\n\t<meta name=\"twitter:data1\" content=\"1 minute\" \/>\n<script type=\"application\/ld+json\" class=\"yoast-schema-graph\">{\"@context\":\"https:\\\/\\\/schema.org\",\"@graph\":[{\"@type\":\"WebPage\",\"@id\":\"https:\\\/\\\/les-routes-buissonnieres.fr\\\/boutik\\\/produit\\\/cartouche-graisse-calcium-universelle-minerva\\\/\",\"url\":\"https:\\\/\\\/les-routes-buissonnieres.fr\\\/boutik\\\/produit\\\/cartouche-graisse-calcium-universelle-minerva\\\/\",\"name\":\"CARTOUCHE GRAISSE CALCIUM UNIVERSELLE MINERVA - La boutique LRB\",\"isPartOf\":{\"@id\":\"https:\\\/\\\/les-routes-buissonnieres.fr\\\/boutik\\\/#website\"},\"primaryImageOfPage\":{\"@id\":\"https:\\\/\\\/les-routes-buissonnieres.fr\\\/boutik\\\/produit\\\/cartouche-graisse-calcium-universelle-minerva\\\/#primaryimage\"},\"image\":{\"@id\":\"https:\\\/\\\/les-routes-buissonnieres.fr\\\/boutik\\\/produit\\\/cartouche-graisse-calcium-universelle-minerva\\\/#primaryimage\"},\"thumbnailUrl\":\"https:\\\/\\\/les-routes-buissonnieres.fr\\\/boutik\\\/wp-content\\\/uploads\\\/2015\\\/04\\\/cartouche-graisse-au-lithium-multiservices-universel-minerva-pour-pompe-a-graisse-3324960000304-minerva-oil.jpg\",\"datePublished\":\"2015-04-15T18:20:25+00:00\",\"dateModified\":\"2025-10-20T13:57:21+00:00\",\"breadcrumb\":{\"@id\":\"https:\\\/\\\/les-routes-buissonnieres.fr\\\/boutik\\\/produit\\\/cartouche-graisse-calcium-universelle-minerva\\\/#breadcrumb\"},\"inLanguage\":\"fr-FR\",\"potentialAction\":[{\"@type\":\"ReadAction\",\"target\":[\"https:\\\/\\\/les-routes-buissonnieres.fr\\\/boutik\\\/produit\\\/cartouche-graisse-calcium-universelle-minerva\\\/\"]}]},{\"@type\":\"ImageObject\",\"inLanguage\":\"fr-FR\",\"@id\":\"https:\\\/\\\/les-routes-buissonnieres.fr\\\/boutik\\\/produit\\\/cartouche-graisse-calcium-universelle-minerva\\\/#primaryimage\",\"url\":\"https:\\\/\\\/les-routes-buissonnieres.fr\\\/boutik\\\/wp-content\\\/uploads\\\/2015\\\/04\\\/cartouche-graisse-au-lithium-multiservices-universel-minerva-pour-pompe-a-graisse-3324960000304-minerva-oil.jpg\",\"contentUrl\":\"https:\\\/\\\/les-routes-buissonnieres.fr\\\/boutik\\\/wp-content\\\/uploads\\\/2015\\\/04\\\/cartouche-graisse-au-lithium-multiservices-universel-minerva-pour-pompe-a-graisse-3324960000304-minerva-oil.jpg\",\"width\":500,\"height\":500},{\"@type\":\"BreadcrumbList\",\"@id\":\"https:\\\/\\\/les-routes-buissonnieres.fr\\\/boutik\\\/produit\\\/cartouche-graisse-calcium-universelle-minerva\\\/#breadcrumb\",\"itemListElement\":[{\"@type\":\"ListItem\",\"position\":1,\"name\":\"Accueil\",\"item\":\"https:\\\/\\\/les-routes-buissonnieres.fr\\\/boutik\\\/\"},{\"@type\":\"ListItem\",\"position\":2,\"name\":\"Boutique\",\"item\":\"https:\\\/\\\/les-routes-buissonnieres.fr\\\/boutik\\\/\"},{\"@type\":\"ListItem\",\"position\":3,\"name\":\"CARTOUCHE GRAISSE CALCIUM UNIVERSELLE MINERVA\"}]},{\"@type\":\"WebSite\",\"@id\":\"https:\\\/\\\/les-routes-buissonnieres.fr\\\/boutik\\\/#website\",\"url\":\"https:\\\/\\\/les-routes-buissonnieres.fr\\\/boutik\\\/\",\"name\":\"La boutique LRB\",\"description\":\"Pi\u00e8ces d\u00e9tach\u00e9es Citro\u00ebn - VW refroidies par air\",\"publisher\":{\"@id\":\"https:\\\/\\\/les-routes-buissonnieres.fr\\\/boutik\\\/#organization\"},\"potentialAction\":[{\"@type\":\"SearchAction\",\"target\":{\"@type\":\"EntryPoint\",\"urlTemplate\":\"https:\\\/\\\/les-routes-buissonnieres.fr\\\/boutik\\\/?s={search_term_string}\"},\"query-input\":{\"@type\":\"PropertyValueSpecification\",\"valueRequired\":true,\"valueName\":\"search_term_string\"}}],\"inLanguage\":\"fr-FR\"},{\"@type\":\"Organization\",\"@id\":\"https:\\\/\\\/les-routes-buissonnieres.fr\\\/boutik\\\/#organization\",\"name\":\"La boutique LRB\",\"url\":\"https:\\\/\\\/les-routes-buissonnieres.fr\\\/boutik\\\/\",\"logo\":{\"@type\":\"ImageObject\",\"inLanguage\":\"fr-FR\",\"@id\":\"https:\\\/\\\/les-routes-buissonnieres.fr\\\/boutik\\\/#\\\/schema\\\/logo\\\/image\\\/\",\"url\":\"https:\\\/\\\/les-routes-buissonnieres.fr\\\/boutik\\\/wp-content\\\/uploads\\\/2023\\\/11\\\/cropped-logo-a-et-c-2023-orange.png\",\"contentUrl\":\"https:\\\/\\\/les-routes-buissonnieres.fr\\\/boutik\\\/wp-content\\\/uploads\\\/2023\\\/11\\\/cropped-logo-a-et-c-2023-orange.png\",\"width\":300,\"height\":176,\"caption\":\"La boutique LRB\"},\"image\":{\"@id\":\"https:\\\/\\\/les-routes-buissonnieres.fr\\\/boutik\\\/#\\\/schema\\\/logo\\\/image\\\/\"}}]}<\/script>\n<!-- \/ Yoast SEO plugin. -->","yoast_head_json":{"title":"CARTOUCHE GRAISSE CALCIUM UNIVERSELLE MINERVA - La boutique LRB","robots":{"index":"index","follow":"follow","max-snippet":"max-snippet:-1","max-image-preview":"max-image-preview:large","max-video-preview":"max-video-preview:-1"},"canonical":"https:\/\/les-routes-buissonnieres.fr\/boutik\/produit\/cartouche-graisse-calcium-universelle-minerva\/","og_locale":"fr_FR","og_type":"article","og_title":"CARTOUCHE GRAISSE CALCIUM UNIVERSELLE MINERVA - La boutique LRB","og_description":"Cartouche graisse calcium universelle Minerva. Id\u00e9ale pour graissage des trains, moyeux etc... Fabrication Fran\u00e7aise.","og_url":"https:\/\/les-routes-buissonnieres.fr\/boutik\/produit\/cartouche-graisse-calcium-universelle-minerva\/","og_site_name":"La boutique LRB","article_modified_time":"2025-10-20T13:57:21+00:00","og_image":[{"width":500,"height":500,"url":"https:\/\/les-routes-buissonnieres.fr\/boutik\/wp-content\/uploads\/2015\/04\/cartouche-graisse-au-lithium-multiservices-universel-minerva-pour-pompe-a-graisse-3324960000304-minerva-oil.jpg","type":"image\/jpeg"}],"twitter_card":"summary_large_image","twitter_misc":{"Dur\u00e9e de lecture estim\u00e9e":"1 minute"},"schema":{"@context":"https:\/\/schema.org","@graph":[{"@type":"WebPage","@id":"https:\/\/les-routes-buissonnieres.fr\/boutik\/produit\/cartouche-graisse-calcium-universelle-minerva\/","url":"https:\/\/les-routes-buissonnieres.fr\/boutik\/produit\/cartouche-graisse-calcium-universelle-minerva\/","name":"CARTOUCHE GRAISSE CALCIUM UNIVERSELLE MINERVA - La boutique LRB","isPartOf":{"@id":"https:\/\/les-routes-buissonnieres.fr\/boutik\/#website"},"primaryImageOfPage":{"@id":"https:\/\/les-routes-buissonnieres.fr\/boutik\/produit\/cartouche-graisse-calcium-universelle-minerva\/#primaryimage"},"image":{"@id":"https:\/\/les-routes-buissonnieres.fr\/boutik\/produit\/cartouche-graisse-calcium-universelle-minerva\/#primaryimage"},"thumbnailUrl":"https:\/\/les-routes-buissonnieres.fr\/boutik\/wp-content\/uploads\/2015\/04\/cartouche-graisse-au-lithium-multiservices-universel-minerva-pour-pompe-a-graisse-3324960000304-minerva-oil.jpg","datePublished":"2015-04-15T18:20:25+00:00","dateModified":"2025-10-20T13:57:21+00:00","breadcrumb":{"@id":"https:\/\/les-routes-buissonnieres.fr\/boutik\/produit\/cartouche-graisse-calcium-universelle-minerva\/#breadcrumb"},"inLanguage":"fr-FR","potentialAction":[{"@type":"ReadAction","target":["https:\/\/les-routes-buissonnieres.fr\/boutik\/produit\/cartouche-graisse-calcium-universelle-minerva\/"]}]},{"@type":"ImageObject","inLanguage":"fr-FR","@id":"https:\/\/les-routes-buissonnieres.fr\/boutik\/produit\/cartouche-graisse-calcium-universelle-minerva\/#primaryimage","url":"https:\/\/les-routes-buissonnieres.fr\/boutik\/wp-content\/uploads\/2015\/04\/cartouche-graisse-au-lithium-multiservices-universel-minerva-pour-pompe-a-graisse-3324960000304-minerva-oil.jpg","contentUrl":"https:\/\/les-routes-buissonnieres.fr\/boutik\/wp-content\/uploads\/2015\/04\/cartouche-graisse-au-lithium-multiservices-universel-minerva-pour-pompe-a-graisse-3324960000304-minerva-oil.jpg","width":500,"height":500},{"@type":"BreadcrumbList","@id":"https:\/\/les-routes-buissonnieres.fr\/boutik\/produit\/cartouche-graisse-calcium-universelle-minerva\/#breadcrumb","itemListElement":[{"@type":"ListItem","position":1,"name":"Accueil","item":"https:\/\/les-routes-buissonnieres.fr\/boutik\/"},{"@type":"ListItem","position":2,"name":"Boutique","item":"https:\/\/les-routes-buissonnieres.fr\/boutik\/"},{"@type":"ListItem","position":3,"name":"CARTOUCHE GRAISSE CALCIUM UNIVERSELLE MINERVA"}]},{"@type":"WebSite","@id":"https:\/\/les-routes-buissonnieres.fr\/boutik\/#website","url":"https:\/\/les-routes-buissonnieres.fr\/boutik\/","name":"La boutique LRB","description":"Pi\u00e8ces d\u00e9tach\u00e9es Citro\u00ebn - VW refroidies par air","publisher":{"@id":"https:\/\/les-routes-buissonnieres.fr\/boutik\/#organization"},"potentialAction":[{"@type":"SearchAction","target":{"@type":"EntryPoint","urlTemplate":"https:\/\/les-routes-buissonnieres.fr\/boutik\/?s={search_term_string}"},"query-input":{"@type":"PropertyValueSpecification","valueRequired":true,"valueName":"search_term_string"}}],"inLanguage":"fr-FR"},{"@type":"Organization","@id":"https:\/\/les-routes-buissonnieres.fr\/boutik\/#organization","name":"La boutique LRB","url":"https:\/\/les-routes-buissonnieres.fr\/boutik\/","logo":{"@type":"ImageObject","inLanguage":"fr-FR","@id":"https:\/\/les-routes-buissonnieres.fr\/boutik\/#\/schema\/logo\/image\/","url":"https:\/\/les-routes-buissonnieres.fr\/boutik\/wp-content\/uploads\/2023\/11\/cropped-logo-a-et-c-2023-orange.png","contentUrl":"https:\/\/les-routes-buissonnieres.fr\/boutik\/wp-content\/uploads\/2023\/11\/cropped-logo-a-et-c-2023-orange.png","width":300,"height":176,"caption":"La boutique LRB"},"image":{"@id":"https:\/\/les-routes-buissonnieres.fr\/boutik\/#\/schema\/logo\/image\/"}}]}},"_links":{"self":[{"href":"https:\/\/les-routes-buissonnieres.fr\/boutik\/wp-json\/wp\/v2\/product\/3946","targetHints":{"allow":["GET"]}}],"collection":[{"href":"https:\/\/les-routes-buissonnieres.fr\/boutik\/wp-json\/wp\/v2\/product"}],"about":[{"href":"https:\/\/les-routes-buissonnieres.fr\/boutik\/wp-json\/wp\/v2\/types\/product"}],"wp:featuredmedia":[{"embeddable":true,"href":"https:\/\/les-routes-buissonnieres.fr\/boutik\/wp-json\/wp\/v2\/media\/65306"}],"wp:attachment":[{"href":"https:\/\/les-routes-buissonnieres.fr\/boutik\/wp-json\/wp\/v2\/media?parent=3946"}],"wp:term":[{"taxonomy":"product_brand","embeddable":true,"href":"https:\/\/les-routes-buissonnieres.fr\/boutik\/wp-json\/wp\/v2\/product_brand?post=3946"},{"taxonomy":"product_cat","embeddable":true,"href":"https:\/\/les-routes-buissonnieres.fr\/boutik\/wp-json\/wp\/v2\/product_cat?post=3946"},{"taxonomy":"product_tag","embeddable":true,"href":"https:\/\/les-routes-buissonnieres.fr\/boutik\/wp-json\/wp\/v2\/product_tag?post=3946"}],"curies":[{"name":"wp","href":"https:\/\/api.w.org\/{rel}","templated":true}]}}