{"id":41898,"date":"2017-10-15T20:05:31","date_gmt":"2017-10-15T19:05:31","guid":{"rendered":"https:\/\/ailettes-et-carbus.fr\/?post_type=product&#038;p=41898"},"modified":"2025-10-03T13:12:03","modified_gmt":"2025-10-03T12:12:03","slug":"tuyau-reservoir-ldf-maitre-cylindre-combi","status":"publish","type":"product","link":"https:\/\/les-routes-buissonnieres.fr\/boutik\/produit\/tuyau-reservoir-ldf-maitre-cylindre-combi\/","title":{"rendered":"TUYAU ENTRE R\u00c9SERVOIR ET MC COMBI 71-79"},"content":{"rendered":"<p>Tuyau entre r\u00e9servoir et MC Combi 71-79.<\/p>\n<p>Tuyau rigide en plastique noir. Il relie le bocal de remplissage de liquide de frein au ma\u00eetre-cylindre.<\/p>\n<p>Convient aux <a href=\"http:\/\/vw-camper.fr\" target=\"_blank\" rel=\"noopener noreferrer\">VW <\/a>Combi <a href=\"https:\/\/les-routes-buissonnieres.fr\/boutik\/bay-window-1981\/\">Bay Window<\/a> de 08\/71 \u00e0 07\/79.<\/p>\n","protected":false},"excerpt":{"rendered":"<p>Tuyau entre r\u00e9servoir et MC Combi 71-79. Qualit\u00e9 monte d&rsquo;origine.<\/p>\n","protected":false},"featured_media":41935,"template":"","meta":[],"product_brand":[],"product_cat":[580,72,26],"product_tag":[220,235,229,353,223],"class_list":{"0":"post-41898","1":"product","2":"type-product","3":"status-publish","4":"has-post-thumbnail","6":"product_cat-bonnes-affaires","7":"product_cat-cv113-freinage","8":"product_cat-pieces-vw-combi-bay-window-type-2","9":"product_tag-combi","10":"product_tag-transporter","11":"product_tag-type-2","12":"product_tag-volkswagen","13":"product_tag-vw","15":"first","16":"instock","17":"sale","18":"taxable","19":"shipping-taxable","20":"purchasable","21":"product-type-simple"},"yoast_head":"<!-- This site is optimized with the Yoast SEO plugin v27.4 - https:\/\/yoast.com\/product\/yoast-seo-wordpress\/ -->\n<title>TUYAU ENTRE R\u00c9SERVOIR ET MC COMBI 71-79 - La boutique LRB<\/title>\n<meta name=\"description\" content=\"Tuyau entre r\u00e9servoir et MC Combi 71-79. Tuyau rigide en plastique noir. Il relie le bocal de remplissage de liquide de frein au ma\u00eetre-cylindre.\" \/>\n<meta name=\"robots\" content=\"index, follow, max-snippet:-1, max-image-preview:large, max-video-preview:-1\" \/>\n<link rel=\"canonical\" href=\"https:\/\/les-routes-buissonnieres.fr\/boutik\/produit\/tuyau-reservoir-ldf-maitre-cylindre-combi\/\" \/>\n<meta property=\"og:locale\" content=\"fr_FR\" \/>\n<meta property=\"og:type\" content=\"article\" \/>\n<meta property=\"og:title\" content=\"TUYAU ENTRE R\u00c9SERVOIR ET MC COMBI 71-79 - La boutique LRB\" \/>\n<meta property=\"og:description\" content=\"Tuyau entre r\u00e9servoir et MC Combi 71-79. Tuyau rigide en plastique noir. Il relie le bocal de remplissage de liquide de frein au ma\u00eetre-cylindre.\" \/>\n<meta property=\"og:url\" content=\"https:\/\/les-routes-buissonnieres.fr\/boutik\/produit\/tuyau-reservoir-ldf-maitre-cylindre-combi\/\" \/>\n<meta property=\"og:site_name\" content=\"La boutique LRB\" \/>\n<meta property=\"article:modified_time\" content=\"2025-10-03T12:12:03+00:00\" \/>\n<meta property=\"og:image\" content=\"https:\/\/les-routes-buissonnieres.fr\/boutik\/wp-content\/uploads\/2017\/10\/NVWI112-vw-ailettes-et-carbus.jpg\" \/>\n\t<meta property=\"og:image:width\" content=\"600\" \/>\n\t<meta property=\"og:image:height\" content=\"600\" \/>\n\t<meta property=\"og:image:type\" content=\"image\/jpeg\" \/>\n<meta name=\"twitter:card\" content=\"summary_large_image\" \/>\n<script type=\"application\/ld+json\" class=\"yoast-schema-graph\">{\"@context\":\"https:\\\/\\\/schema.org\",\"@graph\":[{\"@type\":\"WebPage\",\"@id\":\"https:\\\/\\\/les-routes-buissonnieres.fr\\\/boutik\\\/produit\\\/tuyau-reservoir-ldf-maitre-cylindre-combi\\\/\",\"url\":\"https:\\\/\\\/les-routes-buissonnieres.fr\\\/boutik\\\/produit\\\/tuyau-reservoir-ldf-maitre-cylindre-combi\\\/\",\"name\":\"TUYAU ENTRE R\u00c9SERVOIR ET MC COMBI 71-79 - La boutique LRB\",\"isPartOf\":{\"@id\":\"https:\\\/\\\/les-routes-buissonnieres.fr\\\/boutik\\\/#website\"},\"primaryImageOfPage\":{\"@id\":\"https:\\\/\\\/les-routes-buissonnieres.fr\\\/boutik\\\/produit\\\/tuyau-reservoir-ldf-maitre-cylindre-combi\\\/#primaryimage\"},\"image\":{\"@id\":\"https:\\\/\\\/les-routes-buissonnieres.fr\\\/boutik\\\/produit\\\/tuyau-reservoir-ldf-maitre-cylindre-combi\\\/#primaryimage\"},\"thumbnailUrl\":\"https:\\\/\\\/les-routes-buissonnieres.fr\\\/boutik\\\/wp-content\\\/uploads\\\/2017\\\/10\\\/NVWI112-vw-ailettes-et-carbus.jpg\",\"datePublished\":\"2017-10-15T19:05:31+00:00\",\"dateModified\":\"2025-10-03T12:12:03+00:00\",\"description\":\"Tuyau entre r\u00e9servoir et MC Combi 71-79. Tuyau rigide en plastique noir. Il relie le bocal de remplissage de liquide de frein au ma\u00eetre-cylindre.\",\"breadcrumb\":{\"@id\":\"https:\\\/\\\/les-routes-buissonnieres.fr\\\/boutik\\\/produit\\\/tuyau-reservoir-ldf-maitre-cylindre-combi\\\/#breadcrumb\"},\"inLanguage\":\"fr-FR\",\"potentialAction\":[{\"@type\":\"ReadAction\",\"target\":[\"https:\\\/\\\/les-routes-buissonnieres.fr\\\/boutik\\\/produit\\\/tuyau-reservoir-ldf-maitre-cylindre-combi\\\/\"]}]},{\"@type\":\"ImageObject\",\"inLanguage\":\"fr-FR\",\"@id\":\"https:\\\/\\\/les-routes-buissonnieres.fr\\\/boutik\\\/produit\\\/tuyau-reservoir-ldf-maitre-cylindre-combi\\\/#primaryimage\",\"url\":\"https:\\\/\\\/les-routes-buissonnieres.fr\\\/boutik\\\/wp-content\\\/uploads\\\/2017\\\/10\\\/NVWI112-vw-ailettes-et-carbus.jpg\",\"contentUrl\":\"https:\\\/\\\/les-routes-buissonnieres.fr\\\/boutik\\\/wp-content\\\/uploads\\\/2017\\\/10\\\/NVWI112-vw-ailettes-et-carbus.jpg\",\"width\":600,\"height\":600,\"caption\":\"Tuyau entre r\u00e9servoir\"},{\"@type\":\"BreadcrumbList\",\"@id\":\"https:\\\/\\\/les-routes-buissonnieres.fr\\\/boutik\\\/produit\\\/tuyau-reservoir-ldf-maitre-cylindre-combi\\\/#breadcrumb\",\"itemListElement\":[{\"@type\":\"ListItem\",\"position\":1,\"name\":\"Accueil\",\"item\":\"https:\\\/\\\/les-routes-buissonnieres.fr\\\/boutik\\\/\"},{\"@type\":\"ListItem\",\"position\":2,\"name\":\"Boutique\",\"item\":\"https:\\\/\\\/les-routes-buissonnieres.fr\\\/boutik\\\/\"},{\"@type\":\"ListItem\",\"position\":3,\"name\":\"TUYAU ENTRE R\u00c9SERVOIR ET MC COMBI 71-79\"}]},{\"@type\":\"WebSite\",\"@id\":\"https:\\\/\\\/les-routes-buissonnieres.fr\\\/boutik\\\/#website\",\"url\":\"https:\\\/\\\/les-routes-buissonnieres.fr\\\/boutik\\\/\",\"name\":\"La boutique LRB\",\"description\":\"Pi\u00e8ces d\u00e9tach\u00e9es Citro\u00ebn - VW refroidies par air\",\"publisher\":{\"@id\":\"https:\\\/\\\/les-routes-buissonnieres.fr\\\/boutik\\\/#organization\"},\"potentialAction\":[{\"@type\":\"SearchAction\",\"target\":{\"@type\":\"EntryPoint\",\"urlTemplate\":\"https:\\\/\\\/les-routes-buissonnieres.fr\\\/boutik\\\/?s={search_term_string}\"},\"query-input\":{\"@type\":\"PropertyValueSpecification\",\"valueRequired\":true,\"valueName\":\"search_term_string\"}}],\"inLanguage\":\"fr-FR\"},{\"@type\":\"Organization\",\"@id\":\"https:\\\/\\\/les-routes-buissonnieres.fr\\\/boutik\\\/#organization\",\"name\":\"La boutique LRB\",\"url\":\"https:\\\/\\\/les-routes-buissonnieres.fr\\\/boutik\\\/\",\"logo\":{\"@type\":\"ImageObject\",\"inLanguage\":\"fr-FR\",\"@id\":\"https:\\\/\\\/les-routes-buissonnieres.fr\\\/boutik\\\/#\\\/schema\\\/logo\\\/image\\\/\",\"url\":\"https:\\\/\\\/les-routes-buissonnieres.fr\\\/boutik\\\/wp-content\\\/uploads\\\/2023\\\/11\\\/cropped-logo-a-et-c-2023-orange.png\",\"contentUrl\":\"https:\\\/\\\/les-routes-buissonnieres.fr\\\/boutik\\\/wp-content\\\/uploads\\\/2023\\\/11\\\/cropped-logo-a-et-c-2023-orange.png\",\"width\":300,\"height\":176,\"caption\":\"La boutique LRB\"},\"image\":{\"@id\":\"https:\\\/\\\/les-routes-buissonnieres.fr\\\/boutik\\\/#\\\/schema\\\/logo\\\/image\\\/\"}}]}<\/script>\n<!-- \/ Yoast SEO plugin. -->","yoast_head_json":{"title":"TUYAU ENTRE R\u00c9SERVOIR ET MC COMBI 71-79 - La boutique LRB","description":"Tuyau entre r\u00e9servoir et MC Combi 71-79. Tuyau rigide en plastique noir. Il relie le bocal de remplissage de liquide de frein au ma\u00eetre-cylindre.","robots":{"index":"index","follow":"follow","max-snippet":"max-snippet:-1","max-image-preview":"max-image-preview:large","max-video-preview":"max-video-preview:-1"},"canonical":"https:\/\/les-routes-buissonnieres.fr\/boutik\/produit\/tuyau-reservoir-ldf-maitre-cylindre-combi\/","og_locale":"fr_FR","og_type":"article","og_title":"TUYAU ENTRE R\u00c9SERVOIR ET MC COMBI 71-79 - La boutique LRB","og_description":"Tuyau entre r\u00e9servoir et MC Combi 71-79. Tuyau rigide en plastique noir. Il relie le bocal de remplissage de liquide de frein au ma\u00eetre-cylindre.","og_url":"https:\/\/les-routes-buissonnieres.fr\/boutik\/produit\/tuyau-reservoir-ldf-maitre-cylindre-combi\/","og_site_name":"La boutique LRB","article_modified_time":"2025-10-03T12:12:03+00:00","og_image":[{"width":600,"height":600,"url":"https:\/\/les-routes-buissonnieres.fr\/boutik\/wp-content\/uploads\/2017\/10\/NVWI112-vw-ailettes-et-carbus.jpg","type":"image\/jpeg"}],"twitter_card":"summary_large_image","schema":{"@context":"https:\/\/schema.org","@graph":[{"@type":"WebPage","@id":"https:\/\/les-routes-buissonnieres.fr\/boutik\/produit\/tuyau-reservoir-ldf-maitre-cylindre-combi\/","url":"https:\/\/les-routes-buissonnieres.fr\/boutik\/produit\/tuyau-reservoir-ldf-maitre-cylindre-combi\/","name":"TUYAU ENTRE R\u00c9SERVOIR ET MC COMBI 71-79 - La boutique LRB","isPartOf":{"@id":"https:\/\/les-routes-buissonnieres.fr\/boutik\/#website"},"primaryImageOfPage":{"@id":"https:\/\/les-routes-buissonnieres.fr\/boutik\/produit\/tuyau-reservoir-ldf-maitre-cylindre-combi\/#primaryimage"},"image":{"@id":"https:\/\/les-routes-buissonnieres.fr\/boutik\/produit\/tuyau-reservoir-ldf-maitre-cylindre-combi\/#primaryimage"},"thumbnailUrl":"https:\/\/les-routes-buissonnieres.fr\/boutik\/wp-content\/uploads\/2017\/10\/NVWI112-vw-ailettes-et-carbus.jpg","datePublished":"2017-10-15T19:05:31+00:00","dateModified":"2025-10-03T12:12:03+00:00","description":"Tuyau entre r\u00e9servoir et MC Combi 71-79. Tuyau rigide en plastique noir. Il relie le bocal de remplissage de liquide de frein au ma\u00eetre-cylindre.","breadcrumb":{"@id":"https:\/\/les-routes-buissonnieres.fr\/boutik\/produit\/tuyau-reservoir-ldf-maitre-cylindre-combi\/#breadcrumb"},"inLanguage":"fr-FR","potentialAction":[{"@type":"ReadAction","target":["https:\/\/les-routes-buissonnieres.fr\/boutik\/produit\/tuyau-reservoir-ldf-maitre-cylindre-combi\/"]}]},{"@type":"ImageObject","inLanguage":"fr-FR","@id":"https:\/\/les-routes-buissonnieres.fr\/boutik\/produit\/tuyau-reservoir-ldf-maitre-cylindre-combi\/#primaryimage","url":"https:\/\/les-routes-buissonnieres.fr\/boutik\/wp-content\/uploads\/2017\/10\/NVWI112-vw-ailettes-et-carbus.jpg","contentUrl":"https:\/\/les-routes-buissonnieres.fr\/boutik\/wp-content\/uploads\/2017\/10\/NVWI112-vw-ailettes-et-carbus.jpg","width":600,"height":600,"caption":"Tuyau entre r\u00e9servoir"},{"@type":"BreadcrumbList","@id":"https:\/\/les-routes-buissonnieres.fr\/boutik\/produit\/tuyau-reservoir-ldf-maitre-cylindre-combi\/#breadcrumb","itemListElement":[{"@type":"ListItem","position":1,"name":"Accueil","item":"https:\/\/les-routes-buissonnieres.fr\/boutik\/"},{"@type":"ListItem","position":2,"name":"Boutique","item":"https:\/\/les-routes-buissonnieres.fr\/boutik\/"},{"@type":"ListItem","position":3,"name":"TUYAU ENTRE R\u00c9SERVOIR ET MC COMBI 71-79"}]},{"@type":"WebSite","@id":"https:\/\/les-routes-buissonnieres.fr\/boutik\/#website","url":"https:\/\/les-routes-buissonnieres.fr\/boutik\/","name":"La boutique LRB","description":"Pi\u00e8ces d\u00e9tach\u00e9es Citro\u00ebn - VW refroidies par air","publisher":{"@id":"https:\/\/les-routes-buissonnieres.fr\/boutik\/#organization"},"potentialAction":[{"@type":"SearchAction","target":{"@type":"EntryPoint","urlTemplate":"https:\/\/les-routes-buissonnieres.fr\/boutik\/?s={search_term_string}"},"query-input":{"@type":"PropertyValueSpecification","valueRequired":true,"valueName":"search_term_string"}}],"inLanguage":"fr-FR"},{"@type":"Organization","@id":"https:\/\/les-routes-buissonnieres.fr\/boutik\/#organization","name":"La boutique LRB","url":"https:\/\/les-routes-buissonnieres.fr\/boutik\/","logo":{"@type":"ImageObject","inLanguage":"fr-FR","@id":"https:\/\/les-routes-buissonnieres.fr\/boutik\/#\/schema\/logo\/image\/","url":"https:\/\/les-routes-buissonnieres.fr\/boutik\/wp-content\/uploads\/2023\/11\/cropped-logo-a-et-c-2023-orange.png","contentUrl":"https:\/\/les-routes-buissonnieres.fr\/boutik\/wp-content\/uploads\/2023\/11\/cropped-logo-a-et-c-2023-orange.png","width":300,"height":176,"caption":"La boutique LRB"},"image":{"@id":"https:\/\/les-routes-buissonnieres.fr\/boutik\/#\/schema\/logo\/image\/"}}]}},"_links":{"self":[{"href":"https:\/\/les-routes-buissonnieres.fr\/boutik\/wp-json\/wp\/v2\/product\/41898","targetHints":{"allow":["GET"]}}],"collection":[{"href":"https:\/\/les-routes-buissonnieres.fr\/boutik\/wp-json\/wp\/v2\/product"}],"about":[{"href":"https:\/\/les-routes-buissonnieres.fr\/boutik\/wp-json\/wp\/v2\/types\/product"}],"wp:featuredmedia":[{"embeddable":true,"href":"https:\/\/les-routes-buissonnieres.fr\/boutik\/wp-json\/wp\/v2\/media\/41935"}],"wp:attachment":[{"href":"https:\/\/les-routes-buissonnieres.fr\/boutik\/wp-json\/wp\/v2\/media?parent=41898"}],"wp:term":[{"taxonomy":"product_brand","embeddable":true,"href":"https:\/\/les-routes-buissonnieres.fr\/boutik\/wp-json\/wp\/v2\/product_brand?post=41898"},{"taxonomy":"product_cat","embeddable":true,"href":"https:\/\/les-routes-buissonnieres.fr\/boutik\/wp-json\/wp\/v2\/product_cat?post=41898"},{"taxonomy":"product_tag","embeddable":true,"href":"https:\/\/les-routes-buissonnieres.fr\/boutik\/wp-json\/wp\/v2\/product_tag?post=41898"}],"curies":[{"name":"wp","href":"https:\/\/api.w.org\/{rel}","templated":true}]}}