{"id":41968,"date":"2017-10-26T13:47:35","date_gmt":"2017-10-26T12:47:35","guid":{"rendered":"https:\/\/ailettes-et-carbus.fr\/?post_type=product&#038;p=41968"},"modified":"2025-10-03T13:17:03","modified_gmt":"2025-10-03T12:17:03","slug":"maitre-cylindre-combi-sans-servo-67-69","status":"publish","type":"product","link":"https:\/\/les-routes-buissonnieres.fr\/boutik\/produit\/maitre-cylindre-combi-sans-servo-67-69\/","title":{"rendered":"MA\u00ceTRE CYLINDRE COMBI T2A 67-69"},"content":{"rendered":"<p>Ma\u00eetre cylindre combi T2A sans servo 67-70.<\/p>\n<p>Refabrication correcte mais en de\u00e7\u00e0 de la pi\u00e8ce d&rsquo;origine. Pas d&rsquo;alternative d&rsquo;un bon rapport qualit\u00e9-prix actuellement.<\/p>\n<p>Ce ma\u00eetre cylindre fera son travail sans probl\u00e8me, cependant il n&rsquo;est pas exclu de penser que sa long\u00e9vit\u00e9 n&rsquo;\u00e9galera pas celle des mod\u00e8les d&rsquo;origine.<\/p>\n<p>V\u00e9rifiez bien le type de ma\u00eetre cylindre pr\u00e9sent sur votre v\u00e9hicule avant de commander.<\/p>\n<p>Diam\u00e8tre 22.2 mm<\/p>\n<p>Convient aux :<\/p>\n<ul>\n<li>VW <a href=\"http:\/\/vw-camper.fr\" target=\"_blank\" rel=\"noopener noreferrer\">combi<\/a> <a href=\"https:\/\/les-routes-buissonnieres.fr\/boutik\/bay-window-1981\/\">Bay <\/a>Window sans servo frein de 08\/67 \u00e0 07\/69.<\/li>\n<\/ul>\n","protected":false},"excerpt":{"rendered":"<p>Ma\u00eetre cylindre combi sans servo 67-69. Refabrication, qualit\u00e9 standard.<\/p>\n","protected":false},"featured_media":42380,"template":"","meta":[],"product_brand":[],"product_cat":[580,72,26],"product_tag":[224,220,1137,1138,1149,1213,433,223],"class_list":{"0":"post-41968","1":"product","2":"type-product","3":"status-publish","4":"has-post-thumbnail","6":"product_cat-bonnes-affaires","7":"product_cat-cv113-freinage","8":"product_cat-pieces-vw-combi-bay-window-type-2","9":"product_tag-bay-window","10":"product_tag-combi","11":"product_tag-freinage","12":"product_tag-freins","13":"product_tag-maitre-cylindre","14":"product_tag-systeme-de-freinage","15":"product_tag-type2","16":"product_tag-vw","18":"first","19":"instock","20":"sale","21":"taxable","22":"shipping-taxable","23":"purchasable","24":"product-type-simple"},"yoast_head":"<!-- This site is optimized with the Yoast SEO plugin v27.4 - https:\/\/yoast.com\/product\/yoast-seo-wordpress\/ -->\n<title>MA\u00ceTRE CYLINDRE COMBI T2A 67-69 - La boutique LRB<\/title>\n<meta name=\"description\" content=\"Ma\u00eetre cylindre combi sans servo 67-69. Refabrication de bonne qualit\u00e9 mais en de\u00e7\u00e0 de la pi\u00e8ce d&#039;origine. Pas d&#039;alternative actuellement.\" \/>\n<meta name=\"robots\" content=\"index, follow, max-snippet:-1, max-image-preview:large, max-video-preview:-1\" \/>\n<link rel=\"canonical\" href=\"https:\/\/les-routes-buissonnieres.fr\/boutik\/produit\/maitre-cylindre-combi-sans-servo-67-69\/\" \/>\n<meta property=\"og:locale\" content=\"fr_FR\" \/>\n<meta property=\"og:type\" content=\"article\" \/>\n<meta property=\"og:title\" content=\"MA\u00ceTRE CYLINDRE COMBI T2A 67-69 - La boutique LRB\" \/>\n<meta property=\"og:description\" content=\"Ma\u00eetre cylindre combi sans servo 67-69. Refabrication de bonne qualit\u00e9 mais en de\u00e7\u00e0 de la pi\u00e8ce d&#039;origine. Pas d&#039;alternative actuellement.\" \/>\n<meta property=\"og:url\" content=\"https:\/\/les-routes-buissonnieres.fr\/boutik\/produit\/maitre-cylindre-combi-sans-servo-67-69\/\" \/>\n<meta property=\"og:site_name\" content=\"La boutique LRB\" \/>\n<meta property=\"article:modified_time\" content=\"2025-10-03T12:17:03+00:00\" \/>\n<meta property=\"og:image\" content=\"https:\/\/les-routes-buissonnieres.fr\/boutik\/wp-content\/uploads\/2017\/10\/NVWI126-ailettes-et-carbus.jpg\" \/>\n\t<meta property=\"og:image:width\" content=\"480\" \/>\n\t<meta property=\"og:image:height\" content=\"480\" \/>\n\t<meta property=\"og:image:type\" content=\"image\/jpeg\" \/>\n<meta name=\"twitter:card\" content=\"summary_large_image\" \/>\n<meta name=\"twitter:label1\" content=\"Dur\u00e9e de lecture estim\u00e9e\" \/>\n\t<meta name=\"twitter:data1\" content=\"1 minute\" \/>\n<script type=\"application\/ld+json\" class=\"yoast-schema-graph\">{\"@context\":\"https:\\\/\\\/schema.org\",\"@graph\":[{\"@type\":\"WebPage\",\"@id\":\"https:\\\/\\\/les-routes-buissonnieres.fr\\\/boutik\\\/produit\\\/maitre-cylindre-combi-sans-servo-67-69\\\/\",\"url\":\"https:\\\/\\\/les-routes-buissonnieres.fr\\\/boutik\\\/produit\\\/maitre-cylindre-combi-sans-servo-67-69\\\/\",\"name\":\"MA\u00ceTRE CYLINDRE COMBI T2A 67-69 - La boutique LRB\",\"isPartOf\":{\"@id\":\"https:\\\/\\\/les-routes-buissonnieres.fr\\\/boutik\\\/#website\"},\"primaryImageOfPage\":{\"@id\":\"https:\\\/\\\/les-routes-buissonnieres.fr\\\/boutik\\\/produit\\\/maitre-cylindre-combi-sans-servo-67-69\\\/#primaryimage\"},\"image\":{\"@id\":\"https:\\\/\\\/les-routes-buissonnieres.fr\\\/boutik\\\/produit\\\/maitre-cylindre-combi-sans-servo-67-69\\\/#primaryimage\"},\"thumbnailUrl\":\"https:\\\/\\\/les-routes-buissonnieres.fr\\\/boutik\\\/wp-content\\\/uploads\\\/2017\\\/10\\\/NVWI126-ailettes-et-carbus.jpg\",\"datePublished\":\"2017-10-26T12:47:35+00:00\",\"dateModified\":\"2025-10-03T12:17:03+00:00\",\"description\":\"Ma\u00eetre cylindre combi sans servo 67-69. Refabrication de bonne qualit\u00e9 mais en de\u00e7\u00e0 de la pi\u00e8ce d'origine. Pas d'alternative actuellement.\",\"breadcrumb\":{\"@id\":\"https:\\\/\\\/les-routes-buissonnieres.fr\\\/boutik\\\/produit\\\/maitre-cylindre-combi-sans-servo-67-69\\\/#breadcrumb\"},\"inLanguage\":\"fr-FR\",\"potentialAction\":[{\"@type\":\"ReadAction\",\"target\":[\"https:\\\/\\\/les-routes-buissonnieres.fr\\\/boutik\\\/produit\\\/maitre-cylindre-combi-sans-servo-67-69\\\/\"]}]},{\"@type\":\"ImageObject\",\"inLanguage\":\"fr-FR\",\"@id\":\"https:\\\/\\\/les-routes-buissonnieres.fr\\\/boutik\\\/produit\\\/maitre-cylindre-combi-sans-servo-67-69\\\/#primaryimage\",\"url\":\"https:\\\/\\\/les-routes-buissonnieres.fr\\\/boutik\\\/wp-content\\\/uploads\\\/2017\\\/10\\\/NVWI126-ailettes-et-carbus.jpg\",\"contentUrl\":\"https:\\\/\\\/les-routes-buissonnieres.fr\\\/boutik\\\/wp-content\\\/uploads\\\/2017\\\/10\\\/NVWI126-ailettes-et-carbus.jpg\",\"width\":480,\"height\":480,\"caption\":\"Ma\u00eetre cylindre combi sans servo 67-69\"},{\"@type\":\"BreadcrumbList\",\"@id\":\"https:\\\/\\\/les-routes-buissonnieres.fr\\\/boutik\\\/produit\\\/maitre-cylindre-combi-sans-servo-67-69\\\/#breadcrumb\",\"itemListElement\":[{\"@type\":\"ListItem\",\"position\":1,\"name\":\"Accueil\",\"item\":\"https:\\\/\\\/les-routes-buissonnieres.fr\\\/boutik\\\/\"},{\"@type\":\"ListItem\",\"position\":2,\"name\":\"Boutique\",\"item\":\"https:\\\/\\\/les-routes-buissonnieres.fr\\\/boutik\\\/\"},{\"@type\":\"ListItem\",\"position\":3,\"name\":\"MA\u00ceTRE CYLINDRE COMBI T2A 67-69\"}]},{\"@type\":\"WebSite\",\"@id\":\"https:\\\/\\\/les-routes-buissonnieres.fr\\\/boutik\\\/#website\",\"url\":\"https:\\\/\\\/les-routes-buissonnieres.fr\\\/boutik\\\/\",\"name\":\"La boutique LRB\",\"description\":\"Pi\u00e8ces d\u00e9tach\u00e9es Citro\u00ebn - VW refroidies par air\",\"publisher\":{\"@id\":\"https:\\\/\\\/les-routes-buissonnieres.fr\\\/boutik\\\/#organization\"},\"potentialAction\":[{\"@type\":\"SearchAction\",\"target\":{\"@type\":\"EntryPoint\",\"urlTemplate\":\"https:\\\/\\\/les-routes-buissonnieres.fr\\\/boutik\\\/?s={search_term_string}\"},\"query-input\":{\"@type\":\"PropertyValueSpecification\",\"valueRequired\":true,\"valueName\":\"search_term_string\"}}],\"inLanguage\":\"fr-FR\"},{\"@type\":\"Organization\",\"@id\":\"https:\\\/\\\/les-routes-buissonnieres.fr\\\/boutik\\\/#organization\",\"name\":\"La boutique LRB\",\"url\":\"https:\\\/\\\/les-routes-buissonnieres.fr\\\/boutik\\\/\",\"logo\":{\"@type\":\"ImageObject\",\"inLanguage\":\"fr-FR\",\"@id\":\"https:\\\/\\\/les-routes-buissonnieres.fr\\\/boutik\\\/#\\\/schema\\\/logo\\\/image\\\/\",\"url\":\"https:\\\/\\\/les-routes-buissonnieres.fr\\\/boutik\\\/wp-content\\\/uploads\\\/2023\\\/11\\\/cropped-logo-a-et-c-2023-orange.png\",\"contentUrl\":\"https:\\\/\\\/les-routes-buissonnieres.fr\\\/boutik\\\/wp-content\\\/uploads\\\/2023\\\/11\\\/cropped-logo-a-et-c-2023-orange.png\",\"width\":300,\"height\":176,\"caption\":\"La boutique LRB\"},\"image\":{\"@id\":\"https:\\\/\\\/les-routes-buissonnieres.fr\\\/boutik\\\/#\\\/schema\\\/logo\\\/image\\\/\"}}]}<\/script>\n<!-- \/ Yoast SEO plugin. -->","yoast_head_json":{"title":"MA\u00ceTRE CYLINDRE COMBI T2A 67-69 - La boutique LRB","description":"Ma\u00eetre cylindre combi sans servo 67-69. Refabrication de bonne qualit\u00e9 mais en de\u00e7\u00e0 de la pi\u00e8ce d'origine. Pas d'alternative actuellement.","robots":{"index":"index","follow":"follow","max-snippet":"max-snippet:-1","max-image-preview":"max-image-preview:large","max-video-preview":"max-video-preview:-1"},"canonical":"https:\/\/les-routes-buissonnieres.fr\/boutik\/produit\/maitre-cylindre-combi-sans-servo-67-69\/","og_locale":"fr_FR","og_type":"article","og_title":"MA\u00ceTRE CYLINDRE COMBI T2A 67-69 - La boutique LRB","og_description":"Ma\u00eetre cylindre combi sans servo 67-69. Refabrication de bonne qualit\u00e9 mais en de\u00e7\u00e0 de la pi\u00e8ce d'origine. Pas d'alternative actuellement.","og_url":"https:\/\/les-routes-buissonnieres.fr\/boutik\/produit\/maitre-cylindre-combi-sans-servo-67-69\/","og_site_name":"La boutique LRB","article_modified_time":"2025-10-03T12:17:03+00:00","og_image":[{"width":480,"height":480,"url":"https:\/\/les-routes-buissonnieres.fr\/boutik\/wp-content\/uploads\/2017\/10\/NVWI126-ailettes-et-carbus.jpg","type":"image\/jpeg"}],"twitter_card":"summary_large_image","twitter_misc":{"Dur\u00e9e de lecture estim\u00e9e":"1 minute"},"schema":{"@context":"https:\/\/schema.org","@graph":[{"@type":"WebPage","@id":"https:\/\/les-routes-buissonnieres.fr\/boutik\/produit\/maitre-cylindre-combi-sans-servo-67-69\/","url":"https:\/\/les-routes-buissonnieres.fr\/boutik\/produit\/maitre-cylindre-combi-sans-servo-67-69\/","name":"MA\u00ceTRE CYLINDRE COMBI T2A 67-69 - La boutique LRB","isPartOf":{"@id":"https:\/\/les-routes-buissonnieres.fr\/boutik\/#website"},"primaryImageOfPage":{"@id":"https:\/\/les-routes-buissonnieres.fr\/boutik\/produit\/maitre-cylindre-combi-sans-servo-67-69\/#primaryimage"},"image":{"@id":"https:\/\/les-routes-buissonnieres.fr\/boutik\/produit\/maitre-cylindre-combi-sans-servo-67-69\/#primaryimage"},"thumbnailUrl":"https:\/\/les-routes-buissonnieres.fr\/boutik\/wp-content\/uploads\/2017\/10\/NVWI126-ailettes-et-carbus.jpg","datePublished":"2017-10-26T12:47:35+00:00","dateModified":"2025-10-03T12:17:03+00:00","description":"Ma\u00eetre cylindre combi sans servo 67-69. Refabrication de bonne qualit\u00e9 mais en de\u00e7\u00e0 de la pi\u00e8ce d'origine. Pas d'alternative actuellement.","breadcrumb":{"@id":"https:\/\/les-routes-buissonnieres.fr\/boutik\/produit\/maitre-cylindre-combi-sans-servo-67-69\/#breadcrumb"},"inLanguage":"fr-FR","potentialAction":[{"@type":"ReadAction","target":["https:\/\/les-routes-buissonnieres.fr\/boutik\/produit\/maitre-cylindre-combi-sans-servo-67-69\/"]}]},{"@type":"ImageObject","inLanguage":"fr-FR","@id":"https:\/\/les-routes-buissonnieres.fr\/boutik\/produit\/maitre-cylindre-combi-sans-servo-67-69\/#primaryimage","url":"https:\/\/les-routes-buissonnieres.fr\/boutik\/wp-content\/uploads\/2017\/10\/NVWI126-ailettes-et-carbus.jpg","contentUrl":"https:\/\/les-routes-buissonnieres.fr\/boutik\/wp-content\/uploads\/2017\/10\/NVWI126-ailettes-et-carbus.jpg","width":480,"height":480,"caption":"Ma\u00eetre cylindre combi sans servo 67-69"},{"@type":"BreadcrumbList","@id":"https:\/\/les-routes-buissonnieres.fr\/boutik\/produit\/maitre-cylindre-combi-sans-servo-67-69\/#breadcrumb","itemListElement":[{"@type":"ListItem","position":1,"name":"Accueil","item":"https:\/\/les-routes-buissonnieres.fr\/boutik\/"},{"@type":"ListItem","position":2,"name":"Boutique","item":"https:\/\/les-routes-buissonnieres.fr\/boutik\/"},{"@type":"ListItem","position":3,"name":"MA\u00ceTRE CYLINDRE COMBI T2A 67-69"}]},{"@type":"WebSite","@id":"https:\/\/les-routes-buissonnieres.fr\/boutik\/#website","url":"https:\/\/les-routes-buissonnieres.fr\/boutik\/","name":"La boutique LRB","description":"Pi\u00e8ces d\u00e9tach\u00e9es Citro\u00ebn - VW refroidies par air","publisher":{"@id":"https:\/\/les-routes-buissonnieres.fr\/boutik\/#organization"},"potentialAction":[{"@type":"SearchAction","target":{"@type":"EntryPoint","urlTemplate":"https:\/\/les-routes-buissonnieres.fr\/boutik\/?s={search_term_string}"},"query-input":{"@type":"PropertyValueSpecification","valueRequired":true,"valueName":"search_term_string"}}],"inLanguage":"fr-FR"},{"@type":"Organization","@id":"https:\/\/les-routes-buissonnieres.fr\/boutik\/#organization","name":"La boutique LRB","url":"https:\/\/les-routes-buissonnieres.fr\/boutik\/","logo":{"@type":"ImageObject","inLanguage":"fr-FR","@id":"https:\/\/les-routes-buissonnieres.fr\/boutik\/#\/schema\/logo\/image\/","url":"https:\/\/les-routes-buissonnieres.fr\/boutik\/wp-content\/uploads\/2023\/11\/cropped-logo-a-et-c-2023-orange.png","contentUrl":"https:\/\/les-routes-buissonnieres.fr\/boutik\/wp-content\/uploads\/2023\/11\/cropped-logo-a-et-c-2023-orange.png","width":300,"height":176,"caption":"La boutique LRB"},"image":{"@id":"https:\/\/les-routes-buissonnieres.fr\/boutik\/#\/schema\/logo\/image\/"}}]}},"_links":{"self":[{"href":"https:\/\/les-routes-buissonnieres.fr\/boutik\/wp-json\/wp\/v2\/product\/41968","targetHints":{"allow":["GET"]}}],"collection":[{"href":"https:\/\/les-routes-buissonnieres.fr\/boutik\/wp-json\/wp\/v2\/product"}],"about":[{"href":"https:\/\/les-routes-buissonnieres.fr\/boutik\/wp-json\/wp\/v2\/types\/product"}],"wp:featuredmedia":[{"embeddable":true,"href":"https:\/\/les-routes-buissonnieres.fr\/boutik\/wp-json\/wp\/v2\/media\/42380"}],"wp:attachment":[{"href":"https:\/\/les-routes-buissonnieres.fr\/boutik\/wp-json\/wp\/v2\/media?parent=41968"}],"wp:term":[{"taxonomy":"product_brand","embeddable":true,"href":"https:\/\/les-routes-buissonnieres.fr\/boutik\/wp-json\/wp\/v2\/product_brand?post=41968"},{"taxonomy":"product_cat","embeddable":true,"href":"https:\/\/les-routes-buissonnieres.fr\/boutik\/wp-json\/wp\/v2\/product_cat?post=41968"},{"taxonomy":"product_tag","embeddable":true,"href":"https:\/\/les-routes-buissonnieres.fr\/boutik\/wp-json\/wp\/v2\/product_tag?post=41968"}],"curies":[{"name":"wp","href":"https:\/\/api.w.org\/{rel}","templated":true}]}}