{"id":41995,"date":"2017-10-26T13:09:25","date_gmt":"2017-10-26T12:09:25","guid":{"rendered":"https:\/\/ailettes-et-carbus.fr\/?post_type=product&#038;p=41995"},"modified":"2024-01-03T20:19:50","modified_gmt":"2024-01-03T19:19:50","slug":"clip-axe-fam-cox-combi-split-bay-bresil","status":"publish","type":"product","link":"https:\/\/les-routes-buissonnieres.fr\/boutik\/produit\/clip-axe-fam-cox-combi-split-bay-bresil\/","title":{"rendered":"CLIP AXE FAM COX COMBI SPLIT BAY BR\u00c9SIL"},"content":{"rendered":"<p>Clip axe FAM cox combi split bay Br\u00e9sil.<\/p>\n<p>Reproduction de tr\u00e8s bonne qualit\u00e9 pour ce clip de frein \u00e0 main. A commander lors du remplacement de vos m\u00e2choires de frein.<\/p>\n<p>Convient aux:<\/p>\n<ul>\n<li>VW <a href=\"http:\/\/t3zone.com\" target=\"_blank\" rel=\"noopener noreferrer\">Coccinelle <\/a>de 1946 \u00e0 1998<\/li>\n<li>VW Combi Split de 1950 \u00e0 1967<\/li>\n<li>VW Combi Bay Window de 1967 \u00e0 1979<\/li>\n<li>VW Combi Split Br\u00e9silien jusqu&rsquo;\u00e0 1975<\/li>\n<li>VW combi <a href=\"https:\/\/les-routes-buissonnieres.fr\/boutik\/combi-clipper-1987\/\">Clipper <\/a>Br\u00e9silien jusqu&rsquo;\u00e0 2013<\/li>\n<\/ul>\n","protected":false},"excerpt":{"rendered":"<p>Clip axe FAM cox combi split bay Br\u00e9sil. A remplacer lors du changement de m\u00e2choires.<\/p>\n","protected":false},"featured_media":42402,"template":"","meta":[],"product_brand":[],"product_cat":[72,2143,44,58,25,26,1988,27],"product_tag":[224,1226,219,220,1199,671,218,1158,1205,1137,1164],"class_list":{"0":"post-41995","1":"product","2":"type-product","3":"status-publish","4":"has-post-thumbnail","6":"product_cat-cv113-freinage","7":"product_cat-freinage-clipper","8":"product_cat-cv21-freinage","9":"product_cat-cv99-freinage","10":"product_cat-pieces-vw-coccinelle-type-1","11":"product_cat-pieces-vw-combi-bay-window-type-2","12":"product_cat-pieces-vw-combi-bresilien-split-clipper","13":"product_cat-piece-vw-combi-split-type-2","14":"product_tag-bay-window","15":"product_tag-clip-daxe-de-frein-a-main","16":"product_tag-coccinelle","17":"product_tag-combi","18":"product_tag-combi-clipper","19":"product_tag-combi-split","20":"product_tag-cox","21":"product_tag-frein","22":"product_tag-frein-a-main","23":"product_tag-freinage","24":"product_tag-split-bresilien","26":"first","27":"instock","28":"taxable","29":"shipping-taxable","30":"purchasable","31":"product-type-simple"},"yoast_head":"<!-- This site is optimized with the Yoast SEO plugin v27.4 - https:\/\/yoast.com\/product\/yoast-seo-wordpress\/ -->\n<title>CLIP AXE FAM COX COMBI SPLIT BAY BR\u00c9SIL - La boutique LRB<\/title>\n<meta name=\"description\" content=\"Clip axe FAM cox combi split bay Br\u00e9sil. Reproduction de tr\u00e8s bonne qualit\u00e9 pour ce clip de frein \u00e0 main.\" \/>\n<meta name=\"robots\" content=\"index, follow, max-snippet:-1, max-image-preview:large, max-video-preview:-1\" \/>\n<link rel=\"canonical\" href=\"https:\/\/les-routes-buissonnieres.fr\/boutik\/produit\/clip-axe-fam-cox-combi-split-bay-bresil\/\" \/>\n<meta property=\"og:locale\" content=\"fr_FR\" \/>\n<meta property=\"og:type\" content=\"article\" \/>\n<meta property=\"og:title\" content=\"CLIP AXE FAM COX COMBI SPLIT BAY BR\u00c9SIL - La boutique LRB\" \/>\n<meta property=\"og:description\" content=\"Clip axe FAM cox combi split bay Br\u00e9sil. Reproduction de tr\u00e8s bonne qualit\u00e9 pour ce clip de frein \u00e0 main.\" \/>\n<meta property=\"og:url\" content=\"https:\/\/les-routes-buissonnieres.fr\/boutik\/produit\/clip-axe-fam-cox-combi-split-bay-bresil\/\" \/>\n<meta property=\"og:site_name\" content=\"La boutique LRB\" \/>\n<meta property=\"article:modified_time\" content=\"2024-01-03T19:19:50+00:00\" \/>\n<meta property=\"og:image\" content=\"https:\/\/les-routes-buissonnieres.fr\/boutik\/wp-content\/uploads\/2017\/10\/NVWI149-ailettes-et-carbus.jpg\" \/>\n\t<meta property=\"og:image:width\" content=\"480\" \/>\n\t<meta property=\"og:image:height\" content=\"480\" \/>\n\t<meta property=\"og:image:type\" content=\"image\/jpeg\" \/>\n<meta name=\"twitter:card\" content=\"summary_large_image\" \/>\n<script type=\"application\/ld+json\" class=\"yoast-schema-graph\">{\"@context\":\"https:\\\/\\\/schema.org\",\"@graph\":[{\"@type\":\"WebPage\",\"@id\":\"https:\\\/\\\/les-routes-buissonnieres.fr\\\/boutik\\\/produit\\\/clip-axe-fam-cox-combi-split-bay-bresil\\\/\",\"url\":\"https:\\\/\\\/les-routes-buissonnieres.fr\\\/boutik\\\/produit\\\/clip-axe-fam-cox-combi-split-bay-bresil\\\/\",\"name\":\"CLIP AXE FAM COX COMBI SPLIT BAY BR\u00c9SIL - La boutique LRB\",\"isPartOf\":{\"@id\":\"https:\\\/\\\/les-routes-buissonnieres.fr\\\/boutik\\\/#website\"},\"primaryImageOfPage\":{\"@id\":\"https:\\\/\\\/les-routes-buissonnieres.fr\\\/boutik\\\/produit\\\/clip-axe-fam-cox-combi-split-bay-bresil\\\/#primaryimage\"},\"image\":{\"@id\":\"https:\\\/\\\/les-routes-buissonnieres.fr\\\/boutik\\\/produit\\\/clip-axe-fam-cox-combi-split-bay-bresil\\\/#primaryimage\"},\"thumbnailUrl\":\"https:\\\/\\\/les-routes-buissonnieres.fr\\\/boutik\\\/wp-content\\\/uploads\\\/2017\\\/10\\\/NVWI149-ailettes-et-carbus.jpg\",\"datePublished\":\"2017-10-26T12:09:25+00:00\",\"dateModified\":\"2024-01-03T19:19:50+00:00\",\"description\":\"Clip axe FAM cox combi split bay Br\u00e9sil. Reproduction de tr\u00e8s bonne qualit\u00e9 pour ce clip de frein \u00e0 main.\",\"breadcrumb\":{\"@id\":\"https:\\\/\\\/les-routes-buissonnieres.fr\\\/boutik\\\/produit\\\/clip-axe-fam-cox-combi-split-bay-bresil\\\/#breadcrumb\"},\"inLanguage\":\"fr-FR\",\"potentialAction\":[{\"@type\":\"ReadAction\",\"target\":[\"https:\\\/\\\/les-routes-buissonnieres.fr\\\/boutik\\\/produit\\\/clip-axe-fam-cox-combi-split-bay-bresil\\\/\"]}]},{\"@type\":\"ImageObject\",\"inLanguage\":\"fr-FR\",\"@id\":\"https:\\\/\\\/les-routes-buissonnieres.fr\\\/boutik\\\/produit\\\/clip-axe-fam-cox-combi-split-bay-bresil\\\/#primaryimage\",\"url\":\"https:\\\/\\\/les-routes-buissonnieres.fr\\\/boutik\\\/wp-content\\\/uploads\\\/2017\\\/10\\\/NVWI149-ailettes-et-carbus.jpg\",\"contentUrl\":\"https:\\\/\\\/les-routes-buissonnieres.fr\\\/boutik\\\/wp-content\\\/uploads\\\/2017\\\/10\\\/NVWI149-ailettes-et-carbus.jpg\",\"width\":480,\"height\":480,\"caption\":\"Clip axe FAM cox combi split bay Br\u00e9sil\"},{\"@type\":\"BreadcrumbList\",\"@id\":\"https:\\\/\\\/les-routes-buissonnieres.fr\\\/boutik\\\/produit\\\/clip-axe-fam-cox-combi-split-bay-bresil\\\/#breadcrumb\",\"itemListElement\":[{\"@type\":\"ListItem\",\"position\":1,\"name\":\"Accueil\",\"item\":\"https:\\\/\\\/les-routes-buissonnieres.fr\\\/boutik\\\/\"},{\"@type\":\"ListItem\",\"position\":2,\"name\":\"Boutique\",\"item\":\"https:\\\/\\\/les-routes-buissonnieres.fr\\\/boutik\\\/\"},{\"@type\":\"ListItem\",\"position\":3,\"name\":\"CLIP AXE FAM COX COMBI SPLIT BAY BR\u00c9SIL\"}]},{\"@type\":\"WebSite\",\"@id\":\"https:\\\/\\\/les-routes-buissonnieres.fr\\\/boutik\\\/#website\",\"url\":\"https:\\\/\\\/les-routes-buissonnieres.fr\\\/boutik\\\/\",\"name\":\"La boutique LRB\",\"description\":\"Pi\u00e8ces d\u00e9tach\u00e9es Citro\u00ebn - VW refroidies par air\",\"publisher\":{\"@id\":\"https:\\\/\\\/les-routes-buissonnieres.fr\\\/boutik\\\/#organization\"},\"potentialAction\":[{\"@type\":\"SearchAction\",\"target\":{\"@type\":\"EntryPoint\",\"urlTemplate\":\"https:\\\/\\\/les-routes-buissonnieres.fr\\\/boutik\\\/?s={search_term_string}\"},\"query-input\":{\"@type\":\"PropertyValueSpecification\",\"valueRequired\":true,\"valueName\":\"search_term_string\"}}],\"inLanguage\":\"fr-FR\"},{\"@type\":\"Organization\",\"@id\":\"https:\\\/\\\/les-routes-buissonnieres.fr\\\/boutik\\\/#organization\",\"name\":\"La boutique LRB\",\"url\":\"https:\\\/\\\/les-routes-buissonnieres.fr\\\/boutik\\\/\",\"logo\":{\"@type\":\"ImageObject\",\"inLanguage\":\"fr-FR\",\"@id\":\"https:\\\/\\\/les-routes-buissonnieres.fr\\\/boutik\\\/#\\\/schema\\\/logo\\\/image\\\/\",\"url\":\"https:\\\/\\\/les-routes-buissonnieres.fr\\\/boutik\\\/wp-content\\\/uploads\\\/2023\\\/11\\\/cropped-logo-a-et-c-2023-orange.png\",\"contentUrl\":\"https:\\\/\\\/les-routes-buissonnieres.fr\\\/boutik\\\/wp-content\\\/uploads\\\/2023\\\/11\\\/cropped-logo-a-et-c-2023-orange.png\",\"width\":300,\"height\":176,\"caption\":\"La boutique LRB\"},\"image\":{\"@id\":\"https:\\\/\\\/les-routes-buissonnieres.fr\\\/boutik\\\/#\\\/schema\\\/logo\\\/image\\\/\"}}]}<\/script>\n<!-- \/ Yoast SEO plugin. -->","yoast_head_json":{"title":"CLIP AXE FAM COX COMBI SPLIT BAY BR\u00c9SIL - La boutique LRB","description":"Clip axe FAM cox combi split bay Br\u00e9sil. Reproduction de tr\u00e8s bonne qualit\u00e9 pour ce clip de frein \u00e0 main.","robots":{"index":"index","follow":"follow","max-snippet":"max-snippet:-1","max-image-preview":"max-image-preview:large","max-video-preview":"max-video-preview:-1"},"canonical":"https:\/\/les-routes-buissonnieres.fr\/boutik\/produit\/clip-axe-fam-cox-combi-split-bay-bresil\/","og_locale":"fr_FR","og_type":"article","og_title":"CLIP AXE FAM COX COMBI SPLIT BAY BR\u00c9SIL - La boutique LRB","og_description":"Clip axe FAM cox combi split bay Br\u00e9sil. Reproduction de tr\u00e8s bonne qualit\u00e9 pour ce clip de frein \u00e0 main.","og_url":"https:\/\/les-routes-buissonnieres.fr\/boutik\/produit\/clip-axe-fam-cox-combi-split-bay-bresil\/","og_site_name":"La boutique LRB","article_modified_time":"2024-01-03T19:19:50+00:00","og_image":[{"width":480,"height":480,"url":"https:\/\/les-routes-buissonnieres.fr\/boutik\/wp-content\/uploads\/2017\/10\/NVWI149-ailettes-et-carbus.jpg","type":"image\/jpeg"}],"twitter_card":"summary_large_image","schema":{"@context":"https:\/\/schema.org","@graph":[{"@type":"WebPage","@id":"https:\/\/les-routes-buissonnieres.fr\/boutik\/produit\/clip-axe-fam-cox-combi-split-bay-bresil\/","url":"https:\/\/les-routes-buissonnieres.fr\/boutik\/produit\/clip-axe-fam-cox-combi-split-bay-bresil\/","name":"CLIP AXE FAM COX COMBI SPLIT BAY BR\u00c9SIL - La boutique LRB","isPartOf":{"@id":"https:\/\/les-routes-buissonnieres.fr\/boutik\/#website"},"primaryImageOfPage":{"@id":"https:\/\/les-routes-buissonnieres.fr\/boutik\/produit\/clip-axe-fam-cox-combi-split-bay-bresil\/#primaryimage"},"image":{"@id":"https:\/\/les-routes-buissonnieres.fr\/boutik\/produit\/clip-axe-fam-cox-combi-split-bay-bresil\/#primaryimage"},"thumbnailUrl":"https:\/\/les-routes-buissonnieres.fr\/boutik\/wp-content\/uploads\/2017\/10\/NVWI149-ailettes-et-carbus.jpg","datePublished":"2017-10-26T12:09:25+00:00","dateModified":"2024-01-03T19:19:50+00:00","description":"Clip axe FAM cox combi split bay Br\u00e9sil. Reproduction de tr\u00e8s bonne qualit\u00e9 pour ce clip de frein \u00e0 main.","breadcrumb":{"@id":"https:\/\/les-routes-buissonnieres.fr\/boutik\/produit\/clip-axe-fam-cox-combi-split-bay-bresil\/#breadcrumb"},"inLanguage":"fr-FR","potentialAction":[{"@type":"ReadAction","target":["https:\/\/les-routes-buissonnieres.fr\/boutik\/produit\/clip-axe-fam-cox-combi-split-bay-bresil\/"]}]},{"@type":"ImageObject","inLanguage":"fr-FR","@id":"https:\/\/les-routes-buissonnieres.fr\/boutik\/produit\/clip-axe-fam-cox-combi-split-bay-bresil\/#primaryimage","url":"https:\/\/les-routes-buissonnieres.fr\/boutik\/wp-content\/uploads\/2017\/10\/NVWI149-ailettes-et-carbus.jpg","contentUrl":"https:\/\/les-routes-buissonnieres.fr\/boutik\/wp-content\/uploads\/2017\/10\/NVWI149-ailettes-et-carbus.jpg","width":480,"height":480,"caption":"Clip axe FAM cox combi split bay Br\u00e9sil"},{"@type":"BreadcrumbList","@id":"https:\/\/les-routes-buissonnieres.fr\/boutik\/produit\/clip-axe-fam-cox-combi-split-bay-bresil\/#breadcrumb","itemListElement":[{"@type":"ListItem","position":1,"name":"Accueil","item":"https:\/\/les-routes-buissonnieres.fr\/boutik\/"},{"@type":"ListItem","position":2,"name":"Boutique","item":"https:\/\/les-routes-buissonnieres.fr\/boutik\/"},{"@type":"ListItem","position":3,"name":"CLIP AXE FAM COX COMBI SPLIT BAY BR\u00c9SIL"}]},{"@type":"WebSite","@id":"https:\/\/les-routes-buissonnieres.fr\/boutik\/#website","url":"https:\/\/les-routes-buissonnieres.fr\/boutik\/","name":"La boutique LRB","description":"Pi\u00e8ces d\u00e9tach\u00e9es Citro\u00ebn - VW refroidies par air","publisher":{"@id":"https:\/\/les-routes-buissonnieres.fr\/boutik\/#organization"},"potentialAction":[{"@type":"SearchAction","target":{"@type":"EntryPoint","urlTemplate":"https:\/\/les-routes-buissonnieres.fr\/boutik\/?s={search_term_string}"},"query-input":{"@type":"PropertyValueSpecification","valueRequired":true,"valueName":"search_term_string"}}],"inLanguage":"fr-FR"},{"@type":"Organization","@id":"https:\/\/les-routes-buissonnieres.fr\/boutik\/#organization","name":"La boutique LRB","url":"https:\/\/les-routes-buissonnieres.fr\/boutik\/","logo":{"@type":"ImageObject","inLanguage":"fr-FR","@id":"https:\/\/les-routes-buissonnieres.fr\/boutik\/#\/schema\/logo\/image\/","url":"https:\/\/les-routes-buissonnieres.fr\/boutik\/wp-content\/uploads\/2023\/11\/cropped-logo-a-et-c-2023-orange.png","contentUrl":"https:\/\/les-routes-buissonnieres.fr\/boutik\/wp-content\/uploads\/2023\/11\/cropped-logo-a-et-c-2023-orange.png","width":300,"height":176,"caption":"La boutique LRB"},"image":{"@id":"https:\/\/les-routes-buissonnieres.fr\/boutik\/#\/schema\/logo\/image\/"}}]}},"_links":{"self":[{"href":"https:\/\/les-routes-buissonnieres.fr\/boutik\/wp-json\/wp\/v2\/product\/41995","targetHints":{"allow":["GET"]}}],"collection":[{"href":"https:\/\/les-routes-buissonnieres.fr\/boutik\/wp-json\/wp\/v2\/product"}],"about":[{"href":"https:\/\/les-routes-buissonnieres.fr\/boutik\/wp-json\/wp\/v2\/types\/product"}],"wp:featuredmedia":[{"embeddable":true,"href":"https:\/\/les-routes-buissonnieres.fr\/boutik\/wp-json\/wp\/v2\/media\/42402"}],"wp:attachment":[{"href":"https:\/\/les-routes-buissonnieres.fr\/boutik\/wp-json\/wp\/v2\/media?parent=41995"}],"wp:term":[{"taxonomy":"product_brand","embeddable":true,"href":"https:\/\/les-routes-buissonnieres.fr\/boutik\/wp-json\/wp\/v2\/product_brand?post=41995"},{"taxonomy":"product_cat","embeddable":true,"href":"https:\/\/les-routes-buissonnieres.fr\/boutik\/wp-json\/wp\/v2\/product_cat?post=41995"},{"taxonomy":"product_tag","embeddable":true,"href":"https:\/\/les-routes-buissonnieres.fr\/boutik\/wp-json\/wp\/v2\/product_tag?post=41995"}],"curies":[{"name":"wp","href":"https:\/\/api.w.org\/{rel}","templated":true}]}}