{"id":49221,"date":"2021-06-05T23:35:38","date_gmt":"2021-06-05T22:35:38","guid":{"rendered":"https:\/\/ailettes-et-carbus.fr\/?post_type=product&#038;p=49221"},"modified":"2025-10-29T12:45:48","modified_gmt":"2025-10-29T11:45:48","slug":"carte-cadeau-location-combi-vw","status":"publish","type":"product","link":"https:\/\/les-routes-buissonnieres.fr\/boutik\/produit\/carte-cadeau-location-combi-vw\/","title":{"rendered":"CARTE CADEAU LOCATION COMBI VW"},"content":{"rendered":"<p>Carte cadeau location Combi VW.<\/p>\n<p><H3>Offrez un cadeau original et de futurs souvenirs inoubliables!<\/h3>\n<p>Nos fid\u00e8les Combi VW <a href=\"https:\/\/les-routes-buissonnieres.fr\/ringo-vw-combi-clipper\/\" target=\"_blank\" rel=\"noopener noreferrer\"><strong>Ringo<\/strong><\/a>, <strong><a href=\"https:\/\/les-routes-buissonnieres.fr\/paul-vw-t3-westfalia\/\">Paul<\/a><\/strong> et <strong><a href=\"https:\/\/les-routes-buissonnieres.fr\/location-de-combi-volkswagen\/\">George<\/a><\/strong>, <a href=\"https:\/\/les-routes-buissonnieres.fr\/location-de-vehicules-anciens\/\">nos combi VW \u00e0 louer<\/a>, vous attendent pour vous faire d\u00e9couvrir la Bretagne en roadtrip vintage!<\/p>\n<p>Ils sont \u00e9quip\u00e9s pour recevoir jusqu&rsquo;\u00e0 5 personnes en condition de conduite, et jusqu&rsquo;\u00e0 5 personnes en configuration camper (selon mod\u00e8le).<\/p>\n<p><strong>Vous trouverez les fiches techniques d\u00e9taill\u00e9es de chaque combi sur <a href=\"https:\/\/les-routes-buissonnieres.fr\/nos-vehicules-en-location\/\">notre site.<\/a><\/strong><\/p>\n<h6>Un cadeau d\u00e9paysant et insolite!<\/h6>\n<p>Offrir une carte cadeau \u00ab\u00a0location combi VW\u00a0\u00bb, c&rsquo;est offrir un cadeau original et d\u00e9paysant! George, Paul et Ringo sont de v\u00e9ritables machines \u00e0 voyager dans le temps. Vous pourrez appr\u00e9cier les paysages et les petites routes pittoresques de Bretagne \u00e0 leur rythme.<br \/>\nVous pourrez \u00e9galement vous apercevoir du capital sympathie des combi VW au gr\u00e8s de vos balades. On se retourne \u00e0 votre passage, on vous fait \u00ab\u00a0coucou\u00a0\u00bb, c&rsquo;est sur : vous ne passerez pas inaper\u00e7us et vous donnerez le sourire aux passants!<\/p>\n<p>Notre r\u00e9gion regorge de petites routes, terrain de pr\u00e9dilection de nos combis. \u00c9loignez-vous des grands axes, sillonnez \u00ab\u00a0Les Routes Buissonni\u00e8res\u00a0\u00bb et profitez d&rsquo;un roadtrip unique \u00e0 la d\u00e9couverte des richesses du Finist\u00e8re et de la Bretagne en g\u00e9n\u00e9ral. <\/p>\n<h4>Choisissez vos options!<\/h4>\n<p>Si vous souhaitez un s\u00e9jour \u00e0 des dates pr\u00e9cises, pensez \u00e0 nous contacter avant de commander.<\/p>\n<p>Les cartes sont imprim\u00e9es sur papier glac\u00e9, et vous sont envoy\u00e9es sans frais de port!<\/p>\n<p>Lors de votre commande, n&rsquo;oubliez pas de nous indiquer le nom de la personne \u00e0 qui vous offrez cette carte.<\/p>\n<p>Un cadeau \u00e0 offrir \u00e0 tous les fans de VW combi et de vacances vintage! C&rsquo;est le d\u00e9paysement assur\u00e9 et la garantie de souvenirs inoubliables aussi bien en famille, entre amis ou en amoureux.<\/p>\n<h5>Des questions?<\/h5>\n<p>Et si vous avez des questions, <a href=\"https:\/\/les-routes-buissonnieres.fr\/boutik\/contact\/\">contactez-nous<\/a> !<\/p>\n<ul>\n<li>2 conducteurs inclus dans chaque forfait<\/li>\n<li>3 ans de permis minimum<\/li>\n<li>caution de 2000\u20ac<\/li>\n<\/ul>\n","protected":false},"excerpt":{"rendered":"<p>Carte cadeau location Combi VW. Pour un week-end ou une semaine inoubliable! Un cadeau original.<\/p>\n","protected":false},"featured_media":49249,"template":"","meta":[],"product_brand":[],"product_cat":[2336],"product_tag":[999,2086,998,1005,1001,1000,1962,1960,1003],"class_list":{"0":"post-49221","1":"product","2":"type-product","3":"status-publish","4":"has-post-thumbnail","6":"product_cat-location-combi-vw-2cv-citroen","7":"product_tag-combi-vw-a-louer","8":"product_tag-location-camping-car","9":"product_tag-location-combi","10":"product_tag-location-combi-bretagne","11":"product_tag-roadtrip-en-combi","12":"product_tag-vacances-insolites","13":"product_tag-van-amenage","14":"product_tag-vanlife","15":"product_tag-vintage-camper","17":"first","18":"instock","19":"taxable","20":"shipping-taxable","21":"purchasable","22":"product-type-variable"},"yoast_head":"<!-- This site is optimized with the Yoast SEO plugin v27.4 - https:\/\/yoast.com\/product\/yoast-seo-wordpress\/ -->\n<title>Location combi VW - Nos cartes cadeaux - La boutique LRB<\/title>\n<meta name=\"description\" content=\"Location combi VW. Partez \u00e0 bord de nos combi VW vintage pour des balades inoubliables en Bretagne. D\u00e9couvrez nos cartes cadeaux!\" \/>\n<meta name=\"robots\" content=\"index, follow, max-snippet:-1, max-image-preview:large, max-video-preview:-1\" \/>\n<link rel=\"canonical\" href=\"https:\/\/les-routes-buissonnieres.fr\/boutik\/produit\/carte-cadeau-location-combi-vw\/\" \/>\n<meta property=\"og:locale\" content=\"fr_FR\" \/>\n<meta property=\"og:type\" content=\"article\" \/>\n<meta property=\"og:title\" content=\"Location combi VW - Nos cartes cadeaux - La boutique LRB\" \/>\n<meta property=\"og:description\" content=\"Location combi VW. Partez \u00e0 bord de nos combi VW vintage pour des balades inoubliables en Bretagne. D\u00e9couvrez nos cartes cadeaux!\" \/>\n<meta property=\"og:url\" content=\"https:\/\/les-routes-buissonnieres.fr\/boutik\/produit\/carte-cadeau-location-combi-vw\/\" \/>\n<meta property=\"og:site_name\" content=\"La boutique LRB\" \/>\n<meta property=\"article:modified_time\" content=\"2025-10-29T11:45:48+00:00\" \/>\n<meta property=\"og:image\" content=\"https:\/\/les-routes-buissonnieres.fr\/boutik\/wp-content\/uploads\/2018\/12\/Carte-cadeau-LRB.jpg\" \/>\n\t<meta property=\"og:image:width\" content=\"800\" \/>\n\t<meta property=\"og:image:height\" content=\"800\" \/>\n\t<meta property=\"og:image:type\" content=\"image\/jpeg\" \/>\n<meta name=\"twitter:card\" content=\"summary_large_image\" \/>\n<meta name=\"twitter:label1\" content=\"Dur\u00e9e de lecture estim\u00e9e\" \/>\n\t<meta name=\"twitter:data1\" content=\"2 minutes\" \/>\n<script type=\"application\/ld+json\" class=\"yoast-schema-graph\">{\"@context\":\"https:\\\/\\\/schema.org\",\"@graph\":[{\"@type\":\"WebPage\",\"@id\":\"https:\\\/\\\/les-routes-buissonnieres.fr\\\/boutik\\\/produit\\\/carte-cadeau-location-combi-vw\\\/\",\"url\":\"https:\\\/\\\/les-routes-buissonnieres.fr\\\/boutik\\\/produit\\\/carte-cadeau-location-combi-vw\\\/\",\"name\":\"Location combi VW - Nos cartes cadeaux - La boutique LRB\",\"isPartOf\":{\"@id\":\"https:\\\/\\\/les-routes-buissonnieres.fr\\\/boutik\\\/#website\"},\"primaryImageOfPage\":{\"@id\":\"https:\\\/\\\/les-routes-buissonnieres.fr\\\/boutik\\\/produit\\\/carte-cadeau-location-combi-vw\\\/#primaryimage\"},\"image\":{\"@id\":\"https:\\\/\\\/les-routes-buissonnieres.fr\\\/boutik\\\/produit\\\/carte-cadeau-location-combi-vw\\\/#primaryimage\"},\"thumbnailUrl\":\"https:\\\/\\\/les-routes-buissonnieres.fr\\\/boutik\\\/wp-content\\\/uploads\\\/2018\\\/12\\\/Carte-cadeau-LRB.jpg\",\"datePublished\":\"2021-06-05T22:35:38+00:00\",\"dateModified\":\"2025-10-29T11:45:48+00:00\",\"description\":\"Location combi VW. Partez \u00e0 bord de nos combi VW vintage pour des balades inoubliables en Bretagne. D\u00e9couvrez nos cartes cadeaux!\",\"breadcrumb\":{\"@id\":\"https:\\\/\\\/les-routes-buissonnieres.fr\\\/boutik\\\/produit\\\/carte-cadeau-location-combi-vw\\\/#breadcrumb\"},\"inLanguage\":\"fr-FR\",\"potentialAction\":[{\"@type\":\"ReadAction\",\"target\":[\"https:\\\/\\\/les-routes-buissonnieres.fr\\\/boutik\\\/produit\\\/carte-cadeau-location-combi-vw\\\/\"]}]},{\"@type\":\"ImageObject\",\"inLanguage\":\"fr-FR\",\"@id\":\"https:\\\/\\\/les-routes-buissonnieres.fr\\\/boutik\\\/produit\\\/carte-cadeau-location-combi-vw\\\/#primaryimage\",\"url\":\"https:\\\/\\\/les-routes-buissonnieres.fr\\\/boutik\\\/wp-content\\\/uploads\\\/2018\\\/12\\\/Carte-cadeau-LRB.jpg\",\"contentUrl\":\"https:\\\/\\\/les-routes-buissonnieres.fr\\\/boutik\\\/wp-content\\\/uploads\\\/2018\\\/12\\\/Carte-cadeau-LRB.jpg\",\"width\":800,\"height\":800,\"caption\":\"location Combi VW\"},{\"@type\":\"BreadcrumbList\",\"@id\":\"https:\\\/\\\/les-routes-buissonnieres.fr\\\/boutik\\\/produit\\\/carte-cadeau-location-combi-vw\\\/#breadcrumb\",\"itemListElement\":[{\"@type\":\"ListItem\",\"position\":1,\"name\":\"Accueil\",\"item\":\"https:\\\/\\\/les-routes-buissonnieres.fr\\\/boutik\\\/\"},{\"@type\":\"ListItem\",\"position\":2,\"name\":\"Boutique\",\"item\":\"https:\\\/\\\/les-routes-buissonnieres.fr\\\/boutik\\\/\"},{\"@type\":\"ListItem\",\"position\":3,\"name\":\"CARTE CADEAU LOCATION COMBI VW\"}]},{\"@type\":\"WebSite\",\"@id\":\"https:\\\/\\\/les-routes-buissonnieres.fr\\\/boutik\\\/#website\",\"url\":\"https:\\\/\\\/les-routes-buissonnieres.fr\\\/boutik\\\/\",\"name\":\"La boutique LRB\",\"description\":\"Pi\u00e8ces d\u00e9tach\u00e9es Citro\u00ebn - VW refroidies par air\",\"publisher\":{\"@id\":\"https:\\\/\\\/les-routes-buissonnieres.fr\\\/boutik\\\/#organization\"},\"potentialAction\":[{\"@type\":\"SearchAction\",\"target\":{\"@type\":\"EntryPoint\",\"urlTemplate\":\"https:\\\/\\\/les-routes-buissonnieres.fr\\\/boutik\\\/?s={search_term_string}\"},\"query-input\":{\"@type\":\"PropertyValueSpecification\",\"valueRequired\":true,\"valueName\":\"search_term_string\"}}],\"inLanguage\":\"fr-FR\"},{\"@type\":\"Organization\",\"@id\":\"https:\\\/\\\/les-routes-buissonnieres.fr\\\/boutik\\\/#organization\",\"name\":\"La boutique LRB\",\"url\":\"https:\\\/\\\/les-routes-buissonnieres.fr\\\/boutik\\\/\",\"logo\":{\"@type\":\"ImageObject\",\"inLanguage\":\"fr-FR\",\"@id\":\"https:\\\/\\\/les-routes-buissonnieres.fr\\\/boutik\\\/#\\\/schema\\\/logo\\\/image\\\/\",\"url\":\"https:\\\/\\\/les-routes-buissonnieres.fr\\\/boutik\\\/wp-content\\\/uploads\\\/2023\\\/11\\\/cropped-logo-a-et-c-2023-orange.png\",\"contentUrl\":\"https:\\\/\\\/les-routes-buissonnieres.fr\\\/boutik\\\/wp-content\\\/uploads\\\/2023\\\/11\\\/cropped-logo-a-et-c-2023-orange.png\",\"width\":300,\"height\":176,\"caption\":\"La boutique LRB\"},\"image\":{\"@id\":\"https:\\\/\\\/les-routes-buissonnieres.fr\\\/boutik\\\/#\\\/schema\\\/logo\\\/image\\\/\"}}]}<\/script>\n<!-- \/ Yoast SEO plugin. -->","yoast_head_json":{"title":"Location combi VW - Nos cartes cadeaux - La boutique LRB","description":"Location combi VW. Partez \u00e0 bord de nos combi VW vintage pour des balades inoubliables en Bretagne. D\u00e9couvrez nos cartes cadeaux!","robots":{"index":"index","follow":"follow","max-snippet":"max-snippet:-1","max-image-preview":"max-image-preview:large","max-video-preview":"max-video-preview:-1"},"canonical":"https:\/\/les-routes-buissonnieres.fr\/boutik\/produit\/carte-cadeau-location-combi-vw\/","og_locale":"fr_FR","og_type":"article","og_title":"Location combi VW - Nos cartes cadeaux - La boutique LRB","og_description":"Location combi VW. Partez \u00e0 bord de nos combi VW vintage pour des balades inoubliables en Bretagne. D\u00e9couvrez nos cartes cadeaux!","og_url":"https:\/\/les-routes-buissonnieres.fr\/boutik\/produit\/carte-cadeau-location-combi-vw\/","og_site_name":"La boutique LRB","article_modified_time":"2025-10-29T11:45:48+00:00","og_image":[{"width":800,"height":800,"url":"https:\/\/les-routes-buissonnieres.fr\/boutik\/wp-content\/uploads\/2018\/12\/Carte-cadeau-LRB.jpg","type":"image\/jpeg"}],"twitter_card":"summary_large_image","twitter_misc":{"Dur\u00e9e de lecture estim\u00e9e":"2 minutes"},"schema":{"@context":"https:\/\/schema.org","@graph":[{"@type":"WebPage","@id":"https:\/\/les-routes-buissonnieres.fr\/boutik\/produit\/carte-cadeau-location-combi-vw\/","url":"https:\/\/les-routes-buissonnieres.fr\/boutik\/produit\/carte-cadeau-location-combi-vw\/","name":"Location combi VW - Nos cartes cadeaux - La boutique LRB","isPartOf":{"@id":"https:\/\/les-routes-buissonnieres.fr\/boutik\/#website"},"primaryImageOfPage":{"@id":"https:\/\/les-routes-buissonnieres.fr\/boutik\/produit\/carte-cadeau-location-combi-vw\/#primaryimage"},"image":{"@id":"https:\/\/les-routes-buissonnieres.fr\/boutik\/produit\/carte-cadeau-location-combi-vw\/#primaryimage"},"thumbnailUrl":"https:\/\/les-routes-buissonnieres.fr\/boutik\/wp-content\/uploads\/2018\/12\/Carte-cadeau-LRB.jpg","datePublished":"2021-06-05T22:35:38+00:00","dateModified":"2025-10-29T11:45:48+00:00","description":"Location combi VW. Partez \u00e0 bord de nos combi VW vintage pour des balades inoubliables en Bretagne. D\u00e9couvrez nos cartes cadeaux!","breadcrumb":{"@id":"https:\/\/les-routes-buissonnieres.fr\/boutik\/produit\/carte-cadeau-location-combi-vw\/#breadcrumb"},"inLanguage":"fr-FR","potentialAction":[{"@type":"ReadAction","target":["https:\/\/les-routes-buissonnieres.fr\/boutik\/produit\/carte-cadeau-location-combi-vw\/"]}]},{"@type":"ImageObject","inLanguage":"fr-FR","@id":"https:\/\/les-routes-buissonnieres.fr\/boutik\/produit\/carte-cadeau-location-combi-vw\/#primaryimage","url":"https:\/\/les-routes-buissonnieres.fr\/boutik\/wp-content\/uploads\/2018\/12\/Carte-cadeau-LRB.jpg","contentUrl":"https:\/\/les-routes-buissonnieres.fr\/boutik\/wp-content\/uploads\/2018\/12\/Carte-cadeau-LRB.jpg","width":800,"height":800,"caption":"location Combi VW"},{"@type":"BreadcrumbList","@id":"https:\/\/les-routes-buissonnieres.fr\/boutik\/produit\/carte-cadeau-location-combi-vw\/#breadcrumb","itemListElement":[{"@type":"ListItem","position":1,"name":"Accueil","item":"https:\/\/les-routes-buissonnieres.fr\/boutik\/"},{"@type":"ListItem","position":2,"name":"Boutique","item":"https:\/\/les-routes-buissonnieres.fr\/boutik\/"},{"@type":"ListItem","position":3,"name":"CARTE CADEAU LOCATION COMBI VW"}]},{"@type":"WebSite","@id":"https:\/\/les-routes-buissonnieres.fr\/boutik\/#website","url":"https:\/\/les-routes-buissonnieres.fr\/boutik\/","name":"La boutique LRB","description":"Pi\u00e8ces d\u00e9tach\u00e9es Citro\u00ebn - VW refroidies par air","publisher":{"@id":"https:\/\/les-routes-buissonnieres.fr\/boutik\/#organization"},"potentialAction":[{"@type":"SearchAction","target":{"@type":"EntryPoint","urlTemplate":"https:\/\/les-routes-buissonnieres.fr\/boutik\/?s={search_term_string}"},"query-input":{"@type":"PropertyValueSpecification","valueRequired":true,"valueName":"search_term_string"}}],"inLanguage":"fr-FR"},{"@type":"Organization","@id":"https:\/\/les-routes-buissonnieres.fr\/boutik\/#organization","name":"La boutique LRB","url":"https:\/\/les-routes-buissonnieres.fr\/boutik\/","logo":{"@type":"ImageObject","inLanguage":"fr-FR","@id":"https:\/\/les-routes-buissonnieres.fr\/boutik\/#\/schema\/logo\/image\/","url":"https:\/\/les-routes-buissonnieres.fr\/boutik\/wp-content\/uploads\/2023\/11\/cropped-logo-a-et-c-2023-orange.png","contentUrl":"https:\/\/les-routes-buissonnieres.fr\/boutik\/wp-content\/uploads\/2023\/11\/cropped-logo-a-et-c-2023-orange.png","width":300,"height":176,"caption":"La boutique LRB"},"image":{"@id":"https:\/\/les-routes-buissonnieres.fr\/boutik\/#\/schema\/logo\/image\/"}}]}},"_links":{"self":[{"href":"https:\/\/les-routes-buissonnieres.fr\/boutik\/wp-json\/wp\/v2\/product\/49221","targetHints":{"allow":["GET"]}}],"collection":[{"href":"https:\/\/les-routes-buissonnieres.fr\/boutik\/wp-json\/wp\/v2\/product"}],"about":[{"href":"https:\/\/les-routes-buissonnieres.fr\/boutik\/wp-json\/wp\/v2\/types\/product"}],"wp:featuredmedia":[{"embeddable":true,"href":"https:\/\/les-routes-buissonnieres.fr\/boutik\/wp-json\/wp\/v2\/media\/49249"}],"wp:attachment":[{"href":"https:\/\/les-routes-buissonnieres.fr\/boutik\/wp-json\/wp\/v2\/media?parent=49221"}],"wp:term":[{"taxonomy":"product_brand","embeddable":true,"href":"https:\/\/les-routes-buissonnieres.fr\/boutik\/wp-json\/wp\/v2\/product_brand?post=49221"},{"taxonomy":"product_cat","embeddable":true,"href":"https:\/\/les-routes-buissonnieres.fr\/boutik\/wp-json\/wp\/v2\/product_cat?post=49221"},{"taxonomy":"product_tag","embeddable":true,"href":"https:\/\/les-routes-buissonnieres.fr\/boutik\/wp-json\/wp\/v2\/product_tag?post=49221"}],"curies":[{"name":"wp","href":"https:\/\/api.w.org\/{rel}","templated":true}]}}