{"id":5826,"date":"2016-04-18T13:33:27","date_gmt":"2016-04-18T12:33:27","guid":{"rendered":"http:\/\/ailettes-et-carbus.fr\/?post_type=product&#038;p=5826"},"modified":"2024-01-26T10:43:06","modified_gmt":"2024-01-26T09:43:06","slug":"collier-maintien-tube-sortie-2cv-dyane-ami","status":"publish","type":"product","link":"https:\/\/les-routes-buissonnieres.fr\/boutik\/produit\/collier-maintien-tube-sortie-2cv-dyane-ami\/","title":{"rendered":"COLLIER MAINTIEN TUBE SORTIE 2CV DYANE AMI"},"content":{"rendered":"<h2><\/h2>\n<p>Collier maintien tube sortie 2cv dyane ami.<br \/>\nLe collier maintient le tube d&rsquo;\u00e9chappement arri\u00e8re \u00e0 la patte caoutchouc.<\/p>\n<p>Pr\u00e9voir deux par voiture.<\/p>\n","protected":false},"excerpt":{"rendered":"<p>Collier maintien tube sortie 2cv dyane ami. Pr\u00e9voir deux par voiture.<\/p>\n","protected":false},"featured_media":63116,"template":"","meta":[],"product_brand":[],"product_cat":[29,32,31,104,132,118],"product_tag":[216,245,249,238,247],"class_list":{"0":"post-5826","1":"product","2":"type-product","3":"status-publish","4":"has-post-thumbnail","6":"product_cat-pieces-citroen-2-cv","7":"product_cat-pieces-citroen-ami","8":"product_cat-pieces-citroen-dyane","9":"product_cat-cv139-echappement","10":"product_cat-cv167-echappement","11":"product_cat-cv153-echappement","12":"product_tag-2cv","13":"product_tag-2cv-fourgonette","14":"product_tag-acadiane","15":"product_tag-citroen","16":"product_tag-dyane","18":"first","19":"instock","20":"taxable","21":"shipping-taxable","22":"purchasable","23":"product-type-simple"},"yoast_head":"<!-- This site is optimized with the Yoast SEO plugin v27.4 - https:\/\/yoast.com\/product\/yoast-seo-wordpress\/ -->\n<title>COLLIER SUPPORT TUBE DE SORTIE 2cv \/ DYANE<\/title>\n<meta name=\"description\" content=\"COLLIER SUPPORT TUBE DE SORTIE 2cv \/ DYANE Le collier support tube de sortie maintient le tube d&#039;\u00e9chappement arri\u00e8re \u00e0 la patte caoutchouc.\" \/>\n<meta name=\"robots\" content=\"index, follow, max-snippet:-1, max-image-preview:large, max-video-preview:-1\" \/>\n<link rel=\"canonical\" href=\"https:\/\/les-routes-buissonnieres.fr\/boutik\/produit\/collier-maintien-tube-sortie-2cv-dyane-ami\/\" \/>\n<meta property=\"og:locale\" content=\"fr_FR\" \/>\n<meta property=\"og:type\" content=\"article\" \/>\n<meta property=\"og:title\" content=\"COLLIER SUPPORT TUBE DE SORTIE 2cv \/ DYANE\" \/>\n<meta property=\"og:description\" content=\"COLLIER SUPPORT TUBE DE SORTIE 2cv \/ DYANE Le collier support tube de sortie maintient le tube d&#039;\u00e9chappement arri\u00e8re \u00e0 la patte caoutchouc.\" \/>\n<meta property=\"og:url\" content=\"https:\/\/les-routes-buissonnieres.fr\/boutik\/produit\/collier-maintien-tube-sortie-2cv-dyane-ami\/\" \/>\n<meta property=\"og:site_name\" content=\"La boutique LRB\" \/>\n<meta property=\"article:modified_time\" content=\"2024-01-26T09:43:06+00:00\" \/>\n<meta property=\"og:image\" content=\"https:\/\/les-routes-buissonnieres.fr\/boutik\/wp-content\/uploads\/2016\/04\/collier_pour_patte_caoutchouc_arri_re.jpg\" \/>\n\t<meta property=\"og:image:width\" content=\"600\" \/>\n\t<meta property=\"og:image:height\" content=\"600\" \/>\n\t<meta property=\"og:image:type\" content=\"image\/jpeg\" \/>\n<meta name=\"twitter:card\" content=\"summary_large_image\" \/>\n<script type=\"application\/ld+json\" class=\"yoast-schema-graph\">{\"@context\":\"https:\\\/\\\/schema.org\",\"@graph\":[{\"@type\":\"WebPage\",\"@id\":\"https:\\\/\\\/les-routes-buissonnieres.fr\\\/boutik\\\/produit\\\/collier-maintien-tube-sortie-2cv-dyane-ami\\\/\",\"url\":\"https:\\\/\\\/les-routes-buissonnieres.fr\\\/boutik\\\/produit\\\/collier-maintien-tube-sortie-2cv-dyane-ami\\\/\",\"name\":\"COLLIER SUPPORT TUBE DE SORTIE 2cv \\\/ DYANE\",\"isPartOf\":{\"@id\":\"https:\\\/\\\/les-routes-buissonnieres.fr\\\/boutik\\\/#website\"},\"primaryImageOfPage\":{\"@id\":\"https:\\\/\\\/les-routes-buissonnieres.fr\\\/boutik\\\/produit\\\/collier-maintien-tube-sortie-2cv-dyane-ami\\\/#primaryimage\"},\"image\":{\"@id\":\"https:\\\/\\\/les-routes-buissonnieres.fr\\\/boutik\\\/produit\\\/collier-maintien-tube-sortie-2cv-dyane-ami\\\/#primaryimage\"},\"thumbnailUrl\":\"https:\\\/\\\/les-routes-buissonnieres.fr\\\/boutik\\\/wp-content\\\/uploads\\\/2016\\\/04\\\/collier_pour_patte_caoutchouc_arri_re.jpg\",\"datePublished\":\"2016-04-18T12:33:27+00:00\",\"dateModified\":\"2024-01-26T09:43:06+00:00\",\"description\":\"COLLIER SUPPORT TUBE DE SORTIE 2cv \\\/ DYANE Le collier support tube de sortie maintient le tube d'\u00e9chappement arri\u00e8re \u00e0 la patte caoutchouc.\",\"breadcrumb\":{\"@id\":\"https:\\\/\\\/les-routes-buissonnieres.fr\\\/boutik\\\/produit\\\/collier-maintien-tube-sortie-2cv-dyane-ami\\\/#breadcrumb\"},\"inLanguage\":\"fr-FR\",\"potentialAction\":[{\"@type\":\"ReadAction\",\"target\":[\"https:\\\/\\\/les-routes-buissonnieres.fr\\\/boutik\\\/produit\\\/collier-maintien-tube-sortie-2cv-dyane-ami\\\/\"]}]},{\"@type\":\"ImageObject\",\"inLanguage\":\"fr-FR\",\"@id\":\"https:\\\/\\\/les-routes-buissonnieres.fr\\\/boutik\\\/produit\\\/collier-maintien-tube-sortie-2cv-dyane-ami\\\/#primaryimage\",\"url\":\"https:\\\/\\\/les-routes-buissonnieres.fr\\\/boutik\\\/wp-content\\\/uploads\\\/2016\\\/04\\\/collier_pour_patte_caoutchouc_arri_re.jpg\",\"contentUrl\":\"https:\\\/\\\/les-routes-buissonnieres.fr\\\/boutik\\\/wp-content\\\/uploads\\\/2016\\\/04\\\/collier_pour_patte_caoutchouc_arri_re.jpg\",\"width\":600,\"height\":600},{\"@type\":\"BreadcrumbList\",\"@id\":\"https:\\\/\\\/les-routes-buissonnieres.fr\\\/boutik\\\/produit\\\/collier-maintien-tube-sortie-2cv-dyane-ami\\\/#breadcrumb\",\"itemListElement\":[{\"@type\":\"ListItem\",\"position\":1,\"name\":\"Accueil\",\"item\":\"https:\\\/\\\/les-routes-buissonnieres.fr\\\/boutik\\\/\"},{\"@type\":\"ListItem\",\"position\":2,\"name\":\"Boutique\",\"item\":\"https:\\\/\\\/les-routes-buissonnieres.fr\\\/boutik\\\/\"},{\"@type\":\"ListItem\",\"position\":3,\"name\":\"COLLIER MAINTIEN TUBE SORTIE 2CV DYANE AMI\"}]},{\"@type\":\"WebSite\",\"@id\":\"https:\\\/\\\/les-routes-buissonnieres.fr\\\/boutik\\\/#website\",\"url\":\"https:\\\/\\\/les-routes-buissonnieres.fr\\\/boutik\\\/\",\"name\":\"La boutique LRB\",\"description\":\"Pi\u00e8ces d\u00e9tach\u00e9es Citro\u00ebn - VW refroidies par air\",\"publisher\":{\"@id\":\"https:\\\/\\\/les-routes-buissonnieres.fr\\\/boutik\\\/#organization\"},\"potentialAction\":[{\"@type\":\"SearchAction\",\"target\":{\"@type\":\"EntryPoint\",\"urlTemplate\":\"https:\\\/\\\/les-routes-buissonnieres.fr\\\/boutik\\\/?s={search_term_string}\"},\"query-input\":{\"@type\":\"PropertyValueSpecification\",\"valueRequired\":true,\"valueName\":\"search_term_string\"}}],\"inLanguage\":\"fr-FR\"},{\"@type\":\"Organization\",\"@id\":\"https:\\\/\\\/les-routes-buissonnieres.fr\\\/boutik\\\/#organization\",\"name\":\"La boutique LRB\",\"url\":\"https:\\\/\\\/les-routes-buissonnieres.fr\\\/boutik\\\/\",\"logo\":{\"@type\":\"ImageObject\",\"inLanguage\":\"fr-FR\",\"@id\":\"https:\\\/\\\/les-routes-buissonnieres.fr\\\/boutik\\\/#\\\/schema\\\/logo\\\/image\\\/\",\"url\":\"https:\\\/\\\/les-routes-buissonnieres.fr\\\/boutik\\\/wp-content\\\/uploads\\\/2023\\\/11\\\/cropped-logo-a-et-c-2023-orange.png\",\"contentUrl\":\"https:\\\/\\\/les-routes-buissonnieres.fr\\\/boutik\\\/wp-content\\\/uploads\\\/2023\\\/11\\\/cropped-logo-a-et-c-2023-orange.png\",\"width\":300,\"height\":176,\"caption\":\"La boutique LRB\"},\"image\":{\"@id\":\"https:\\\/\\\/les-routes-buissonnieres.fr\\\/boutik\\\/#\\\/schema\\\/logo\\\/image\\\/\"}}]}<\/script>\n<!-- \/ Yoast SEO plugin. -->","yoast_head_json":{"title":"COLLIER SUPPORT TUBE DE SORTIE 2cv \/ DYANE","description":"COLLIER SUPPORT TUBE DE SORTIE 2cv \/ DYANE Le collier support tube de sortie maintient le tube d'\u00e9chappement arri\u00e8re \u00e0 la patte caoutchouc.","robots":{"index":"index","follow":"follow","max-snippet":"max-snippet:-1","max-image-preview":"max-image-preview:large","max-video-preview":"max-video-preview:-1"},"canonical":"https:\/\/les-routes-buissonnieres.fr\/boutik\/produit\/collier-maintien-tube-sortie-2cv-dyane-ami\/","og_locale":"fr_FR","og_type":"article","og_title":"COLLIER SUPPORT TUBE DE SORTIE 2cv \/ DYANE","og_description":"COLLIER SUPPORT TUBE DE SORTIE 2cv \/ DYANE Le collier support tube de sortie maintient le tube d'\u00e9chappement arri\u00e8re \u00e0 la patte caoutchouc.","og_url":"https:\/\/les-routes-buissonnieres.fr\/boutik\/produit\/collier-maintien-tube-sortie-2cv-dyane-ami\/","og_site_name":"La boutique LRB","article_modified_time":"2024-01-26T09:43:06+00:00","og_image":[{"width":600,"height":600,"url":"https:\/\/les-routes-buissonnieres.fr\/boutik\/wp-content\/uploads\/2016\/04\/collier_pour_patte_caoutchouc_arri_re.jpg","type":"image\/jpeg"}],"twitter_card":"summary_large_image","schema":{"@context":"https:\/\/schema.org","@graph":[{"@type":"WebPage","@id":"https:\/\/les-routes-buissonnieres.fr\/boutik\/produit\/collier-maintien-tube-sortie-2cv-dyane-ami\/","url":"https:\/\/les-routes-buissonnieres.fr\/boutik\/produit\/collier-maintien-tube-sortie-2cv-dyane-ami\/","name":"COLLIER SUPPORT TUBE DE SORTIE 2cv \/ DYANE","isPartOf":{"@id":"https:\/\/les-routes-buissonnieres.fr\/boutik\/#website"},"primaryImageOfPage":{"@id":"https:\/\/les-routes-buissonnieres.fr\/boutik\/produit\/collier-maintien-tube-sortie-2cv-dyane-ami\/#primaryimage"},"image":{"@id":"https:\/\/les-routes-buissonnieres.fr\/boutik\/produit\/collier-maintien-tube-sortie-2cv-dyane-ami\/#primaryimage"},"thumbnailUrl":"https:\/\/les-routes-buissonnieres.fr\/boutik\/wp-content\/uploads\/2016\/04\/collier_pour_patte_caoutchouc_arri_re.jpg","datePublished":"2016-04-18T12:33:27+00:00","dateModified":"2024-01-26T09:43:06+00:00","description":"COLLIER SUPPORT TUBE DE SORTIE 2cv \/ DYANE Le collier support tube de sortie maintient le tube d'\u00e9chappement arri\u00e8re \u00e0 la patte caoutchouc.","breadcrumb":{"@id":"https:\/\/les-routes-buissonnieres.fr\/boutik\/produit\/collier-maintien-tube-sortie-2cv-dyane-ami\/#breadcrumb"},"inLanguage":"fr-FR","potentialAction":[{"@type":"ReadAction","target":["https:\/\/les-routes-buissonnieres.fr\/boutik\/produit\/collier-maintien-tube-sortie-2cv-dyane-ami\/"]}]},{"@type":"ImageObject","inLanguage":"fr-FR","@id":"https:\/\/les-routes-buissonnieres.fr\/boutik\/produit\/collier-maintien-tube-sortie-2cv-dyane-ami\/#primaryimage","url":"https:\/\/les-routes-buissonnieres.fr\/boutik\/wp-content\/uploads\/2016\/04\/collier_pour_patte_caoutchouc_arri_re.jpg","contentUrl":"https:\/\/les-routes-buissonnieres.fr\/boutik\/wp-content\/uploads\/2016\/04\/collier_pour_patte_caoutchouc_arri_re.jpg","width":600,"height":600},{"@type":"BreadcrumbList","@id":"https:\/\/les-routes-buissonnieres.fr\/boutik\/produit\/collier-maintien-tube-sortie-2cv-dyane-ami\/#breadcrumb","itemListElement":[{"@type":"ListItem","position":1,"name":"Accueil","item":"https:\/\/les-routes-buissonnieres.fr\/boutik\/"},{"@type":"ListItem","position":2,"name":"Boutique","item":"https:\/\/les-routes-buissonnieres.fr\/boutik\/"},{"@type":"ListItem","position":3,"name":"COLLIER MAINTIEN TUBE SORTIE 2CV DYANE AMI"}]},{"@type":"WebSite","@id":"https:\/\/les-routes-buissonnieres.fr\/boutik\/#website","url":"https:\/\/les-routes-buissonnieres.fr\/boutik\/","name":"La boutique LRB","description":"Pi\u00e8ces d\u00e9tach\u00e9es Citro\u00ebn - VW refroidies par air","publisher":{"@id":"https:\/\/les-routes-buissonnieres.fr\/boutik\/#organization"},"potentialAction":[{"@type":"SearchAction","target":{"@type":"EntryPoint","urlTemplate":"https:\/\/les-routes-buissonnieres.fr\/boutik\/?s={search_term_string}"},"query-input":{"@type":"PropertyValueSpecification","valueRequired":true,"valueName":"search_term_string"}}],"inLanguage":"fr-FR"},{"@type":"Organization","@id":"https:\/\/les-routes-buissonnieres.fr\/boutik\/#organization","name":"La boutique LRB","url":"https:\/\/les-routes-buissonnieres.fr\/boutik\/","logo":{"@type":"ImageObject","inLanguage":"fr-FR","@id":"https:\/\/les-routes-buissonnieres.fr\/boutik\/#\/schema\/logo\/image\/","url":"https:\/\/les-routes-buissonnieres.fr\/boutik\/wp-content\/uploads\/2023\/11\/cropped-logo-a-et-c-2023-orange.png","contentUrl":"https:\/\/les-routes-buissonnieres.fr\/boutik\/wp-content\/uploads\/2023\/11\/cropped-logo-a-et-c-2023-orange.png","width":300,"height":176,"caption":"La boutique LRB"},"image":{"@id":"https:\/\/les-routes-buissonnieres.fr\/boutik\/#\/schema\/logo\/image\/"}}]}},"_links":{"self":[{"href":"https:\/\/les-routes-buissonnieres.fr\/boutik\/wp-json\/wp\/v2\/product\/5826","targetHints":{"allow":["GET"]}}],"collection":[{"href":"https:\/\/les-routes-buissonnieres.fr\/boutik\/wp-json\/wp\/v2\/product"}],"about":[{"href":"https:\/\/les-routes-buissonnieres.fr\/boutik\/wp-json\/wp\/v2\/types\/product"}],"wp:featuredmedia":[{"embeddable":true,"href":"https:\/\/les-routes-buissonnieres.fr\/boutik\/wp-json\/wp\/v2\/media\/63116"}],"wp:attachment":[{"href":"https:\/\/les-routes-buissonnieres.fr\/boutik\/wp-json\/wp\/v2\/media?parent=5826"}],"wp:term":[{"taxonomy":"product_brand","embeddable":true,"href":"https:\/\/les-routes-buissonnieres.fr\/boutik\/wp-json\/wp\/v2\/product_brand?post=5826"},{"taxonomy":"product_cat","embeddable":true,"href":"https:\/\/les-routes-buissonnieres.fr\/boutik\/wp-json\/wp\/v2\/product_cat?post=5826"},{"taxonomy":"product_tag","embeddable":true,"href":"https:\/\/les-routes-buissonnieres.fr\/boutik\/wp-json\/wp\/v2\/product_tag?post=5826"}],"curies":[{"name":"wp","href":"https:\/\/api.w.org\/{rel}","templated":true}]}}