{"id":63874,"date":"2022-02-08T19:15:16","date_gmt":"2022-02-08T18:15:16","guid":{"rendered":"https:\/\/ailettes-et-carbus.fr\/?post_type=product&#038;p=63874"},"modified":"2024-03-07T17:17:14","modified_gmt":"2024-03-07T16:17:14","slug":"huile-boite-vitesses-80w90-minerva-coumpounds","status":"publish","type":"product","link":"https:\/\/les-routes-buissonnieres.fr\/boutik\/produit\/huile-boite-vitesses-80w90-minerva-coumpounds\/","title":{"rendered":"HUILE BOITE VITESSES 80W90 MINERVA COUMPOUNDS 1L"},"content":{"rendered":"<p>Huile boite vitesses 80w90 Minerva Coumpounds 1l.<\/p>\n<p>Huile d&rsquo;excellente qualit\u00e9 de fabrication Fran\u00e7aise. Sp\u00e9cialement con\u00e7ue pour les anciennes, elle limite les bruits de fonctionnement dus \u00e0 des jeux m\u00e9caniques.<\/p>\n<p>C&rsquo;est celle que nous utilisons \u00e0 l&rsquo;atelier.<\/p>\n<p>Norme API GL5.<\/p>\n<p>Convient aux boites de vitesses manuelles VW, Citro\u00ebn et \u00e0 de nombreux autres v\u00e9hicules.<\/p>\n<p>En bidon\u00a0 m\u00e9tallique \u00e0 l&rsquo;ancienne \u00ab\u00a0Super Huilage\u00a0\u00bb de 1L.<\/p>\n<p>&nbsp;<\/p>\n<p>&nbsp;<\/p>\n","protected":false},"excerpt":{"rendered":"<p>Huile boite vitesses 80w90 Minerva Coumpounds 1l. Excellente qualit\u00e9, limite les bruits. API GL5. Bidon m\u00e9tal vintage 1L.<\/p>\n","protected":false},"featured_media":64921,"template":"","meta":[],"product_brand":[],"product_cat":[82,103,131,84,117,2152,55,76,2140,29,32,31,1989,1959,2161,111,139,85,2148,99,125,63,46,25,26,1988,27,28],"product_tag":[2268,2270,2269,1978,2271],"class_list":{"0":"post-63874","1":"product","2":"type-product","3":"status-publish","4":"has-post-thumbnail","6":"product_cat-cv110-boite-de-vitesse-et-embrayage","7":"product_cat-cv138-boite-de-vitesse-et-embrayage","8":"product_cat-cv166-boite-de-vitesse-et-embrayage","9":"product_cat-cv75-boite-de-vitesse-et-embrayage","10":"product_cat-cv152-boite-de-vitesse-et-embrayage","11":"product_cat-boite-de-vitesse-et-embrayage-gs-gsa","12":"product_cat-cv96-boite-de-vitesse-et-embrayage","13":"product_cat-cv124-boite-de-vitesse-et-embrayage","14":"product_cat-boite-de-vitesses-et-embrayage-clipper","15":"product_cat-pieces-citroen-2-cv","16":"product_cat-pieces-citroen-ami","17":"product_cat-pieces-citroen-dyane","18":"product_cat-citroen-gs-a","19":"product_cat-cv231-entretien","20":"product_cat-quicaillerie-et-divers-gs-gsa","21":"product_cat-cv146-quincaillerie-et-divers","22":"product_cat-cv174-quincaillerie-et-divers","23":"product_cat-cv118-quincaillerie-et-divers","24":"product_cat-quincaillerie-et-divers-clipper","25":"product_cat-cv90-quincaillerie-et-divers","26":"product_cat-cv160-quincaillerie-et-divers","27":"product_cat-cv104-quincaillerie-et-divers","28":"product_cat-cv132-quincaillerie-et-divers","29":"product_cat-pieces-vw-coccinelle-type-1","30":"product_cat-pieces-vw-combi-bay-window-type-2","31":"product_cat-pieces-vw-combi-bresilien-split-clipper","32":"product_cat-piece-vw-combi-split-type-2","33":"product_cat-pieces-vw-transporter-t3-type-25-ct-cu","34":"product_tag-80w90","35":"product_tag-huile-boite-de-vitesses-anciennes","36":"product_tag-huile-de-boite-de-vitesses","37":"product_tag-minerva","38":"product_tag-minerva-oil","40":"first","41":"instock","42":"taxable","43":"shipping-taxable","44":"purchasable","45":"product-type-simple"},"yoast_head":"<!-- This site is optimized with the Yoast SEO plugin v27.4 - https:\/\/yoast.com\/product\/yoast-seo-wordpress\/ -->\n<title>HUILE BOITE VITESSES 80W90 MINERVA COUMPOUNDS 1L - La boutique LRB<\/title>\n<meta name=\"robots\" content=\"index, follow, max-snippet:-1, max-image-preview:large, max-video-preview:-1\" \/>\n<link rel=\"canonical\" href=\"https:\/\/les-routes-buissonnieres.fr\/boutik\/produit\/huile-boite-vitesses-80w90-minerva-coumpounds\/\" \/>\n<meta property=\"og:locale\" content=\"fr_FR\" \/>\n<meta property=\"og:type\" content=\"article\" \/>\n<meta property=\"og:title\" content=\"HUILE BOITE VITESSES 80W90 MINERVA COUMPOUNDS 1L - La boutique LRB\" \/>\n<meta property=\"og:description\" content=\"Huile boite vitesses 80w90 Minerva Coumpounds 1l. Excellente qualit\u00e9, limite les bruits. API GL5. Bidon m\u00e9tal vintage 1L.\" \/>\n<meta property=\"og:url\" content=\"https:\/\/les-routes-buissonnieres.fr\/boutik\/produit\/huile-boite-vitesses-80w90-minerva-coumpounds\/\" \/>\n<meta property=\"og:site_name\" content=\"La boutique LRB\" \/>\n<meta property=\"article:modified_time\" content=\"2024-03-07T16:17:14+00:00\" \/>\n<meta property=\"og:image\" content=\"https:\/\/les-routes-buissonnieres.fr\/boutik\/wp-content\/uploads\/2022\/02\/NQU015-1.jpg\" \/>\n\t<meta property=\"og:image:width\" content=\"800\" \/>\n\t<meta property=\"og:image:height\" content=\"800\" \/>\n\t<meta property=\"og:image:type\" content=\"image\/jpeg\" \/>\n<meta name=\"twitter:card\" content=\"summary_large_image\" \/>\n<meta name=\"twitter:label1\" content=\"Dur\u00e9e de lecture estim\u00e9e\" \/>\n\t<meta name=\"twitter:data1\" content=\"1 minute\" \/>\n<script type=\"application\/ld+json\" class=\"yoast-schema-graph\">{\"@context\":\"https:\\\/\\\/schema.org\",\"@graph\":[{\"@type\":\"WebPage\",\"@id\":\"https:\\\/\\\/les-routes-buissonnieres.fr\\\/boutik\\\/produit\\\/huile-boite-vitesses-80w90-minerva-coumpounds\\\/\",\"url\":\"https:\\\/\\\/les-routes-buissonnieres.fr\\\/boutik\\\/produit\\\/huile-boite-vitesses-80w90-minerva-coumpounds\\\/\",\"name\":\"HUILE BOITE VITESSES 80W90 MINERVA COUMPOUNDS 1L - La boutique LRB\",\"isPartOf\":{\"@id\":\"https:\\\/\\\/les-routes-buissonnieres.fr\\\/boutik\\\/#website\"},\"primaryImageOfPage\":{\"@id\":\"https:\\\/\\\/les-routes-buissonnieres.fr\\\/boutik\\\/produit\\\/huile-boite-vitesses-80w90-minerva-coumpounds\\\/#primaryimage\"},\"image\":{\"@id\":\"https:\\\/\\\/les-routes-buissonnieres.fr\\\/boutik\\\/produit\\\/huile-boite-vitesses-80w90-minerva-coumpounds\\\/#primaryimage\"},\"thumbnailUrl\":\"https:\\\/\\\/les-routes-buissonnieres.fr\\\/boutik\\\/wp-content\\\/uploads\\\/2022\\\/02\\\/NQU015-1.jpg\",\"datePublished\":\"2022-02-08T18:15:16+00:00\",\"dateModified\":\"2024-03-07T16:17:14+00:00\",\"breadcrumb\":{\"@id\":\"https:\\\/\\\/les-routes-buissonnieres.fr\\\/boutik\\\/produit\\\/huile-boite-vitesses-80w90-minerva-coumpounds\\\/#breadcrumb\"},\"inLanguage\":\"fr-FR\",\"potentialAction\":[{\"@type\":\"ReadAction\",\"target\":[\"https:\\\/\\\/les-routes-buissonnieres.fr\\\/boutik\\\/produit\\\/huile-boite-vitesses-80w90-minerva-coumpounds\\\/\"]}]},{\"@type\":\"ImageObject\",\"inLanguage\":\"fr-FR\",\"@id\":\"https:\\\/\\\/les-routes-buissonnieres.fr\\\/boutik\\\/produit\\\/huile-boite-vitesses-80w90-minerva-coumpounds\\\/#primaryimage\",\"url\":\"https:\\\/\\\/les-routes-buissonnieres.fr\\\/boutik\\\/wp-content\\\/uploads\\\/2022\\\/02\\\/NQU015-1.jpg\",\"contentUrl\":\"https:\\\/\\\/les-routes-buissonnieres.fr\\\/boutik\\\/wp-content\\\/uploads\\\/2022\\\/02\\\/NQU015-1.jpg\",\"width\":800,\"height\":800},{\"@type\":\"BreadcrumbList\",\"@id\":\"https:\\\/\\\/les-routes-buissonnieres.fr\\\/boutik\\\/produit\\\/huile-boite-vitesses-80w90-minerva-coumpounds\\\/#breadcrumb\",\"itemListElement\":[{\"@type\":\"ListItem\",\"position\":1,\"name\":\"Accueil\",\"item\":\"https:\\\/\\\/les-routes-buissonnieres.fr\\\/boutik\\\/\"},{\"@type\":\"ListItem\",\"position\":2,\"name\":\"Boutique\",\"item\":\"https:\\\/\\\/les-routes-buissonnieres.fr\\\/boutik\\\/\"},{\"@type\":\"ListItem\",\"position\":3,\"name\":\"HUILE BOITE VITESSES 80W90 MINERVA COUMPOUNDS 1L\"}]},{\"@type\":\"WebSite\",\"@id\":\"https:\\\/\\\/les-routes-buissonnieres.fr\\\/boutik\\\/#website\",\"url\":\"https:\\\/\\\/les-routes-buissonnieres.fr\\\/boutik\\\/\",\"name\":\"La boutique LRB\",\"description\":\"Pi\u00e8ces d\u00e9tach\u00e9es Citro\u00ebn - VW refroidies par air\",\"publisher\":{\"@id\":\"https:\\\/\\\/les-routes-buissonnieres.fr\\\/boutik\\\/#organization\"},\"potentialAction\":[{\"@type\":\"SearchAction\",\"target\":{\"@type\":\"EntryPoint\",\"urlTemplate\":\"https:\\\/\\\/les-routes-buissonnieres.fr\\\/boutik\\\/?s={search_term_string}\"},\"query-input\":{\"@type\":\"PropertyValueSpecification\",\"valueRequired\":true,\"valueName\":\"search_term_string\"}}],\"inLanguage\":\"fr-FR\"},{\"@type\":\"Organization\",\"@id\":\"https:\\\/\\\/les-routes-buissonnieres.fr\\\/boutik\\\/#organization\",\"name\":\"La boutique LRB\",\"url\":\"https:\\\/\\\/les-routes-buissonnieres.fr\\\/boutik\\\/\",\"logo\":{\"@type\":\"ImageObject\",\"inLanguage\":\"fr-FR\",\"@id\":\"https:\\\/\\\/les-routes-buissonnieres.fr\\\/boutik\\\/#\\\/schema\\\/logo\\\/image\\\/\",\"url\":\"https:\\\/\\\/les-routes-buissonnieres.fr\\\/boutik\\\/wp-content\\\/uploads\\\/2023\\\/11\\\/cropped-logo-a-et-c-2023-orange.png\",\"contentUrl\":\"https:\\\/\\\/les-routes-buissonnieres.fr\\\/boutik\\\/wp-content\\\/uploads\\\/2023\\\/11\\\/cropped-logo-a-et-c-2023-orange.png\",\"width\":300,\"height\":176,\"caption\":\"La boutique LRB\"},\"image\":{\"@id\":\"https:\\\/\\\/les-routes-buissonnieres.fr\\\/boutik\\\/#\\\/schema\\\/logo\\\/image\\\/\"}}]}<\/script>\n<!-- \/ Yoast SEO plugin. -->","yoast_head_json":{"title":"HUILE BOITE VITESSES 80W90 MINERVA COUMPOUNDS 1L - La boutique LRB","robots":{"index":"index","follow":"follow","max-snippet":"max-snippet:-1","max-image-preview":"max-image-preview:large","max-video-preview":"max-video-preview:-1"},"canonical":"https:\/\/les-routes-buissonnieres.fr\/boutik\/produit\/huile-boite-vitesses-80w90-minerva-coumpounds\/","og_locale":"fr_FR","og_type":"article","og_title":"HUILE BOITE VITESSES 80W90 MINERVA COUMPOUNDS 1L - La boutique LRB","og_description":"Huile boite vitesses 80w90 Minerva Coumpounds 1l. Excellente qualit\u00e9, limite les bruits. API GL5. Bidon m\u00e9tal vintage 1L.","og_url":"https:\/\/les-routes-buissonnieres.fr\/boutik\/produit\/huile-boite-vitesses-80w90-minerva-coumpounds\/","og_site_name":"La boutique LRB","article_modified_time":"2024-03-07T16:17:14+00:00","og_image":[{"width":800,"height":800,"url":"https:\/\/les-routes-buissonnieres.fr\/boutik\/wp-content\/uploads\/2022\/02\/NQU015-1.jpg","type":"image\/jpeg"}],"twitter_card":"summary_large_image","twitter_misc":{"Dur\u00e9e de lecture estim\u00e9e":"1 minute"},"schema":{"@context":"https:\/\/schema.org","@graph":[{"@type":"WebPage","@id":"https:\/\/les-routes-buissonnieres.fr\/boutik\/produit\/huile-boite-vitesses-80w90-minerva-coumpounds\/","url":"https:\/\/les-routes-buissonnieres.fr\/boutik\/produit\/huile-boite-vitesses-80w90-minerva-coumpounds\/","name":"HUILE BOITE VITESSES 80W90 MINERVA COUMPOUNDS 1L - La boutique LRB","isPartOf":{"@id":"https:\/\/les-routes-buissonnieres.fr\/boutik\/#website"},"primaryImageOfPage":{"@id":"https:\/\/les-routes-buissonnieres.fr\/boutik\/produit\/huile-boite-vitesses-80w90-minerva-coumpounds\/#primaryimage"},"image":{"@id":"https:\/\/les-routes-buissonnieres.fr\/boutik\/produit\/huile-boite-vitesses-80w90-minerva-coumpounds\/#primaryimage"},"thumbnailUrl":"https:\/\/les-routes-buissonnieres.fr\/boutik\/wp-content\/uploads\/2022\/02\/NQU015-1.jpg","datePublished":"2022-02-08T18:15:16+00:00","dateModified":"2024-03-07T16:17:14+00:00","breadcrumb":{"@id":"https:\/\/les-routes-buissonnieres.fr\/boutik\/produit\/huile-boite-vitesses-80w90-minerva-coumpounds\/#breadcrumb"},"inLanguage":"fr-FR","potentialAction":[{"@type":"ReadAction","target":["https:\/\/les-routes-buissonnieres.fr\/boutik\/produit\/huile-boite-vitesses-80w90-minerva-coumpounds\/"]}]},{"@type":"ImageObject","inLanguage":"fr-FR","@id":"https:\/\/les-routes-buissonnieres.fr\/boutik\/produit\/huile-boite-vitesses-80w90-minerva-coumpounds\/#primaryimage","url":"https:\/\/les-routes-buissonnieres.fr\/boutik\/wp-content\/uploads\/2022\/02\/NQU015-1.jpg","contentUrl":"https:\/\/les-routes-buissonnieres.fr\/boutik\/wp-content\/uploads\/2022\/02\/NQU015-1.jpg","width":800,"height":800},{"@type":"BreadcrumbList","@id":"https:\/\/les-routes-buissonnieres.fr\/boutik\/produit\/huile-boite-vitesses-80w90-minerva-coumpounds\/#breadcrumb","itemListElement":[{"@type":"ListItem","position":1,"name":"Accueil","item":"https:\/\/les-routes-buissonnieres.fr\/boutik\/"},{"@type":"ListItem","position":2,"name":"Boutique","item":"https:\/\/les-routes-buissonnieres.fr\/boutik\/"},{"@type":"ListItem","position":3,"name":"HUILE BOITE VITESSES 80W90 MINERVA COUMPOUNDS 1L"}]},{"@type":"WebSite","@id":"https:\/\/les-routes-buissonnieres.fr\/boutik\/#website","url":"https:\/\/les-routes-buissonnieres.fr\/boutik\/","name":"La boutique LRB","description":"Pi\u00e8ces d\u00e9tach\u00e9es Citro\u00ebn - VW refroidies par air","publisher":{"@id":"https:\/\/les-routes-buissonnieres.fr\/boutik\/#organization"},"potentialAction":[{"@type":"SearchAction","target":{"@type":"EntryPoint","urlTemplate":"https:\/\/les-routes-buissonnieres.fr\/boutik\/?s={search_term_string}"},"query-input":{"@type":"PropertyValueSpecification","valueRequired":true,"valueName":"search_term_string"}}],"inLanguage":"fr-FR"},{"@type":"Organization","@id":"https:\/\/les-routes-buissonnieres.fr\/boutik\/#organization","name":"La boutique LRB","url":"https:\/\/les-routes-buissonnieres.fr\/boutik\/","logo":{"@type":"ImageObject","inLanguage":"fr-FR","@id":"https:\/\/les-routes-buissonnieres.fr\/boutik\/#\/schema\/logo\/image\/","url":"https:\/\/les-routes-buissonnieres.fr\/boutik\/wp-content\/uploads\/2023\/11\/cropped-logo-a-et-c-2023-orange.png","contentUrl":"https:\/\/les-routes-buissonnieres.fr\/boutik\/wp-content\/uploads\/2023\/11\/cropped-logo-a-et-c-2023-orange.png","width":300,"height":176,"caption":"La boutique LRB"},"image":{"@id":"https:\/\/les-routes-buissonnieres.fr\/boutik\/#\/schema\/logo\/image\/"}}]}},"_links":{"self":[{"href":"https:\/\/les-routes-buissonnieres.fr\/boutik\/wp-json\/wp\/v2\/product\/63874","targetHints":{"allow":["GET"]}}],"collection":[{"href":"https:\/\/les-routes-buissonnieres.fr\/boutik\/wp-json\/wp\/v2\/product"}],"about":[{"href":"https:\/\/les-routes-buissonnieres.fr\/boutik\/wp-json\/wp\/v2\/types\/product"}],"wp:featuredmedia":[{"embeddable":true,"href":"https:\/\/les-routes-buissonnieres.fr\/boutik\/wp-json\/wp\/v2\/media\/64921"}],"wp:attachment":[{"href":"https:\/\/les-routes-buissonnieres.fr\/boutik\/wp-json\/wp\/v2\/media?parent=63874"}],"wp:term":[{"taxonomy":"product_brand","embeddable":true,"href":"https:\/\/les-routes-buissonnieres.fr\/boutik\/wp-json\/wp\/v2\/product_brand?post=63874"},{"taxonomy":"product_cat","embeddable":true,"href":"https:\/\/les-routes-buissonnieres.fr\/boutik\/wp-json\/wp\/v2\/product_cat?post=63874"},{"taxonomy":"product_tag","embeddable":true,"href":"https:\/\/les-routes-buissonnieres.fr\/boutik\/wp-json\/wp\/v2\/product_tag?post=63874"}],"curies":[{"name":"wp","href":"https:\/\/api.w.org\/{rel}","templated":true}]}}