{"id":64173,"date":"2023-02-03T11:40:46","date_gmt":"2023-02-03T10:40:46","guid":{"rendered":"https:\/\/ailettes-et-carbus.fr\/?post_type=product&#038;p=64173"},"modified":"2025-10-20T14:44:53","modified_gmt":"2025-10-20T13:44:53","slug":"huile-20w50-minerva-vintage-5l","status":"publish","type":"product","link":"https:\/\/les-routes-buissonnieres.fr\/boutik\/produit\/huile-20w50-minerva-vintage-5l\/","title":{"rendered":"HUILE 20W50 MINERVA VINTAGE 5L"},"content":{"rendered":"<p>Huile 20w50 Minerva vintage 5L.<\/p>\n<p>Nouvelle appellation de l&rsquo;huile Minerva Classic \u00ab\u00a0Super Huilage\u00a0\u00bb.<\/p>\n<p>Huile made in France. Sp\u00e9cialement con\u00e7ue pour les v\u00e9hicules anciens.<\/p>\n<p>Tr\u00e8s grande qualit\u00e9 de fabrication. Convient sur moteur neuf ou non r\u00e9nov\u00e9, elle est faiblement d\u00e9tergente.<br \/>\nContrairement \u00e0 l&rsquo;indication de l&rsquo;\u00e9tiquette, il s&rsquo;agit d&rsquo;une huile 100% min\u00e9rale sans additifs.<br \/>\nTr\u00e8s bonne r\u00e9sistance \u00e0 la temp\u00e9rature, id\u00e9al sur moteur refroidi par air, mais convient \u00e9galement aux refroidissement liquide.<\/p>\n<p>C&rsquo;est celle que nous utilisons \u00e0 l&rsquo;atelier et dans nos v\u00e9hicules personnels depuis de nombreuses ann\u00e9es!<\/p>\n<p>Norme SG pour moteur essence.<\/p>\n<p>Convient aux VW coccinelles, combis split, combis bay window, t3 aircooled, combis Br\u00e9siliens, Citroen 2cv, dyane, ami et GS, GSA et bien d&rsquo;autres v\u00e9hicules anciens.<\/p>\n","protected":false},"excerpt":{"rendered":"<p>Huile 20w50 Minerva Vintage 5L. Sp\u00e9cialement con\u00e7u pour les anciennes. Fabriqu\u00e9e en France.<\/p>\n","protected":false},"featured_media":65305,"template":"","meta":[],"product_brand":[],"product_cat":[29,32,31,1989,1959,100,128,66,2137,92,114,2159,52,41,102,130,68,2139,69,116,54,48,2160,2161,111,139,85,2148,99,125,63,46,25,26,1988,27,28],"product_tag":[1931,1980,1979,1933,1978],"class_list":{"0":"post-64173","1":"product","2":"type-product","3":"status-publish","4":"has-post-thumbnail","6":"product_cat-pieces-citroen-2-cv","7":"product_cat-pieces-citroen-ami","8":"product_cat-pieces-citroen-dyane","9":"product_cat-citroen-gs-a","10":"product_cat-cv231-entretien","11":"product_cat-cv135-lubrification","12":"product_cat-cv163-lubrification","13":"product_cat-cv107-lubrification","14":"product_cat-lubrification-clipper","15":"product_cat-cv83-lubrification","16":"product_cat-cv149-lubrification","17":"product_cat-lubrification-gs-gsa","18":"product_cat-cv93-lubrification","19":"product_cat-cv121-lubrification","20":"product_cat-cv137-moteur-autres-pieces-de-rechange","21":"product_cat-cv165-moteur-autres-pieces-de-rechange","22":"product_cat-cv109-moteur-autres-pieces-de-rechange","23":"product_cat-moteur-autres-pieces-de-rechange-clipper","24":"product_cat-cv56-moteur-autres-pieces-de-rechange","25":"product_cat-cv151-moteur-autres-pieces-de-rechange","26":"product_cat-cv95-moteur-autres-pieces-de-rechange","27":"product_cat-cv123-moteur-autres-pieces-de-rechange","28":"product_cat-moteur-autres-pieces-de-rechange-gs-gsa","29":"product_cat-quicaillerie-et-divers-gs-gsa","30":"product_cat-cv146-quincaillerie-et-divers","31":"product_cat-cv174-quincaillerie-et-divers","32":"product_cat-cv118-quincaillerie-et-divers","33":"product_cat-quincaillerie-et-divers-clipper","34":"product_cat-cv90-quincaillerie-et-divers","35":"product_cat-cv160-quincaillerie-et-divers","36":"product_cat-cv104-quincaillerie-et-divers","37":"product_cat-cv132-quincaillerie-et-divers","38":"product_cat-pieces-vw-coccinelle-type-1","39":"product_cat-pieces-vw-combi-bay-window-type-2","40":"product_cat-pieces-vw-combi-bresilien-split-clipper","41":"product_cat-piece-vw-combi-split-type-2","42":"product_cat-pieces-vw-transporter-t3-type-25-ct-cu","43":"product_tag-20w50","44":"product_tag-huile-20w50-classique","45":"product_tag-huile-pour-ancienne","46":"product_tag-lubrifiant","47":"product_tag-minerva","49":"first","50":"instock","51":"taxable","52":"shipping-taxable","53":"purchasable","54":"product-type-simple"},"yoast_head":"<!-- This site is optimized with the Yoast SEO plugin v27.4 - https:\/\/yoast.com\/product\/yoast-seo-wordpress\/ -->\n<title>HUILE 20W50 MINERVA VINTAGE 5L - La boutique LRB<\/title>\n<meta name=\"robots\" content=\"index, follow, max-snippet:-1, max-image-preview:large, max-video-preview:-1\" \/>\n<link rel=\"canonical\" href=\"https:\/\/les-routes-buissonnieres.fr\/boutik\/produit\/huile-20w50-minerva-vintage-5l\/\" \/>\n<meta property=\"og:locale\" content=\"fr_FR\" \/>\n<meta property=\"og:type\" content=\"article\" \/>\n<meta property=\"og:title\" content=\"HUILE 20W50 MINERVA VINTAGE 5L - La boutique LRB\" \/>\n<meta property=\"og:description\" content=\"Huile 20w50 Minerva Vintage 5L. Sp\u00e9cialement con\u00e7u pour les anciennes. Fabriqu\u00e9e en France.\" \/>\n<meta property=\"og:url\" content=\"https:\/\/les-routes-buissonnieres.fr\/boutik\/produit\/huile-20w50-minerva-vintage-5l\/\" \/>\n<meta property=\"og:site_name\" content=\"La boutique LRB\" \/>\n<meta property=\"article:modified_time\" content=\"2025-10-20T13:44:53+00:00\" \/>\n<meta property=\"og:image\" content=\"https:\/\/les-routes-buissonnieres.fr\/boutik\/wp-content\/uploads\/2023\/02\/huile-moteur-minerva-vintage-20w50-5-litres.jpg\" \/>\n\t<meta property=\"og:image:width\" content=\"553\" \/>\n\t<meta property=\"og:image:height\" content=\"553\" \/>\n\t<meta property=\"og:image:type\" content=\"image\/jpeg\" \/>\n<meta name=\"twitter:card\" content=\"summary_large_image\" \/>\n<meta name=\"twitter:label1\" content=\"Dur\u00e9e de lecture estim\u00e9e\" \/>\n\t<meta name=\"twitter:data1\" content=\"1 minute\" \/>\n<script type=\"application\/ld+json\" class=\"yoast-schema-graph\">{\"@context\":\"https:\\\/\\\/schema.org\",\"@graph\":[{\"@type\":\"WebPage\",\"@id\":\"https:\\\/\\\/les-routes-buissonnieres.fr\\\/boutik\\\/produit\\\/huile-20w50-minerva-vintage-5l\\\/\",\"url\":\"https:\\\/\\\/les-routes-buissonnieres.fr\\\/boutik\\\/produit\\\/huile-20w50-minerva-vintage-5l\\\/\",\"name\":\"HUILE 20W50 MINERVA VINTAGE 5L - La boutique LRB\",\"isPartOf\":{\"@id\":\"https:\\\/\\\/les-routes-buissonnieres.fr\\\/boutik\\\/#website\"},\"primaryImageOfPage\":{\"@id\":\"https:\\\/\\\/les-routes-buissonnieres.fr\\\/boutik\\\/produit\\\/huile-20w50-minerva-vintage-5l\\\/#primaryimage\"},\"image\":{\"@id\":\"https:\\\/\\\/les-routes-buissonnieres.fr\\\/boutik\\\/produit\\\/huile-20w50-minerva-vintage-5l\\\/#primaryimage\"},\"thumbnailUrl\":\"https:\\\/\\\/les-routes-buissonnieres.fr\\\/boutik\\\/wp-content\\\/uploads\\\/2023\\\/02\\\/huile-moteur-minerva-vintage-20w50-5-litres.jpg\",\"datePublished\":\"2023-02-03T10:40:46+00:00\",\"dateModified\":\"2025-10-20T13:44:53+00:00\",\"breadcrumb\":{\"@id\":\"https:\\\/\\\/les-routes-buissonnieres.fr\\\/boutik\\\/produit\\\/huile-20w50-minerva-vintage-5l\\\/#breadcrumb\"},\"inLanguage\":\"fr-FR\",\"potentialAction\":[{\"@type\":\"ReadAction\",\"target\":[\"https:\\\/\\\/les-routes-buissonnieres.fr\\\/boutik\\\/produit\\\/huile-20w50-minerva-vintage-5l\\\/\"]}]},{\"@type\":\"ImageObject\",\"inLanguage\":\"fr-FR\",\"@id\":\"https:\\\/\\\/les-routes-buissonnieres.fr\\\/boutik\\\/produit\\\/huile-20w50-minerva-vintage-5l\\\/#primaryimage\",\"url\":\"https:\\\/\\\/les-routes-buissonnieres.fr\\\/boutik\\\/wp-content\\\/uploads\\\/2023\\\/02\\\/huile-moteur-minerva-vintage-20w50-5-litres.jpg\",\"contentUrl\":\"https:\\\/\\\/les-routes-buissonnieres.fr\\\/boutik\\\/wp-content\\\/uploads\\\/2023\\\/02\\\/huile-moteur-minerva-vintage-20w50-5-litres.jpg\",\"width\":553,\"height\":553},{\"@type\":\"BreadcrumbList\",\"@id\":\"https:\\\/\\\/les-routes-buissonnieres.fr\\\/boutik\\\/produit\\\/huile-20w50-minerva-vintage-5l\\\/#breadcrumb\",\"itemListElement\":[{\"@type\":\"ListItem\",\"position\":1,\"name\":\"Accueil\",\"item\":\"https:\\\/\\\/les-routes-buissonnieres.fr\\\/boutik\\\/\"},{\"@type\":\"ListItem\",\"position\":2,\"name\":\"Boutique\",\"item\":\"https:\\\/\\\/les-routes-buissonnieres.fr\\\/boutik\\\/\"},{\"@type\":\"ListItem\",\"position\":3,\"name\":\"HUILE 20W50 MINERVA VINTAGE 5L\"}]},{\"@type\":\"WebSite\",\"@id\":\"https:\\\/\\\/les-routes-buissonnieres.fr\\\/boutik\\\/#website\",\"url\":\"https:\\\/\\\/les-routes-buissonnieres.fr\\\/boutik\\\/\",\"name\":\"La boutique LRB\",\"description\":\"Pi\u00e8ces d\u00e9tach\u00e9es Citro\u00ebn - VW refroidies par air\",\"publisher\":{\"@id\":\"https:\\\/\\\/les-routes-buissonnieres.fr\\\/boutik\\\/#organization\"},\"potentialAction\":[{\"@type\":\"SearchAction\",\"target\":{\"@type\":\"EntryPoint\",\"urlTemplate\":\"https:\\\/\\\/les-routes-buissonnieres.fr\\\/boutik\\\/?s={search_term_string}\"},\"query-input\":{\"@type\":\"PropertyValueSpecification\",\"valueRequired\":true,\"valueName\":\"search_term_string\"}}],\"inLanguage\":\"fr-FR\"},{\"@type\":\"Organization\",\"@id\":\"https:\\\/\\\/les-routes-buissonnieres.fr\\\/boutik\\\/#organization\",\"name\":\"La boutique LRB\",\"url\":\"https:\\\/\\\/les-routes-buissonnieres.fr\\\/boutik\\\/\",\"logo\":{\"@type\":\"ImageObject\",\"inLanguage\":\"fr-FR\",\"@id\":\"https:\\\/\\\/les-routes-buissonnieres.fr\\\/boutik\\\/#\\\/schema\\\/logo\\\/image\\\/\",\"url\":\"https:\\\/\\\/les-routes-buissonnieres.fr\\\/boutik\\\/wp-content\\\/uploads\\\/2023\\\/11\\\/cropped-logo-a-et-c-2023-orange.png\",\"contentUrl\":\"https:\\\/\\\/les-routes-buissonnieres.fr\\\/boutik\\\/wp-content\\\/uploads\\\/2023\\\/11\\\/cropped-logo-a-et-c-2023-orange.png\",\"width\":300,\"height\":176,\"caption\":\"La boutique LRB\"},\"image\":{\"@id\":\"https:\\\/\\\/les-routes-buissonnieres.fr\\\/boutik\\\/#\\\/schema\\\/logo\\\/image\\\/\"}}]}<\/script>\n<!-- \/ Yoast SEO plugin. -->","yoast_head_json":{"title":"HUILE 20W50 MINERVA VINTAGE 5L - La boutique LRB","robots":{"index":"index","follow":"follow","max-snippet":"max-snippet:-1","max-image-preview":"max-image-preview:large","max-video-preview":"max-video-preview:-1"},"canonical":"https:\/\/les-routes-buissonnieres.fr\/boutik\/produit\/huile-20w50-minerva-vintage-5l\/","og_locale":"fr_FR","og_type":"article","og_title":"HUILE 20W50 MINERVA VINTAGE 5L - La boutique LRB","og_description":"Huile 20w50 Minerva Vintage 5L. Sp\u00e9cialement con\u00e7u pour les anciennes. Fabriqu\u00e9e en France.","og_url":"https:\/\/les-routes-buissonnieres.fr\/boutik\/produit\/huile-20w50-minerva-vintage-5l\/","og_site_name":"La boutique LRB","article_modified_time":"2025-10-20T13:44:53+00:00","og_image":[{"width":553,"height":553,"url":"https:\/\/les-routes-buissonnieres.fr\/boutik\/wp-content\/uploads\/2023\/02\/huile-moteur-minerva-vintage-20w50-5-litres.jpg","type":"image\/jpeg"}],"twitter_card":"summary_large_image","twitter_misc":{"Dur\u00e9e de lecture estim\u00e9e":"1 minute"},"schema":{"@context":"https:\/\/schema.org","@graph":[{"@type":"WebPage","@id":"https:\/\/les-routes-buissonnieres.fr\/boutik\/produit\/huile-20w50-minerva-vintage-5l\/","url":"https:\/\/les-routes-buissonnieres.fr\/boutik\/produit\/huile-20w50-minerva-vintage-5l\/","name":"HUILE 20W50 MINERVA VINTAGE 5L - La boutique LRB","isPartOf":{"@id":"https:\/\/les-routes-buissonnieres.fr\/boutik\/#website"},"primaryImageOfPage":{"@id":"https:\/\/les-routes-buissonnieres.fr\/boutik\/produit\/huile-20w50-minerva-vintage-5l\/#primaryimage"},"image":{"@id":"https:\/\/les-routes-buissonnieres.fr\/boutik\/produit\/huile-20w50-minerva-vintage-5l\/#primaryimage"},"thumbnailUrl":"https:\/\/les-routes-buissonnieres.fr\/boutik\/wp-content\/uploads\/2023\/02\/huile-moteur-minerva-vintage-20w50-5-litres.jpg","datePublished":"2023-02-03T10:40:46+00:00","dateModified":"2025-10-20T13:44:53+00:00","breadcrumb":{"@id":"https:\/\/les-routes-buissonnieres.fr\/boutik\/produit\/huile-20w50-minerva-vintage-5l\/#breadcrumb"},"inLanguage":"fr-FR","potentialAction":[{"@type":"ReadAction","target":["https:\/\/les-routes-buissonnieres.fr\/boutik\/produit\/huile-20w50-minerva-vintage-5l\/"]}]},{"@type":"ImageObject","inLanguage":"fr-FR","@id":"https:\/\/les-routes-buissonnieres.fr\/boutik\/produit\/huile-20w50-minerva-vintage-5l\/#primaryimage","url":"https:\/\/les-routes-buissonnieres.fr\/boutik\/wp-content\/uploads\/2023\/02\/huile-moteur-minerva-vintage-20w50-5-litres.jpg","contentUrl":"https:\/\/les-routes-buissonnieres.fr\/boutik\/wp-content\/uploads\/2023\/02\/huile-moteur-minerva-vintage-20w50-5-litres.jpg","width":553,"height":553},{"@type":"BreadcrumbList","@id":"https:\/\/les-routes-buissonnieres.fr\/boutik\/produit\/huile-20w50-minerva-vintage-5l\/#breadcrumb","itemListElement":[{"@type":"ListItem","position":1,"name":"Accueil","item":"https:\/\/les-routes-buissonnieres.fr\/boutik\/"},{"@type":"ListItem","position":2,"name":"Boutique","item":"https:\/\/les-routes-buissonnieres.fr\/boutik\/"},{"@type":"ListItem","position":3,"name":"HUILE 20W50 MINERVA VINTAGE 5L"}]},{"@type":"WebSite","@id":"https:\/\/les-routes-buissonnieres.fr\/boutik\/#website","url":"https:\/\/les-routes-buissonnieres.fr\/boutik\/","name":"La boutique LRB","description":"Pi\u00e8ces d\u00e9tach\u00e9es Citro\u00ebn - VW refroidies par air","publisher":{"@id":"https:\/\/les-routes-buissonnieres.fr\/boutik\/#organization"},"potentialAction":[{"@type":"SearchAction","target":{"@type":"EntryPoint","urlTemplate":"https:\/\/les-routes-buissonnieres.fr\/boutik\/?s={search_term_string}"},"query-input":{"@type":"PropertyValueSpecification","valueRequired":true,"valueName":"search_term_string"}}],"inLanguage":"fr-FR"},{"@type":"Organization","@id":"https:\/\/les-routes-buissonnieres.fr\/boutik\/#organization","name":"La boutique LRB","url":"https:\/\/les-routes-buissonnieres.fr\/boutik\/","logo":{"@type":"ImageObject","inLanguage":"fr-FR","@id":"https:\/\/les-routes-buissonnieres.fr\/boutik\/#\/schema\/logo\/image\/","url":"https:\/\/les-routes-buissonnieres.fr\/boutik\/wp-content\/uploads\/2023\/11\/cropped-logo-a-et-c-2023-orange.png","contentUrl":"https:\/\/les-routes-buissonnieres.fr\/boutik\/wp-content\/uploads\/2023\/11\/cropped-logo-a-et-c-2023-orange.png","width":300,"height":176,"caption":"La boutique LRB"},"image":{"@id":"https:\/\/les-routes-buissonnieres.fr\/boutik\/#\/schema\/logo\/image\/"}}]}},"_links":{"self":[{"href":"https:\/\/les-routes-buissonnieres.fr\/boutik\/wp-json\/wp\/v2\/product\/64173","targetHints":{"allow":["GET"]}}],"collection":[{"href":"https:\/\/les-routes-buissonnieres.fr\/boutik\/wp-json\/wp\/v2\/product"}],"about":[{"href":"https:\/\/les-routes-buissonnieres.fr\/boutik\/wp-json\/wp\/v2\/types\/product"}],"wp:featuredmedia":[{"embeddable":true,"href":"https:\/\/les-routes-buissonnieres.fr\/boutik\/wp-json\/wp\/v2\/media\/65305"}],"wp:attachment":[{"href":"https:\/\/les-routes-buissonnieres.fr\/boutik\/wp-json\/wp\/v2\/media?parent=64173"}],"wp:term":[{"taxonomy":"product_brand","embeddable":true,"href":"https:\/\/les-routes-buissonnieres.fr\/boutik\/wp-json\/wp\/v2\/product_brand?post=64173"},{"taxonomy":"product_cat","embeddable":true,"href":"https:\/\/les-routes-buissonnieres.fr\/boutik\/wp-json\/wp\/v2\/product_cat?post=64173"},{"taxonomy":"product_tag","embeddable":true,"href":"https:\/\/les-routes-buissonnieres.fr\/boutik\/wp-json\/wp\/v2\/product_tag?post=64173"}],"curies":[{"name":"wp","href":"https:\/\/api.w.org\/{rel}","templated":true}]}}