{"id":64876,"date":"2024-03-05T12:40:48","date_gmt":"2024-03-05T11:40:48","guid":{"rendered":"https:\/\/ailettes-et-carbus.fr\/?post_type=product&#038;p=64876"},"modified":"2026-01-27T14:45:21","modified_gmt":"2026-01-27T13:45:21","slug":"joint-spi-arbre-primaire-cox-combi-t3","status":"publish","type":"product","link":"https:\/\/les-routes-buissonnieres.fr\/boutik\/produit\/joint-spi-arbre-primaire-cox-combi-t3\/","title":{"rendered":"JOINT SPI ARBRE PRIMAIRE COX COMBI T3 Q+"},"content":{"rendered":"<p>Joint spi arbre primaire cox combi t3 Q+.<\/p>\n<p>Si vous constatez une fuite d&rsquo;huile de boite de vitesses \u00e0 la jonction moteur-boite, c&rsquo;est tr\u00e8s certainement lui le fautif.<\/p>\n<p>Nous vous conseillons de plus de v\u00e9rifier son \u00e9tat au moment du remplacement de votre embrayage. Il serait dommage de tout remonter sans le remplacer&#8230;<\/p>\n<p>Joint spi de qualit\u00e9 sup\u00e9rieure, il convient aux VW Coccinelle \u00e0 partir de 08\/60, aux VW Combi split Europ\u00e9ens et aux VW combi split Br\u00e9siliens depuis 08\/1959, aux VW Combi Clipper Br\u00e9siliens toutes ann\u00e9es et aux VW Transporter T3 T25 toutes ann\u00e9es.<\/p>\n<p>&nbsp;<\/p>\n<p>Pour boite manuelle uniquement.<\/p>\n","protected":false},"excerpt":{"rendered":"<p>Joint spi arbre primaire cox combi t3 Q+. Pour cox, combi, t3.<\/p>\n","protected":false},"featured_media":64877,"template":"","meta":[],"product_brand":[],"product_cat":[82,84,55,76,2140,25,26,1988,27,28],"product_tag":[2194,2197,2196,2198,2195],"class_list":{"0":"post-64876","1":"product","2":"type-product","3":"status-publish","4":"has-post-thumbnail","6":"product_cat-cv110-boite-de-vitesse-et-embrayage","7":"product_cat-cv75-boite-de-vitesse-et-embrayage","8":"product_cat-cv96-boite-de-vitesse-et-embrayage","9":"product_cat-cv124-boite-de-vitesse-et-embrayage","10":"product_cat-boite-de-vitesses-et-embrayage-clipper","11":"product_cat-pieces-vw-coccinelle-type-1","12":"product_cat-pieces-vw-combi-bay-window-type-2","13":"product_cat-pieces-vw-combi-bresilien-split-clipper","14":"product_cat-piece-vw-combi-split-type-2","15":"product_cat-pieces-vw-transporter-t3-type-25-ct-cu","16":"product_tag-arbre-primaire","17":"product_tag-boite-de-vitesses-combi","18":"product_tag-boite-de-vitesses-cox","19":"product_tag-boite-de-vitesses-t3","20":"product_tag-joint-darbre-primaire","22":"first","23":"instock","24":"taxable","25":"shipping-taxable","26":"purchasable","27":"product-type-simple"},"yoast_head":"<!-- This site is optimized with the Yoast SEO plugin v27.4 - https:\/\/yoast.com\/product\/yoast-seo-wordpress\/ -->\n<title>JOINT SPI ARBRE PRIMAIRE COX COMBI T3 Q+ - La boutique LRB<\/title>\n<meta name=\"robots\" content=\"index, follow, max-snippet:-1, max-image-preview:large, max-video-preview:-1\" \/>\n<link rel=\"canonical\" href=\"https:\/\/les-routes-buissonnieres.fr\/boutik\/produit\/joint-spi-arbre-primaire-cox-combi-t3\/\" \/>\n<meta property=\"og:locale\" content=\"fr_FR\" \/>\n<meta property=\"og:type\" content=\"article\" \/>\n<meta property=\"og:title\" content=\"JOINT SPI ARBRE PRIMAIRE COX COMBI T3 Q+ - La boutique LRB\" \/>\n<meta property=\"og:description\" content=\"Joint spi arbre primaire cox combi t3 Q+. Pour cox, combi, t3.\" \/>\n<meta property=\"og:url\" content=\"https:\/\/les-routes-buissonnieres.fr\/boutik\/produit\/joint-spi-arbre-primaire-cox-combi-t3\/\" \/>\n<meta property=\"og:site_name\" content=\"La boutique LRB\" \/>\n<meta property=\"article:modified_time\" content=\"2026-01-27T13:45:21+00:00\" \/>\n<meta property=\"og:image\" content=\"https:\/\/les-routes-buissonnieres.fr\/boutik\/wp-content\/uploads\/2024\/03\/NVWF052.jpg\" \/>\n\t<meta property=\"og:image:width\" content=\"800\" \/>\n\t<meta property=\"og:image:height\" content=\"800\" \/>\n\t<meta property=\"og:image:type\" content=\"image\/jpeg\" \/>\n<meta name=\"twitter:card\" content=\"summary_large_image\" \/>\n<meta name=\"twitter:label1\" content=\"Dur\u00e9e de lecture estim\u00e9e\" \/>\n\t<meta name=\"twitter:data1\" content=\"1 minute\" \/>\n<script type=\"application\/ld+json\" class=\"yoast-schema-graph\">{\"@context\":\"https:\\\/\\\/schema.org\",\"@graph\":[{\"@type\":\"WebPage\",\"@id\":\"https:\\\/\\\/les-routes-buissonnieres.fr\\\/boutik\\\/produit\\\/joint-spi-arbre-primaire-cox-combi-t3\\\/\",\"url\":\"https:\\\/\\\/les-routes-buissonnieres.fr\\\/boutik\\\/produit\\\/joint-spi-arbre-primaire-cox-combi-t3\\\/\",\"name\":\"JOINT SPI ARBRE PRIMAIRE COX COMBI T3 Q+ - La boutique LRB\",\"isPartOf\":{\"@id\":\"https:\\\/\\\/les-routes-buissonnieres.fr\\\/boutik\\\/#website\"},\"primaryImageOfPage\":{\"@id\":\"https:\\\/\\\/les-routes-buissonnieres.fr\\\/boutik\\\/produit\\\/joint-spi-arbre-primaire-cox-combi-t3\\\/#primaryimage\"},\"image\":{\"@id\":\"https:\\\/\\\/les-routes-buissonnieres.fr\\\/boutik\\\/produit\\\/joint-spi-arbre-primaire-cox-combi-t3\\\/#primaryimage\"},\"thumbnailUrl\":\"https:\\\/\\\/les-routes-buissonnieres.fr\\\/boutik\\\/wp-content\\\/uploads\\\/2024\\\/03\\\/NVWF052.jpg\",\"datePublished\":\"2024-03-05T11:40:48+00:00\",\"dateModified\":\"2026-01-27T13:45:21+00:00\",\"breadcrumb\":{\"@id\":\"https:\\\/\\\/les-routes-buissonnieres.fr\\\/boutik\\\/produit\\\/joint-spi-arbre-primaire-cox-combi-t3\\\/#breadcrumb\"},\"inLanguage\":\"fr-FR\",\"potentialAction\":[{\"@type\":\"ReadAction\",\"target\":[\"https:\\\/\\\/les-routes-buissonnieres.fr\\\/boutik\\\/produit\\\/joint-spi-arbre-primaire-cox-combi-t3\\\/\"]}]},{\"@type\":\"ImageObject\",\"inLanguage\":\"fr-FR\",\"@id\":\"https:\\\/\\\/les-routes-buissonnieres.fr\\\/boutik\\\/produit\\\/joint-spi-arbre-primaire-cox-combi-t3\\\/#primaryimage\",\"url\":\"https:\\\/\\\/les-routes-buissonnieres.fr\\\/boutik\\\/wp-content\\\/uploads\\\/2024\\\/03\\\/NVWF052.jpg\",\"contentUrl\":\"https:\\\/\\\/les-routes-buissonnieres.fr\\\/boutik\\\/wp-content\\\/uploads\\\/2024\\\/03\\\/NVWF052.jpg\",\"width\":800,\"height\":800},{\"@type\":\"BreadcrumbList\",\"@id\":\"https:\\\/\\\/les-routes-buissonnieres.fr\\\/boutik\\\/produit\\\/joint-spi-arbre-primaire-cox-combi-t3\\\/#breadcrumb\",\"itemListElement\":[{\"@type\":\"ListItem\",\"position\":1,\"name\":\"Accueil\",\"item\":\"https:\\\/\\\/les-routes-buissonnieres.fr\\\/boutik\\\/\"},{\"@type\":\"ListItem\",\"position\":2,\"name\":\"Boutique\",\"item\":\"https:\\\/\\\/les-routes-buissonnieres.fr\\\/boutik\\\/\"},{\"@type\":\"ListItem\",\"position\":3,\"name\":\"JOINT SPI ARBRE PRIMAIRE COX COMBI T3 Q+\"}]},{\"@type\":\"WebSite\",\"@id\":\"https:\\\/\\\/les-routes-buissonnieres.fr\\\/boutik\\\/#website\",\"url\":\"https:\\\/\\\/les-routes-buissonnieres.fr\\\/boutik\\\/\",\"name\":\"La boutique LRB\",\"description\":\"Pi\u00e8ces d\u00e9tach\u00e9es Citro\u00ebn - VW refroidies par air\",\"publisher\":{\"@id\":\"https:\\\/\\\/les-routes-buissonnieres.fr\\\/boutik\\\/#organization\"},\"potentialAction\":[{\"@type\":\"SearchAction\",\"target\":{\"@type\":\"EntryPoint\",\"urlTemplate\":\"https:\\\/\\\/les-routes-buissonnieres.fr\\\/boutik\\\/?s={search_term_string}\"},\"query-input\":{\"@type\":\"PropertyValueSpecification\",\"valueRequired\":true,\"valueName\":\"search_term_string\"}}],\"inLanguage\":\"fr-FR\"},{\"@type\":\"Organization\",\"@id\":\"https:\\\/\\\/les-routes-buissonnieres.fr\\\/boutik\\\/#organization\",\"name\":\"La boutique LRB\",\"url\":\"https:\\\/\\\/les-routes-buissonnieres.fr\\\/boutik\\\/\",\"logo\":{\"@type\":\"ImageObject\",\"inLanguage\":\"fr-FR\",\"@id\":\"https:\\\/\\\/les-routes-buissonnieres.fr\\\/boutik\\\/#\\\/schema\\\/logo\\\/image\\\/\",\"url\":\"https:\\\/\\\/les-routes-buissonnieres.fr\\\/boutik\\\/wp-content\\\/uploads\\\/2023\\\/11\\\/cropped-logo-a-et-c-2023-orange.png\",\"contentUrl\":\"https:\\\/\\\/les-routes-buissonnieres.fr\\\/boutik\\\/wp-content\\\/uploads\\\/2023\\\/11\\\/cropped-logo-a-et-c-2023-orange.png\",\"width\":300,\"height\":176,\"caption\":\"La boutique LRB\"},\"image\":{\"@id\":\"https:\\\/\\\/les-routes-buissonnieres.fr\\\/boutik\\\/#\\\/schema\\\/logo\\\/image\\\/\"}}]}<\/script>\n<!-- \/ Yoast SEO plugin. -->","yoast_head_json":{"title":"JOINT SPI ARBRE PRIMAIRE COX COMBI T3 Q+ - La boutique LRB","robots":{"index":"index","follow":"follow","max-snippet":"max-snippet:-1","max-image-preview":"max-image-preview:large","max-video-preview":"max-video-preview:-1"},"canonical":"https:\/\/les-routes-buissonnieres.fr\/boutik\/produit\/joint-spi-arbre-primaire-cox-combi-t3\/","og_locale":"fr_FR","og_type":"article","og_title":"JOINT SPI ARBRE PRIMAIRE COX COMBI T3 Q+ - La boutique LRB","og_description":"Joint spi arbre primaire cox combi t3 Q+. Pour cox, combi, t3.","og_url":"https:\/\/les-routes-buissonnieres.fr\/boutik\/produit\/joint-spi-arbre-primaire-cox-combi-t3\/","og_site_name":"La boutique LRB","article_modified_time":"2026-01-27T13:45:21+00:00","og_image":[{"width":800,"height":800,"url":"https:\/\/les-routes-buissonnieres.fr\/boutik\/wp-content\/uploads\/2024\/03\/NVWF052.jpg","type":"image\/jpeg"}],"twitter_card":"summary_large_image","twitter_misc":{"Dur\u00e9e de lecture estim\u00e9e":"1 minute"},"schema":{"@context":"https:\/\/schema.org","@graph":[{"@type":"WebPage","@id":"https:\/\/les-routes-buissonnieres.fr\/boutik\/produit\/joint-spi-arbre-primaire-cox-combi-t3\/","url":"https:\/\/les-routes-buissonnieres.fr\/boutik\/produit\/joint-spi-arbre-primaire-cox-combi-t3\/","name":"JOINT SPI ARBRE PRIMAIRE COX COMBI T3 Q+ - La boutique LRB","isPartOf":{"@id":"https:\/\/les-routes-buissonnieres.fr\/boutik\/#website"},"primaryImageOfPage":{"@id":"https:\/\/les-routes-buissonnieres.fr\/boutik\/produit\/joint-spi-arbre-primaire-cox-combi-t3\/#primaryimage"},"image":{"@id":"https:\/\/les-routes-buissonnieres.fr\/boutik\/produit\/joint-spi-arbre-primaire-cox-combi-t3\/#primaryimage"},"thumbnailUrl":"https:\/\/les-routes-buissonnieres.fr\/boutik\/wp-content\/uploads\/2024\/03\/NVWF052.jpg","datePublished":"2024-03-05T11:40:48+00:00","dateModified":"2026-01-27T13:45:21+00:00","breadcrumb":{"@id":"https:\/\/les-routes-buissonnieres.fr\/boutik\/produit\/joint-spi-arbre-primaire-cox-combi-t3\/#breadcrumb"},"inLanguage":"fr-FR","potentialAction":[{"@type":"ReadAction","target":["https:\/\/les-routes-buissonnieres.fr\/boutik\/produit\/joint-spi-arbre-primaire-cox-combi-t3\/"]}]},{"@type":"ImageObject","inLanguage":"fr-FR","@id":"https:\/\/les-routes-buissonnieres.fr\/boutik\/produit\/joint-spi-arbre-primaire-cox-combi-t3\/#primaryimage","url":"https:\/\/les-routes-buissonnieres.fr\/boutik\/wp-content\/uploads\/2024\/03\/NVWF052.jpg","contentUrl":"https:\/\/les-routes-buissonnieres.fr\/boutik\/wp-content\/uploads\/2024\/03\/NVWF052.jpg","width":800,"height":800},{"@type":"BreadcrumbList","@id":"https:\/\/les-routes-buissonnieres.fr\/boutik\/produit\/joint-spi-arbre-primaire-cox-combi-t3\/#breadcrumb","itemListElement":[{"@type":"ListItem","position":1,"name":"Accueil","item":"https:\/\/les-routes-buissonnieres.fr\/boutik\/"},{"@type":"ListItem","position":2,"name":"Boutique","item":"https:\/\/les-routes-buissonnieres.fr\/boutik\/"},{"@type":"ListItem","position":3,"name":"JOINT SPI ARBRE PRIMAIRE COX COMBI T3 Q+"}]},{"@type":"WebSite","@id":"https:\/\/les-routes-buissonnieres.fr\/boutik\/#website","url":"https:\/\/les-routes-buissonnieres.fr\/boutik\/","name":"La boutique LRB","description":"Pi\u00e8ces d\u00e9tach\u00e9es Citro\u00ebn - VW refroidies par air","publisher":{"@id":"https:\/\/les-routes-buissonnieres.fr\/boutik\/#organization"},"potentialAction":[{"@type":"SearchAction","target":{"@type":"EntryPoint","urlTemplate":"https:\/\/les-routes-buissonnieres.fr\/boutik\/?s={search_term_string}"},"query-input":{"@type":"PropertyValueSpecification","valueRequired":true,"valueName":"search_term_string"}}],"inLanguage":"fr-FR"},{"@type":"Organization","@id":"https:\/\/les-routes-buissonnieres.fr\/boutik\/#organization","name":"La boutique LRB","url":"https:\/\/les-routes-buissonnieres.fr\/boutik\/","logo":{"@type":"ImageObject","inLanguage":"fr-FR","@id":"https:\/\/les-routes-buissonnieres.fr\/boutik\/#\/schema\/logo\/image\/","url":"https:\/\/les-routes-buissonnieres.fr\/boutik\/wp-content\/uploads\/2023\/11\/cropped-logo-a-et-c-2023-orange.png","contentUrl":"https:\/\/les-routes-buissonnieres.fr\/boutik\/wp-content\/uploads\/2023\/11\/cropped-logo-a-et-c-2023-orange.png","width":300,"height":176,"caption":"La boutique LRB"},"image":{"@id":"https:\/\/les-routes-buissonnieres.fr\/boutik\/#\/schema\/logo\/image\/"}}]}},"_links":{"self":[{"href":"https:\/\/les-routes-buissonnieres.fr\/boutik\/wp-json\/wp\/v2\/product\/64876","targetHints":{"allow":["GET"]}}],"collection":[{"href":"https:\/\/les-routes-buissonnieres.fr\/boutik\/wp-json\/wp\/v2\/product"}],"about":[{"href":"https:\/\/les-routes-buissonnieres.fr\/boutik\/wp-json\/wp\/v2\/types\/product"}],"wp:featuredmedia":[{"embeddable":true,"href":"https:\/\/les-routes-buissonnieres.fr\/boutik\/wp-json\/wp\/v2\/media\/64877"}],"wp:attachment":[{"href":"https:\/\/les-routes-buissonnieres.fr\/boutik\/wp-json\/wp\/v2\/media?parent=64876"}],"wp:term":[{"taxonomy":"product_brand","embeddable":true,"href":"https:\/\/les-routes-buissonnieres.fr\/boutik\/wp-json\/wp\/v2\/product_brand?post=64876"},{"taxonomy":"product_cat","embeddable":true,"href":"https:\/\/les-routes-buissonnieres.fr\/boutik\/wp-json\/wp\/v2\/product_cat?post=64876"},{"taxonomy":"product_tag","embeddable":true,"href":"https:\/\/les-routes-buissonnieres.fr\/boutik\/wp-json\/wp\/v2\/product_tag?post=64876"}],"curies":[{"name":"wp","href":"https:\/\/api.w.org\/{rel}","templated":true}]}}