{"id":65034,"date":"2025-01-30T16:08:21","date_gmt":"2025-01-30T15:08:21","guid":{"rendered":"https:\/\/ailettes-et-carbus.fr\/?post_type=product&#038;p=65034"},"modified":"2026-01-29T13:35:04","modified_gmt":"2026-01-29T12:35:04","slug":"silencieux-echappement-vw-coccinelle-60-62-b-stock","status":"publish","type":"product","link":"https:\/\/les-routes-buissonnieres.fr\/boutik\/produit\/silencieux-echappement-vw-coccinelle-60-62-b-stock\/","title":{"rendered":"SILENCIEUX \u00c9CHAPPEMENT VW COCCINELLE 60-62 B-STOCK"},"content":{"rendered":"<p>Silencieux \u00e9chappement VW coccinelle 60-62 B-stock.<\/p>\n<p>Pi\u00e8ce neuve pr\u00e9sentant quelques d\u00e9faut d&rsquo;aspects (rayures, \u00e9clats de peinture et\/ou voile de corrosion de surface)<\/p>\n<p class=\"text\">Silencieux d&rsquo;\u00e9chappement seul \u00e0 2 sorties pour 1200, sans prises de chauffage.<\/p>\n<p class=\"text\">Refabrication de qualit\u00e9 convenable.<\/p>\n<p>Pour <a href=\"https:\/\/www.cravate-avenue.com\/blog\/volkswagen-coccinelle-histoire-caracteristiques-et-legende-automobile-n504\">VW Coccinelle<\/a> 34cv<br \/>\nAnn\u00e9es : 08\/1960 -&gt;12\/1962<br \/>\nMoteur : 1200cc N\u00b0 5 000 001 -&gt;7 336 419.<\/p>\n<p class=\"text\">Prot\u00e9g\u00e9 par une simple peinture de stockage, \u00e0 traiter.<\/p>\n<p>Pensez \u00e0 remplacer <a href=\"https:\/\/les-routes-buissonnieres.fr\/boutik\/produit\/joints-echappement-cox-combi\/https:\/\/les-routes-buissonnieres.fr\/boutik\/produit\/joints-echappement-cox-combi\/\"><strong>vos joints d&rsquo;\u00e9chappement<\/strong> <\/a>en m\u00eame temps que vous remplacez votre silencieux.<\/p>\n<p>&nbsp;<\/p>\n","protected":false},"excerpt":{"rendered":"<p>Silencieux \u00e9chappement VW coccinelle 60-62 B-stock. Pi\u00e8ce neuve pr\u00e9sentant quelques d\u00e9faut d&rsquo;aspects (rayures, \u00e9clats de peinture et\/ou voile de corrosion de surface)<\/p>\n","protected":false},"featured_media":65031,"template":"","meta":[],"product_brand":[],"product_cat":[580,94,25],"product_tag":[219,218,2328,2327,223,2329],"class_list":{"0":"post-65034","1":"product","2":"type-product","3":"status-publish","4":"has-post-thumbnail","6":"product_cat-bonnes-affaires","7":"product_cat-cv85-echappement","8":"product_cat-pieces-vw-coccinelle-type-1","9":"product_tag-coccinelle","10":"product_tag-cox","11":"product_tag-echappement-coccinelle","12":"product_tag-silencieux-coccinelle","13":"product_tag-vw","14":"product_tag-vw-coccinelle","16":"first","17":"instock","18":"sale","19":"taxable","20":"shipping-taxable","21":"purchasable","22":"product-type-simple"},"yoast_head":"<!-- This site is optimized with the Yoast SEO plugin v27.4 - https:\/\/yoast.com\/product\/yoast-seo-wordpress\/ -->\n<title>SILENCIEUX \u00c9CHAPPEMENT VW COCCINELLE 60-62 B-STOCK - La boutique LRB<\/title>\n<meta name=\"description\" content=\"Silencieux \u00e9chappement VW coccinelle 60-62 B stock. Pi\u00e8ce neuve pr\u00e9sentant quelques d\u00e9faut d&#039;aspects. Pour 1200, sans prises de chauffage.\" \/>\n<meta name=\"robots\" content=\"index, follow, max-snippet:-1, max-image-preview:large, max-video-preview:-1\" \/>\n<link rel=\"canonical\" href=\"https:\/\/les-routes-buissonnieres.fr\/boutik\/produit\/silencieux-echappement-vw-coccinelle-60-62-b-stock\/\" \/>\n<meta property=\"og:locale\" content=\"fr_FR\" \/>\n<meta property=\"og:type\" content=\"article\" \/>\n<meta property=\"og:title\" content=\"SILENCIEUX \u00c9CHAPPEMENT VW COCCINELLE 60-62 B-STOCK - La boutique LRB\" \/>\n<meta property=\"og:description\" content=\"Silencieux \u00e9chappement VW coccinelle 60-62 B stock. Pi\u00e8ce neuve pr\u00e9sentant quelques d\u00e9faut d&#039;aspects. Pour 1200, sans prises de chauffage.\" \/>\n<meta property=\"og:url\" content=\"https:\/\/les-routes-buissonnieres.fr\/boutik\/produit\/silencieux-echappement-vw-coccinelle-60-62-b-stock\/\" \/>\n<meta property=\"og:site_name\" content=\"La boutique LRB\" \/>\n<meta property=\"article:modified_time\" content=\"2026-01-29T12:35:04+00:00\" \/>\n<meta property=\"og:image\" content=\"https:\/\/les-routes-buissonnieres.fr\/boutik\/wp-content\/uploads\/2025\/01\/nvwg043.jpg\" \/>\n\t<meta property=\"og:image:width\" content=\"800\" \/>\n\t<meta property=\"og:image:height\" content=\"800\" \/>\n\t<meta property=\"og:image:type\" content=\"image\/jpeg\" \/>\n<meta name=\"twitter:card\" content=\"summary_large_image\" \/>\n<meta name=\"twitter:label1\" content=\"Dur\u00e9e de lecture estim\u00e9e\" \/>\n\t<meta name=\"twitter:data1\" content=\"1 minute\" \/>\n<script type=\"application\/ld+json\" class=\"yoast-schema-graph\">{\"@context\":\"https:\\\/\\\/schema.org\",\"@graph\":[{\"@type\":\"WebPage\",\"@id\":\"https:\\\/\\\/les-routes-buissonnieres.fr\\\/boutik\\\/produit\\\/silencieux-echappement-vw-coccinelle-60-62-b-stock\\\/\",\"url\":\"https:\\\/\\\/les-routes-buissonnieres.fr\\\/boutik\\\/produit\\\/silencieux-echappement-vw-coccinelle-60-62-b-stock\\\/\",\"name\":\"SILENCIEUX \u00c9CHAPPEMENT VW COCCINELLE 60-62 B-STOCK - La boutique LRB\",\"isPartOf\":{\"@id\":\"https:\\\/\\\/les-routes-buissonnieres.fr\\\/boutik\\\/#website\"},\"primaryImageOfPage\":{\"@id\":\"https:\\\/\\\/les-routes-buissonnieres.fr\\\/boutik\\\/produit\\\/silencieux-echappement-vw-coccinelle-60-62-b-stock\\\/#primaryimage\"},\"image\":{\"@id\":\"https:\\\/\\\/les-routes-buissonnieres.fr\\\/boutik\\\/produit\\\/silencieux-echappement-vw-coccinelle-60-62-b-stock\\\/#primaryimage\"},\"thumbnailUrl\":\"https:\\\/\\\/les-routes-buissonnieres.fr\\\/boutik\\\/wp-content\\\/uploads\\\/2025\\\/01\\\/nvwg043.jpg\",\"datePublished\":\"2025-01-30T15:08:21+00:00\",\"dateModified\":\"2026-01-29T12:35:04+00:00\",\"description\":\"Silencieux \u00e9chappement VW coccinelle 60-62 B stock. Pi\u00e8ce neuve pr\u00e9sentant quelques d\u00e9faut d'aspects. Pour 1200, sans prises de chauffage.\",\"breadcrumb\":{\"@id\":\"https:\\\/\\\/les-routes-buissonnieres.fr\\\/boutik\\\/produit\\\/silencieux-echappement-vw-coccinelle-60-62-b-stock\\\/#breadcrumb\"},\"inLanguage\":\"fr-FR\",\"potentialAction\":[{\"@type\":\"ReadAction\",\"target\":[\"https:\\\/\\\/les-routes-buissonnieres.fr\\\/boutik\\\/produit\\\/silencieux-echappement-vw-coccinelle-60-62-b-stock\\\/\"]}]},{\"@type\":\"ImageObject\",\"inLanguage\":\"fr-FR\",\"@id\":\"https:\\\/\\\/les-routes-buissonnieres.fr\\\/boutik\\\/produit\\\/silencieux-echappement-vw-coccinelle-60-62-b-stock\\\/#primaryimage\",\"url\":\"https:\\\/\\\/les-routes-buissonnieres.fr\\\/boutik\\\/wp-content\\\/uploads\\\/2025\\\/01\\\/nvwg043.jpg\",\"contentUrl\":\"https:\\\/\\\/les-routes-buissonnieres.fr\\\/boutik\\\/wp-content\\\/uploads\\\/2025\\\/01\\\/nvwg043.jpg\",\"width\":800,\"height\":800,\"caption\":\"Silencieux \u00e9chappement VW coccinelle 60-62\"},{\"@type\":\"BreadcrumbList\",\"@id\":\"https:\\\/\\\/les-routes-buissonnieres.fr\\\/boutik\\\/produit\\\/silencieux-echappement-vw-coccinelle-60-62-b-stock\\\/#breadcrumb\",\"itemListElement\":[{\"@type\":\"ListItem\",\"position\":1,\"name\":\"Accueil\",\"item\":\"https:\\\/\\\/les-routes-buissonnieres.fr\\\/boutik\\\/\"},{\"@type\":\"ListItem\",\"position\":2,\"name\":\"Boutique\",\"item\":\"https:\\\/\\\/les-routes-buissonnieres.fr\\\/boutik\\\/\"},{\"@type\":\"ListItem\",\"position\":3,\"name\":\"SILENCIEUX \u00c9CHAPPEMENT VW COCCINELLE 60-62 B-STOCK\"}]},{\"@type\":\"WebSite\",\"@id\":\"https:\\\/\\\/les-routes-buissonnieres.fr\\\/boutik\\\/#website\",\"url\":\"https:\\\/\\\/les-routes-buissonnieres.fr\\\/boutik\\\/\",\"name\":\"La boutique LRB\",\"description\":\"Pi\u00e8ces d\u00e9tach\u00e9es Citro\u00ebn - VW refroidies par air\",\"publisher\":{\"@id\":\"https:\\\/\\\/les-routes-buissonnieres.fr\\\/boutik\\\/#organization\"},\"potentialAction\":[{\"@type\":\"SearchAction\",\"target\":{\"@type\":\"EntryPoint\",\"urlTemplate\":\"https:\\\/\\\/les-routes-buissonnieres.fr\\\/boutik\\\/?s={search_term_string}\"},\"query-input\":{\"@type\":\"PropertyValueSpecification\",\"valueRequired\":true,\"valueName\":\"search_term_string\"}}],\"inLanguage\":\"fr-FR\"},{\"@type\":\"Organization\",\"@id\":\"https:\\\/\\\/les-routes-buissonnieres.fr\\\/boutik\\\/#organization\",\"name\":\"La boutique LRB\",\"url\":\"https:\\\/\\\/les-routes-buissonnieres.fr\\\/boutik\\\/\",\"logo\":{\"@type\":\"ImageObject\",\"inLanguage\":\"fr-FR\",\"@id\":\"https:\\\/\\\/les-routes-buissonnieres.fr\\\/boutik\\\/#\\\/schema\\\/logo\\\/image\\\/\",\"url\":\"https:\\\/\\\/les-routes-buissonnieres.fr\\\/boutik\\\/wp-content\\\/uploads\\\/2023\\\/11\\\/cropped-logo-a-et-c-2023-orange.png\",\"contentUrl\":\"https:\\\/\\\/les-routes-buissonnieres.fr\\\/boutik\\\/wp-content\\\/uploads\\\/2023\\\/11\\\/cropped-logo-a-et-c-2023-orange.png\",\"width\":300,\"height\":176,\"caption\":\"La boutique LRB\"},\"image\":{\"@id\":\"https:\\\/\\\/les-routes-buissonnieres.fr\\\/boutik\\\/#\\\/schema\\\/logo\\\/image\\\/\"}}]}<\/script>\n<!-- \/ Yoast SEO plugin. -->","yoast_head_json":{"title":"SILENCIEUX \u00c9CHAPPEMENT VW COCCINELLE 60-62 B-STOCK - La boutique LRB","description":"Silencieux \u00e9chappement VW coccinelle 60-62 B stock. Pi\u00e8ce neuve pr\u00e9sentant quelques d\u00e9faut d'aspects. Pour 1200, sans prises de chauffage.","robots":{"index":"index","follow":"follow","max-snippet":"max-snippet:-1","max-image-preview":"max-image-preview:large","max-video-preview":"max-video-preview:-1"},"canonical":"https:\/\/les-routes-buissonnieres.fr\/boutik\/produit\/silencieux-echappement-vw-coccinelle-60-62-b-stock\/","og_locale":"fr_FR","og_type":"article","og_title":"SILENCIEUX \u00c9CHAPPEMENT VW COCCINELLE 60-62 B-STOCK - La boutique LRB","og_description":"Silencieux \u00e9chappement VW coccinelle 60-62 B stock. Pi\u00e8ce neuve pr\u00e9sentant quelques d\u00e9faut d'aspects. Pour 1200, sans prises de chauffage.","og_url":"https:\/\/les-routes-buissonnieres.fr\/boutik\/produit\/silencieux-echappement-vw-coccinelle-60-62-b-stock\/","og_site_name":"La boutique LRB","article_modified_time":"2026-01-29T12:35:04+00:00","og_image":[{"width":800,"height":800,"url":"https:\/\/les-routes-buissonnieres.fr\/boutik\/wp-content\/uploads\/2025\/01\/nvwg043.jpg","type":"image\/jpeg"}],"twitter_card":"summary_large_image","twitter_misc":{"Dur\u00e9e de lecture estim\u00e9e":"1 minute"},"schema":{"@context":"https:\/\/schema.org","@graph":[{"@type":"WebPage","@id":"https:\/\/les-routes-buissonnieres.fr\/boutik\/produit\/silencieux-echappement-vw-coccinelle-60-62-b-stock\/","url":"https:\/\/les-routes-buissonnieres.fr\/boutik\/produit\/silencieux-echappement-vw-coccinelle-60-62-b-stock\/","name":"SILENCIEUX \u00c9CHAPPEMENT VW COCCINELLE 60-62 B-STOCK - La boutique LRB","isPartOf":{"@id":"https:\/\/les-routes-buissonnieres.fr\/boutik\/#website"},"primaryImageOfPage":{"@id":"https:\/\/les-routes-buissonnieres.fr\/boutik\/produit\/silencieux-echappement-vw-coccinelle-60-62-b-stock\/#primaryimage"},"image":{"@id":"https:\/\/les-routes-buissonnieres.fr\/boutik\/produit\/silencieux-echappement-vw-coccinelle-60-62-b-stock\/#primaryimage"},"thumbnailUrl":"https:\/\/les-routes-buissonnieres.fr\/boutik\/wp-content\/uploads\/2025\/01\/nvwg043.jpg","datePublished":"2025-01-30T15:08:21+00:00","dateModified":"2026-01-29T12:35:04+00:00","description":"Silencieux \u00e9chappement VW coccinelle 60-62 B stock. Pi\u00e8ce neuve pr\u00e9sentant quelques d\u00e9faut d'aspects. Pour 1200, sans prises de chauffage.","breadcrumb":{"@id":"https:\/\/les-routes-buissonnieres.fr\/boutik\/produit\/silencieux-echappement-vw-coccinelle-60-62-b-stock\/#breadcrumb"},"inLanguage":"fr-FR","potentialAction":[{"@type":"ReadAction","target":["https:\/\/les-routes-buissonnieres.fr\/boutik\/produit\/silencieux-echappement-vw-coccinelle-60-62-b-stock\/"]}]},{"@type":"ImageObject","inLanguage":"fr-FR","@id":"https:\/\/les-routes-buissonnieres.fr\/boutik\/produit\/silencieux-echappement-vw-coccinelle-60-62-b-stock\/#primaryimage","url":"https:\/\/les-routes-buissonnieres.fr\/boutik\/wp-content\/uploads\/2025\/01\/nvwg043.jpg","contentUrl":"https:\/\/les-routes-buissonnieres.fr\/boutik\/wp-content\/uploads\/2025\/01\/nvwg043.jpg","width":800,"height":800,"caption":"Silencieux \u00e9chappement VW coccinelle 60-62"},{"@type":"BreadcrumbList","@id":"https:\/\/les-routes-buissonnieres.fr\/boutik\/produit\/silencieux-echappement-vw-coccinelle-60-62-b-stock\/#breadcrumb","itemListElement":[{"@type":"ListItem","position":1,"name":"Accueil","item":"https:\/\/les-routes-buissonnieres.fr\/boutik\/"},{"@type":"ListItem","position":2,"name":"Boutique","item":"https:\/\/les-routes-buissonnieres.fr\/boutik\/"},{"@type":"ListItem","position":3,"name":"SILENCIEUX \u00c9CHAPPEMENT VW COCCINELLE 60-62 B-STOCK"}]},{"@type":"WebSite","@id":"https:\/\/les-routes-buissonnieres.fr\/boutik\/#website","url":"https:\/\/les-routes-buissonnieres.fr\/boutik\/","name":"La boutique LRB","description":"Pi\u00e8ces d\u00e9tach\u00e9es Citro\u00ebn - VW refroidies par air","publisher":{"@id":"https:\/\/les-routes-buissonnieres.fr\/boutik\/#organization"},"potentialAction":[{"@type":"SearchAction","target":{"@type":"EntryPoint","urlTemplate":"https:\/\/les-routes-buissonnieres.fr\/boutik\/?s={search_term_string}"},"query-input":{"@type":"PropertyValueSpecification","valueRequired":true,"valueName":"search_term_string"}}],"inLanguage":"fr-FR"},{"@type":"Organization","@id":"https:\/\/les-routes-buissonnieres.fr\/boutik\/#organization","name":"La boutique LRB","url":"https:\/\/les-routes-buissonnieres.fr\/boutik\/","logo":{"@type":"ImageObject","inLanguage":"fr-FR","@id":"https:\/\/les-routes-buissonnieres.fr\/boutik\/#\/schema\/logo\/image\/","url":"https:\/\/les-routes-buissonnieres.fr\/boutik\/wp-content\/uploads\/2023\/11\/cropped-logo-a-et-c-2023-orange.png","contentUrl":"https:\/\/les-routes-buissonnieres.fr\/boutik\/wp-content\/uploads\/2023\/11\/cropped-logo-a-et-c-2023-orange.png","width":300,"height":176,"caption":"La boutique LRB"},"image":{"@id":"https:\/\/les-routes-buissonnieres.fr\/boutik\/#\/schema\/logo\/image\/"}}]}},"_links":{"self":[{"href":"https:\/\/les-routes-buissonnieres.fr\/boutik\/wp-json\/wp\/v2\/product\/65034","targetHints":{"allow":["GET"]}}],"collection":[{"href":"https:\/\/les-routes-buissonnieres.fr\/boutik\/wp-json\/wp\/v2\/product"}],"about":[{"href":"https:\/\/les-routes-buissonnieres.fr\/boutik\/wp-json\/wp\/v2\/types\/product"}],"wp:featuredmedia":[{"embeddable":true,"href":"https:\/\/les-routes-buissonnieres.fr\/boutik\/wp-json\/wp\/v2\/media\/65031"}],"wp:attachment":[{"href":"https:\/\/les-routes-buissonnieres.fr\/boutik\/wp-json\/wp\/v2\/media?parent=65034"}],"wp:term":[{"taxonomy":"product_brand","embeddable":true,"href":"https:\/\/les-routes-buissonnieres.fr\/boutik\/wp-json\/wp\/v2\/product_brand?post=65034"},{"taxonomy":"product_cat","embeddable":true,"href":"https:\/\/les-routes-buissonnieres.fr\/boutik\/wp-json\/wp\/v2\/product_cat?post=65034"},{"taxonomy":"product_tag","embeddable":true,"href":"https:\/\/les-routes-buissonnieres.fr\/boutik\/wp-json\/wp\/v2\/product_tag?post=65034"}],"curies":[{"name":"wp","href":"https:\/\/api.w.org\/{rel}","templated":true}]}}