{"id":65143,"date":"2025-10-06T15:43:49","date_gmt":"2025-10-06T14:43:49","guid":{"rendered":"https:\/\/ailettes-et-carbus.fr\/?post_type=product&#038;p=65143"},"modified":"2025-10-06T15:43:50","modified_gmt":"2025-10-06T14:43:50","slug":"silent-bloc-barre-stab-27mm-vw-t4-1990-2003-q","status":"publish","type":"product","link":"https:\/\/les-routes-buissonnieres.fr\/boutik\/produit\/silent-bloc-barre-stab-27mm-vw-t4-1990-2003-q\/","title":{"rendered":"SILENT BLOC BARRE STAB 27MM VW T4 1990 2003 Q+"},"content":{"rendered":"<p>Silent Bloc barre stab 27mm VW T4 1990 2003 q+.<\/p>\n<p>Silentbloc de barre stabilisatrice pour VOLKSWAGEN Transporter T4 du 09\/1990 au 06\/2003 y compris version Syncro (4&#215;4).<br \/>\nDiam\u00e8tre : 27 mm<br \/>\nC\u00f4t\u00e9 gauche ou droit, vendu \u00e0 l&rsquo;unit\u00e9.<\/p>\n<p>Qualit\u00e9 sup\u00e9rieure Meyle.<\/p>\n","protected":false},"excerpt":{"rendered":"<p>Silent Bloc barre stab 27mm VW T4 1990 2003 q+.<\/p>\n","protected":false},"featured_media":65144,"template":"","meta":[],"product_brand":[],"product_cat":[580,1959],"product_tag":[],"class_list":{"0":"post-65143","1":"product","2":"type-product","3":"status-publish","4":"has-post-thumbnail","6":"product_cat-bonnes-affaires","7":"product_cat-cv231-entretien","9":"first","10":"instock","11":"sale","12":"taxable","13":"shipping-taxable","14":"purchasable","15":"product-type-simple"},"yoast_head":"<!-- This site is optimized with the Yoast SEO plugin v27.4 - https:\/\/yoast.com\/product\/yoast-seo-wordpress\/ -->\n<title>SILENT BLOC BARRE STAB 27MM VW T4 1990 2003 Q+ - La boutique LRB<\/title>\n<meta name=\"robots\" content=\"index, follow, max-snippet:-1, max-image-preview:large, max-video-preview:-1\" \/>\n<link rel=\"canonical\" href=\"https:\/\/les-routes-buissonnieres.fr\/boutik\/produit\/silent-bloc-barre-stab-27mm-vw-t4-1990-2003-q\/\" \/>\n<meta property=\"og:locale\" content=\"fr_FR\" \/>\n<meta property=\"og:type\" content=\"article\" \/>\n<meta property=\"og:title\" content=\"SILENT BLOC BARRE STAB 27MM VW T4 1990 2003 Q+ - La boutique LRB\" \/>\n<meta property=\"og:description\" content=\"Silent Bloc barre stab 27mm VW T4 1990 2003 q+.\" \/>\n<meta property=\"og:url\" content=\"https:\/\/les-routes-buissonnieres.fr\/boutik\/produit\/silent-bloc-barre-stab-27mm-vw-t4-1990-2003-q\/\" \/>\n<meta property=\"og:site_name\" content=\"La boutique LRB\" \/>\n<meta property=\"article:modified_time\" content=\"2025-10-06T14:43:50+00:00\" \/>\n<meta property=\"og:image\" content=\"https:\/\/les-routes-buissonnieres.fr\/boutik\/wp-content\/uploads\/2025\/10\/tumbnail_f6f203de-8184-47f8-ba7e-ad7db385c157.webp\" \/>\n\t<meta property=\"og:image:width\" content=\"600\" \/>\n\t<meta property=\"og:image:height\" content=\"480\" \/>\n\t<meta property=\"og:image:type\" content=\"image\/webp\" \/>\n<meta name=\"twitter:card\" content=\"summary_large_image\" \/>\n<meta name=\"twitter:label1\" content=\"Dur\u00e9e de lecture estim\u00e9e\" \/>\n\t<meta name=\"twitter:data1\" content=\"1 minute\" \/>\n<script type=\"application\/ld+json\" class=\"yoast-schema-graph\">{\"@context\":\"https:\\\/\\\/schema.org\",\"@graph\":[{\"@type\":\"WebPage\",\"@id\":\"https:\\\/\\\/les-routes-buissonnieres.fr\\\/boutik\\\/produit\\\/silent-bloc-barre-stab-27mm-vw-t4-1990-2003-q\\\/\",\"url\":\"https:\\\/\\\/les-routes-buissonnieres.fr\\\/boutik\\\/produit\\\/silent-bloc-barre-stab-27mm-vw-t4-1990-2003-q\\\/\",\"name\":\"SILENT BLOC BARRE STAB 27MM VW T4 1990 2003 Q+ - La boutique LRB\",\"isPartOf\":{\"@id\":\"https:\\\/\\\/les-routes-buissonnieres.fr\\\/boutik\\\/#website\"},\"primaryImageOfPage\":{\"@id\":\"https:\\\/\\\/les-routes-buissonnieres.fr\\\/boutik\\\/produit\\\/silent-bloc-barre-stab-27mm-vw-t4-1990-2003-q\\\/#primaryimage\"},\"image\":{\"@id\":\"https:\\\/\\\/les-routes-buissonnieres.fr\\\/boutik\\\/produit\\\/silent-bloc-barre-stab-27mm-vw-t4-1990-2003-q\\\/#primaryimage\"},\"thumbnailUrl\":\"https:\\\/\\\/les-routes-buissonnieres.fr\\\/boutik\\\/wp-content\\\/uploads\\\/2025\\\/10\\\/tumbnail_f6f203de-8184-47f8-ba7e-ad7db385c157.webp\",\"datePublished\":\"2025-10-06T14:43:49+00:00\",\"dateModified\":\"2025-10-06T14:43:50+00:00\",\"breadcrumb\":{\"@id\":\"https:\\\/\\\/les-routes-buissonnieres.fr\\\/boutik\\\/produit\\\/silent-bloc-barre-stab-27mm-vw-t4-1990-2003-q\\\/#breadcrumb\"},\"inLanguage\":\"fr-FR\",\"potentialAction\":[{\"@type\":\"ReadAction\",\"target\":[\"https:\\\/\\\/les-routes-buissonnieres.fr\\\/boutik\\\/produit\\\/silent-bloc-barre-stab-27mm-vw-t4-1990-2003-q\\\/\"]}]},{\"@type\":\"ImageObject\",\"inLanguage\":\"fr-FR\",\"@id\":\"https:\\\/\\\/les-routes-buissonnieres.fr\\\/boutik\\\/produit\\\/silent-bloc-barre-stab-27mm-vw-t4-1990-2003-q\\\/#primaryimage\",\"url\":\"https:\\\/\\\/les-routes-buissonnieres.fr\\\/boutik\\\/wp-content\\\/uploads\\\/2025\\\/10\\\/tumbnail_f6f203de-8184-47f8-ba7e-ad7db385c157.webp\",\"contentUrl\":\"https:\\\/\\\/les-routes-buissonnieres.fr\\\/boutik\\\/wp-content\\\/uploads\\\/2025\\\/10\\\/tumbnail_f6f203de-8184-47f8-ba7e-ad7db385c157.webp\",\"width\":600,\"height\":480},{\"@type\":\"BreadcrumbList\",\"@id\":\"https:\\\/\\\/les-routes-buissonnieres.fr\\\/boutik\\\/produit\\\/silent-bloc-barre-stab-27mm-vw-t4-1990-2003-q\\\/#breadcrumb\",\"itemListElement\":[{\"@type\":\"ListItem\",\"position\":1,\"name\":\"Accueil\",\"item\":\"https:\\\/\\\/les-routes-buissonnieres.fr\\\/boutik\\\/\"},{\"@type\":\"ListItem\",\"position\":2,\"name\":\"Boutique\",\"item\":\"https:\\\/\\\/les-routes-buissonnieres.fr\\\/boutik\\\/\"},{\"@type\":\"ListItem\",\"position\":3,\"name\":\"SILENT BLOC BARRE STAB 27MM VW T4 1990 2003 Q+\"}]},{\"@type\":\"WebSite\",\"@id\":\"https:\\\/\\\/les-routes-buissonnieres.fr\\\/boutik\\\/#website\",\"url\":\"https:\\\/\\\/les-routes-buissonnieres.fr\\\/boutik\\\/\",\"name\":\"La boutique LRB\",\"description\":\"Pi\u00e8ces d\u00e9tach\u00e9es Citro\u00ebn - VW refroidies par air\",\"publisher\":{\"@id\":\"https:\\\/\\\/les-routes-buissonnieres.fr\\\/boutik\\\/#organization\"},\"potentialAction\":[{\"@type\":\"SearchAction\",\"target\":{\"@type\":\"EntryPoint\",\"urlTemplate\":\"https:\\\/\\\/les-routes-buissonnieres.fr\\\/boutik\\\/?s={search_term_string}\"},\"query-input\":{\"@type\":\"PropertyValueSpecification\",\"valueRequired\":true,\"valueName\":\"search_term_string\"}}],\"inLanguage\":\"fr-FR\"},{\"@type\":\"Organization\",\"@id\":\"https:\\\/\\\/les-routes-buissonnieres.fr\\\/boutik\\\/#organization\",\"name\":\"La boutique LRB\",\"url\":\"https:\\\/\\\/les-routes-buissonnieres.fr\\\/boutik\\\/\",\"logo\":{\"@type\":\"ImageObject\",\"inLanguage\":\"fr-FR\",\"@id\":\"https:\\\/\\\/les-routes-buissonnieres.fr\\\/boutik\\\/#\\\/schema\\\/logo\\\/image\\\/\",\"url\":\"https:\\\/\\\/les-routes-buissonnieres.fr\\\/boutik\\\/wp-content\\\/uploads\\\/2023\\\/11\\\/cropped-logo-a-et-c-2023-orange.png\",\"contentUrl\":\"https:\\\/\\\/les-routes-buissonnieres.fr\\\/boutik\\\/wp-content\\\/uploads\\\/2023\\\/11\\\/cropped-logo-a-et-c-2023-orange.png\",\"width\":300,\"height\":176,\"caption\":\"La boutique LRB\"},\"image\":{\"@id\":\"https:\\\/\\\/les-routes-buissonnieres.fr\\\/boutik\\\/#\\\/schema\\\/logo\\\/image\\\/\"}}]}<\/script>\n<!-- \/ Yoast SEO plugin. -->","yoast_head_json":{"title":"SILENT BLOC BARRE STAB 27MM VW T4 1990 2003 Q+ - La boutique LRB","robots":{"index":"index","follow":"follow","max-snippet":"max-snippet:-1","max-image-preview":"max-image-preview:large","max-video-preview":"max-video-preview:-1"},"canonical":"https:\/\/les-routes-buissonnieres.fr\/boutik\/produit\/silent-bloc-barre-stab-27mm-vw-t4-1990-2003-q\/","og_locale":"fr_FR","og_type":"article","og_title":"SILENT BLOC BARRE STAB 27MM VW T4 1990 2003 Q+ - La boutique LRB","og_description":"Silent Bloc barre stab 27mm VW T4 1990 2003 q+.","og_url":"https:\/\/les-routes-buissonnieres.fr\/boutik\/produit\/silent-bloc-barre-stab-27mm-vw-t4-1990-2003-q\/","og_site_name":"La boutique LRB","article_modified_time":"2025-10-06T14:43:50+00:00","og_image":[{"width":600,"height":480,"url":"https:\/\/les-routes-buissonnieres.fr\/boutik\/wp-content\/uploads\/2025\/10\/tumbnail_f6f203de-8184-47f8-ba7e-ad7db385c157.webp","type":"image\/webp"}],"twitter_card":"summary_large_image","twitter_misc":{"Dur\u00e9e de lecture estim\u00e9e":"1 minute"},"schema":{"@context":"https:\/\/schema.org","@graph":[{"@type":"WebPage","@id":"https:\/\/les-routes-buissonnieres.fr\/boutik\/produit\/silent-bloc-barre-stab-27mm-vw-t4-1990-2003-q\/","url":"https:\/\/les-routes-buissonnieres.fr\/boutik\/produit\/silent-bloc-barre-stab-27mm-vw-t4-1990-2003-q\/","name":"SILENT BLOC BARRE STAB 27MM VW T4 1990 2003 Q+ - La boutique LRB","isPartOf":{"@id":"https:\/\/les-routes-buissonnieres.fr\/boutik\/#website"},"primaryImageOfPage":{"@id":"https:\/\/les-routes-buissonnieres.fr\/boutik\/produit\/silent-bloc-barre-stab-27mm-vw-t4-1990-2003-q\/#primaryimage"},"image":{"@id":"https:\/\/les-routes-buissonnieres.fr\/boutik\/produit\/silent-bloc-barre-stab-27mm-vw-t4-1990-2003-q\/#primaryimage"},"thumbnailUrl":"https:\/\/les-routes-buissonnieres.fr\/boutik\/wp-content\/uploads\/2025\/10\/tumbnail_f6f203de-8184-47f8-ba7e-ad7db385c157.webp","datePublished":"2025-10-06T14:43:49+00:00","dateModified":"2025-10-06T14:43:50+00:00","breadcrumb":{"@id":"https:\/\/les-routes-buissonnieres.fr\/boutik\/produit\/silent-bloc-barre-stab-27mm-vw-t4-1990-2003-q\/#breadcrumb"},"inLanguage":"fr-FR","potentialAction":[{"@type":"ReadAction","target":["https:\/\/les-routes-buissonnieres.fr\/boutik\/produit\/silent-bloc-barre-stab-27mm-vw-t4-1990-2003-q\/"]}]},{"@type":"ImageObject","inLanguage":"fr-FR","@id":"https:\/\/les-routes-buissonnieres.fr\/boutik\/produit\/silent-bloc-barre-stab-27mm-vw-t4-1990-2003-q\/#primaryimage","url":"https:\/\/les-routes-buissonnieres.fr\/boutik\/wp-content\/uploads\/2025\/10\/tumbnail_f6f203de-8184-47f8-ba7e-ad7db385c157.webp","contentUrl":"https:\/\/les-routes-buissonnieres.fr\/boutik\/wp-content\/uploads\/2025\/10\/tumbnail_f6f203de-8184-47f8-ba7e-ad7db385c157.webp","width":600,"height":480},{"@type":"BreadcrumbList","@id":"https:\/\/les-routes-buissonnieres.fr\/boutik\/produit\/silent-bloc-barre-stab-27mm-vw-t4-1990-2003-q\/#breadcrumb","itemListElement":[{"@type":"ListItem","position":1,"name":"Accueil","item":"https:\/\/les-routes-buissonnieres.fr\/boutik\/"},{"@type":"ListItem","position":2,"name":"Boutique","item":"https:\/\/les-routes-buissonnieres.fr\/boutik\/"},{"@type":"ListItem","position":3,"name":"SILENT BLOC BARRE STAB 27MM VW T4 1990 2003 Q+"}]},{"@type":"WebSite","@id":"https:\/\/les-routes-buissonnieres.fr\/boutik\/#website","url":"https:\/\/les-routes-buissonnieres.fr\/boutik\/","name":"La boutique LRB","description":"Pi\u00e8ces d\u00e9tach\u00e9es Citro\u00ebn - VW refroidies par air","publisher":{"@id":"https:\/\/les-routes-buissonnieres.fr\/boutik\/#organization"},"potentialAction":[{"@type":"SearchAction","target":{"@type":"EntryPoint","urlTemplate":"https:\/\/les-routes-buissonnieres.fr\/boutik\/?s={search_term_string}"},"query-input":{"@type":"PropertyValueSpecification","valueRequired":true,"valueName":"search_term_string"}}],"inLanguage":"fr-FR"},{"@type":"Organization","@id":"https:\/\/les-routes-buissonnieres.fr\/boutik\/#organization","name":"La boutique LRB","url":"https:\/\/les-routes-buissonnieres.fr\/boutik\/","logo":{"@type":"ImageObject","inLanguage":"fr-FR","@id":"https:\/\/les-routes-buissonnieres.fr\/boutik\/#\/schema\/logo\/image\/","url":"https:\/\/les-routes-buissonnieres.fr\/boutik\/wp-content\/uploads\/2023\/11\/cropped-logo-a-et-c-2023-orange.png","contentUrl":"https:\/\/les-routes-buissonnieres.fr\/boutik\/wp-content\/uploads\/2023\/11\/cropped-logo-a-et-c-2023-orange.png","width":300,"height":176,"caption":"La boutique LRB"},"image":{"@id":"https:\/\/les-routes-buissonnieres.fr\/boutik\/#\/schema\/logo\/image\/"}}]}},"_links":{"self":[{"href":"https:\/\/les-routes-buissonnieres.fr\/boutik\/wp-json\/wp\/v2\/product\/65143","targetHints":{"allow":["GET"]}}],"collection":[{"href":"https:\/\/les-routes-buissonnieres.fr\/boutik\/wp-json\/wp\/v2\/product"}],"about":[{"href":"https:\/\/les-routes-buissonnieres.fr\/boutik\/wp-json\/wp\/v2\/types\/product"}],"wp:featuredmedia":[{"embeddable":true,"href":"https:\/\/les-routes-buissonnieres.fr\/boutik\/wp-json\/wp\/v2\/media\/65144"}],"wp:attachment":[{"href":"https:\/\/les-routes-buissonnieres.fr\/boutik\/wp-json\/wp\/v2\/media?parent=65143"}],"wp:term":[{"taxonomy":"product_brand","embeddable":true,"href":"https:\/\/les-routes-buissonnieres.fr\/boutik\/wp-json\/wp\/v2\/product_brand?post=65143"},{"taxonomy":"product_cat","embeddable":true,"href":"https:\/\/les-routes-buissonnieres.fr\/boutik\/wp-json\/wp\/v2\/product_cat?post=65143"},{"taxonomy":"product_tag","embeddable":true,"href":"https:\/\/les-routes-buissonnieres.fr\/boutik\/wp-json\/wp\/v2\/product_tag?post=65143"}],"curies":[{"name":"wp","href":"https:\/\/api.w.org\/{rel}","templated":true}]}}