{"id":65281,"date":"2025-10-10T15:34:52","date_gmt":"2025-10-10T14:34:52","guid":{"rendered":"https:\/\/ailettes-et-carbus.fr\/?post_type=product&#038;p=65281"},"modified":"2025-10-10T15:34:53","modified_gmt":"2025-10-10T14:34:53","slug":"axe-charniere-porte-pour-retro-cox-58-67","status":"publish","type":"product","link":"https:\/\/les-routes-buissonnieres.fr\/boutik\/produit\/axe-charniere-porte-pour-retro-cox-58-67\/","title":{"rendered":"AXE CHARNI\u00c8RE PORTE POUR RETRO COX 58-67"},"content":{"rendered":"<p>Axe charni\u00e8re porte pour retro cox 58-67<\/p>\n<p>Goupille de charni\u00e8re de porte gauche ou droite<br \/>\nDiam\u00e8tre standard c\u00f4te origine : 8 mm<br \/>\nMod\u00e8le avec filetage pour r\u00e9troviseur.<\/p>\n<p>Pour <\/p>\n<p>VW coccinelle de 1958 \u00e0 07\/67<\/p>\n","protected":false},"excerpt":{"rendered":"<p>Axe charni\u00e8re porte pour retro cox 58-67. Axe 8mm.<\/p>\n","protected":false},"featured_media":65282,"template":"","meta":[],"product_brand":[],"product_cat":[97,580,96,99,25],"product_tag":[],"class_list":{"0":"post-65281","1":"product","2":"type-product","3":"status-publish","4":"has-post-thumbnail","6":"product_cat-cv88-accessoires-exterieurs","7":"product_cat-bonnes-affaires","8":"product_cat-cv87-carrosserie","9":"product_cat-cv90-quincaillerie-et-divers","10":"product_cat-pieces-vw-coccinelle-type-1","12":"first","13":"instock","14":"sale","15":"sold-individually","16":"taxable","17":"shipping-taxable","18":"purchasable","19":"product-type-simple"},"yoast_head":"<!-- This site is optimized with the Yoast SEO plugin v27.4 - https:\/\/yoast.com\/product\/yoast-seo-wordpress\/ -->\n<title>AXE CHARNI\u00c8RE PORTE POUR RETRO COX 58-67 - La boutique LRB<\/title>\n<meta name=\"robots\" content=\"index, follow, max-snippet:-1, max-image-preview:large, max-video-preview:-1\" \/>\n<link rel=\"canonical\" href=\"https:\/\/les-routes-buissonnieres.fr\/boutik\/produit\/axe-charniere-porte-pour-retro-cox-58-67\/\" \/>\n<meta property=\"og:locale\" content=\"fr_FR\" \/>\n<meta property=\"og:type\" content=\"article\" \/>\n<meta property=\"og:title\" content=\"AXE CHARNI\u00c8RE PORTE POUR RETRO COX 58-67 - La boutique LRB\" \/>\n<meta property=\"og:description\" content=\"Axe charni\u00e8re porte pour retro cox 58-67. Axe 8mm.\" \/>\n<meta property=\"og:url\" content=\"https:\/\/les-routes-buissonnieres.fr\/boutik\/produit\/axe-charniere-porte-pour-retro-cox-58-67\/\" \/>\n<meta property=\"og:site_name\" content=\"La boutique LRB\" \/>\n<meta property=\"article:modified_time\" content=\"2025-10-10T14:34:53+00:00\" \/>\n<meta property=\"og:image\" content=\"https:\/\/les-routes-buissonnieres.fr\/boutik\/wp-content\/uploads\/2025\/10\/17860_7.jpg\" \/>\n\t<meta property=\"og:image:width\" content=\"800\" \/>\n\t<meta property=\"og:image:height\" content=\"800\" \/>\n\t<meta property=\"og:image:type\" content=\"image\/jpeg\" \/>\n<meta name=\"twitter:card\" content=\"summary_large_image\" \/>\n<meta name=\"twitter:label1\" content=\"Dur\u00e9e de lecture estim\u00e9e\" \/>\n\t<meta name=\"twitter:data1\" content=\"1 minute\" \/>\n<script type=\"application\/ld+json\" class=\"yoast-schema-graph\">{\"@context\":\"https:\\\/\\\/schema.org\",\"@graph\":[{\"@type\":\"WebPage\",\"@id\":\"https:\\\/\\\/les-routes-buissonnieres.fr\\\/boutik\\\/produit\\\/axe-charniere-porte-pour-retro-cox-58-67\\\/\",\"url\":\"https:\\\/\\\/les-routes-buissonnieres.fr\\\/boutik\\\/produit\\\/axe-charniere-porte-pour-retro-cox-58-67\\\/\",\"name\":\"AXE CHARNI\u00c8RE PORTE POUR RETRO COX 58-67 - La boutique LRB\",\"isPartOf\":{\"@id\":\"https:\\\/\\\/les-routes-buissonnieres.fr\\\/boutik\\\/#website\"},\"primaryImageOfPage\":{\"@id\":\"https:\\\/\\\/les-routes-buissonnieres.fr\\\/boutik\\\/produit\\\/axe-charniere-porte-pour-retro-cox-58-67\\\/#primaryimage\"},\"image\":{\"@id\":\"https:\\\/\\\/les-routes-buissonnieres.fr\\\/boutik\\\/produit\\\/axe-charniere-porte-pour-retro-cox-58-67\\\/#primaryimage\"},\"thumbnailUrl\":\"https:\\\/\\\/les-routes-buissonnieres.fr\\\/boutik\\\/wp-content\\\/uploads\\\/2025\\\/10\\\/17860_7.jpg\",\"datePublished\":\"2025-10-10T14:34:52+00:00\",\"dateModified\":\"2025-10-10T14:34:53+00:00\",\"breadcrumb\":{\"@id\":\"https:\\\/\\\/les-routes-buissonnieres.fr\\\/boutik\\\/produit\\\/axe-charniere-porte-pour-retro-cox-58-67\\\/#breadcrumb\"},\"inLanguage\":\"fr-FR\",\"potentialAction\":[{\"@type\":\"ReadAction\",\"target\":[\"https:\\\/\\\/les-routes-buissonnieres.fr\\\/boutik\\\/produit\\\/axe-charniere-porte-pour-retro-cox-58-67\\\/\"]}]},{\"@type\":\"ImageObject\",\"inLanguage\":\"fr-FR\",\"@id\":\"https:\\\/\\\/les-routes-buissonnieres.fr\\\/boutik\\\/produit\\\/axe-charniere-porte-pour-retro-cox-58-67\\\/#primaryimage\",\"url\":\"https:\\\/\\\/les-routes-buissonnieres.fr\\\/boutik\\\/wp-content\\\/uploads\\\/2025\\\/10\\\/17860_7.jpg\",\"contentUrl\":\"https:\\\/\\\/les-routes-buissonnieres.fr\\\/boutik\\\/wp-content\\\/uploads\\\/2025\\\/10\\\/17860_7.jpg\",\"width\":800,\"height\":800},{\"@type\":\"BreadcrumbList\",\"@id\":\"https:\\\/\\\/les-routes-buissonnieres.fr\\\/boutik\\\/produit\\\/axe-charniere-porte-pour-retro-cox-58-67\\\/#breadcrumb\",\"itemListElement\":[{\"@type\":\"ListItem\",\"position\":1,\"name\":\"Accueil\",\"item\":\"https:\\\/\\\/les-routes-buissonnieres.fr\\\/boutik\\\/\"},{\"@type\":\"ListItem\",\"position\":2,\"name\":\"Boutique\",\"item\":\"https:\\\/\\\/les-routes-buissonnieres.fr\\\/boutik\\\/\"},{\"@type\":\"ListItem\",\"position\":3,\"name\":\"AXE CHARNI\u00c8RE PORTE POUR RETRO COX 58-67\"}]},{\"@type\":\"WebSite\",\"@id\":\"https:\\\/\\\/les-routes-buissonnieres.fr\\\/boutik\\\/#website\",\"url\":\"https:\\\/\\\/les-routes-buissonnieres.fr\\\/boutik\\\/\",\"name\":\"La boutique LRB\",\"description\":\"Pi\u00e8ces d\u00e9tach\u00e9es Citro\u00ebn - VW refroidies par air\",\"publisher\":{\"@id\":\"https:\\\/\\\/les-routes-buissonnieres.fr\\\/boutik\\\/#organization\"},\"potentialAction\":[{\"@type\":\"SearchAction\",\"target\":{\"@type\":\"EntryPoint\",\"urlTemplate\":\"https:\\\/\\\/les-routes-buissonnieres.fr\\\/boutik\\\/?s={search_term_string}\"},\"query-input\":{\"@type\":\"PropertyValueSpecification\",\"valueRequired\":true,\"valueName\":\"search_term_string\"}}],\"inLanguage\":\"fr-FR\"},{\"@type\":\"Organization\",\"@id\":\"https:\\\/\\\/les-routes-buissonnieres.fr\\\/boutik\\\/#organization\",\"name\":\"La boutique LRB\",\"url\":\"https:\\\/\\\/les-routes-buissonnieres.fr\\\/boutik\\\/\",\"logo\":{\"@type\":\"ImageObject\",\"inLanguage\":\"fr-FR\",\"@id\":\"https:\\\/\\\/les-routes-buissonnieres.fr\\\/boutik\\\/#\\\/schema\\\/logo\\\/image\\\/\",\"url\":\"https:\\\/\\\/les-routes-buissonnieres.fr\\\/boutik\\\/wp-content\\\/uploads\\\/2023\\\/11\\\/cropped-logo-a-et-c-2023-orange.png\",\"contentUrl\":\"https:\\\/\\\/les-routes-buissonnieres.fr\\\/boutik\\\/wp-content\\\/uploads\\\/2023\\\/11\\\/cropped-logo-a-et-c-2023-orange.png\",\"width\":300,\"height\":176,\"caption\":\"La boutique LRB\"},\"image\":{\"@id\":\"https:\\\/\\\/les-routes-buissonnieres.fr\\\/boutik\\\/#\\\/schema\\\/logo\\\/image\\\/\"}}]}<\/script>\n<!-- \/ Yoast SEO plugin. -->","yoast_head_json":{"title":"AXE CHARNI\u00c8RE PORTE POUR RETRO COX 58-67 - La boutique LRB","robots":{"index":"index","follow":"follow","max-snippet":"max-snippet:-1","max-image-preview":"max-image-preview:large","max-video-preview":"max-video-preview:-1"},"canonical":"https:\/\/les-routes-buissonnieres.fr\/boutik\/produit\/axe-charniere-porte-pour-retro-cox-58-67\/","og_locale":"fr_FR","og_type":"article","og_title":"AXE CHARNI\u00c8RE PORTE POUR RETRO COX 58-67 - La boutique LRB","og_description":"Axe charni\u00e8re porte pour retro cox 58-67. Axe 8mm.","og_url":"https:\/\/les-routes-buissonnieres.fr\/boutik\/produit\/axe-charniere-porte-pour-retro-cox-58-67\/","og_site_name":"La boutique LRB","article_modified_time":"2025-10-10T14:34:53+00:00","og_image":[{"width":800,"height":800,"url":"https:\/\/les-routes-buissonnieres.fr\/boutik\/wp-content\/uploads\/2025\/10\/17860_7.jpg","type":"image\/jpeg"}],"twitter_card":"summary_large_image","twitter_misc":{"Dur\u00e9e de lecture estim\u00e9e":"1 minute"},"schema":{"@context":"https:\/\/schema.org","@graph":[{"@type":"WebPage","@id":"https:\/\/les-routes-buissonnieres.fr\/boutik\/produit\/axe-charniere-porte-pour-retro-cox-58-67\/","url":"https:\/\/les-routes-buissonnieres.fr\/boutik\/produit\/axe-charniere-porte-pour-retro-cox-58-67\/","name":"AXE CHARNI\u00c8RE PORTE POUR RETRO COX 58-67 - La boutique LRB","isPartOf":{"@id":"https:\/\/les-routes-buissonnieres.fr\/boutik\/#website"},"primaryImageOfPage":{"@id":"https:\/\/les-routes-buissonnieres.fr\/boutik\/produit\/axe-charniere-porte-pour-retro-cox-58-67\/#primaryimage"},"image":{"@id":"https:\/\/les-routes-buissonnieres.fr\/boutik\/produit\/axe-charniere-porte-pour-retro-cox-58-67\/#primaryimage"},"thumbnailUrl":"https:\/\/les-routes-buissonnieres.fr\/boutik\/wp-content\/uploads\/2025\/10\/17860_7.jpg","datePublished":"2025-10-10T14:34:52+00:00","dateModified":"2025-10-10T14:34:53+00:00","breadcrumb":{"@id":"https:\/\/les-routes-buissonnieres.fr\/boutik\/produit\/axe-charniere-porte-pour-retro-cox-58-67\/#breadcrumb"},"inLanguage":"fr-FR","potentialAction":[{"@type":"ReadAction","target":["https:\/\/les-routes-buissonnieres.fr\/boutik\/produit\/axe-charniere-porte-pour-retro-cox-58-67\/"]}]},{"@type":"ImageObject","inLanguage":"fr-FR","@id":"https:\/\/les-routes-buissonnieres.fr\/boutik\/produit\/axe-charniere-porte-pour-retro-cox-58-67\/#primaryimage","url":"https:\/\/les-routes-buissonnieres.fr\/boutik\/wp-content\/uploads\/2025\/10\/17860_7.jpg","contentUrl":"https:\/\/les-routes-buissonnieres.fr\/boutik\/wp-content\/uploads\/2025\/10\/17860_7.jpg","width":800,"height":800},{"@type":"BreadcrumbList","@id":"https:\/\/les-routes-buissonnieres.fr\/boutik\/produit\/axe-charniere-porte-pour-retro-cox-58-67\/#breadcrumb","itemListElement":[{"@type":"ListItem","position":1,"name":"Accueil","item":"https:\/\/les-routes-buissonnieres.fr\/boutik\/"},{"@type":"ListItem","position":2,"name":"Boutique","item":"https:\/\/les-routes-buissonnieres.fr\/boutik\/"},{"@type":"ListItem","position":3,"name":"AXE CHARNI\u00c8RE PORTE POUR RETRO COX 58-67"}]},{"@type":"WebSite","@id":"https:\/\/les-routes-buissonnieres.fr\/boutik\/#website","url":"https:\/\/les-routes-buissonnieres.fr\/boutik\/","name":"La boutique LRB","description":"Pi\u00e8ces d\u00e9tach\u00e9es Citro\u00ebn - VW refroidies par air","publisher":{"@id":"https:\/\/les-routes-buissonnieres.fr\/boutik\/#organization"},"potentialAction":[{"@type":"SearchAction","target":{"@type":"EntryPoint","urlTemplate":"https:\/\/les-routes-buissonnieres.fr\/boutik\/?s={search_term_string}"},"query-input":{"@type":"PropertyValueSpecification","valueRequired":true,"valueName":"search_term_string"}}],"inLanguage":"fr-FR"},{"@type":"Organization","@id":"https:\/\/les-routes-buissonnieres.fr\/boutik\/#organization","name":"La boutique LRB","url":"https:\/\/les-routes-buissonnieres.fr\/boutik\/","logo":{"@type":"ImageObject","inLanguage":"fr-FR","@id":"https:\/\/les-routes-buissonnieres.fr\/boutik\/#\/schema\/logo\/image\/","url":"https:\/\/les-routes-buissonnieres.fr\/boutik\/wp-content\/uploads\/2023\/11\/cropped-logo-a-et-c-2023-orange.png","contentUrl":"https:\/\/les-routes-buissonnieres.fr\/boutik\/wp-content\/uploads\/2023\/11\/cropped-logo-a-et-c-2023-orange.png","width":300,"height":176,"caption":"La boutique LRB"},"image":{"@id":"https:\/\/les-routes-buissonnieres.fr\/boutik\/#\/schema\/logo\/image\/"}}]}},"_links":{"self":[{"href":"https:\/\/les-routes-buissonnieres.fr\/boutik\/wp-json\/wp\/v2\/product\/65281","targetHints":{"allow":["GET"]}}],"collection":[{"href":"https:\/\/les-routes-buissonnieres.fr\/boutik\/wp-json\/wp\/v2\/product"}],"about":[{"href":"https:\/\/les-routes-buissonnieres.fr\/boutik\/wp-json\/wp\/v2\/types\/product"}],"wp:featuredmedia":[{"embeddable":true,"href":"https:\/\/les-routes-buissonnieres.fr\/boutik\/wp-json\/wp\/v2\/media\/65282"}],"wp:attachment":[{"href":"https:\/\/les-routes-buissonnieres.fr\/boutik\/wp-json\/wp\/v2\/media?parent=65281"}],"wp:term":[{"taxonomy":"product_brand","embeddable":true,"href":"https:\/\/les-routes-buissonnieres.fr\/boutik\/wp-json\/wp\/v2\/product_brand?post=65281"},{"taxonomy":"product_cat","embeddable":true,"href":"https:\/\/les-routes-buissonnieres.fr\/boutik\/wp-json\/wp\/v2\/product_cat?post=65281"},{"taxonomy":"product_tag","embeddable":true,"href":"https:\/\/les-routes-buissonnieres.fr\/boutik\/wp-json\/wp\/v2\/product_tag?post=65281"}],"curies":[{"name":"wp","href":"https:\/\/api.w.org\/{rel}","templated":true}]}}