{"id":65373,"date":"2025-11-20T16:43:54","date_gmt":"2025-11-20T15:43:54","guid":{"rendered":"https:\/\/ailettes-et-carbus.fr\/?post_type=product&#038;p=65373"},"modified":"2025-11-21T11:08:48","modified_gmt":"2025-11-21T10:08:48","slug":"paire-carburateurs-solex-32-34-pdsit-t3","status":"publish","type":"product","link":"https:\/\/les-routes-buissonnieres.fr\/boutik\/produit\/paire-carburateurs-solex-32-34-pdsit-t3\/","title":{"rendered":"PAIRE CARBURATEURS 32-34 PDSIT RECONDITIONN\u00c9S T3"},"content":{"rendered":"<p>Paire carburateurs solex transporter 32-34 pdsit reconditionn\u00e9s.<\/p>\n<h1>La meilleure qualit\u00e9 disponible<\/h1>\n<p>Carburateur d&rsquo;origine enti\u00e8rement reconditionn\u00e9 par notre partenaire Europ\u00e9en sp\u00e9cialiste de la carburation VW.<br \/>\nUn travail de tr\u00e8s bonne qualit\u00e9, bien meilleur que les reproductions disponibles sur le march\u00e9.<\/p>\n<p>Depuis 15 ans maintenant nous avons test\u00e9 de nombreux carburateurs pour <a href=\"https:\/\/fr.wikipedia.org\/wiki\/Volkswagen_Coccinelle\">coccinelles<\/a>, combi et d\u00e9riv\u00e9s. Et nous avons \u00e9galement constat\u00e9 que plus le temps passe, plus la qualit\u00e9 des re-fabrication baisse.<\/p>\n<p>Apr\u00e8s de nombreux essais sur nos v\u00e9hicules personnels il faut se rendre \u00e0 l&rsquo;\u00e9vidence : le carburateur d&rsquo;origine reste le meilleur.<\/p>\n<p>C&rsquo;est pourquoi nous avons d\u00e9cid\u00e9 de proposer ces carburateurs enti\u00e8rement r\u00e9nov\u00e9s.<br \/>\nIls nous donnent enti\u00e8re satisfaction. La r\u00e9novation est de qualit\u00e9 et tout est revu de A \u00e0 Z.<\/p>\n<h2>Une paire de carburateurs Solex Transporter enti\u00e8rement r\u00e9vis\u00e9e<\/h2>\n<p>La r\u00e9novation de ces carburateur est minutieuse :<\/p>\n<p>&#8211; nettoyage complet et passage aux ultra-sons<br \/>\n&#8211; installation de bagues au niveau de l&rsquo;axe de papillon<br \/>\n&#8211; contr\u00f4le des gicleurs et remplacement en cas de besoin,<br \/>\n&#8211; plan de joint rectifi\u00e9<br \/>\n&#8211; remplacement de l&rsquo;ensemble des joints<\/p>\n<p>En plus notre partenaire teste chaque carburateur au banc avant de nous l&rsquo;envoyer.<\/p>\n<p>Pour nous ce sont actuellement les meilleurs carburateurs disponibles.<\/p>\n<p>Depuis maintenant plusieurs ann\u00e9es, nous montons uniquement ces carburateurs reconditionn\u00e9s et nous ne proposons plus aucune re-fabrication de mod\u00e8le Solex.<\/p>\n<h3>Un savoir faire artisanal \u00e0 pr\u00e9server<\/h3>\n<p>Nos carburateurs reconditionn\u00e9s b\u00e9n\u00e9ficient d&rsquo;un savoir faire artisanal incomparable, et d&rsquo;un contr\u00f4le de chaque \u00e9l\u00e9ment. Ils sont \u00e9videmment plus chers que n&rsquo;importe quelle re-fabrication, mais durerons longtemps.<br \/>\nEt d&rsquo;un point de vue commerce durable, il est tout \u00e0 fait logique de r\u00e9nover l&rsquo;existant plut\u00f4t que de faire fabriquer des pi\u00e8ces neuves de mauvaise qualit\u00e9.<br \/>\nC&rsquo;est pourquoi le choix d&rsquo;un carburateur reconditionn\u00e9 est pour nous une \u00e9vidence! Mais nous devions trouver le bon partenaire. C&rsquo;est chose faite aujourd&rsquo;hui.<\/p>\n<h4>Des carburateurs en \u00e9change standard sans caution<\/h4>\n<p>Cette paire de carburateurs solex transporter 32-34 pdsit est en \u00e9change standard sans caution : vous commandez les carburateurs sur<a href=\"https:\/\/les-routes-buissonnieres.fr\/boutik\/\"> le site<\/a>, vous nous renvoyez les v\u00f4tres et \u00e0 r\u00e9ception nous vous envoyons les carburateurs de remplacement.<br \/>\n<strong><br \/>\nATTENTION SEULS LES CARBURATEURS SOLEX D&rsquo;ORIGINE ALLEMANDE ET DE M\u00caME MOD\u00c8LE QUE CELUI COMMAND\u00c9 SONT ACCEPT\u00c9S.<\/strong><\/p>\n<p><strong>ILS DOIVENT \u00caTRE VIDES DE TOUT CARBURANT ET TOTALEMENT COMPLET. SOIGNEZ BIEN L&rsquo;EMBALLAGE ET GLISSEZ UNE COPIE DE VOTRE COMMANDE \u00c0 L&rsquo;INT\u00c9RIEUR DE VOTRE COLIS.<\/strong><\/p>\n","protected":false},"excerpt":{"rendered":"<p>Paire carburateurs solex transporter 32-34 pdsit reconditionn\u00e9s. Excellente qualit\u00e9. En \u00e9change. Pour moteur 2L cu Type 4.<\/p>\n","protected":false},"featured_media":65374,"template":"","meta":[],"product_brand":[],"product_cat":[79,48,28],"product_tag":[],"class_list":{"0":"post-65373","1":"product","2":"type-product","3":"status-publish","4":"has-post-thumbnail","6":"product_cat-cv120-alimentation-carburant","7":"product_cat-cv123-moteur-autres-pieces-de-rechange","8":"product_cat-pieces-vw-transporter-t3-type-25-ct-cu","10":"first","11":"instock","12":"taxable","13":"shipping-taxable","14":"purchasable","15":"product-type-simple"},"yoast_head":"<!-- This site is optimized with the Yoast SEO plugin v27.4 - https:\/\/yoast.com\/product\/yoast-seo-wordpress\/ -->\n<title>Paire carburateurs solex Transporter - La boutique LRB<\/title>\n<meta name=\"description\" content=\"Paire de carburateurs Solex 32-34 pdsit reconditionn\u00e9s pour VW Transporter T3. Pour moteur 2L cu type 4. Excellente qualit\u00e9, vendue en \u00e9change.\" \/>\n<meta name=\"robots\" content=\"index, follow, max-snippet:-1, max-image-preview:large, max-video-preview:-1\" \/>\n<link rel=\"canonical\" href=\"https:\/\/les-routes-buissonnieres.fr\/boutik\/produit\/paire-carburateurs-solex-32-34-pdsit-t3\/\" \/>\n<meta property=\"og:locale\" content=\"fr_FR\" \/>\n<meta property=\"og:type\" content=\"article\" \/>\n<meta property=\"og:title\" content=\"Paire carburateurs solex Transporter - La boutique LRB\" \/>\n<meta property=\"og:description\" content=\"Paire de carburateurs Solex 32-34 pdsit reconditionn\u00e9s pour VW Transporter T3. Pour moteur 2L cu type 4. Excellente qualit\u00e9, vendue en \u00e9change.\" \/>\n<meta property=\"og:url\" content=\"https:\/\/les-routes-buissonnieres.fr\/boutik\/produit\/paire-carburateurs-solex-32-34-pdsit-t3\/\" \/>\n<meta property=\"og:site_name\" content=\"La boutique LRB\" \/>\n<meta property=\"article:modified_time\" content=\"2025-11-21T10:08:48+00:00\" \/>\n<meta property=\"og:image\" content=\"https:\/\/les-routes-buissonnieres.fr\/boutik\/wp-content\/uploads\/2025\/11\/32-34PDSIT-2-3-T25-T3-2-1.jpg\" \/>\n\t<meta property=\"og:image:width\" content=\"800\" \/>\n\t<meta property=\"og:image:height\" content=\"770\" \/>\n\t<meta property=\"og:image:type\" content=\"image\/jpeg\" \/>\n<meta name=\"twitter:card\" content=\"summary_large_image\" \/>\n<meta name=\"twitter:label1\" content=\"Dur\u00e9e de lecture estim\u00e9e\" \/>\n\t<meta name=\"twitter:data1\" content=\"3 minutes\" \/>\n<script type=\"application\/ld+json\" class=\"yoast-schema-graph\">{\"@context\":\"https:\\\/\\\/schema.org\",\"@graph\":[{\"@type\":\"WebPage\",\"@id\":\"https:\\\/\\\/les-routes-buissonnieres.fr\\\/boutik\\\/produit\\\/paire-carburateurs-solex-32-34-pdsit-t3\\\/\",\"url\":\"https:\\\/\\\/les-routes-buissonnieres.fr\\\/boutik\\\/produit\\\/paire-carburateurs-solex-32-34-pdsit-t3\\\/\",\"name\":\"Paire carburateurs solex Transporter - La boutique LRB\",\"isPartOf\":{\"@id\":\"https:\\\/\\\/les-routes-buissonnieres.fr\\\/boutik\\\/#website\"},\"primaryImageOfPage\":{\"@id\":\"https:\\\/\\\/les-routes-buissonnieres.fr\\\/boutik\\\/produit\\\/paire-carburateurs-solex-32-34-pdsit-t3\\\/#primaryimage\"},\"image\":{\"@id\":\"https:\\\/\\\/les-routes-buissonnieres.fr\\\/boutik\\\/produit\\\/paire-carburateurs-solex-32-34-pdsit-t3\\\/#primaryimage\"},\"thumbnailUrl\":\"https:\\\/\\\/les-routes-buissonnieres.fr\\\/boutik\\\/wp-content\\\/uploads\\\/2025\\\/11\\\/32-34PDSIT-2-3-T25-T3-2-1.jpg\",\"datePublished\":\"2025-11-20T15:43:54+00:00\",\"dateModified\":\"2025-11-21T10:08:48+00:00\",\"description\":\"Paire de carburateurs Solex 32-34 pdsit reconditionn\u00e9s pour VW Transporter T3. Pour moteur 2L cu type 4. Excellente qualit\u00e9, vendue en \u00e9change.\",\"breadcrumb\":{\"@id\":\"https:\\\/\\\/les-routes-buissonnieres.fr\\\/boutik\\\/produit\\\/paire-carburateurs-solex-32-34-pdsit-t3\\\/#breadcrumb\"},\"inLanguage\":\"fr-FR\",\"potentialAction\":[{\"@type\":\"ReadAction\",\"target\":[\"https:\\\/\\\/les-routes-buissonnieres.fr\\\/boutik\\\/produit\\\/paire-carburateurs-solex-32-34-pdsit-t3\\\/\"]}]},{\"@type\":\"ImageObject\",\"inLanguage\":\"fr-FR\",\"@id\":\"https:\\\/\\\/les-routes-buissonnieres.fr\\\/boutik\\\/produit\\\/paire-carburateurs-solex-32-34-pdsit-t3\\\/#primaryimage\",\"url\":\"https:\\\/\\\/les-routes-buissonnieres.fr\\\/boutik\\\/wp-content\\\/uploads\\\/2025\\\/11\\\/32-34PDSIT-2-3-T25-T3-2-1.jpg\",\"contentUrl\":\"https:\\\/\\\/les-routes-buissonnieres.fr\\\/boutik\\\/wp-content\\\/uploads\\\/2025\\\/11\\\/32-34PDSIT-2-3-T25-T3-2-1.jpg\",\"width\":800,\"height\":770,\"caption\":\"paire carburateurs Solex Transporter\"},{\"@type\":\"BreadcrumbList\",\"@id\":\"https:\\\/\\\/les-routes-buissonnieres.fr\\\/boutik\\\/produit\\\/paire-carburateurs-solex-32-34-pdsit-t3\\\/#breadcrumb\",\"itemListElement\":[{\"@type\":\"ListItem\",\"position\":1,\"name\":\"Accueil\",\"item\":\"https:\\\/\\\/les-routes-buissonnieres.fr\\\/boutik\\\/\"},{\"@type\":\"ListItem\",\"position\":2,\"name\":\"Boutique\",\"item\":\"https:\\\/\\\/les-routes-buissonnieres.fr\\\/boutik\\\/\"},{\"@type\":\"ListItem\",\"position\":3,\"name\":\"PAIRE CARBURATEURS 32-34 PDSIT RECONDITIONN\u00c9S T3\"}]},{\"@type\":\"WebSite\",\"@id\":\"https:\\\/\\\/les-routes-buissonnieres.fr\\\/boutik\\\/#website\",\"url\":\"https:\\\/\\\/les-routes-buissonnieres.fr\\\/boutik\\\/\",\"name\":\"La boutique LRB\",\"description\":\"Pi\u00e8ces d\u00e9tach\u00e9es Citro\u00ebn - VW refroidies par air\",\"publisher\":{\"@id\":\"https:\\\/\\\/les-routes-buissonnieres.fr\\\/boutik\\\/#organization\"},\"potentialAction\":[{\"@type\":\"SearchAction\",\"target\":{\"@type\":\"EntryPoint\",\"urlTemplate\":\"https:\\\/\\\/les-routes-buissonnieres.fr\\\/boutik\\\/?s={search_term_string}\"},\"query-input\":{\"@type\":\"PropertyValueSpecification\",\"valueRequired\":true,\"valueName\":\"search_term_string\"}}],\"inLanguage\":\"fr-FR\"},{\"@type\":\"Organization\",\"@id\":\"https:\\\/\\\/les-routes-buissonnieres.fr\\\/boutik\\\/#organization\",\"name\":\"La boutique LRB\",\"url\":\"https:\\\/\\\/les-routes-buissonnieres.fr\\\/boutik\\\/\",\"logo\":{\"@type\":\"ImageObject\",\"inLanguage\":\"fr-FR\",\"@id\":\"https:\\\/\\\/les-routes-buissonnieres.fr\\\/boutik\\\/#\\\/schema\\\/logo\\\/image\\\/\",\"url\":\"https:\\\/\\\/les-routes-buissonnieres.fr\\\/boutik\\\/wp-content\\\/uploads\\\/2023\\\/11\\\/cropped-logo-a-et-c-2023-orange.png\",\"contentUrl\":\"https:\\\/\\\/les-routes-buissonnieres.fr\\\/boutik\\\/wp-content\\\/uploads\\\/2023\\\/11\\\/cropped-logo-a-et-c-2023-orange.png\",\"width\":300,\"height\":176,\"caption\":\"La boutique LRB\"},\"image\":{\"@id\":\"https:\\\/\\\/les-routes-buissonnieres.fr\\\/boutik\\\/#\\\/schema\\\/logo\\\/image\\\/\"}}]}<\/script>\n<!-- \/ Yoast SEO plugin. -->","yoast_head_json":{"title":"Paire carburateurs solex Transporter - La boutique LRB","description":"Paire de carburateurs Solex 32-34 pdsit reconditionn\u00e9s pour VW Transporter T3. Pour moteur 2L cu type 4. Excellente qualit\u00e9, vendue en \u00e9change.","robots":{"index":"index","follow":"follow","max-snippet":"max-snippet:-1","max-image-preview":"max-image-preview:large","max-video-preview":"max-video-preview:-1"},"canonical":"https:\/\/les-routes-buissonnieres.fr\/boutik\/produit\/paire-carburateurs-solex-32-34-pdsit-t3\/","og_locale":"fr_FR","og_type":"article","og_title":"Paire carburateurs solex Transporter - La boutique LRB","og_description":"Paire de carburateurs Solex 32-34 pdsit reconditionn\u00e9s pour VW Transporter T3. Pour moteur 2L cu type 4. Excellente qualit\u00e9, vendue en \u00e9change.","og_url":"https:\/\/les-routes-buissonnieres.fr\/boutik\/produit\/paire-carburateurs-solex-32-34-pdsit-t3\/","og_site_name":"La boutique LRB","article_modified_time":"2025-11-21T10:08:48+00:00","og_image":[{"width":800,"height":770,"url":"https:\/\/les-routes-buissonnieres.fr\/boutik\/wp-content\/uploads\/2025\/11\/32-34PDSIT-2-3-T25-T3-2-1.jpg","type":"image\/jpeg"}],"twitter_card":"summary_large_image","twitter_misc":{"Dur\u00e9e de lecture estim\u00e9e":"3 minutes"},"schema":{"@context":"https:\/\/schema.org","@graph":[{"@type":"WebPage","@id":"https:\/\/les-routes-buissonnieres.fr\/boutik\/produit\/paire-carburateurs-solex-32-34-pdsit-t3\/","url":"https:\/\/les-routes-buissonnieres.fr\/boutik\/produit\/paire-carburateurs-solex-32-34-pdsit-t3\/","name":"Paire carburateurs solex Transporter - La boutique LRB","isPartOf":{"@id":"https:\/\/les-routes-buissonnieres.fr\/boutik\/#website"},"primaryImageOfPage":{"@id":"https:\/\/les-routes-buissonnieres.fr\/boutik\/produit\/paire-carburateurs-solex-32-34-pdsit-t3\/#primaryimage"},"image":{"@id":"https:\/\/les-routes-buissonnieres.fr\/boutik\/produit\/paire-carburateurs-solex-32-34-pdsit-t3\/#primaryimage"},"thumbnailUrl":"https:\/\/les-routes-buissonnieres.fr\/boutik\/wp-content\/uploads\/2025\/11\/32-34PDSIT-2-3-T25-T3-2-1.jpg","datePublished":"2025-11-20T15:43:54+00:00","dateModified":"2025-11-21T10:08:48+00:00","description":"Paire de carburateurs Solex 32-34 pdsit reconditionn\u00e9s pour VW Transporter T3. Pour moteur 2L cu type 4. Excellente qualit\u00e9, vendue en \u00e9change.","breadcrumb":{"@id":"https:\/\/les-routes-buissonnieres.fr\/boutik\/produit\/paire-carburateurs-solex-32-34-pdsit-t3\/#breadcrumb"},"inLanguage":"fr-FR","potentialAction":[{"@type":"ReadAction","target":["https:\/\/les-routes-buissonnieres.fr\/boutik\/produit\/paire-carburateurs-solex-32-34-pdsit-t3\/"]}]},{"@type":"ImageObject","inLanguage":"fr-FR","@id":"https:\/\/les-routes-buissonnieres.fr\/boutik\/produit\/paire-carburateurs-solex-32-34-pdsit-t3\/#primaryimage","url":"https:\/\/les-routes-buissonnieres.fr\/boutik\/wp-content\/uploads\/2025\/11\/32-34PDSIT-2-3-T25-T3-2-1.jpg","contentUrl":"https:\/\/les-routes-buissonnieres.fr\/boutik\/wp-content\/uploads\/2025\/11\/32-34PDSIT-2-3-T25-T3-2-1.jpg","width":800,"height":770,"caption":"paire carburateurs Solex Transporter"},{"@type":"BreadcrumbList","@id":"https:\/\/les-routes-buissonnieres.fr\/boutik\/produit\/paire-carburateurs-solex-32-34-pdsit-t3\/#breadcrumb","itemListElement":[{"@type":"ListItem","position":1,"name":"Accueil","item":"https:\/\/les-routes-buissonnieres.fr\/boutik\/"},{"@type":"ListItem","position":2,"name":"Boutique","item":"https:\/\/les-routes-buissonnieres.fr\/boutik\/"},{"@type":"ListItem","position":3,"name":"PAIRE CARBURATEURS 32-34 PDSIT RECONDITIONN\u00c9S T3"}]},{"@type":"WebSite","@id":"https:\/\/les-routes-buissonnieres.fr\/boutik\/#website","url":"https:\/\/les-routes-buissonnieres.fr\/boutik\/","name":"La boutique LRB","description":"Pi\u00e8ces d\u00e9tach\u00e9es Citro\u00ebn - VW refroidies par air","publisher":{"@id":"https:\/\/les-routes-buissonnieres.fr\/boutik\/#organization"},"potentialAction":[{"@type":"SearchAction","target":{"@type":"EntryPoint","urlTemplate":"https:\/\/les-routes-buissonnieres.fr\/boutik\/?s={search_term_string}"},"query-input":{"@type":"PropertyValueSpecification","valueRequired":true,"valueName":"search_term_string"}}],"inLanguage":"fr-FR"},{"@type":"Organization","@id":"https:\/\/les-routes-buissonnieres.fr\/boutik\/#organization","name":"La boutique LRB","url":"https:\/\/les-routes-buissonnieres.fr\/boutik\/","logo":{"@type":"ImageObject","inLanguage":"fr-FR","@id":"https:\/\/les-routes-buissonnieres.fr\/boutik\/#\/schema\/logo\/image\/","url":"https:\/\/les-routes-buissonnieres.fr\/boutik\/wp-content\/uploads\/2023\/11\/cropped-logo-a-et-c-2023-orange.png","contentUrl":"https:\/\/les-routes-buissonnieres.fr\/boutik\/wp-content\/uploads\/2023\/11\/cropped-logo-a-et-c-2023-orange.png","width":300,"height":176,"caption":"La boutique LRB"},"image":{"@id":"https:\/\/les-routes-buissonnieres.fr\/boutik\/#\/schema\/logo\/image\/"}}]}},"_links":{"self":[{"href":"https:\/\/les-routes-buissonnieres.fr\/boutik\/wp-json\/wp\/v2\/product\/65373","targetHints":{"allow":["GET"]}}],"collection":[{"href":"https:\/\/les-routes-buissonnieres.fr\/boutik\/wp-json\/wp\/v2\/product"}],"about":[{"href":"https:\/\/les-routes-buissonnieres.fr\/boutik\/wp-json\/wp\/v2\/types\/product"}],"wp:featuredmedia":[{"embeddable":true,"href":"https:\/\/les-routes-buissonnieres.fr\/boutik\/wp-json\/wp\/v2\/media\/65374"}],"wp:attachment":[{"href":"https:\/\/les-routes-buissonnieres.fr\/boutik\/wp-json\/wp\/v2\/media?parent=65373"}],"wp:term":[{"taxonomy":"product_brand","embeddable":true,"href":"https:\/\/les-routes-buissonnieres.fr\/boutik\/wp-json\/wp\/v2\/product_brand?post=65373"},{"taxonomy":"product_cat","embeddable":true,"href":"https:\/\/les-routes-buissonnieres.fr\/boutik\/wp-json\/wp\/v2\/product_cat?post=65373"},{"taxonomy":"product_tag","embeddable":true,"href":"https:\/\/les-routes-buissonnieres.fr\/boutik\/wp-json\/wp\/v2\/product_tag?post=65373"}],"curies":[{"name":"wp","href":"https:\/\/api.w.org\/{rel}","templated":true}]}}