{"id":65377,"date":"2025-11-21T12:26:21","date_gmt":"2025-11-21T11:26:21","guid":{"rendered":"https:\/\/ailettes-et-carbus.fr\/?post_type=product&#038;p=65377"},"modified":"2025-11-21T12:26:23","modified_gmt":"2025-11-21T11:26:23","slug":"allumeur-combi-cox-reconditionne","status":"publish","type":"product","link":"https:\/\/les-routes-buissonnieres.fr\/boutik\/produit\/allumeur-combi-cox-reconditionne\/","title":{"rendered":"ALLUMEUR COMBI COX 73-79 RECONDITIONN\u00c9"},"content":{"rendered":"<p>Allumeur combi cox 73-79 reconditionn\u00e9. (ref. VW 043 905 205)<\/p>\n<p>Il est toujours pr\u00e9f\u00e9rable d&rsquo;utiliser une pi\u00e8ce d&rsquo;\u00e9poque. De plus, avec la baisse des standards de qualit\u00e9 au fil du temps, il est aujourd&rsquo;hui impossible de trouver un <a href=\"https:\/\/www.technicdiffusion.com\/allumeur-avec-capsule-de-depression-pour-double-admission.html?___SID=U\">allumeur classique<\/a> neuf de bonne facture.<\/p>\n<p>\u00c9videmment ce n&rsquo;est pas un cas isol\u00e9, et il c&rsquo;est la m\u00eame chose pour de nombreuses autres pi\u00e8ces. C&rsquo;est pourquoi nous choisissons de proposer, quand c&rsquo;est possible, des pi\u00e8ces d&rsquo;\u00e9poque reconditionn\u00e9es.<\/p>\n<h1>A la recherche de la qualit\u00e9<\/h1>\n<p>Depuis de nombreuses ann\u00e9es nous travaillons avec le m\u00eame partenaire Europ\u00e9en. Il est sp\u00e9cialis\u00e9 dans la r\u00e9novation d&rsquo;allumeurs VW anciens. Compte tenu de plusieurs d\u00e9cennies d&rsquo;exp\u00e9rience, son travail est toujours impeccable. De plus, la fiabilit\u00e9 de ses pi\u00e8ces est bien plus importante que celles des reproductions plus que douteuses.<br \/>\n\u00c0 ce jour nous avons parcouru de nombreux kilom\u00e8tres et nous avons mont\u00e9 un bon nombre de ces allumeurs \u00e0 des clients tr\u00e8s satisfaits.<br \/>\nC&rsquo;est pourquoi, aujourd\u2019hui nous les proposons dans notre boutique.<\/p>\n<h2>Une r\u00e9novation compl\u00e8te de l&rsquo;allumeur cox combi<\/h2>\n<p>Rien n&rsquo;est laiss\u00e9 au hasard. L&rsquo;allumeur est enti\u00e8rement revu, et plus pr\u00e9cis\u00e9ment :<br \/>\n&#8211; d\u00e9montage total et nettoyage<br \/>\n&#8211; contr\u00f4le de l&rsquo;ensemble des pi\u00e8ces<br \/>\n&#8211; suppression des jeux<br \/>\n&#8211; contr\u00f4le de la capsule \u00e0 d\u00e9pression et remplacement au besoin<br \/>\n&#8211; remontage complet et lubrification interne<br \/>\n&#8211; pose de rupteurs et condensateurs neufs de qualit\u00e9<br \/>\n&#8211; doigt neuf<br \/>\n&#8211; t\u00eate d&rsquo;allumeur neuve Beru<br \/>\nDe tel sorte que l&rsquo;allumeur est compl\u00e8tement remis \u00e0 neuf. Autant dire qu&rsquo;il est reparti pour plusieurs d\u00e9cennies de bons et loyaux services!<\/p>\n<h3>Reconditionner plut\u00f4t qu&rsquo;acheter du neuf<\/h3>\n<p>A une \u00e9poque o\u00f9 on parle beaucoup de r\u00e9-emploi, il est \u00e9vident d&rsquo;utiliser un maximum de pi\u00e8ces reconditionn\u00e9es. A partir du moment o\u00f9 la qualit\u00e9 est pr\u00e9sente bien sur. Jusqu&rsquo;ici, dans le cas des allumeurs, aucune des reproductions que nous avons pu tester ne nous a vraiment convaincu&#8230; Pour cette raison, nous pr\u00e9f\u00e9rons monter et proposer ces allumeurs fiables et solides.<\/p>\n<p>Et puis il est toujours agr\u00e9able de pouvoir monter des pi\u00e8ces d&rsquo;\u00e9poque sur son ancienne. Et m\u00eame si le mod\u00e8le ne correspond pas exactement, c&rsquo;est tout de m\u00eame un petit plus. Bien sur ces pi\u00e8ces sont un peu plus ch\u00e8res, cependant la qualit\u00e9 est sans commune mesure avec les reproductions qui finalement sont vendues tr\u00e8s cher &#8230;<\/p>\n<h4>Un allumeur vendu en \u00e9change, mais sans caution<\/h4>\n<p>La vente en \u00e9change standard est toujours un peu compliqu\u00e9. La gestion des cautions est contraignante pour tout le monde et peut souvent faire perdre pas mal de temps. C&rsquo;est pourquoi nous avons opt\u00e9 pour un autre type de fonctionnement :<\/p>\n<p>Premi\u00e8rement, vous passez commande de votre allumeur cox combi reconditionn\u00e9 sur<strong> <a href=\"https:\/\/les-routes-buissonnieres.fr\/boutik\/\">notre site. <\/a><\/strong>Ensuite vous nous renvoyez votre allumeur usag\u00e9. Enfin, apr\u00e8s r\u00e9ception, nous vous enverrons votre commande.<\/p>\n<p><strong>ATTENTION NOUS ACCEPTONS UNIQUEMENT LES ALLUMEURS D&rsquo;ORIGINE\u00a0 EN \u00c9CHANGE. PAS DE REFABRICATION. L&rsquo;ALLUMEUR \u00c9CHANG\u00c9 DOIT \u00caTRE EN TOUT POINT \u00c9QUIVALENT \u00c0 CELUI COMMAND\u00c9. IL DOIT \u00caTRE ABSOLUMENT COMPLET. SOIGNEZ L&rsquo;EMBALLAGE ET GLISSEZ UNE COPIE DE VOTRE COMMANDE DANS LE COLIS.<\/strong><\/p>\n","protected":false},"excerpt":{"rendered":"<p>Allumeur combi cox 73-79 reconditionn\u00e9. Excellente qualit\u00e9. R\u00e9nov\u00e9 en Europe. Vendu en \u00e9change.<\/p>\n","protected":false},"featured_media":65378,"template":"","meta":[],"product_brand":[],"product_cat":[64,2135,43,73,25,26,1988,27],"product_tag":[],"class_list":{"0":"post-65377","1":"product","2":"type-product","3":"status-publish","4":"has-post-thumbnail","6":"product_cat-cv105-allumage","7":"product_cat-allumage-clipper","8":"product_cat-cv20-allumage","9":"product_cat-cv91-allumage","10":"product_cat-pieces-vw-coccinelle-type-1","11":"product_cat-pieces-vw-combi-bay-window-type-2","12":"product_cat-pieces-vw-combi-bresilien-split-clipper","13":"product_cat-piece-vw-combi-split-type-2","15":"first","16":"instock","17":"taxable","18":"shipping-taxable","19":"purchasable","20":"product-type-simple"},"yoast_head":"<!-- This site is optimized with the Yoast SEO plugin v27.4 - https:\/\/yoast.com\/product\/yoast-seo-wordpress\/ -->\n<title>Allumeur combi cox reconditionn\u00e9 - La boutique LRB<\/title>\n<meta name=\"description\" content=\"Allumeur combi cox reconditionn\u00e9. Excellente qualit\u00e9. R\u00e9nov\u00e9 en Europe, pour VW coccinelle et combi 73-79. Vendu en \u00e9change.\" \/>\n<meta name=\"robots\" content=\"index, follow, max-snippet:-1, max-image-preview:large, max-video-preview:-1\" \/>\n<link rel=\"canonical\" href=\"https:\/\/les-routes-buissonnieres.fr\/boutik\/produit\/allumeur-combi-cox-reconditionne\/\" \/>\n<meta property=\"og:locale\" content=\"fr_FR\" \/>\n<meta property=\"og:type\" content=\"article\" \/>\n<meta property=\"og:title\" content=\"Allumeur combi cox reconditionn\u00e9 - La boutique LRB\" \/>\n<meta property=\"og:description\" content=\"Allumeur combi cox reconditionn\u00e9. Excellente qualit\u00e9. R\u00e9nov\u00e9 en Europe, pour VW coccinelle et combi 73-79. Vendu en \u00e9change.\" \/>\n<meta property=\"og:url\" content=\"https:\/\/les-routes-buissonnieres.fr\/boutik\/produit\/allumeur-combi-cox-reconditionne\/\" \/>\n<meta property=\"og:site_name\" content=\"La boutique LRB\" \/>\n<meta property=\"article:modified_time\" content=\"2025-11-21T11:26:23+00:00\" \/>\n<meta property=\"og:image\" content=\"https:\/\/les-routes-buissonnieres.fr\/boutik\/wp-content\/uploads\/2025\/11\/043-905-205-2.jpg\" \/>\n\t<meta property=\"og:image:width\" content=\"602\" \/>\n\t<meta property=\"og:image:height\" content=\"800\" \/>\n\t<meta property=\"og:image:type\" content=\"image\/jpeg\" \/>\n<meta name=\"twitter:card\" content=\"summary_large_image\" \/>\n<meta name=\"twitter:label1\" content=\"Dur\u00e9e de lecture estim\u00e9e\" \/>\n\t<meta name=\"twitter:data1\" content=\"3 minutes\" \/>\n<script type=\"application\/ld+json\" class=\"yoast-schema-graph\">{\"@context\":\"https:\\\/\\\/schema.org\",\"@graph\":[{\"@type\":\"WebPage\",\"@id\":\"https:\\\/\\\/les-routes-buissonnieres.fr\\\/boutik\\\/produit\\\/allumeur-combi-cox-reconditionne\\\/\",\"url\":\"https:\\\/\\\/les-routes-buissonnieres.fr\\\/boutik\\\/produit\\\/allumeur-combi-cox-reconditionne\\\/\",\"name\":\"Allumeur combi cox reconditionn\u00e9 - La boutique LRB\",\"isPartOf\":{\"@id\":\"https:\\\/\\\/les-routes-buissonnieres.fr\\\/boutik\\\/#website\"},\"primaryImageOfPage\":{\"@id\":\"https:\\\/\\\/les-routes-buissonnieres.fr\\\/boutik\\\/produit\\\/allumeur-combi-cox-reconditionne\\\/#primaryimage\"},\"image\":{\"@id\":\"https:\\\/\\\/les-routes-buissonnieres.fr\\\/boutik\\\/produit\\\/allumeur-combi-cox-reconditionne\\\/#primaryimage\"},\"thumbnailUrl\":\"https:\\\/\\\/les-routes-buissonnieres.fr\\\/boutik\\\/wp-content\\\/uploads\\\/2025\\\/11\\\/043-905-205-2.jpg\",\"datePublished\":\"2025-11-21T11:26:21+00:00\",\"dateModified\":\"2025-11-21T11:26:23+00:00\",\"description\":\"Allumeur combi cox reconditionn\u00e9. Excellente qualit\u00e9. R\u00e9nov\u00e9 en Europe, pour VW coccinelle et combi 73-79. Vendu en \u00e9change.\",\"breadcrumb\":{\"@id\":\"https:\\\/\\\/les-routes-buissonnieres.fr\\\/boutik\\\/produit\\\/allumeur-combi-cox-reconditionne\\\/#breadcrumb\"},\"inLanguage\":\"fr-FR\",\"potentialAction\":[{\"@type\":\"ReadAction\",\"target\":[\"https:\\\/\\\/les-routes-buissonnieres.fr\\\/boutik\\\/produit\\\/allumeur-combi-cox-reconditionne\\\/\"]}]},{\"@type\":\"ImageObject\",\"inLanguage\":\"fr-FR\",\"@id\":\"https:\\\/\\\/les-routes-buissonnieres.fr\\\/boutik\\\/produit\\\/allumeur-combi-cox-reconditionne\\\/#primaryimage\",\"url\":\"https:\\\/\\\/les-routes-buissonnieres.fr\\\/boutik\\\/wp-content\\\/uploads\\\/2025\\\/11\\\/043-905-205-2.jpg\",\"contentUrl\":\"https:\\\/\\\/les-routes-buissonnieres.fr\\\/boutik\\\/wp-content\\\/uploads\\\/2025\\\/11\\\/043-905-205-2.jpg\",\"width\":602,\"height\":800,\"caption\":\"allumeur combi cox reconditionn\u00e9\"},{\"@type\":\"BreadcrumbList\",\"@id\":\"https:\\\/\\\/les-routes-buissonnieres.fr\\\/boutik\\\/produit\\\/allumeur-combi-cox-reconditionne\\\/#breadcrumb\",\"itemListElement\":[{\"@type\":\"ListItem\",\"position\":1,\"name\":\"Accueil\",\"item\":\"https:\\\/\\\/les-routes-buissonnieres.fr\\\/boutik\\\/\"},{\"@type\":\"ListItem\",\"position\":2,\"name\":\"Boutique\",\"item\":\"https:\\\/\\\/les-routes-buissonnieres.fr\\\/boutik\\\/\"},{\"@type\":\"ListItem\",\"position\":3,\"name\":\"ALLUMEUR COMBI COX 73-79 RECONDITIONN\u00c9\"}]},{\"@type\":\"WebSite\",\"@id\":\"https:\\\/\\\/les-routes-buissonnieres.fr\\\/boutik\\\/#website\",\"url\":\"https:\\\/\\\/les-routes-buissonnieres.fr\\\/boutik\\\/\",\"name\":\"La boutique LRB\",\"description\":\"Pi\u00e8ces d\u00e9tach\u00e9es Citro\u00ebn - VW refroidies par air\",\"publisher\":{\"@id\":\"https:\\\/\\\/les-routes-buissonnieres.fr\\\/boutik\\\/#organization\"},\"potentialAction\":[{\"@type\":\"SearchAction\",\"target\":{\"@type\":\"EntryPoint\",\"urlTemplate\":\"https:\\\/\\\/les-routes-buissonnieres.fr\\\/boutik\\\/?s={search_term_string}\"},\"query-input\":{\"@type\":\"PropertyValueSpecification\",\"valueRequired\":true,\"valueName\":\"search_term_string\"}}],\"inLanguage\":\"fr-FR\"},{\"@type\":\"Organization\",\"@id\":\"https:\\\/\\\/les-routes-buissonnieres.fr\\\/boutik\\\/#organization\",\"name\":\"La boutique LRB\",\"url\":\"https:\\\/\\\/les-routes-buissonnieres.fr\\\/boutik\\\/\",\"logo\":{\"@type\":\"ImageObject\",\"inLanguage\":\"fr-FR\",\"@id\":\"https:\\\/\\\/les-routes-buissonnieres.fr\\\/boutik\\\/#\\\/schema\\\/logo\\\/image\\\/\",\"url\":\"https:\\\/\\\/les-routes-buissonnieres.fr\\\/boutik\\\/wp-content\\\/uploads\\\/2023\\\/11\\\/cropped-logo-a-et-c-2023-orange.png\",\"contentUrl\":\"https:\\\/\\\/les-routes-buissonnieres.fr\\\/boutik\\\/wp-content\\\/uploads\\\/2023\\\/11\\\/cropped-logo-a-et-c-2023-orange.png\",\"width\":300,\"height\":176,\"caption\":\"La boutique LRB\"},\"image\":{\"@id\":\"https:\\\/\\\/les-routes-buissonnieres.fr\\\/boutik\\\/#\\\/schema\\\/logo\\\/image\\\/\"}}]}<\/script>\n<!-- \/ Yoast SEO plugin. -->","yoast_head_json":{"title":"Allumeur combi cox reconditionn\u00e9 - La boutique LRB","description":"Allumeur combi cox reconditionn\u00e9. Excellente qualit\u00e9. R\u00e9nov\u00e9 en Europe, pour VW coccinelle et combi 73-79. Vendu en \u00e9change.","robots":{"index":"index","follow":"follow","max-snippet":"max-snippet:-1","max-image-preview":"max-image-preview:large","max-video-preview":"max-video-preview:-1"},"canonical":"https:\/\/les-routes-buissonnieres.fr\/boutik\/produit\/allumeur-combi-cox-reconditionne\/","og_locale":"fr_FR","og_type":"article","og_title":"Allumeur combi cox reconditionn\u00e9 - La boutique LRB","og_description":"Allumeur combi cox reconditionn\u00e9. Excellente qualit\u00e9. R\u00e9nov\u00e9 en Europe, pour VW coccinelle et combi 73-79. Vendu en \u00e9change.","og_url":"https:\/\/les-routes-buissonnieres.fr\/boutik\/produit\/allumeur-combi-cox-reconditionne\/","og_site_name":"La boutique LRB","article_modified_time":"2025-11-21T11:26:23+00:00","og_image":[{"width":602,"height":800,"url":"https:\/\/les-routes-buissonnieres.fr\/boutik\/wp-content\/uploads\/2025\/11\/043-905-205-2.jpg","type":"image\/jpeg"}],"twitter_card":"summary_large_image","twitter_misc":{"Dur\u00e9e de lecture estim\u00e9e":"3 minutes"},"schema":{"@context":"https:\/\/schema.org","@graph":[{"@type":"WebPage","@id":"https:\/\/les-routes-buissonnieres.fr\/boutik\/produit\/allumeur-combi-cox-reconditionne\/","url":"https:\/\/les-routes-buissonnieres.fr\/boutik\/produit\/allumeur-combi-cox-reconditionne\/","name":"Allumeur combi cox reconditionn\u00e9 - La boutique LRB","isPartOf":{"@id":"https:\/\/les-routes-buissonnieres.fr\/boutik\/#website"},"primaryImageOfPage":{"@id":"https:\/\/les-routes-buissonnieres.fr\/boutik\/produit\/allumeur-combi-cox-reconditionne\/#primaryimage"},"image":{"@id":"https:\/\/les-routes-buissonnieres.fr\/boutik\/produit\/allumeur-combi-cox-reconditionne\/#primaryimage"},"thumbnailUrl":"https:\/\/les-routes-buissonnieres.fr\/boutik\/wp-content\/uploads\/2025\/11\/043-905-205-2.jpg","datePublished":"2025-11-21T11:26:21+00:00","dateModified":"2025-11-21T11:26:23+00:00","description":"Allumeur combi cox reconditionn\u00e9. Excellente qualit\u00e9. R\u00e9nov\u00e9 en Europe, pour VW coccinelle et combi 73-79. Vendu en \u00e9change.","breadcrumb":{"@id":"https:\/\/les-routes-buissonnieres.fr\/boutik\/produit\/allumeur-combi-cox-reconditionne\/#breadcrumb"},"inLanguage":"fr-FR","potentialAction":[{"@type":"ReadAction","target":["https:\/\/les-routes-buissonnieres.fr\/boutik\/produit\/allumeur-combi-cox-reconditionne\/"]}]},{"@type":"ImageObject","inLanguage":"fr-FR","@id":"https:\/\/les-routes-buissonnieres.fr\/boutik\/produit\/allumeur-combi-cox-reconditionne\/#primaryimage","url":"https:\/\/les-routes-buissonnieres.fr\/boutik\/wp-content\/uploads\/2025\/11\/043-905-205-2.jpg","contentUrl":"https:\/\/les-routes-buissonnieres.fr\/boutik\/wp-content\/uploads\/2025\/11\/043-905-205-2.jpg","width":602,"height":800,"caption":"allumeur combi cox reconditionn\u00e9"},{"@type":"BreadcrumbList","@id":"https:\/\/les-routes-buissonnieres.fr\/boutik\/produit\/allumeur-combi-cox-reconditionne\/#breadcrumb","itemListElement":[{"@type":"ListItem","position":1,"name":"Accueil","item":"https:\/\/les-routes-buissonnieres.fr\/boutik\/"},{"@type":"ListItem","position":2,"name":"Boutique","item":"https:\/\/les-routes-buissonnieres.fr\/boutik\/"},{"@type":"ListItem","position":3,"name":"ALLUMEUR COMBI COX 73-79 RECONDITIONN\u00c9"}]},{"@type":"WebSite","@id":"https:\/\/les-routes-buissonnieres.fr\/boutik\/#website","url":"https:\/\/les-routes-buissonnieres.fr\/boutik\/","name":"La boutique LRB","description":"Pi\u00e8ces d\u00e9tach\u00e9es Citro\u00ebn - VW refroidies par air","publisher":{"@id":"https:\/\/les-routes-buissonnieres.fr\/boutik\/#organization"},"potentialAction":[{"@type":"SearchAction","target":{"@type":"EntryPoint","urlTemplate":"https:\/\/les-routes-buissonnieres.fr\/boutik\/?s={search_term_string}"},"query-input":{"@type":"PropertyValueSpecification","valueRequired":true,"valueName":"search_term_string"}}],"inLanguage":"fr-FR"},{"@type":"Organization","@id":"https:\/\/les-routes-buissonnieres.fr\/boutik\/#organization","name":"La boutique LRB","url":"https:\/\/les-routes-buissonnieres.fr\/boutik\/","logo":{"@type":"ImageObject","inLanguage":"fr-FR","@id":"https:\/\/les-routes-buissonnieres.fr\/boutik\/#\/schema\/logo\/image\/","url":"https:\/\/les-routes-buissonnieres.fr\/boutik\/wp-content\/uploads\/2023\/11\/cropped-logo-a-et-c-2023-orange.png","contentUrl":"https:\/\/les-routes-buissonnieres.fr\/boutik\/wp-content\/uploads\/2023\/11\/cropped-logo-a-et-c-2023-orange.png","width":300,"height":176,"caption":"La boutique LRB"},"image":{"@id":"https:\/\/les-routes-buissonnieres.fr\/boutik\/#\/schema\/logo\/image\/"}}]}},"_links":{"self":[{"href":"https:\/\/les-routes-buissonnieres.fr\/boutik\/wp-json\/wp\/v2\/product\/65377","targetHints":{"allow":["GET"]}}],"collection":[{"href":"https:\/\/les-routes-buissonnieres.fr\/boutik\/wp-json\/wp\/v2\/product"}],"about":[{"href":"https:\/\/les-routes-buissonnieres.fr\/boutik\/wp-json\/wp\/v2\/types\/product"}],"wp:featuredmedia":[{"embeddable":true,"href":"https:\/\/les-routes-buissonnieres.fr\/boutik\/wp-json\/wp\/v2\/media\/65378"}],"wp:attachment":[{"href":"https:\/\/les-routes-buissonnieres.fr\/boutik\/wp-json\/wp\/v2\/media?parent=65377"}],"wp:term":[{"taxonomy":"product_brand","embeddable":true,"href":"https:\/\/les-routes-buissonnieres.fr\/boutik\/wp-json\/wp\/v2\/product_brand?post=65377"},{"taxonomy":"product_cat","embeddable":true,"href":"https:\/\/les-routes-buissonnieres.fr\/boutik\/wp-json\/wp\/v2\/product_cat?post=65377"},{"taxonomy":"product_tag","embeddable":true,"href":"https:\/\/les-routes-buissonnieres.fr\/boutik\/wp-json\/wp\/v2\/product_tag?post=65377"}],"curies":[{"name":"wp","href":"https:\/\/api.w.org\/{rel}","templated":true}]}}