{"id":65415,"date":"2026-01-28T15:18:16","date_gmt":"2026-01-28T14:18:16","guid":{"rendered":"https:\/\/ailettes-et-carbus.fr\/?post_type=product&#038;p=65415"},"modified":"2026-01-28T15:54:47","modified_gmt":"2026-01-28T14:54:47","slug":"kit-embrayage-citroen-2cv","status":"publish","type":"product","link":"https:\/\/les-routes-buissonnieres.fr\/boutik\/produit\/kit-embrayage-citroen-2cv\/","title":{"rendered":"KIT EMBRAYAGE CITRO\u00cbN 2CV DYANE 66-70"},"content":{"rendered":"<p>Kit embrayage Citro\u00ebn 2cv dyane 66-70.<\/p>\n<p>Il devient de plus en\u00a0 plus compliqu\u00e9 de trouver des pi\u00e8ces de qualit\u00e9 pour nos anciennes.\u00a0<a href=\"https:\/\/asso2cvclubsfrance.org\/\">La 2cv<\/a>\u00a0et ses d\u00e9riv\u00e9s ne font malheureusement pas exception \u00e0 la r\u00e8gle.<\/p>\n<p>Nous nous effor\u00e7ons de sourcer des r\u00e9f\u00e9rences de qualit\u00e9 \u00e0 un prix raisonnable, et c\u2019est long et de plus en plus difficile.<\/p>\n<p>Concernant ce mod\u00e8le, il n\u2019y a malheureusement pas beaucoup de choix.<\/p>\n<p>Cette r\u00e9f\u00e9rence est une fabrication r\u00e9cente qui remplace le m\u00e9canisme \u00e0 doigts d\u2019origine. Pas d\u2019adaptations \u00e0 pr\u00e9voir, il se monte sans probl\u00e8me \u00e0 la place de celui d\u2019origine. Il est pr\u00e9vu pour embrayage normal et centrifuge.<\/p>\n<p>Il est de qualit\u00e9 standard, mais nous n\u2019avons rien trouv\u00e9 de mieux\u2026 ce n\u2019est pas le plus cher des kit embrayage Citro\u00ebn 2cv \u00e0 diaphragme pour ces ann\u00e9es, mais il n\u2019est pas plus mauvais que les autres.<\/p>\n<p>Ce kit embrayage 2cv dyane est complet.Il comprend le m\u00e9canisme, la but\u00e9e et le disque.<\/p>\n<p>Pensez \u00e0 bien v\u00e9rifier l\u2019alignement \u00e0 l\u2019aide d\u2019un centreur d\u2019embrayage.<\/p>\n<p>Qualit\u00e9 de fabrication standard.<\/p>\n<p>&nbsp;<\/p>\n<p>Convient aux Citro\u00ebn 2cv et dyane de 05\/66 \u00e0 02\/70, arbre 18 cannelures. Dans tous les cas de figure, nous vous conseillons de d\u00e9monter votre embrayage avant de passer commande.<\/p>\n<p>Cela permettra de v\u00e9rifier le mod\u00e8le. De nombreuses 2cv ne sont plus d\u2019origine aujourd\u2019hui.<\/p>\n","protected":false},"excerpt":{"rendered":"<p>Kit embrayage Citro\u00ebn 2cv dyane ami 66-70. Qualit\u00e9 standard. Pas d&rsquo;alternative actuellement.<\/p>\n","protected":false},"featured_media":65416,"template":"","meta":[],"product_brand":[],"product_cat":[103,117,29,31],"product_tag":[],"class_list":{"0":"post-65415","1":"product","2":"type-product","3":"status-publish","4":"has-post-thumbnail","6":"product_cat-cv138-boite-de-vitesse-et-embrayage","7":"product_cat-cv152-boite-de-vitesse-et-embrayage","8":"product_cat-pieces-citroen-2-cv","9":"product_cat-pieces-citroen-dyane","11":"first","12":"instock","13":"taxable","14":"shipping-taxable","15":"purchasable","16":"product-type-simple"},"yoast_head":"<!-- This site is optimized with the Yoast SEO plugin v27.4 - https:\/\/yoast.com\/product\/yoast-seo-wordpress\/ -->\n<title>KIT EMBRAYAGE CITRO\u00cbN 2CV DYANE 66-70 - La boutique LRB<\/title>\n<meta name=\"description\" content=\"Kit embrayage citro\u00ebn 2cv 66-70. Nouveau mod\u00e8le \u00e0 diaphragme. Pour embrayage normal et centrifuge. Qualit\u00e9 de fabrication standard. Pas d&#039;alternative dispo.\" \/>\n<meta name=\"robots\" content=\"index, follow, max-snippet:-1, max-image-preview:large, max-video-preview:-1\" \/>\n<link rel=\"canonical\" href=\"https:\/\/les-routes-buissonnieres.fr\/boutik\/produit\/kit-embrayage-citroen-2cv\/\" \/>\n<meta property=\"og:locale\" content=\"fr_FR\" \/>\n<meta property=\"og:type\" content=\"article\" \/>\n<meta property=\"og:title\" content=\"KIT EMBRAYAGE CITRO\u00cbN 2CV DYANE 66-70 - La boutique LRB\" \/>\n<meta property=\"og:description\" content=\"Kit embrayage citro\u00ebn 2cv 66-70. Nouveau mod\u00e8le \u00e0 diaphragme. Pour embrayage normal et centrifuge. Qualit\u00e9 de fabrication standard. Pas d&#039;alternative dispo.\" \/>\n<meta property=\"og:url\" content=\"https:\/\/les-routes-buissonnieres.fr\/boutik\/produit\/kit-embrayage-citroen-2cv\/\" \/>\n<meta property=\"og:site_name\" content=\"La boutique LRB\" \/>\n<meta property=\"article:modified_time\" content=\"2026-01-28T14:54:47+00:00\" \/>\n<meta property=\"og:image\" content=\"https:\/\/les-routes-buissonnieres.fr\/boutik\/wp-content\/uploads\/2026\/01\/CV10556.jpg\" \/>\n\t<meta property=\"og:image:width\" content=\"500\" \/>\n\t<meta property=\"og:image:height\" content=\"500\" \/>\n\t<meta property=\"og:image:type\" content=\"image\/jpeg\" \/>\n<meta name=\"twitter:card\" content=\"summary_large_image\" \/>\n<meta name=\"twitter:label1\" content=\"Dur\u00e9e de lecture estim\u00e9e\" \/>\n\t<meta name=\"twitter:data1\" content=\"2 minutes\" \/>\n<script type=\"application\/ld+json\" class=\"yoast-schema-graph\">{\"@context\":\"https:\\\/\\\/schema.org\",\"@graph\":[{\"@type\":\"WebPage\",\"@id\":\"https:\\\/\\\/les-routes-buissonnieres.fr\\\/boutik\\\/produit\\\/kit-embrayage-citroen-2cv\\\/\",\"url\":\"https:\\\/\\\/les-routes-buissonnieres.fr\\\/boutik\\\/produit\\\/kit-embrayage-citroen-2cv\\\/\",\"name\":\"KIT EMBRAYAGE CITRO\u00cbN 2CV DYANE 66-70 - La boutique LRB\",\"isPartOf\":{\"@id\":\"https:\\\/\\\/les-routes-buissonnieres.fr\\\/boutik\\\/#website\"},\"primaryImageOfPage\":{\"@id\":\"https:\\\/\\\/les-routes-buissonnieres.fr\\\/boutik\\\/produit\\\/kit-embrayage-citroen-2cv\\\/#primaryimage\"},\"image\":{\"@id\":\"https:\\\/\\\/les-routes-buissonnieres.fr\\\/boutik\\\/produit\\\/kit-embrayage-citroen-2cv\\\/#primaryimage\"},\"thumbnailUrl\":\"https:\\\/\\\/les-routes-buissonnieres.fr\\\/boutik\\\/wp-content\\\/uploads\\\/2026\\\/01\\\/CV10556.jpg\",\"datePublished\":\"2026-01-28T14:18:16+00:00\",\"dateModified\":\"2026-01-28T14:54:47+00:00\",\"description\":\"Kit embrayage citro\u00ebn 2cv 66-70. Nouveau mod\u00e8le \u00e0 diaphragme. Pour embrayage normal et centrifuge. Qualit\u00e9 de fabrication standard. Pas d'alternative dispo.\",\"breadcrumb\":{\"@id\":\"https:\\\/\\\/les-routes-buissonnieres.fr\\\/boutik\\\/produit\\\/kit-embrayage-citroen-2cv\\\/#breadcrumb\"},\"inLanguage\":\"fr-FR\",\"potentialAction\":[{\"@type\":\"ReadAction\",\"target\":[\"https:\\\/\\\/les-routes-buissonnieres.fr\\\/boutik\\\/produit\\\/kit-embrayage-citroen-2cv\\\/\"]}]},{\"@type\":\"ImageObject\",\"inLanguage\":\"fr-FR\",\"@id\":\"https:\\\/\\\/les-routes-buissonnieres.fr\\\/boutik\\\/produit\\\/kit-embrayage-citroen-2cv\\\/#primaryimage\",\"url\":\"https:\\\/\\\/les-routes-buissonnieres.fr\\\/boutik\\\/wp-content\\\/uploads\\\/2026\\\/01\\\/CV10556.jpg\",\"contentUrl\":\"https:\\\/\\\/les-routes-buissonnieres.fr\\\/boutik\\\/wp-content\\\/uploads\\\/2026\\\/01\\\/CV10556.jpg\",\"width\":500,\"height\":500,\"caption\":\"kit embrayage Citro\u00ebn 2cv 18 cannelures\"},{\"@type\":\"BreadcrumbList\",\"@id\":\"https:\\\/\\\/les-routes-buissonnieres.fr\\\/boutik\\\/produit\\\/kit-embrayage-citroen-2cv\\\/#breadcrumb\",\"itemListElement\":[{\"@type\":\"ListItem\",\"position\":1,\"name\":\"Accueil\",\"item\":\"https:\\\/\\\/les-routes-buissonnieres.fr\\\/boutik\\\/\"},{\"@type\":\"ListItem\",\"position\":2,\"name\":\"Boutique\",\"item\":\"https:\\\/\\\/les-routes-buissonnieres.fr\\\/boutik\\\/\"},{\"@type\":\"ListItem\",\"position\":3,\"name\":\"KIT EMBRAYAGE CITRO\u00cbN 2CV DYANE 66-70\"}]},{\"@type\":\"WebSite\",\"@id\":\"https:\\\/\\\/les-routes-buissonnieres.fr\\\/boutik\\\/#website\",\"url\":\"https:\\\/\\\/les-routes-buissonnieres.fr\\\/boutik\\\/\",\"name\":\"La boutique LRB\",\"description\":\"Pi\u00e8ces d\u00e9tach\u00e9es Citro\u00ebn - VW refroidies par air\",\"publisher\":{\"@id\":\"https:\\\/\\\/les-routes-buissonnieres.fr\\\/boutik\\\/#organization\"},\"potentialAction\":[{\"@type\":\"SearchAction\",\"target\":{\"@type\":\"EntryPoint\",\"urlTemplate\":\"https:\\\/\\\/les-routes-buissonnieres.fr\\\/boutik\\\/?s={search_term_string}\"},\"query-input\":{\"@type\":\"PropertyValueSpecification\",\"valueRequired\":true,\"valueName\":\"search_term_string\"}}],\"inLanguage\":\"fr-FR\"},{\"@type\":\"Organization\",\"@id\":\"https:\\\/\\\/les-routes-buissonnieres.fr\\\/boutik\\\/#organization\",\"name\":\"La boutique LRB\",\"url\":\"https:\\\/\\\/les-routes-buissonnieres.fr\\\/boutik\\\/\",\"logo\":{\"@type\":\"ImageObject\",\"inLanguage\":\"fr-FR\",\"@id\":\"https:\\\/\\\/les-routes-buissonnieres.fr\\\/boutik\\\/#\\\/schema\\\/logo\\\/image\\\/\",\"url\":\"https:\\\/\\\/les-routes-buissonnieres.fr\\\/boutik\\\/wp-content\\\/uploads\\\/2023\\\/11\\\/cropped-logo-a-et-c-2023-orange.png\",\"contentUrl\":\"https:\\\/\\\/les-routes-buissonnieres.fr\\\/boutik\\\/wp-content\\\/uploads\\\/2023\\\/11\\\/cropped-logo-a-et-c-2023-orange.png\",\"width\":300,\"height\":176,\"caption\":\"La boutique LRB\"},\"image\":{\"@id\":\"https:\\\/\\\/les-routes-buissonnieres.fr\\\/boutik\\\/#\\\/schema\\\/logo\\\/image\\\/\"}}]}<\/script>\n<!-- \/ Yoast SEO plugin. -->","yoast_head_json":{"title":"KIT EMBRAYAGE CITRO\u00cbN 2CV DYANE 66-70 - La boutique LRB","description":"Kit embrayage citro\u00ebn 2cv 66-70. Nouveau mod\u00e8le \u00e0 diaphragme. Pour embrayage normal et centrifuge. Qualit\u00e9 de fabrication standard. Pas d'alternative dispo.","robots":{"index":"index","follow":"follow","max-snippet":"max-snippet:-1","max-image-preview":"max-image-preview:large","max-video-preview":"max-video-preview:-1"},"canonical":"https:\/\/les-routes-buissonnieres.fr\/boutik\/produit\/kit-embrayage-citroen-2cv\/","og_locale":"fr_FR","og_type":"article","og_title":"KIT EMBRAYAGE CITRO\u00cbN 2CV DYANE 66-70 - La boutique LRB","og_description":"Kit embrayage citro\u00ebn 2cv 66-70. Nouveau mod\u00e8le \u00e0 diaphragme. Pour embrayage normal et centrifuge. Qualit\u00e9 de fabrication standard. Pas d'alternative dispo.","og_url":"https:\/\/les-routes-buissonnieres.fr\/boutik\/produit\/kit-embrayage-citroen-2cv\/","og_site_name":"La boutique LRB","article_modified_time":"2026-01-28T14:54:47+00:00","og_image":[{"width":500,"height":500,"url":"https:\/\/les-routes-buissonnieres.fr\/boutik\/wp-content\/uploads\/2026\/01\/CV10556.jpg","type":"image\/jpeg"}],"twitter_card":"summary_large_image","twitter_misc":{"Dur\u00e9e de lecture estim\u00e9e":"2 minutes"},"schema":{"@context":"https:\/\/schema.org","@graph":[{"@type":"WebPage","@id":"https:\/\/les-routes-buissonnieres.fr\/boutik\/produit\/kit-embrayage-citroen-2cv\/","url":"https:\/\/les-routes-buissonnieres.fr\/boutik\/produit\/kit-embrayage-citroen-2cv\/","name":"KIT EMBRAYAGE CITRO\u00cbN 2CV DYANE 66-70 - La boutique LRB","isPartOf":{"@id":"https:\/\/les-routes-buissonnieres.fr\/boutik\/#website"},"primaryImageOfPage":{"@id":"https:\/\/les-routes-buissonnieres.fr\/boutik\/produit\/kit-embrayage-citroen-2cv\/#primaryimage"},"image":{"@id":"https:\/\/les-routes-buissonnieres.fr\/boutik\/produit\/kit-embrayage-citroen-2cv\/#primaryimage"},"thumbnailUrl":"https:\/\/les-routes-buissonnieres.fr\/boutik\/wp-content\/uploads\/2026\/01\/CV10556.jpg","datePublished":"2026-01-28T14:18:16+00:00","dateModified":"2026-01-28T14:54:47+00:00","description":"Kit embrayage citro\u00ebn 2cv 66-70. Nouveau mod\u00e8le \u00e0 diaphragme. Pour embrayage normal et centrifuge. Qualit\u00e9 de fabrication standard. Pas d'alternative dispo.","breadcrumb":{"@id":"https:\/\/les-routes-buissonnieres.fr\/boutik\/produit\/kit-embrayage-citroen-2cv\/#breadcrumb"},"inLanguage":"fr-FR","potentialAction":[{"@type":"ReadAction","target":["https:\/\/les-routes-buissonnieres.fr\/boutik\/produit\/kit-embrayage-citroen-2cv\/"]}]},{"@type":"ImageObject","inLanguage":"fr-FR","@id":"https:\/\/les-routes-buissonnieres.fr\/boutik\/produit\/kit-embrayage-citroen-2cv\/#primaryimage","url":"https:\/\/les-routes-buissonnieres.fr\/boutik\/wp-content\/uploads\/2026\/01\/CV10556.jpg","contentUrl":"https:\/\/les-routes-buissonnieres.fr\/boutik\/wp-content\/uploads\/2026\/01\/CV10556.jpg","width":500,"height":500,"caption":"kit embrayage Citro\u00ebn 2cv 18 cannelures"},{"@type":"BreadcrumbList","@id":"https:\/\/les-routes-buissonnieres.fr\/boutik\/produit\/kit-embrayage-citroen-2cv\/#breadcrumb","itemListElement":[{"@type":"ListItem","position":1,"name":"Accueil","item":"https:\/\/les-routes-buissonnieres.fr\/boutik\/"},{"@type":"ListItem","position":2,"name":"Boutique","item":"https:\/\/les-routes-buissonnieres.fr\/boutik\/"},{"@type":"ListItem","position":3,"name":"KIT EMBRAYAGE CITRO\u00cbN 2CV DYANE 66-70"}]},{"@type":"WebSite","@id":"https:\/\/les-routes-buissonnieres.fr\/boutik\/#website","url":"https:\/\/les-routes-buissonnieres.fr\/boutik\/","name":"La boutique LRB","description":"Pi\u00e8ces d\u00e9tach\u00e9es Citro\u00ebn - VW refroidies par air","publisher":{"@id":"https:\/\/les-routes-buissonnieres.fr\/boutik\/#organization"},"potentialAction":[{"@type":"SearchAction","target":{"@type":"EntryPoint","urlTemplate":"https:\/\/les-routes-buissonnieres.fr\/boutik\/?s={search_term_string}"},"query-input":{"@type":"PropertyValueSpecification","valueRequired":true,"valueName":"search_term_string"}}],"inLanguage":"fr-FR"},{"@type":"Organization","@id":"https:\/\/les-routes-buissonnieres.fr\/boutik\/#organization","name":"La boutique LRB","url":"https:\/\/les-routes-buissonnieres.fr\/boutik\/","logo":{"@type":"ImageObject","inLanguage":"fr-FR","@id":"https:\/\/les-routes-buissonnieres.fr\/boutik\/#\/schema\/logo\/image\/","url":"https:\/\/les-routes-buissonnieres.fr\/boutik\/wp-content\/uploads\/2023\/11\/cropped-logo-a-et-c-2023-orange.png","contentUrl":"https:\/\/les-routes-buissonnieres.fr\/boutik\/wp-content\/uploads\/2023\/11\/cropped-logo-a-et-c-2023-orange.png","width":300,"height":176,"caption":"La boutique LRB"},"image":{"@id":"https:\/\/les-routes-buissonnieres.fr\/boutik\/#\/schema\/logo\/image\/"}}]}},"_links":{"self":[{"href":"https:\/\/les-routes-buissonnieres.fr\/boutik\/wp-json\/wp\/v2\/product\/65415","targetHints":{"allow":["GET"]}}],"collection":[{"href":"https:\/\/les-routes-buissonnieres.fr\/boutik\/wp-json\/wp\/v2\/product"}],"about":[{"href":"https:\/\/les-routes-buissonnieres.fr\/boutik\/wp-json\/wp\/v2\/types\/product"}],"wp:featuredmedia":[{"embeddable":true,"href":"https:\/\/les-routes-buissonnieres.fr\/boutik\/wp-json\/wp\/v2\/media\/65416"}],"wp:attachment":[{"href":"https:\/\/les-routes-buissonnieres.fr\/boutik\/wp-json\/wp\/v2\/media?parent=65415"}],"wp:term":[{"taxonomy":"product_brand","embeddable":true,"href":"https:\/\/les-routes-buissonnieres.fr\/boutik\/wp-json\/wp\/v2\/product_brand?post=65415"},{"taxonomy":"product_cat","embeddable":true,"href":"https:\/\/les-routes-buissonnieres.fr\/boutik\/wp-json\/wp\/v2\/product_cat?post=65415"},{"taxonomy":"product_tag","embeddable":true,"href":"https:\/\/les-routes-buissonnieres.fr\/boutik\/wp-json\/wp\/v2\/product_tag?post=65415"}],"curies":[{"name":"wp","href":"https:\/\/api.w.org\/{rel}","templated":true}]}}