{"id":65418,"date":"2026-01-28T15:44:32","date_gmt":"2026-01-28T14:44:32","guid":{"rendered":"https:\/\/ailettes-et-carbus.fr\/?post_type=product&#038;p=65418"},"modified":"2026-01-28T15:57:27","modified_gmt":"2026-01-28T14:57:27","slug":"kit-embrayage-2cv-citroen","status":"publish","type":"product","link":"https:\/\/les-routes-buissonnieres.fr\/boutik\/produit\/kit-embrayage-2cv-citroen\/","title":{"rendered":"KIT EMBRAYAGE 2CV CITRO\u00cbN 55-66"},"content":{"rendered":"<p>Kit embrayage 2cv Citro\u00ebn 55-66.<\/p>\n<p>Il devient de plus en\u00a0 plus compliqu\u00e9 de trouver des pi\u00e8ces de qualit\u00e9 pour nos anciennes.\u00a0<a href=\"https:\/\/asso2cvclubsfrance.org\/\">La 2cv<\/a>\u00a0et ses d\u00e9riv\u00e9s ne font malheureusement pas exception \u00e0 la r\u00e8gle.<\/p>\n<p>Nous nous effor\u00e7ons de sourcer des r\u00e9f\u00e9rences de qualit\u00e9 \u00e0 un prix raisonnable, et c\u2019est long et de plus en plus difficile.<\/p>\n<p>Concernant ce mod\u00e8le, il n\u2019y a malheureusement pas beaucoup de choix.<\/p>\n<p>Cette r\u00e9f\u00e9rence est une fabrication r\u00e9cente qui remplace le m\u00e9canisme \u00e0 doigts d\u2019origine. Pas d\u2019adaptations \u00e0 pr\u00e9voir, il se monte sans probl\u00e8me \u00e0 la place de celui d\u2019origine. Il est pr\u00e9vu pour embrayage normal et centrifuge.<\/p>\n<p>Il est de qualit\u00e9 acceptable, mais en de\u00e7\u00e0 de la monte d&rsquo;origine\u2026<\/p>\n<p>ce n\u2019est pas le plus cher des kit embrayage 2cv Citro\u00ebn \u00e0 diaphragme pour ces ann\u00e9es, mais il est tout \u00e0 fait au niveau de ceux que l&rsquo;on trouve plus cher sur le net.<\/p>\n<p>Ce kit embrayage est complet.Il comprend le m\u00e9canisme, la but\u00e9e et le disque.<\/p>\n<p>Pensez \u00e0 bien v\u00e9rifier l\u2019alignement \u00e0 l\u2019aide d\u2019un centreur d\u2019embrayage.<\/p>\n<p>Qualit\u00e9 de fabrication standard.<\/p>\n<p>&nbsp;<\/p>\n<p>Convient aux Citro\u00ebn 2cv de 15\/55 \u00e0 04\/66, arbre 10 cannelures. Dans tous les cas de figure, nous vous conseillons de d\u00e9monter votre embrayage avant de passer commande.<\/p>\n<p>Cela permettra de v\u00e9rifier le mod\u00e8le. De nombreuses 2cv ne sont plus d\u2019origine aujourd\u2019hui.<\/p>\n","protected":false},"excerpt":{"rendered":"<p>Kit embrayage 2cv Citro\u00ebn 55-66. Qualit\u00e9 standard. Pas d&rsquo;alternative actuellement.<\/p>\n","protected":false},"featured_media":65419,"template":"","meta":[],"product_brand":[],"product_cat":[103,29],"product_tag":[],"class_list":{"0":"post-65418","1":"product","2":"type-product","3":"status-publish","4":"has-post-thumbnail","6":"product_cat-cv138-boite-de-vitesse-et-embrayage","7":"product_cat-pieces-citroen-2-cv","9":"first","10":"instock","11":"taxable","12":"shipping-taxable","13":"purchasable","14":"product-type-simple"},"yoast_head":"<!-- This site is optimized with the Yoast SEO plugin v27.4 - https:\/\/yoast.com\/product\/yoast-seo-wordpress\/ -->\n<title>KIT EMBRAYAGE 2CV CITRO\u00cbN 55-66 - La boutique LRB<\/title>\n<meta name=\"description\" content=\"Kit embrayage 2cv Citro\u00ebn 55-66. Nouveau mod\u00e8le \u00e0 diaphragme. Se monte en lieu et place du mod\u00e8le d&#039;origine. Qualit\u00e9 standard. Pas d&#039;alternative disponible.\" \/>\n<meta name=\"robots\" content=\"index, follow, max-snippet:-1, max-image-preview:large, max-video-preview:-1\" \/>\n<link rel=\"canonical\" href=\"https:\/\/les-routes-buissonnieres.fr\/boutik\/produit\/kit-embrayage-2cv-citroen\/\" \/>\n<meta property=\"og:locale\" content=\"fr_FR\" \/>\n<meta property=\"og:type\" content=\"article\" \/>\n<meta property=\"og:title\" content=\"KIT EMBRAYAGE 2CV CITRO\u00cbN 55-66 - La boutique LRB\" \/>\n<meta property=\"og:description\" content=\"Kit embrayage 2cv Citro\u00ebn 55-66. Nouveau mod\u00e8le \u00e0 diaphragme. Se monte en lieu et place du mod\u00e8le d&#039;origine. Qualit\u00e9 standard. Pas d&#039;alternative disponible.\" \/>\n<meta property=\"og:url\" content=\"https:\/\/les-routes-buissonnieres.fr\/boutik\/produit\/kit-embrayage-2cv-citroen\/\" \/>\n<meta property=\"og:site_name\" content=\"La boutique LRB\" \/>\n<meta property=\"article:modified_time\" content=\"2026-01-28T14:57:27+00:00\" \/>\n<meta property=\"og:image\" content=\"https:\/\/les-routes-buissonnieres.fr\/boutik\/wp-content\/uploads\/2026\/01\/CV11558.jpg\" \/>\n\t<meta property=\"og:image:width\" content=\"500\" \/>\n\t<meta property=\"og:image:height\" content=\"500\" \/>\n\t<meta property=\"og:image:type\" content=\"image\/jpeg\" \/>\n<meta name=\"twitter:card\" content=\"summary_large_image\" \/>\n<meta name=\"twitter:label1\" content=\"Dur\u00e9e de lecture estim\u00e9e\" \/>\n\t<meta name=\"twitter:data1\" content=\"2 minutes\" \/>\n<script type=\"application\/ld+json\" class=\"yoast-schema-graph\">{\"@context\":\"https:\\\/\\\/schema.org\",\"@graph\":[{\"@type\":\"WebPage\",\"@id\":\"https:\\\/\\\/les-routes-buissonnieres.fr\\\/boutik\\\/produit\\\/kit-embrayage-2cv-citroen\\\/\",\"url\":\"https:\\\/\\\/les-routes-buissonnieres.fr\\\/boutik\\\/produit\\\/kit-embrayage-2cv-citroen\\\/\",\"name\":\"KIT EMBRAYAGE 2CV CITRO\u00cbN 55-66 - La boutique LRB\",\"isPartOf\":{\"@id\":\"https:\\\/\\\/les-routes-buissonnieres.fr\\\/boutik\\\/#website\"},\"primaryImageOfPage\":{\"@id\":\"https:\\\/\\\/les-routes-buissonnieres.fr\\\/boutik\\\/produit\\\/kit-embrayage-2cv-citroen\\\/#primaryimage\"},\"image\":{\"@id\":\"https:\\\/\\\/les-routes-buissonnieres.fr\\\/boutik\\\/produit\\\/kit-embrayage-2cv-citroen\\\/#primaryimage\"},\"thumbnailUrl\":\"https:\\\/\\\/les-routes-buissonnieres.fr\\\/boutik\\\/wp-content\\\/uploads\\\/2026\\\/01\\\/CV11558.jpg\",\"datePublished\":\"2026-01-28T14:44:32+00:00\",\"dateModified\":\"2026-01-28T14:57:27+00:00\",\"description\":\"Kit embrayage 2cv Citro\u00ebn 55-66. Nouveau mod\u00e8le \u00e0 diaphragme. Se monte en lieu et place du mod\u00e8le d'origine. Qualit\u00e9 standard. Pas d'alternative disponible.\",\"breadcrumb\":{\"@id\":\"https:\\\/\\\/les-routes-buissonnieres.fr\\\/boutik\\\/produit\\\/kit-embrayage-2cv-citroen\\\/#breadcrumb\"},\"inLanguage\":\"fr-FR\",\"potentialAction\":[{\"@type\":\"ReadAction\",\"target\":[\"https:\\\/\\\/les-routes-buissonnieres.fr\\\/boutik\\\/produit\\\/kit-embrayage-2cv-citroen\\\/\"]}]},{\"@type\":\"ImageObject\",\"inLanguage\":\"fr-FR\",\"@id\":\"https:\\\/\\\/les-routes-buissonnieres.fr\\\/boutik\\\/produit\\\/kit-embrayage-2cv-citroen\\\/#primaryimage\",\"url\":\"https:\\\/\\\/les-routes-buissonnieres.fr\\\/boutik\\\/wp-content\\\/uploads\\\/2026\\\/01\\\/CV11558.jpg\",\"contentUrl\":\"https:\\\/\\\/les-routes-buissonnieres.fr\\\/boutik\\\/wp-content\\\/uploads\\\/2026\\\/01\\\/CV11558.jpg\",\"width\":500,\"height\":500,\"caption\":\"Kit embrayage 2cv Citro\u00ebn\"},{\"@type\":\"BreadcrumbList\",\"@id\":\"https:\\\/\\\/les-routes-buissonnieres.fr\\\/boutik\\\/produit\\\/kit-embrayage-2cv-citroen\\\/#breadcrumb\",\"itemListElement\":[{\"@type\":\"ListItem\",\"position\":1,\"name\":\"Accueil\",\"item\":\"https:\\\/\\\/les-routes-buissonnieres.fr\\\/boutik\\\/\"},{\"@type\":\"ListItem\",\"position\":2,\"name\":\"Boutique\",\"item\":\"https:\\\/\\\/les-routes-buissonnieres.fr\\\/boutik\\\/\"},{\"@type\":\"ListItem\",\"position\":3,\"name\":\"KIT EMBRAYAGE 2CV CITRO\u00cbN 55-66\"}]},{\"@type\":\"WebSite\",\"@id\":\"https:\\\/\\\/les-routes-buissonnieres.fr\\\/boutik\\\/#website\",\"url\":\"https:\\\/\\\/les-routes-buissonnieres.fr\\\/boutik\\\/\",\"name\":\"La boutique LRB\",\"description\":\"Pi\u00e8ces d\u00e9tach\u00e9es Citro\u00ebn - VW refroidies par air\",\"publisher\":{\"@id\":\"https:\\\/\\\/les-routes-buissonnieres.fr\\\/boutik\\\/#organization\"},\"potentialAction\":[{\"@type\":\"SearchAction\",\"target\":{\"@type\":\"EntryPoint\",\"urlTemplate\":\"https:\\\/\\\/les-routes-buissonnieres.fr\\\/boutik\\\/?s={search_term_string}\"},\"query-input\":{\"@type\":\"PropertyValueSpecification\",\"valueRequired\":true,\"valueName\":\"search_term_string\"}}],\"inLanguage\":\"fr-FR\"},{\"@type\":\"Organization\",\"@id\":\"https:\\\/\\\/les-routes-buissonnieres.fr\\\/boutik\\\/#organization\",\"name\":\"La boutique LRB\",\"url\":\"https:\\\/\\\/les-routes-buissonnieres.fr\\\/boutik\\\/\",\"logo\":{\"@type\":\"ImageObject\",\"inLanguage\":\"fr-FR\",\"@id\":\"https:\\\/\\\/les-routes-buissonnieres.fr\\\/boutik\\\/#\\\/schema\\\/logo\\\/image\\\/\",\"url\":\"https:\\\/\\\/les-routes-buissonnieres.fr\\\/boutik\\\/wp-content\\\/uploads\\\/2023\\\/11\\\/cropped-logo-a-et-c-2023-orange.png\",\"contentUrl\":\"https:\\\/\\\/les-routes-buissonnieres.fr\\\/boutik\\\/wp-content\\\/uploads\\\/2023\\\/11\\\/cropped-logo-a-et-c-2023-orange.png\",\"width\":300,\"height\":176,\"caption\":\"La boutique LRB\"},\"image\":{\"@id\":\"https:\\\/\\\/les-routes-buissonnieres.fr\\\/boutik\\\/#\\\/schema\\\/logo\\\/image\\\/\"}}]}<\/script>\n<!-- \/ Yoast SEO plugin. -->","yoast_head_json":{"title":"KIT EMBRAYAGE 2CV CITRO\u00cbN 55-66 - La boutique LRB","description":"Kit embrayage 2cv Citro\u00ebn 55-66. Nouveau mod\u00e8le \u00e0 diaphragme. Se monte en lieu et place du mod\u00e8le d'origine. Qualit\u00e9 standard. Pas d'alternative disponible.","robots":{"index":"index","follow":"follow","max-snippet":"max-snippet:-1","max-image-preview":"max-image-preview:large","max-video-preview":"max-video-preview:-1"},"canonical":"https:\/\/les-routes-buissonnieres.fr\/boutik\/produit\/kit-embrayage-2cv-citroen\/","og_locale":"fr_FR","og_type":"article","og_title":"KIT EMBRAYAGE 2CV CITRO\u00cbN 55-66 - La boutique LRB","og_description":"Kit embrayage 2cv Citro\u00ebn 55-66. Nouveau mod\u00e8le \u00e0 diaphragme. Se monte en lieu et place du mod\u00e8le d'origine. Qualit\u00e9 standard. Pas d'alternative disponible.","og_url":"https:\/\/les-routes-buissonnieres.fr\/boutik\/produit\/kit-embrayage-2cv-citroen\/","og_site_name":"La boutique LRB","article_modified_time":"2026-01-28T14:57:27+00:00","og_image":[{"width":500,"height":500,"url":"https:\/\/les-routes-buissonnieres.fr\/boutik\/wp-content\/uploads\/2026\/01\/CV11558.jpg","type":"image\/jpeg"}],"twitter_card":"summary_large_image","twitter_misc":{"Dur\u00e9e de lecture estim\u00e9e":"2 minutes"},"schema":{"@context":"https:\/\/schema.org","@graph":[{"@type":"WebPage","@id":"https:\/\/les-routes-buissonnieres.fr\/boutik\/produit\/kit-embrayage-2cv-citroen\/","url":"https:\/\/les-routes-buissonnieres.fr\/boutik\/produit\/kit-embrayage-2cv-citroen\/","name":"KIT EMBRAYAGE 2CV CITRO\u00cbN 55-66 - La boutique LRB","isPartOf":{"@id":"https:\/\/les-routes-buissonnieres.fr\/boutik\/#website"},"primaryImageOfPage":{"@id":"https:\/\/les-routes-buissonnieres.fr\/boutik\/produit\/kit-embrayage-2cv-citroen\/#primaryimage"},"image":{"@id":"https:\/\/les-routes-buissonnieres.fr\/boutik\/produit\/kit-embrayage-2cv-citroen\/#primaryimage"},"thumbnailUrl":"https:\/\/les-routes-buissonnieres.fr\/boutik\/wp-content\/uploads\/2026\/01\/CV11558.jpg","datePublished":"2026-01-28T14:44:32+00:00","dateModified":"2026-01-28T14:57:27+00:00","description":"Kit embrayage 2cv Citro\u00ebn 55-66. Nouveau mod\u00e8le \u00e0 diaphragme. Se monte en lieu et place du mod\u00e8le d'origine. Qualit\u00e9 standard. Pas d'alternative disponible.","breadcrumb":{"@id":"https:\/\/les-routes-buissonnieres.fr\/boutik\/produit\/kit-embrayage-2cv-citroen\/#breadcrumb"},"inLanguage":"fr-FR","potentialAction":[{"@type":"ReadAction","target":["https:\/\/les-routes-buissonnieres.fr\/boutik\/produit\/kit-embrayage-2cv-citroen\/"]}]},{"@type":"ImageObject","inLanguage":"fr-FR","@id":"https:\/\/les-routes-buissonnieres.fr\/boutik\/produit\/kit-embrayage-2cv-citroen\/#primaryimage","url":"https:\/\/les-routes-buissonnieres.fr\/boutik\/wp-content\/uploads\/2026\/01\/CV11558.jpg","contentUrl":"https:\/\/les-routes-buissonnieres.fr\/boutik\/wp-content\/uploads\/2026\/01\/CV11558.jpg","width":500,"height":500,"caption":"Kit embrayage 2cv Citro\u00ebn"},{"@type":"BreadcrumbList","@id":"https:\/\/les-routes-buissonnieres.fr\/boutik\/produit\/kit-embrayage-2cv-citroen\/#breadcrumb","itemListElement":[{"@type":"ListItem","position":1,"name":"Accueil","item":"https:\/\/les-routes-buissonnieres.fr\/boutik\/"},{"@type":"ListItem","position":2,"name":"Boutique","item":"https:\/\/les-routes-buissonnieres.fr\/boutik\/"},{"@type":"ListItem","position":3,"name":"KIT EMBRAYAGE 2CV CITRO\u00cbN 55-66"}]},{"@type":"WebSite","@id":"https:\/\/les-routes-buissonnieres.fr\/boutik\/#website","url":"https:\/\/les-routes-buissonnieres.fr\/boutik\/","name":"La boutique LRB","description":"Pi\u00e8ces d\u00e9tach\u00e9es Citro\u00ebn - VW refroidies par air","publisher":{"@id":"https:\/\/les-routes-buissonnieres.fr\/boutik\/#organization"},"potentialAction":[{"@type":"SearchAction","target":{"@type":"EntryPoint","urlTemplate":"https:\/\/les-routes-buissonnieres.fr\/boutik\/?s={search_term_string}"},"query-input":{"@type":"PropertyValueSpecification","valueRequired":true,"valueName":"search_term_string"}}],"inLanguage":"fr-FR"},{"@type":"Organization","@id":"https:\/\/les-routes-buissonnieres.fr\/boutik\/#organization","name":"La boutique LRB","url":"https:\/\/les-routes-buissonnieres.fr\/boutik\/","logo":{"@type":"ImageObject","inLanguage":"fr-FR","@id":"https:\/\/les-routes-buissonnieres.fr\/boutik\/#\/schema\/logo\/image\/","url":"https:\/\/les-routes-buissonnieres.fr\/boutik\/wp-content\/uploads\/2023\/11\/cropped-logo-a-et-c-2023-orange.png","contentUrl":"https:\/\/les-routes-buissonnieres.fr\/boutik\/wp-content\/uploads\/2023\/11\/cropped-logo-a-et-c-2023-orange.png","width":300,"height":176,"caption":"La boutique LRB"},"image":{"@id":"https:\/\/les-routes-buissonnieres.fr\/boutik\/#\/schema\/logo\/image\/"}}]}},"_links":{"self":[{"href":"https:\/\/les-routes-buissonnieres.fr\/boutik\/wp-json\/wp\/v2\/product\/65418","targetHints":{"allow":["GET"]}}],"collection":[{"href":"https:\/\/les-routes-buissonnieres.fr\/boutik\/wp-json\/wp\/v2\/product"}],"about":[{"href":"https:\/\/les-routes-buissonnieres.fr\/boutik\/wp-json\/wp\/v2\/types\/product"}],"wp:featuredmedia":[{"embeddable":true,"href":"https:\/\/les-routes-buissonnieres.fr\/boutik\/wp-json\/wp\/v2\/media\/65419"}],"wp:attachment":[{"href":"https:\/\/les-routes-buissonnieres.fr\/boutik\/wp-json\/wp\/v2\/media?parent=65418"}],"wp:term":[{"taxonomy":"product_brand","embeddable":true,"href":"https:\/\/les-routes-buissonnieres.fr\/boutik\/wp-json\/wp\/v2\/product_brand?post=65418"},{"taxonomy":"product_cat","embeddable":true,"href":"https:\/\/les-routes-buissonnieres.fr\/boutik\/wp-json\/wp\/v2\/product_cat?post=65418"},{"taxonomy":"product_tag","embeddable":true,"href":"https:\/\/les-routes-buissonnieres.fr\/boutik\/wp-json\/wp\/v2\/product_tag?post=65418"}],"curies":[{"name":"wp","href":"https:\/\/api.w.org\/{rel}","templated":true}]}}