{"id":684,"date":"2011-09-24T09:17:07","date_gmt":"2011-09-24T08:17:07","guid":{"rendered":"http:\/\/ailettes-et-carbus.fr\/?product=machoires-frein-avant-220mm"},"modified":"2025-10-31T10:16:37","modified_gmt":"2025-10-31T09:16:37","slug":"machoires-frein-avant-220mm-2cv-dyane-ami","status":"publish","type":"product","link":"https:\/\/les-routes-buissonnieres.fr\/boutik\/produit\/machoires-frein-avant-220mm-2cv-dyane-ami\/","title":{"rendered":"M\u00c2CHOIRES FREIN AVANT 220MM 2CV DYANE AMI STOCK B"},"content":{"rendered":"<h2>M\u00c2CHOIRES FREIN AVANT 220MM 2CV DYANE AMI<\/h2>\n<p>M\u00e2choires frein avant 220mm 2cv Dyane Ami.<\/p>\n<p>Bonne qualit\u00e9 de fabrication, Roadhouse Espagne.<\/p>\n<p>V\u00e9rifiez bien le diam\u00e8tre de vos tambours avant de commander<\/p>\n<p>Les 2cv et d\u00e9riv\u00e9es ont souvent \u00e9t\u00e9 modifi\u00e9es au cours du temps.<\/p>\n<p>Convient aux Citro\u00ebn 2cv AK, AKB, Dyane, <a href=\"https:\/\/fr.wikipedia.org\/wiki\/Citro%C3%ABn_M%C3%A9hari\" target=\"_blank\" rel=\"noopener\">M\u00e9hari<\/a>, Ami6 et Ami8.<\/p>\n<p>&nbsp;<\/p>\n<p><span style=\"color: #ff0000;\"><strong>Pi\u00e8ces stock B, pi\u00e8ce neuve jamais mont\u00e9e, mais peut pr\u00e9senter des traces d&rsquo;oxydation de surface, boite ab\u00eem\u00e9e etc&#8230;<\/strong><\/span><\/p>\n","protected":false},"excerpt":{"rendered":"<p>M\u00e2choires frein avt 220mm 2cv Dyane Ami. Bonne qualit\u00e9 de fabrication.<\/p>\n","protected":false},"featured_media":683,"template":"","meta":[],"product_brand":[],"product_cat":[580,29,31,106,120],"product_tag":[216,252,255,247,1158,1137,1161],"class_list":{"0":"post-684","1":"product","2":"type-product","3":"status-publish","4":"has-post-thumbnail","6":"product_cat-bonnes-affaires","7":"product_cat-pieces-citroen-2-cv","8":"product_cat-pieces-citroen-dyane","9":"product_cat-cv141-freinage","10":"product_cat-cv155-freinage","11":"product_tag-2cv","12":"product_tag-ami6","13":"product_tag-ami8","14":"product_tag-dyane","15":"product_tag-frein","16":"product_tag-freinage","17":"product_tag-machoires-de-frein","19":"first","20":"instock","21":"sale","22":"taxable","23":"shipping-taxable","24":"purchasable","25":"product-type-simple"},"yoast_head":"<!-- This site is optimized with the Yoast SEO plugin v27.4 - https:\/\/yoast.com\/product\/yoast-seo-wordpress\/ -->\n<title>M\u00c2CHOIRES FREIN AVANT 220MM 2CV DYANE AMI STOCK B - La boutique LRB<\/title>\n<meta name=\"description\" content=\"M\u00e2choires frein avant 220mm 2cv Dyane Ami de bonne qualit\u00e9. Convient aux Citro\u00ebn 2cv AK, AKB, Dyane, M\u00e9hari, Ami6 et Ami8.\" \/>\n<meta name=\"robots\" content=\"index, follow, max-snippet:-1, max-image-preview:large, max-video-preview:-1\" \/>\n<link rel=\"canonical\" href=\"https:\/\/les-routes-buissonnieres.fr\/boutik\/produit\/machoires-frein-avant-220mm-2cv-dyane-ami\/\" \/>\n<meta property=\"og:locale\" content=\"fr_FR\" \/>\n<meta property=\"og:type\" content=\"article\" \/>\n<meta property=\"og:title\" content=\"M\u00c2CHOIRES FREIN AVANT 220MM 2CV DYANE AMI STOCK B - La boutique LRB\" \/>\n<meta property=\"og:description\" content=\"M\u00e2choires frein avant 220mm 2cv Dyane Ami de bonne qualit\u00e9. Convient aux Citro\u00ebn 2cv AK, AKB, Dyane, M\u00e9hari, Ami6 et Ami8.\" \/>\n<meta property=\"og:url\" content=\"https:\/\/les-routes-buissonnieres.fr\/boutik\/produit\/machoires-frein-avant-220mm-2cv-dyane-ami\/\" \/>\n<meta property=\"og:site_name\" content=\"La boutique LRB\" \/>\n<meta property=\"article:modified_time\" content=\"2025-10-31T09:16:37+00:00\" \/>\n<meta property=\"og:image\" content=\"https:\/\/les-routes-buissonnieres.fr\/boutik\/wp-content\/uploads\/2011\/09\/MACHOIRES_FREIN__565e10e60d611.jpg\" \/>\n\t<meta property=\"og:image:width\" content=\"300\" \/>\n\t<meta property=\"og:image:height\" content=\"300\" \/>\n\t<meta property=\"og:image:type\" content=\"image\/jpeg\" \/>\n<meta name=\"twitter:card\" content=\"summary_large_image\" \/>\n<meta name=\"twitter:label1\" content=\"Dur\u00e9e de lecture estim\u00e9e\" \/>\n\t<meta name=\"twitter:data1\" content=\"1 minute\" \/>\n<script type=\"application\/ld+json\" class=\"yoast-schema-graph\">{\"@context\":\"https:\\\/\\\/schema.org\",\"@graph\":[{\"@type\":\"WebPage\",\"@id\":\"https:\\\/\\\/les-routes-buissonnieres.fr\\\/boutik\\\/produit\\\/machoires-frein-avant-220mm-2cv-dyane-ami\\\/\",\"url\":\"https:\\\/\\\/les-routes-buissonnieres.fr\\\/boutik\\\/produit\\\/machoires-frein-avant-220mm-2cv-dyane-ami\\\/\",\"name\":\"M\u00c2CHOIRES FREIN AVANT 220MM 2CV DYANE AMI STOCK B - La boutique LRB\",\"isPartOf\":{\"@id\":\"https:\\\/\\\/les-routes-buissonnieres.fr\\\/boutik\\\/#website\"},\"primaryImageOfPage\":{\"@id\":\"https:\\\/\\\/les-routes-buissonnieres.fr\\\/boutik\\\/produit\\\/machoires-frein-avant-220mm-2cv-dyane-ami\\\/#primaryimage\"},\"image\":{\"@id\":\"https:\\\/\\\/les-routes-buissonnieres.fr\\\/boutik\\\/produit\\\/machoires-frein-avant-220mm-2cv-dyane-ami\\\/#primaryimage\"},\"thumbnailUrl\":\"https:\\\/\\\/les-routes-buissonnieres.fr\\\/boutik\\\/wp-content\\\/uploads\\\/2011\\\/09\\\/MACHOIRES_FREIN__565e10e60d611.jpg\",\"datePublished\":\"2011-09-24T08:17:07+00:00\",\"dateModified\":\"2025-10-31T09:16:37+00:00\",\"description\":\"M\u00e2choires frein avant 220mm 2cv Dyane Ami de bonne qualit\u00e9. Convient aux Citro\u00ebn 2cv AK, AKB, Dyane, M\u00e9hari, Ami6 et Ami8.\",\"breadcrumb\":{\"@id\":\"https:\\\/\\\/les-routes-buissonnieres.fr\\\/boutik\\\/produit\\\/machoires-frein-avant-220mm-2cv-dyane-ami\\\/#breadcrumb\"},\"inLanguage\":\"fr-FR\",\"potentialAction\":[{\"@type\":\"ReadAction\",\"target\":[\"https:\\\/\\\/les-routes-buissonnieres.fr\\\/boutik\\\/produit\\\/machoires-frein-avant-220mm-2cv-dyane-ami\\\/\"]}]},{\"@type\":\"ImageObject\",\"inLanguage\":\"fr-FR\",\"@id\":\"https:\\\/\\\/les-routes-buissonnieres.fr\\\/boutik\\\/produit\\\/machoires-frein-avant-220mm-2cv-dyane-ami\\\/#primaryimage\",\"url\":\"https:\\\/\\\/les-routes-buissonnieres.fr\\\/boutik\\\/wp-content\\\/uploads\\\/2011\\\/09\\\/MACHOIRES_FREIN__565e10e60d611.jpg\",\"contentUrl\":\"https:\\\/\\\/les-routes-buissonnieres.fr\\\/boutik\\\/wp-content\\\/uploads\\\/2011\\\/09\\\/MACHOIRES_FREIN__565e10e60d611.jpg\",\"width\":300,\"height\":300,\"caption\":\"M\u00e2choires frein avant 220mm\"},{\"@type\":\"BreadcrumbList\",\"@id\":\"https:\\\/\\\/les-routes-buissonnieres.fr\\\/boutik\\\/produit\\\/machoires-frein-avant-220mm-2cv-dyane-ami\\\/#breadcrumb\",\"itemListElement\":[{\"@type\":\"ListItem\",\"position\":1,\"name\":\"Accueil\",\"item\":\"https:\\\/\\\/les-routes-buissonnieres.fr\\\/boutik\\\/\"},{\"@type\":\"ListItem\",\"position\":2,\"name\":\"Boutique\",\"item\":\"https:\\\/\\\/les-routes-buissonnieres.fr\\\/boutik\\\/\"},{\"@type\":\"ListItem\",\"position\":3,\"name\":\"M\u00c2CHOIRES FREIN AVANT 220MM 2CV DYANE AMI STOCK B\"}]},{\"@type\":\"WebSite\",\"@id\":\"https:\\\/\\\/les-routes-buissonnieres.fr\\\/boutik\\\/#website\",\"url\":\"https:\\\/\\\/les-routes-buissonnieres.fr\\\/boutik\\\/\",\"name\":\"La boutique LRB\",\"description\":\"Pi\u00e8ces d\u00e9tach\u00e9es Citro\u00ebn - VW refroidies par air\",\"publisher\":{\"@id\":\"https:\\\/\\\/les-routes-buissonnieres.fr\\\/boutik\\\/#organization\"},\"potentialAction\":[{\"@type\":\"SearchAction\",\"target\":{\"@type\":\"EntryPoint\",\"urlTemplate\":\"https:\\\/\\\/les-routes-buissonnieres.fr\\\/boutik\\\/?s={search_term_string}\"},\"query-input\":{\"@type\":\"PropertyValueSpecification\",\"valueRequired\":true,\"valueName\":\"search_term_string\"}}],\"inLanguage\":\"fr-FR\"},{\"@type\":\"Organization\",\"@id\":\"https:\\\/\\\/les-routes-buissonnieres.fr\\\/boutik\\\/#organization\",\"name\":\"La boutique LRB\",\"url\":\"https:\\\/\\\/les-routes-buissonnieres.fr\\\/boutik\\\/\",\"logo\":{\"@type\":\"ImageObject\",\"inLanguage\":\"fr-FR\",\"@id\":\"https:\\\/\\\/les-routes-buissonnieres.fr\\\/boutik\\\/#\\\/schema\\\/logo\\\/image\\\/\",\"url\":\"https:\\\/\\\/les-routes-buissonnieres.fr\\\/boutik\\\/wp-content\\\/uploads\\\/2023\\\/11\\\/cropped-logo-a-et-c-2023-orange.png\",\"contentUrl\":\"https:\\\/\\\/les-routes-buissonnieres.fr\\\/boutik\\\/wp-content\\\/uploads\\\/2023\\\/11\\\/cropped-logo-a-et-c-2023-orange.png\",\"width\":300,\"height\":176,\"caption\":\"La boutique LRB\"},\"image\":{\"@id\":\"https:\\\/\\\/les-routes-buissonnieres.fr\\\/boutik\\\/#\\\/schema\\\/logo\\\/image\\\/\"}}]}<\/script>\n<!-- \/ Yoast SEO plugin. -->","yoast_head_json":{"title":"M\u00c2CHOIRES FREIN AVANT 220MM 2CV DYANE AMI STOCK B - La boutique LRB","description":"M\u00e2choires frein avant 220mm 2cv Dyane Ami de bonne qualit\u00e9. Convient aux Citro\u00ebn 2cv AK, AKB, Dyane, M\u00e9hari, Ami6 et Ami8.","robots":{"index":"index","follow":"follow","max-snippet":"max-snippet:-1","max-image-preview":"max-image-preview:large","max-video-preview":"max-video-preview:-1"},"canonical":"https:\/\/les-routes-buissonnieres.fr\/boutik\/produit\/machoires-frein-avant-220mm-2cv-dyane-ami\/","og_locale":"fr_FR","og_type":"article","og_title":"M\u00c2CHOIRES FREIN AVANT 220MM 2CV DYANE AMI STOCK B - La boutique LRB","og_description":"M\u00e2choires frein avant 220mm 2cv Dyane Ami de bonne qualit\u00e9. Convient aux Citro\u00ebn 2cv AK, AKB, Dyane, M\u00e9hari, Ami6 et Ami8.","og_url":"https:\/\/les-routes-buissonnieres.fr\/boutik\/produit\/machoires-frein-avant-220mm-2cv-dyane-ami\/","og_site_name":"La boutique LRB","article_modified_time":"2025-10-31T09:16:37+00:00","og_image":[{"width":300,"height":300,"url":"https:\/\/les-routes-buissonnieres.fr\/boutik\/wp-content\/uploads\/2011\/09\/MACHOIRES_FREIN__565e10e60d611.jpg","type":"image\/jpeg"}],"twitter_card":"summary_large_image","twitter_misc":{"Dur\u00e9e de lecture estim\u00e9e":"1 minute"},"schema":{"@context":"https:\/\/schema.org","@graph":[{"@type":"WebPage","@id":"https:\/\/les-routes-buissonnieres.fr\/boutik\/produit\/machoires-frein-avant-220mm-2cv-dyane-ami\/","url":"https:\/\/les-routes-buissonnieres.fr\/boutik\/produit\/machoires-frein-avant-220mm-2cv-dyane-ami\/","name":"M\u00c2CHOIRES FREIN AVANT 220MM 2CV DYANE AMI STOCK B - La boutique LRB","isPartOf":{"@id":"https:\/\/les-routes-buissonnieres.fr\/boutik\/#website"},"primaryImageOfPage":{"@id":"https:\/\/les-routes-buissonnieres.fr\/boutik\/produit\/machoires-frein-avant-220mm-2cv-dyane-ami\/#primaryimage"},"image":{"@id":"https:\/\/les-routes-buissonnieres.fr\/boutik\/produit\/machoires-frein-avant-220mm-2cv-dyane-ami\/#primaryimage"},"thumbnailUrl":"https:\/\/les-routes-buissonnieres.fr\/boutik\/wp-content\/uploads\/2011\/09\/MACHOIRES_FREIN__565e10e60d611.jpg","datePublished":"2011-09-24T08:17:07+00:00","dateModified":"2025-10-31T09:16:37+00:00","description":"M\u00e2choires frein avant 220mm 2cv Dyane Ami de bonne qualit\u00e9. Convient aux Citro\u00ebn 2cv AK, AKB, Dyane, M\u00e9hari, Ami6 et Ami8.","breadcrumb":{"@id":"https:\/\/les-routes-buissonnieres.fr\/boutik\/produit\/machoires-frein-avant-220mm-2cv-dyane-ami\/#breadcrumb"},"inLanguage":"fr-FR","potentialAction":[{"@type":"ReadAction","target":["https:\/\/les-routes-buissonnieres.fr\/boutik\/produit\/machoires-frein-avant-220mm-2cv-dyane-ami\/"]}]},{"@type":"ImageObject","inLanguage":"fr-FR","@id":"https:\/\/les-routes-buissonnieres.fr\/boutik\/produit\/machoires-frein-avant-220mm-2cv-dyane-ami\/#primaryimage","url":"https:\/\/les-routes-buissonnieres.fr\/boutik\/wp-content\/uploads\/2011\/09\/MACHOIRES_FREIN__565e10e60d611.jpg","contentUrl":"https:\/\/les-routes-buissonnieres.fr\/boutik\/wp-content\/uploads\/2011\/09\/MACHOIRES_FREIN__565e10e60d611.jpg","width":300,"height":300,"caption":"M\u00e2choires frein avant 220mm"},{"@type":"BreadcrumbList","@id":"https:\/\/les-routes-buissonnieres.fr\/boutik\/produit\/machoires-frein-avant-220mm-2cv-dyane-ami\/#breadcrumb","itemListElement":[{"@type":"ListItem","position":1,"name":"Accueil","item":"https:\/\/les-routes-buissonnieres.fr\/boutik\/"},{"@type":"ListItem","position":2,"name":"Boutique","item":"https:\/\/les-routes-buissonnieres.fr\/boutik\/"},{"@type":"ListItem","position":3,"name":"M\u00c2CHOIRES FREIN AVANT 220MM 2CV DYANE AMI STOCK B"}]},{"@type":"WebSite","@id":"https:\/\/les-routes-buissonnieres.fr\/boutik\/#website","url":"https:\/\/les-routes-buissonnieres.fr\/boutik\/","name":"La boutique LRB","description":"Pi\u00e8ces d\u00e9tach\u00e9es Citro\u00ebn - VW refroidies par air","publisher":{"@id":"https:\/\/les-routes-buissonnieres.fr\/boutik\/#organization"},"potentialAction":[{"@type":"SearchAction","target":{"@type":"EntryPoint","urlTemplate":"https:\/\/les-routes-buissonnieres.fr\/boutik\/?s={search_term_string}"},"query-input":{"@type":"PropertyValueSpecification","valueRequired":true,"valueName":"search_term_string"}}],"inLanguage":"fr-FR"},{"@type":"Organization","@id":"https:\/\/les-routes-buissonnieres.fr\/boutik\/#organization","name":"La boutique LRB","url":"https:\/\/les-routes-buissonnieres.fr\/boutik\/","logo":{"@type":"ImageObject","inLanguage":"fr-FR","@id":"https:\/\/les-routes-buissonnieres.fr\/boutik\/#\/schema\/logo\/image\/","url":"https:\/\/les-routes-buissonnieres.fr\/boutik\/wp-content\/uploads\/2023\/11\/cropped-logo-a-et-c-2023-orange.png","contentUrl":"https:\/\/les-routes-buissonnieres.fr\/boutik\/wp-content\/uploads\/2023\/11\/cropped-logo-a-et-c-2023-orange.png","width":300,"height":176,"caption":"La boutique LRB"},"image":{"@id":"https:\/\/les-routes-buissonnieres.fr\/boutik\/#\/schema\/logo\/image\/"}}]}},"_links":{"self":[{"href":"https:\/\/les-routes-buissonnieres.fr\/boutik\/wp-json\/wp\/v2\/product\/684","targetHints":{"allow":["GET"]}}],"collection":[{"href":"https:\/\/les-routes-buissonnieres.fr\/boutik\/wp-json\/wp\/v2\/product"}],"about":[{"href":"https:\/\/les-routes-buissonnieres.fr\/boutik\/wp-json\/wp\/v2\/types\/product"}],"wp:featuredmedia":[{"embeddable":true,"href":"https:\/\/les-routes-buissonnieres.fr\/boutik\/wp-json\/wp\/v2\/media\/683"}],"wp:attachment":[{"href":"https:\/\/les-routes-buissonnieres.fr\/boutik\/wp-json\/wp\/v2\/media?parent=684"}],"wp:term":[{"taxonomy":"product_brand","embeddable":true,"href":"https:\/\/les-routes-buissonnieres.fr\/boutik\/wp-json\/wp\/v2\/product_brand?post=684"},{"taxonomy":"product_cat","embeddable":true,"href":"https:\/\/les-routes-buissonnieres.fr\/boutik\/wp-json\/wp\/v2\/product_cat?post=684"},{"taxonomy":"product_tag","embeddable":true,"href":"https:\/\/les-routes-buissonnieres.fr\/boutik\/wp-json\/wp\/v2\/product_tag?post=684"}],"curies":[{"name":"wp","href":"https:\/\/api.w.org\/{rel}","templated":true}]}}