{"id":6869,"date":"2016-03-17T09:48:15","date_gmt":"2016-03-17T08:48:15","guid":{"rendered":"http:\/\/ailettes-et-carbus.fr\/?post_type=product&#038;p=6869"},"modified":"2026-02-13T12:08:08","modified_gmt":"2026-02-13T11:08:08","slug":"kit-reparation-etrier-combi-t3","status":"publish","type":"product","link":"https:\/\/les-routes-buissonnieres.fr\/boutik\/produit\/kit-reparation-etrier-combi-t3\/","title":{"rendered":"KIT R\u00c9PARATION \u00c9TRIER COMBI T3 CLIPPER Q+"},"content":{"rendered":"<p>Kit r\u00e9paration \u00e9trier combi T3 Clipper Q+.<\/p>\n<p>Si les pistons de vos \u00e9triers commence \u00e0 gripper, il n&rsquo;est peut \u00eatre pas trop tard pour les sauver.<\/p>\n<p>C&rsquo;est pourquoi il faut agir rapidement. D\u00e8s les premiers signes (bruit au freinage, sensation de perte de puissance, roues avant chaudes, odeur de br\u00fbl\u00e9), nous vous conseillons de ne pas perdre de temps.<\/p>\n<p>En effet si le grippage est assez faibles, vous pouvez peut-\u00eatre encore r\u00e9nover vos \u00e9triers.<\/p>\n<p>Nous avons s\u00e9lectionn\u00e9 ce kit r\u00e9paration \u00e9trier combi T3 pour sa bonne qualit\u00e9 de fabrication. Les caches poussi\u00e8res tiennent bien en place, les joints sont de bonne qualit\u00e9 et il est tr\u00e8s complet.<\/p>\n<p>Livr\u00e9 avec les joints toriques entre les demi-coquilles et les caches de vis de purge.<\/p>\n<p>V\u00e9rifiez bien l&rsquo;\u00e9tat des pistons et de leurs logements dans les \u00e9triers. Si vous constatez des rayures importantes, ou de la corrosion excessive, il vaut mieux ne pas tenter une r\u00e9novation.<\/p>\n<p>C&rsquo;est pourquoi nous conseillons de d\u00e9monter vos \u00e9triers et de contr\u00f4ler l&rsquo;ensemble avant de passer commande.<\/p>\n<p>Et bien \u00e9videmment, si vous n&rsquo;avez pas les comp\u00e9tences n\u00e9cessaires, confiez la r\u00e9novation \u00e0 un professionnel. On ne rigole pas avec la s\u00e9curit\u00e9.<\/p>\n<p>Enfin, pensez \u00e0 pr\u00e9voir <a href=\"https:\/\/les-routes-buissonnieres.fr\/boutik\/produit\/liquide-frein-dot4-mpm-1l\/\"><strong>le n\u00e9cessaire<\/strong><\/a> pour r\u00e9aliser une purge du syst\u00e8me de frein apr\u00e8s remontage de l&rsquo;ensemble.<\/p>\n<p>Pour montage ATE uniquement.<\/p>\n<p>Pour VW <a href=\"https:\/\/fr.wikipedia.org\/wiki\/Volkswagen_Combi\" target=\"_blank\" rel=\"noopener noreferrer\">combi bay window <\/a>08\/72-07\/79, <a href=\"https:\/\/www.kombiclube.com.br\/linhadotempo\"><strong>VW combi Br\u00e9silien Clipper<\/strong><\/a> \u00e0 partir de 1983 et VW T3\/T25 05\/79-07\/86.<\/p>\n","protected":false},"excerpt":{"rendered":"<p>Kit r\u00e9paration \u00e9trier combi T3 Clipper Q+. Fabrication de bonne qualit\u00e9. Pour \u00e9trier fixe type ATE.<\/p>\n","protected":false},"featured_media":65438,"template":"","meta":[],"product_brand":[],"product_cat":[72,2143,88,26,1988,28],"product_tag":[1136,221,224,220,1166,1191,233,232,235,229,223],"class_list":{"0":"post-6869","1":"product","2":"type-product","3":"status-publish","4":"has-post-thumbnail","6":"product_cat-cv113-freinage","7":"product_cat-freinage-clipper","8":"product_cat-cv127-freinage","9":"product_cat-pieces-vw-combi-bay-window-type-2","10":"product_cat-pieces-vw-combi-bresilien-split-clipper","11":"product_cat-pieces-vw-transporter-t3-type-25-ct-cu","12":"product_tag-ate","13":"product_tag-bay","14":"product_tag-bay-window","15":"product_tag-combi","16":"product_tag-etrier-de-frein","17":"product_tag-kit-de-reparation","18":"product_tag-t25","19":"product_tag-t3","20":"product_tag-transporter","21":"product_tag-type-2","22":"product_tag-vw","24":"first","25":"instock","26":"taxable","27":"shipping-taxable","28":"purchasable","29":"product-type-simple"},"yoast_head":"<!-- This site is optimized with the Yoast SEO plugin v27.4 - https:\/\/yoast.com\/product\/yoast-seo-wordpress\/ -->\n<title>Kit r\u00e9paration \u00e9trier combi T3 - La boutique LRB<\/title>\n<meta name=\"description\" content=\"Kit r\u00e9paration \u00e9trier combi T3 Clipper Q+. Bonne quali\u00e9. Complet. Pour \u00e9trier fixe \u00e0 double pistons type ATE. Pour VW combi, T3 et combi clipper Br\u00e9sil.\" \/>\n<meta name=\"robots\" content=\"index, follow, max-snippet:-1, max-image-preview:large, max-video-preview:-1\" \/>\n<link rel=\"canonical\" href=\"https:\/\/les-routes-buissonnieres.fr\/boutik\/produit\/kit-reparation-etrier-combi-t3\/\" \/>\n<meta property=\"og:locale\" content=\"fr_FR\" \/>\n<meta property=\"og:type\" content=\"article\" \/>\n<meta property=\"og:title\" content=\"Kit r\u00e9paration \u00e9trier combi T3 - La boutique LRB\" \/>\n<meta property=\"og:description\" content=\"Kit r\u00e9paration \u00e9trier combi T3 Clipper Q+. Bonne quali\u00e9. Complet. Pour \u00e9trier fixe \u00e0 double pistons type ATE. Pour VW combi, T3 et combi clipper Br\u00e9sil.\" \/>\n<meta property=\"og:url\" content=\"https:\/\/les-routes-buissonnieres.fr\/boutik\/produit\/kit-reparation-etrier-combi-t3\/\" \/>\n<meta property=\"og:site_name\" content=\"La boutique LRB\" \/>\n<meta property=\"article:modified_time\" content=\"2026-02-13T11:08:08+00:00\" \/>\n<meta property=\"og:image\" content=\"https:\/\/les-routes-buissonnieres.fr\/boutik\/wp-content\/uploads\/2016\/03\/thumb.jpeg\" \/>\n\t<meta property=\"og:image:width\" content=\"519\" \/>\n\t<meta property=\"og:image:height\" content=\"400\" \/>\n\t<meta property=\"og:image:type\" content=\"image\/jpeg\" \/>\n<meta name=\"twitter:card\" content=\"summary_large_image\" \/>\n<meta name=\"twitter:label1\" content=\"Dur\u00e9e de lecture estim\u00e9e\" \/>\n\t<meta name=\"twitter:data1\" content=\"2 minutes\" \/>\n<script type=\"application\/ld+json\" class=\"yoast-schema-graph\">{\"@context\":\"https:\\\/\\\/schema.org\",\"@graph\":[{\"@type\":\"WebPage\",\"@id\":\"https:\\\/\\\/les-routes-buissonnieres.fr\\\/boutik\\\/produit\\\/kit-reparation-etrier-combi-t3\\\/\",\"url\":\"https:\\\/\\\/les-routes-buissonnieres.fr\\\/boutik\\\/produit\\\/kit-reparation-etrier-combi-t3\\\/\",\"name\":\"Kit r\u00e9paration \u00e9trier combi T3 - La boutique LRB\",\"isPartOf\":{\"@id\":\"https:\\\/\\\/les-routes-buissonnieres.fr\\\/boutik\\\/#website\"},\"primaryImageOfPage\":{\"@id\":\"https:\\\/\\\/les-routes-buissonnieres.fr\\\/boutik\\\/produit\\\/kit-reparation-etrier-combi-t3\\\/#primaryimage\"},\"image\":{\"@id\":\"https:\\\/\\\/les-routes-buissonnieres.fr\\\/boutik\\\/produit\\\/kit-reparation-etrier-combi-t3\\\/#primaryimage\"},\"thumbnailUrl\":\"https:\\\/\\\/les-routes-buissonnieres.fr\\\/boutik\\\/wp-content\\\/uploads\\\/2016\\\/03\\\/thumb.jpeg\",\"datePublished\":\"2016-03-17T08:48:15+00:00\",\"dateModified\":\"2026-02-13T11:08:08+00:00\",\"description\":\"Kit r\u00e9paration \u00e9trier combi T3 Clipper Q+. Bonne quali\u00e9. Complet. Pour \u00e9trier fixe \u00e0 double pistons type ATE. Pour VW combi, T3 et combi clipper Br\u00e9sil.\",\"breadcrumb\":{\"@id\":\"https:\\\/\\\/les-routes-buissonnieres.fr\\\/boutik\\\/produit\\\/kit-reparation-etrier-combi-t3\\\/#breadcrumb\"},\"inLanguage\":\"fr-FR\",\"potentialAction\":[{\"@type\":\"ReadAction\",\"target\":[\"https:\\\/\\\/les-routes-buissonnieres.fr\\\/boutik\\\/produit\\\/kit-reparation-etrier-combi-t3\\\/\"]}]},{\"@type\":\"ImageObject\",\"inLanguage\":\"fr-FR\",\"@id\":\"https:\\\/\\\/les-routes-buissonnieres.fr\\\/boutik\\\/produit\\\/kit-reparation-etrier-combi-t3\\\/#primaryimage\",\"url\":\"https:\\\/\\\/les-routes-buissonnieres.fr\\\/boutik\\\/wp-content\\\/uploads\\\/2016\\\/03\\\/thumb.jpeg\",\"contentUrl\":\"https:\\\/\\\/les-routes-buissonnieres.fr\\\/boutik\\\/wp-content\\\/uploads\\\/2016\\\/03\\\/thumb.jpeg\",\"width\":519,\"height\":400,\"caption\":\"kit r\u00e9paration \u00e9trier combi t3\"},{\"@type\":\"BreadcrumbList\",\"@id\":\"https:\\\/\\\/les-routes-buissonnieres.fr\\\/boutik\\\/produit\\\/kit-reparation-etrier-combi-t3\\\/#breadcrumb\",\"itemListElement\":[{\"@type\":\"ListItem\",\"position\":1,\"name\":\"Accueil\",\"item\":\"https:\\\/\\\/les-routes-buissonnieres.fr\\\/boutik\\\/\"},{\"@type\":\"ListItem\",\"position\":2,\"name\":\"Boutique\",\"item\":\"https:\\\/\\\/les-routes-buissonnieres.fr\\\/boutik\\\/\"},{\"@type\":\"ListItem\",\"position\":3,\"name\":\"KIT R\u00c9PARATION \u00c9TRIER COMBI T3 CLIPPER Q+\"}]},{\"@type\":\"WebSite\",\"@id\":\"https:\\\/\\\/les-routes-buissonnieres.fr\\\/boutik\\\/#website\",\"url\":\"https:\\\/\\\/les-routes-buissonnieres.fr\\\/boutik\\\/\",\"name\":\"La boutique LRB\",\"description\":\"Pi\u00e8ces d\u00e9tach\u00e9es Citro\u00ebn - VW refroidies par air\",\"publisher\":{\"@id\":\"https:\\\/\\\/les-routes-buissonnieres.fr\\\/boutik\\\/#organization\"},\"potentialAction\":[{\"@type\":\"SearchAction\",\"target\":{\"@type\":\"EntryPoint\",\"urlTemplate\":\"https:\\\/\\\/les-routes-buissonnieres.fr\\\/boutik\\\/?s={search_term_string}\"},\"query-input\":{\"@type\":\"PropertyValueSpecification\",\"valueRequired\":true,\"valueName\":\"search_term_string\"}}],\"inLanguage\":\"fr-FR\"},{\"@type\":\"Organization\",\"@id\":\"https:\\\/\\\/les-routes-buissonnieres.fr\\\/boutik\\\/#organization\",\"name\":\"La boutique LRB\",\"url\":\"https:\\\/\\\/les-routes-buissonnieres.fr\\\/boutik\\\/\",\"logo\":{\"@type\":\"ImageObject\",\"inLanguage\":\"fr-FR\",\"@id\":\"https:\\\/\\\/les-routes-buissonnieres.fr\\\/boutik\\\/#\\\/schema\\\/logo\\\/image\\\/\",\"url\":\"https:\\\/\\\/les-routes-buissonnieres.fr\\\/boutik\\\/wp-content\\\/uploads\\\/2023\\\/11\\\/cropped-logo-a-et-c-2023-orange.png\",\"contentUrl\":\"https:\\\/\\\/les-routes-buissonnieres.fr\\\/boutik\\\/wp-content\\\/uploads\\\/2023\\\/11\\\/cropped-logo-a-et-c-2023-orange.png\",\"width\":300,\"height\":176,\"caption\":\"La boutique LRB\"},\"image\":{\"@id\":\"https:\\\/\\\/les-routes-buissonnieres.fr\\\/boutik\\\/#\\\/schema\\\/logo\\\/image\\\/\"}}]}<\/script>\n<!-- \/ Yoast SEO plugin. -->","yoast_head_json":{"title":"Kit r\u00e9paration \u00e9trier combi T3 - La boutique LRB","description":"Kit r\u00e9paration \u00e9trier combi T3 Clipper Q+. Bonne quali\u00e9. Complet. Pour \u00e9trier fixe \u00e0 double pistons type ATE. Pour VW combi, T3 et combi clipper Br\u00e9sil.","robots":{"index":"index","follow":"follow","max-snippet":"max-snippet:-1","max-image-preview":"max-image-preview:large","max-video-preview":"max-video-preview:-1"},"canonical":"https:\/\/les-routes-buissonnieres.fr\/boutik\/produit\/kit-reparation-etrier-combi-t3\/","og_locale":"fr_FR","og_type":"article","og_title":"Kit r\u00e9paration \u00e9trier combi T3 - La boutique LRB","og_description":"Kit r\u00e9paration \u00e9trier combi T3 Clipper Q+. Bonne quali\u00e9. Complet. Pour \u00e9trier fixe \u00e0 double pistons type ATE. Pour VW combi, T3 et combi clipper Br\u00e9sil.","og_url":"https:\/\/les-routes-buissonnieres.fr\/boutik\/produit\/kit-reparation-etrier-combi-t3\/","og_site_name":"La boutique LRB","article_modified_time":"2026-02-13T11:08:08+00:00","og_image":[{"width":519,"height":400,"url":"https:\/\/les-routes-buissonnieres.fr\/boutik\/wp-content\/uploads\/2016\/03\/thumb.jpeg","type":"image\/jpeg"}],"twitter_card":"summary_large_image","twitter_misc":{"Dur\u00e9e de lecture estim\u00e9e":"2 minutes"},"schema":{"@context":"https:\/\/schema.org","@graph":[{"@type":"WebPage","@id":"https:\/\/les-routes-buissonnieres.fr\/boutik\/produit\/kit-reparation-etrier-combi-t3\/","url":"https:\/\/les-routes-buissonnieres.fr\/boutik\/produit\/kit-reparation-etrier-combi-t3\/","name":"Kit r\u00e9paration \u00e9trier combi T3 - La boutique LRB","isPartOf":{"@id":"https:\/\/les-routes-buissonnieres.fr\/boutik\/#website"},"primaryImageOfPage":{"@id":"https:\/\/les-routes-buissonnieres.fr\/boutik\/produit\/kit-reparation-etrier-combi-t3\/#primaryimage"},"image":{"@id":"https:\/\/les-routes-buissonnieres.fr\/boutik\/produit\/kit-reparation-etrier-combi-t3\/#primaryimage"},"thumbnailUrl":"https:\/\/les-routes-buissonnieres.fr\/boutik\/wp-content\/uploads\/2016\/03\/thumb.jpeg","datePublished":"2016-03-17T08:48:15+00:00","dateModified":"2026-02-13T11:08:08+00:00","description":"Kit r\u00e9paration \u00e9trier combi T3 Clipper Q+. Bonne quali\u00e9. Complet. Pour \u00e9trier fixe \u00e0 double pistons type ATE. Pour VW combi, T3 et combi clipper Br\u00e9sil.","breadcrumb":{"@id":"https:\/\/les-routes-buissonnieres.fr\/boutik\/produit\/kit-reparation-etrier-combi-t3\/#breadcrumb"},"inLanguage":"fr-FR","potentialAction":[{"@type":"ReadAction","target":["https:\/\/les-routes-buissonnieres.fr\/boutik\/produit\/kit-reparation-etrier-combi-t3\/"]}]},{"@type":"ImageObject","inLanguage":"fr-FR","@id":"https:\/\/les-routes-buissonnieres.fr\/boutik\/produit\/kit-reparation-etrier-combi-t3\/#primaryimage","url":"https:\/\/les-routes-buissonnieres.fr\/boutik\/wp-content\/uploads\/2016\/03\/thumb.jpeg","contentUrl":"https:\/\/les-routes-buissonnieres.fr\/boutik\/wp-content\/uploads\/2016\/03\/thumb.jpeg","width":519,"height":400,"caption":"kit r\u00e9paration \u00e9trier combi t3"},{"@type":"BreadcrumbList","@id":"https:\/\/les-routes-buissonnieres.fr\/boutik\/produit\/kit-reparation-etrier-combi-t3\/#breadcrumb","itemListElement":[{"@type":"ListItem","position":1,"name":"Accueil","item":"https:\/\/les-routes-buissonnieres.fr\/boutik\/"},{"@type":"ListItem","position":2,"name":"Boutique","item":"https:\/\/les-routes-buissonnieres.fr\/boutik\/"},{"@type":"ListItem","position":3,"name":"KIT R\u00c9PARATION \u00c9TRIER COMBI T3 CLIPPER Q+"}]},{"@type":"WebSite","@id":"https:\/\/les-routes-buissonnieres.fr\/boutik\/#website","url":"https:\/\/les-routes-buissonnieres.fr\/boutik\/","name":"La boutique LRB","description":"Pi\u00e8ces d\u00e9tach\u00e9es Citro\u00ebn - VW refroidies par air","publisher":{"@id":"https:\/\/les-routes-buissonnieres.fr\/boutik\/#organization"},"potentialAction":[{"@type":"SearchAction","target":{"@type":"EntryPoint","urlTemplate":"https:\/\/les-routes-buissonnieres.fr\/boutik\/?s={search_term_string}"},"query-input":{"@type":"PropertyValueSpecification","valueRequired":true,"valueName":"search_term_string"}}],"inLanguage":"fr-FR"},{"@type":"Organization","@id":"https:\/\/les-routes-buissonnieres.fr\/boutik\/#organization","name":"La boutique LRB","url":"https:\/\/les-routes-buissonnieres.fr\/boutik\/","logo":{"@type":"ImageObject","inLanguage":"fr-FR","@id":"https:\/\/les-routes-buissonnieres.fr\/boutik\/#\/schema\/logo\/image\/","url":"https:\/\/les-routes-buissonnieres.fr\/boutik\/wp-content\/uploads\/2023\/11\/cropped-logo-a-et-c-2023-orange.png","contentUrl":"https:\/\/les-routes-buissonnieres.fr\/boutik\/wp-content\/uploads\/2023\/11\/cropped-logo-a-et-c-2023-orange.png","width":300,"height":176,"caption":"La boutique LRB"},"image":{"@id":"https:\/\/les-routes-buissonnieres.fr\/boutik\/#\/schema\/logo\/image\/"}}]}},"_links":{"self":[{"href":"https:\/\/les-routes-buissonnieres.fr\/boutik\/wp-json\/wp\/v2\/product\/6869","targetHints":{"allow":["GET"]}}],"collection":[{"href":"https:\/\/les-routes-buissonnieres.fr\/boutik\/wp-json\/wp\/v2\/product"}],"about":[{"href":"https:\/\/les-routes-buissonnieres.fr\/boutik\/wp-json\/wp\/v2\/types\/product"}],"wp:featuredmedia":[{"embeddable":true,"href":"https:\/\/les-routes-buissonnieres.fr\/boutik\/wp-json\/wp\/v2\/media\/65438"}],"wp:attachment":[{"href":"https:\/\/les-routes-buissonnieres.fr\/boutik\/wp-json\/wp\/v2\/media?parent=6869"}],"wp:term":[{"taxonomy":"product_brand","embeddable":true,"href":"https:\/\/les-routes-buissonnieres.fr\/boutik\/wp-json\/wp\/v2\/product_brand?post=6869"},{"taxonomy":"product_cat","embeddable":true,"href":"https:\/\/les-routes-buissonnieres.fr\/boutik\/wp-json\/wp\/v2\/product_cat?post=6869"},{"taxonomy":"product_tag","embeddable":true,"href":"https:\/\/les-routes-buissonnieres.fr\/boutik\/wp-json\/wp\/v2\/product_tag?post=6869"}],"curies":[{"name":"wp","href":"https:\/\/api.w.org\/{rel}","templated":true}]}}