{"id":705,"date":"2011-09-27T19:57:28","date_gmt":"2011-09-27T18:57:28","guid":{"rendered":"http:\/\/ailettes-et-carbus.fr\/?product=kit-embrayage-luk-a-partir-de-0370"},"modified":"2026-01-28T15:59:47","modified_gmt":"2026-01-28T14:59:47","slug":"kit-embrayage-dyane-2cv-ami-70-82","status":"publish","type":"product","link":"https:\/\/les-routes-buissonnieres.fr\/boutik\/produit\/kit-embrayage-dyane-2cv-ami-70-82\/","title":{"rendered":"KIT EMBRAYAGE DYANE 2CV AMI 70-82"},"content":{"rendered":"<p>Kit embrayage dyane 2cv ami 70-82.<\/p>\n<p>Il devient de plus en\u00a0 plus compliqu\u00e9 de trouver des pi\u00e8ces de qualit\u00e9 pour nos anciennes.\u00a0<a href=\"https:\/\/asso2cvclubsfrance.org\/\">La 2cv<\/a>\u00a0et ses d\u00e9riv\u00e9s ne font malheureusement pas exception \u00e0 la r\u00e8gle.<\/p>\n<p>Nous nous effor\u00e7ons de sourcer des r\u00e9f\u00e9rences de qualit\u00e9 \u00e0 un prix raisonnable, et c\u2019est long et de plus en plus difficile.<\/p>\n<p>Concernant ce mod\u00e8le, il n&rsquo;y a malheureusement pas beaucoup de choix.<\/p>\n<p>Cette r\u00e9f\u00e9rence est une fabrication r\u00e9cente qui remplace le m\u00e9canisme \u00e0 doigts d&rsquo;origine. Pas d&rsquo;adaptations \u00e0 pr\u00e9voir, il se monte sans probl\u00e8me \u00e0 la place de celui d&rsquo;origine.<\/p>\n<p>Il est de qualit\u00e9 standard, mais nous n&rsquo;avons rien trouv\u00e9 de mieux&#8230; ce n&rsquo;est pas le plus cher des kit embrayage dyane 2cv \u00e0 diaphragme pour ces ann\u00e9es, mais il n&rsquo;est pas plus mauvais que les autres.<\/p>\n<p>Ce kit embrayage 2cv dyane est complet.Il comprend le m\u00e9canisme, la but\u00e9e et le disque.<\/p>\n<p>Pensez \u00e0 bien v\u00e9rifier l\u2019alignement \u00e0 l\u2019aide d\u2019un centreur d\u2019embrayage.<\/p>\n<p>Qualit\u00e9 de fabrication standard.<\/p>\n<p>Convient aux Citro\u00ebn 2cv et d\u00e9riv\u00e9s \u00e0 partir de 1970. Dans tous les cas de figure, nous vous conseillons de d\u00e9monter votre embrayage avant de passer commande.<\/p>\n<p>Cela permettra de v\u00e9rifier le mod\u00e8le. De nombreuses 2cv ne sont plus d\u2019origine aujourd\u2019hui.<\/p>\n","protected":false},"excerpt":{"rendered":"<p>Kit embrayage dyane 2cv ami 70-82. Qualit\u00e9 standard. Pas d&rsquo;alternative actuellement.<\/p>\n","protected":false},"featured_media":65414,"template":"","meta":[],"product_brand":[],"product_cat":[103,131,117,29,32,31],"product_tag":[216,251,238,247,1008,1009,1037],"class_list":{"0":"post-705","1":"product","2":"type-product","3":"status-publish","4":"has-post-thumbnail","6":"product_cat-cv138-boite-de-vitesse-et-embrayage","7":"product_cat-cv166-boite-de-vitesse-et-embrayage","8":"product_cat-cv152-boite-de-vitesse-et-embrayage","9":"product_cat-pieces-citroen-2-cv","10":"product_cat-pieces-citroen-ami","11":"product_cat-pieces-citroen-dyane","12":"product_tag-2cv","13":"product_tag-ami","14":"product_tag-citroen","15":"product_tag-dyane","16":"product_tag-embrayage","17":"product_tag-kit-embrayage","18":"product_tag-luk","20":"first","21":"instock","22":"taxable","23":"shipping-taxable","24":"purchasable","25":"product-type-simple"},"yoast_head":"<!-- This site is optimized with the Yoast SEO plugin v27.4 - https:\/\/yoast.com\/product\/yoast-seo-wordpress\/ -->\n<title>KIT EMBRAYAGE DYANE 2CV AMI 70-82 - La boutique LRB<\/title>\n<meta name=\"description\" content=\"Kit embrayage dyane 2cv ami 70-82. Nouveau mod\u00e8le avec m\u00e9canisme \u00e0 diaphragme. Re-fabrication de qualit\u00e9 standard. Pas d&#039;alternative actuellement.\" \/>\n<meta name=\"robots\" content=\"index, follow, max-snippet:-1, max-image-preview:large, max-video-preview:-1\" \/>\n<link rel=\"canonical\" href=\"https:\/\/les-routes-buissonnieres.fr\/boutik\/produit\/kit-embrayage-dyane-2cv-ami-70-82\/\" \/>\n<meta property=\"og:locale\" content=\"fr_FR\" \/>\n<meta property=\"og:type\" content=\"article\" \/>\n<meta property=\"og:title\" content=\"KIT EMBRAYAGE DYANE 2CV AMI 70-82 - La boutique LRB\" \/>\n<meta property=\"og:description\" content=\"Kit embrayage dyane 2cv ami 70-82. Nouveau mod\u00e8le avec m\u00e9canisme \u00e0 diaphragme. Re-fabrication de qualit\u00e9 standard. Pas d&#039;alternative actuellement.\" \/>\n<meta property=\"og:url\" content=\"https:\/\/les-routes-buissonnieres.fr\/boutik\/produit\/kit-embrayage-dyane-2cv-ami-70-82\/\" \/>\n<meta property=\"og:site_name\" content=\"La boutique LRB\" \/>\n<meta property=\"article:modified_time\" content=\"2026-01-28T14:59:47+00:00\" \/>\n<meta property=\"og:image\" content=\"https:\/\/les-routes-buissonnieres.fr\/boutik\/wp-content\/uploads\/2011\/09\/CV10550-1.jpg\" \/>\n\t<meta property=\"og:image:width\" content=\"500\" \/>\n\t<meta property=\"og:image:height\" content=\"500\" \/>\n\t<meta property=\"og:image:type\" content=\"image\/jpeg\" \/>\n<meta name=\"twitter:card\" content=\"summary_large_image\" \/>\n<meta name=\"twitter:label1\" content=\"Dur\u00e9e de lecture estim\u00e9e\" \/>\n\t<meta name=\"twitter:data1\" content=\"2 minutes\" \/>\n<script type=\"application\/ld+json\" class=\"yoast-schema-graph\">{\"@context\":\"https:\\\/\\\/schema.org\",\"@graph\":[{\"@type\":\"WebPage\",\"@id\":\"https:\\\/\\\/les-routes-buissonnieres.fr\\\/boutik\\\/produit\\\/kit-embrayage-dyane-2cv-ami-70-82\\\/\",\"url\":\"https:\\\/\\\/les-routes-buissonnieres.fr\\\/boutik\\\/produit\\\/kit-embrayage-dyane-2cv-ami-70-82\\\/\",\"name\":\"KIT EMBRAYAGE DYANE 2CV AMI 70-82 - La boutique LRB\",\"isPartOf\":{\"@id\":\"https:\\\/\\\/les-routes-buissonnieres.fr\\\/boutik\\\/#website\"},\"primaryImageOfPage\":{\"@id\":\"https:\\\/\\\/les-routes-buissonnieres.fr\\\/boutik\\\/produit\\\/kit-embrayage-dyane-2cv-ami-70-82\\\/#primaryimage\"},\"image\":{\"@id\":\"https:\\\/\\\/les-routes-buissonnieres.fr\\\/boutik\\\/produit\\\/kit-embrayage-dyane-2cv-ami-70-82\\\/#primaryimage\"},\"thumbnailUrl\":\"https:\\\/\\\/les-routes-buissonnieres.fr\\\/boutik\\\/wp-content\\\/uploads\\\/2011\\\/09\\\/CV10550-1.jpg\",\"datePublished\":\"2011-09-27T18:57:28+00:00\",\"dateModified\":\"2026-01-28T14:59:47+00:00\",\"description\":\"Kit embrayage dyane 2cv ami 70-82. Nouveau mod\u00e8le avec m\u00e9canisme \u00e0 diaphragme. Re-fabrication de qualit\u00e9 standard. Pas d'alternative actuellement.\",\"breadcrumb\":{\"@id\":\"https:\\\/\\\/les-routes-buissonnieres.fr\\\/boutik\\\/produit\\\/kit-embrayage-dyane-2cv-ami-70-82\\\/#breadcrumb\"},\"inLanguage\":\"fr-FR\",\"potentialAction\":[{\"@type\":\"ReadAction\",\"target\":[\"https:\\\/\\\/les-routes-buissonnieres.fr\\\/boutik\\\/produit\\\/kit-embrayage-dyane-2cv-ami-70-82\\\/\"]}]},{\"@type\":\"ImageObject\",\"inLanguage\":\"fr-FR\",\"@id\":\"https:\\\/\\\/les-routes-buissonnieres.fr\\\/boutik\\\/produit\\\/kit-embrayage-dyane-2cv-ami-70-82\\\/#primaryimage\",\"url\":\"https:\\\/\\\/les-routes-buissonnieres.fr\\\/boutik\\\/wp-content\\\/uploads\\\/2011\\\/09\\\/CV10550-1.jpg\",\"contentUrl\":\"https:\\\/\\\/les-routes-buissonnieres.fr\\\/boutik\\\/wp-content\\\/uploads\\\/2011\\\/09\\\/CV10550-1.jpg\",\"width\":500,\"height\":500,\"caption\":\"Kit embrayage dyane 2cv 70-82\"},{\"@type\":\"BreadcrumbList\",\"@id\":\"https:\\\/\\\/les-routes-buissonnieres.fr\\\/boutik\\\/produit\\\/kit-embrayage-dyane-2cv-ami-70-82\\\/#breadcrumb\",\"itemListElement\":[{\"@type\":\"ListItem\",\"position\":1,\"name\":\"Accueil\",\"item\":\"https:\\\/\\\/les-routes-buissonnieres.fr\\\/boutik\\\/\"},{\"@type\":\"ListItem\",\"position\":2,\"name\":\"Boutique\",\"item\":\"https:\\\/\\\/les-routes-buissonnieres.fr\\\/boutik\\\/\"},{\"@type\":\"ListItem\",\"position\":3,\"name\":\"KIT EMBRAYAGE DYANE 2CV AMI 70-82\"}]},{\"@type\":\"WebSite\",\"@id\":\"https:\\\/\\\/les-routes-buissonnieres.fr\\\/boutik\\\/#website\",\"url\":\"https:\\\/\\\/les-routes-buissonnieres.fr\\\/boutik\\\/\",\"name\":\"La boutique LRB\",\"description\":\"Pi\u00e8ces d\u00e9tach\u00e9es Citro\u00ebn - VW refroidies par air\",\"publisher\":{\"@id\":\"https:\\\/\\\/les-routes-buissonnieres.fr\\\/boutik\\\/#organization\"},\"potentialAction\":[{\"@type\":\"SearchAction\",\"target\":{\"@type\":\"EntryPoint\",\"urlTemplate\":\"https:\\\/\\\/les-routes-buissonnieres.fr\\\/boutik\\\/?s={search_term_string}\"},\"query-input\":{\"@type\":\"PropertyValueSpecification\",\"valueRequired\":true,\"valueName\":\"search_term_string\"}}],\"inLanguage\":\"fr-FR\"},{\"@type\":\"Organization\",\"@id\":\"https:\\\/\\\/les-routes-buissonnieres.fr\\\/boutik\\\/#organization\",\"name\":\"La boutique LRB\",\"url\":\"https:\\\/\\\/les-routes-buissonnieres.fr\\\/boutik\\\/\",\"logo\":{\"@type\":\"ImageObject\",\"inLanguage\":\"fr-FR\",\"@id\":\"https:\\\/\\\/les-routes-buissonnieres.fr\\\/boutik\\\/#\\\/schema\\\/logo\\\/image\\\/\",\"url\":\"https:\\\/\\\/les-routes-buissonnieres.fr\\\/boutik\\\/wp-content\\\/uploads\\\/2023\\\/11\\\/cropped-logo-a-et-c-2023-orange.png\",\"contentUrl\":\"https:\\\/\\\/les-routes-buissonnieres.fr\\\/boutik\\\/wp-content\\\/uploads\\\/2023\\\/11\\\/cropped-logo-a-et-c-2023-orange.png\",\"width\":300,\"height\":176,\"caption\":\"La boutique LRB\"},\"image\":{\"@id\":\"https:\\\/\\\/les-routes-buissonnieres.fr\\\/boutik\\\/#\\\/schema\\\/logo\\\/image\\\/\"}}]}<\/script>\n<!-- \/ Yoast SEO plugin. -->","yoast_head_json":{"title":"KIT EMBRAYAGE DYANE 2CV AMI 70-82 - La boutique LRB","description":"Kit embrayage dyane 2cv ami 70-82. Nouveau mod\u00e8le avec m\u00e9canisme \u00e0 diaphragme. Re-fabrication de qualit\u00e9 standard. Pas d'alternative actuellement.","robots":{"index":"index","follow":"follow","max-snippet":"max-snippet:-1","max-image-preview":"max-image-preview:large","max-video-preview":"max-video-preview:-1"},"canonical":"https:\/\/les-routes-buissonnieres.fr\/boutik\/produit\/kit-embrayage-dyane-2cv-ami-70-82\/","og_locale":"fr_FR","og_type":"article","og_title":"KIT EMBRAYAGE DYANE 2CV AMI 70-82 - La boutique LRB","og_description":"Kit embrayage dyane 2cv ami 70-82. Nouveau mod\u00e8le avec m\u00e9canisme \u00e0 diaphragme. Re-fabrication de qualit\u00e9 standard. Pas d'alternative actuellement.","og_url":"https:\/\/les-routes-buissonnieres.fr\/boutik\/produit\/kit-embrayage-dyane-2cv-ami-70-82\/","og_site_name":"La boutique LRB","article_modified_time":"2026-01-28T14:59:47+00:00","og_image":[{"width":500,"height":500,"url":"https:\/\/les-routes-buissonnieres.fr\/boutik\/wp-content\/uploads\/2011\/09\/CV10550-1.jpg","type":"image\/jpeg"}],"twitter_card":"summary_large_image","twitter_misc":{"Dur\u00e9e de lecture estim\u00e9e":"2 minutes"},"schema":{"@context":"https:\/\/schema.org","@graph":[{"@type":"WebPage","@id":"https:\/\/les-routes-buissonnieres.fr\/boutik\/produit\/kit-embrayage-dyane-2cv-ami-70-82\/","url":"https:\/\/les-routes-buissonnieres.fr\/boutik\/produit\/kit-embrayage-dyane-2cv-ami-70-82\/","name":"KIT EMBRAYAGE DYANE 2CV AMI 70-82 - La boutique LRB","isPartOf":{"@id":"https:\/\/les-routes-buissonnieres.fr\/boutik\/#website"},"primaryImageOfPage":{"@id":"https:\/\/les-routes-buissonnieres.fr\/boutik\/produit\/kit-embrayage-dyane-2cv-ami-70-82\/#primaryimage"},"image":{"@id":"https:\/\/les-routes-buissonnieres.fr\/boutik\/produit\/kit-embrayage-dyane-2cv-ami-70-82\/#primaryimage"},"thumbnailUrl":"https:\/\/les-routes-buissonnieres.fr\/boutik\/wp-content\/uploads\/2011\/09\/CV10550-1.jpg","datePublished":"2011-09-27T18:57:28+00:00","dateModified":"2026-01-28T14:59:47+00:00","description":"Kit embrayage dyane 2cv ami 70-82. Nouveau mod\u00e8le avec m\u00e9canisme \u00e0 diaphragme. Re-fabrication de qualit\u00e9 standard. Pas d'alternative actuellement.","breadcrumb":{"@id":"https:\/\/les-routes-buissonnieres.fr\/boutik\/produit\/kit-embrayage-dyane-2cv-ami-70-82\/#breadcrumb"},"inLanguage":"fr-FR","potentialAction":[{"@type":"ReadAction","target":["https:\/\/les-routes-buissonnieres.fr\/boutik\/produit\/kit-embrayage-dyane-2cv-ami-70-82\/"]}]},{"@type":"ImageObject","inLanguage":"fr-FR","@id":"https:\/\/les-routes-buissonnieres.fr\/boutik\/produit\/kit-embrayage-dyane-2cv-ami-70-82\/#primaryimage","url":"https:\/\/les-routes-buissonnieres.fr\/boutik\/wp-content\/uploads\/2011\/09\/CV10550-1.jpg","contentUrl":"https:\/\/les-routes-buissonnieres.fr\/boutik\/wp-content\/uploads\/2011\/09\/CV10550-1.jpg","width":500,"height":500,"caption":"Kit embrayage dyane 2cv 70-82"},{"@type":"BreadcrumbList","@id":"https:\/\/les-routes-buissonnieres.fr\/boutik\/produit\/kit-embrayage-dyane-2cv-ami-70-82\/#breadcrumb","itemListElement":[{"@type":"ListItem","position":1,"name":"Accueil","item":"https:\/\/les-routes-buissonnieres.fr\/boutik\/"},{"@type":"ListItem","position":2,"name":"Boutique","item":"https:\/\/les-routes-buissonnieres.fr\/boutik\/"},{"@type":"ListItem","position":3,"name":"KIT EMBRAYAGE DYANE 2CV AMI 70-82"}]},{"@type":"WebSite","@id":"https:\/\/les-routes-buissonnieres.fr\/boutik\/#website","url":"https:\/\/les-routes-buissonnieres.fr\/boutik\/","name":"La boutique LRB","description":"Pi\u00e8ces d\u00e9tach\u00e9es Citro\u00ebn - VW refroidies par air","publisher":{"@id":"https:\/\/les-routes-buissonnieres.fr\/boutik\/#organization"},"potentialAction":[{"@type":"SearchAction","target":{"@type":"EntryPoint","urlTemplate":"https:\/\/les-routes-buissonnieres.fr\/boutik\/?s={search_term_string}"},"query-input":{"@type":"PropertyValueSpecification","valueRequired":true,"valueName":"search_term_string"}}],"inLanguage":"fr-FR"},{"@type":"Organization","@id":"https:\/\/les-routes-buissonnieres.fr\/boutik\/#organization","name":"La boutique LRB","url":"https:\/\/les-routes-buissonnieres.fr\/boutik\/","logo":{"@type":"ImageObject","inLanguage":"fr-FR","@id":"https:\/\/les-routes-buissonnieres.fr\/boutik\/#\/schema\/logo\/image\/","url":"https:\/\/les-routes-buissonnieres.fr\/boutik\/wp-content\/uploads\/2023\/11\/cropped-logo-a-et-c-2023-orange.png","contentUrl":"https:\/\/les-routes-buissonnieres.fr\/boutik\/wp-content\/uploads\/2023\/11\/cropped-logo-a-et-c-2023-orange.png","width":300,"height":176,"caption":"La boutique LRB"},"image":{"@id":"https:\/\/les-routes-buissonnieres.fr\/boutik\/#\/schema\/logo\/image\/"}}]}},"_links":{"self":[{"href":"https:\/\/les-routes-buissonnieres.fr\/boutik\/wp-json\/wp\/v2\/product\/705","targetHints":{"allow":["GET"]}}],"collection":[{"href":"https:\/\/les-routes-buissonnieres.fr\/boutik\/wp-json\/wp\/v2\/product"}],"about":[{"href":"https:\/\/les-routes-buissonnieres.fr\/boutik\/wp-json\/wp\/v2\/types\/product"}],"wp:featuredmedia":[{"embeddable":true,"href":"https:\/\/les-routes-buissonnieres.fr\/boutik\/wp-json\/wp\/v2\/media\/65414"}],"wp:attachment":[{"href":"https:\/\/les-routes-buissonnieres.fr\/boutik\/wp-json\/wp\/v2\/media?parent=705"}],"wp:term":[{"taxonomy":"product_brand","embeddable":true,"href":"https:\/\/les-routes-buissonnieres.fr\/boutik\/wp-json\/wp\/v2\/product_brand?post=705"},{"taxonomy":"product_cat","embeddable":true,"href":"https:\/\/les-routes-buissonnieres.fr\/boutik\/wp-json\/wp\/v2\/product_cat?post=705"},{"taxonomy":"product_tag","embeddable":true,"href":"https:\/\/les-routes-buissonnieres.fr\/boutik\/wp-json\/wp\/v2\/product_tag?post=705"}],"curies":[{"name":"wp","href":"https:\/\/api.w.org\/{rel}","templated":true}]}}