{"id":714,"date":"2011-09-27T20:17:07","date_gmt":"2011-09-27T19:17:07","guid":{"rendered":"http:\/\/ailettes-et-carbus.fr\/?product=filtre-a-huile-fram"},"modified":"2023-10-26T08:39:04","modified_gmt":"2023-10-26T07:39:04","slug":"filtre-huile-2cv-dyane-ami","status":"publish","type":"product","link":"https:\/\/les-routes-buissonnieres.fr\/boutik\/produit\/filtre-huile-2cv-dyane-ami\/","title":{"rendered":"FILTRE HUILE 2CV DYANE AMI Q+"},"content":{"rendered":"[vc_row][vc_column][vc_column_text]Filtre huile 2cv Dyane Ami Q+<\/p>\n<p>Nous avons s\u00e9lectionn\u00e9 ce filtre \u00e0 huile pour ses excellentes qualit\u00e9s de filtration et de fabrication. Il convient aux 2cv et d\u00e9riv\u00e9s. Mais \u00e9galement aux Visa, aux LN et LNA, aux Axel, et \u00e9galement aux C15 Essence 1.1L.<\/p>\n<p>Dimensions fid\u00e8les \u00e0 l&rsquo;origine, tr\u00e8s bonne qualit\u00e9 de fabrication. Bosch ou \u00e9quivalent.<\/p>\n<p>Taraudage: M16x1.5[\/vc_column_text][\/vc_column][\/vc_row]\n","protected":false},"excerpt":{"rendered":"<p>Filtre huile 2cv Dyane Ami Q+, tr\u00e8s bonne qualit\u00e9 de fabrication. BOSCH ou \u00e9quivalent.<\/p>\n","protected":false},"featured_media":63498,"template":"","meta":[],"product_brand":[],"product_cat":[29,32,31,100,128,114,102,130,116],"product_tag":[216,255,238,247,1585,885,2091,2093,2094,2092,678,1582,876,1586],"class_list":{"0":"post-714","1":"product","2":"type-product","3":"status-publish","4":"has-post-thumbnail","6":"product_cat-pieces-citroen-2-cv","7":"product_cat-pieces-citroen-ami","8":"product_cat-pieces-citroen-dyane","9":"product_cat-cv135-lubrification","10":"product_cat-cv163-lubrification","11":"product_cat-cv149-lubrification","12":"product_cat-cv137-moteur-autres-pieces-de-rechange","13":"product_cat-cv165-moteur-autres-pieces-de-rechange","14":"product_cat-cv151-moteur-autres-pieces-de-rechange","15":"product_tag-2cv","16":"product_tag-ami8","17":"product_tag-citroen","18":"product_tag-dyane","19":"product_tag-filtration","20":"product_tag-filtre-a-huile","21":"product_tag-filtre-a-huile-2cv","22":"product_tag-filtre-a-huile-ami6","23":"product_tag-filtre-a-huile-ami8","24":"product_tag-filtre-a-huile-dynae","25":"product_tag-huile","26":"product_tag-lubrification","27":"product_tag-vidange","28":"product_tag-vidange-moteur","30":"first","31":"instock","32":"featured","33":"taxable","34":"shipping-taxable","35":"purchasable","36":"product-type-simple"},"yoast_head":"<!-- This site is optimized with the Yoast SEO plugin v27.4 - https:\/\/yoast.com\/product\/yoast-seo-wordpress\/ -->\n<title>FILTRE HUILE 2CV DYANE AMI Q+ - La boutique LRB<\/title>\n<meta name=\"description\" content=\"FILTRE HUILE 2CV DYANE AMI\" \/>\n<meta name=\"robots\" content=\"index, follow, max-snippet:-1, max-image-preview:large, max-video-preview:-1\" \/>\n<link rel=\"canonical\" href=\"https:\/\/les-routes-buissonnieres.fr\/boutik\/produit\/filtre-huile-2cv-dyane-ami\/\" \/>\n<meta property=\"og:locale\" content=\"fr_FR\" \/>\n<meta property=\"og:type\" content=\"article\" \/>\n<meta property=\"og:title\" content=\"FILTRE HUILE 2CV DYANE AMI Q+ - La boutique LRB\" \/>\n<meta property=\"og:description\" content=\"FILTRE HUILE 2CV DYANE AMI\" \/>\n<meta property=\"og:url\" content=\"https:\/\/les-routes-buissonnieres.fr\/boutik\/produit\/filtre-huile-2cv-dyane-ami\/\" \/>\n<meta property=\"og:site_name\" content=\"La boutique LRB\" \/>\n<meta property=\"article:modified_time\" content=\"2023-10-26T07:39:04+00:00\" \/>\n<meta property=\"og:image\" content=\"https:\/\/les-routes-buissonnieres.fr\/boutik\/wp-content\/uploads\/2011\/09\/filtre.jpg\" \/>\n\t<meta property=\"og:image:width\" content=\"265\" \/>\n\t<meta property=\"og:image:height\" content=\"265\" \/>\n\t<meta property=\"og:image:type\" content=\"image\/jpeg\" \/>\n<meta name=\"twitter:card\" content=\"summary_large_image\" \/>\n<meta name=\"twitter:label1\" content=\"Dur\u00e9e de lecture estim\u00e9e\" \/>\n\t<meta name=\"twitter:data1\" content=\"1 minute\" \/>\n<script type=\"application\/ld+json\" class=\"yoast-schema-graph\">{\"@context\":\"https:\\\/\\\/schema.org\",\"@graph\":[{\"@type\":\"WebPage\",\"@id\":\"https:\\\/\\\/les-routes-buissonnieres.fr\\\/boutik\\\/produit\\\/filtre-huile-2cv-dyane-ami\\\/\",\"url\":\"https:\\\/\\\/les-routes-buissonnieres.fr\\\/boutik\\\/produit\\\/filtre-huile-2cv-dyane-ami\\\/\",\"name\":\"FILTRE HUILE 2CV DYANE AMI Q+ - La boutique LRB\",\"isPartOf\":{\"@id\":\"https:\\\/\\\/les-routes-buissonnieres.fr\\\/boutik\\\/#website\"},\"primaryImageOfPage\":{\"@id\":\"https:\\\/\\\/les-routes-buissonnieres.fr\\\/boutik\\\/produit\\\/filtre-huile-2cv-dyane-ami\\\/#primaryimage\"},\"image\":{\"@id\":\"https:\\\/\\\/les-routes-buissonnieres.fr\\\/boutik\\\/produit\\\/filtre-huile-2cv-dyane-ami\\\/#primaryimage\"},\"thumbnailUrl\":\"https:\\\/\\\/les-routes-buissonnieres.fr\\\/boutik\\\/wp-content\\\/uploads\\\/2011\\\/09\\\/filtre.jpg\",\"datePublished\":\"2011-09-27T19:17:07+00:00\",\"dateModified\":\"2023-10-26T07:39:04+00:00\",\"description\":\"FILTRE HUILE 2CV DYANE AMI\",\"breadcrumb\":{\"@id\":\"https:\\\/\\\/les-routes-buissonnieres.fr\\\/boutik\\\/produit\\\/filtre-huile-2cv-dyane-ami\\\/#breadcrumb\"},\"inLanguage\":\"fr-FR\",\"potentialAction\":[{\"@type\":\"ReadAction\",\"target\":[\"https:\\\/\\\/les-routes-buissonnieres.fr\\\/boutik\\\/produit\\\/filtre-huile-2cv-dyane-ami\\\/\"]}]},{\"@type\":\"ImageObject\",\"inLanguage\":\"fr-FR\",\"@id\":\"https:\\\/\\\/les-routes-buissonnieres.fr\\\/boutik\\\/produit\\\/filtre-huile-2cv-dyane-ami\\\/#primaryimage\",\"url\":\"https:\\\/\\\/les-routes-buissonnieres.fr\\\/boutik\\\/wp-content\\\/uploads\\\/2011\\\/09\\\/filtre.jpg\",\"contentUrl\":\"https:\\\/\\\/les-routes-buissonnieres.fr\\\/boutik\\\/wp-content\\\/uploads\\\/2011\\\/09\\\/filtre.jpg\",\"width\":265,\"height\":265},{\"@type\":\"BreadcrumbList\",\"@id\":\"https:\\\/\\\/les-routes-buissonnieres.fr\\\/boutik\\\/produit\\\/filtre-huile-2cv-dyane-ami\\\/#breadcrumb\",\"itemListElement\":[{\"@type\":\"ListItem\",\"position\":1,\"name\":\"Accueil\",\"item\":\"https:\\\/\\\/les-routes-buissonnieres.fr\\\/boutik\\\/\"},{\"@type\":\"ListItem\",\"position\":2,\"name\":\"Boutique\",\"item\":\"https:\\\/\\\/les-routes-buissonnieres.fr\\\/boutik\\\/\"},{\"@type\":\"ListItem\",\"position\":3,\"name\":\"FILTRE HUILE 2CV DYANE AMI Q+\"}]},{\"@type\":\"WebSite\",\"@id\":\"https:\\\/\\\/les-routes-buissonnieres.fr\\\/boutik\\\/#website\",\"url\":\"https:\\\/\\\/les-routes-buissonnieres.fr\\\/boutik\\\/\",\"name\":\"La boutique LRB\",\"description\":\"Pi\u00e8ces d\u00e9tach\u00e9es Citro\u00ebn - VW refroidies par air\",\"publisher\":{\"@id\":\"https:\\\/\\\/les-routes-buissonnieres.fr\\\/boutik\\\/#organization\"},\"potentialAction\":[{\"@type\":\"SearchAction\",\"target\":{\"@type\":\"EntryPoint\",\"urlTemplate\":\"https:\\\/\\\/les-routes-buissonnieres.fr\\\/boutik\\\/?s={search_term_string}\"},\"query-input\":{\"@type\":\"PropertyValueSpecification\",\"valueRequired\":true,\"valueName\":\"search_term_string\"}}],\"inLanguage\":\"fr-FR\"},{\"@type\":\"Organization\",\"@id\":\"https:\\\/\\\/les-routes-buissonnieres.fr\\\/boutik\\\/#organization\",\"name\":\"La boutique LRB\",\"url\":\"https:\\\/\\\/les-routes-buissonnieres.fr\\\/boutik\\\/\",\"logo\":{\"@type\":\"ImageObject\",\"inLanguage\":\"fr-FR\",\"@id\":\"https:\\\/\\\/les-routes-buissonnieres.fr\\\/boutik\\\/#\\\/schema\\\/logo\\\/image\\\/\",\"url\":\"https:\\\/\\\/les-routes-buissonnieres.fr\\\/boutik\\\/wp-content\\\/uploads\\\/2023\\\/11\\\/cropped-logo-a-et-c-2023-orange.png\",\"contentUrl\":\"https:\\\/\\\/les-routes-buissonnieres.fr\\\/boutik\\\/wp-content\\\/uploads\\\/2023\\\/11\\\/cropped-logo-a-et-c-2023-orange.png\",\"width\":300,\"height\":176,\"caption\":\"La boutique LRB\"},\"image\":{\"@id\":\"https:\\\/\\\/les-routes-buissonnieres.fr\\\/boutik\\\/#\\\/schema\\\/logo\\\/image\\\/\"}}]}<\/script>\n<!-- \/ Yoast SEO plugin. -->","yoast_head_json":{"title":"FILTRE HUILE 2CV DYANE AMI Q+ - La boutique LRB","description":"FILTRE HUILE 2CV DYANE AMI","robots":{"index":"index","follow":"follow","max-snippet":"max-snippet:-1","max-image-preview":"max-image-preview:large","max-video-preview":"max-video-preview:-1"},"canonical":"https:\/\/les-routes-buissonnieres.fr\/boutik\/produit\/filtre-huile-2cv-dyane-ami\/","og_locale":"fr_FR","og_type":"article","og_title":"FILTRE HUILE 2CV DYANE AMI Q+ - La boutique LRB","og_description":"FILTRE HUILE 2CV DYANE AMI","og_url":"https:\/\/les-routes-buissonnieres.fr\/boutik\/produit\/filtre-huile-2cv-dyane-ami\/","og_site_name":"La boutique LRB","article_modified_time":"2023-10-26T07:39:04+00:00","og_image":[{"width":265,"height":265,"url":"https:\/\/les-routes-buissonnieres.fr\/boutik\/wp-content\/uploads\/2011\/09\/filtre.jpg","type":"image\/jpeg"}],"twitter_card":"summary_large_image","twitter_misc":{"Dur\u00e9e de lecture estim\u00e9e":"1 minute"},"schema":{"@context":"https:\/\/schema.org","@graph":[{"@type":"WebPage","@id":"https:\/\/les-routes-buissonnieres.fr\/boutik\/produit\/filtre-huile-2cv-dyane-ami\/","url":"https:\/\/les-routes-buissonnieres.fr\/boutik\/produit\/filtre-huile-2cv-dyane-ami\/","name":"FILTRE HUILE 2CV DYANE AMI Q+ - La boutique LRB","isPartOf":{"@id":"https:\/\/les-routes-buissonnieres.fr\/boutik\/#website"},"primaryImageOfPage":{"@id":"https:\/\/les-routes-buissonnieres.fr\/boutik\/produit\/filtre-huile-2cv-dyane-ami\/#primaryimage"},"image":{"@id":"https:\/\/les-routes-buissonnieres.fr\/boutik\/produit\/filtre-huile-2cv-dyane-ami\/#primaryimage"},"thumbnailUrl":"https:\/\/les-routes-buissonnieres.fr\/boutik\/wp-content\/uploads\/2011\/09\/filtre.jpg","datePublished":"2011-09-27T19:17:07+00:00","dateModified":"2023-10-26T07:39:04+00:00","description":"FILTRE HUILE 2CV DYANE AMI","breadcrumb":{"@id":"https:\/\/les-routes-buissonnieres.fr\/boutik\/produit\/filtre-huile-2cv-dyane-ami\/#breadcrumb"},"inLanguage":"fr-FR","potentialAction":[{"@type":"ReadAction","target":["https:\/\/les-routes-buissonnieres.fr\/boutik\/produit\/filtre-huile-2cv-dyane-ami\/"]}]},{"@type":"ImageObject","inLanguage":"fr-FR","@id":"https:\/\/les-routes-buissonnieres.fr\/boutik\/produit\/filtre-huile-2cv-dyane-ami\/#primaryimage","url":"https:\/\/les-routes-buissonnieres.fr\/boutik\/wp-content\/uploads\/2011\/09\/filtre.jpg","contentUrl":"https:\/\/les-routes-buissonnieres.fr\/boutik\/wp-content\/uploads\/2011\/09\/filtre.jpg","width":265,"height":265},{"@type":"BreadcrumbList","@id":"https:\/\/les-routes-buissonnieres.fr\/boutik\/produit\/filtre-huile-2cv-dyane-ami\/#breadcrumb","itemListElement":[{"@type":"ListItem","position":1,"name":"Accueil","item":"https:\/\/les-routes-buissonnieres.fr\/boutik\/"},{"@type":"ListItem","position":2,"name":"Boutique","item":"https:\/\/les-routes-buissonnieres.fr\/boutik\/"},{"@type":"ListItem","position":3,"name":"FILTRE HUILE 2CV DYANE AMI Q+"}]},{"@type":"WebSite","@id":"https:\/\/les-routes-buissonnieres.fr\/boutik\/#website","url":"https:\/\/les-routes-buissonnieres.fr\/boutik\/","name":"La boutique LRB","description":"Pi\u00e8ces d\u00e9tach\u00e9es Citro\u00ebn - VW refroidies par air","publisher":{"@id":"https:\/\/les-routes-buissonnieres.fr\/boutik\/#organization"},"potentialAction":[{"@type":"SearchAction","target":{"@type":"EntryPoint","urlTemplate":"https:\/\/les-routes-buissonnieres.fr\/boutik\/?s={search_term_string}"},"query-input":{"@type":"PropertyValueSpecification","valueRequired":true,"valueName":"search_term_string"}}],"inLanguage":"fr-FR"},{"@type":"Organization","@id":"https:\/\/les-routes-buissonnieres.fr\/boutik\/#organization","name":"La boutique LRB","url":"https:\/\/les-routes-buissonnieres.fr\/boutik\/","logo":{"@type":"ImageObject","inLanguage":"fr-FR","@id":"https:\/\/les-routes-buissonnieres.fr\/boutik\/#\/schema\/logo\/image\/","url":"https:\/\/les-routes-buissonnieres.fr\/boutik\/wp-content\/uploads\/2023\/11\/cropped-logo-a-et-c-2023-orange.png","contentUrl":"https:\/\/les-routes-buissonnieres.fr\/boutik\/wp-content\/uploads\/2023\/11\/cropped-logo-a-et-c-2023-orange.png","width":300,"height":176,"caption":"La boutique LRB"},"image":{"@id":"https:\/\/les-routes-buissonnieres.fr\/boutik\/#\/schema\/logo\/image\/"}}]}},"_links":{"self":[{"href":"https:\/\/les-routes-buissonnieres.fr\/boutik\/wp-json\/wp\/v2\/product\/714","targetHints":{"allow":["GET"]}}],"collection":[{"href":"https:\/\/les-routes-buissonnieres.fr\/boutik\/wp-json\/wp\/v2\/product"}],"about":[{"href":"https:\/\/les-routes-buissonnieres.fr\/boutik\/wp-json\/wp\/v2\/types\/product"}],"wp:featuredmedia":[{"embeddable":true,"href":"https:\/\/les-routes-buissonnieres.fr\/boutik\/wp-json\/wp\/v2\/media\/63498"}],"wp:attachment":[{"href":"https:\/\/les-routes-buissonnieres.fr\/boutik\/wp-json\/wp\/v2\/media?parent=714"}],"wp:term":[{"taxonomy":"product_brand","embeddable":true,"href":"https:\/\/les-routes-buissonnieres.fr\/boutik\/wp-json\/wp\/v2\/product_brand?post=714"},{"taxonomy":"product_cat","embeddable":true,"href":"https:\/\/les-routes-buissonnieres.fr\/boutik\/wp-json\/wp\/v2\/product_cat?post=714"},{"taxonomy":"product_tag","embeddable":true,"href":"https:\/\/les-routes-buissonnieres.fr\/boutik\/wp-json\/wp\/v2\/product_tag?post=714"}],"curies":[{"name":"wp","href":"https:\/\/api.w.org\/{rel}","templated":true}]}}