{"id":7140,"date":"2016-03-23T10:52:48","date_gmt":"2016-03-23T09:52:48","guid":{"rendered":"http:\/\/ailettes-et-carbus.fr\/?post_type=product&#038;p=7140"},"modified":"2020-05-01T14:29:52","modified_gmt":"2020-05-01T13:29:52","slug":"joint-bocal-maitre-cylindre-12-22mm","status":"publish","type":"product","link":"https:\/\/les-routes-buissonnieres.fr\/boutik\/produit\/joint-bocal-maitre-cylindre-12-22mm\/","title":{"rendered":"JOINT  BOCAL ET MA\u00ceTRE-CYLINDRE 12-22MM"},"content":{"rendered":"<h2>JOINT \u00a0BOCAL ET MA\u00ceTRE-CYLINDRE 12-22MM<\/h2>\n<p>Joint bocal et ma\u00eetre-cylindre 12-22mm.<\/p>\n<p>Refabrication de bonne qualit\u00e9. Se monte entre le bocal de liquide de frein et le ma\u00eetre cylindre.<\/p>\n<p>Pour VW coccinelle ( \u00e0 partir de 08\/71), VW, combi Bay Window et VW transporter T3\/T25.<\/p>\n<p>V\u00e9rifiez bien la dimension de vos joints avant de commander, de nombreux mod\u00e8les existent.<\/p>\n<p>&nbsp;<\/p>\n","protected":false},"excerpt":{"rendered":"<p>Joint bocal et ma\u00eetre-cylindre 12-22mm. Refabrication de bonne qualit\u00e9.<\/p>\n","protected":false},"featured_media":7180,"template":"","meta":[],"product_brand":[],"product_cat":[72,44,88,25,26,28],"product_tag":[221,224,220,236,233,232,235,228,229,223],"class_list":{"0":"post-7140","1":"product","2":"type-product","3":"status-publish","4":"has-post-thumbnail","6":"product_cat-cv113-freinage","7":"product_cat-cv21-freinage","8":"product_cat-cv127-freinage","9":"product_cat-pieces-vw-coccinelle-type-1","10":"product_cat-pieces-vw-combi-bay-window-type-2","11":"product_cat-pieces-vw-transporter-t3-type-25-ct-cu","12":"product_tag-bay","13":"product_tag-bay-window","14":"product_tag-combi","15":"product_tag-popo","16":"product_tag-t25","17":"product_tag-t3","18":"product_tag-transporter","19":"product_tag-type-1","20":"product_tag-type-2","21":"product_tag-vw","23":"first","24":"instock","25":"taxable","26":"shipping-taxable","27":"purchasable","28":"product-type-simple"},"yoast_head":"<!-- This site is optimized with the Yoast SEO plugin v27.4 - https:\/\/yoast.com\/product\/yoast-seo-wordpress\/ -->\n<title>JOINT BOCAL ET MA\u00ceTRE-CYLINDRE 12-22MM - La boutique LRB<\/title>\n<meta name=\"description\" content=\"Joint bocal et ma\u00eetre-cylindre 12-22mm. Refabrication de bonne qualit\u00e9. Se monte entre le bocal de liquide de frein et le ma\u00eetre cylindre.\" \/>\n<meta name=\"robots\" content=\"index, follow, max-snippet:-1, max-image-preview:large, max-video-preview:-1\" \/>\n<link rel=\"canonical\" href=\"https:\/\/les-routes-buissonnieres.fr\/boutik\/produit\/joint-bocal-maitre-cylindre-12-22mm\/\" \/>\n<meta property=\"og:locale\" content=\"fr_FR\" \/>\n<meta property=\"og:type\" content=\"article\" \/>\n<meta property=\"og:title\" content=\"JOINT BOCAL ET MA\u00ceTRE-CYLINDRE 12-22MM - La boutique LRB\" \/>\n<meta property=\"og:description\" content=\"Joint bocal et ma\u00eetre-cylindre 12-22mm. Refabrication de bonne qualit\u00e9. Se monte entre le bocal de liquide de frein et le ma\u00eetre cylindre.\" \/>\n<meta property=\"og:url\" content=\"https:\/\/les-routes-buissonnieres.fr\/boutik\/produit\/joint-bocal-maitre-cylindre-12-22mm\/\" \/>\n<meta property=\"og:site_name\" content=\"La boutique LRB\" \/>\n<meta property=\"article:modified_time\" content=\"2020-05-01T13:29:52+00:00\" \/>\n<meta property=\"og:image\" content=\"https:\/\/les-routes-buissonnieres.fr\/boutik\/wp-content\/uploads\/2016\/03\/joint-bocal-maitre-cylindre-12-22mm-NVWI055-ailettes-et-carbus.jpg\" \/>\n\t<meta property=\"og:image:width\" content=\"600\" \/>\n\t<meta property=\"og:image:height\" content=\"600\" \/>\n\t<meta property=\"og:image:type\" content=\"image\/jpeg\" \/>\n<meta name=\"twitter:card\" content=\"summary_large_image\" \/>\n<script type=\"application\/ld+json\" class=\"yoast-schema-graph\">{\"@context\":\"https:\\\/\\\/schema.org\",\"@graph\":[{\"@type\":\"WebPage\",\"@id\":\"https:\\\/\\\/les-routes-buissonnieres.fr\\\/boutik\\\/produit\\\/joint-bocal-maitre-cylindre-12-22mm\\\/\",\"url\":\"https:\\\/\\\/les-routes-buissonnieres.fr\\\/boutik\\\/produit\\\/joint-bocal-maitre-cylindre-12-22mm\\\/\",\"name\":\"JOINT BOCAL ET MA\u00ceTRE-CYLINDRE 12-22MM - La boutique LRB\",\"isPartOf\":{\"@id\":\"https:\\\/\\\/les-routes-buissonnieres.fr\\\/boutik\\\/#website\"},\"primaryImageOfPage\":{\"@id\":\"https:\\\/\\\/les-routes-buissonnieres.fr\\\/boutik\\\/produit\\\/joint-bocal-maitre-cylindre-12-22mm\\\/#primaryimage\"},\"image\":{\"@id\":\"https:\\\/\\\/les-routes-buissonnieres.fr\\\/boutik\\\/produit\\\/joint-bocal-maitre-cylindre-12-22mm\\\/#primaryimage\"},\"thumbnailUrl\":\"https:\\\/\\\/les-routes-buissonnieres.fr\\\/boutik\\\/wp-content\\\/uploads\\\/2016\\\/03\\\/joint-bocal-maitre-cylindre-12-22mm-NVWI055-ailettes-et-carbus.jpg\",\"datePublished\":\"2016-03-23T09:52:48+00:00\",\"dateModified\":\"2020-05-01T13:29:52+00:00\",\"description\":\"Joint bocal et ma\u00eetre-cylindre 12-22mm. Refabrication de bonne qualit\u00e9. Se monte entre le bocal de liquide de frein et le ma\u00eetre cylindre.\",\"breadcrumb\":{\"@id\":\"https:\\\/\\\/les-routes-buissonnieres.fr\\\/boutik\\\/produit\\\/joint-bocal-maitre-cylindre-12-22mm\\\/#breadcrumb\"},\"inLanguage\":\"fr-FR\",\"potentialAction\":[{\"@type\":\"ReadAction\",\"target\":[\"https:\\\/\\\/les-routes-buissonnieres.fr\\\/boutik\\\/produit\\\/joint-bocal-maitre-cylindre-12-22mm\\\/\"]}]},{\"@type\":\"ImageObject\",\"inLanguage\":\"fr-FR\",\"@id\":\"https:\\\/\\\/les-routes-buissonnieres.fr\\\/boutik\\\/produit\\\/joint-bocal-maitre-cylindre-12-22mm\\\/#primaryimage\",\"url\":\"https:\\\/\\\/les-routes-buissonnieres.fr\\\/boutik\\\/wp-content\\\/uploads\\\/2016\\\/03\\\/joint-bocal-maitre-cylindre-12-22mm-NVWI055-ailettes-et-carbus.jpg\",\"contentUrl\":\"https:\\\/\\\/les-routes-buissonnieres.fr\\\/boutik\\\/wp-content\\\/uploads\\\/2016\\\/03\\\/joint-bocal-maitre-cylindre-12-22mm-NVWI055-ailettes-et-carbus.jpg\",\"width\":600,\"height\":600,\"caption\":\"MA\u00ceTRE-CYLINDRE 12-22MM\"},{\"@type\":\"BreadcrumbList\",\"@id\":\"https:\\\/\\\/les-routes-buissonnieres.fr\\\/boutik\\\/produit\\\/joint-bocal-maitre-cylindre-12-22mm\\\/#breadcrumb\",\"itemListElement\":[{\"@type\":\"ListItem\",\"position\":1,\"name\":\"Accueil\",\"item\":\"https:\\\/\\\/les-routes-buissonnieres.fr\\\/boutik\\\/\"},{\"@type\":\"ListItem\",\"position\":2,\"name\":\"Boutique\",\"item\":\"https:\\\/\\\/les-routes-buissonnieres.fr\\\/boutik\\\/\"},{\"@type\":\"ListItem\",\"position\":3,\"name\":\"JOINT BOCAL ET MA\u00ceTRE-CYLINDRE 12-22MM\"}]},{\"@type\":\"WebSite\",\"@id\":\"https:\\\/\\\/les-routes-buissonnieres.fr\\\/boutik\\\/#website\",\"url\":\"https:\\\/\\\/les-routes-buissonnieres.fr\\\/boutik\\\/\",\"name\":\"La boutique LRB\",\"description\":\"Pi\u00e8ces d\u00e9tach\u00e9es Citro\u00ebn - VW refroidies par air\",\"publisher\":{\"@id\":\"https:\\\/\\\/les-routes-buissonnieres.fr\\\/boutik\\\/#organization\"},\"potentialAction\":[{\"@type\":\"SearchAction\",\"target\":{\"@type\":\"EntryPoint\",\"urlTemplate\":\"https:\\\/\\\/les-routes-buissonnieres.fr\\\/boutik\\\/?s={search_term_string}\"},\"query-input\":{\"@type\":\"PropertyValueSpecification\",\"valueRequired\":true,\"valueName\":\"search_term_string\"}}],\"inLanguage\":\"fr-FR\"},{\"@type\":\"Organization\",\"@id\":\"https:\\\/\\\/les-routes-buissonnieres.fr\\\/boutik\\\/#organization\",\"name\":\"La boutique LRB\",\"url\":\"https:\\\/\\\/les-routes-buissonnieres.fr\\\/boutik\\\/\",\"logo\":{\"@type\":\"ImageObject\",\"inLanguage\":\"fr-FR\",\"@id\":\"https:\\\/\\\/les-routes-buissonnieres.fr\\\/boutik\\\/#\\\/schema\\\/logo\\\/image\\\/\",\"url\":\"https:\\\/\\\/les-routes-buissonnieres.fr\\\/boutik\\\/wp-content\\\/uploads\\\/2023\\\/11\\\/cropped-logo-a-et-c-2023-orange.png\",\"contentUrl\":\"https:\\\/\\\/les-routes-buissonnieres.fr\\\/boutik\\\/wp-content\\\/uploads\\\/2023\\\/11\\\/cropped-logo-a-et-c-2023-orange.png\",\"width\":300,\"height\":176,\"caption\":\"La boutique LRB\"},\"image\":{\"@id\":\"https:\\\/\\\/les-routes-buissonnieres.fr\\\/boutik\\\/#\\\/schema\\\/logo\\\/image\\\/\"}}]}<\/script>\n<!-- \/ Yoast SEO plugin. -->","yoast_head_json":{"title":"JOINT BOCAL ET MA\u00ceTRE-CYLINDRE 12-22MM - La boutique LRB","description":"Joint bocal et ma\u00eetre-cylindre 12-22mm. Refabrication de bonne qualit\u00e9. Se monte entre le bocal de liquide de frein et le ma\u00eetre cylindre.","robots":{"index":"index","follow":"follow","max-snippet":"max-snippet:-1","max-image-preview":"max-image-preview:large","max-video-preview":"max-video-preview:-1"},"canonical":"https:\/\/les-routes-buissonnieres.fr\/boutik\/produit\/joint-bocal-maitre-cylindre-12-22mm\/","og_locale":"fr_FR","og_type":"article","og_title":"JOINT BOCAL ET MA\u00ceTRE-CYLINDRE 12-22MM - La boutique LRB","og_description":"Joint bocal et ma\u00eetre-cylindre 12-22mm. Refabrication de bonne qualit\u00e9. Se monte entre le bocal de liquide de frein et le ma\u00eetre cylindre.","og_url":"https:\/\/les-routes-buissonnieres.fr\/boutik\/produit\/joint-bocal-maitre-cylindre-12-22mm\/","og_site_name":"La boutique LRB","article_modified_time":"2020-05-01T13:29:52+00:00","og_image":[{"width":600,"height":600,"url":"https:\/\/les-routes-buissonnieres.fr\/boutik\/wp-content\/uploads\/2016\/03\/joint-bocal-maitre-cylindre-12-22mm-NVWI055-ailettes-et-carbus.jpg","type":"image\/jpeg"}],"twitter_card":"summary_large_image","schema":{"@context":"https:\/\/schema.org","@graph":[{"@type":"WebPage","@id":"https:\/\/les-routes-buissonnieres.fr\/boutik\/produit\/joint-bocal-maitre-cylindre-12-22mm\/","url":"https:\/\/les-routes-buissonnieres.fr\/boutik\/produit\/joint-bocal-maitre-cylindre-12-22mm\/","name":"JOINT BOCAL ET MA\u00ceTRE-CYLINDRE 12-22MM - La boutique LRB","isPartOf":{"@id":"https:\/\/les-routes-buissonnieres.fr\/boutik\/#website"},"primaryImageOfPage":{"@id":"https:\/\/les-routes-buissonnieres.fr\/boutik\/produit\/joint-bocal-maitre-cylindre-12-22mm\/#primaryimage"},"image":{"@id":"https:\/\/les-routes-buissonnieres.fr\/boutik\/produit\/joint-bocal-maitre-cylindre-12-22mm\/#primaryimage"},"thumbnailUrl":"https:\/\/les-routes-buissonnieres.fr\/boutik\/wp-content\/uploads\/2016\/03\/joint-bocal-maitre-cylindre-12-22mm-NVWI055-ailettes-et-carbus.jpg","datePublished":"2016-03-23T09:52:48+00:00","dateModified":"2020-05-01T13:29:52+00:00","description":"Joint bocal et ma\u00eetre-cylindre 12-22mm. Refabrication de bonne qualit\u00e9. Se monte entre le bocal de liquide de frein et le ma\u00eetre cylindre.","breadcrumb":{"@id":"https:\/\/les-routes-buissonnieres.fr\/boutik\/produit\/joint-bocal-maitre-cylindre-12-22mm\/#breadcrumb"},"inLanguage":"fr-FR","potentialAction":[{"@type":"ReadAction","target":["https:\/\/les-routes-buissonnieres.fr\/boutik\/produit\/joint-bocal-maitre-cylindre-12-22mm\/"]}]},{"@type":"ImageObject","inLanguage":"fr-FR","@id":"https:\/\/les-routes-buissonnieres.fr\/boutik\/produit\/joint-bocal-maitre-cylindre-12-22mm\/#primaryimage","url":"https:\/\/les-routes-buissonnieres.fr\/boutik\/wp-content\/uploads\/2016\/03\/joint-bocal-maitre-cylindre-12-22mm-NVWI055-ailettes-et-carbus.jpg","contentUrl":"https:\/\/les-routes-buissonnieres.fr\/boutik\/wp-content\/uploads\/2016\/03\/joint-bocal-maitre-cylindre-12-22mm-NVWI055-ailettes-et-carbus.jpg","width":600,"height":600,"caption":"MA\u00ceTRE-CYLINDRE 12-22MM"},{"@type":"BreadcrumbList","@id":"https:\/\/les-routes-buissonnieres.fr\/boutik\/produit\/joint-bocal-maitre-cylindre-12-22mm\/#breadcrumb","itemListElement":[{"@type":"ListItem","position":1,"name":"Accueil","item":"https:\/\/les-routes-buissonnieres.fr\/boutik\/"},{"@type":"ListItem","position":2,"name":"Boutique","item":"https:\/\/les-routes-buissonnieres.fr\/boutik\/"},{"@type":"ListItem","position":3,"name":"JOINT BOCAL ET MA\u00ceTRE-CYLINDRE 12-22MM"}]},{"@type":"WebSite","@id":"https:\/\/les-routes-buissonnieres.fr\/boutik\/#website","url":"https:\/\/les-routes-buissonnieres.fr\/boutik\/","name":"La boutique LRB","description":"Pi\u00e8ces d\u00e9tach\u00e9es Citro\u00ebn - VW refroidies par air","publisher":{"@id":"https:\/\/les-routes-buissonnieres.fr\/boutik\/#organization"},"potentialAction":[{"@type":"SearchAction","target":{"@type":"EntryPoint","urlTemplate":"https:\/\/les-routes-buissonnieres.fr\/boutik\/?s={search_term_string}"},"query-input":{"@type":"PropertyValueSpecification","valueRequired":true,"valueName":"search_term_string"}}],"inLanguage":"fr-FR"},{"@type":"Organization","@id":"https:\/\/les-routes-buissonnieres.fr\/boutik\/#organization","name":"La boutique LRB","url":"https:\/\/les-routes-buissonnieres.fr\/boutik\/","logo":{"@type":"ImageObject","inLanguage":"fr-FR","@id":"https:\/\/les-routes-buissonnieres.fr\/boutik\/#\/schema\/logo\/image\/","url":"https:\/\/les-routes-buissonnieres.fr\/boutik\/wp-content\/uploads\/2023\/11\/cropped-logo-a-et-c-2023-orange.png","contentUrl":"https:\/\/les-routes-buissonnieres.fr\/boutik\/wp-content\/uploads\/2023\/11\/cropped-logo-a-et-c-2023-orange.png","width":300,"height":176,"caption":"La boutique LRB"},"image":{"@id":"https:\/\/les-routes-buissonnieres.fr\/boutik\/#\/schema\/logo\/image\/"}}]}},"_links":{"self":[{"href":"https:\/\/les-routes-buissonnieres.fr\/boutik\/wp-json\/wp\/v2\/product\/7140","targetHints":{"allow":["GET"]}}],"collection":[{"href":"https:\/\/les-routes-buissonnieres.fr\/boutik\/wp-json\/wp\/v2\/product"}],"about":[{"href":"https:\/\/les-routes-buissonnieres.fr\/boutik\/wp-json\/wp\/v2\/types\/product"}],"wp:featuredmedia":[{"embeddable":true,"href":"https:\/\/les-routes-buissonnieres.fr\/boutik\/wp-json\/wp\/v2\/media\/7180"}],"wp:attachment":[{"href":"https:\/\/les-routes-buissonnieres.fr\/boutik\/wp-json\/wp\/v2\/media?parent=7140"}],"wp:term":[{"taxonomy":"product_brand","embeddable":true,"href":"https:\/\/les-routes-buissonnieres.fr\/boutik\/wp-json\/wp\/v2\/product_brand?post=7140"},{"taxonomy":"product_cat","embeddable":true,"href":"https:\/\/les-routes-buissonnieres.fr\/boutik\/wp-json\/wp\/v2\/product_cat?post=7140"},{"taxonomy":"product_tag","embeddable":true,"href":"https:\/\/les-routes-buissonnieres.fr\/boutik\/wp-json\/wp\/v2\/product_tag?post=7140"}],"curies":[{"name":"wp","href":"https:\/\/api.w.org\/{rel}","templated":true}]}}