{"id":718,"date":"2011-09-27T20:22:13","date_gmt":"2011-09-27T19:22:13","guid":{"rendered":"http:\/\/ailettes-et-carbus.fr\/?product=filtre-a-essence-mann-filter"},"modified":"2024-03-08T12:16:41","modified_gmt":"2024-03-08T11:16:41","slug":"filtre-essence-petit-modele-q","status":"publish","type":"product","link":"https:\/\/les-routes-buissonnieres.fr\/boutik\/produit\/filtre-essence-petit-modele-q\/","title":{"rendered":"FILTRE ESSENCE PETIT MOD\u00c8LE Q+"},"content":{"rendered":"<p>Filtre essence petit mod\u00e8le q+.<\/p>\n<p>Ce filtre \u00e0 essence convient \u00e0 tous les moteurs essence ayant une cylindr\u00e9e inf\u00e9rieure ou \u00e9gale \u00e0 1600 cm3.<\/p>\n<p>Marque MISFAT ou \u00e9quivalente suivant arrivage.<\/p>\n<p>&nbsp;<\/p>\n<p>&nbsp;<\/p>\n<p>&nbsp;<\/p>\n<p>&nbsp;<\/p>\n","protected":false},"excerpt":{"rendered":"<p>Filtre essence petit mod\u00e8le q+. Pour moteur jusqu&rsquo;\u00e0 1600 cm3.<\/p>\n","protected":false},"featured_media":5672,"template":"","meta":[],"product_brand":[],"product_cat":[45,127,65,2136,91,113,74,79,29,32,31,1959,111,139,85,2148,99,125,63,46,25,26,1988,27,28],"product_tag":[2064,2065,2067,2068,2069,2053,2070,2066,2072,2052,2071],"class_list":{"0":"post-718","1":"product","2":"type-product","3":"status-publish","4":"has-post-thumbnail","6":"product_cat-cv134-alimentation-carburant","7":"product_cat-cv162-alimentation-carburant","8":"product_cat-cv106-alimentation-carburant","9":"product_cat-alimentation-carburant-clipper","10":"product_cat-cv82-alimentation-carburant","11":"product_cat-cv148-alimentation-carburant","12":"product_cat-cv92-alimentation-carburant","13":"product_cat-cv120-alimentation-carburant","14":"product_cat-pieces-citroen-2-cv","15":"product_cat-pieces-citroen-ami","16":"product_cat-pieces-citroen-dyane","17":"product_cat-cv231-entretien","18":"product_cat-cv146-quincaillerie-et-divers","19":"product_cat-cv174-quincaillerie-et-divers","20":"product_cat-cv118-quincaillerie-et-divers","21":"product_cat-quincaillerie-et-divers-clipper","22":"product_cat-cv90-quincaillerie-et-divers","23":"product_cat-cv160-quincaillerie-et-divers","24":"product_cat-cv104-quincaillerie-et-divers","25":"product_cat-cv132-quincaillerie-et-divers","26":"product_cat-pieces-vw-coccinelle-type-1","27":"product_cat-pieces-vw-combi-bay-window-type-2","28":"product_cat-pieces-vw-combi-bresilien-split-clipper","29":"product_cat-piece-vw-combi-split-type-2","30":"product_cat-pieces-vw-transporter-t3-type-25-ct-cu","31":"product_tag-filtre-a-essence","32":"product_tag-filtre-a-essence-2cv","33":"product_tag-filtre-a-essence-ami6","34":"product_tag-filtre-a-essence-ami8","35":"product_tag-filtre-a-essence-coccinelle","36":"product_tag-filtre-a-essence-combi","37":"product_tag-filtre-a-essence-combi-bresilien","38":"product_tag-filtre-a-essence-dyane","39":"product_tag-filtre-a-essence-gs","40":"product_tag-filtre-a-essence-t3","41":"product_tag-filtre-a-essence-transporter","43":"first","44":"instock","45":"featured","46":"taxable","47":"shipping-taxable","48":"purchasable","49":"product-type-simple"},"yoast_head":"<!-- This site is optimized with the Yoast SEO plugin v27.4 - https:\/\/yoast.com\/product\/yoast-seo-wordpress\/ -->\n<title>FILTRE ESSENCE PETIT MOD\u00c8LE Q+ - La boutique LRB<\/title>\n<meta name=\"description\" content=\"Ce filtre \u00e0 essence convient \u00e0 tous les moteurs essence ayant une cylindr\u00e9e inf\u00e9rieure ou \u00e9gale \u00e0 1600 cm3.\" \/>\n<meta name=\"robots\" content=\"index, follow, max-snippet:-1, max-image-preview:large, max-video-preview:-1\" \/>\n<link rel=\"canonical\" href=\"https:\/\/les-routes-buissonnieres.fr\/boutik\/produit\/filtre-essence-petit-modele-q\/\" \/>\n<meta property=\"og:locale\" content=\"fr_FR\" \/>\n<meta property=\"og:type\" content=\"article\" \/>\n<meta property=\"og:title\" content=\"FILTRE ESSENCE PETIT MOD\u00c8LE Q+ - La boutique LRB\" \/>\n<meta property=\"og:description\" content=\"Ce filtre \u00e0 essence convient \u00e0 tous les moteurs essence ayant une cylindr\u00e9e inf\u00e9rieure ou \u00e9gale \u00e0 1600 cm3.\" \/>\n<meta property=\"og:url\" content=\"https:\/\/les-routes-buissonnieres.fr\/boutik\/produit\/filtre-essence-petit-modele-q\/\" \/>\n<meta property=\"og:site_name\" content=\"La boutique LRB\" \/>\n<meta property=\"article:modified_time\" content=\"2024-03-08T11:16:41+00:00\" \/>\n<meta property=\"og:image\" content=\"https:\/\/les-routes-buissonnieres.fr\/boutik\/wp-content\/uploads\/2011\/09\/filtre-a-essence-mann-filter-NVWB090-ailettes-et-carbus.jpg\" \/>\n\t<meta property=\"og:image:width\" content=\"600\" \/>\n\t<meta property=\"og:image:height\" content=\"600\" \/>\n\t<meta property=\"og:image:type\" content=\"image\/jpeg\" \/>\n<meta name=\"twitter:card\" content=\"summary_large_image\" \/>\n<meta name=\"twitter:label1\" content=\"Dur\u00e9e de lecture estim\u00e9e\" \/>\n\t<meta name=\"twitter:data1\" content=\"1 minute\" \/>\n<script type=\"application\/ld+json\" class=\"yoast-schema-graph\">{\"@context\":\"https:\\\/\\\/schema.org\",\"@graph\":[{\"@type\":\"WebPage\",\"@id\":\"https:\\\/\\\/les-routes-buissonnieres.fr\\\/boutik\\\/produit\\\/filtre-essence-petit-modele-q\\\/\",\"url\":\"https:\\\/\\\/les-routes-buissonnieres.fr\\\/boutik\\\/produit\\\/filtre-essence-petit-modele-q\\\/\",\"name\":\"FILTRE ESSENCE PETIT MOD\u00c8LE Q+ - La boutique LRB\",\"isPartOf\":{\"@id\":\"https:\\\/\\\/les-routes-buissonnieres.fr\\\/boutik\\\/#website\"},\"primaryImageOfPage\":{\"@id\":\"https:\\\/\\\/les-routes-buissonnieres.fr\\\/boutik\\\/produit\\\/filtre-essence-petit-modele-q\\\/#primaryimage\"},\"image\":{\"@id\":\"https:\\\/\\\/les-routes-buissonnieres.fr\\\/boutik\\\/produit\\\/filtre-essence-petit-modele-q\\\/#primaryimage\"},\"thumbnailUrl\":\"https:\\\/\\\/les-routes-buissonnieres.fr\\\/boutik\\\/wp-content\\\/uploads\\\/2011\\\/09\\\/filtre-a-essence-mann-filter-NVWB090-ailettes-et-carbus.jpg\",\"datePublished\":\"2011-09-27T19:22:13+00:00\",\"dateModified\":\"2024-03-08T11:16:41+00:00\",\"description\":\"Ce filtre \u00e0 essence convient \u00e0 tous les moteurs essence ayant une cylindr\u00e9e inf\u00e9rieure ou \u00e9gale \u00e0 1600 cm3.\",\"breadcrumb\":{\"@id\":\"https:\\\/\\\/les-routes-buissonnieres.fr\\\/boutik\\\/produit\\\/filtre-essence-petit-modele-q\\\/#breadcrumb\"},\"inLanguage\":\"fr-FR\",\"potentialAction\":[{\"@type\":\"ReadAction\",\"target\":[\"https:\\\/\\\/les-routes-buissonnieres.fr\\\/boutik\\\/produit\\\/filtre-essence-petit-modele-q\\\/\"]}]},{\"@type\":\"ImageObject\",\"inLanguage\":\"fr-FR\",\"@id\":\"https:\\\/\\\/les-routes-buissonnieres.fr\\\/boutik\\\/produit\\\/filtre-essence-petit-modele-q\\\/#primaryimage\",\"url\":\"https:\\\/\\\/les-routes-buissonnieres.fr\\\/boutik\\\/wp-content\\\/uploads\\\/2011\\\/09\\\/filtre-a-essence-mann-filter-NVWB090-ailettes-et-carbus.jpg\",\"contentUrl\":\"https:\\\/\\\/les-routes-buissonnieres.fr\\\/boutik\\\/wp-content\\\/uploads\\\/2011\\\/09\\\/filtre-a-essence-mann-filter-NVWB090-ailettes-et-carbus.jpg\",\"width\":600,\"height\":600,\"caption\":\"filtre-a-essence-mann-filter\"},{\"@type\":\"BreadcrumbList\",\"@id\":\"https:\\\/\\\/les-routes-buissonnieres.fr\\\/boutik\\\/produit\\\/filtre-essence-petit-modele-q\\\/#breadcrumb\",\"itemListElement\":[{\"@type\":\"ListItem\",\"position\":1,\"name\":\"Accueil\",\"item\":\"https:\\\/\\\/les-routes-buissonnieres.fr\\\/boutik\\\/\"},{\"@type\":\"ListItem\",\"position\":2,\"name\":\"Boutique\",\"item\":\"https:\\\/\\\/les-routes-buissonnieres.fr\\\/boutik\\\/\"},{\"@type\":\"ListItem\",\"position\":3,\"name\":\"FILTRE ESSENCE PETIT MOD\u00c8LE Q+\"}]},{\"@type\":\"WebSite\",\"@id\":\"https:\\\/\\\/les-routes-buissonnieres.fr\\\/boutik\\\/#website\",\"url\":\"https:\\\/\\\/les-routes-buissonnieres.fr\\\/boutik\\\/\",\"name\":\"La boutique LRB\",\"description\":\"Pi\u00e8ces d\u00e9tach\u00e9es Citro\u00ebn - VW refroidies par air\",\"publisher\":{\"@id\":\"https:\\\/\\\/les-routes-buissonnieres.fr\\\/boutik\\\/#organization\"},\"potentialAction\":[{\"@type\":\"SearchAction\",\"target\":{\"@type\":\"EntryPoint\",\"urlTemplate\":\"https:\\\/\\\/les-routes-buissonnieres.fr\\\/boutik\\\/?s={search_term_string}\"},\"query-input\":{\"@type\":\"PropertyValueSpecification\",\"valueRequired\":true,\"valueName\":\"search_term_string\"}}],\"inLanguage\":\"fr-FR\"},{\"@type\":\"Organization\",\"@id\":\"https:\\\/\\\/les-routes-buissonnieres.fr\\\/boutik\\\/#organization\",\"name\":\"La boutique LRB\",\"url\":\"https:\\\/\\\/les-routes-buissonnieres.fr\\\/boutik\\\/\",\"logo\":{\"@type\":\"ImageObject\",\"inLanguage\":\"fr-FR\",\"@id\":\"https:\\\/\\\/les-routes-buissonnieres.fr\\\/boutik\\\/#\\\/schema\\\/logo\\\/image\\\/\",\"url\":\"https:\\\/\\\/les-routes-buissonnieres.fr\\\/boutik\\\/wp-content\\\/uploads\\\/2023\\\/11\\\/cropped-logo-a-et-c-2023-orange.png\",\"contentUrl\":\"https:\\\/\\\/les-routes-buissonnieres.fr\\\/boutik\\\/wp-content\\\/uploads\\\/2023\\\/11\\\/cropped-logo-a-et-c-2023-orange.png\",\"width\":300,\"height\":176,\"caption\":\"La boutique LRB\"},\"image\":{\"@id\":\"https:\\\/\\\/les-routes-buissonnieres.fr\\\/boutik\\\/#\\\/schema\\\/logo\\\/image\\\/\"}}]}<\/script>\n<!-- \/ Yoast SEO plugin. -->","yoast_head_json":{"title":"FILTRE ESSENCE PETIT MOD\u00c8LE Q+ - La boutique LRB","description":"Ce filtre \u00e0 essence convient \u00e0 tous les moteurs essence ayant une cylindr\u00e9e inf\u00e9rieure ou \u00e9gale \u00e0 1600 cm3.","robots":{"index":"index","follow":"follow","max-snippet":"max-snippet:-1","max-image-preview":"max-image-preview:large","max-video-preview":"max-video-preview:-1"},"canonical":"https:\/\/les-routes-buissonnieres.fr\/boutik\/produit\/filtre-essence-petit-modele-q\/","og_locale":"fr_FR","og_type":"article","og_title":"FILTRE ESSENCE PETIT MOD\u00c8LE Q+ - La boutique LRB","og_description":"Ce filtre \u00e0 essence convient \u00e0 tous les moteurs essence ayant une cylindr\u00e9e inf\u00e9rieure ou \u00e9gale \u00e0 1600 cm3.","og_url":"https:\/\/les-routes-buissonnieres.fr\/boutik\/produit\/filtre-essence-petit-modele-q\/","og_site_name":"La boutique LRB","article_modified_time":"2024-03-08T11:16:41+00:00","og_image":[{"width":600,"height":600,"url":"https:\/\/les-routes-buissonnieres.fr\/boutik\/wp-content\/uploads\/2011\/09\/filtre-a-essence-mann-filter-NVWB090-ailettes-et-carbus.jpg","type":"image\/jpeg"}],"twitter_card":"summary_large_image","twitter_misc":{"Dur\u00e9e de lecture estim\u00e9e":"1 minute"},"schema":{"@context":"https:\/\/schema.org","@graph":[{"@type":"WebPage","@id":"https:\/\/les-routes-buissonnieres.fr\/boutik\/produit\/filtre-essence-petit-modele-q\/","url":"https:\/\/les-routes-buissonnieres.fr\/boutik\/produit\/filtre-essence-petit-modele-q\/","name":"FILTRE ESSENCE PETIT MOD\u00c8LE Q+ - La boutique LRB","isPartOf":{"@id":"https:\/\/les-routes-buissonnieres.fr\/boutik\/#website"},"primaryImageOfPage":{"@id":"https:\/\/les-routes-buissonnieres.fr\/boutik\/produit\/filtre-essence-petit-modele-q\/#primaryimage"},"image":{"@id":"https:\/\/les-routes-buissonnieres.fr\/boutik\/produit\/filtre-essence-petit-modele-q\/#primaryimage"},"thumbnailUrl":"https:\/\/les-routes-buissonnieres.fr\/boutik\/wp-content\/uploads\/2011\/09\/filtre-a-essence-mann-filter-NVWB090-ailettes-et-carbus.jpg","datePublished":"2011-09-27T19:22:13+00:00","dateModified":"2024-03-08T11:16:41+00:00","description":"Ce filtre \u00e0 essence convient \u00e0 tous les moteurs essence ayant une cylindr\u00e9e inf\u00e9rieure ou \u00e9gale \u00e0 1600 cm3.","breadcrumb":{"@id":"https:\/\/les-routes-buissonnieres.fr\/boutik\/produit\/filtre-essence-petit-modele-q\/#breadcrumb"},"inLanguage":"fr-FR","potentialAction":[{"@type":"ReadAction","target":["https:\/\/les-routes-buissonnieres.fr\/boutik\/produit\/filtre-essence-petit-modele-q\/"]}]},{"@type":"ImageObject","inLanguage":"fr-FR","@id":"https:\/\/les-routes-buissonnieres.fr\/boutik\/produit\/filtre-essence-petit-modele-q\/#primaryimage","url":"https:\/\/les-routes-buissonnieres.fr\/boutik\/wp-content\/uploads\/2011\/09\/filtre-a-essence-mann-filter-NVWB090-ailettes-et-carbus.jpg","contentUrl":"https:\/\/les-routes-buissonnieres.fr\/boutik\/wp-content\/uploads\/2011\/09\/filtre-a-essence-mann-filter-NVWB090-ailettes-et-carbus.jpg","width":600,"height":600,"caption":"filtre-a-essence-mann-filter"},{"@type":"BreadcrumbList","@id":"https:\/\/les-routes-buissonnieres.fr\/boutik\/produit\/filtre-essence-petit-modele-q\/#breadcrumb","itemListElement":[{"@type":"ListItem","position":1,"name":"Accueil","item":"https:\/\/les-routes-buissonnieres.fr\/boutik\/"},{"@type":"ListItem","position":2,"name":"Boutique","item":"https:\/\/les-routes-buissonnieres.fr\/boutik\/"},{"@type":"ListItem","position":3,"name":"FILTRE ESSENCE PETIT MOD\u00c8LE Q+"}]},{"@type":"WebSite","@id":"https:\/\/les-routes-buissonnieres.fr\/boutik\/#website","url":"https:\/\/les-routes-buissonnieres.fr\/boutik\/","name":"La boutique LRB","description":"Pi\u00e8ces d\u00e9tach\u00e9es Citro\u00ebn - VW refroidies par air","publisher":{"@id":"https:\/\/les-routes-buissonnieres.fr\/boutik\/#organization"},"potentialAction":[{"@type":"SearchAction","target":{"@type":"EntryPoint","urlTemplate":"https:\/\/les-routes-buissonnieres.fr\/boutik\/?s={search_term_string}"},"query-input":{"@type":"PropertyValueSpecification","valueRequired":true,"valueName":"search_term_string"}}],"inLanguage":"fr-FR"},{"@type":"Organization","@id":"https:\/\/les-routes-buissonnieres.fr\/boutik\/#organization","name":"La boutique LRB","url":"https:\/\/les-routes-buissonnieres.fr\/boutik\/","logo":{"@type":"ImageObject","inLanguage":"fr-FR","@id":"https:\/\/les-routes-buissonnieres.fr\/boutik\/#\/schema\/logo\/image\/","url":"https:\/\/les-routes-buissonnieres.fr\/boutik\/wp-content\/uploads\/2023\/11\/cropped-logo-a-et-c-2023-orange.png","contentUrl":"https:\/\/les-routes-buissonnieres.fr\/boutik\/wp-content\/uploads\/2023\/11\/cropped-logo-a-et-c-2023-orange.png","width":300,"height":176,"caption":"La boutique LRB"},"image":{"@id":"https:\/\/les-routes-buissonnieres.fr\/boutik\/#\/schema\/logo\/image\/"}}]}},"_links":{"self":[{"href":"https:\/\/les-routes-buissonnieres.fr\/boutik\/wp-json\/wp\/v2\/product\/718","targetHints":{"allow":["GET"]}}],"collection":[{"href":"https:\/\/les-routes-buissonnieres.fr\/boutik\/wp-json\/wp\/v2\/product"}],"about":[{"href":"https:\/\/les-routes-buissonnieres.fr\/boutik\/wp-json\/wp\/v2\/types\/product"}],"wp:featuredmedia":[{"embeddable":true,"href":"https:\/\/les-routes-buissonnieres.fr\/boutik\/wp-json\/wp\/v2\/media\/5672"}],"wp:attachment":[{"href":"https:\/\/les-routes-buissonnieres.fr\/boutik\/wp-json\/wp\/v2\/media?parent=718"}],"wp:term":[{"taxonomy":"product_brand","embeddable":true,"href":"https:\/\/les-routes-buissonnieres.fr\/boutik\/wp-json\/wp\/v2\/product_brand?post=718"},{"taxonomy":"product_cat","embeddable":true,"href":"https:\/\/les-routes-buissonnieres.fr\/boutik\/wp-json\/wp\/v2\/product_cat?post=718"},{"taxonomy":"product_tag","embeddable":true,"href":"https:\/\/les-routes-buissonnieres.fr\/boutik\/wp-json\/wp\/v2\/product_tag?post=718"}],"curies":[{"name":"wp","href":"https:\/\/api.w.org\/{rel}","templated":true}]}}