{"id":759,"date":"2011-09-27T21:37:10","date_gmt":"2011-09-27T20:37:10","guid":{"rendered":"http:\/\/ailettes-et-carbus.fr\/?product=doigt-dallumeur-pour-ducellier-bougicord-ou-valeo"},"modified":"2025-01-22T17:20:56","modified_gmt":"2025-01-22T16:20:56","slug":"doigt-allumeur-citroen-ami-gs-gsa-type-ducellier","status":"publish","type":"product","link":"https:\/\/les-routes-buissonnieres.fr\/boutik\/produit\/doigt-allumeur-citroen-ami-gs-gsa-type-ducellier\/","title":{"rendered":"DOIGT ALLUMEUR CITRO\u00cbN AMI GS GSA TYPE DUCELLIER"},"content":{"rendered":"<p>Doigt allumeur Citro\u00ebn Ami GS GSA montage Ducellier.<\/p>\n<p>Doigt de qualit\u00e9 monte d&rsquo;origine pour allumeur type Ducellier.<\/p>\n<p>Convient aux Citro\u00ebn Ami Super, Citro\u00ebn GS, Citro\u00ebn GSA, Citro\u00ebn Axel 11.<\/p>\n<p>V\u00e9rifiez bien votre doigt avant de commander. R\u00e9f\u00e9rence d&rsquo;origine Citro\u00ebn 7901593722<\/p>\n<p>Se monte \u00e9galement sur Renault 5, 9, 11, 14 etc&#8230; R\u00e9f\u00e9rence d&rsquo;origine Renault 7701027870<\/p>\n<p>Se monte sur Peugeot 104, et Talbot Samba R\u00e9f\u00e9rence d&rsquo;origine 593733<\/p>\n<p>&nbsp;<\/p>\n","protected":false},"excerpt":{"rendered":"<p>Doigt allumeur Citro\u00ebn Ami GS GSA montage Ducellier. Qualit\u00e9 monte d&rsquo;origine.<\/p>\n","protected":false},"featured_media":758,"template":"","meta":[],"product_brand":[],"product_cat":[126,2151,580,32,1989],"product_tag":[1458,1463,343,238,1470,240,241,1466],"class_list":{"0":"post-759","1":"product","2":"type-product","3":"status-publish","4":"has-post-thumbnail","6":"product_cat-cv161-allumage","7":"product_cat-allumage-gs-gsa","8":"product_cat-bonnes-affaires","9":"product_cat-pieces-citroen-ami","10":"product_cat-citroen-gs-a","11":"product_tag-allumage","12":"product_tag-allumeur","13":"product_tag-ami-super","14":"product_tag-citroen","15":"product_tag-doigt-dallumeur","16":"product_tag-gs","17":"product_tag-gsa","18":"product_tag-type-ducellier","20":"first","21":"instock","22":"sale","23":"featured","24":"taxable","25":"shipping-taxable","26":"purchasable","27":"product-type-simple"},"yoast_head":"<!-- This site is optimized with the Yoast SEO plugin v27.4 - https:\/\/yoast.com\/product\/yoast-seo-wordpress\/ -->\n<title>DOIGT ALLUMEUR CITRO\u00cbN AMI GS GSA TYPE DUCELLIER - La boutique LRB<\/title>\n<meta name=\"robots\" content=\"index, follow, max-snippet:-1, max-image-preview:large, max-video-preview:-1\" \/>\n<link rel=\"canonical\" href=\"https:\/\/les-routes-buissonnieres.fr\/boutik\/produit\/doigt-allumeur-citroen-ami-gs-gsa-type-ducellier\/\" \/>\n<meta property=\"og:locale\" content=\"fr_FR\" \/>\n<meta property=\"og:type\" content=\"article\" \/>\n<meta property=\"og:title\" content=\"DOIGT ALLUMEUR CITRO\u00cbN AMI GS GSA TYPE DUCELLIER - La boutique LRB\" \/>\n<meta property=\"og:description\" content=\"Doigt allumeur Citro\u00ebn Ami GS GSA montage Ducellier. Qualit\u00e9 monte d&#039;origine.\" \/>\n<meta property=\"og:url\" content=\"https:\/\/les-routes-buissonnieres.fr\/boutik\/produit\/doigt-allumeur-citroen-ami-gs-gsa-type-ducellier\/\" \/>\n<meta property=\"og:site_name\" content=\"La boutique LRB\" \/>\n<meta property=\"article:modified_time\" content=\"2025-01-22T16:20:56+00:00\" \/>\n<meta property=\"og:image\" content=\"https:\/\/les-routes-buissonnieres.fr\/boutik\/wp-content\/uploads\/2011\/09\/DOIGT_D_ALLUMEUR_4e824206ce412.jpg\" \/>\n\t<meta property=\"og:image:width\" content=\"640\" \/>\n\t<meta property=\"og:image:height\" content=\"480\" \/>\n\t<meta property=\"og:image:type\" content=\"image\/jpeg\" \/>\n<meta name=\"twitter:card\" content=\"summary_large_image\" \/>\n<meta name=\"twitter:label1\" content=\"Dur\u00e9e de lecture estim\u00e9e\" \/>\n\t<meta name=\"twitter:data1\" content=\"1 minute\" \/>\n<script type=\"application\/ld+json\" class=\"yoast-schema-graph\">{\"@context\":\"https:\\\/\\\/schema.org\",\"@graph\":[{\"@type\":\"WebPage\",\"@id\":\"https:\\\/\\\/les-routes-buissonnieres.fr\\\/boutik\\\/produit\\\/doigt-allumeur-citroen-ami-gs-gsa-type-ducellier\\\/\",\"url\":\"https:\\\/\\\/les-routes-buissonnieres.fr\\\/boutik\\\/produit\\\/doigt-allumeur-citroen-ami-gs-gsa-type-ducellier\\\/\",\"name\":\"DOIGT ALLUMEUR CITRO\u00cbN AMI GS GSA TYPE DUCELLIER - La boutique LRB\",\"isPartOf\":{\"@id\":\"https:\\\/\\\/les-routes-buissonnieres.fr\\\/boutik\\\/#website\"},\"primaryImageOfPage\":{\"@id\":\"https:\\\/\\\/les-routes-buissonnieres.fr\\\/boutik\\\/produit\\\/doigt-allumeur-citroen-ami-gs-gsa-type-ducellier\\\/#primaryimage\"},\"image\":{\"@id\":\"https:\\\/\\\/les-routes-buissonnieres.fr\\\/boutik\\\/produit\\\/doigt-allumeur-citroen-ami-gs-gsa-type-ducellier\\\/#primaryimage\"},\"thumbnailUrl\":\"https:\\\/\\\/les-routes-buissonnieres.fr\\\/boutik\\\/wp-content\\\/uploads\\\/2011\\\/09\\\/DOIGT_D_ALLUMEUR_4e824206ce412.jpg\",\"datePublished\":\"2011-09-27T20:37:10+00:00\",\"dateModified\":\"2025-01-22T16:20:56+00:00\",\"breadcrumb\":{\"@id\":\"https:\\\/\\\/les-routes-buissonnieres.fr\\\/boutik\\\/produit\\\/doigt-allumeur-citroen-ami-gs-gsa-type-ducellier\\\/#breadcrumb\"},\"inLanguage\":\"fr-FR\",\"potentialAction\":[{\"@type\":\"ReadAction\",\"target\":[\"https:\\\/\\\/les-routes-buissonnieres.fr\\\/boutik\\\/produit\\\/doigt-allumeur-citroen-ami-gs-gsa-type-ducellier\\\/\"]}]},{\"@type\":\"ImageObject\",\"inLanguage\":\"fr-FR\",\"@id\":\"https:\\\/\\\/les-routes-buissonnieres.fr\\\/boutik\\\/produit\\\/doigt-allumeur-citroen-ami-gs-gsa-type-ducellier\\\/#primaryimage\",\"url\":\"https:\\\/\\\/les-routes-buissonnieres.fr\\\/boutik\\\/wp-content\\\/uploads\\\/2011\\\/09\\\/DOIGT_D_ALLUMEUR_4e824206ce412.jpg\",\"contentUrl\":\"https:\\\/\\\/les-routes-buissonnieres.fr\\\/boutik\\\/wp-content\\\/uploads\\\/2011\\\/09\\\/DOIGT_D_ALLUMEUR_4e824206ce412.jpg\",\"width\":640,\"height\":480},{\"@type\":\"BreadcrumbList\",\"@id\":\"https:\\\/\\\/les-routes-buissonnieres.fr\\\/boutik\\\/produit\\\/doigt-allumeur-citroen-ami-gs-gsa-type-ducellier\\\/#breadcrumb\",\"itemListElement\":[{\"@type\":\"ListItem\",\"position\":1,\"name\":\"Accueil\",\"item\":\"https:\\\/\\\/les-routes-buissonnieres.fr\\\/boutik\\\/\"},{\"@type\":\"ListItem\",\"position\":2,\"name\":\"Boutique\",\"item\":\"https:\\\/\\\/les-routes-buissonnieres.fr\\\/boutik\\\/\"},{\"@type\":\"ListItem\",\"position\":3,\"name\":\"DOIGT ALLUMEUR CITRO\u00cbN AMI GS GSA TYPE DUCELLIER\"}]},{\"@type\":\"WebSite\",\"@id\":\"https:\\\/\\\/les-routes-buissonnieres.fr\\\/boutik\\\/#website\",\"url\":\"https:\\\/\\\/les-routes-buissonnieres.fr\\\/boutik\\\/\",\"name\":\"La boutique LRB\",\"description\":\"Pi\u00e8ces d\u00e9tach\u00e9es Citro\u00ebn - VW refroidies par air\",\"publisher\":{\"@id\":\"https:\\\/\\\/les-routes-buissonnieres.fr\\\/boutik\\\/#organization\"},\"potentialAction\":[{\"@type\":\"SearchAction\",\"target\":{\"@type\":\"EntryPoint\",\"urlTemplate\":\"https:\\\/\\\/les-routes-buissonnieres.fr\\\/boutik\\\/?s={search_term_string}\"},\"query-input\":{\"@type\":\"PropertyValueSpecification\",\"valueRequired\":true,\"valueName\":\"search_term_string\"}}],\"inLanguage\":\"fr-FR\"},{\"@type\":\"Organization\",\"@id\":\"https:\\\/\\\/les-routes-buissonnieres.fr\\\/boutik\\\/#organization\",\"name\":\"La boutique LRB\",\"url\":\"https:\\\/\\\/les-routes-buissonnieres.fr\\\/boutik\\\/\",\"logo\":{\"@type\":\"ImageObject\",\"inLanguage\":\"fr-FR\",\"@id\":\"https:\\\/\\\/les-routes-buissonnieres.fr\\\/boutik\\\/#\\\/schema\\\/logo\\\/image\\\/\",\"url\":\"https:\\\/\\\/les-routes-buissonnieres.fr\\\/boutik\\\/wp-content\\\/uploads\\\/2023\\\/11\\\/cropped-logo-a-et-c-2023-orange.png\",\"contentUrl\":\"https:\\\/\\\/les-routes-buissonnieres.fr\\\/boutik\\\/wp-content\\\/uploads\\\/2023\\\/11\\\/cropped-logo-a-et-c-2023-orange.png\",\"width\":300,\"height\":176,\"caption\":\"La boutique LRB\"},\"image\":{\"@id\":\"https:\\\/\\\/les-routes-buissonnieres.fr\\\/boutik\\\/#\\\/schema\\\/logo\\\/image\\\/\"}}]}<\/script>\n<!-- \/ Yoast SEO plugin. -->","yoast_head_json":{"title":"DOIGT ALLUMEUR CITRO\u00cbN AMI GS GSA TYPE DUCELLIER - La boutique LRB","robots":{"index":"index","follow":"follow","max-snippet":"max-snippet:-1","max-image-preview":"max-image-preview:large","max-video-preview":"max-video-preview:-1"},"canonical":"https:\/\/les-routes-buissonnieres.fr\/boutik\/produit\/doigt-allumeur-citroen-ami-gs-gsa-type-ducellier\/","og_locale":"fr_FR","og_type":"article","og_title":"DOIGT ALLUMEUR CITRO\u00cbN AMI GS GSA TYPE DUCELLIER - La boutique LRB","og_description":"Doigt allumeur Citro\u00ebn Ami GS GSA montage Ducellier. Qualit\u00e9 monte d'origine.","og_url":"https:\/\/les-routes-buissonnieres.fr\/boutik\/produit\/doigt-allumeur-citroen-ami-gs-gsa-type-ducellier\/","og_site_name":"La boutique LRB","article_modified_time":"2025-01-22T16:20:56+00:00","og_image":[{"width":640,"height":480,"url":"https:\/\/les-routes-buissonnieres.fr\/boutik\/wp-content\/uploads\/2011\/09\/DOIGT_D_ALLUMEUR_4e824206ce412.jpg","type":"image\/jpeg"}],"twitter_card":"summary_large_image","twitter_misc":{"Dur\u00e9e de lecture estim\u00e9e":"1 minute"},"schema":{"@context":"https:\/\/schema.org","@graph":[{"@type":"WebPage","@id":"https:\/\/les-routes-buissonnieres.fr\/boutik\/produit\/doigt-allumeur-citroen-ami-gs-gsa-type-ducellier\/","url":"https:\/\/les-routes-buissonnieres.fr\/boutik\/produit\/doigt-allumeur-citroen-ami-gs-gsa-type-ducellier\/","name":"DOIGT ALLUMEUR CITRO\u00cbN AMI GS GSA TYPE DUCELLIER - La boutique LRB","isPartOf":{"@id":"https:\/\/les-routes-buissonnieres.fr\/boutik\/#website"},"primaryImageOfPage":{"@id":"https:\/\/les-routes-buissonnieres.fr\/boutik\/produit\/doigt-allumeur-citroen-ami-gs-gsa-type-ducellier\/#primaryimage"},"image":{"@id":"https:\/\/les-routes-buissonnieres.fr\/boutik\/produit\/doigt-allumeur-citroen-ami-gs-gsa-type-ducellier\/#primaryimage"},"thumbnailUrl":"https:\/\/les-routes-buissonnieres.fr\/boutik\/wp-content\/uploads\/2011\/09\/DOIGT_D_ALLUMEUR_4e824206ce412.jpg","datePublished":"2011-09-27T20:37:10+00:00","dateModified":"2025-01-22T16:20:56+00:00","breadcrumb":{"@id":"https:\/\/les-routes-buissonnieres.fr\/boutik\/produit\/doigt-allumeur-citroen-ami-gs-gsa-type-ducellier\/#breadcrumb"},"inLanguage":"fr-FR","potentialAction":[{"@type":"ReadAction","target":["https:\/\/les-routes-buissonnieres.fr\/boutik\/produit\/doigt-allumeur-citroen-ami-gs-gsa-type-ducellier\/"]}]},{"@type":"ImageObject","inLanguage":"fr-FR","@id":"https:\/\/les-routes-buissonnieres.fr\/boutik\/produit\/doigt-allumeur-citroen-ami-gs-gsa-type-ducellier\/#primaryimage","url":"https:\/\/les-routes-buissonnieres.fr\/boutik\/wp-content\/uploads\/2011\/09\/DOIGT_D_ALLUMEUR_4e824206ce412.jpg","contentUrl":"https:\/\/les-routes-buissonnieres.fr\/boutik\/wp-content\/uploads\/2011\/09\/DOIGT_D_ALLUMEUR_4e824206ce412.jpg","width":640,"height":480},{"@type":"BreadcrumbList","@id":"https:\/\/les-routes-buissonnieres.fr\/boutik\/produit\/doigt-allumeur-citroen-ami-gs-gsa-type-ducellier\/#breadcrumb","itemListElement":[{"@type":"ListItem","position":1,"name":"Accueil","item":"https:\/\/les-routes-buissonnieres.fr\/boutik\/"},{"@type":"ListItem","position":2,"name":"Boutique","item":"https:\/\/les-routes-buissonnieres.fr\/boutik\/"},{"@type":"ListItem","position":3,"name":"DOIGT ALLUMEUR CITRO\u00cbN AMI GS GSA TYPE DUCELLIER"}]},{"@type":"WebSite","@id":"https:\/\/les-routes-buissonnieres.fr\/boutik\/#website","url":"https:\/\/les-routes-buissonnieres.fr\/boutik\/","name":"La boutique LRB","description":"Pi\u00e8ces d\u00e9tach\u00e9es Citro\u00ebn - VW refroidies par air","publisher":{"@id":"https:\/\/les-routes-buissonnieres.fr\/boutik\/#organization"},"potentialAction":[{"@type":"SearchAction","target":{"@type":"EntryPoint","urlTemplate":"https:\/\/les-routes-buissonnieres.fr\/boutik\/?s={search_term_string}"},"query-input":{"@type":"PropertyValueSpecification","valueRequired":true,"valueName":"search_term_string"}}],"inLanguage":"fr-FR"},{"@type":"Organization","@id":"https:\/\/les-routes-buissonnieres.fr\/boutik\/#organization","name":"La boutique LRB","url":"https:\/\/les-routes-buissonnieres.fr\/boutik\/","logo":{"@type":"ImageObject","inLanguage":"fr-FR","@id":"https:\/\/les-routes-buissonnieres.fr\/boutik\/#\/schema\/logo\/image\/","url":"https:\/\/les-routes-buissonnieres.fr\/boutik\/wp-content\/uploads\/2023\/11\/cropped-logo-a-et-c-2023-orange.png","contentUrl":"https:\/\/les-routes-buissonnieres.fr\/boutik\/wp-content\/uploads\/2023\/11\/cropped-logo-a-et-c-2023-orange.png","width":300,"height":176,"caption":"La boutique LRB"},"image":{"@id":"https:\/\/les-routes-buissonnieres.fr\/boutik\/#\/schema\/logo\/image\/"}}]}},"_links":{"self":[{"href":"https:\/\/les-routes-buissonnieres.fr\/boutik\/wp-json\/wp\/v2\/product\/759","targetHints":{"allow":["GET"]}}],"collection":[{"href":"https:\/\/les-routes-buissonnieres.fr\/boutik\/wp-json\/wp\/v2\/product"}],"about":[{"href":"https:\/\/les-routes-buissonnieres.fr\/boutik\/wp-json\/wp\/v2\/types\/product"}],"wp:featuredmedia":[{"embeddable":true,"href":"https:\/\/les-routes-buissonnieres.fr\/boutik\/wp-json\/wp\/v2\/media\/758"}],"wp:attachment":[{"href":"https:\/\/les-routes-buissonnieres.fr\/boutik\/wp-json\/wp\/v2\/media?parent=759"}],"wp:term":[{"taxonomy":"product_brand","embeddable":true,"href":"https:\/\/les-routes-buissonnieres.fr\/boutik\/wp-json\/wp\/v2\/product_brand?post=759"},{"taxonomy":"product_cat","embeddable":true,"href":"https:\/\/les-routes-buissonnieres.fr\/boutik\/wp-json\/wp\/v2\/product_cat?post=759"},{"taxonomy":"product_tag","embeddable":true,"href":"https:\/\/les-routes-buissonnieres.fr\/boutik\/wp-json\/wp\/v2\/product_tag?post=759"}],"curies":[{"name":"wp","href":"https:\/\/api.w.org\/{rel}","templated":true}]}}