{"id":826,"date":"2011-10-10T15:08:21","date_gmt":"2011-10-10T14:08:21","guid":{"rendered":"http:\/\/ailettes-et-carbus.fr\/?product=joint-de-cache-culbuteurs-type-4-haute-qualite"},"modified":"2020-05-05T11:36:32","modified_gmt":"2020-05-05T10:36:32","slug":"joint-cache-culbuteurs-combi-t3-type4-q","status":"publish","type":"product","link":"https:\/\/les-routes-buissonnieres.fr\/boutik\/produit\/joint-cache-culbuteurs-combi-t3-type4-q\/","title":{"rendered":"JOINT CACHE CULBUTEURS COMBI T3 TYPE4 Q+"},"content":{"rendered":"<p>Joint de cache culbuteurs pour moteur Type 4, 1700, 1800 et 2000cc.<br \/>\nBesoin de 2 par moteur.<\/p>\n<p>&nbsp;<\/p>\n<p>Qualit\u00e9 sup\u00e9rieure. Convient aux combi bay window et aux T25\/T3<\/p>\n","protected":false},"excerpt":{"rendered":"<p>Joint de cache culbuteurs pour moteur Type 4, 1700, 1800 et 2000cc. Besoin de 2 par moteur. &nbsp; Qualit\u00e9 sup\u00e9rieure. Convient aux combi bay window et aux T25\/T3<\/p>\n","protected":false},"featured_media":825,"template":"","meta":[],"product_brand":[],"product_cat":[68,48,26,28],"product_tag":[834,837,831,287,582,224,850,220,232,940,832,223],"class_list":{"0":"post-826","1":"product","2":"type-product","3":"status-publish","4":"has-post-thumbnail","6":"product_cat-cv109-moteur-autres-pieces-de-rechange","7":"product_cat-cv123-moteur-autres-pieces-de-rechange","8":"product_cat-pieces-vw-combi-bay-window-type-2","9":"product_cat-pieces-vw-transporter-t3-type-25-ct-cu","10":"product_tag-834","11":"product_tag-837","12":"product_tag-2l","13":"product_tag-2lcu","14":"product_tag-aircooled","15":"product_tag-bay-window","16":"product_tag-cache-culbuteurs","17":"product_tag-combi","18":"product_tag-t3","19":"product_tag-tranporter","20":"product_tag-type4","21":"product_tag-vw","23":"first","24":"instock","25":"featured","26":"taxable","27":"shipping-taxable","28":"purchasable","29":"product-type-simple"},"yoast_head":"<!-- This site is optimized with the Yoast SEO plugin v27.4 - https:\/\/yoast.com\/product\/yoast-seo-wordpress\/ -->\n<title>JOINT CACHE CULBUTEURS COMBI T3 TYPE4 Q+ - La boutique LRB<\/title>\n<meta name=\"robots\" content=\"index, follow, max-snippet:-1, max-image-preview:large, max-video-preview:-1\" \/>\n<link rel=\"canonical\" href=\"https:\/\/les-routes-buissonnieres.fr\/boutik\/produit\/joint-cache-culbuteurs-combi-t3-type4-q\/\" \/>\n<meta property=\"og:locale\" content=\"fr_FR\" \/>\n<meta property=\"og:type\" content=\"article\" \/>\n<meta property=\"og:title\" content=\"JOINT CACHE CULBUTEURS COMBI T3 TYPE4 Q+ - La boutique LRB\" \/>\n<meta property=\"og:description\" content=\"Joint de cache culbuteurs pour moteur Type 4, 1700, 1800 et 2000cc. Besoin de 2 par moteur. &nbsp; Qualit\u00e9 sup\u00e9rieure. Convient aux combi bay window et aux T25\/T3\" \/>\n<meta property=\"og:url\" content=\"https:\/\/les-routes-buissonnieres.fr\/boutik\/produit\/joint-cache-culbuteurs-combi-t3-type4-q\/\" \/>\n<meta property=\"og:site_name\" content=\"La boutique LRB\" \/>\n<meta property=\"article:modified_time\" content=\"2020-05-05T10:36:32+00:00\" \/>\n<meta property=\"og:image\" content=\"https:\/\/les-routes-buissonnieres.fr\/boutik\/wp-content\/uploads\/2011\/10\/JOINT_DE_CACHE_C_4e930a65c625b.jpg\" \/>\n\t<meta property=\"og:image:width\" content=\"640\" \/>\n\t<meta property=\"og:image:height\" content=\"298\" \/>\n\t<meta property=\"og:image:type\" content=\"image\/jpeg\" \/>\n<meta name=\"twitter:card\" content=\"summary_large_image\" \/>\n<script type=\"application\/ld+json\" class=\"yoast-schema-graph\">{\"@context\":\"https:\\\/\\\/schema.org\",\"@graph\":[{\"@type\":\"WebPage\",\"@id\":\"https:\\\/\\\/les-routes-buissonnieres.fr\\\/boutik\\\/produit\\\/joint-cache-culbuteurs-combi-t3-type4-q\\\/\",\"url\":\"https:\\\/\\\/les-routes-buissonnieres.fr\\\/boutik\\\/produit\\\/joint-cache-culbuteurs-combi-t3-type4-q\\\/\",\"name\":\"JOINT CACHE CULBUTEURS COMBI T3 TYPE4 Q+ - La boutique LRB\",\"isPartOf\":{\"@id\":\"https:\\\/\\\/les-routes-buissonnieres.fr\\\/boutik\\\/#website\"},\"primaryImageOfPage\":{\"@id\":\"https:\\\/\\\/les-routes-buissonnieres.fr\\\/boutik\\\/produit\\\/joint-cache-culbuteurs-combi-t3-type4-q\\\/#primaryimage\"},\"image\":{\"@id\":\"https:\\\/\\\/les-routes-buissonnieres.fr\\\/boutik\\\/produit\\\/joint-cache-culbuteurs-combi-t3-type4-q\\\/#primaryimage\"},\"thumbnailUrl\":\"https:\\\/\\\/les-routes-buissonnieres.fr\\\/boutik\\\/wp-content\\\/uploads\\\/2011\\\/10\\\/JOINT_DE_CACHE_C_4e930a65c625b.jpg\",\"datePublished\":\"2011-10-10T14:08:21+00:00\",\"dateModified\":\"2020-05-05T10:36:32+00:00\",\"breadcrumb\":{\"@id\":\"https:\\\/\\\/les-routes-buissonnieres.fr\\\/boutik\\\/produit\\\/joint-cache-culbuteurs-combi-t3-type4-q\\\/#breadcrumb\"},\"inLanguage\":\"fr-FR\",\"potentialAction\":[{\"@type\":\"ReadAction\",\"target\":[\"https:\\\/\\\/les-routes-buissonnieres.fr\\\/boutik\\\/produit\\\/joint-cache-culbuteurs-combi-t3-type4-q\\\/\"]}]},{\"@type\":\"ImageObject\",\"inLanguage\":\"fr-FR\",\"@id\":\"https:\\\/\\\/les-routes-buissonnieres.fr\\\/boutik\\\/produit\\\/joint-cache-culbuteurs-combi-t3-type4-q\\\/#primaryimage\",\"url\":\"https:\\\/\\\/les-routes-buissonnieres.fr\\\/boutik\\\/wp-content\\\/uploads\\\/2011\\\/10\\\/JOINT_DE_CACHE_C_4e930a65c625b.jpg\",\"contentUrl\":\"https:\\\/\\\/les-routes-buissonnieres.fr\\\/boutik\\\/wp-content\\\/uploads\\\/2011\\\/10\\\/JOINT_DE_CACHE_C_4e930a65c625b.jpg\",\"width\":640,\"height\":298},{\"@type\":\"BreadcrumbList\",\"@id\":\"https:\\\/\\\/les-routes-buissonnieres.fr\\\/boutik\\\/produit\\\/joint-cache-culbuteurs-combi-t3-type4-q\\\/#breadcrumb\",\"itemListElement\":[{\"@type\":\"ListItem\",\"position\":1,\"name\":\"Accueil\",\"item\":\"https:\\\/\\\/les-routes-buissonnieres.fr\\\/boutik\\\/\"},{\"@type\":\"ListItem\",\"position\":2,\"name\":\"Boutique\",\"item\":\"https:\\\/\\\/les-routes-buissonnieres.fr\\\/boutik\\\/\"},{\"@type\":\"ListItem\",\"position\":3,\"name\":\"JOINT CACHE CULBUTEURS COMBI T3 TYPE4 Q+\"}]},{\"@type\":\"WebSite\",\"@id\":\"https:\\\/\\\/les-routes-buissonnieres.fr\\\/boutik\\\/#website\",\"url\":\"https:\\\/\\\/les-routes-buissonnieres.fr\\\/boutik\\\/\",\"name\":\"La boutique LRB\",\"description\":\"Pi\u00e8ces d\u00e9tach\u00e9es Citro\u00ebn - VW refroidies par air\",\"publisher\":{\"@id\":\"https:\\\/\\\/les-routes-buissonnieres.fr\\\/boutik\\\/#organization\"},\"potentialAction\":[{\"@type\":\"SearchAction\",\"target\":{\"@type\":\"EntryPoint\",\"urlTemplate\":\"https:\\\/\\\/les-routes-buissonnieres.fr\\\/boutik\\\/?s={search_term_string}\"},\"query-input\":{\"@type\":\"PropertyValueSpecification\",\"valueRequired\":true,\"valueName\":\"search_term_string\"}}],\"inLanguage\":\"fr-FR\"},{\"@type\":\"Organization\",\"@id\":\"https:\\\/\\\/les-routes-buissonnieres.fr\\\/boutik\\\/#organization\",\"name\":\"La boutique LRB\",\"url\":\"https:\\\/\\\/les-routes-buissonnieres.fr\\\/boutik\\\/\",\"logo\":{\"@type\":\"ImageObject\",\"inLanguage\":\"fr-FR\",\"@id\":\"https:\\\/\\\/les-routes-buissonnieres.fr\\\/boutik\\\/#\\\/schema\\\/logo\\\/image\\\/\",\"url\":\"https:\\\/\\\/les-routes-buissonnieres.fr\\\/boutik\\\/wp-content\\\/uploads\\\/2023\\\/11\\\/cropped-logo-a-et-c-2023-orange.png\",\"contentUrl\":\"https:\\\/\\\/les-routes-buissonnieres.fr\\\/boutik\\\/wp-content\\\/uploads\\\/2023\\\/11\\\/cropped-logo-a-et-c-2023-orange.png\",\"width\":300,\"height\":176,\"caption\":\"La boutique LRB\"},\"image\":{\"@id\":\"https:\\\/\\\/les-routes-buissonnieres.fr\\\/boutik\\\/#\\\/schema\\\/logo\\\/image\\\/\"}}]}<\/script>\n<!-- \/ Yoast SEO plugin. -->","yoast_head_json":{"title":"JOINT CACHE CULBUTEURS COMBI T3 TYPE4 Q+ - La boutique LRB","robots":{"index":"index","follow":"follow","max-snippet":"max-snippet:-1","max-image-preview":"max-image-preview:large","max-video-preview":"max-video-preview:-1"},"canonical":"https:\/\/les-routes-buissonnieres.fr\/boutik\/produit\/joint-cache-culbuteurs-combi-t3-type4-q\/","og_locale":"fr_FR","og_type":"article","og_title":"JOINT CACHE CULBUTEURS COMBI T3 TYPE4 Q+ - La boutique LRB","og_description":"Joint de cache culbuteurs pour moteur Type 4, 1700, 1800 et 2000cc. Besoin de 2 par moteur. &nbsp; Qualit\u00e9 sup\u00e9rieure. Convient aux combi bay window et aux T25\/T3","og_url":"https:\/\/les-routes-buissonnieres.fr\/boutik\/produit\/joint-cache-culbuteurs-combi-t3-type4-q\/","og_site_name":"La boutique LRB","article_modified_time":"2020-05-05T10:36:32+00:00","og_image":[{"width":640,"height":298,"url":"https:\/\/les-routes-buissonnieres.fr\/boutik\/wp-content\/uploads\/2011\/10\/JOINT_DE_CACHE_C_4e930a65c625b.jpg","type":"image\/jpeg"}],"twitter_card":"summary_large_image","schema":{"@context":"https:\/\/schema.org","@graph":[{"@type":"WebPage","@id":"https:\/\/les-routes-buissonnieres.fr\/boutik\/produit\/joint-cache-culbuteurs-combi-t3-type4-q\/","url":"https:\/\/les-routes-buissonnieres.fr\/boutik\/produit\/joint-cache-culbuteurs-combi-t3-type4-q\/","name":"JOINT CACHE CULBUTEURS COMBI T3 TYPE4 Q+ - La boutique LRB","isPartOf":{"@id":"https:\/\/les-routes-buissonnieres.fr\/boutik\/#website"},"primaryImageOfPage":{"@id":"https:\/\/les-routes-buissonnieres.fr\/boutik\/produit\/joint-cache-culbuteurs-combi-t3-type4-q\/#primaryimage"},"image":{"@id":"https:\/\/les-routes-buissonnieres.fr\/boutik\/produit\/joint-cache-culbuteurs-combi-t3-type4-q\/#primaryimage"},"thumbnailUrl":"https:\/\/les-routes-buissonnieres.fr\/boutik\/wp-content\/uploads\/2011\/10\/JOINT_DE_CACHE_C_4e930a65c625b.jpg","datePublished":"2011-10-10T14:08:21+00:00","dateModified":"2020-05-05T10:36:32+00:00","breadcrumb":{"@id":"https:\/\/les-routes-buissonnieres.fr\/boutik\/produit\/joint-cache-culbuteurs-combi-t3-type4-q\/#breadcrumb"},"inLanguage":"fr-FR","potentialAction":[{"@type":"ReadAction","target":["https:\/\/les-routes-buissonnieres.fr\/boutik\/produit\/joint-cache-culbuteurs-combi-t3-type4-q\/"]}]},{"@type":"ImageObject","inLanguage":"fr-FR","@id":"https:\/\/les-routes-buissonnieres.fr\/boutik\/produit\/joint-cache-culbuteurs-combi-t3-type4-q\/#primaryimage","url":"https:\/\/les-routes-buissonnieres.fr\/boutik\/wp-content\/uploads\/2011\/10\/JOINT_DE_CACHE_C_4e930a65c625b.jpg","contentUrl":"https:\/\/les-routes-buissonnieres.fr\/boutik\/wp-content\/uploads\/2011\/10\/JOINT_DE_CACHE_C_4e930a65c625b.jpg","width":640,"height":298},{"@type":"BreadcrumbList","@id":"https:\/\/les-routes-buissonnieres.fr\/boutik\/produit\/joint-cache-culbuteurs-combi-t3-type4-q\/#breadcrumb","itemListElement":[{"@type":"ListItem","position":1,"name":"Accueil","item":"https:\/\/les-routes-buissonnieres.fr\/boutik\/"},{"@type":"ListItem","position":2,"name":"Boutique","item":"https:\/\/les-routes-buissonnieres.fr\/boutik\/"},{"@type":"ListItem","position":3,"name":"JOINT CACHE CULBUTEURS COMBI T3 TYPE4 Q+"}]},{"@type":"WebSite","@id":"https:\/\/les-routes-buissonnieres.fr\/boutik\/#website","url":"https:\/\/les-routes-buissonnieres.fr\/boutik\/","name":"La boutique LRB","description":"Pi\u00e8ces d\u00e9tach\u00e9es Citro\u00ebn - VW refroidies par air","publisher":{"@id":"https:\/\/les-routes-buissonnieres.fr\/boutik\/#organization"},"potentialAction":[{"@type":"SearchAction","target":{"@type":"EntryPoint","urlTemplate":"https:\/\/les-routes-buissonnieres.fr\/boutik\/?s={search_term_string}"},"query-input":{"@type":"PropertyValueSpecification","valueRequired":true,"valueName":"search_term_string"}}],"inLanguage":"fr-FR"},{"@type":"Organization","@id":"https:\/\/les-routes-buissonnieres.fr\/boutik\/#organization","name":"La boutique LRB","url":"https:\/\/les-routes-buissonnieres.fr\/boutik\/","logo":{"@type":"ImageObject","inLanguage":"fr-FR","@id":"https:\/\/les-routes-buissonnieres.fr\/boutik\/#\/schema\/logo\/image\/","url":"https:\/\/les-routes-buissonnieres.fr\/boutik\/wp-content\/uploads\/2023\/11\/cropped-logo-a-et-c-2023-orange.png","contentUrl":"https:\/\/les-routes-buissonnieres.fr\/boutik\/wp-content\/uploads\/2023\/11\/cropped-logo-a-et-c-2023-orange.png","width":300,"height":176,"caption":"La boutique LRB"},"image":{"@id":"https:\/\/les-routes-buissonnieres.fr\/boutik\/#\/schema\/logo\/image\/"}}]}},"_links":{"self":[{"href":"https:\/\/les-routes-buissonnieres.fr\/boutik\/wp-json\/wp\/v2\/product\/826","targetHints":{"allow":["GET"]}}],"collection":[{"href":"https:\/\/les-routes-buissonnieres.fr\/boutik\/wp-json\/wp\/v2\/product"}],"about":[{"href":"https:\/\/les-routes-buissonnieres.fr\/boutik\/wp-json\/wp\/v2\/types\/product"}],"wp:featuredmedia":[{"embeddable":true,"href":"https:\/\/les-routes-buissonnieres.fr\/boutik\/wp-json\/wp\/v2\/media\/825"}],"wp:attachment":[{"href":"https:\/\/les-routes-buissonnieres.fr\/boutik\/wp-json\/wp\/v2\/media?parent=826"}],"wp:term":[{"taxonomy":"product_brand","embeddable":true,"href":"https:\/\/les-routes-buissonnieres.fr\/boutik\/wp-json\/wp\/v2\/product_brand?post=826"},{"taxonomy":"product_cat","embeddable":true,"href":"https:\/\/les-routes-buissonnieres.fr\/boutik\/wp-json\/wp\/v2\/product_cat?post=826"},{"taxonomy":"product_tag","embeddable":true,"href":"https:\/\/les-routes-buissonnieres.fr\/boutik\/wp-json\/wp\/v2\/product_tag?post=826"}],"curies":[{"name":"wp","href":"https:\/\/api.w.org\/{rel}","templated":true}]}}