{"id":832,"date":"2025-03-17T10:14:00","date_gmt":"2025-03-17T09:14:00","guid":{"rendered":"http:\/\/ailettes-et-carbus.fr\/?product=bobine-dallumage-12v-beru"},"modified":"2025-03-17T11:08:11","modified_gmt":"2025-03-17T10:08:11","slug":"bobine-allumage-12v-cox-combi-t3","status":"publish","type":"product","link":"https:\/\/les-routes-buissonnieres.fr\/boutik\/produit\/bobine-allumage-12v-cox-combi-t3\/","title":{"rendered":"BOBINE ALLUMAGE 12V COX COMBI T3 NGK Q+"},"content":{"rendered":"<p>Bobine allumage 12v cox combi T3 NGK Q+<\/p>\n<p>l&rsquo;approvisionnement en bobine d&rsquo;allumage de bonne qualit\u00e9 est de plus en plus probl\u00e9matique. Suite \u00e0 l&rsquo;arr\u00eat de fabrication chez de nombreux \u00e9quipementiers, nous avons \u00e9t\u00e9 dans l&rsquo;obligation de rechercher un produit pr\u00e9sentant le meilleur rapport qualit\u00e9-prix.<\/p>\n<p>Apr\u00e8s de nombreux essais, notre choix s&rsquo;est arr\u00eat\u00e9 sur cette bobine NGK haute performance 3.2 ohms.<\/p>\n<p>C&rsquo;est finalement la m\u00eame bobine qui la Beru ZS563 ( m\u00eame fabrication, m\u00eame usine).<\/p>\n<p>Elle convient \u00e0 tous les mod\u00e8les de v\u00e9hicules en 12 Volts \u00e9quip\u00e9s d&rsquo;une bobine et d&rsquo;un syst\u00e8me d&rsquo;allumage de type classique (rupteurs et condensateur) et \u00e9galement aux allumeurs \u00e9quip\u00e9s de nos kits de modules \u00e9lectronique et aux allumeurs (123 ignition).<\/p>\n<p>Elle ne convient pas aux allumages \u00e9lectroniques des Transporter 3 except\u00e9s les mod\u00e8les injection refroidis par air \u00e0 allumage classique.<\/p>\n<p>Bobine \u00e0 bain d&rsquo;huile. Corps en alu.<\/p>\n<p>Bon rapport qualit\u00e9 prix.<\/p>\n<p>&nbsp;<\/p>\n<p>Convient aux VW coccinelle, combi split, bay window et <a href=\"http:\/\/t3zone.com\" target=\"_blank\" rel=\"noopener noreferrer\">Transporter <\/a>T3 injection \u00e0 allumage \u00e0 rupteurs. Convient \u00e9galement aux citro\u00ebn Ami Super et GS, Panhard Dyan Z, PL17 et 24.<\/p>\n<p>&nbsp;<\/p>\n<p>&nbsp;<\/p>\n<p>&nbsp;<\/p>\n","protected":false},"excerpt":{"rendered":"<p>Bobine allumage 12v cox combi T3 NGK Q+. 3.2 ohms.<\/p>\n","protected":false},"featured_media":64312,"template":"","meta":[],"product_brand":[],"product_cat":[64,43,73,42,25,26,27,28],"product_tag":[1458,1463,221,224,1946,1482,761,220,1478,239,232,235,229,353,223],"class_list":{"0":"post-832","1":"product","2":"type-product","3":"status-publish","4":"has-post-thumbnail","6":"product_cat-cv105-allumage","7":"product_cat-cv20-allumage","8":"product_cat-cv91-allumage","9":"product_cat-cv119-allumage","10":"product_cat-pieces-vw-coccinelle-type-1","11":"product_cat-pieces-vw-combi-bay-window-type-2","12":"product_cat-piece-vw-combi-split-type-2","13":"product_cat-pieces-vw-transporter-t3-type-25-ct-cu","14":"product_tag-allumage","15":"product_tag-allumeur","16":"product_tag-bay","17":"product_tag-bay-window","18":"product_tag-bobine-12v","19":"product_tag-bobine-dallumage","20":"product_tag-citroen-gs","21":"product_tag-combi","22":"product_tag-ngk","23":"product_tag-panhard","24":"product_tag-t3","25":"product_tag-transporter","26":"product_tag-type-2","27":"product_tag-volkswagen","28":"product_tag-vw","30":"first","31":"instock","32":"featured","33":"taxable","34":"shipping-taxable","35":"purchasable","36":"product-type-simple"},"yoast_head":"<!-- This site is optimized with the Yoast SEO plugin v27.4 - https:\/\/yoast.com\/product\/yoast-seo-wordpress\/ -->\n<title>BOBINE ALLUMAGE 12V COX COMBI T3 NGK Q+ - La boutique LRB<\/title>\n<meta name=\"description\" content=\"Bobine allumage 12V Bosch. Excellente qualit\u00e9 de fabrication. convient pour tous mod\u00e8les v\u00e9hicules 12V avec bobine et syst\u00e8me d&#039;allumage de type classique\" \/>\n<meta name=\"robots\" content=\"index, follow, max-snippet:-1, max-image-preview:large, max-video-preview:-1\" \/>\n<link rel=\"canonical\" href=\"https:\/\/les-routes-buissonnieres.fr\/boutik\/produit\/bobine-allumage-12v-cox-combi-t3\/\" \/>\n<meta property=\"og:locale\" content=\"fr_FR\" \/>\n<meta property=\"og:type\" content=\"article\" \/>\n<meta property=\"og:title\" content=\"BOBINE ALLUMAGE 12V COX COMBI T3 NGK Q+ - La boutique LRB\" \/>\n<meta property=\"og:description\" content=\"Bobine allumage 12V Bosch. Excellente qualit\u00e9 de fabrication. convient pour tous mod\u00e8les v\u00e9hicules 12V avec bobine et syst\u00e8me d&#039;allumage de type classique\" \/>\n<meta property=\"og:url\" content=\"https:\/\/les-routes-buissonnieres.fr\/boutik\/produit\/bobine-allumage-12v-cox-combi-t3\/\" \/>\n<meta property=\"og:site_name\" content=\"La boutique LRB\" \/>\n<meta property=\"article:modified_time\" content=\"2025-03-17T10:08:11+00:00\" \/>\n<meta property=\"og:image\" content=\"https:\/\/les-routes-buissonnieres.fr\/boutik\/wp-content\/uploads\/2011\/10\/bobinengk.jpg\" \/>\n\t<meta property=\"og:image:width\" content=\"500\" \/>\n\t<meta property=\"og:image:height\" content=\"500\" \/>\n\t<meta property=\"og:image:type\" content=\"image\/jpeg\" \/>\n<meta name=\"twitter:card\" content=\"summary_large_image\" \/>\n<meta name=\"twitter:label1\" content=\"Dur\u00e9e de lecture estim\u00e9e\" \/>\n\t<meta name=\"twitter:data1\" content=\"2 minutes\" \/>\n<script type=\"application\/ld+json\" class=\"yoast-schema-graph\">{\"@context\":\"https:\\\/\\\/schema.org\",\"@graph\":[{\"@type\":\"WebPage\",\"@id\":\"https:\\\/\\\/les-routes-buissonnieres.fr\\\/boutik\\\/produit\\\/bobine-allumage-12v-cox-combi-t3\\\/\",\"url\":\"https:\\\/\\\/les-routes-buissonnieres.fr\\\/boutik\\\/produit\\\/bobine-allumage-12v-cox-combi-t3\\\/\",\"name\":\"BOBINE ALLUMAGE 12V COX COMBI T3 NGK Q+ - La boutique LRB\",\"isPartOf\":{\"@id\":\"https:\\\/\\\/les-routes-buissonnieres.fr\\\/boutik\\\/#website\"},\"primaryImageOfPage\":{\"@id\":\"https:\\\/\\\/les-routes-buissonnieres.fr\\\/boutik\\\/produit\\\/bobine-allumage-12v-cox-combi-t3\\\/#primaryimage\"},\"image\":{\"@id\":\"https:\\\/\\\/les-routes-buissonnieres.fr\\\/boutik\\\/produit\\\/bobine-allumage-12v-cox-combi-t3\\\/#primaryimage\"},\"thumbnailUrl\":\"https:\\\/\\\/les-routes-buissonnieres.fr\\\/boutik\\\/wp-content\\\/uploads\\\/2011\\\/10\\\/bobinengk.jpg\",\"datePublished\":\"2025-03-17T09:14:00+00:00\",\"dateModified\":\"2025-03-17T10:08:11+00:00\",\"description\":\"Bobine allumage 12V Bosch. Excellente qualit\u00e9 de fabrication. convient pour tous mod\u00e8les v\u00e9hicules 12V avec bobine et syst\u00e8me d'allumage de type classique\",\"breadcrumb\":{\"@id\":\"https:\\\/\\\/les-routes-buissonnieres.fr\\\/boutik\\\/produit\\\/bobine-allumage-12v-cox-combi-t3\\\/#breadcrumb\"},\"inLanguage\":\"fr-FR\",\"potentialAction\":[{\"@type\":\"ReadAction\",\"target\":[\"https:\\\/\\\/les-routes-buissonnieres.fr\\\/boutik\\\/produit\\\/bobine-allumage-12v-cox-combi-t3\\\/\"]}]},{\"@type\":\"ImageObject\",\"inLanguage\":\"fr-FR\",\"@id\":\"https:\\\/\\\/les-routes-buissonnieres.fr\\\/boutik\\\/produit\\\/bobine-allumage-12v-cox-combi-t3\\\/#primaryimage\",\"url\":\"https:\\\/\\\/les-routes-buissonnieres.fr\\\/boutik\\\/wp-content\\\/uploads\\\/2011\\\/10\\\/bobinengk.jpg\",\"contentUrl\":\"https:\\\/\\\/les-routes-buissonnieres.fr\\\/boutik\\\/wp-content\\\/uploads\\\/2011\\\/10\\\/bobinengk.jpg\",\"width\":500,\"height\":500},{\"@type\":\"BreadcrumbList\",\"@id\":\"https:\\\/\\\/les-routes-buissonnieres.fr\\\/boutik\\\/produit\\\/bobine-allumage-12v-cox-combi-t3\\\/#breadcrumb\",\"itemListElement\":[{\"@type\":\"ListItem\",\"position\":1,\"name\":\"Accueil\",\"item\":\"https:\\\/\\\/les-routes-buissonnieres.fr\\\/boutik\\\/\"},{\"@type\":\"ListItem\",\"position\":2,\"name\":\"Boutique\",\"item\":\"https:\\\/\\\/les-routes-buissonnieres.fr\\\/boutik\\\/\"},{\"@type\":\"ListItem\",\"position\":3,\"name\":\"BOBINE ALLUMAGE 12V COX COMBI T3 NGK Q+\"}]},{\"@type\":\"WebSite\",\"@id\":\"https:\\\/\\\/les-routes-buissonnieres.fr\\\/boutik\\\/#website\",\"url\":\"https:\\\/\\\/les-routes-buissonnieres.fr\\\/boutik\\\/\",\"name\":\"La boutique LRB\",\"description\":\"Pi\u00e8ces d\u00e9tach\u00e9es Citro\u00ebn - VW refroidies par air\",\"publisher\":{\"@id\":\"https:\\\/\\\/les-routes-buissonnieres.fr\\\/boutik\\\/#organization\"},\"potentialAction\":[{\"@type\":\"SearchAction\",\"target\":{\"@type\":\"EntryPoint\",\"urlTemplate\":\"https:\\\/\\\/les-routes-buissonnieres.fr\\\/boutik\\\/?s={search_term_string}\"},\"query-input\":{\"@type\":\"PropertyValueSpecification\",\"valueRequired\":true,\"valueName\":\"search_term_string\"}}],\"inLanguage\":\"fr-FR\"},{\"@type\":\"Organization\",\"@id\":\"https:\\\/\\\/les-routes-buissonnieres.fr\\\/boutik\\\/#organization\",\"name\":\"La boutique LRB\",\"url\":\"https:\\\/\\\/les-routes-buissonnieres.fr\\\/boutik\\\/\",\"logo\":{\"@type\":\"ImageObject\",\"inLanguage\":\"fr-FR\",\"@id\":\"https:\\\/\\\/les-routes-buissonnieres.fr\\\/boutik\\\/#\\\/schema\\\/logo\\\/image\\\/\",\"url\":\"https:\\\/\\\/les-routes-buissonnieres.fr\\\/boutik\\\/wp-content\\\/uploads\\\/2023\\\/11\\\/cropped-logo-a-et-c-2023-orange.png\",\"contentUrl\":\"https:\\\/\\\/les-routes-buissonnieres.fr\\\/boutik\\\/wp-content\\\/uploads\\\/2023\\\/11\\\/cropped-logo-a-et-c-2023-orange.png\",\"width\":300,\"height\":176,\"caption\":\"La boutique LRB\"},\"image\":{\"@id\":\"https:\\\/\\\/les-routes-buissonnieres.fr\\\/boutik\\\/#\\\/schema\\\/logo\\\/image\\\/\"}}]}<\/script>\n<!-- \/ Yoast SEO plugin. -->","yoast_head_json":{"title":"BOBINE ALLUMAGE 12V COX COMBI T3 NGK Q+ - La boutique LRB","description":"Bobine allumage 12V Bosch. Excellente qualit\u00e9 de fabrication. convient pour tous mod\u00e8les v\u00e9hicules 12V avec bobine et syst\u00e8me d'allumage de type classique","robots":{"index":"index","follow":"follow","max-snippet":"max-snippet:-1","max-image-preview":"max-image-preview:large","max-video-preview":"max-video-preview:-1"},"canonical":"https:\/\/les-routes-buissonnieres.fr\/boutik\/produit\/bobine-allumage-12v-cox-combi-t3\/","og_locale":"fr_FR","og_type":"article","og_title":"BOBINE ALLUMAGE 12V COX COMBI T3 NGK Q+ - La boutique LRB","og_description":"Bobine allumage 12V Bosch. Excellente qualit\u00e9 de fabrication. convient pour tous mod\u00e8les v\u00e9hicules 12V avec bobine et syst\u00e8me d'allumage de type classique","og_url":"https:\/\/les-routes-buissonnieres.fr\/boutik\/produit\/bobine-allumage-12v-cox-combi-t3\/","og_site_name":"La boutique LRB","article_modified_time":"2025-03-17T10:08:11+00:00","og_image":[{"width":500,"height":500,"url":"https:\/\/les-routes-buissonnieres.fr\/boutik\/wp-content\/uploads\/2011\/10\/bobinengk.jpg","type":"image\/jpeg"}],"twitter_card":"summary_large_image","twitter_misc":{"Dur\u00e9e de lecture estim\u00e9e":"2 minutes"},"schema":{"@context":"https:\/\/schema.org","@graph":[{"@type":"WebPage","@id":"https:\/\/les-routes-buissonnieres.fr\/boutik\/produit\/bobine-allumage-12v-cox-combi-t3\/","url":"https:\/\/les-routes-buissonnieres.fr\/boutik\/produit\/bobine-allumage-12v-cox-combi-t3\/","name":"BOBINE ALLUMAGE 12V COX COMBI T3 NGK Q+ - La boutique LRB","isPartOf":{"@id":"https:\/\/les-routes-buissonnieres.fr\/boutik\/#website"},"primaryImageOfPage":{"@id":"https:\/\/les-routes-buissonnieres.fr\/boutik\/produit\/bobine-allumage-12v-cox-combi-t3\/#primaryimage"},"image":{"@id":"https:\/\/les-routes-buissonnieres.fr\/boutik\/produit\/bobine-allumage-12v-cox-combi-t3\/#primaryimage"},"thumbnailUrl":"https:\/\/les-routes-buissonnieres.fr\/boutik\/wp-content\/uploads\/2011\/10\/bobinengk.jpg","datePublished":"2025-03-17T09:14:00+00:00","dateModified":"2025-03-17T10:08:11+00:00","description":"Bobine allumage 12V Bosch. Excellente qualit\u00e9 de fabrication. convient pour tous mod\u00e8les v\u00e9hicules 12V avec bobine et syst\u00e8me d'allumage de type classique","breadcrumb":{"@id":"https:\/\/les-routes-buissonnieres.fr\/boutik\/produit\/bobine-allumage-12v-cox-combi-t3\/#breadcrumb"},"inLanguage":"fr-FR","potentialAction":[{"@type":"ReadAction","target":["https:\/\/les-routes-buissonnieres.fr\/boutik\/produit\/bobine-allumage-12v-cox-combi-t3\/"]}]},{"@type":"ImageObject","inLanguage":"fr-FR","@id":"https:\/\/les-routes-buissonnieres.fr\/boutik\/produit\/bobine-allumage-12v-cox-combi-t3\/#primaryimage","url":"https:\/\/les-routes-buissonnieres.fr\/boutik\/wp-content\/uploads\/2011\/10\/bobinengk.jpg","contentUrl":"https:\/\/les-routes-buissonnieres.fr\/boutik\/wp-content\/uploads\/2011\/10\/bobinengk.jpg","width":500,"height":500},{"@type":"BreadcrumbList","@id":"https:\/\/les-routes-buissonnieres.fr\/boutik\/produit\/bobine-allumage-12v-cox-combi-t3\/#breadcrumb","itemListElement":[{"@type":"ListItem","position":1,"name":"Accueil","item":"https:\/\/les-routes-buissonnieres.fr\/boutik\/"},{"@type":"ListItem","position":2,"name":"Boutique","item":"https:\/\/les-routes-buissonnieres.fr\/boutik\/"},{"@type":"ListItem","position":3,"name":"BOBINE ALLUMAGE 12V COX COMBI T3 NGK Q+"}]},{"@type":"WebSite","@id":"https:\/\/les-routes-buissonnieres.fr\/boutik\/#website","url":"https:\/\/les-routes-buissonnieres.fr\/boutik\/","name":"La boutique LRB","description":"Pi\u00e8ces d\u00e9tach\u00e9es Citro\u00ebn - VW refroidies par air","publisher":{"@id":"https:\/\/les-routes-buissonnieres.fr\/boutik\/#organization"},"potentialAction":[{"@type":"SearchAction","target":{"@type":"EntryPoint","urlTemplate":"https:\/\/les-routes-buissonnieres.fr\/boutik\/?s={search_term_string}"},"query-input":{"@type":"PropertyValueSpecification","valueRequired":true,"valueName":"search_term_string"}}],"inLanguage":"fr-FR"},{"@type":"Organization","@id":"https:\/\/les-routes-buissonnieres.fr\/boutik\/#organization","name":"La boutique LRB","url":"https:\/\/les-routes-buissonnieres.fr\/boutik\/","logo":{"@type":"ImageObject","inLanguage":"fr-FR","@id":"https:\/\/les-routes-buissonnieres.fr\/boutik\/#\/schema\/logo\/image\/","url":"https:\/\/les-routes-buissonnieres.fr\/boutik\/wp-content\/uploads\/2023\/11\/cropped-logo-a-et-c-2023-orange.png","contentUrl":"https:\/\/les-routes-buissonnieres.fr\/boutik\/wp-content\/uploads\/2023\/11\/cropped-logo-a-et-c-2023-orange.png","width":300,"height":176,"caption":"La boutique LRB"},"image":{"@id":"https:\/\/les-routes-buissonnieres.fr\/boutik\/#\/schema\/logo\/image\/"}}]}},"_links":{"self":[{"href":"https:\/\/les-routes-buissonnieres.fr\/boutik\/wp-json\/wp\/v2\/product\/832","targetHints":{"allow":["GET"]}}],"collection":[{"href":"https:\/\/les-routes-buissonnieres.fr\/boutik\/wp-json\/wp\/v2\/product"}],"about":[{"href":"https:\/\/les-routes-buissonnieres.fr\/boutik\/wp-json\/wp\/v2\/types\/product"}],"wp:featuredmedia":[{"embeddable":true,"href":"https:\/\/les-routes-buissonnieres.fr\/boutik\/wp-json\/wp\/v2\/media\/64312"}],"wp:attachment":[{"href":"https:\/\/les-routes-buissonnieres.fr\/boutik\/wp-json\/wp\/v2\/media?parent=832"}],"wp:term":[{"taxonomy":"product_brand","embeddable":true,"href":"https:\/\/les-routes-buissonnieres.fr\/boutik\/wp-json\/wp\/v2\/product_brand?post=832"},{"taxonomy":"product_cat","embeddable":true,"href":"https:\/\/les-routes-buissonnieres.fr\/boutik\/wp-json\/wp\/v2\/product_cat?post=832"},{"taxonomy":"product_tag","embeddable":true,"href":"https:\/\/les-routes-buissonnieres.fr\/boutik\/wp-json\/wp\/v2\/product_tag?post=832"}],"curies":[{"name":"wp","href":"https:\/\/api.w.org\/{rel}","templated":true}]}}